{"id":7389,"date":"2024-12-11T14:41:15","date_gmt":"2024-12-11T13:41:15","guid":{"rendered":"https:\/\/lions-pharmacy.com\/?post_type=product&#038;p=7389"},"modified":"2025-01-24T19:19:09","modified_gmt":"2025-01-24T18:19:09","slug":"calmvalera-hevert-drops-200ml-06560438","status":"publish","type":"product","link":"https:\/\/loewentestneu.metafex.io\/fr\/produit\/calmvalera-hevert-drops-200ml-06560438","title":{"rendered":"Calmvalera Hevert gouttes (200ml)"},"content":{"rendered":"<h3>Gouttes de Calmvalera Hevert<\/h3>\n<p>Calmvalera Hevert gouttes un m\u00e9dicament hom\u00e9opathique pour les troubles nerveux du sommeil et l&#8217;agitation, ainsi que les troubles de l&#8217;humeur. Gouttes de Calmvalera Hevert<\/p>\n<p>La sant\u00e9 est le plus grand bien de l\u2019homme. Hevert se consacre donc \u00e0 la naturopathie et au d\u00e9veloppement de m\u00e9dicaments naturels depuis plus de 60 ans et est l\u2019un des principaux fabricants allemands de m\u00e9dicaments hom\u00e9opathiques et \u00e0 base de plantes ainsi que de pr\u00e9parations de micronutriments.<\/p>\n<p>Notice \/ mode d\u2019emploi\/fiche technique de l\u2019article: &#8211; (Lecteur PDF)<\/p>\n<p>Autres produits pour l\u2019application: <a href=\"https:\/\/loewentestneu.metafex.io\/product-tag\/vitamins-supplements\">Vitamines &amp; suppl\u00e9ments Produits<\/a><\/p>\n<p>En savoir plus sur manufactorer et ce produit : <a href=\"https:\/\/hevert.com\/de\/en\/products#filter=%7B%7D\" target=\"_blank\" rel=\"noopener\">Hevert<\/a> (lien vers un site externe)<\/p>\n<p>Les informations contenues dans ce site web sont fournies \u00e0 titre informatif uniquement. Ils ne remplacent en aucun cas l&#8217;examen et le traitement par un m\u00e9decin. Veuillez noter que cela signifie qu&#8217;aucun diagnostic ne peut \u00eatre \u00e9tabli et qu&#8217;aucune th\u00e9rapie ne peut \u00eatre mise en place.<\/p>\n<p>Pour conna\u00eetre les risques et les effets secondaires, lisez la notice et demandez conseil \u00e0 votre m\u00e9decin ou \u00e0 votre pharmacien.<\/p>\n","protected":false},"excerpt":{"rendered":"<h2>Gouttes de Calmvalera Hevert<\/h2>\n<p>M\u00e9dicament hom\u00e9opathique pour les troubles nerveux du sommeil et l&#8217;agitation, ainsi que les troubles de l&#8217;humeur.<\/p>\n<p>&nbsp;<\/p>\n<p>PZN : 06560438<\/p>\n<p>Forme posologique: comprim\u00e9s<\/p>\n<p>Type de prescription : sans ordonnance<\/p>\n<p>Marque:-<\/p>\n<p>Fabricant&nbsp;: Hevert Arzneimittel GmbH, Allemagne<\/p>\n<p>Taille de l&#8217;emballage : 200 ml<\/p>\n","protected":false},"featured_media":7394,"comment_status":"closed","ping_status":"closed","template":"","meta":[],"product_brand":[],"product_cat":[577,120,114],"product_tag":[297,511,306,315,309,264],"class_list":{"0":"post-7389","1":"product","2":"type-product","3":"status-publish","4":"has-post-thumbnail","6":"product_cat-hevert","7":"product_cat-sale-fr","8":"product_cat-non-classifiee","9":"product_tag-concentration-stress-fr","10":"product_tag-corona-et-defense-immunitaire","11":"product_tag-homeopathie","12":"product_tag-oubli","13":"product_tag-vente-mensuelle","14":"product_tag-vitamines-et-supplements","15":"ts_product_brand-all-fr","16":"ts_product_brand-hevert-fr","18":"first","19":"instock","20":"sale","21":"taxable","22":"shipping-taxable","23":"purchasable","24":"product-type-simple"},"yoast_head":"<!-- This site is optimized with the Yoast SEO plugin v26.5 - https:\/\/yoast.com\/wordpress\/plugins\/seo\/ -->\n<title>Calmvalera Hevert gouttes (200ml) &#187; Lion Pharmacy &#187; En savoir plus<\/title>\n<meta name=\"description\" content=\"Pharmacie en ligne allemande enregistr\u00e9e. Nous offrons\u00a0: Exp\u00e9dition internationale rapide. Produit fabriqu\u00e9 par Hevert : Calmvalera Hevert gouttes (200ml)\" \/>\n<meta name=\"robots\" content=\"noindex, follow, max-snippet:-1, max-image-preview:large, max-video-preview:-1\" \/>\n<meta property=\"og:locale\" content=\"fr_FR\" \/>\n<meta property=\"og:type\" content=\"article\" \/>\n<meta property=\"og:title\" content=\"Calmvalera Hevert gouttes (200ml) &#187; Lion Pharmacy &#187; En savoir plus\" \/>\n<meta property=\"og:description\" content=\"Pharmacie en ligne allemande enregistr\u00e9e. Nous offrons\u00a0: Exp\u00e9dition internationale rapide. Produit fabriqu\u00e9 par Hevert : Calmvalera Hevert gouttes (200ml)\" \/>\n<meta property=\"og:url\" content=\"https:\/\/loewentestneu.metafex.io\/fr\/produit\/calmvalera-hevert-drops-200ml-06560438\" \/>\n<meta property=\"og:site_name\" content=\"Lion Pharmacy\" \/>\n<meta property=\"article:modified_time\" content=\"2025-01-24T18:19:09+00:00\" \/>\n<meta property=\"og:image\" content=\"https:\/\/loewentestneu.metafex.io\/wp-content\/uploads\/2024\/12\/Calmvalera-Tropfen-200-ml-PZN-06560438-Loewenapotheke24.webp\" \/>\n\t<meta property=\"og:image:width\" content=\"600\" \/>\n\t<meta property=\"og:image:height\" content=\"600\" \/>\n\t<meta property=\"og:image:type\" content=\"image\/webp\" \/>\n<meta name=\"twitter:card\" content=\"summary_large_image\" \/>\n<meta name=\"twitter:label1\" content=\"Dur\u00e9e de lecture estim\u00e9e\" \/>\n\t<meta name=\"twitter:data1\" content=\"1 minute\" \/>\n<script type=\"application\/ld+json\" class=\"yoast-schema-graph\">{\"@context\":\"https:\/\/schema.org\",\"@graph\":[{\"@type\":\"WebPage\",\"@id\":\"https:\/\/loewentestneu.metafex.io\/fr\/produit\/calmvalera-hevert-drops-200ml-06560438\",\"url\":\"https:\/\/loewentestneu.metafex.io\/fr\/produit\/calmvalera-hevert-drops-200ml-06560438\",\"name\":\"Calmvalera Hevert gouttes (200ml) &#187; Lion Pharmacy &#187; En savoir plus\",\"isPartOf\":{\"@id\":\"https:\/\/loewentestneu.metafex.io\/fr#website\"},\"primaryImageOfPage\":{\"@id\":\"https:\/\/loewentestneu.metafex.io\/fr\/produit\/calmvalera-hevert-drops-200ml-06560438#primaryimage\"},\"image\":{\"@id\":\"https:\/\/loewentestneu.metafex.io\/fr\/produit\/calmvalera-hevert-drops-200ml-06560438#primaryimage\"},\"thumbnailUrl\":\"https:\/\/loewentestneu.metafex.io\/wp-content\/uploads\/2024\/12\/Calmvalera-Tropfen-200-ml-PZN-06560438-Loewenapotheke24.webp\",\"datePublished\":\"2024-12-11T13:41:15+00:00\",\"dateModified\":\"2025-01-24T18:19:09+00:00\",\"description\":\"Pharmacie en ligne allemande enregistr\u00e9e. Nous offrons\u00a0: Exp\u00e9dition internationale rapide. Produit fabriqu\u00e9 par Hevert : Calmvalera Hevert gouttes (200ml)\",\"breadcrumb\":{\"@id\":\"https:\/\/loewentestneu.metafex.io\/fr\/produit\/calmvalera-hevert-drops-200ml-06560438#breadcrumb\"},\"inLanguage\":\"fr-FR\",\"potentialAction\":[{\"@type\":\"ReadAction\",\"target\":[\"https:\/\/loewentestneu.metafex.io\/fr\/produit\/calmvalera-hevert-drops-200ml-06560438\"]}]},{\"@type\":\"ImageObject\",\"inLanguage\":\"fr-FR\",\"@id\":\"https:\/\/loewentestneu.metafex.io\/fr\/produit\/calmvalera-hevert-drops-200ml-06560438#primaryimage\",\"url\":\"https:\/\/loewentestneu.metafex.io\/wp-content\/uploads\/2024\/12\/Calmvalera-Tropfen-200-ml-PZN-06560438-Loewenapotheke24.webp\",\"contentUrl\":\"https:\/\/loewentestneu.metafex.io\/wp-content\/uploads\/2024\/12\/Calmvalera-Tropfen-200-ml-PZN-06560438-Loewenapotheke24.webp\",\"width\":600,\"height\":600,\"caption\":\"L'image montre Calmvalera Drops 200 ml. PZN 06560438. Pharmacie Lions\"},{\"@type\":\"BreadcrumbList\",\"@id\":\"https:\/\/loewentestneu.metafex.io\/fr\/produit\/calmvalera-hevert-drops-200ml-06560438#breadcrumb\",\"itemListElement\":[{\"@type\":\"ListItem\",\"position\":1,\"name\":\"Home\",\"item\":\"https:\/\/loewentestneu.metafex.io\/fr\/homepage-lion-pharmacy\"},{\"@type\":\"ListItem\",\"position\":2,\"name\":\"Shop\",\"item\":\"https:\/\/loewentestneu.metafex.io\/fr\/boutique\"},{\"@type\":\"ListItem\",\"position\":3,\"name\":\"Calmvalera Hevert gouttes (200ml)\"}]},{\"@type\":\"WebSite\",\"@id\":\"https:\/\/loewentestneu.metafex.io\/fr#website\",\"url\":\"https:\/\/loewentestneu.metafex.io\/fr\",\"name\":\"Lions Pharmacy\",\"description\":\"Pharmacie sp\u00e9cialis\u00e9e en naturopathie de Baden-Baden, Allemagne\",\"publisher\":{\"@id\":\"https:\/\/loewentestneu.metafex.io\/fr#organization\"},\"alternateName\":\"Lion Pharmacy\",\"potentialAction\":[{\"@type\":\"SearchAction\",\"target\":{\"@type\":\"EntryPoint\",\"urlTemplate\":\"https:\/\/loewentestneu.metafex.io\/fr?s={search_term_string}\"},\"query-input\":{\"@type\":\"PropertyValueSpecification\",\"valueRequired\":true,\"valueName\":\"search_term_string\"}}],\"inLanguage\":\"fr-FR\"},{\"@type\":\"Organization\",\"@id\":\"https:\/\/loewentestneu.metafex.io\/fr#organization\",\"name\":\"Lions Pharmacy\",\"alternateName\":\"Lions Pharmacy24\",\"url\":\"https:\/\/loewentestneu.metafex.io\/fr\",\"logo\":{\"@type\":\"ImageObject\",\"inLanguage\":\"fr-FR\",\"@id\":\"https:\/\/loewentestneu.metafex.io\/fr#\/schema\/logo\/image\/\",\"url\":\"https:\/\/loewentestneu.metafex.io\/wp-content\/uploads\/2022\/12\/Logo-Lion-Pharmacy-c-o-Loewen-Apotheke-smal.jpg\",\"contentUrl\":\"https:\/\/loewentestneu.metafex.io\/wp-content\/uploads\/2022\/12\/Logo-Lion-Pharmacy-c-o-Loewen-Apotheke-smal.jpg\",\"width\":298,\"height\":99,\"caption\":\"Lions Pharmacy\"},\"image\":{\"@id\":\"https:\/\/loewentestneu.metafex.io\/fr#\/schema\/logo\/image\/\"}}]}<\/script>\n<!-- \/ Yoast SEO plugin. -->","yoast_head_json":{"title":"Calmvalera Hevert gouttes (200ml) &#187; Lion Pharmacy &#187; En savoir plus","description":"Pharmacie en ligne allemande enregistr\u00e9e. Nous offrons\u00a0: Exp\u00e9dition internationale rapide. Produit fabriqu\u00e9 par Hevert : Calmvalera Hevert gouttes (200ml)","robots":{"index":"noindex","follow":"follow","max-snippet":"max-snippet:-1","max-image-preview":"max-image-preview:large","max-video-preview":"max-video-preview:-1"},"og_locale":"fr_FR","og_type":"article","og_title":"Calmvalera Hevert gouttes (200ml) &#187; Lion Pharmacy &#187; En savoir plus","og_description":"Pharmacie en ligne allemande enregistr\u00e9e. Nous offrons\u00a0: Exp\u00e9dition internationale rapide. Produit fabriqu\u00e9 par Hevert : Calmvalera Hevert gouttes (200ml)","og_url":"https:\/\/loewentestneu.metafex.io\/fr\/produit\/calmvalera-hevert-drops-200ml-06560438","og_site_name":"Lion Pharmacy","article_modified_time":"2025-01-24T18:19:09+00:00","og_image":[{"width":600,"height":600,"url":"https:\/\/loewentestneu.metafex.io\/wp-content\/uploads\/2024\/12\/Calmvalera-Tropfen-200-ml-PZN-06560438-Loewenapotheke24.webp","type":"image\/webp"}],"twitter_card":"summary_large_image","twitter_misc":{"Dur\u00e9e de lecture estim\u00e9e":"1 minute"},"schema":{"@context":"https:\/\/schema.org","@graph":[{"@type":"WebPage","@id":"https:\/\/loewentestneu.metafex.io\/fr\/produit\/calmvalera-hevert-drops-200ml-06560438","url":"https:\/\/loewentestneu.metafex.io\/fr\/produit\/calmvalera-hevert-drops-200ml-06560438","name":"Calmvalera Hevert gouttes (200ml) &#187; Lion Pharmacy &#187; En savoir plus","isPartOf":{"@id":"https:\/\/loewentestneu.metafex.io\/fr#website"},"primaryImageOfPage":{"@id":"https:\/\/loewentestneu.metafex.io\/fr\/produit\/calmvalera-hevert-drops-200ml-06560438#primaryimage"},"image":{"@id":"https:\/\/loewentestneu.metafex.io\/fr\/produit\/calmvalera-hevert-drops-200ml-06560438#primaryimage"},"thumbnailUrl":"https:\/\/loewentestneu.metafex.io\/wp-content\/uploads\/2024\/12\/Calmvalera-Tropfen-200-ml-PZN-06560438-Loewenapotheke24.webp","datePublished":"2024-12-11T13:41:15+00:00","dateModified":"2025-01-24T18:19:09+00:00","description":"Pharmacie en ligne allemande enregistr\u00e9e. Nous offrons\u00a0: Exp\u00e9dition internationale rapide. Produit fabriqu\u00e9 par Hevert : Calmvalera Hevert gouttes (200ml)","breadcrumb":{"@id":"https:\/\/loewentestneu.metafex.io\/fr\/produit\/calmvalera-hevert-drops-200ml-06560438#breadcrumb"},"inLanguage":"fr-FR","potentialAction":[{"@type":"ReadAction","target":["https:\/\/loewentestneu.metafex.io\/fr\/produit\/calmvalera-hevert-drops-200ml-06560438"]}]},{"@type":"ImageObject","inLanguage":"fr-FR","@id":"https:\/\/loewentestneu.metafex.io\/fr\/produit\/calmvalera-hevert-drops-200ml-06560438#primaryimage","url":"https:\/\/loewentestneu.metafex.io\/wp-content\/uploads\/2024\/12\/Calmvalera-Tropfen-200-ml-PZN-06560438-Loewenapotheke24.webp","contentUrl":"https:\/\/loewentestneu.metafex.io\/wp-content\/uploads\/2024\/12\/Calmvalera-Tropfen-200-ml-PZN-06560438-Loewenapotheke24.webp","width":600,"height":600,"caption":"L'image montre Calmvalera Drops 200 ml. PZN 06560438. Pharmacie Lions"},{"@type":"BreadcrumbList","@id":"https:\/\/loewentestneu.metafex.io\/fr\/produit\/calmvalera-hevert-drops-200ml-06560438#breadcrumb","itemListElement":[{"@type":"ListItem","position":1,"name":"Home","item":"https:\/\/loewentestneu.metafex.io\/fr\/homepage-lion-pharmacy"},{"@type":"ListItem","position":2,"name":"Shop","item":"https:\/\/loewentestneu.metafex.io\/fr\/boutique"},{"@type":"ListItem","position":3,"name":"Calmvalera Hevert gouttes (200ml)"}]},{"@type":"WebSite","@id":"https:\/\/loewentestneu.metafex.io\/fr#website","url":"https:\/\/loewentestneu.metafex.io\/fr","name":"Lions Pharmacy","description":"Pharmacie sp\u00e9cialis\u00e9e en naturopathie de Baden-Baden, Allemagne","publisher":{"@id":"https:\/\/loewentestneu.metafex.io\/fr#organization"},"alternateName":"Lion Pharmacy","potentialAction":[{"@type":"SearchAction","target":{"@type":"EntryPoint","urlTemplate":"https:\/\/loewentestneu.metafex.io\/fr?s={search_term_string}"},"query-input":{"@type":"PropertyValueSpecification","valueRequired":true,"valueName":"search_term_string"}}],"inLanguage":"fr-FR"},{"@type":"Organization","@id":"https:\/\/loewentestneu.metafex.io\/fr#organization","name":"Lions Pharmacy","alternateName":"Lions Pharmacy24","url":"https:\/\/loewentestneu.metafex.io\/fr","logo":{"@type":"ImageObject","inLanguage":"fr-FR","@id":"https:\/\/loewentestneu.metafex.io\/fr#\/schema\/logo\/image\/","url":"https:\/\/loewentestneu.metafex.io\/wp-content\/uploads\/2022\/12\/Logo-Lion-Pharmacy-c-o-Loewen-Apotheke-smal.jpg","contentUrl":"https:\/\/loewentestneu.metafex.io\/wp-content\/uploads\/2022\/12\/Logo-Lion-Pharmacy-c-o-Loewen-Apotheke-smal.jpg","width":298,"height":99,"caption":"Lions Pharmacy"},"image":{"@id":"https:\/\/loewentestneu.metafex.io\/fr#\/schema\/logo\/image\/"}}]}},"_links":{"self":[{"href":"https:\/\/loewentestneu.metafex.io\/fr\/wp-json\/wp\/v2\/product\/7389","targetHints":{"allow":["GET"]}}],"collection":[{"href":"https:\/\/loewentestneu.metafex.io\/fr\/wp-json\/wp\/v2\/product"}],"about":[{"href":"https:\/\/loewentestneu.metafex.io\/fr\/wp-json\/wp\/v2\/types\/product"}],"replies":[{"embeddable":true,"href":"https:\/\/loewentestneu.metafex.io\/fr\/wp-json\/wp\/v2\/comments?post=7389"}],"wp:featuredmedia":[{"embeddable":true,"href":"https:\/\/loewentestneu.metafex.io\/fr\/wp-json\/wp\/v2\/media\/7394"}],"wp:attachment":[{"href":"https:\/\/loewentestneu.metafex.io\/fr\/wp-json\/wp\/v2\/media?parent=7389"}],"wp:term":[{"taxonomy":"product_brand","embeddable":true,"href":"https:\/\/loewentestneu.metafex.io\/fr\/wp-json\/wp\/v2\/product_brand?post=7389"},{"taxonomy":"product_cat","embeddable":true,"href":"https:\/\/loewentestneu.metafex.io\/fr\/wp-json\/wp\/v2\/product_cat?post=7389"},{"taxonomy":"product_tag","embeddable":true,"href":"https:\/\/loewentestneu.metafex.io\/fr\/wp-json\/wp\/v2\/product_tag?post=7389"}],"curies":[{"name":"wp","href":"https:\/\/api.w.org\/{rel}","templated":true}]}}