{"id":7415,"date":"2024-12-11T16:20:34","date_gmt":"2024-12-11T15:20:34","guid":{"rendered":"https:\/\/lions-pharmacy.com\/?post_type=product&#038;p=7415"},"modified":"2025-01-24T19:10:53","modified_gmt":"2025-01-24T18:10:53","slug":"sinusitis-hevert-tablets-100-pcs-19107367","status":"publish","type":"product","link":"https:\/\/loewentestneu.metafex.io\/fr\/produit\/sinusitis-hevert-tablets-100-pcs-19107367","title":{"rendered":"Sinusite Hevert comprim\u00e9s (100 pcs.)"},"content":{"rendered":"<h3>Sinusite Hevert comprim\u00e9s<\/h3>\n<p>Sinusite Les comprim\u00e9s de Hevert sont un m\u00e9dicament hom\u00e9opathique pour le rhume et l\u2019inflammation des sinus paranasaux.<\/p>\n<p>Pour un nez clair &#8211; comprim\u00e9s de sinusite. Une muqueuse saine dans la gorge, le nez et le pharynx offre une protection contre les corps \u00e9trangers inhal\u00e9s et les agents pathog\u00e8nes. Les propres d\u00e9fenses de l\u2019organisme dans le mucus combattent efficacement les virus et les bact\u00e9ries envahissants.<\/p>\n<p>La sant\u00e9 est le plus grand bien de l\u2019homme. Hevert se consacre donc \u00e0 la naturopathie et au d\u00e9veloppement de m\u00e9dicaments naturels depuis plus de 60 ans et est l\u2019un des principaux fabricants allemands de m\u00e9dicaments hom\u00e9opathiques et \u00e0 base de plantes ainsi que de pr\u00e9parations de micronutriments.<\/p>\n<p>Notice \/ mode d\u2019emploi\/fiche technique de l\u2019article: &#8211; (Lecteur PDF)<\/p>\n<p>Autres produits pour l\u2019application: <a href=\"https:\/\/loewentestneu.metafex.io\/product-tag\/vitamins-supplements\">Vitamines &amp; suppl\u00e9ments Produits<\/a><\/p>\n<p>En savoir plus sur manufactorer et ce produit : <a href=\"https:\/\/hevert.com\/de\/en\" target=\"_blank\" rel=\"noopener\">Hevert<\/a> (lien vers un site externe)<\/p>\n<p>Les informations contenues dans ce site web sont fournies \u00e0 titre informatif uniquement. Ils ne remplacent en aucun cas l&#8217;examen et le traitement par un m\u00e9decin. Veuillez noter que cela signifie qu&#8217;aucun diagnostic ne peut \u00eatre \u00e9tabli et qu&#8217;aucune th\u00e9rapie ne peut \u00eatre mise en place.<\/p>\n<p>Pour conna\u00eetre les risques et les effets secondaires, lisez la notice et demandez conseil \u00e0 votre m\u00e9decin ou \u00e0 votre pharmacien.<\/p>\n","protected":false},"excerpt":{"rendered":"<h2>Sinusite Hevert comprim\u00e9s<\/h2>\n<p>M\u00e9dicament hom\u00e9opathique pour le rhume et l\u2019inflammation des sinus paranasaux.<\/p>\n<p>&nbsp;<\/p>\n<p>PZN : 19107367<\/p>\n<p>Forme posologique: comprim\u00e9s<\/p>\n<p>Type de prescription : sans ordonnance<\/p>\n<p>Marque:-<\/p>\n<p>Fabricant&nbsp;: Hevert Arzneimittel GmbH, Allemagne<\/p>\n<p>Taille d\u2019emballage&nbsp;: 100 pcs.<\/p>\n","protected":false},"featured_media":7460,"comment_status":"closed","ping_status":"closed","template":"","meta":[],"product_brand":[],"product_cat":[577,114],"product_tag":[265,233,267,309,264],"class_list":{"0":"post-7415","1":"product","2":"type-product","3":"status-publish","4":"has-post-thumbnail","6":"product_cat-hevert","7":"product_cat-non-classifiee","8":"product_tag-gestion-du-poids","9":"product_tag-infection-virale","10":"product_tag-poids-et-forme","11":"product_tag-vente-mensuelle","12":"product_tag-vitamines-et-supplements","13":"ts_product_brand-all-fr","14":"ts_product_brand-hevert-fr","16":"first","17":"instock","18":"sale","19":"taxable","20":"shipping-taxable","21":"purchasable","22":"product-type-simple"},"yoast_head":"<!-- This site is optimized with the Yoast SEO plugin v26.5 - https:\/\/yoast.com\/wordpress\/plugins\/seo\/ -->\n<title>Sinusite Hevert comprim\u00e9s (100 pcs.) &#187; Lion Pharmacy &#187; En savoir plus<\/title>\n<meta name=\"description\" content=\"Pharmacie en ligne allemande enregistr\u00e9e. Nous offrons\u00a0: Exp\u00e9dition internationale rapide. Produit fabriqu\u00e9 par Hevert : Sinusite Hevert comprim\u00e9s (100 pcs.)\" \/>\n<meta name=\"robots\" content=\"noindex, follow, max-snippet:-1, max-image-preview:large, max-video-preview:-1\" \/>\n<meta property=\"og:locale\" content=\"fr_FR\" \/>\n<meta property=\"og:type\" content=\"article\" \/>\n<meta property=\"og:title\" content=\"Sinusite Hevert comprim\u00e9s (100 pcs.) &#187; Lion Pharmacy &#187; En savoir plus\" \/>\n<meta property=\"og:description\" content=\"Pharmacie en ligne allemande enregistr\u00e9e. Nous offrons\u00a0: Exp\u00e9dition internationale rapide. Produit fabriqu\u00e9 par Hevert : Sinusite Hevert comprim\u00e9s (100 pcs.)\" \/>\n<meta property=\"og:url\" content=\"https:\/\/loewentestneu.metafex.io\/fr\/produit\/sinusitis-hevert-tablets-100-pcs-19107367\" \/>\n<meta property=\"og:site_name\" content=\"Lion Pharmacy\" \/>\n<meta property=\"article:modified_time\" content=\"2025-01-24T18:10:53+00:00\" \/>\n<meta property=\"og:image\" content=\"https:\/\/loewentestneu.metafex.io\/wp-content\/uploads\/2024\/12\/Sinusitis-Hevert-from-Hevert.-PZN-19107367-Lions-Pharmacy.webp\" \/>\n\t<meta property=\"og:image:width\" content=\"600\" \/>\n\t<meta property=\"og:image:height\" content=\"600\" \/>\n\t<meta property=\"og:image:type\" content=\"image\/webp\" \/>\n<meta name=\"twitter:card\" content=\"summary_large_image\" \/>\n<meta name=\"twitter:label1\" content=\"Dur\u00e9e de lecture estim\u00e9e\" \/>\n\t<meta name=\"twitter:data1\" content=\"1 minute\" \/>\n<script type=\"application\/ld+json\" class=\"yoast-schema-graph\">{\"@context\":\"https:\/\/schema.org\",\"@graph\":[{\"@type\":\"WebPage\",\"@id\":\"https:\/\/loewentestneu.metafex.io\/fr\/produit\/sinusitis-hevert-tablets-100-pcs-19107367\",\"url\":\"https:\/\/loewentestneu.metafex.io\/fr\/produit\/sinusitis-hevert-tablets-100-pcs-19107367\",\"name\":\"Sinusite Hevert comprim\u00e9s (100 pcs.) &#187; Lion Pharmacy &#187; En savoir plus\",\"isPartOf\":{\"@id\":\"https:\/\/loewentestneu.metafex.io\/fr#website\"},\"primaryImageOfPage\":{\"@id\":\"https:\/\/loewentestneu.metafex.io\/fr\/produit\/sinusitis-hevert-tablets-100-pcs-19107367#primaryimage\"},\"image\":{\"@id\":\"https:\/\/loewentestneu.metafex.io\/fr\/produit\/sinusitis-hevert-tablets-100-pcs-19107367#primaryimage\"},\"thumbnailUrl\":\"https:\/\/loewentestneu.metafex.io\/wp-content\/uploads\/2024\/12\/Sinusitis-Hevert-from-Hevert.-PZN-19107367-Lions-Pharmacy.webp\",\"datePublished\":\"2024-12-11T15:20:34+00:00\",\"dateModified\":\"2025-01-24T18:10:53+00:00\",\"description\":\"Pharmacie en ligne allemande enregistr\u00e9e. Nous offrons\u00a0: Exp\u00e9dition internationale rapide. Produit fabriqu\u00e9 par Hevert : Sinusite Hevert comprim\u00e9s (100 pcs.)\",\"breadcrumb\":{\"@id\":\"https:\/\/loewentestneu.metafex.io\/fr\/produit\/sinusitis-hevert-tablets-100-pcs-19107367#breadcrumb\"},\"inLanguage\":\"fr-FR\",\"potentialAction\":[{\"@type\":\"ReadAction\",\"target\":[\"https:\/\/loewentestneu.metafex.io\/fr\/produit\/sinusitis-hevert-tablets-100-pcs-19107367\"]}]},{\"@type\":\"ImageObject\",\"inLanguage\":\"fr-FR\",\"@id\":\"https:\/\/loewentestneu.metafex.io\/fr\/produit\/sinusitis-hevert-tablets-100-pcs-19107367#primaryimage\",\"url\":\"https:\/\/loewentestneu.metafex.io\/wp-content\/uploads\/2024\/12\/Sinusitis-Hevert-from-Hevert.-PZN-19107367-Lions-Pharmacy.webp\",\"contentUrl\":\"https:\/\/loewentestneu.metafex.io\/wp-content\/uploads\/2024\/12\/Sinusitis-Hevert-from-Hevert.-PZN-19107367-Lions-Pharmacy.webp\",\"width\":600,\"height\":600,\"caption\":\"L\u2019image montre&nbsp;: Sinusite Hevert de Hevert. PZN 19107367. Pharmacie Lions\"},{\"@type\":\"BreadcrumbList\",\"@id\":\"https:\/\/loewentestneu.metafex.io\/fr\/produit\/sinusitis-hevert-tablets-100-pcs-19107367#breadcrumb\",\"itemListElement\":[{\"@type\":\"ListItem\",\"position\":1,\"name\":\"Home\",\"item\":\"https:\/\/loewentestneu.metafex.io\/fr\/homepage-lion-pharmacy\"},{\"@type\":\"ListItem\",\"position\":2,\"name\":\"Shop\",\"item\":\"https:\/\/loewentestneu.metafex.io\/fr\/boutique\"},{\"@type\":\"ListItem\",\"position\":3,\"name\":\"Sinusite Hevert comprim\u00e9s (100 pcs.)\"}]},{\"@type\":\"WebSite\",\"@id\":\"https:\/\/loewentestneu.metafex.io\/fr#website\",\"url\":\"https:\/\/loewentestneu.metafex.io\/fr\",\"name\":\"Lions Pharmacy\",\"description\":\"Pharmacie sp\u00e9cialis\u00e9e en naturopathie de Baden-Baden, Allemagne\",\"publisher\":{\"@id\":\"https:\/\/loewentestneu.metafex.io\/fr#organization\"},\"alternateName\":\"Lion Pharmacy\",\"potentialAction\":[{\"@type\":\"SearchAction\",\"target\":{\"@type\":\"EntryPoint\",\"urlTemplate\":\"https:\/\/loewentestneu.metafex.io\/fr?s={search_term_string}\"},\"query-input\":{\"@type\":\"PropertyValueSpecification\",\"valueRequired\":true,\"valueName\":\"search_term_string\"}}],\"inLanguage\":\"fr-FR\"},{\"@type\":\"Organization\",\"@id\":\"https:\/\/loewentestneu.metafex.io\/fr#organization\",\"name\":\"Lions Pharmacy\",\"alternateName\":\"Lions Pharmacy24\",\"url\":\"https:\/\/loewentestneu.metafex.io\/fr\",\"logo\":{\"@type\":\"ImageObject\",\"inLanguage\":\"fr-FR\",\"@id\":\"https:\/\/loewentestneu.metafex.io\/fr#\/schema\/logo\/image\/\",\"url\":\"https:\/\/loewentestneu.metafex.io\/wp-content\/uploads\/2022\/12\/Logo-Lion-Pharmacy-c-o-Loewen-Apotheke-smal.jpg\",\"contentUrl\":\"https:\/\/loewentestneu.metafex.io\/wp-content\/uploads\/2022\/12\/Logo-Lion-Pharmacy-c-o-Loewen-Apotheke-smal.jpg\",\"width\":298,\"height\":99,\"caption\":\"Lions Pharmacy\"},\"image\":{\"@id\":\"https:\/\/loewentestneu.metafex.io\/fr#\/schema\/logo\/image\/\"}}]}<\/script>\n<!-- \/ Yoast SEO plugin. -->","yoast_head_json":{"title":"Sinusite Hevert comprim\u00e9s (100 pcs.) &#187; Lion Pharmacy &#187; En savoir plus","description":"Pharmacie en ligne allemande enregistr\u00e9e. Nous offrons\u00a0: Exp\u00e9dition internationale rapide. Produit fabriqu\u00e9 par Hevert : Sinusite Hevert comprim\u00e9s (100 pcs.)","robots":{"index":"noindex","follow":"follow","max-snippet":"max-snippet:-1","max-image-preview":"max-image-preview:large","max-video-preview":"max-video-preview:-1"},"og_locale":"fr_FR","og_type":"article","og_title":"Sinusite Hevert comprim\u00e9s (100 pcs.) &#187; Lion Pharmacy &#187; En savoir plus","og_description":"Pharmacie en ligne allemande enregistr\u00e9e. Nous offrons\u00a0: Exp\u00e9dition internationale rapide. Produit fabriqu\u00e9 par Hevert : Sinusite Hevert comprim\u00e9s (100 pcs.)","og_url":"https:\/\/loewentestneu.metafex.io\/fr\/produit\/sinusitis-hevert-tablets-100-pcs-19107367","og_site_name":"Lion Pharmacy","article_modified_time":"2025-01-24T18:10:53+00:00","og_image":[{"width":600,"height":600,"url":"https:\/\/loewentestneu.metafex.io\/wp-content\/uploads\/2024\/12\/Sinusitis-Hevert-from-Hevert.-PZN-19107367-Lions-Pharmacy.webp","type":"image\/webp"}],"twitter_card":"summary_large_image","twitter_misc":{"Dur\u00e9e de lecture estim\u00e9e":"1 minute"},"schema":{"@context":"https:\/\/schema.org","@graph":[{"@type":"WebPage","@id":"https:\/\/loewentestneu.metafex.io\/fr\/produit\/sinusitis-hevert-tablets-100-pcs-19107367","url":"https:\/\/loewentestneu.metafex.io\/fr\/produit\/sinusitis-hevert-tablets-100-pcs-19107367","name":"Sinusite Hevert comprim\u00e9s (100 pcs.) &#187; Lion Pharmacy &#187; En savoir plus","isPartOf":{"@id":"https:\/\/loewentestneu.metafex.io\/fr#website"},"primaryImageOfPage":{"@id":"https:\/\/loewentestneu.metafex.io\/fr\/produit\/sinusitis-hevert-tablets-100-pcs-19107367#primaryimage"},"image":{"@id":"https:\/\/loewentestneu.metafex.io\/fr\/produit\/sinusitis-hevert-tablets-100-pcs-19107367#primaryimage"},"thumbnailUrl":"https:\/\/loewentestneu.metafex.io\/wp-content\/uploads\/2024\/12\/Sinusitis-Hevert-from-Hevert.-PZN-19107367-Lions-Pharmacy.webp","datePublished":"2024-12-11T15:20:34+00:00","dateModified":"2025-01-24T18:10:53+00:00","description":"Pharmacie en ligne allemande enregistr\u00e9e. Nous offrons\u00a0: Exp\u00e9dition internationale rapide. Produit fabriqu\u00e9 par Hevert : Sinusite Hevert comprim\u00e9s (100 pcs.)","breadcrumb":{"@id":"https:\/\/loewentestneu.metafex.io\/fr\/produit\/sinusitis-hevert-tablets-100-pcs-19107367#breadcrumb"},"inLanguage":"fr-FR","potentialAction":[{"@type":"ReadAction","target":["https:\/\/loewentestneu.metafex.io\/fr\/produit\/sinusitis-hevert-tablets-100-pcs-19107367"]}]},{"@type":"ImageObject","inLanguage":"fr-FR","@id":"https:\/\/loewentestneu.metafex.io\/fr\/produit\/sinusitis-hevert-tablets-100-pcs-19107367#primaryimage","url":"https:\/\/loewentestneu.metafex.io\/wp-content\/uploads\/2024\/12\/Sinusitis-Hevert-from-Hevert.-PZN-19107367-Lions-Pharmacy.webp","contentUrl":"https:\/\/loewentestneu.metafex.io\/wp-content\/uploads\/2024\/12\/Sinusitis-Hevert-from-Hevert.-PZN-19107367-Lions-Pharmacy.webp","width":600,"height":600,"caption":"L\u2019image montre&nbsp;: Sinusite Hevert de Hevert. PZN 19107367. Pharmacie Lions"},{"@type":"BreadcrumbList","@id":"https:\/\/loewentestneu.metafex.io\/fr\/produit\/sinusitis-hevert-tablets-100-pcs-19107367#breadcrumb","itemListElement":[{"@type":"ListItem","position":1,"name":"Home","item":"https:\/\/loewentestneu.metafex.io\/fr\/homepage-lion-pharmacy"},{"@type":"ListItem","position":2,"name":"Shop","item":"https:\/\/loewentestneu.metafex.io\/fr\/boutique"},{"@type":"ListItem","position":3,"name":"Sinusite Hevert comprim\u00e9s (100 pcs.)"}]},{"@type":"WebSite","@id":"https:\/\/loewentestneu.metafex.io\/fr#website","url":"https:\/\/loewentestneu.metafex.io\/fr","name":"Lions Pharmacy","description":"Pharmacie sp\u00e9cialis\u00e9e en naturopathie de Baden-Baden, Allemagne","publisher":{"@id":"https:\/\/loewentestneu.metafex.io\/fr#organization"},"alternateName":"Lion Pharmacy","potentialAction":[{"@type":"SearchAction","target":{"@type":"EntryPoint","urlTemplate":"https:\/\/loewentestneu.metafex.io\/fr?s={search_term_string}"},"query-input":{"@type":"PropertyValueSpecification","valueRequired":true,"valueName":"search_term_string"}}],"inLanguage":"fr-FR"},{"@type":"Organization","@id":"https:\/\/loewentestneu.metafex.io\/fr#organization","name":"Lions Pharmacy","alternateName":"Lions Pharmacy24","url":"https:\/\/loewentestneu.metafex.io\/fr","logo":{"@type":"ImageObject","inLanguage":"fr-FR","@id":"https:\/\/loewentestneu.metafex.io\/fr#\/schema\/logo\/image\/","url":"https:\/\/loewentestneu.metafex.io\/wp-content\/uploads\/2022\/12\/Logo-Lion-Pharmacy-c-o-Loewen-Apotheke-smal.jpg","contentUrl":"https:\/\/loewentestneu.metafex.io\/wp-content\/uploads\/2022\/12\/Logo-Lion-Pharmacy-c-o-Loewen-Apotheke-smal.jpg","width":298,"height":99,"caption":"Lions Pharmacy"},"image":{"@id":"https:\/\/loewentestneu.metafex.io\/fr#\/schema\/logo\/image\/"}}]}},"_links":{"self":[{"href":"https:\/\/loewentestneu.metafex.io\/fr\/wp-json\/wp\/v2\/product\/7415","targetHints":{"allow":["GET"]}}],"collection":[{"href":"https:\/\/loewentestneu.metafex.io\/fr\/wp-json\/wp\/v2\/product"}],"about":[{"href":"https:\/\/loewentestneu.metafex.io\/fr\/wp-json\/wp\/v2\/types\/product"}],"replies":[{"embeddable":true,"href":"https:\/\/loewentestneu.metafex.io\/fr\/wp-json\/wp\/v2\/comments?post=7415"}],"wp:featuredmedia":[{"embeddable":true,"href":"https:\/\/loewentestneu.metafex.io\/fr\/wp-json\/wp\/v2\/media\/7460"}],"wp:attachment":[{"href":"https:\/\/loewentestneu.metafex.io\/fr\/wp-json\/wp\/v2\/media?parent=7415"}],"wp:term":[{"taxonomy":"product_brand","embeddable":true,"href":"https:\/\/loewentestneu.metafex.io\/fr\/wp-json\/wp\/v2\/product_brand?post=7415"},{"taxonomy":"product_cat","embeddable":true,"href":"https:\/\/loewentestneu.metafex.io\/fr\/wp-json\/wp\/v2\/product_cat?post=7415"},{"taxonomy":"product_tag","embeddable":true,"href":"https:\/\/loewentestneu.metafex.io\/fr\/wp-json\/wp\/v2\/product_tag?post=7415"}],"curies":[{"name":"wp","href":"https:\/\/api.w.org\/{rel}","templated":true}]}}