{"id":7425,"date":"2024-12-11T16:41:00","date_gmt":"2024-12-11T15:41:00","guid":{"rendered":"https:\/\/lions-pharmacy.com\/?post_type=product&#038;p=7425"},"modified":"2025-01-24T19:04:52","modified_gmt":"2025-01-24T18:04:52","slug":"vitamin-d3-k2-hevert-plus-1000-iu-60-pcs-16336937","status":"publish","type":"product","link":"https:\/\/loewentestneu.metafex.io\/fr\/produit\/vitamin-d3-k2-hevert-plus-1000-iu-60-pcs-16336937","title":{"rendered":"Vitamine D3 K2 Hevert plus 1000 UI (60 pi\u00e8ces)"},"content":{"rendered":"<h3>Vitamine D3 K2 Hevert plus Calcium et Magn\u00e9sium 1000 UI<\/h3>\n<p>Pr\u00e9paration de vitamine D 3 en combinaison avec la K2 pour une meilleure absorption de la vitamine D, enrichie en calcium et en magn\u00e9sium pour rem\u00e9dier aux sympt\u00f4mes de carence.<\/p>\n<p>La sant\u00e9 est le plus grand bien de l\u2019homme. Hevert se consacre donc \u00e0 la naturopathie et au d\u00e9veloppement de m\u00e9dicaments naturels depuis plus de 60 ans et est l\u2019un des principaux fabricants allemands de m\u00e9dicaments hom\u00e9opathiques et \u00e0 base de plantes ainsi que de pr\u00e9parations de micronutriments.<\/p>\n<p>T\u00e2ches de la vitamine D3 dans votre corps :<\/p>\n<ul>\n<li>Construire les os et soutenir une fonction osseuse normale<\/li>\n<li>R\u00e9gulateur des processus dans les cellules, agit comme une hormone<\/li>\n<li>Prot\u00e8ge les cellules nerveuses et les neurones<\/li>\n<li>Est impliqu\u00e9 dans la synth\u00e8se des neurotransmetteurs<\/li>\n<li>Contr\u00f4le divers processus du syst\u00e8me immunitaire<\/li>\n<\/ul>\n<p>Consommation recommand\u00e9e de Vitamine D3 Hevert<\/p>\n<p>Pour la pr\u00e9vention en cas de risque reconnaissable de carence en vitamine D chez des personnes par ailleurs en bonne sant\u00e9 sans troubles d\u2019absorption, prendre 1\/2 comprim\u00e9 de vitamine D3 Hevert\u00ae par jour.<\/p>\n<p>Notice \/ mode d\u2019emploi\/fiche technique de l\u2019article: &#8211; (Lecteur PDF)<\/p>\n<p>Autres produits pour l\u2019application: <a href=\"https:\/\/loewentestneu.metafex.io\/product-tag\/vitamins-supplements\">Vitamines &amp; suppl\u00e9ments Produits<\/a><\/p>\n<p>En savoir plus sur manufactorer et ce produit : <a href=\"https:\/\/hevert.com\/de\/en\" target=\"_blank\" rel=\"noopener\">Hevert<\/a> (lien vers un site externe)<\/p>\n<p>Les informations contenues dans ce site web sont fournies \u00e0 titre informatif uniquement. Ils ne remplacent en aucun cas l&#8217;examen et le traitement par un m\u00e9decin. Veuillez noter que cela signifie qu&#8217;aucun diagnostic ne peut \u00eatre \u00e9tabli et qu&#8217;aucune th\u00e9rapie ne peut \u00eatre mise en place.<\/p>\n<p>Pour conna\u00eetre les risques et les effets secondaires, lisez la notice et demandez conseil \u00e0 votre m\u00e9decin ou \u00e0 votre pharmacien.<\/p>\n","protected":false},"excerpt":{"rendered":"<h2>Vitamine D3 K2 Hevert plus 1000 UI<\/h2>\n<p>Pr\u00e9paration de vitamine D 3 en combinaison avec la K2 pour une meilleure absorption de la vitamine D, enrichie en calcium et en magn\u00e9sium pour rem\u00e9dier aux sympt\u00f4mes de carence.<\/p>\n<p>&nbsp;<\/p>\n<p>PZN : 16336937<\/p>\n<p>Forme posologique: comprim\u00e9s<\/p>\n<p>Type de prescription : sans ordonnance<\/p>\n<p>Marque:-<\/p>\n<p>Fabricant&nbsp;: Hevert Arzneimittel GmbH, Allemagne<\/p>\n<p>Taille d\u2019emballage: 60 pc.<\/p>\n","protected":false},"featured_media":7430,"comment_status":"closed","ping_status":"closed","template":"","meta":[],"product_brand":[],"product_cat":[577,114],"product_tag":[510,265,267,464,309,264],"class_list":{"0":"post-7425","1":"product","2":"type-product","3":"status-publish","4":"has-post-thumbnail","6":"product_cat-hevert","7":"product_cat-non-classifiee","8":"product_tag-actif-dorigine-vegetale","9":"product_tag-gestion-du-poids","10":"product_tag-poids-et-forme","11":"product_tag-remedes-naturels","12":"product_tag-vente-mensuelle","13":"product_tag-vitamines-et-supplements","14":"ts_product_brand-all-fr","15":"ts_product_brand-hevert-fr","17":"first","18":"outofstock","19":"taxable","20":"shipping-taxable","21":"purchasable","22":"product-type-simple"},"yoast_head":"<!-- This site is optimized with the Yoast SEO plugin v26.5 - https:\/\/yoast.com\/wordpress\/plugins\/seo\/ -->\n<title>Vitamine D3 K2 Hevert plus 1000 UI (60 pi\u00e8ces) &#187; En savoir plus sur le Lion Pharmacy<\/title>\n<meta name=\"description\" content=\"Pharmacie en ligne allemande enregistr\u00e9e. Nous offrons\u00a0: Exp\u00e9dition internationale rapide. Produit fabriqu\u00e9 par Hevert : Vitamine D3 K2 Hevert plus 1000 UI (60 pi\u00e8ces)\" \/>\n<meta name=\"robots\" content=\"noindex, follow, max-snippet:-1, max-image-preview:large, max-video-preview:-1\" \/>\n<meta property=\"og:locale\" content=\"fr_FR\" \/>\n<meta property=\"og:type\" content=\"article\" \/>\n<meta property=\"og:title\" content=\"Vitamine D3 K2 Hevert plus 1000 UI (60 pi\u00e8ces) &#187; En savoir plus sur le Lion Pharmacy\" \/>\n<meta property=\"og:description\" content=\"Pharmacie en ligne allemande enregistr\u00e9e. Nous offrons\u00a0: Exp\u00e9dition internationale rapide. Produit fabriqu\u00e9 par Hevert : Vitamine D3 K2 Hevert plus 1000 UI (60 pi\u00e8ces)\" \/>\n<meta property=\"og:url\" content=\"https:\/\/loewentestneu.metafex.io\/fr\/produit\/vitamin-d3-k2-hevert-plus-1000-iu-60-pcs-16336937\" \/>\n<meta property=\"og:site_name\" content=\"Lion Pharmacy\" \/>\n<meta property=\"article:modified_time\" content=\"2025-01-24T18:04:52+00:00\" \/>\n<meta property=\"og:image\" content=\"https:\/\/loewentestneu.metafex.io\/wp-content\/uploads\/2024\/12\/Vitamin-D3-K2-Hevert-PZN-16336937-60-pc-Lions-Pharmacy.webp\" \/>\n\t<meta property=\"og:image:width\" content=\"600\" \/>\n\t<meta property=\"og:image:height\" content=\"600\" \/>\n\t<meta property=\"og:image:type\" content=\"image\/webp\" \/>\n<meta name=\"twitter:card\" content=\"summary_large_image\" \/>\n<meta name=\"twitter:label1\" content=\"Dur\u00e9e de lecture estim\u00e9e\" \/>\n\t<meta name=\"twitter:data1\" content=\"1 minute\" \/>\n<script type=\"application\/ld+json\" class=\"yoast-schema-graph\">{\"@context\":\"https:\/\/schema.org\",\"@graph\":[{\"@type\":\"WebPage\",\"@id\":\"https:\/\/loewentestneu.metafex.io\/fr\/produit\/vitamin-d3-k2-hevert-plus-1000-iu-60-pcs-16336937\",\"url\":\"https:\/\/loewentestneu.metafex.io\/fr\/produit\/vitamin-d3-k2-hevert-plus-1000-iu-60-pcs-16336937\",\"name\":\"Vitamine D3 K2 Hevert plus 1000 UI (60 pi\u00e8ces) &#187; En savoir plus sur le Lion Pharmacy\",\"isPartOf\":{\"@id\":\"https:\/\/loewentestneu.metafex.io\/fr#website\"},\"primaryImageOfPage\":{\"@id\":\"https:\/\/loewentestneu.metafex.io\/fr\/produit\/vitamin-d3-k2-hevert-plus-1000-iu-60-pcs-16336937#primaryimage\"},\"image\":{\"@id\":\"https:\/\/loewentestneu.metafex.io\/fr\/produit\/vitamin-d3-k2-hevert-plus-1000-iu-60-pcs-16336937#primaryimage\"},\"thumbnailUrl\":\"https:\/\/loewentestneu.metafex.io\/wp-content\/uploads\/2024\/12\/Vitamin-D3-K2-Hevert-PZN-16336937-60-pc-Lions-Pharmacy.webp\",\"datePublished\":\"2024-12-11T15:41:00+00:00\",\"dateModified\":\"2025-01-24T18:04:52+00:00\",\"description\":\"Pharmacie en ligne allemande enregistr\u00e9e. Nous offrons\u00a0: Exp\u00e9dition internationale rapide. Produit fabriqu\u00e9 par Hevert : Vitamine D3 K2 Hevert plus 1000 UI (60 pi\u00e8ces)\",\"breadcrumb\":{\"@id\":\"https:\/\/loewentestneu.metafex.io\/fr\/produit\/vitamin-d3-k2-hevert-plus-1000-iu-60-pcs-16336937#breadcrumb\"},\"inLanguage\":\"fr-FR\",\"potentialAction\":[{\"@type\":\"ReadAction\",\"target\":[\"https:\/\/loewentestneu.metafex.io\/fr\/produit\/vitamin-d3-k2-hevert-plus-1000-iu-60-pcs-16336937\"]}]},{\"@type\":\"ImageObject\",\"inLanguage\":\"fr-FR\",\"@id\":\"https:\/\/loewentestneu.metafex.io\/fr\/produit\/vitamin-d3-k2-hevert-plus-1000-iu-60-pcs-16336937#primaryimage\",\"url\":\"https:\/\/loewentestneu.metafex.io\/wp-content\/uploads\/2024\/12\/Vitamin-D3-K2-Hevert-PZN-16336937-60-pc-Lions-Pharmacy.webp\",\"contentUrl\":\"https:\/\/loewentestneu.metafex.io\/wp-content\/uploads\/2024\/12\/Vitamin-D3-K2-Hevert-PZN-16336937-60-pc-Lions-Pharmacy.webp\",\"width\":600,\"height\":600,\"caption\":\"L\u2019image montre la vitamine D3 K2 Hevert. PZN 16336937. 60 pi\u00e8ces Pharmacie Lions\"},{\"@type\":\"BreadcrumbList\",\"@id\":\"https:\/\/loewentestneu.metafex.io\/fr\/produit\/vitamin-d3-k2-hevert-plus-1000-iu-60-pcs-16336937#breadcrumb\",\"itemListElement\":[{\"@type\":\"ListItem\",\"position\":1,\"name\":\"Home\",\"item\":\"https:\/\/loewentestneu.metafex.io\/fr\/homepage-lion-pharmacy\"},{\"@type\":\"ListItem\",\"position\":2,\"name\":\"Shop\",\"item\":\"https:\/\/loewentestneu.metafex.io\/fr\/boutique\"},{\"@type\":\"ListItem\",\"position\":3,\"name\":\"Vitamine D3 K2 Hevert plus 1000 UI (60 pi\u00e8ces)\"}]},{\"@type\":\"WebSite\",\"@id\":\"https:\/\/loewentestneu.metafex.io\/fr#website\",\"url\":\"https:\/\/loewentestneu.metafex.io\/fr\",\"name\":\"Lions Pharmacy\",\"description\":\"Pharmacie sp\u00e9cialis\u00e9e en naturopathie de Baden-Baden, Allemagne\",\"publisher\":{\"@id\":\"https:\/\/loewentestneu.metafex.io\/fr#organization\"},\"alternateName\":\"Lion Pharmacy\",\"potentialAction\":[{\"@type\":\"SearchAction\",\"target\":{\"@type\":\"EntryPoint\",\"urlTemplate\":\"https:\/\/loewentestneu.metafex.io\/fr?s={search_term_string}\"},\"query-input\":{\"@type\":\"PropertyValueSpecification\",\"valueRequired\":true,\"valueName\":\"search_term_string\"}}],\"inLanguage\":\"fr-FR\"},{\"@type\":\"Organization\",\"@id\":\"https:\/\/loewentestneu.metafex.io\/fr#organization\",\"name\":\"Lions Pharmacy\",\"alternateName\":\"Lions Pharmacy24\",\"url\":\"https:\/\/loewentestneu.metafex.io\/fr\",\"logo\":{\"@type\":\"ImageObject\",\"inLanguage\":\"fr-FR\",\"@id\":\"https:\/\/loewentestneu.metafex.io\/fr#\/schema\/logo\/image\/\",\"url\":\"https:\/\/loewentestneu.metafex.io\/wp-content\/uploads\/2022\/12\/Logo-Lion-Pharmacy-c-o-Loewen-Apotheke-smal.jpg\",\"contentUrl\":\"https:\/\/loewentestneu.metafex.io\/wp-content\/uploads\/2022\/12\/Logo-Lion-Pharmacy-c-o-Loewen-Apotheke-smal.jpg\",\"width\":298,\"height\":99,\"caption\":\"Lions Pharmacy\"},\"image\":{\"@id\":\"https:\/\/loewentestneu.metafex.io\/fr#\/schema\/logo\/image\/\"}}]}<\/script>\n<!-- \/ Yoast SEO plugin. -->","yoast_head_json":{"title":"Vitamine D3 K2 Hevert plus 1000 UI (60 pi\u00e8ces) &#187; En savoir plus sur le Lion Pharmacy","description":"Pharmacie en ligne allemande enregistr\u00e9e. Nous offrons\u00a0: Exp\u00e9dition internationale rapide. Produit fabriqu\u00e9 par Hevert : Vitamine D3 K2 Hevert plus 1000 UI (60 pi\u00e8ces)","robots":{"index":"noindex","follow":"follow","max-snippet":"max-snippet:-1","max-image-preview":"max-image-preview:large","max-video-preview":"max-video-preview:-1"},"og_locale":"fr_FR","og_type":"article","og_title":"Vitamine D3 K2 Hevert plus 1000 UI (60 pi\u00e8ces) &#187; En savoir plus sur le Lion Pharmacy","og_description":"Pharmacie en ligne allemande enregistr\u00e9e. Nous offrons\u00a0: Exp\u00e9dition internationale rapide. Produit fabriqu\u00e9 par Hevert : Vitamine D3 K2 Hevert plus 1000 UI (60 pi\u00e8ces)","og_url":"https:\/\/loewentestneu.metafex.io\/fr\/produit\/vitamin-d3-k2-hevert-plus-1000-iu-60-pcs-16336937","og_site_name":"Lion Pharmacy","article_modified_time":"2025-01-24T18:04:52+00:00","og_image":[{"width":600,"height":600,"url":"https:\/\/loewentestneu.metafex.io\/wp-content\/uploads\/2024\/12\/Vitamin-D3-K2-Hevert-PZN-16336937-60-pc-Lions-Pharmacy.webp","type":"image\/webp"}],"twitter_card":"summary_large_image","twitter_misc":{"Dur\u00e9e de lecture estim\u00e9e":"1 minute"},"schema":{"@context":"https:\/\/schema.org","@graph":[{"@type":"WebPage","@id":"https:\/\/loewentestneu.metafex.io\/fr\/produit\/vitamin-d3-k2-hevert-plus-1000-iu-60-pcs-16336937","url":"https:\/\/loewentestneu.metafex.io\/fr\/produit\/vitamin-d3-k2-hevert-plus-1000-iu-60-pcs-16336937","name":"Vitamine D3 K2 Hevert plus 1000 UI (60 pi\u00e8ces) &#187; En savoir plus sur le Lion Pharmacy","isPartOf":{"@id":"https:\/\/loewentestneu.metafex.io\/fr#website"},"primaryImageOfPage":{"@id":"https:\/\/loewentestneu.metafex.io\/fr\/produit\/vitamin-d3-k2-hevert-plus-1000-iu-60-pcs-16336937#primaryimage"},"image":{"@id":"https:\/\/loewentestneu.metafex.io\/fr\/produit\/vitamin-d3-k2-hevert-plus-1000-iu-60-pcs-16336937#primaryimage"},"thumbnailUrl":"https:\/\/loewentestneu.metafex.io\/wp-content\/uploads\/2024\/12\/Vitamin-D3-K2-Hevert-PZN-16336937-60-pc-Lions-Pharmacy.webp","datePublished":"2024-12-11T15:41:00+00:00","dateModified":"2025-01-24T18:04:52+00:00","description":"Pharmacie en ligne allemande enregistr\u00e9e. Nous offrons\u00a0: Exp\u00e9dition internationale rapide. Produit fabriqu\u00e9 par Hevert : Vitamine D3 K2 Hevert plus 1000 UI (60 pi\u00e8ces)","breadcrumb":{"@id":"https:\/\/loewentestneu.metafex.io\/fr\/produit\/vitamin-d3-k2-hevert-plus-1000-iu-60-pcs-16336937#breadcrumb"},"inLanguage":"fr-FR","potentialAction":[{"@type":"ReadAction","target":["https:\/\/loewentestneu.metafex.io\/fr\/produit\/vitamin-d3-k2-hevert-plus-1000-iu-60-pcs-16336937"]}]},{"@type":"ImageObject","inLanguage":"fr-FR","@id":"https:\/\/loewentestneu.metafex.io\/fr\/produit\/vitamin-d3-k2-hevert-plus-1000-iu-60-pcs-16336937#primaryimage","url":"https:\/\/loewentestneu.metafex.io\/wp-content\/uploads\/2024\/12\/Vitamin-D3-K2-Hevert-PZN-16336937-60-pc-Lions-Pharmacy.webp","contentUrl":"https:\/\/loewentestneu.metafex.io\/wp-content\/uploads\/2024\/12\/Vitamin-D3-K2-Hevert-PZN-16336937-60-pc-Lions-Pharmacy.webp","width":600,"height":600,"caption":"L\u2019image montre la vitamine D3 K2 Hevert. PZN 16336937. 60 pi\u00e8ces Pharmacie Lions"},{"@type":"BreadcrumbList","@id":"https:\/\/loewentestneu.metafex.io\/fr\/produit\/vitamin-d3-k2-hevert-plus-1000-iu-60-pcs-16336937#breadcrumb","itemListElement":[{"@type":"ListItem","position":1,"name":"Home","item":"https:\/\/loewentestneu.metafex.io\/fr\/homepage-lion-pharmacy"},{"@type":"ListItem","position":2,"name":"Shop","item":"https:\/\/loewentestneu.metafex.io\/fr\/boutique"},{"@type":"ListItem","position":3,"name":"Vitamine D3 K2 Hevert plus 1000 UI (60 pi\u00e8ces)"}]},{"@type":"WebSite","@id":"https:\/\/loewentestneu.metafex.io\/fr#website","url":"https:\/\/loewentestneu.metafex.io\/fr","name":"Lions Pharmacy","description":"Pharmacie sp\u00e9cialis\u00e9e en naturopathie de Baden-Baden, Allemagne","publisher":{"@id":"https:\/\/loewentestneu.metafex.io\/fr#organization"},"alternateName":"Lion Pharmacy","potentialAction":[{"@type":"SearchAction","target":{"@type":"EntryPoint","urlTemplate":"https:\/\/loewentestneu.metafex.io\/fr?s={search_term_string}"},"query-input":{"@type":"PropertyValueSpecification","valueRequired":true,"valueName":"search_term_string"}}],"inLanguage":"fr-FR"},{"@type":"Organization","@id":"https:\/\/loewentestneu.metafex.io\/fr#organization","name":"Lions Pharmacy","alternateName":"Lions Pharmacy24","url":"https:\/\/loewentestneu.metafex.io\/fr","logo":{"@type":"ImageObject","inLanguage":"fr-FR","@id":"https:\/\/loewentestneu.metafex.io\/fr#\/schema\/logo\/image\/","url":"https:\/\/loewentestneu.metafex.io\/wp-content\/uploads\/2022\/12\/Logo-Lion-Pharmacy-c-o-Loewen-Apotheke-smal.jpg","contentUrl":"https:\/\/loewentestneu.metafex.io\/wp-content\/uploads\/2022\/12\/Logo-Lion-Pharmacy-c-o-Loewen-Apotheke-smal.jpg","width":298,"height":99,"caption":"Lions Pharmacy"},"image":{"@id":"https:\/\/loewentestneu.metafex.io\/fr#\/schema\/logo\/image\/"}}]}},"_links":{"self":[{"href":"https:\/\/loewentestneu.metafex.io\/fr\/wp-json\/wp\/v2\/product\/7425","targetHints":{"allow":["GET"]}}],"collection":[{"href":"https:\/\/loewentestneu.metafex.io\/fr\/wp-json\/wp\/v2\/product"}],"about":[{"href":"https:\/\/loewentestneu.metafex.io\/fr\/wp-json\/wp\/v2\/types\/product"}],"replies":[{"embeddable":true,"href":"https:\/\/loewentestneu.metafex.io\/fr\/wp-json\/wp\/v2\/comments?post=7425"}],"wp:featuredmedia":[{"embeddable":true,"href":"https:\/\/loewentestneu.metafex.io\/fr\/wp-json\/wp\/v2\/media\/7430"}],"wp:attachment":[{"href":"https:\/\/loewentestneu.metafex.io\/fr\/wp-json\/wp\/v2\/media?parent=7425"}],"wp:term":[{"taxonomy":"product_brand","embeddable":true,"href":"https:\/\/loewentestneu.metafex.io\/fr\/wp-json\/wp\/v2\/product_brand?post=7425"},{"taxonomy":"product_cat","embeddable":true,"href":"https:\/\/loewentestneu.metafex.io\/fr\/wp-json\/wp\/v2\/product_cat?post=7425"},{"taxonomy":"product_tag","embeddable":true,"href":"https:\/\/loewentestneu.metafex.io\/fr\/wp-json\/wp\/v2\/product_tag?post=7425"}],"curies":[{"name":"wp","href":"https:\/\/api.w.org\/{rel}","templated":true}]}}