{"id":7544,"date":"2024-12-13T12:11:18","date_gmt":"2024-12-13T11:11:18","guid":{"rendered":"https:\/\/lions-pharmacy.com\/?post_type=product&#038;p=7544"},"modified":"2025-02-15T09:42:38","modified_gmt":"2025-02-15T08:42:38","slug":"pure-encapsulations-l-tyrosin-capsoules-90-pcs-02823912","status":"publish","type":"product","link":"https:\/\/loewentestneu.metafex.io\/fr\/produit\/pure-encapsulations-l-tyrosin-capsoules-90-pcs-02823912","title":{"rendered":"Pure Encapsulations L-Tyrosin Capsoules (90 pi\u00e8ces)"},"content":{"rendered":"<h3>Pure Encapsulations L-Tyrosin Capsoules<\/h3>\n<p>Pure Encapsulations L-Tyrosin contient 500 mg de L-Tyrosine, qui est un acide amin\u00e9 semi-essentiel dont votre corps a besoin pour divers processus. Les acides amin\u00e9s servent d\u2019\u00e9l\u00e9ments constitutifs pour les substances propres \u00e0 l\u2019organisme, par exemple les prot\u00e9ines B. De plus, ils sont impliqu\u00e9s dans une vari\u00e9t\u00e9 d\u2019autres processus dans notre organisme. Les g\u00e9lules de L-Tyrosine de Pure Encapsulations\u00ae vous fournissent 500 mg de L-Tyrosine par dose quotidienne.<\/p>\n<p>Effet&nbsp;: La L-Tyrosine est un acide amin\u00e9 dit semi-essentiel. Cela signifie que votre corps peut g\u00e9n\u00e9ralement les produire lui-m\u00eame \u00e0 partir d\u2019autres acides amin\u00e9s essentiels. Cependant, vous devez couvrir vos besoins en acides amin\u00e9s essentiels par votre alimentation. Donc, si vous consommez suffisamment de ph\u00e9nylalanine dans votre alimentation, votre corps peut l\u2019utiliser pour produire l\u2019acide amin\u00e9 L-tyrosine lui-m\u00eame.<\/p>\n<p>D\u00e9pliant\/mode d\u2019emploi\/fiche technique de l\u2019article : \u2013 (lecteur PDF)<\/p>\n<p>Autres produits pour l\u2019application&nbsp;: <a href=\"https:\/\/loewentestneu.metafex.io\/product-tag\/homeopathy\" rel=\"tag\">Hom\u00e9opathie<\/a> | <a href=\"https:\/\/loewentestneu.metafex.io\/product-tag\/virus-infection\" rel=\"tag\">Infection virale<\/a> | <a href=\"https:\/\/loewentestneu.metafex.io\/product-tag\/vitamins-supplements\">Vitamines et suppl\u00e9ments Produits<\/a><\/p>\n<p>En savoir plus sur le fabricant et ce produit : <a href=\"https:\/\/www.purecaps.net\/\" target=\"_blank\" rel=\"noopener\">Pure Encapsulations Pro Medico GmbH<\/a> (lien vers un site externe)<\/p>\n<p>Les informations contenues dans ce site web sont fournies \u00e0 titre informatif uniquement. Ils ne remplacent en aucun cas l&#8217;examen et le traitement par un m\u00e9decin. Veuillez noter que cela signifie qu&#8217;aucun diagnostic ne peut \u00eatre \u00e9tabli et qu&#8217;aucune th\u00e9rapie ne peut \u00eatre mise en place.<\/p>\n<p>Pour conna\u00eetre les risques et les effets secondaires, lisez la notice et demandez conseil \u00e0 votre m\u00e9decin ou \u00e0 votre pharmacien.<\/p>\n<p>&nbsp;<\/p>\n<h3>Ordonnance | e-prescription disponible ?<\/h3>\n<p>Soumettez votre e-prescription d\u00e8s maintenant. Utilisez notre application <a href=\"https:\/\/e-rezept-app.de\/shop-rezept\" target=\"_blank\" rel=\"noopener\">d\u2019ordonnance \u00e9lectronique<\/a> . Et nous vous donnons les frais de port gratuits en Allemagne !<\/p>\n","protected":false},"excerpt":{"rendered":"<h2>Pure Encapsulations L-Tyrosin Capsoules<\/h2>\n<p>La L-tyrosine est un acide amin\u00e9 semi-essentiel dont votre corps a besoin pour divers processus.<\/p>\n<p>&nbsp;<\/p>\n<p><strong>PZN<\/strong> : 02823912<\/p>\n<p><strong>Forme posologique<\/strong> : Capsoules<\/p>\n<p><strong>Dimensions, pli\u00e9<\/strong>&nbsp;: 90 pi\u00e8ces<\/p>\n<p><strong>Type d\u2019ordonnance :<\/strong> sans ordonnance<\/p>\n<p><strong>Marque<\/strong>&nbsp;: Pure Encapsulations<\/p>\n<p><strong>Fabricant<\/strong>&nbsp;: Pro Medico GmbH, Allemagne<\/p>\n","protected":false},"featured_media":7550,"comment_status":"closed","ping_status":"closed","template":"","meta":[],"product_brand":[],"product_cat":[114],"product_tag":[266,265,468,306,233,466,267,464,264],"class_list":{"0":"post-7544","1":"product","2":"type-product","3":"status-publish","4":"has-post-thumbnail","6":"product_cat-non-classifiee","7":"product_tag-bien-etre","8":"product_tag-gestion-du-poids","9":"product_tag-grippe-et-rhume","10":"product_tag-homeopathie","11":"product_tag-infection-virale","12":"product_tag-ingredient-actif-a-base-de-plantes","13":"product_tag-poids-et-forme","14":"product_tag-remedes-naturels","15":"product_tag-vitamines-et-supplements","16":"ts_product_brand-all-fr","17":"ts_product_brand-pure-encapsulations","19":"first","20":"outofstock","21":"sale","22":"taxable","23":"shipping-taxable","24":"purchasable","25":"product-type-simple"},"yoast_head":"<!-- This site is optimized with the Yoast SEO plugin v26.5 - https:\/\/yoast.com\/wordpress\/plugins\/seo\/ -->\n<title>Pure Encapsulations L-Tyrosin Capsoules (90 pi\u00e8ces) &#187; En savoir plus<\/title>\n<meta name=\"description\" content=\"Pharmacie en ligne allemande enregistr\u00e9e. Nous offrons\u00a0: une livraison rapide dans le monde entier et un service de premier ordre. Pure Encapsulations L-Tyrosin Capsoules (90 pi\u00e8ces)\" \/>\n<meta name=\"robots\" content=\"noindex, follow, max-snippet:-1, max-image-preview:large, max-video-preview:-1\" \/>\n<meta property=\"og:locale\" content=\"fr_FR\" \/>\n<meta property=\"og:type\" content=\"article\" \/>\n<meta property=\"og:title\" content=\"Pure Encapsulations L-Tyrosin Capsoules (90 pi\u00e8ces) &#187; En savoir plus\" \/>\n<meta property=\"og:description\" content=\"Pharmacie en ligne allemande enregistr\u00e9e. Nous offrons\u00a0: une livraison rapide dans le monde entier et un service de premier ordre. Pure Encapsulations L-Tyrosin Capsoules (90 pi\u00e8ces)\" \/>\n<meta property=\"og:url\" content=\"https:\/\/loewentestneu.metafex.io\/fr\/produit\/pure-encapsulations-l-tyrosin-capsoules-90-pcs-02823912\" \/>\n<meta property=\"og:site_name\" content=\"Lion Pharmacy\" \/>\n<meta property=\"article:modified_time\" content=\"2025-02-15T08:42:38+00:00\" \/>\n<meta property=\"og:image\" content=\"https:\/\/loewentestneu.metafex.io\/wp-content\/uploads\/2024\/12\/Pure-Encapsulations-L-Tyrosin-Capsoules.-PZN-02823912.-Lions-Pharmacy.webp\" \/>\n\t<meta property=\"og:image:width\" content=\"600\" \/>\n\t<meta property=\"og:image:height\" content=\"600\" \/>\n\t<meta property=\"og:image:type\" content=\"image\/webp\" \/>\n<meta name=\"twitter:card\" content=\"summary_large_image\" \/>\n<meta name=\"twitter:label1\" content=\"Dur\u00e9e de lecture estim\u00e9e\" \/>\n\t<meta name=\"twitter:data1\" content=\"1 minute\" \/>\n<script type=\"application\/ld+json\" class=\"yoast-schema-graph\">{\"@context\":\"https:\/\/schema.org\",\"@graph\":[{\"@type\":\"WebPage\",\"@id\":\"https:\/\/loewentestneu.metafex.io\/fr\/produit\/pure-encapsulations-l-tyrosin-capsoules-90-pcs-02823912\",\"url\":\"https:\/\/loewentestneu.metafex.io\/fr\/produit\/pure-encapsulations-l-tyrosin-capsoules-90-pcs-02823912\",\"name\":\"Pure Encapsulations L-Tyrosin Capsoules (90 pi\u00e8ces) &#187; En savoir plus\",\"isPartOf\":{\"@id\":\"https:\/\/loewentestneu.metafex.io\/fr#website\"},\"primaryImageOfPage\":{\"@id\":\"https:\/\/loewentestneu.metafex.io\/fr\/produit\/pure-encapsulations-l-tyrosin-capsoules-90-pcs-02823912#primaryimage\"},\"image\":{\"@id\":\"https:\/\/loewentestneu.metafex.io\/fr\/produit\/pure-encapsulations-l-tyrosin-capsoules-90-pcs-02823912#primaryimage\"},\"thumbnailUrl\":\"https:\/\/loewentestneu.metafex.io\/wp-content\/uploads\/2024\/12\/Pure-Encapsulations-L-Tyrosin-Capsoules.-PZN-02823912.-Lions-Pharmacy.webp\",\"datePublished\":\"2024-12-13T11:11:18+00:00\",\"dateModified\":\"2025-02-15T08:42:38+00:00\",\"description\":\"Pharmacie en ligne allemande enregistr\u00e9e. Nous offrons\u00a0: une livraison rapide dans le monde entier et un service de premier ordre. Pure Encapsulations L-Tyrosin Capsoules (90 pi\u00e8ces)\",\"breadcrumb\":{\"@id\":\"https:\/\/loewentestneu.metafex.io\/fr\/produit\/pure-encapsulations-l-tyrosin-capsoules-90-pcs-02823912#breadcrumb\"},\"inLanguage\":\"fr-FR\",\"potentialAction\":[{\"@type\":\"ReadAction\",\"target\":[\"https:\/\/loewentestneu.metafex.io\/fr\/produit\/pure-encapsulations-l-tyrosin-capsoules-90-pcs-02823912\"]}]},{\"@type\":\"ImageObject\",\"inLanguage\":\"fr-FR\",\"@id\":\"https:\/\/loewentestneu.metafex.io\/fr\/produit\/pure-encapsulations-l-tyrosin-capsoules-90-pcs-02823912#primaryimage\",\"url\":\"https:\/\/loewentestneu.metafex.io\/wp-content\/uploads\/2024\/12\/Pure-Encapsulations-L-Tyrosin-Capsoules.-PZN-02823912.-Lions-Pharmacy.webp\",\"contentUrl\":\"https:\/\/loewentestneu.metafex.io\/wp-content\/uploads\/2024\/12\/Pure-Encapsulations-L-Tyrosin-Capsoules.-PZN-02823912.-Lions-Pharmacy.webp\",\"width\":600,\"height\":600,\"caption\":\"L\u2019image montre Pure Encapsulations L-Tyrosin Capsoules. PZN 02823912. Lions-Pharmacie\"},{\"@type\":\"BreadcrumbList\",\"@id\":\"https:\/\/loewentestneu.metafex.io\/fr\/produit\/pure-encapsulations-l-tyrosin-capsoules-90-pcs-02823912#breadcrumb\",\"itemListElement\":[{\"@type\":\"ListItem\",\"position\":1,\"name\":\"Home\",\"item\":\"https:\/\/loewentestneu.metafex.io\/fr\/homepage-lion-pharmacy\"},{\"@type\":\"ListItem\",\"position\":2,\"name\":\"Shop\",\"item\":\"https:\/\/loewentestneu.metafex.io\/fr\/boutique\"},{\"@type\":\"ListItem\",\"position\":3,\"name\":\"Pure Encapsulations L-Tyrosin Capsoules (90 pi\u00e8ces)\"}]},{\"@type\":\"WebSite\",\"@id\":\"https:\/\/loewentestneu.metafex.io\/fr#website\",\"url\":\"https:\/\/loewentestneu.metafex.io\/fr\",\"name\":\"Lions Pharmacy\",\"description\":\"Pharmacie sp\u00e9cialis\u00e9e en naturopathie de Baden-Baden, Allemagne\",\"publisher\":{\"@id\":\"https:\/\/loewentestneu.metafex.io\/fr#organization\"},\"alternateName\":\"Lion Pharmacy\",\"potentialAction\":[{\"@type\":\"SearchAction\",\"target\":{\"@type\":\"EntryPoint\",\"urlTemplate\":\"https:\/\/loewentestneu.metafex.io\/fr?s={search_term_string}\"},\"query-input\":{\"@type\":\"PropertyValueSpecification\",\"valueRequired\":true,\"valueName\":\"search_term_string\"}}],\"inLanguage\":\"fr-FR\"},{\"@type\":\"Organization\",\"@id\":\"https:\/\/loewentestneu.metafex.io\/fr#organization\",\"name\":\"Lions Pharmacy\",\"alternateName\":\"Lions Pharmacy24\",\"url\":\"https:\/\/loewentestneu.metafex.io\/fr\",\"logo\":{\"@type\":\"ImageObject\",\"inLanguage\":\"fr-FR\",\"@id\":\"https:\/\/loewentestneu.metafex.io\/fr#\/schema\/logo\/image\/\",\"url\":\"https:\/\/loewentestneu.metafex.io\/wp-content\/uploads\/2022\/12\/Logo-Lion-Pharmacy-c-o-Loewen-Apotheke-smal.jpg\",\"contentUrl\":\"https:\/\/loewentestneu.metafex.io\/wp-content\/uploads\/2022\/12\/Logo-Lion-Pharmacy-c-o-Loewen-Apotheke-smal.jpg\",\"width\":298,\"height\":99,\"caption\":\"Lions Pharmacy\"},\"image\":{\"@id\":\"https:\/\/loewentestneu.metafex.io\/fr#\/schema\/logo\/image\/\"}}]}<\/script>\n<!-- \/ Yoast SEO plugin. -->","yoast_head_json":{"title":"Pure Encapsulations L-Tyrosin Capsoules (90 pi\u00e8ces) &#187; En savoir plus","description":"Pharmacie en ligne allemande enregistr\u00e9e. Nous offrons\u00a0: une livraison rapide dans le monde entier et un service de premier ordre. Pure Encapsulations L-Tyrosin Capsoules (90 pi\u00e8ces)","robots":{"index":"noindex","follow":"follow","max-snippet":"max-snippet:-1","max-image-preview":"max-image-preview:large","max-video-preview":"max-video-preview:-1"},"og_locale":"fr_FR","og_type":"article","og_title":"Pure Encapsulations L-Tyrosin Capsoules (90 pi\u00e8ces) &#187; En savoir plus","og_description":"Pharmacie en ligne allemande enregistr\u00e9e. Nous offrons\u00a0: une livraison rapide dans le monde entier et un service de premier ordre. Pure Encapsulations L-Tyrosin Capsoules (90 pi\u00e8ces)","og_url":"https:\/\/loewentestneu.metafex.io\/fr\/produit\/pure-encapsulations-l-tyrosin-capsoules-90-pcs-02823912","og_site_name":"Lion Pharmacy","article_modified_time":"2025-02-15T08:42:38+00:00","og_image":[{"width":600,"height":600,"url":"https:\/\/loewentestneu.metafex.io\/wp-content\/uploads\/2024\/12\/Pure-Encapsulations-L-Tyrosin-Capsoules.-PZN-02823912.-Lions-Pharmacy.webp","type":"image\/webp"}],"twitter_card":"summary_large_image","twitter_misc":{"Dur\u00e9e de lecture estim\u00e9e":"1 minute"},"schema":{"@context":"https:\/\/schema.org","@graph":[{"@type":"WebPage","@id":"https:\/\/loewentestneu.metafex.io\/fr\/produit\/pure-encapsulations-l-tyrosin-capsoules-90-pcs-02823912","url":"https:\/\/loewentestneu.metafex.io\/fr\/produit\/pure-encapsulations-l-tyrosin-capsoules-90-pcs-02823912","name":"Pure Encapsulations L-Tyrosin Capsoules (90 pi\u00e8ces) &#187; En savoir plus","isPartOf":{"@id":"https:\/\/loewentestneu.metafex.io\/fr#website"},"primaryImageOfPage":{"@id":"https:\/\/loewentestneu.metafex.io\/fr\/produit\/pure-encapsulations-l-tyrosin-capsoules-90-pcs-02823912#primaryimage"},"image":{"@id":"https:\/\/loewentestneu.metafex.io\/fr\/produit\/pure-encapsulations-l-tyrosin-capsoules-90-pcs-02823912#primaryimage"},"thumbnailUrl":"https:\/\/loewentestneu.metafex.io\/wp-content\/uploads\/2024\/12\/Pure-Encapsulations-L-Tyrosin-Capsoules.-PZN-02823912.-Lions-Pharmacy.webp","datePublished":"2024-12-13T11:11:18+00:00","dateModified":"2025-02-15T08:42:38+00:00","description":"Pharmacie en ligne allemande enregistr\u00e9e. Nous offrons\u00a0: une livraison rapide dans le monde entier et un service de premier ordre. Pure Encapsulations L-Tyrosin Capsoules (90 pi\u00e8ces)","breadcrumb":{"@id":"https:\/\/loewentestneu.metafex.io\/fr\/produit\/pure-encapsulations-l-tyrosin-capsoules-90-pcs-02823912#breadcrumb"},"inLanguage":"fr-FR","potentialAction":[{"@type":"ReadAction","target":["https:\/\/loewentestneu.metafex.io\/fr\/produit\/pure-encapsulations-l-tyrosin-capsoules-90-pcs-02823912"]}]},{"@type":"ImageObject","inLanguage":"fr-FR","@id":"https:\/\/loewentestneu.metafex.io\/fr\/produit\/pure-encapsulations-l-tyrosin-capsoules-90-pcs-02823912#primaryimage","url":"https:\/\/loewentestneu.metafex.io\/wp-content\/uploads\/2024\/12\/Pure-Encapsulations-L-Tyrosin-Capsoules.-PZN-02823912.-Lions-Pharmacy.webp","contentUrl":"https:\/\/loewentestneu.metafex.io\/wp-content\/uploads\/2024\/12\/Pure-Encapsulations-L-Tyrosin-Capsoules.-PZN-02823912.-Lions-Pharmacy.webp","width":600,"height":600,"caption":"L\u2019image montre Pure Encapsulations L-Tyrosin Capsoules. PZN 02823912. Lions-Pharmacie"},{"@type":"BreadcrumbList","@id":"https:\/\/loewentestneu.metafex.io\/fr\/produit\/pure-encapsulations-l-tyrosin-capsoules-90-pcs-02823912#breadcrumb","itemListElement":[{"@type":"ListItem","position":1,"name":"Home","item":"https:\/\/loewentestneu.metafex.io\/fr\/homepage-lion-pharmacy"},{"@type":"ListItem","position":2,"name":"Shop","item":"https:\/\/loewentestneu.metafex.io\/fr\/boutique"},{"@type":"ListItem","position":3,"name":"Pure Encapsulations L-Tyrosin Capsoules (90 pi\u00e8ces)"}]},{"@type":"WebSite","@id":"https:\/\/loewentestneu.metafex.io\/fr#website","url":"https:\/\/loewentestneu.metafex.io\/fr","name":"Lions Pharmacy","description":"Pharmacie sp\u00e9cialis\u00e9e en naturopathie de Baden-Baden, Allemagne","publisher":{"@id":"https:\/\/loewentestneu.metafex.io\/fr#organization"},"alternateName":"Lion Pharmacy","potentialAction":[{"@type":"SearchAction","target":{"@type":"EntryPoint","urlTemplate":"https:\/\/loewentestneu.metafex.io\/fr?s={search_term_string}"},"query-input":{"@type":"PropertyValueSpecification","valueRequired":true,"valueName":"search_term_string"}}],"inLanguage":"fr-FR"},{"@type":"Organization","@id":"https:\/\/loewentestneu.metafex.io\/fr#organization","name":"Lions Pharmacy","alternateName":"Lions Pharmacy24","url":"https:\/\/loewentestneu.metafex.io\/fr","logo":{"@type":"ImageObject","inLanguage":"fr-FR","@id":"https:\/\/loewentestneu.metafex.io\/fr#\/schema\/logo\/image\/","url":"https:\/\/loewentestneu.metafex.io\/wp-content\/uploads\/2022\/12\/Logo-Lion-Pharmacy-c-o-Loewen-Apotheke-smal.jpg","contentUrl":"https:\/\/loewentestneu.metafex.io\/wp-content\/uploads\/2022\/12\/Logo-Lion-Pharmacy-c-o-Loewen-Apotheke-smal.jpg","width":298,"height":99,"caption":"Lions Pharmacy"},"image":{"@id":"https:\/\/loewentestneu.metafex.io\/fr#\/schema\/logo\/image\/"}}]}},"_links":{"self":[{"href":"https:\/\/loewentestneu.metafex.io\/fr\/wp-json\/wp\/v2\/product\/7544","targetHints":{"allow":["GET"]}}],"collection":[{"href":"https:\/\/loewentestneu.metafex.io\/fr\/wp-json\/wp\/v2\/product"}],"about":[{"href":"https:\/\/loewentestneu.metafex.io\/fr\/wp-json\/wp\/v2\/types\/product"}],"replies":[{"embeddable":true,"href":"https:\/\/loewentestneu.metafex.io\/fr\/wp-json\/wp\/v2\/comments?post=7544"}],"wp:featuredmedia":[{"embeddable":true,"href":"https:\/\/loewentestneu.metafex.io\/fr\/wp-json\/wp\/v2\/media\/7550"}],"wp:attachment":[{"href":"https:\/\/loewentestneu.metafex.io\/fr\/wp-json\/wp\/v2\/media?parent=7544"}],"wp:term":[{"taxonomy":"product_brand","embeddable":true,"href":"https:\/\/loewentestneu.metafex.io\/fr\/wp-json\/wp\/v2\/product_brand?post=7544"},{"taxonomy":"product_cat","embeddable":true,"href":"https:\/\/loewentestneu.metafex.io\/fr\/wp-json\/wp\/v2\/product_cat?post=7544"},{"taxonomy":"product_tag","embeddable":true,"href":"https:\/\/loewentestneu.metafex.io\/fr\/wp-json\/wp\/v2\/product_tag?post=7544"}],"curies":[{"name":"wp","href":"https:\/\/api.w.org\/{rel}","templated":true}]}}