{"id":8025,"date":"2025-01-15T11:27:28","date_gmt":"2025-01-15T10:27:28","guid":{"rendered":"https:\/\/lions-pharmacy.com\/?post_type=product&#038;p=8025"},"modified":"2026-01-29T10:18:46","modified_gmt":"2026-01-29T09:18:46","slug":"allergostop-kit","status":"publish","type":"product","link":"https:\/\/loewentestneu.metafex.io\/fr\/produit\/allergostop-kit","title":{"rendered":"Kit Allergostop"},"content":{"rendered":"<h2>Kit Allergostop<\/h2>\n<p>Les anticorps pathog\u00e8nes du sang sont modifi\u00e9s par l\u2019ajout d\u2019un activateur s\u00e9rique sp\u00e9cial. Les anticorps d\u00e9sormais masqu\u00e9s deviennent ainsi des antig\u00e8nes et, apr\u00e8s r\u00e9injection, d\u00e9clenchent une r\u00e9ponse immunitaire. Les anticorps se forment contre les anticorps existants et r\u00e9duisent la formation d\u2019anticorps sp\u00e9cifiques \u00e0 la maladie, souvent de mani\u00e8re permanente. Le pr\u00e9l\u00e8vement sanguin, la s\u00e9rie de dilution pr\u00eate \u00e0 l\u2019emploi et la r\u00e9injection sont r\u00e9alis\u00e9s par votre th\u00e9rapeute pendant et pendant la phase aigu\u00eb d\u2019une maladie.<\/p>\n<p>Kit Allergostop compos\u00e9 de :<\/p>\n<ul>\n<li>1 x Activateur de s\u00e9rum vital<\/li>\n<li>8 x flacons NaCl 0,9 %<\/li>\n<li>1 x S-Monovettes, neutre, 9,0 ml<\/li>\n<li>1 x canules Monovette<\/li>\n<li>1 x seringue 3 ml (Omnifix)<\/li>\n<li>1 x seringue 1 ml (Omnifix)<\/li>\n<li>9 canules, 0,80 x 40 mm (Sterican)<\/li>\n<li>1 x d\u00e9sinfection par pulv\u00e9risation<\/li>\n<li>9 x \u00e9couvillons st\u00e9riles<\/li>\n<li>1 x feuille d\u2019\u00e9tiquettes<\/li>\n<li>1 x mode d\u2019emploi<\/li>\n<\/ul>\n<p>D\u00e9pliant\/Mode d\u2019emploi\/Fiche technique de l\u2019article&nbsp;: &#8211;<\/p>\n<p>Nom alternatif du produit&nbsp;: Allergostop set<br \/>\nAutres produits pour l&#8217;application : <a href=\"https:\/\/loewentestneu.metafex.io\/produkt-kategorie\/vitorgan\">vitOrgan<\/a><br \/>\nEn savoir plus sur le fabricant et ce produit : <a href=\"https:\/\/vitorgan.de\/en\/products\/\" target=\"_blank\" rel=\"noopener\">vitOrgan<\/a> (lien vers un site web externe)<\/p>\n<p>Les informations contenues dans ce site web sont fournies \u00e0 titre informatif uniquement. Ils ne remplacent en aucun cas l&#8217;examen et le traitement par un m\u00e9decin. Veuillez noter que cela signifie qu&#8217;aucun diagnostic ne peut \u00eatre \u00e9tabli et qu&#8217;aucune th\u00e9rapie ne peut \u00eatre mise en place.<\/p>\n<p>Pour conna\u00eetre les risques et les effets secondaires, lisez la notice et demandez conseil \u00e0 votre m\u00e9decin ou \u00e0 votre pharmacien.<\/p>\n<p><strong>Des questions sur le produit ? Nous sommes l\u00e0 pour vous !<\/strong><\/p>\n<p>Notre pharmacienne responsable, Dr. Sandra Hoff, et son \u00e9quipe se feront un plaisir de vous conseiller personnellement &#8211; par t\u00e9l\u00e9phone ou par e-mail. En tant que v\u00e9ritable pharmacie de quartier et pharmacie de vente par correspondance agr\u00e9\u00e9e, nous vous offrons un soutien comp\u00e9tent, notamment dans le domaine de la <a href=\"https:\/\/loewentestneu.metafex.io\/fr\/etiquette-produit\/remedes-naturels\">naturopathie<\/a> et des <a href=\"https:\/\/loewentestneu.metafex.io\/fr\/etiquette-produit\/vitamines-et-supplements\">compl\u00e9ments alimentaires<\/a>, ici les m\u00e9dicaments de <a href=\"https:\/\/loewentestneu.metafex.io\/fr\/product-brand\/vitorgan-fr\">vitOrgan<\/a> et <a href=\"https:\/\/loewentestneu.metafex.io\/fr\/product-category\/labo-life-fr\">Labo Life<\/a>.<br \/>\nVous trouverez notre autorisation dans le <a href=\"https:\/\/versandhandel.dimdi.de\/websearch\/servlet\/Gate;jsessionid=0D29D15655BE1174E9178A340E8FE6BC?accessid=dimdi_var&amp;term=3c387956690121ccc8763184f052b93f\" target=\"_blank\" rel=\"noopener\">registre de la vente par correspondance<\/a>.<\/p>\n","protected":false},"excerpt":{"rendered":"<h2>Kit Allergostop<\/h2>\n<p>Allergostop-Kit \u2013 un produit sanguin autologue hom\u00e9opathique pour le traitement des allergies de type imm\u00e9diat et des maladies auto-immunes.<\/p>\n<p>&nbsp;<\/p>\n<p>PZN : 11485182<\/p>\n<p>Forme posologique : Ensemble<\/p>\n<p>Type de prescription : sans ordonnance<\/p>\n<p>Marque : vitOrgan<\/p>\n<p>Fabricant : vitOrgan GmbH &amp; Co.KG, Ostfildern, Allemagne<\/p>\n<p>Taille de l\u2019emballage&nbsp;: 1<\/p>\n","protected":false},"featured_media":8030,"comment_status":"closed","ping_status":"closed","template":"","meta":[],"product_brand":[],"product_cat":[120,114,129],"product_tag":[228,306,309],"class_list":{"0":"post-8025","1":"product","2":"type-product","3":"status-publish","4":"has-post-thumbnail","6":"product_cat-sale-fr","7":"product_cat-non-classifiee","8":"product_cat-vitorgan-fr","9":"product_tag-asthme-et-allergies","10":"product_tag-homeopathie","11":"product_tag-vente-mensuelle","12":"ts_product_brand-all-fr","13":"ts_product_brand-vitorgan-fr","15":"first","16":"instock","17":"taxable","18":"shipping-taxable","19":"purchasable","20":"product-type-simple"},"yoast_head":"<!-- This site is optimized with the Yoast SEO plugin v26.5 - https:\/\/yoast.com\/wordpress\/plugins\/seo\/ -->\n<title>Kit Allergostop &#187; commander ici<\/title>\n<meta name=\"description\" content=\"Une pharmacie en ligne allemande enregistr\u00e9e. Nous offrons\u00a0: Exp\u00e9dition internationale rapide avec DHL. Produit fabriqu\u00e9 par vitOrgan | Kit Allergostop\" \/>\n<meta name=\"robots\" content=\"noindex, follow, max-snippet:-1, max-image-preview:large, max-video-preview:-1\" \/>\n<meta property=\"og:locale\" content=\"fr_FR\" \/>\n<meta property=\"og:type\" content=\"article\" \/>\n<meta property=\"og:title\" content=\"Kit Allergostop &#187; commander ici\" \/>\n<meta property=\"og:description\" content=\"Une pharmacie en ligne allemande enregistr\u00e9e. Nous offrons\u00a0: Exp\u00e9dition internationale rapide avec DHL. Produit fabriqu\u00e9 par vitOrgan | Kit Allergostop\" \/>\n<meta property=\"og:url\" content=\"https:\/\/loewentestneu.metafex.io\/fr\/produit\/allergostop-kit\" \/>\n<meta property=\"og:site_name\" content=\"Lion Pharmacy\" \/>\n<meta property=\"article:modified_time\" content=\"2026-01-29T09:18:46+00:00\" \/>\n<meta property=\"og:image\" content=\"https:\/\/loewentestneu.metafex.io\/wp-content\/uploads\/2025\/01\/Allergostop-Kit-von-vitOrgan-Arzneimittel.-PZN-11485182.-Lowen-Apotheke-Lions-Pharmacy.webp\" \/>\n\t<meta property=\"og:image:width\" content=\"600\" \/>\n\t<meta property=\"og:image:height\" content=\"600\" \/>\n\t<meta property=\"og:image:type\" content=\"image\/webp\" \/>\n<meta name=\"twitter:card\" content=\"summary_large_image\" \/>\n<meta name=\"twitter:label1\" content=\"Dur\u00e9e de lecture estim\u00e9e\" \/>\n\t<meta name=\"twitter:data1\" content=\"2 minutes\" \/>\n<script type=\"application\/ld+json\" class=\"yoast-schema-graph\">{\"@context\":\"https:\/\/schema.org\",\"@graph\":[{\"@type\":\"WebPage\",\"@id\":\"https:\/\/loewentestneu.metafex.io\/fr\/produit\/allergostop-kit\",\"url\":\"https:\/\/loewentestneu.metafex.io\/fr\/produit\/allergostop-kit\",\"name\":\"Kit Allergostop &#187; commander ici\",\"isPartOf\":{\"@id\":\"https:\/\/loewentestneu.metafex.io\/fr#website\"},\"primaryImageOfPage\":{\"@id\":\"https:\/\/loewentestneu.metafex.io\/fr\/produit\/allergostop-kit#primaryimage\"},\"image\":{\"@id\":\"https:\/\/loewentestneu.metafex.io\/fr\/produit\/allergostop-kit#primaryimage\"},\"thumbnailUrl\":\"https:\/\/loewentestneu.metafex.io\/wp-content\/uploads\/2025\/01\/Allergostop-Kit-von-vitOrgan-Arzneimittel.-PZN-11485182.-Lowen-Apotheke-Lions-Pharmacy.webp\",\"datePublished\":\"2025-01-15T10:27:28+00:00\",\"dateModified\":\"2026-01-29T09:18:46+00:00\",\"description\":\"Une pharmacie en ligne allemande enregistr\u00e9e. Nous offrons\u00a0: Exp\u00e9dition internationale rapide avec DHL. Produit fabriqu\u00e9 par vitOrgan | Kit Allergostop\",\"breadcrumb\":{\"@id\":\"https:\/\/loewentestneu.metafex.io\/fr\/produit\/allergostop-kit#breadcrumb\"},\"inLanguage\":\"fr-FR\",\"potentialAction\":[{\"@type\":\"ReadAction\",\"target\":[\"https:\/\/loewentestneu.metafex.io\/fr\/produit\/allergostop-kit\"]}]},{\"@type\":\"ImageObject\",\"inLanguage\":\"fr-FR\",\"@id\":\"https:\/\/loewentestneu.metafex.io\/fr\/produit\/allergostop-kit#primaryimage\",\"url\":\"https:\/\/loewentestneu.metafex.io\/wp-content\/uploads\/2025\/01\/Allergostop-Kit-von-vitOrgan-Arzneimittel.-PZN-11485182.-Lowen-Apotheke-Lions-Pharmacy.webp\",\"contentUrl\":\"https:\/\/loewentestneu.metafex.io\/wp-content\/uploads\/2025\/01\/Allergostop-Kit-von-vitOrgan-Arzneimittel.-PZN-11485182.-Lowen-Apotheke-Lions-Pharmacy.webp\",\"width\":600,\"height\":600,\"caption\":\"Allergostop-Kit von vitOrgan Arzneimittel. PZN 11485182. L\u00f6wen Apotheke - Pharmacie Lions\"},{\"@type\":\"BreadcrumbList\",\"@id\":\"https:\/\/loewentestneu.metafex.io\/fr\/produit\/allergostop-kit#breadcrumb\",\"itemListElement\":[{\"@type\":\"ListItem\",\"position\":1,\"name\":\"Home\",\"item\":\"https:\/\/loewentestneu.metafex.io\/fr\/homepage-lion-pharmacy\"},{\"@type\":\"ListItem\",\"position\":2,\"name\":\"Shop\",\"item\":\"https:\/\/loewentestneu.metafex.io\/fr\/boutique\"},{\"@type\":\"ListItem\",\"position\":3,\"name\":\"Kit Allergostop\"}]},{\"@type\":\"WebSite\",\"@id\":\"https:\/\/loewentestneu.metafex.io\/fr#website\",\"url\":\"https:\/\/loewentestneu.metafex.io\/fr\",\"name\":\"Lions Pharmacy\",\"description\":\"Pharmacie sp\u00e9cialis\u00e9e en naturopathie de Baden-Baden, Allemagne\",\"publisher\":{\"@id\":\"https:\/\/loewentestneu.metafex.io\/fr#organization\"},\"alternateName\":\"Lion Pharmacy\",\"potentialAction\":[{\"@type\":\"SearchAction\",\"target\":{\"@type\":\"EntryPoint\",\"urlTemplate\":\"https:\/\/loewentestneu.metafex.io\/fr?s={search_term_string}\"},\"query-input\":{\"@type\":\"PropertyValueSpecification\",\"valueRequired\":true,\"valueName\":\"search_term_string\"}}],\"inLanguage\":\"fr-FR\"},{\"@type\":\"Organization\",\"@id\":\"https:\/\/loewentestneu.metafex.io\/fr#organization\",\"name\":\"Lions Pharmacy\",\"alternateName\":\"Lions Pharmacy24\",\"url\":\"https:\/\/loewentestneu.metafex.io\/fr\",\"logo\":{\"@type\":\"ImageObject\",\"inLanguage\":\"fr-FR\",\"@id\":\"https:\/\/loewentestneu.metafex.io\/fr#\/schema\/logo\/image\/\",\"url\":\"https:\/\/loewentestneu.metafex.io\/wp-content\/uploads\/2022\/12\/Logo-Lion-Pharmacy-c-o-Loewen-Apotheke-smal.jpg\",\"contentUrl\":\"https:\/\/loewentestneu.metafex.io\/wp-content\/uploads\/2022\/12\/Logo-Lion-Pharmacy-c-o-Loewen-Apotheke-smal.jpg\",\"width\":298,\"height\":99,\"caption\":\"Lions Pharmacy\"},\"image\":{\"@id\":\"https:\/\/loewentestneu.metafex.io\/fr#\/schema\/logo\/image\/\"}}]}<\/script>\n<!-- \/ Yoast SEO plugin. -->","yoast_head_json":{"title":"Kit Allergostop &#187; commander ici","description":"Une pharmacie en ligne allemande enregistr\u00e9e. Nous offrons\u00a0: Exp\u00e9dition internationale rapide avec DHL. Produit fabriqu\u00e9 par vitOrgan | Kit Allergostop","robots":{"index":"noindex","follow":"follow","max-snippet":"max-snippet:-1","max-image-preview":"max-image-preview:large","max-video-preview":"max-video-preview:-1"},"og_locale":"fr_FR","og_type":"article","og_title":"Kit Allergostop &#187; commander ici","og_description":"Une pharmacie en ligne allemande enregistr\u00e9e. Nous offrons\u00a0: Exp\u00e9dition internationale rapide avec DHL. Produit fabriqu\u00e9 par vitOrgan | Kit Allergostop","og_url":"https:\/\/loewentestneu.metafex.io\/fr\/produit\/allergostop-kit","og_site_name":"Lion Pharmacy","article_modified_time":"2026-01-29T09:18:46+00:00","og_image":[{"width":600,"height":600,"url":"https:\/\/loewentestneu.metafex.io\/wp-content\/uploads\/2025\/01\/Allergostop-Kit-von-vitOrgan-Arzneimittel.-PZN-11485182.-Lowen-Apotheke-Lions-Pharmacy.webp","type":"image\/webp"}],"twitter_card":"summary_large_image","twitter_misc":{"Dur\u00e9e de lecture estim\u00e9e":"2 minutes"},"schema":{"@context":"https:\/\/schema.org","@graph":[{"@type":"WebPage","@id":"https:\/\/loewentestneu.metafex.io\/fr\/produit\/allergostop-kit","url":"https:\/\/loewentestneu.metafex.io\/fr\/produit\/allergostop-kit","name":"Kit Allergostop &#187; commander ici","isPartOf":{"@id":"https:\/\/loewentestneu.metafex.io\/fr#website"},"primaryImageOfPage":{"@id":"https:\/\/loewentestneu.metafex.io\/fr\/produit\/allergostop-kit#primaryimage"},"image":{"@id":"https:\/\/loewentestneu.metafex.io\/fr\/produit\/allergostop-kit#primaryimage"},"thumbnailUrl":"https:\/\/loewentestneu.metafex.io\/wp-content\/uploads\/2025\/01\/Allergostop-Kit-von-vitOrgan-Arzneimittel.-PZN-11485182.-Lowen-Apotheke-Lions-Pharmacy.webp","datePublished":"2025-01-15T10:27:28+00:00","dateModified":"2026-01-29T09:18:46+00:00","description":"Une pharmacie en ligne allemande enregistr\u00e9e. Nous offrons\u00a0: Exp\u00e9dition internationale rapide avec DHL. Produit fabriqu\u00e9 par vitOrgan | Kit Allergostop","breadcrumb":{"@id":"https:\/\/loewentestneu.metafex.io\/fr\/produit\/allergostop-kit#breadcrumb"},"inLanguage":"fr-FR","potentialAction":[{"@type":"ReadAction","target":["https:\/\/loewentestneu.metafex.io\/fr\/produit\/allergostop-kit"]}]},{"@type":"ImageObject","inLanguage":"fr-FR","@id":"https:\/\/loewentestneu.metafex.io\/fr\/produit\/allergostop-kit#primaryimage","url":"https:\/\/loewentestneu.metafex.io\/wp-content\/uploads\/2025\/01\/Allergostop-Kit-von-vitOrgan-Arzneimittel.-PZN-11485182.-Lowen-Apotheke-Lions-Pharmacy.webp","contentUrl":"https:\/\/loewentestneu.metafex.io\/wp-content\/uploads\/2025\/01\/Allergostop-Kit-von-vitOrgan-Arzneimittel.-PZN-11485182.-Lowen-Apotheke-Lions-Pharmacy.webp","width":600,"height":600,"caption":"Allergostop-Kit von vitOrgan Arzneimittel. PZN 11485182. L\u00f6wen Apotheke - Pharmacie Lions"},{"@type":"BreadcrumbList","@id":"https:\/\/loewentestneu.metafex.io\/fr\/produit\/allergostop-kit#breadcrumb","itemListElement":[{"@type":"ListItem","position":1,"name":"Home","item":"https:\/\/loewentestneu.metafex.io\/fr\/homepage-lion-pharmacy"},{"@type":"ListItem","position":2,"name":"Shop","item":"https:\/\/loewentestneu.metafex.io\/fr\/boutique"},{"@type":"ListItem","position":3,"name":"Kit Allergostop"}]},{"@type":"WebSite","@id":"https:\/\/loewentestneu.metafex.io\/fr#website","url":"https:\/\/loewentestneu.metafex.io\/fr","name":"Lions Pharmacy","description":"Pharmacie sp\u00e9cialis\u00e9e en naturopathie de Baden-Baden, Allemagne","publisher":{"@id":"https:\/\/loewentestneu.metafex.io\/fr#organization"},"alternateName":"Lion Pharmacy","potentialAction":[{"@type":"SearchAction","target":{"@type":"EntryPoint","urlTemplate":"https:\/\/loewentestneu.metafex.io\/fr?s={search_term_string}"},"query-input":{"@type":"PropertyValueSpecification","valueRequired":true,"valueName":"search_term_string"}}],"inLanguage":"fr-FR"},{"@type":"Organization","@id":"https:\/\/loewentestneu.metafex.io\/fr#organization","name":"Lions Pharmacy","alternateName":"Lions Pharmacy24","url":"https:\/\/loewentestneu.metafex.io\/fr","logo":{"@type":"ImageObject","inLanguage":"fr-FR","@id":"https:\/\/loewentestneu.metafex.io\/fr#\/schema\/logo\/image\/","url":"https:\/\/loewentestneu.metafex.io\/wp-content\/uploads\/2022\/12\/Logo-Lion-Pharmacy-c-o-Loewen-Apotheke-smal.jpg","contentUrl":"https:\/\/loewentestneu.metafex.io\/wp-content\/uploads\/2022\/12\/Logo-Lion-Pharmacy-c-o-Loewen-Apotheke-smal.jpg","width":298,"height":99,"caption":"Lions Pharmacy"},"image":{"@id":"https:\/\/loewentestneu.metafex.io\/fr#\/schema\/logo\/image\/"}}]}},"_links":{"self":[{"href":"https:\/\/loewentestneu.metafex.io\/fr\/wp-json\/wp\/v2\/product\/8025","targetHints":{"allow":["GET"]}}],"collection":[{"href":"https:\/\/loewentestneu.metafex.io\/fr\/wp-json\/wp\/v2\/product"}],"about":[{"href":"https:\/\/loewentestneu.metafex.io\/fr\/wp-json\/wp\/v2\/types\/product"}],"replies":[{"embeddable":true,"href":"https:\/\/loewentestneu.metafex.io\/fr\/wp-json\/wp\/v2\/comments?post=8025"}],"wp:featuredmedia":[{"embeddable":true,"href":"https:\/\/loewentestneu.metafex.io\/fr\/wp-json\/wp\/v2\/media\/8030"}],"wp:attachment":[{"href":"https:\/\/loewentestneu.metafex.io\/fr\/wp-json\/wp\/v2\/media?parent=8025"}],"wp:term":[{"taxonomy":"product_brand","embeddable":true,"href":"https:\/\/loewentestneu.metafex.io\/fr\/wp-json\/wp\/v2\/product_brand?post=8025"},{"taxonomy":"product_cat","embeddable":true,"href":"https:\/\/loewentestneu.metafex.io\/fr\/wp-json\/wp\/v2\/product_cat?post=8025"},{"taxonomy":"product_tag","embeddable":true,"href":"https:\/\/loewentestneu.metafex.io\/fr\/wp-json\/wp\/v2\/product_tag?post=8025"}],"curies":[{"name":"wp","href":"https:\/\/api.w.org\/{rel}","templated":true}]}}