{"id":9091,"date":"2025-02-14T16:44:30","date_gmt":"2025-02-14T15:44:30","guid":{"rendered":"https:\/\/lions-pharmacy.com\/?post_type=product&#038;p=9091"},"modified":"2025-02-17T16:15:31","modified_gmt":"2025-02-17T15:15:31","slug":"wobenzym-immun-tablets-240-pcs-07368648","status":"publish","type":"product","link":"https:\/\/loewentestneu.metafex.io\/fr\/produit\/wobenzym-immun-tablets-240-pcs-07368648","title":{"rendered":"WOBENZYM immun Comprim\u00e9s 240 pcs."},"content":{"rendered":"<h3>WOBENZYM immun comprim\u00e9s ent\u00e9rosolubles<\/h3>\n<p>Wobenzym immun comprim\u00e9s 240 pcs est un compl\u00e9ment alimentaire avec des enzymes et des vitamines en combinaison : Wobenzym\u00ae immune soutient le syst\u00e8me immunitaire gr\u00e2ce aux vitamines C et D ainsi qu&#8217;au zinc et au s\u00e9l\u00e9nium. La combinaison sp\u00e9ciale d&#8217;enzymes dans Wobenzym pour les troubles dont la cause est due \u00e0 un processus inflammatoire. Le compl\u00e9ment alimentaire Wobenzym\u00ae immune contient une combinaison sp\u00e9cialement d\u00e9velopp\u00e9e de vitamines et d&#8217;enzymes. Il fournit \u00e0 l&#8217;organisme des nutriments importants, m\u00eame lors de performances sportives et professionnelles de haut niveau.<\/p>\n<p>Pour soutenir le syst\u00e8me immunitaire.<\/p>\n<p>Les vitamines sp\u00e9ciales et le pouvoir enzymatique du m\u00e9dicament s&#8217;attaquent \u00e0 l&#8217;inflammation en tant que cause de la douleur et favorisent la gu\u00e9rison de mani\u00e8re naturelle. Il vous aide \u00e0 \u00eatre actif et \u00e0 profiter de la vie de mani\u00e8re naturelle. Les compl\u00e9ments alimentaires ne remplacent pas une alimentation vari\u00e9e et \u00e9quilibr\u00e9e ou un mode de vie sain. Ne pas d\u00e9passer la dose journali\u00e8re recommand\u00e9e.<\/p>\n<p>Vous trouverez d\u2019autres d\u00e9tails sur le produit aupr\u00e8s du fabricant&nbsp;: <a href=\"https:\/\/www.wobenzym.de\/\" target=\"_blank\" rel=\"noopener\">Wobenzym &#8211; MUCOS Pharma GmbH &amp; Co KG<\/a><\/p>\n<p>Notice \/ mode d\u2019emploi\/fiche technique de l\u2019article: &#8211; (Lecteur PDF)<\/p>\n<p>Autres produits pour l&#8217;application : <a href=\"https:\/\/loewentestneu.metafex.io\/produkt-schlagwort\/cold-flu\">Rhume et grippe<\/a> | <a href=\"https:\/\/loewentestneu.metafex.io\/product-tag\/cold-flu\">Infections<\/a><\/p>\n<p>Les informations contenues dans ce site web sont fournies \u00e0 titre informatif uniquement. Ils ne remplacent en aucun cas l&#8217;examen et le traitement par un m\u00e9decin. Veuillez noter que cela signifie qu&#8217;aucun diagnostic ne peut \u00eatre \u00e9tabli et qu&#8217;aucune th\u00e9rapie ne peut \u00eatre mise en place.<\/p>\n<p>Pour conna\u00eetre les risques et les effets secondaires, lisez la notice et demandez conseil \u00e0 votre m\u00e9decin ou \u00e0 votre pharmacien.<\/p>\n","protected":false},"excerpt":{"rendered":"<h2>WOBENZYM immun comprim\u00e9s 240 pcs.<\/h2>\n<p>WOBENZYM immun comprim\u00e9s ent\u00e9rosolubles pour le traitement de soutien des adultes souffrant de gonflement, d&#8217;inflammation ou de douleur. Pour soutenir le syst\u00e8me immunitaire.<\/p>\n<p>&nbsp;<\/p>\n<p>PZN : 07368648 (num\u00e9ro central de pharmacie)<\/p>\n<p>Forme posologique: comprim\u00e9s<\/p>\n<p>Type de prescription : sans ordonnance<\/p>\n<p>Marque&nbsp;: Wobenzym<\/p>\n<p>Fabricant&nbsp;: MUCOS Pharma GmbH &amp; Co KG<\/p>\n<p>Taille de l&#8217;emballage : 240 pi\u00e8ces.<\/p>\n","protected":false},"featured_media":9096,"comment_status":"closed","ping_status":"closed","template":"","meta":[],"product_brand":[],"product_cat":[120,114],"product_tag":[233,309,264],"class_list":{"0":"post-9091","1":"product","2":"type-product","3":"status-publish","4":"has-post-thumbnail","6":"product_cat-sale-fr","7":"product_cat-non-classifiee","8":"product_tag-infection-virale","9":"product_tag-vente-mensuelle","10":"product_tag-vitamines-et-supplements","11":"ts_product_brand-all-fr","13":"first","14":"outofstock","15":"sale","16":"featured","17":"taxable","18":"shipping-taxable","19":"purchasable","20":"product-type-simple"},"yoast_head":"<!-- This site is optimized with the Yoast SEO plugin v26.5 - https:\/\/yoast.com\/wordpress\/plugins\/seo\/ -->\n<title>WOBENZYM immun Comprim\u00e9s 240 pcs. &#187; Lion Pharmacy &#187; commander ici<\/title>\n<meta name=\"description\" content=\"Lions Pharmay est une pharmacie allemande enregistr\u00e9e. Nous offrons\u00a0: Exp\u00e9dition internationale rapide et achats en ligne s\u00e9curis\u00e9s. WOBENZYM immun Comprim\u00e9s 240 pcs.\" \/>\n<meta name=\"robots\" content=\"noindex, follow, max-snippet:-1, max-image-preview:large, max-video-preview:-1\" \/>\n<meta property=\"og:locale\" content=\"fr_FR\" \/>\n<meta property=\"og:type\" content=\"article\" \/>\n<meta property=\"og:title\" content=\"WOBENZYM immun Comprim\u00e9s 240 pcs. &#187; Lion Pharmacy &#187; commander ici\" \/>\n<meta property=\"og:description\" content=\"Lions Pharmay est une pharmacie allemande enregistr\u00e9e. Nous offrons\u00a0: Exp\u00e9dition internationale rapide et achats en ligne s\u00e9curis\u00e9s. WOBENZYM immun Comprim\u00e9s 240 pcs.\" \/>\n<meta property=\"og:url\" content=\"https:\/\/loewentestneu.metafex.io\/fr\/produit\/wobenzym-immun-tablets-240-pcs-07368648\" \/>\n<meta property=\"og:site_name\" content=\"Lion Pharmacy\" \/>\n<meta property=\"article:modified_time\" content=\"2025-02-17T15:15:31+00:00\" \/>\n<meta property=\"og:image\" content=\"https:\/\/loewentestneu.metafex.io\/wp-content\/uploads\/2025\/02\/WOBENZYM-immun-Tablets-240-pcs-Lions-Pharmacy.webp\" \/>\n\t<meta property=\"og:image:width\" content=\"600\" \/>\n\t<meta property=\"og:image:height\" content=\"600\" \/>\n\t<meta property=\"og:image:type\" content=\"image\/webp\" \/>\n<meta name=\"twitter:card\" content=\"summary_large_image\" \/>\n<meta name=\"twitter:label1\" content=\"Dur\u00e9e de lecture estim\u00e9e\" \/>\n\t<meta name=\"twitter:data1\" content=\"1 minute\" \/>\n<script type=\"application\/ld+json\" class=\"yoast-schema-graph\">{\"@context\":\"https:\/\/schema.org\",\"@graph\":[{\"@type\":\"WebPage\",\"@id\":\"https:\/\/loewentestneu.metafex.io\/fr\/produit\/wobenzym-immun-tablets-240-pcs-07368648\",\"url\":\"https:\/\/loewentestneu.metafex.io\/fr\/produit\/wobenzym-immun-tablets-240-pcs-07368648\",\"name\":\"WOBENZYM immun Comprim\u00e9s 240 pcs. &#187; Lion Pharmacy &#187; commander ici\",\"isPartOf\":{\"@id\":\"https:\/\/loewentestneu.metafex.io\/fr#website\"},\"primaryImageOfPage\":{\"@id\":\"https:\/\/loewentestneu.metafex.io\/fr\/produit\/wobenzym-immun-tablets-240-pcs-07368648#primaryimage\"},\"image\":{\"@id\":\"https:\/\/loewentestneu.metafex.io\/fr\/produit\/wobenzym-immun-tablets-240-pcs-07368648#primaryimage\"},\"thumbnailUrl\":\"https:\/\/loewentestneu.metafex.io\/wp-content\/uploads\/2025\/02\/WOBENZYM-immun-Tablets-240-pcs-Lions-Pharmacy.webp\",\"datePublished\":\"2025-02-14T15:44:30+00:00\",\"dateModified\":\"2025-02-17T15:15:31+00:00\",\"description\":\"Lions Pharmay est une pharmacie allemande enregistr\u00e9e. Nous offrons\u00a0: Exp\u00e9dition internationale rapide et achats en ligne s\u00e9curis\u00e9s. WOBENZYM immun Comprim\u00e9s 240 pcs.\",\"breadcrumb\":{\"@id\":\"https:\/\/loewentestneu.metafex.io\/fr\/produit\/wobenzym-immun-tablets-240-pcs-07368648#breadcrumb\"},\"inLanguage\":\"fr-FR\",\"potentialAction\":[{\"@type\":\"ReadAction\",\"target\":[\"https:\/\/loewentestneu.metafex.io\/fr\/produit\/wobenzym-immun-tablets-240-pcs-07368648\"]}]},{\"@type\":\"ImageObject\",\"inLanguage\":\"fr-FR\",\"@id\":\"https:\/\/loewentestneu.metafex.io\/fr\/produit\/wobenzym-immun-tablets-240-pcs-07368648#primaryimage\",\"url\":\"https:\/\/loewentestneu.metafex.io\/wp-content\/uploads\/2025\/02\/WOBENZYM-immun-Tablets-240-pcs-Lions-Pharmacy.webp\",\"contentUrl\":\"https:\/\/loewentestneu.metafex.io\/wp-content\/uploads\/2025\/02\/WOBENZYM-immun-Tablets-240-pcs-Lions-Pharmacy.webp\",\"width\":600,\"height\":600,\"caption\":\"WOBENZYM immun Comprim\u00e9s, 240 pi\u00e8ces dans une bo\u00eete, pr\u00e9sent\u00e9 par Lions Pharmacy\"},{\"@type\":\"BreadcrumbList\",\"@id\":\"https:\/\/loewentestneu.metafex.io\/fr\/produit\/wobenzym-immun-tablets-240-pcs-07368648#breadcrumb\",\"itemListElement\":[{\"@type\":\"ListItem\",\"position\":1,\"name\":\"Home\",\"item\":\"https:\/\/loewentestneu.metafex.io\/fr\/homepage-lion-pharmacy\"},{\"@type\":\"ListItem\",\"position\":2,\"name\":\"Shop\",\"item\":\"https:\/\/loewentestneu.metafex.io\/fr\/boutique\"},{\"@type\":\"ListItem\",\"position\":3,\"name\":\"WOBENZYM immun Comprim\u00e9s 240 pcs.\"}]},{\"@type\":\"WebSite\",\"@id\":\"https:\/\/loewentestneu.metafex.io\/fr#website\",\"url\":\"https:\/\/loewentestneu.metafex.io\/fr\",\"name\":\"Lions Pharmacy\",\"description\":\"Pharmacie sp\u00e9cialis\u00e9e en naturopathie de Baden-Baden, Allemagne\",\"publisher\":{\"@id\":\"https:\/\/loewentestneu.metafex.io\/fr#organization\"},\"alternateName\":\"Lion Pharmacy\",\"potentialAction\":[{\"@type\":\"SearchAction\",\"target\":{\"@type\":\"EntryPoint\",\"urlTemplate\":\"https:\/\/loewentestneu.metafex.io\/fr?s={search_term_string}\"},\"query-input\":{\"@type\":\"PropertyValueSpecification\",\"valueRequired\":true,\"valueName\":\"search_term_string\"}}],\"inLanguage\":\"fr-FR\"},{\"@type\":\"Organization\",\"@id\":\"https:\/\/loewentestneu.metafex.io\/fr#organization\",\"name\":\"Lions Pharmacy\",\"alternateName\":\"Lions Pharmacy24\",\"url\":\"https:\/\/loewentestneu.metafex.io\/fr\",\"logo\":{\"@type\":\"ImageObject\",\"inLanguage\":\"fr-FR\",\"@id\":\"https:\/\/loewentestneu.metafex.io\/fr#\/schema\/logo\/image\/\",\"url\":\"https:\/\/loewentestneu.metafex.io\/wp-content\/uploads\/2022\/12\/Logo-Lion-Pharmacy-c-o-Loewen-Apotheke-smal.jpg\",\"contentUrl\":\"https:\/\/loewentestneu.metafex.io\/wp-content\/uploads\/2022\/12\/Logo-Lion-Pharmacy-c-o-Loewen-Apotheke-smal.jpg\",\"width\":298,\"height\":99,\"caption\":\"Lions Pharmacy\"},\"image\":{\"@id\":\"https:\/\/loewentestneu.metafex.io\/fr#\/schema\/logo\/image\/\"}}]}<\/script>\n<!-- \/ Yoast SEO plugin. -->","yoast_head_json":{"title":"WOBENZYM immun Comprim\u00e9s 240 pcs. &#187; Lion Pharmacy &#187; commander ici","description":"Lions Pharmay est une pharmacie allemande enregistr\u00e9e. Nous offrons\u00a0: Exp\u00e9dition internationale rapide et achats en ligne s\u00e9curis\u00e9s. WOBENZYM immun Comprim\u00e9s 240 pcs.","robots":{"index":"noindex","follow":"follow","max-snippet":"max-snippet:-1","max-image-preview":"max-image-preview:large","max-video-preview":"max-video-preview:-1"},"og_locale":"fr_FR","og_type":"article","og_title":"WOBENZYM immun Comprim\u00e9s 240 pcs. &#187; Lion Pharmacy &#187; commander ici","og_description":"Lions Pharmay est une pharmacie allemande enregistr\u00e9e. Nous offrons\u00a0: Exp\u00e9dition internationale rapide et achats en ligne s\u00e9curis\u00e9s. WOBENZYM immun Comprim\u00e9s 240 pcs.","og_url":"https:\/\/loewentestneu.metafex.io\/fr\/produit\/wobenzym-immun-tablets-240-pcs-07368648","og_site_name":"Lion Pharmacy","article_modified_time":"2025-02-17T15:15:31+00:00","og_image":[{"width":600,"height":600,"url":"https:\/\/loewentestneu.metafex.io\/wp-content\/uploads\/2025\/02\/WOBENZYM-immun-Tablets-240-pcs-Lions-Pharmacy.webp","type":"image\/webp"}],"twitter_card":"summary_large_image","twitter_misc":{"Dur\u00e9e de lecture estim\u00e9e":"1 minute"},"schema":{"@context":"https:\/\/schema.org","@graph":[{"@type":"WebPage","@id":"https:\/\/loewentestneu.metafex.io\/fr\/produit\/wobenzym-immun-tablets-240-pcs-07368648","url":"https:\/\/loewentestneu.metafex.io\/fr\/produit\/wobenzym-immun-tablets-240-pcs-07368648","name":"WOBENZYM immun Comprim\u00e9s 240 pcs. &#187; Lion Pharmacy &#187; commander ici","isPartOf":{"@id":"https:\/\/loewentestneu.metafex.io\/fr#website"},"primaryImageOfPage":{"@id":"https:\/\/loewentestneu.metafex.io\/fr\/produit\/wobenzym-immun-tablets-240-pcs-07368648#primaryimage"},"image":{"@id":"https:\/\/loewentestneu.metafex.io\/fr\/produit\/wobenzym-immun-tablets-240-pcs-07368648#primaryimage"},"thumbnailUrl":"https:\/\/loewentestneu.metafex.io\/wp-content\/uploads\/2025\/02\/WOBENZYM-immun-Tablets-240-pcs-Lions-Pharmacy.webp","datePublished":"2025-02-14T15:44:30+00:00","dateModified":"2025-02-17T15:15:31+00:00","description":"Lions Pharmay est une pharmacie allemande enregistr\u00e9e. Nous offrons\u00a0: Exp\u00e9dition internationale rapide et achats en ligne s\u00e9curis\u00e9s. WOBENZYM immun Comprim\u00e9s 240 pcs.","breadcrumb":{"@id":"https:\/\/loewentestneu.metafex.io\/fr\/produit\/wobenzym-immun-tablets-240-pcs-07368648#breadcrumb"},"inLanguage":"fr-FR","potentialAction":[{"@type":"ReadAction","target":["https:\/\/loewentestneu.metafex.io\/fr\/produit\/wobenzym-immun-tablets-240-pcs-07368648"]}]},{"@type":"ImageObject","inLanguage":"fr-FR","@id":"https:\/\/loewentestneu.metafex.io\/fr\/produit\/wobenzym-immun-tablets-240-pcs-07368648#primaryimage","url":"https:\/\/loewentestneu.metafex.io\/wp-content\/uploads\/2025\/02\/WOBENZYM-immun-Tablets-240-pcs-Lions-Pharmacy.webp","contentUrl":"https:\/\/loewentestneu.metafex.io\/wp-content\/uploads\/2025\/02\/WOBENZYM-immun-Tablets-240-pcs-Lions-Pharmacy.webp","width":600,"height":600,"caption":"WOBENZYM immun Comprim\u00e9s, 240 pi\u00e8ces dans une bo\u00eete, pr\u00e9sent\u00e9 par Lions Pharmacy"},{"@type":"BreadcrumbList","@id":"https:\/\/loewentestneu.metafex.io\/fr\/produit\/wobenzym-immun-tablets-240-pcs-07368648#breadcrumb","itemListElement":[{"@type":"ListItem","position":1,"name":"Home","item":"https:\/\/loewentestneu.metafex.io\/fr\/homepage-lion-pharmacy"},{"@type":"ListItem","position":2,"name":"Shop","item":"https:\/\/loewentestneu.metafex.io\/fr\/boutique"},{"@type":"ListItem","position":3,"name":"WOBENZYM immun Comprim\u00e9s 240 pcs."}]},{"@type":"WebSite","@id":"https:\/\/loewentestneu.metafex.io\/fr#website","url":"https:\/\/loewentestneu.metafex.io\/fr","name":"Lions Pharmacy","description":"Pharmacie sp\u00e9cialis\u00e9e en naturopathie de Baden-Baden, Allemagne","publisher":{"@id":"https:\/\/loewentestneu.metafex.io\/fr#organization"},"alternateName":"Lion Pharmacy","potentialAction":[{"@type":"SearchAction","target":{"@type":"EntryPoint","urlTemplate":"https:\/\/loewentestneu.metafex.io\/fr?s={search_term_string}"},"query-input":{"@type":"PropertyValueSpecification","valueRequired":true,"valueName":"search_term_string"}}],"inLanguage":"fr-FR"},{"@type":"Organization","@id":"https:\/\/loewentestneu.metafex.io\/fr#organization","name":"Lions Pharmacy","alternateName":"Lions Pharmacy24","url":"https:\/\/loewentestneu.metafex.io\/fr","logo":{"@type":"ImageObject","inLanguage":"fr-FR","@id":"https:\/\/loewentestneu.metafex.io\/fr#\/schema\/logo\/image\/","url":"https:\/\/loewentestneu.metafex.io\/wp-content\/uploads\/2022\/12\/Logo-Lion-Pharmacy-c-o-Loewen-Apotheke-smal.jpg","contentUrl":"https:\/\/loewentestneu.metafex.io\/wp-content\/uploads\/2022\/12\/Logo-Lion-Pharmacy-c-o-Loewen-Apotheke-smal.jpg","width":298,"height":99,"caption":"Lions Pharmacy"},"image":{"@id":"https:\/\/loewentestneu.metafex.io\/fr#\/schema\/logo\/image\/"}}]}},"_links":{"self":[{"href":"https:\/\/loewentestneu.metafex.io\/fr\/wp-json\/wp\/v2\/product\/9091","targetHints":{"allow":["GET"]}}],"collection":[{"href":"https:\/\/loewentestneu.metafex.io\/fr\/wp-json\/wp\/v2\/product"}],"about":[{"href":"https:\/\/loewentestneu.metafex.io\/fr\/wp-json\/wp\/v2\/types\/product"}],"replies":[{"embeddable":true,"href":"https:\/\/loewentestneu.metafex.io\/fr\/wp-json\/wp\/v2\/comments?post=9091"}],"wp:featuredmedia":[{"embeddable":true,"href":"https:\/\/loewentestneu.metafex.io\/fr\/wp-json\/wp\/v2\/media\/9096"}],"wp:attachment":[{"href":"https:\/\/loewentestneu.metafex.io\/fr\/wp-json\/wp\/v2\/media?parent=9091"}],"wp:term":[{"taxonomy":"product_brand","embeddable":true,"href":"https:\/\/loewentestneu.metafex.io\/fr\/wp-json\/wp\/v2\/product_brand?post=9091"},{"taxonomy":"product_cat","embeddable":true,"href":"https:\/\/loewentestneu.metafex.io\/fr\/wp-json\/wp\/v2\/product_cat?post=9091"},{"taxonomy":"product_tag","embeddable":true,"href":"https:\/\/loewentestneu.metafex.io\/fr\/wp-json\/wp\/v2\/product_tag?post=9091"}],"curies":[{"name":"wp","href":"https:\/\/api.w.org\/{rel}","templated":true}]}}