{"id":9160,"date":"2025-02-15T06:38:38","date_gmt":"2025-02-15T05:38:38","guid":{"rendered":"https:\/\/lions-pharmacy.com\/?post_type=product&#038;p=9160"},"modified":"2025-02-15T09:01:12","modified_gmt":"2025-02-15T08:01:12","slug":"notakehl-d5-drops-10ml","status":"publish","type":"product","link":"https:\/\/loewentestneu.metafex.io\/fr\/produit\/notakehl-d5-drops-10ml","title":{"rendered":"NOTAKEHL D5 gouttes (10ml)"},"content":{"rendered":"<h3>NOTAKEHL D5 gouttes<\/h3>\n<p>NOTAKEHL D5 gouttes est un m\u00e9dicament hom\u00e9opathique pour l&#8217;angine, la bronchite, le rachis cervical, la douleur soulage.<\/p>\n<p>Chez le fabricant SANUM-KEHLBECK GmbH &amp; Co. KG, vous trouverez de plus amples informations sur le produit NOTAKEHL D 6 ampoules. Adresse du fournisseur\/fabricant SANUM-KEHLBECK GmbH &amp; Co. KG Hasseler Steinweg 9, 27318 Hoya, Allemagne.<\/p>\n<p>La th\u00e9rapie SANUM a un effet r\u00e9gulateur sur l&#8217;\u00e9quilibre microbien dans le corps gr\u00e2ce \u00e0 la puissance des micro-organismes naturels afin de traiter les maladies aigu\u00ebs et chroniques. Les domaines d&#8217;application des m\u00e9dicaments SANUM sont tr\u00e8s vari\u00e9s. Ils sont utilis\u00e9s pour les maladies aigu\u00ebs et chroniques du syst\u00e8me cardiovasculaire, les maladies d\u00e9g\u00e9n\u00e9ratives du tissu conjonctif et du tissu de soutien, ainsi que les maladies infectieuses bact\u00e9riennes, virales et fongiques.<\/p>\n<p>Notice \/ mode d\u2019emploi\/fiche technique de l\u2019article: &#8211; (Lecteur PDF)<\/p>\n<p>Autres produits pour l\u2019application&nbsp;: <a href=\"https:\/\/loewentestneu.metafex.io\/product-tag\/homeopathy\" rel=\"tag\">Hom\u00e9opathie<\/a> | <a href=\"https:\/\/loewentestneu.metafex.io\/product-tag\/virus-infection\" rel=\"tag\">Infection virale<\/a> | <a href=\"https:\/\/loewentestneu.metafex.io\/product-tag\/vitamins-supplements\">Vitamines et suppl\u00e9ments Produits<\/a><\/p>\n<p>En savoir plus sur le fabricant et ce produit : <a href=\"https:\/\/sanum.com\/\" target=\"_blank\" rel=\"noopener\">SANUM-Kelbeck<\/a> (lien vers un site web externe)<\/p>\n<p>Les informations contenues dans ce site web sont fournies \u00e0 titre informatif uniquement. Ils ne remplacent en aucun cas l&#8217;examen et le traitement par un m\u00e9decin. Veuillez noter que cela signifie qu&#8217;aucun diagnostic ne peut \u00eatre \u00e9tabli et qu&#8217;aucune th\u00e9rapie ne peut \u00eatre mise en place.<\/p>\n<p>Pour conna\u00eetre les risques et les effets secondaires, lisez la notice et demandez conseil \u00e0 votre m\u00e9decin ou \u00e0 votre pharmacien.<\/p>\n<p>&nbsp;<\/p>\n<h3>Ordonnance | e-prescription disponible ?<\/h3>\n<p>Soumettez votre e-prescription d\u00e8s maintenant. Utilisez notre application <a href=\"https:\/\/e-rezept-app.de\/shop-rezept\" target=\"_blank\" rel=\"noopener\">d\u2019ordonnance \u00e9lectronique<\/a> . Et nous vous donnons les frais de port gratuits en Allemagne !<\/p>\n","protected":false},"excerpt":{"rendered":"<h2>NOTAKEHL D5 gouttes<\/h2>\n<p>Pour l&#8217;angine, la bronchite, la colonne cervicale, la douleur.<\/p>\n<p>&nbsp;<\/p>\n<p><strong>PZN<\/strong>: 03207115<\/p>\n<p><strong>Forme gal\u00e9nique<\/strong> : gouttes<\/p>\n<p><strong>Taille de l&#8217;emballage<\/strong>: 10 ml<\/p>\n<p><strong>Type d\u2019ordonnance :<\/strong> sans ordonnance<\/p>\n<p><strong>Marque<\/strong>: SANUM<\/p>\n<p><strong>Fabricant<\/strong>: SANUM-Kehlbeck GmbH, Allemagne<\/p>\n","protected":false},"featured_media":9165,"comment_status":"closed","ping_status":"closed","template":"","meta":[],"product_brand":[],"product_cat":[114],"product_tag":[266,468,306,466,464,294,264],"class_list":{"0":"post-9160","1":"product","2":"type-product","3":"status-publish","4":"has-post-thumbnail","6":"product_cat-non-classifiee","7":"product_tag-bien-etre","8":"product_tag-grippe-et-rhume","9":"product_tag-homeopathie","10":"product_tag-ingredient-actif-a-base-de-plantes","11":"product_tag-remedes-naturels","12":"product_tag-rhume","13":"product_tag-vitamines-et-supplements","14":"ts_product_brand-all-fr","15":"ts_product_brand-sanum-kehlbeck-fr","17":"first","18":"instock","19":"sale","20":"taxable","21":"shipping-taxable","22":"purchasable","23":"product-type-simple"},"yoast_head":"<!-- This site is optimized with the Yoast SEO plugin v26.5 - https:\/\/yoast.com\/wordpress\/plugins\/seo\/ -->\n<title>NOTAKEHL D5 gouttes (10ml) &#187; En savoir plus<\/title>\n<meta name=\"description\" content=\"Pharmacie en ligne allemande enregistr\u00e9e. Nous offrons\u00a0: une livraison rapide dans le monde entier et un service de premier ordre. NOTAKEHL D5 gouttes (10ml) par SANUM-Kehlbeck. Th\u00e9rapie SANUM.\" \/>\n<meta name=\"robots\" content=\"noindex, follow, max-snippet:-1, max-image-preview:large, max-video-preview:-1\" \/>\n<meta property=\"og:locale\" content=\"fr_FR\" \/>\n<meta property=\"og:type\" content=\"article\" \/>\n<meta property=\"og:title\" content=\"NOTAKEHL D5 gouttes (10ml) &#187; En savoir plus\" \/>\n<meta property=\"og:description\" content=\"Pharmacie en ligne allemande enregistr\u00e9e. Nous offrons\u00a0: une livraison rapide dans le monde entier et un service de premier ordre. NOTAKEHL D5 gouttes (10ml) par SANUM-Kehlbeck. Th\u00e9rapie SANUM.\" \/>\n<meta property=\"og:url\" content=\"https:\/\/loewentestneu.metafex.io\/fr\/produit\/notakehl-d5-drops-10ml\" \/>\n<meta property=\"og:site_name\" content=\"Lion Pharmacy\" \/>\n<meta property=\"article:modified_time\" content=\"2025-02-15T08:01:12+00:00\" \/>\n<meta property=\"og:image\" content=\"https:\/\/loewentestneu.metafex.io\/wp-content\/uploads\/2025\/02\/Packung-NOTAKEHL-D5-drops-SANUM-KEHLBECK-GmbH-Co.-KG-PZN-03207115.webp\" \/>\n\t<meta property=\"og:image:width\" content=\"600\" \/>\n\t<meta property=\"og:image:height\" content=\"600\" \/>\n\t<meta property=\"og:image:type\" content=\"image\/webp\" \/>\n<meta name=\"twitter:card\" content=\"summary_large_image\" \/>\n<meta name=\"twitter:label1\" content=\"Dur\u00e9e de lecture estim\u00e9e\" \/>\n\t<meta name=\"twitter:data1\" content=\"1 minute\" \/>\n<script type=\"application\/ld+json\" class=\"yoast-schema-graph\">{\"@context\":\"https:\/\/schema.org\",\"@graph\":[{\"@type\":\"WebPage\",\"@id\":\"https:\/\/loewentestneu.metafex.io\/fr\/produit\/notakehl-d5-drops-10ml\",\"url\":\"https:\/\/loewentestneu.metafex.io\/fr\/produit\/notakehl-d5-drops-10ml\",\"name\":\"NOTAKEHL D5 gouttes (10ml) &#187; En savoir plus\",\"isPartOf\":{\"@id\":\"https:\/\/loewentestneu.metafex.io\/fr#website\"},\"primaryImageOfPage\":{\"@id\":\"https:\/\/loewentestneu.metafex.io\/fr\/produit\/notakehl-d5-drops-10ml#primaryimage\"},\"image\":{\"@id\":\"https:\/\/loewentestneu.metafex.io\/fr\/produit\/notakehl-d5-drops-10ml#primaryimage\"},\"thumbnailUrl\":\"https:\/\/loewentestneu.metafex.io\/wp-content\/uploads\/2025\/02\/Packung-NOTAKEHL-D5-drops-SANUM-KEHLBECK-GmbH-Co.-KG-PZN-03207115.webp\",\"datePublished\":\"2025-02-15T05:38:38+00:00\",\"dateModified\":\"2025-02-15T08:01:12+00:00\",\"description\":\"Pharmacie en ligne allemande enregistr\u00e9e. Nous offrons\u00a0: une livraison rapide dans le monde entier et un service de premier ordre. NOTAKEHL D5 gouttes (10ml) par SANUM-Kehlbeck. Th\u00e9rapie SANUM.\",\"breadcrumb\":{\"@id\":\"https:\/\/loewentestneu.metafex.io\/fr\/produit\/notakehl-d5-drops-10ml#breadcrumb\"},\"inLanguage\":\"fr-FR\",\"potentialAction\":[{\"@type\":\"ReadAction\",\"target\":[\"https:\/\/loewentestneu.metafex.io\/fr\/produit\/notakehl-d5-drops-10ml\"]}]},{\"@type\":\"ImageObject\",\"inLanguage\":\"fr-FR\",\"@id\":\"https:\/\/loewentestneu.metafex.io\/fr\/produit\/notakehl-d5-drops-10ml#primaryimage\",\"url\":\"https:\/\/loewentestneu.metafex.io\/wp-content\/uploads\/2025\/02\/Packung-NOTAKEHL-D5-drops-SANUM-KEHLBECK-GmbH-Co.-KG-PZN-03207115.webp\",\"contentUrl\":\"https:\/\/loewentestneu.metafex.io\/wp-content\/uploads\/2025\/02\/Packung-NOTAKEHL-D5-drops-SANUM-KEHLBECK-GmbH-Co.-KG-PZN-03207115.webp\",\"width\":600,\"height\":600,\"caption\":\"Une bo\u00eete NOTAKEHL D5 tombe de SANUM- KEHLBECK, PZN 03207115\"},{\"@type\":\"BreadcrumbList\",\"@id\":\"https:\/\/loewentestneu.metafex.io\/fr\/produit\/notakehl-d5-drops-10ml#breadcrumb\",\"itemListElement\":[{\"@type\":\"ListItem\",\"position\":1,\"name\":\"Home\",\"item\":\"https:\/\/loewentestneu.metafex.io\/fr\/homepage-lion-pharmacy\"},{\"@type\":\"ListItem\",\"position\":2,\"name\":\"Shop\",\"item\":\"https:\/\/loewentestneu.metafex.io\/fr\/boutique\"},{\"@type\":\"ListItem\",\"position\":3,\"name\":\"NOTAKEHL D5 gouttes (10ml)\"}]},{\"@type\":\"WebSite\",\"@id\":\"https:\/\/loewentestneu.metafex.io\/fr#website\",\"url\":\"https:\/\/loewentestneu.metafex.io\/fr\",\"name\":\"Lions Pharmacy\",\"description\":\"Pharmacie sp\u00e9cialis\u00e9e en naturopathie de Baden-Baden, Allemagne\",\"publisher\":{\"@id\":\"https:\/\/loewentestneu.metafex.io\/fr#organization\"},\"alternateName\":\"Lion Pharmacy\",\"potentialAction\":[{\"@type\":\"SearchAction\",\"target\":{\"@type\":\"EntryPoint\",\"urlTemplate\":\"https:\/\/loewentestneu.metafex.io\/fr?s={search_term_string}\"},\"query-input\":{\"@type\":\"PropertyValueSpecification\",\"valueRequired\":true,\"valueName\":\"search_term_string\"}}],\"inLanguage\":\"fr-FR\"},{\"@type\":\"Organization\",\"@id\":\"https:\/\/loewentestneu.metafex.io\/fr#organization\",\"name\":\"Lions Pharmacy\",\"alternateName\":\"Lions Pharmacy24\",\"url\":\"https:\/\/loewentestneu.metafex.io\/fr\",\"logo\":{\"@type\":\"ImageObject\",\"inLanguage\":\"fr-FR\",\"@id\":\"https:\/\/loewentestneu.metafex.io\/fr#\/schema\/logo\/image\/\",\"url\":\"https:\/\/loewentestneu.metafex.io\/wp-content\/uploads\/2022\/12\/Logo-Lion-Pharmacy-c-o-Loewen-Apotheke-smal.jpg\",\"contentUrl\":\"https:\/\/loewentestneu.metafex.io\/wp-content\/uploads\/2022\/12\/Logo-Lion-Pharmacy-c-o-Loewen-Apotheke-smal.jpg\",\"width\":298,\"height\":99,\"caption\":\"Lions Pharmacy\"},\"image\":{\"@id\":\"https:\/\/loewentestneu.metafex.io\/fr#\/schema\/logo\/image\/\"}}]}<\/script>\n<!-- \/ Yoast SEO plugin. -->","yoast_head_json":{"title":"NOTAKEHL D5 gouttes (10ml) &#187; En savoir plus","description":"Pharmacie en ligne allemande enregistr\u00e9e. Nous offrons\u00a0: une livraison rapide dans le monde entier et un service de premier ordre. NOTAKEHL D5 gouttes (10ml) par SANUM-Kehlbeck. Th\u00e9rapie SANUM.","robots":{"index":"noindex","follow":"follow","max-snippet":"max-snippet:-1","max-image-preview":"max-image-preview:large","max-video-preview":"max-video-preview:-1"},"og_locale":"fr_FR","og_type":"article","og_title":"NOTAKEHL D5 gouttes (10ml) &#187; En savoir plus","og_description":"Pharmacie en ligne allemande enregistr\u00e9e. Nous offrons\u00a0: une livraison rapide dans le monde entier et un service de premier ordre. NOTAKEHL D5 gouttes (10ml) par SANUM-Kehlbeck. Th\u00e9rapie SANUM.","og_url":"https:\/\/loewentestneu.metafex.io\/fr\/produit\/notakehl-d5-drops-10ml","og_site_name":"Lion Pharmacy","article_modified_time":"2025-02-15T08:01:12+00:00","og_image":[{"width":600,"height":600,"url":"https:\/\/loewentestneu.metafex.io\/wp-content\/uploads\/2025\/02\/Packung-NOTAKEHL-D5-drops-SANUM-KEHLBECK-GmbH-Co.-KG-PZN-03207115.webp","type":"image\/webp"}],"twitter_card":"summary_large_image","twitter_misc":{"Dur\u00e9e de lecture estim\u00e9e":"1 minute"},"schema":{"@context":"https:\/\/schema.org","@graph":[{"@type":"WebPage","@id":"https:\/\/loewentestneu.metafex.io\/fr\/produit\/notakehl-d5-drops-10ml","url":"https:\/\/loewentestneu.metafex.io\/fr\/produit\/notakehl-d5-drops-10ml","name":"NOTAKEHL D5 gouttes (10ml) &#187; En savoir plus","isPartOf":{"@id":"https:\/\/loewentestneu.metafex.io\/fr#website"},"primaryImageOfPage":{"@id":"https:\/\/loewentestneu.metafex.io\/fr\/produit\/notakehl-d5-drops-10ml#primaryimage"},"image":{"@id":"https:\/\/loewentestneu.metafex.io\/fr\/produit\/notakehl-d5-drops-10ml#primaryimage"},"thumbnailUrl":"https:\/\/loewentestneu.metafex.io\/wp-content\/uploads\/2025\/02\/Packung-NOTAKEHL-D5-drops-SANUM-KEHLBECK-GmbH-Co.-KG-PZN-03207115.webp","datePublished":"2025-02-15T05:38:38+00:00","dateModified":"2025-02-15T08:01:12+00:00","description":"Pharmacie en ligne allemande enregistr\u00e9e. Nous offrons\u00a0: une livraison rapide dans le monde entier et un service de premier ordre. NOTAKEHL D5 gouttes (10ml) par SANUM-Kehlbeck. Th\u00e9rapie SANUM.","breadcrumb":{"@id":"https:\/\/loewentestneu.metafex.io\/fr\/produit\/notakehl-d5-drops-10ml#breadcrumb"},"inLanguage":"fr-FR","potentialAction":[{"@type":"ReadAction","target":["https:\/\/loewentestneu.metafex.io\/fr\/produit\/notakehl-d5-drops-10ml"]}]},{"@type":"ImageObject","inLanguage":"fr-FR","@id":"https:\/\/loewentestneu.metafex.io\/fr\/produit\/notakehl-d5-drops-10ml#primaryimage","url":"https:\/\/loewentestneu.metafex.io\/wp-content\/uploads\/2025\/02\/Packung-NOTAKEHL-D5-drops-SANUM-KEHLBECK-GmbH-Co.-KG-PZN-03207115.webp","contentUrl":"https:\/\/loewentestneu.metafex.io\/wp-content\/uploads\/2025\/02\/Packung-NOTAKEHL-D5-drops-SANUM-KEHLBECK-GmbH-Co.-KG-PZN-03207115.webp","width":600,"height":600,"caption":"Une bo\u00eete NOTAKEHL D5 tombe de SANUM- KEHLBECK, PZN 03207115"},{"@type":"BreadcrumbList","@id":"https:\/\/loewentestneu.metafex.io\/fr\/produit\/notakehl-d5-drops-10ml#breadcrumb","itemListElement":[{"@type":"ListItem","position":1,"name":"Home","item":"https:\/\/loewentestneu.metafex.io\/fr\/homepage-lion-pharmacy"},{"@type":"ListItem","position":2,"name":"Shop","item":"https:\/\/loewentestneu.metafex.io\/fr\/boutique"},{"@type":"ListItem","position":3,"name":"NOTAKEHL D5 gouttes (10ml)"}]},{"@type":"WebSite","@id":"https:\/\/loewentestneu.metafex.io\/fr#website","url":"https:\/\/loewentestneu.metafex.io\/fr","name":"Lions Pharmacy","description":"Pharmacie sp\u00e9cialis\u00e9e en naturopathie de Baden-Baden, Allemagne","publisher":{"@id":"https:\/\/loewentestneu.metafex.io\/fr#organization"},"alternateName":"Lion Pharmacy","potentialAction":[{"@type":"SearchAction","target":{"@type":"EntryPoint","urlTemplate":"https:\/\/loewentestneu.metafex.io\/fr?s={search_term_string}"},"query-input":{"@type":"PropertyValueSpecification","valueRequired":true,"valueName":"search_term_string"}}],"inLanguage":"fr-FR"},{"@type":"Organization","@id":"https:\/\/loewentestneu.metafex.io\/fr#organization","name":"Lions Pharmacy","alternateName":"Lions Pharmacy24","url":"https:\/\/loewentestneu.metafex.io\/fr","logo":{"@type":"ImageObject","inLanguage":"fr-FR","@id":"https:\/\/loewentestneu.metafex.io\/fr#\/schema\/logo\/image\/","url":"https:\/\/loewentestneu.metafex.io\/wp-content\/uploads\/2022\/12\/Logo-Lion-Pharmacy-c-o-Loewen-Apotheke-smal.jpg","contentUrl":"https:\/\/loewentestneu.metafex.io\/wp-content\/uploads\/2022\/12\/Logo-Lion-Pharmacy-c-o-Loewen-Apotheke-smal.jpg","width":298,"height":99,"caption":"Lions Pharmacy"},"image":{"@id":"https:\/\/loewentestneu.metafex.io\/fr#\/schema\/logo\/image\/"}}]}},"_links":{"self":[{"href":"https:\/\/loewentestneu.metafex.io\/fr\/wp-json\/wp\/v2\/product\/9160","targetHints":{"allow":["GET"]}}],"collection":[{"href":"https:\/\/loewentestneu.metafex.io\/fr\/wp-json\/wp\/v2\/product"}],"about":[{"href":"https:\/\/loewentestneu.metafex.io\/fr\/wp-json\/wp\/v2\/types\/product"}],"replies":[{"embeddable":true,"href":"https:\/\/loewentestneu.metafex.io\/fr\/wp-json\/wp\/v2\/comments?post=9160"}],"wp:featuredmedia":[{"embeddable":true,"href":"https:\/\/loewentestneu.metafex.io\/fr\/wp-json\/wp\/v2\/media\/9165"}],"wp:attachment":[{"href":"https:\/\/loewentestneu.metafex.io\/fr\/wp-json\/wp\/v2\/media?parent=9160"}],"wp:term":[{"taxonomy":"product_brand","embeddable":true,"href":"https:\/\/loewentestneu.metafex.io\/fr\/wp-json\/wp\/v2\/product_brand?post=9160"},{"taxonomy":"product_cat","embeddable":true,"href":"https:\/\/loewentestneu.metafex.io\/fr\/wp-json\/wp\/v2\/product_cat?post=9160"},{"taxonomy":"product_tag","embeddable":true,"href":"https:\/\/loewentestneu.metafex.io\/fr\/wp-json\/wp\/v2\/product_tag?post=9160"}],"curies":[{"name":"wp","href":"https:\/\/api.w.org\/{rel}","templated":true}]}}