{"id":9170,"date":"2025-02-15T07:27:44","date_gmt":"2025-02-15T06:27:44","guid":{"rendered":"https:\/\/lions-pharmacy.com\/?post_type=product&#038;p=9170"},"modified":"2025-02-15T09:41:44","modified_gmt":"2025-02-15T08:41:44","slug":"pascorbin-infusion-set-solution-for-injection-saline-accessories-10-units","status":"publish","type":"product","link":"https:\/\/loewentestneu.metafex.io\/fr\/produit\/pascorbin-infusion-set-solution-for-injection-saline-accessories-10-units","title":{"rendered":"Set de perfusion PASCORBIN : Solution injectable, solution saline, accessoires (10 unit\u00e9s)"},"content":{"rendered":"<h2>Set de perfusion PASCORBIN &#8211; Infusion de vitamine C<\/h2>\n<p>La perfusion Pascorbin, perfusion de Vitimane C, est un ensemble complet compos\u00e9 d&#8217;unit\u00e9s individuelles assorties des fabricants Pascoe et B.Braun. Dans un ensemble pratique, vous pouvez effectuer le traitement directement.<\/p>\n<p>10x Pascorbin 7,5g 50ml &#8211; PZN 581310<br \/>\n10x solution saline 0.9% 500ml &#8211; de PZN 08609255<br \/>\n10x Transofix Transfer Set &#8211; PZN 03033218<br \/>\n10x set de perfusion Intrafix Air P &#8211; PZN 07666297<br \/>\n10x Venofix Safety G21 Vert &#8211; 17935338<\/p>\n<p>Notre set complet de perfusion de Pascorbin comprend les accessoires appropri\u00e9s pour 10 perfusions de Pascorbin \/ unit\u00e9s. \u00c9conomisez jusqu&#8217;\u00e0 30 % par rapport aux prix individuels.<\/p>\n<p>Il contient, entre autres, les \u00e9l\u00e9ments suivants PASCORBIN\u00ae solution injectable &#8211; Acide ascorbique solution injectable &#8211; A utiliser chez l&#8217;adulte et l&#8217;enfant.<\/p>\n<p>Ce n&#8217;est qu&#8217;en Allemagne et dans d&#8217;autres pays europ\u00e9ens que la perfusion \u00e0 haute dose de vitamine C a \u00e9t\u00e9 approuv\u00e9e. Pascorbin\u00ae p\u00e9n\u00e8tre directement dans la circulation sanguine et fournit imm\u00e9diatement de la vitamine C. Pour le traitement des carences cliniques en vitamine C qui ne peuvent \u00eatre combl\u00e9es par l&#8217;alimentation ou substitu\u00e9es par voie orale.<\/p>\n<p>Pascorbin &#8211; Ingr\u00e9dient actif : Acide ascorbique<\/p>\n<p>Une carence s\u00e9v\u00e8re en vitamine C peut \u00eatre pr\u00e9sente dans\/apr\u00e8s :<\/p>\n<p>les infections aigu\u00ebs et chroniques<br \/>\nr\u00e9gime alimentaire d\u00e9s\u00e9quilibr\u00e9<br \/>\nles maladies inflammatoires chroniques, par exemple l&#8217;arthrite<br \/>\nfatigue chronique<br \/>\nTroubles de l&#8217;absorption dans l&#8217;intestin<br \/>\nOp\u00e9rations<br \/>\nFumeurs<br \/>\nDiminution des performances physiques<br \/>\n\u00e9puisement et irritabilit\u00e9 accrus<br \/>\nDiminution de la r\u00e9sistance aux infections<\/p>\n<p>Ne vous auto-traitez pas avec des injections.<br \/>\nLa th\u00e9rapie par injection doit \u00eatre administr\u00e9e par un professionnel dans un cabinet.<\/p>\n<p>Le portefeuille Pascoe comprend environ 200 produits. Il s\u2019agit notamment des m\u00e9dicaments \u00e0 base de plantes, des pr\u00e9parations vitamin\u00e9es \u00e0 forte dose, des rem\u00e8des complexes hom\u00e9opathiques et des compl\u00e9ments alimentaires. La vari\u00e9t\u00e9 des m\u00e9dicaments tient compte des exigences complexes des produits de sant\u00e9. Notre succ\u00e8s nous donne \u00e9galement raison \u00e0 l\u2019international : nos produits sont export\u00e9s dans plus de 30 pays \u00e0 travers le monde, et la tendance est \u00e0 la hausse.<\/p>\n<p>Autres produits pour l\u2019application&nbsp;: <a href=\"https:\/\/loewentestneu.metafex.io\/product-tag\/homeopathy\">Hom\u00e9opathie<\/a> | <a href=\"https:\/\/loewentestneu.metafex.io\/product-tag\/vitamins-supplements\">Vitamines<\/a> | <a href=\"https:\/\/loewentestneu.metafex.io\/product-tag\/virus-infection\">Infections <\/a> <\/p>\n<p>En apprendre plus sur manufactorer et ce produit: <a href=\"https:\/\/www.pascoe.de\/\" target=\"_blank\" rel=\"noopener\">Pascoe pharmazeutische Pr\u00e4parate GmbH<\/a> (lien vers site Web externe)<\/p>\n<p>Les informations contenues dans ce site web sont fournies \u00e0 titre informatif uniquement. Ils ne remplacent en aucun cas l&#8217;examen et le traitement par un m\u00e9decin. Veuillez noter que cela signifie qu&#8217;aucun diagnostic ne peut \u00eatre \u00e9tabli et qu&#8217;aucune th\u00e9rapie ne peut \u00eatre mise en place.<\/p>\n<p>Pour conna\u00eetre les risques et les effets secondaires, lisez la notice et demandez conseil \u00e0 votre m\u00e9decin ou \u00e0 votre pharmacien.<\/p>\n","protected":false},"excerpt":{"rendered":"<h2>Set de perfusion PASCORBIN<\/h2>\n<p>Infusion de vitamine C. Solution injectable, solution saline, accessoires.<\/p>\n<p>10x Pascorbin 7,5g 50ml &#8211; PZN 581310<br \/>\n10x solution saline 0.9% 500ml &#8211; de PZN 08609255<br \/>\n10x Transofix Transfer Set &#8211; PZN 03033218<br \/>\n10x set de perfusion Intrafix Air P &#8211; PZN 07666297<br \/>\n10x Venofix Safety G21 Vert &#8211; 17935338<\/p>\n<p><strong>Type d\u2019ordonnance<\/strong> : sans ordonnance<\/p>\n<p><strong>Fabricant<\/strong>&nbsp;: Pascoe pharmazeutische Pr\u00e4parate GmbH<\/p>\n","protected":false},"featured_media":9175,"comment_status":"closed","ping_status":"closed","template":"","meta":[],"product_brand":[],"product_cat":[567,598,114],"product_tag":[266,297,511,306,264],"class_list":{"0":"post-9170","1":"product","2":"type-product","3":"status-publish","4":"has-post-thumbnail","6":"product_cat-offres-exclusives","7":"product_cat-pascoe-fr","8":"product_cat-non-classifiee","9":"product_tag-bien-etre","10":"product_tag-concentration-stress-fr","11":"product_tag-corona-et-defense-immunitaire","12":"product_tag-homeopathie","13":"product_tag-vitamines-et-supplements","14":"ts_product_brand-all-fr","15":"ts_product_brand-pascoe","17":"first","18":"instock","19":"sale","20":"taxable","21":"shipping-taxable","22":"purchasable","23":"product-type-simple"},"yoast_head":"<!-- This site is optimized with the Yoast SEO plugin v26.5 - https:\/\/yoast.com\/wordpress\/plugins\/seo\/ -->\n<title>Set de perfusion PASCORBIN : Solution injectable (10 unit\u00e9s)<\/title>\n<meta name=\"description\" content=\"Pharmacie allemande enregistr\u00e9e. Exp\u00e9dition internationale rapide. En savoir plus sur Pascoe. Vitamine C en perfusion, PASCORBIN en perfusion : Solution injectable\" \/>\n<meta name=\"robots\" content=\"noindex, follow, max-snippet:-1, max-image-preview:large, max-video-preview:-1\" \/>\n<meta property=\"og:locale\" content=\"fr_FR\" \/>\n<meta property=\"og:type\" content=\"article\" \/>\n<meta property=\"og:title\" content=\"Set de perfusion PASCORBIN : Solution injectable (10 unit\u00e9s)\" \/>\n<meta property=\"og:description\" content=\"Pharmacie allemande enregistr\u00e9e. Exp\u00e9dition internationale rapide. En savoir plus sur Pascoe. Vitamine C en perfusion, PASCORBIN en perfusion : Solution injectable\" \/>\n<meta property=\"og:url\" content=\"https:\/\/loewentestneu.metafex.io\/fr\/produit\/pascorbin-infusion-set-solution-for-injection-saline-accessories-10-units\" \/>\n<meta property=\"og:site_name\" content=\"Lion Pharmacy\" \/>\n<meta property=\"article:modified_time\" content=\"2025-02-15T08:41:44+00:00\" \/>\n<meta property=\"og:image\" content=\"https:\/\/loewentestneu.metafex.io\/wp-content\/uploads\/2025\/02\/Pascorbin-Infusion-Set-Vitamine-C-infusion-Pasoe.webp\" \/>\n\t<meta property=\"og:image:width\" content=\"600\" \/>\n\t<meta property=\"og:image:height\" content=\"600\" \/>\n\t<meta property=\"og:image:type\" content=\"image\/webp\" \/>\n<meta name=\"twitter:card\" content=\"summary_large_image\" \/>\n<meta name=\"twitter:label1\" content=\"Dur\u00e9e de lecture estim\u00e9e\" \/>\n\t<meta name=\"twitter:data1\" content=\"2 minutes\" \/>\n<script type=\"application\/ld+json\" class=\"yoast-schema-graph\">{\"@context\":\"https:\/\/schema.org\",\"@graph\":[{\"@type\":\"WebPage\",\"@id\":\"https:\/\/loewentestneu.metafex.io\/fr\/produit\/pascorbin-infusion-set-solution-for-injection-saline-accessories-10-units\",\"url\":\"https:\/\/loewentestneu.metafex.io\/fr\/produit\/pascorbin-infusion-set-solution-for-injection-saline-accessories-10-units\",\"name\":\"Set de perfusion PASCORBIN : Solution injectable (10 unit\u00e9s)\",\"isPartOf\":{\"@id\":\"https:\/\/loewentestneu.metafex.io\/fr#website\"},\"primaryImageOfPage\":{\"@id\":\"https:\/\/loewentestneu.metafex.io\/fr\/produit\/pascorbin-infusion-set-solution-for-injection-saline-accessories-10-units#primaryimage\"},\"image\":{\"@id\":\"https:\/\/loewentestneu.metafex.io\/fr\/produit\/pascorbin-infusion-set-solution-for-injection-saline-accessories-10-units#primaryimage\"},\"thumbnailUrl\":\"https:\/\/loewentestneu.metafex.io\/wp-content\/uploads\/2025\/02\/Pascorbin-Infusion-Set-Vitamine-C-infusion-Pasoe.webp\",\"datePublished\":\"2025-02-15T06:27:44+00:00\",\"dateModified\":\"2025-02-15T08:41:44+00:00\",\"description\":\"Pharmacie allemande enregistr\u00e9e. Exp\u00e9dition internationale rapide. En savoir plus sur Pascoe. Vitamine C en perfusion, PASCORBIN en perfusion : Solution injectable\",\"breadcrumb\":{\"@id\":\"https:\/\/loewentestneu.metafex.io\/fr\/produit\/pascorbin-infusion-set-solution-for-injection-saline-accessories-10-units#breadcrumb\"},\"inLanguage\":\"fr-FR\",\"potentialAction\":[{\"@type\":\"ReadAction\",\"target\":[\"https:\/\/loewentestneu.metafex.io\/fr\/produit\/pascorbin-infusion-set-solution-for-injection-saline-accessories-10-units\"]}]},{\"@type\":\"ImageObject\",\"inLanguage\":\"fr-FR\",\"@id\":\"https:\/\/loewentestneu.metafex.io\/fr\/produit\/pascorbin-infusion-set-solution-for-injection-saline-accessories-10-units#primaryimage\",\"url\":\"https:\/\/loewentestneu.metafex.io\/wp-content\/uploads\/2025\/02\/Pascorbin-Infusion-Set-Vitamine-C-infusion-Pasoe.webp\",\"contentUrl\":\"https:\/\/loewentestneu.metafex.io\/wp-content\/uploads\/2025\/02\/Pascorbin-Infusion-Set-Vitamine-C-infusion-Pasoe.webp\",\"width\":600,\"height\":600,\"caption\":\"Un set pour l'infusion de Pascorbin, infusion de Vitamine C de Pascoe et B.Braun\"},{\"@type\":\"BreadcrumbList\",\"@id\":\"https:\/\/loewentestneu.metafex.io\/fr\/produit\/pascorbin-infusion-set-solution-for-injection-saline-accessories-10-units#breadcrumb\",\"itemListElement\":[{\"@type\":\"ListItem\",\"position\":1,\"name\":\"Home\",\"item\":\"https:\/\/loewentestneu.metafex.io\/fr\/homepage-lion-pharmacy\"},{\"@type\":\"ListItem\",\"position\":2,\"name\":\"Shop\",\"item\":\"https:\/\/loewentestneu.metafex.io\/fr\/boutique\"},{\"@type\":\"ListItem\",\"position\":3,\"name\":\"Set de perfusion PASCORBIN : Solution injectable, solution saline, accessoires (10 unit\u00e9s)\"}]},{\"@type\":\"WebSite\",\"@id\":\"https:\/\/loewentestneu.metafex.io\/fr#website\",\"url\":\"https:\/\/loewentestneu.metafex.io\/fr\",\"name\":\"Lions Pharmacy\",\"description\":\"Pharmacie sp\u00e9cialis\u00e9e en naturopathie de Baden-Baden, Allemagne\",\"publisher\":{\"@id\":\"https:\/\/loewentestneu.metafex.io\/fr#organization\"},\"alternateName\":\"Lion Pharmacy\",\"potentialAction\":[{\"@type\":\"SearchAction\",\"target\":{\"@type\":\"EntryPoint\",\"urlTemplate\":\"https:\/\/loewentestneu.metafex.io\/fr?s={search_term_string}\"},\"query-input\":{\"@type\":\"PropertyValueSpecification\",\"valueRequired\":true,\"valueName\":\"search_term_string\"}}],\"inLanguage\":\"fr-FR\"},{\"@type\":\"Organization\",\"@id\":\"https:\/\/loewentestneu.metafex.io\/fr#organization\",\"name\":\"Lions Pharmacy\",\"alternateName\":\"Lions Pharmacy24\",\"url\":\"https:\/\/loewentestneu.metafex.io\/fr\",\"logo\":{\"@type\":\"ImageObject\",\"inLanguage\":\"fr-FR\",\"@id\":\"https:\/\/loewentestneu.metafex.io\/fr#\/schema\/logo\/image\/\",\"url\":\"https:\/\/loewentestneu.metafex.io\/wp-content\/uploads\/2022\/12\/Logo-Lion-Pharmacy-c-o-Loewen-Apotheke-smal.jpg\",\"contentUrl\":\"https:\/\/loewentestneu.metafex.io\/wp-content\/uploads\/2022\/12\/Logo-Lion-Pharmacy-c-o-Loewen-Apotheke-smal.jpg\",\"width\":298,\"height\":99,\"caption\":\"Lions Pharmacy\"},\"image\":{\"@id\":\"https:\/\/loewentestneu.metafex.io\/fr#\/schema\/logo\/image\/\"}}]}<\/script>\n<!-- \/ Yoast SEO plugin. -->","yoast_head_json":{"title":"Set de perfusion PASCORBIN : Solution injectable (10 unit\u00e9s)","description":"Pharmacie allemande enregistr\u00e9e. Exp\u00e9dition internationale rapide. En savoir plus sur Pascoe. Vitamine C en perfusion, PASCORBIN en perfusion : Solution injectable","robots":{"index":"noindex","follow":"follow","max-snippet":"max-snippet:-1","max-image-preview":"max-image-preview:large","max-video-preview":"max-video-preview:-1"},"og_locale":"fr_FR","og_type":"article","og_title":"Set de perfusion PASCORBIN : Solution injectable (10 unit\u00e9s)","og_description":"Pharmacie allemande enregistr\u00e9e. Exp\u00e9dition internationale rapide. En savoir plus sur Pascoe. Vitamine C en perfusion, PASCORBIN en perfusion : Solution injectable","og_url":"https:\/\/loewentestneu.metafex.io\/fr\/produit\/pascorbin-infusion-set-solution-for-injection-saline-accessories-10-units","og_site_name":"Lion Pharmacy","article_modified_time":"2025-02-15T08:41:44+00:00","og_image":[{"width":600,"height":600,"url":"https:\/\/loewentestneu.metafex.io\/wp-content\/uploads\/2025\/02\/Pascorbin-Infusion-Set-Vitamine-C-infusion-Pasoe.webp","type":"image\/webp"}],"twitter_card":"summary_large_image","twitter_misc":{"Dur\u00e9e de lecture estim\u00e9e":"2 minutes"},"schema":{"@context":"https:\/\/schema.org","@graph":[{"@type":"WebPage","@id":"https:\/\/loewentestneu.metafex.io\/fr\/produit\/pascorbin-infusion-set-solution-for-injection-saline-accessories-10-units","url":"https:\/\/loewentestneu.metafex.io\/fr\/produit\/pascorbin-infusion-set-solution-for-injection-saline-accessories-10-units","name":"Set de perfusion PASCORBIN : Solution injectable (10 unit\u00e9s)","isPartOf":{"@id":"https:\/\/loewentestneu.metafex.io\/fr#website"},"primaryImageOfPage":{"@id":"https:\/\/loewentestneu.metafex.io\/fr\/produit\/pascorbin-infusion-set-solution-for-injection-saline-accessories-10-units#primaryimage"},"image":{"@id":"https:\/\/loewentestneu.metafex.io\/fr\/produit\/pascorbin-infusion-set-solution-for-injection-saline-accessories-10-units#primaryimage"},"thumbnailUrl":"https:\/\/loewentestneu.metafex.io\/wp-content\/uploads\/2025\/02\/Pascorbin-Infusion-Set-Vitamine-C-infusion-Pasoe.webp","datePublished":"2025-02-15T06:27:44+00:00","dateModified":"2025-02-15T08:41:44+00:00","description":"Pharmacie allemande enregistr\u00e9e. Exp\u00e9dition internationale rapide. En savoir plus sur Pascoe. Vitamine C en perfusion, PASCORBIN en perfusion : Solution injectable","breadcrumb":{"@id":"https:\/\/loewentestneu.metafex.io\/fr\/produit\/pascorbin-infusion-set-solution-for-injection-saline-accessories-10-units#breadcrumb"},"inLanguage":"fr-FR","potentialAction":[{"@type":"ReadAction","target":["https:\/\/loewentestneu.metafex.io\/fr\/produit\/pascorbin-infusion-set-solution-for-injection-saline-accessories-10-units"]}]},{"@type":"ImageObject","inLanguage":"fr-FR","@id":"https:\/\/loewentestneu.metafex.io\/fr\/produit\/pascorbin-infusion-set-solution-for-injection-saline-accessories-10-units#primaryimage","url":"https:\/\/loewentestneu.metafex.io\/wp-content\/uploads\/2025\/02\/Pascorbin-Infusion-Set-Vitamine-C-infusion-Pasoe.webp","contentUrl":"https:\/\/loewentestneu.metafex.io\/wp-content\/uploads\/2025\/02\/Pascorbin-Infusion-Set-Vitamine-C-infusion-Pasoe.webp","width":600,"height":600,"caption":"Un set pour l'infusion de Pascorbin, infusion de Vitamine C de Pascoe et B.Braun"},{"@type":"BreadcrumbList","@id":"https:\/\/loewentestneu.metafex.io\/fr\/produit\/pascorbin-infusion-set-solution-for-injection-saline-accessories-10-units#breadcrumb","itemListElement":[{"@type":"ListItem","position":1,"name":"Home","item":"https:\/\/loewentestneu.metafex.io\/fr\/homepage-lion-pharmacy"},{"@type":"ListItem","position":2,"name":"Shop","item":"https:\/\/loewentestneu.metafex.io\/fr\/boutique"},{"@type":"ListItem","position":3,"name":"Set de perfusion PASCORBIN : Solution injectable, solution saline, accessoires (10 unit\u00e9s)"}]},{"@type":"WebSite","@id":"https:\/\/loewentestneu.metafex.io\/fr#website","url":"https:\/\/loewentestneu.metafex.io\/fr","name":"Lions Pharmacy","description":"Pharmacie sp\u00e9cialis\u00e9e en naturopathie de Baden-Baden, Allemagne","publisher":{"@id":"https:\/\/loewentestneu.metafex.io\/fr#organization"},"alternateName":"Lion Pharmacy","potentialAction":[{"@type":"SearchAction","target":{"@type":"EntryPoint","urlTemplate":"https:\/\/loewentestneu.metafex.io\/fr?s={search_term_string}"},"query-input":{"@type":"PropertyValueSpecification","valueRequired":true,"valueName":"search_term_string"}}],"inLanguage":"fr-FR"},{"@type":"Organization","@id":"https:\/\/loewentestneu.metafex.io\/fr#organization","name":"Lions Pharmacy","alternateName":"Lions Pharmacy24","url":"https:\/\/loewentestneu.metafex.io\/fr","logo":{"@type":"ImageObject","inLanguage":"fr-FR","@id":"https:\/\/loewentestneu.metafex.io\/fr#\/schema\/logo\/image\/","url":"https:\/\/loewentestneu.metafex.io\/wp-content\/uploads\/2022\/12\/Logo-Lion-Pharmacy-c-o-Loewen-Apotheke-smal.jpg","contentUrl":"https:\/\/loewentestneu.metafex.io\/wp-content\/uploads\/2022\/12\/Logo-Lion-Pharmacy-c-o-Loewen-Apotheke-smal.jpg","width":298,"height":99,"caption":"Lions Pharmacy"},"image":{"@id":"https:\/\/loewentestneu.metafex.io\/fr#\/schema\/logo\/image\/"}}]}},"_links":{"self":[{"href":"https:\/\/loewentestneu.metafex.io\/fr\/wp-json\/wp\/v2\/product\/9170","targetHints":{"allow":["GET"]}}],"collection":[{"href":"https:\/\/loewentestneu.metafex.io\/fr\/wp-json\/wp\/v2\/product"}],"about":[{"href":"https:\/\/loewentestneu.metafex.io\/fr\/wp-json\/wp\/v2\/types\/product"}],"replies":[{"embeddable":true,"href":"https:\/\/loewentestneu.metafex.io\/fr\/wp-json\/wp\/v2\/comments?post=9170"}],"wp:featuredmedia":[{"embeddable":true,"href":"https:\/\/loewentestneu.metafex.io\/fr\/wp-json\/wp\/v2\/media\/9175"}],"wp:attachment":[{"href":"https:\/\/loewentestneu.metafex.io\/fr\/wp-json\/wp\/v2\/media?parent=9170"}],"wp:term":[{"taxonomy":"product_brand","embeddable":true,"href":"https:\/\/loewentestneu.metafex.io\/fr\/wp-json\/wp\/v2\/product_brand?post=9170"},{"taxonomy":"product_cat","embeddable":true,"href":"https:\/\/loewentestneu.metafex.io\/fr\/wp-json\/wp\/v2\/product_cat?post=9170"},{"taxonomy":"product_tag","embeddable":true,"href":"https:\/\/loewentestneu.metafex.io\/fr\/wp-json\/wp\/v2\/product_tag?post=9170"}],"curies":[{"name":"wp","href":"https:\/\/api.w.org\/{rel}","templated":true}]}}