{"id":9325,"date":"2025-02-19T16:22:02","date_gmt":"2025-02-19T15:22:02","guid":{"rendered":"https:\/\/lions-pharmacy.com\/?post_type=product&#038;p=9325"},"modified":"2025-02-25T11:40:02","modified_gmt":"2025-02-25T10:40:02","slug":"bronheel-ad-us-vet-100-pc-13360119","status":"publish","type":"product","link":"https:\/\/loewentestneu.metafex.io\/fr\/produit\/bronheel-ad-us-vet-100-pc-13360119","title":{"rendered":"Bronheel ad us vet. (100 pc)"},"content":{"rendered":"<h3 class=\"mb-2.5 flex-1 break-words text-xl font-medium mobile:text-2xl tablet:mb-0\" data-qa-id=\"product-title\">Bronheel ad us vet.<\/h3>\n<p>Bronheel ad us vet. soulage les sympt\u00f4mes tels que la toux et la formation de mucus. M\u00e9dicament hom\u00e9opathique enregistr\u00e9, donc sans indication th\u00e9rapeutique. Pour les animaux.<br \/>\nM\u00e9dicament hom\u00e9opathique pour les chevaux, les bovins, les porcs, les moutons, les ch\u00e8vres, les chiens et les chats.<\/p>\n<p>D\u00e9pliant\/mode d\u2019emploi\/fiche technique de l\u2019article : \u2013 (lecteur PDF)<\/p>\n<p>Autres produits de : <a href=\"https:\/\/loewentestneu.metafex.io\/product-tag\/veterinary-medicine\">Soins des animaux et produits v\u00e9t\u00e9rinaires<\/a> | <a href=\"https:\/\/loewentestneu.metafex.io\/product-tag\/vitamins-supplements\">Vitamines et suppl\u00e9ments Produits<\/a><\/p>\n<p>Vous trouverez de plus amples informations sur le produit aupr\u00e8s du fabricant : <a href=\"https:\/\/www.heel.de\/de\/produktsuche.html\" target=\"_blank\" rel=\"noopener\">Biologische <\/a><a href=\"https:\/\/www.heel.de\/de\/produktsuche.html\">Heilmittel<\/a> <a href=\"https:\/\/www.heel.de\/de\/produktsuche.html\" target=\"_blank\" rel=\"noopener\">Heel GmbH<\/a><\/p>\n<p>Les informations contenues dans ce site web sont fournies \u00e0 titre informatif uniquement. Ils ne remplacent en aucun cas l&#8217;examen et le traitement par un m\u00e9decin. Veuillez noter que cela signifie qu&#8217;aucun diagnostic ne peut \u00eatre \u00e9tabli et qu&#8217;aucune th\u00e9rapie ne peut \u00eatre mise en place.<\/p>\n<p>Pour conna\u00eetre les risques et les effets secondaires, lisez la notice et demandez conseil \u00e0 votre m\u00e9decin ou \u00e0 votre pharmacien.<\/p>\n<p>&nbsp;<\/p>\n<h3>Ordonnance | e-prescription disponible ?<\/h3>\n<p>Soumettez votre e-prescription d\u00e8s maintenant. Utilisez notre application <a href=\"https:\/\/e-rezept-app.de\/shop-rezept\" target=\"_blank\" rel=\"noopener\">d\u2019ordonnance \u00e9lectronique<\/a> . Et nous vous donnons les frais de port gratuits en Allemagne !<\/p>\n","protected":false},"excerpt":{"rendered":"<h2 class=\"mb-2.5 flex-1 break-words text-xl font-medium mobile:text-2xl tablet:mb-0\" data-qa-id=\"product-title\">Bronheel ad us vet.<\/h2>\n<p>M\u00e9dicament hom\u00e9opathique pour chevaux, bovins, porcs, moutons, ch\u00e8vres, chiens, chats.<\/p>\n<p>&nbsp;<\/p>\n<p><strong>PZN<\/strong>: 13360119<\/p>\n<p><strong>Forme gal\u00e9naire<\/strong> : comprim\u00e9s<\/p>\n<p><strong>Taille de l&#8217;emballage<\/strong>: 100 pi\u00e8ces.<\/p>\n<p><strong>Type de prescription :<\/strong> sans ordonnance<\/p>\n<p><strong>Marque<\/strong>&nbsp;: &#8211;<\/p>\n<p><strong>Fabricant<\/strong>: Biologische Heel, Allemagne<\/p>\n","protected":false},"featured_media":9330,"comment_status":"closed","ping_status":"closed","template":"","meta":[],"product_brand":[],"product_cat":[346,114],"product_tag":[306,602,230],"class_list":{"0":"post-9325","1":"product","2":"type-product","3":"status-publish","4":"has-post-thumbnail","6":"product_cat-talon","7":"product_cat-non-classifiee","8":"product_tag-homeopathie","9":"product_tag-medecine-veterinaire","10":"product_tag-neydil-fr","11":"ts_product_brand-all-fr","12":"ts_product_brand-heel-fr","14":"first","15":"instock","16":"sale","17":"taxable","18":"shipping-taxable","19":"purchasable","20":"product-type-simple"},"yoast_head":"<!-- This site is optimized with the Yoast SEO plugin v26.5 - https:\/\/yoast.com\/wordpress\/plugins\/seo\/ -->\n<title>Bronheel ad us vet. (100 pc) &#187; commandez des soins pour animaux de compagnie sur Lion Pharmacy<\/title>\n<meta name=\"description\" content=\"Une pharmacie en ligne allemande enregistr\u00e9e. Nous vous proposons : des produits pour animaux de compagnie, une livraison rapide dans le monde entier et un service irr\u00e9prochable. Talon : Bronheel ad us vet. (100 pc)\" \/>\n<meta name=\"robots\" content=\"noindex, follow, max-snippet:-1, max-image-preview:large, max-video-preview:-1\" \/>\n<meta property=\"og:locale\" content=\"fr_FR\" \/>\n<meta property=\"og:type\" content=\"article\" \/>\n<meta property=\"og:title\" content=\"Bronheel ad us vet. (100 pc) &#187; commandez des soins pour animaux de compagnie sur Lion Pharmacy\" \/>\n<meta property=\"og:description\" content=\"Une pharmacie en ligne allemande enregistr\u00e9e. Nous vous proposons : des produits pour animaux de compagnie, une livraison rapide dans le monde entier et un service irr\u00e9prochable. Talon : Bronheel ad us vet. (100 pc)\" \/>\n<meta property=\"og:url\" content=\"https:\/\/loewentestneu.metafex.io\/fr\/produit\/bronheel-ad-us-vet-100-pc-13360119\" \/>\n<meta property=\"og:site_name\" content=\"Lion Pharmacy\" \/>\n<meta property=\"article:modified_time\" content=\"2025-02-25T10:40:02+00:00\" \/>\n<meta property=\"og:image\" content=\"https:\/\/loewentestneu.metafex.io\/wp-content\/uploads\/2025\/02\/Bronheel-vet-Heel-PZN-13360119-Lions-Pharmacy.webp\" \/>\n\t<meta property=\"og:image:width\" content=\"600\" \/>\n\t<meta property=\"og:image:height\" content=\"600\" \/>\n\t<meta property=\"og:image:type\" content=\"image\/webp\" \/>\n<meta name=\"twitter:card\" content=\"summary_large_image\" \/>\n<meta name=\"twitter:label1\" content=\"Dur\u00e9e de lecture estim\u00e9e\" \/>\n\t<meta name=\"twitter:data1\" content=\"1 minute\" \/>\n<script type=\"application\/ld+json\" class=\"yoast-schema-graph\">{\"@context\":\"https:\/\/schema.org\",\"@graph\":[{\"@type\":\"WebPage\",\"@id\":\"https:\/\/loewentestneu.metafex.io\/fr\/produit\/bronheel-ad-us-vet-100-pc-13360119\",\"url\":\"https:\/\/loewentestneu.metafex.io\/fr\/produit\/bronheel-ad-us-vet-100-pc-13360119\",\"name\":\"Bronheel ad us vet. (100 pc) &#187; commandez des soins pour animaux de compagnie sur Lion Pharmacy\",\"isPartOf\":{\"@id\":\"https:\/\/loewentestneu.metafex.io\/fr#website\"},\"primaryImageOfPage\":{\"@id\":\"https:\/\/loewentestneu.metafex.io\/fr\/produit\/bronheel-ad-us-vet-100-pc-13360119#primaryimage\"},\"image\":{\"@id\":\"https:\/\/loewentestneu.metafex.io\/fr\/produit\/bronheel-ad-us-vet-100-pc-13360119#primaryimage\"},\"thumbnailUrl\":\"https:\/\/loewentestneu.metafex.io\/wp-content\/uploads\/2025\/02\/Bronheel-vet-Heel-PZN-13360119-Lions-Pharmacy.webp\",\"datePublished\":\"2025-02-19T15:22:02+00:00\",\"dateModified\":\"2025-02-25T10:40:02+00:00\",\"description\":\"Une pharmacie en ligne allemande enregistr\u00e9e. Nous vous proposons : des produits pour animaux de compagnie, une livraison rapide dans le monde entier et un service irr\u00e9prochable. Talon : Bronheel ad us vet. (100 pc)\",\"breadcrumb\":{\"@id\":\"https:\/\/loewentestneu.metafex.io\/fr\/produit\/bronheel-ad-us-vet-100-pc-13360119#breadcrumb\"},\"inLanguage\":\"fr-FR\",\"potentialAction\":[{\"@type\":\"ReadAction\",\"target\":[\"https:\/\/loewentestneu.metafex.io\/fr\/produit\/bronheel-ad-us-vet-100-pc-13360119\"]}]},{\"@type\":\"ImageObject\",\"inLanguage\":\"fr-FR\",\"@id\":\"https:\/\/loewentestneu.metafex.io\/fr\/produit\/bronheel-ad-us-vet-100-pc-13360119#primaryimage\",\"url\":\"https:\/\/loewentestneu.metafex.io\/wp-content\/uploads\/2025\/02\/Bronheel-vet-Heel-PZN-13360119-Lions-Pharmacy.webp\",\"contentUrl\":\"https:\/\/loewentestneu.metafex.io\/wp-content\/uploads\/2025\/02\/Bronheel-vet-Heel-PZN-13360119-Lions-Pharmacy.webp\",\"width\":600,\"height\":600,\"caption\":\"Bronheel ad us vet from Heel, PZN 13360119, pr\u00e9sent\u00e9 par Lions Pharmacy\"},{\"@type\":\"BreadcrumbList\",\"@id\":\"https:\/\/loewentestneu.metafex.io\/fr\/produit\/bronheel-ad-us-vet-100-pc-13360119#breadcrumb\",\"itemListElement\":[{\"@type\":\"ListItem\",\"position\":1,\"name\":\"Home\",\"item\":\"https:\/\/loewentestneu.metafex.io\/fr\/homepage-lion-pharmacy\"},{\"@type\":\"ListItem\",\"position\":2,\"name\":\"Shop\",\"item\":\"https:\/\/loewentestneu.metafex.io\/fr\/boutique\"},{\"@type\":\"ListItem\",\"position\":3,\"name\":\"Bronheel ad us vet. (100 pc)\"}]},{\"@type\":\"WebSite\",\"@id\":\"https:\/\/loewentestneu.metafex.io\/fr#website\",\"url\":\"https:\/\/loewentestneu.metafex.io\/fr\",\"name\":\"Lions Pharmacy\",\"description\":\"Pharmacie sp\u00e9cialis\u00e9e en naturopathie de Baden-Baden, Allemagne\",\"publisher\":{\"@id\":\"https:\/\/loewentestneu.metafex.io\/fr#organization\"},\"alternateName\":\"Lion Pharmacy\",\"potentialAction\":[{\"@type\":\"SearchAction\",\"target\":{\"@type\":\"EntryPoint\",\"urlTemplate\":\"https:\/\/loewentestneu.metafex.io\/fr?s={search_term_string}\"},\"query-input\":{\"@type\":\"PropertyValueSpecification\",\"valueRequired\":true,\"valueName\":\"search_term_string\"}}],\"inLanguage\":\"fr-FR\"},{\"@type\":\"Organization\",\"@id\":\"https:\/\/loewentestneu.metafex.io\/fr#organization\",\"name\":\"Lions Pharmacy\",\"alternateName\":\"Lions Pharmacy24\",\"url\":\"https:\/\/loewentestneu.metafex.io\/fr\",\"logo\":{\"@type\":\"ImageObject\",\"inLanguage\":\"fr-FR\",\"@id\":\"https:\/\/loewentestneu.metafex.io\/fr#\/schema\/logo\/image\/\",\"url\":\"https:\/\/loewentestneu.metafex.io\/wp-content\/uploads\/2022\/12\/Logo-Lion-Pharmacy-c-o-Loewen-Apotheke-smal.jpg\",\"contentUrl\":\"https:\/\/loewentestneu.metafex.io\/wp-content\/uploads\/2022\/12\/Logo-Lion-Pharmacy-c-o-Loewen-Apotheke-smal.jpg\",\"width\":298,\"height\":99,\"caption\":\"Lions Pharmacy\"},\"image\":{\"@id\":\"https:\/\/loewentestneu.metafex.io\/fr#\/schema\/logo\/image\/\"}}]}<\/script>\n<!-- \/ Yoast SEO plugin. -->","yoast_head_json":{"title":"Bronheel ad us vet. (100 pc) &#187; commandez des soins pour animaux de compagnie sur Lion Pharmacy","description":"Une pharmacie en ligne allemande enregistr\u00e9e. Nous vous proposons : des produits pour animaux de compagnie, une livraison rapide dans le monde entier et un service irr\u00e9prochable. Talon : Bronheel ad us vet. (100 pc)","robots":{"index":"noindex","follow":"follow","max-snippet":"max-snippet:-1","max-image-preview":"max-image-preview:large","max-video-preview":"max-video-preview:-1"},"og_locale":"fr_FR","og_type":"article","og_title":"Bronheel ad us vet. (100 pc) &#187; commandez des soins pour animaux de compagnie sur Lion Pharmacy","og_description":"Une pharmacie en ligne allemande enregistr\u00e9e. Nous vous proposons : des produits pour animaux de compagnie, une livraison rapide dans le monde entier et un service irr\u00e9prochable. Talon : Bronheel ad us vet. (100 pc)","og_url":"https:\/\/loewentestneu.metafex.io\/fr\/produit\/bronheel-ad-us-vet-100-pc-13360119","og_site_name":"Lion Pharmacy","article_modified_time":"2025-02-25T10:40:02+00:00","og_image":[{"width":600,"height":600,"url":"https:\/\/loewentestneu.metafex.io\/wp-content\/uploads\/2025\/02\/Bronheel-vet-Heel-PZN-13360119-Lions-Pharmacy.webp","type":"image\/webp"}],"twitter_card":"summary_large_image","twitter_misc":{"Dur\u00e9e de lecture estim\u00e9e":"1 minute"},"schema":{"@context":"https:\/\/schema.org","@graph":[{"@type":"WebPage","@id":"https:\/\/loewentestneu.metafex.io\/fr\/produit\/bronheel-ad-us-vet-100-pc-13360119","url":"https:\/\/loewentestneu.metafex.io\/fr\/produit\/bronheel-ad-us-vet-100-pc-13360119","name":"Bronheel ad us vet. (100 pc) &#187; commandez des soins pour animaux de compagnie sur Lion Pharmacy","isPartOf":{"@id":"https:\/\/loewentestneu.metafex.io\/fr#website"},"primaryImageOfPage":{"@id":"https:\/\/loewentestneu.metafex.io\/fr\/produit\/bronheel-ad-us-vet-100-pc-13360119#primaryimage"},"image":{"@id":"https:\/\/loewentestneu.metafex.io\/fr\/produit\/bronheel-ad-us-vet-100-pc-13360119#primaryimage"},"thumbnailUrl":"https:\/\/loewentestneu.metafex.io\/wp-content\/uploads\/2025\/02\/Bronheel-vet-Heel-PZN-13360119-Lions-Pharmacy.webp","datePublished":"2025-02-19T15:22:02+00:00","dateModified":"2025-02-25T10:40:02+00:00","description":"Une pharmacie en ligne allemande enregistr\u00e9e. Nous vous proposons : des produits pour animaux de compagnie, une livraison rapide dans le monde entier et un service irr\u00e9prochable. Talon : Bronheel ad us vet. (100 pc)","breadcrumb":{"@id":"https:\/\/loewentestneu.metafex.io\/fr\/produit\/bronheel-ad-us-vet-100-pc-13360119#breadcrumb"},"inLanguage":"fr-FR","potentialAction":[{"@type":"ReadAction","target":["https:\/\/loewentestneu.metafex.io\/fr\/produit\/bronheel-ad-us-vet-100-pc-13360119"]}]},{"@type":"ImageObject","inLanguage":"fr-FR","@id":"https:\/\/loewentestneu.metafex.io\/fr\/produit\/bronheel-ad-us-vet-100-pc-13360119#primaryimage","url":"https:\/\/loewentestneu.metafex.io\/wp-content\/uploads\/2025\/02\/Bronheel-vet-Heel-PZN-13360119-Lions-Pharmacy.webp","contentUrl":"https:\/\/loewentestneu.metafex.io\/wp-content\/uploads\/2025\/02\/Bronheel-vet-Heel-PZN-13360119-Lions-Pharmacy.webp","width":600,"height":600,"caption":"Bronheel ad us vet from Heel, PZN 13360119, pr\u00e9sent\u00e9 par Lions Pharmacy"},{"@type":"BreadcrumbList","@id":"https:\/\/loewentestneu.metafex.io\/fr\/produit\/bronheel-ad-us-vet-100-pc-13360119#breadcrumb","itemListElement":[{"@type":"ListItem","position":1,"name":"Home","item":"https:\/\/loewentestneu.metafex.io\/fr\/homepage-lion-pharmacy"},{"@type":"ListItem","position":2,"name":"Shop","item":"https:\/\/loewentestneu.metafex.io\/fr\/boutique"},{"@type":"ListItem","position":3,"name":"Bronheel ad us vet. (100 pc)"}]},{"@type":"WebSite","@id":"https:\/\/loewentestneu.metafex.io\/fr#website","url":"https:\/\/loewentestneu.metafex.io\/fr","name":"Lions Pharmacy","description":"Pharmacie sp\u00e9cialis\u00e9e en naturopathie de Baden-Baden, Allemagne","publisher":{"@id":"https:\/\/loewentestneu.metafex.io\/fr#organization"},"alternateName":"Lion Pharmacy","potentialAction":[{"@type":"SearchAction","target":{"@type":"EntryPoint","urlTemplate":"https:\/\/loewentestneu.metafex.io\/fr?s={search_term_string}"},"query-input":{"@type":"PropertyValueSpecification","valueRequired":true,"valueName":"search_term_string"}}],"inLanguage":"fr-FR"},{"@type":"Organization","@id":"https:\/\/loewentestneu.metafex.io\/fr#organization","name":"Lions Pharmacy","alternateName":"Lions Pharmacy24","url":"https:\/\/loewentestneu.metafex.io\/fr","logo":{"@type":"ImageObject","inLanguage":"fr-FR","@id":"https:\/\/loewentestneu.metafex.io\/fr#\/schema\/logo\/image\/","url":"https:\/\/loewentestneu.metafex.io\/wp-content\/uploads\/2022\/12\/Logo-Lion-Pharmacy-c-o-Loewen-Apotheke-smal.jpg","contentUrl":"https:\/\/loewentestneu.metafex.io\/wp-content\/uploads\/2022\/12\/Logo-Lion-Pharmacy-c-o-Loewen-Apotheke-smal.jpg","width":298,"height":99,"caption":"Lions Pharmacy"},"image":{"@id":"https:\/\/loewentestneu.metafex.io\/fr#\/schema\/logo\/image\/"}}]}},"_links":{"self":[{"href":"https:\/\/loewentestneu.metafex.io\/fr\/wp-json\/wp\/v2\/product\/9325","targetHints":{"allow":["GET"]}}],"collection":[{"href":"https:\/\/loewentestneu.metafex.io\/fr\/wp-json\/wp\/v2\/product"}],"about":[{"href":"https:\/\/loewentestneu.metafex.io\/fr\/wp-json\/wp\/v2\/types\/product"}],"replies":[{"embeddable":true,"href":"https:\/\/loewentestneu.metafex.io\/fr\/wp-json\/wp\/v2\/comments?post=9325"}],"wp:featuredmedia":[{"embeddable":true,"href":"https:\/\/loewentestneu.metafex.io\/fr\/wp-json\/wp\/v2\/media\/9330"}],"wp:attachment":[{"href":"https:\/\/loewentestneu.metafex.io\/fr\/wp-json\/wp\/v2\/media?parent=9325"}],"wp:term":[{"taxonomy":"product_brand","embeddable":true,"href":"https:\/\/loewentestneu.metafex.io\/fr\/wp-json\/wp\/v2\/product_brand?post=9325"},{"taxonomy":"product_cat","embeddable":true,"href":"https:\/\/loewentestneu.metafex.io\/fr\/wp-json\/wp\/v2\/product_cat?post=9325"},{"taxonomy":"product_tag","embeddable":true,"href":"https:\/\/loewentestneu.metafex.io\/fr\/wp-json\/wp\/v2\/product_tag?post=9325"}],"curies":[{"name":"wp","href":"https:\/\/api.w.org\/{rel}","templated":true}]}}