{"id":9789,"date":"2025-03-06T10:34:58","date_gmt":"2025-03-06T09:34:58","guid":{"rendered":"https:\/\/lions-pharmacy.com\/?post_type=product&#038;p=9789"},"modified":"2025-03-12T07:08:56","modified_gmt":"2025-03-12T06:08:56","slug":"orthomol-femin-30-pc-01298993","status":"publish","type":"product","link":"https:\/\/loewentestneu.metafex.io\/fr\/produit\/orthomol-femin-30-pc-01298993","title":{"rendered":"Orthomol f\u00e9minin (30 pc)"},"content":{"rendered":"<h3 class=\"text-sm font-bold leading-[120%] md:text-2xl md:font-normal md:leading-[25px]\" title=\"Orthomol f\u00e9minin\">Orthomol f\u00e9minin<\/h3>\n<p class=\"text-sm font-bold leading-[120%] md:text-2xl md:font-normal md:leading-[25px]\" title=\"Orthomol f\u00e9minin\">Orthomol f\u00e9minin est un nutriment important pour les femmes m\u00e9nopaus\u00e9es qui r\u00e9gule l&#8217;activit\u00e9 hormonale gr\u00e2ce aux phytoestrog\u00e8nes, au zinc, au s\u00e9l\u00e9nium et \u00e0 la biotine pour les cheveux, la peau et les ongles.<\/p>\n<p class=\"text-sm font-bold leading-[120%] md:text-2xl md:font-normal md:leading-[25px]\" title=\"Orthomol f\u00e9minin\">Orthomol femin contient des micronutriments importants pour les femmes en m\u00e9nopause. La vitamine B6 aide \u00e0 r\u00e9guler l&#8217;activit\u00e9 hormonale. La biotine, le zinc et le s\u00e9l\u00e9nium contribuent au maintien d&#8217;une peau, de cheveux et d&#8217;ongles normaux. La vitamine C contribue \u00e0 la formation normale de collag\u00e8ne pour un fonctionnement normal de la peau et des os. La vitamine D et le zinc contribuent au maintien d&#8217;une ossature normale.<\/p>\n<p>Avec des isoflavones de soja, des lignanes de graines de lin, des acides gras d&#8217;huile de lin, d&#8217;huile de poisson et d&#8217;huile d&#8217;onagre ainsi que de la coenzyme Q10. Les compl\u00e9ments alimentaires ne se substituent pas \u00e0 une alimentation \u00e9quilibr\u00e9e et vari\u00e9e et \u00e0 un mode de vie sain.<\/p>\n<p>Produits d\u2019Orthomol: Pionniers de la m\u00e9decine nutritionnelle orthomol\u00e9culaire en Allemagne. Depuis plus de 30 ans, l\u2019entreprise d\u00e9veloppe et vend des doses \u00e9quilibr\u00e9es de combinaisons de micronutriments pour divers domaines d\u2019application. Ce sont des combinaisons de micronutriments bas\u00e9es sur la m\u00e9decine orthomol\u00e9culaire.<\/p>\n<p>Notice\/instructions d&#8217;utilisation\/fiche de donn\u00e9es sur les articles : &#8211; (lecteur PDF) et informations sur les denr\u00e9es alimentaires : &#8211; (lecteur PDF).<\/p>\n<p>Autres produits pour l&#8217;application : <a href=\"https:\/\/loewentestneu.metafex.io\/product-tag\/vitamins-supplements\">Vitamines et compl\u00e9ments alimentaires<\/a> | <a href=\"https:\/\/loewentestneu.metafex.io\/product-tag\/natural-remedies\" rel=\"tag\">Rem\u00e8des naturels<\/a> | <a href=\"https:\/\/loewentestneu.metafex.io\/product-tag\/wellness\" rel=\"tag\">Bien-\u00eatre<\/a><\/p>\n<p>En savoir plus sur manufactorer et ce produit: <a href=\"https:\/\/www.orthomol.com\/de-de\/produkte\/\" target=\"_blank\" rel=\"noopener\">orthomol<\/a> (lien vers site externe)<\/p>\n<p>Les informations contenues dans ce site web sont fournies \u00e0 titre informatif uniquement. Ils ne remplacent en aucun cas l&#8217;examen et le traitement par un m\u00e9decin. Veuillez noter que cela signifie qu&#8217;aucun diagnostic ne peut \u00eatre \u00e9tabli et qu&#8217;aucune th\u00e9rapie ne peut \u00eatre mise en place.<\/p>\n<p>Pour conna\u00eetre les risques et les effets secondaires, lisez la notice et demandez conseil \u00e0 votre m\u00e9decin ou \u00e0 votre pharmacien.<\/p>\n","protected":false},"excerpt":{"rendered":"<h2 class=\"text-sm font-bold leading-[120%] md:text-2xl md:font-normal md:leading-[25px]\" title=\"Orthomol f\u00e9minin\">Orthomol f\u00e9minin<\/h2>\n<p class=\"text-sm font-bold leading-[120%] md:text-2xl md:font-normal md:leading-[25px]\" title=\"Orthomol f\u00e9minin\">nutriments importants pour les femmes m\u00e9nopaus\u00e9es r\u00e9gule l&#8217;activit\u00e9 hormonale gr\u00e2ce aux phytoestrog\u00e8nes avec du zinc, du s\u00e9l\u00e9nium et de la biotine pour les cheveux, la peau et les ongles.<\/p>\n<p>&nbsp;<\/p>\n<p><strong>PZN<\/strong>: 01298993<\/p>\n<p><strong>Forme<\/strong> gal\u00e9nique : g\u00e9lules, 30 portions journali\u00e8res (30 x 2)<\/p>\n<p><strong>Type d\u2019ordonnance<\/strong> : sans ordonnance<\/p>\n<p><strong>Marque<\/strong>: orthomol<\/p>\n<p><strong>Fabricant<\/strong>: orthomol Arzneimittel GmbH, Allemagne<\/p>\n","protected":false},"featured_media":9794,"comment_status":"closed","ping_status":"closed","template":"","meta":[],"product_brand":[],"product_cat":[756,114],"product_tag":[266,466,267,264],"class_list":{"0":"post-9789","1":"product","2":"type-product","3":"status-publish","4":"has-post-thumbnail","6":"product_cat-orthomol-fr","7":"product_cat-non-classifiee","8":"product_tag-bien-etre","9":"product_tag-ingredient-actif-a-base-de-plantes","10":"product_tag-poids-et-forme","11":"product_tag-vitamines-et-supplements","12":"ts_product_brand-all-fr","13":"ts_product_brand-orthomol-fr","15":"first","16":"instock","17":"sale","18":"taxable","19":"shipping-taxable","20":"purchasable","21":"product-type-simple"},"yoast_head":"<!-- This site is optimized with the Yoast SEO plugin v26.5 - https:\/\/yoast.com\/wordpress\/plugins\/seo\/ -->\n<title>Orthomol f\u00e9minin (30 pc) &#187; d\u00e9couvrez plus, montrez maintenant<\/title>\n<meta name=\"description\" content=\"Fabricant : Orthomol. En savoir plus sur Orthomol f\u00e9minin (30 pc). Nous offrons\u00a0: Exp\u00e9dition internationale rapide et achats en ligne s\u00e9curis\u00e9s.\" \/>\n<meta name=\"robots\" content=\"noindex, follow, max-snippet:-1, max-image-preview:large, max-video-preview:-1\" \/>\n<meta property=\"og:locale\" content=\"fr_FR\" \/>\n<meta property=\"og:type\" content=\"article\" \/>\n<meta property=\"og:title\" content=\"Orthomol f\u00e9minin (30 pc) &#187; d\u00e9couvrez plus, montrez maintenant\" \/>\n<meta property=\"og:description\" content=\"Fabricant : Orthomol. En savoir plus sur Orthomol f\u00e9minin (30 pc). Nous offrons\u00a0: Exp\u00e9dition internationale rapide et achats en ligne s\u00e9curis\u00e9s.\" \/>\n<meta property=\"og:url\" content=\"https:\/\/loewentestneu.metafex.io\/fr\/produit\/orthomol-femin-30-pc-01298993\" \/>\n<meta property=\"og:site_name\" content=\"Lion Pharmacy\" \/>\n<meta property=\"article:modified_time\" content=\"2025-03-12T06:08:56+00:00\" \/>\n<meta property=\"og:image\" content=\"https:\/\/loewentestneu.metafex.io\/wp-content\/uploads\/2025\/03\/Orthomol-femin-30-pc-Orthomol-PZN-01298993-Lions-Pharmacy.webp\" \/>\n\t<meta property=\"og:image:width\" content=\"600\" \/>\n\t<meta property=\"og:image:height\" content=\"600\" \/>\n\t<meta property=\"og:image:type\" content=\"image\/webp\" \/>\n<meta name=\"twitter:card\" content=\"summary_large_image\" \/>\n<meta name=\"twitter:label1\" content=\"Dur\u00e9e de lecture estim\u00e9e\" \/>\n\t<meta name=\"twitter:data1\" content=\"2 minutes\" \/>\n<script type=\"application\/ld+json\" class=\"yoast-schema-graph\">{\"@context\":\"https:\/\/schema.org\",\"@graph\":[{\"@type\":\"WebPage\",\"@id\":\"https:\/\/loewentestneu.metafex.io\/fr\/produit\/orthomol-femin-30-pc-01298993\",\"url\":\"https:\/\/loewentestneu.metafex.io\/fr\/produit\/orthomol-femin-30-pc-01298993\",\"name\":\"Orthomol f\u00e9minin (30 pc) &#187; d\u00e9couvrez plus, montrez maintenant\",\"isPartOf\":{\"@id\":\"https:\/\/loewentestneu.metafex.io\/fr#website\"},\"primaryImageOfPage\":{\"@id\":\"https:\/\/loewentestneu.metafex.io\/fr\/produit\/orthomol-femin-30-pc-01298993#primaryimage\"},\"image\":{\"@id\":\"https:\/\/loewentestneu.metafex.io\/fr\/produit\/orthomol-femin-30-pc-01298993#primaryimage\"},\"thumbnailUrl\":\"https:\/\/loewentestneu.metafex.io\/wp-content\/uploads\/2025\/03\/Orthomol-femin-30-pc-Orthomol-PZN-01298993-Lions-Pharmacy.webp\",\"datePublished\":\"2025-03-06T09:34:58+00:00\",\"dateModified\":\"2025-03-12T06:08:56+00:00\",\"description\":\"Fabricant : Orthomol. En savoir plus sur Orthomol f\u00e9minin (30 pc). Nous offrons\u00a0: Exp\u00e9dition internationale rapide et achats en ligne s\u00e9curis\u00e9s.\",\"breadcrumb\":{\"@id\":\"https:\/\/loewentestneu.metafex.io\/fr\/produit\/orthomol-femin-30-pc-01298993#breadcrumb\"},\"inLanguage\":\"fr-FR\",\"potentialAction\":[{\"@type\":\"ReadAction\",\"target\":[\"https:\/\/loewentestneu.metafex.io\/fr\/produit\/orthomol-femin-30-pc-01298993\"]}]},{\"@type\":\"ImageObject\",\"inLanguage\":\"fr-FR\",\"@id\":\"https:\/\/loewentestneu.metafex.io\/fr\/produit\/orthomol-femin-30-pc-01298993#primaryimage\",\"url\":\"https:\/\/loewentestneu.metafex.io\/wp-content\/uploads\/2025\/03\/Orthomol-femin-30-pc-Orthomol-PZN-01298993-Lions-Pharmacy.webp\",\"contentUrl\":\"https:\/\/loewentestneu.metafex.io\/wp-content\/uploads\/2025\/03\/Orthomol-femin-30-pc-Orthomol-PZN-01298993-Lions-Pharmacy.webp\",\"width\":600,\"height\":600,\"caption\":\"Orthomol comprim\u00e9s f\u00e9minins pour femmes, contient 30 pc, fabricant Orthomol, produit PZN 01298993, pr\u00e9sent\u00e9 par Lions Pharmacy\"},{\"@type\":\"BreadcrumbList\",\"@id\":\"https:\/\/loewentestneu.metafex.io\/fr\/produit\/orthomol-femin-30-pc-01298993#breadcrumb\",\"itemListElement\":[{\"@type\":\"ListItem\",\"position\":1,\"name\":\"Home\",\"item\":\"https:\/\/loewentestneu.metafex.io\/fr\/homepage-lion-pharmacy\"},{\"@type\":\"ListItem\",\"position\":2,\"name\":\"Shop\",\"item\":\"https:\/\/loewentestneu.metafex.io\/fr\/boutique\"},{\"@type\":\"ListItem\",\"position\":3,\"name\":\"Orthomol f\u00e9minin (30 pc)\"}]},{\"@type\":\"WebSite\",\"@id\":\"https:\/\/loewentestneu.metafex.io\/fr#website\",\"url\":\"https:\/\/loewentestneu.metafex.io\/fr\",\"name\":\"Lions Pharmacy\",\"description\":\"Pharmacie sp\u00e9cialis\u00e9e en naturopathie de Baden-Baden, Allemagne\",\"publisher\":{\"@id\":\"https:\/\/loewentestneu.metafex.io\/fr#organization\"},\"alternateName\":\"Lion Pharmacy\",\"potentialAction\":[{\"@type\":\"SearchAction\",\"target\":{\"@type\":\"EntryPoint\",\"urlTemplate\":\"https:\/\/loewentestneu.metafex.io\/fr?s={search_term_string}\"},\"query-input\":{\"@type\":\"PropertyValueSpecification\",\"valueRequired\":true,\"valueName\":\"search_term_string\"}}],\"inLanguage\":\"fr-FR\"},{\"@type\":\"Organization\",\"@id\":\"https:\/\/loewentestneu.metafex.io\/fr#organization\",\"name\":\"Lions Pharmacy\",\"alternateName\":\"Lions Pharmacy24\",\"url\":\"https:\/\/loewentestneu.metafex.io\/fr\",\"logo\":{\"@type\":\"ImageObject\",\"inLanguage\":\"fr-FR\",\"@id\":\"https:\/\/loewentestneu.metafex.io\/fr#\/schema\/logo\/image\/\",\"url\":\"https:\/\/loewentestneu.metafex.io\/wp-content\/uploads\/2022\/12\/Logo-Lion-Pharmacy-c-o-Loewen-Apotheke-smal.jpg\",\"contentUrl\":\"https:\/\/loewentestneu.metafex.io\/wp-content\/uploads\/2022\/12\/Logo-Lion-Pharmacy-c-o-Loewen-Apotheke-smal.jpg\",\"width\":298,\"height\":99,\"caption\":\"Lions Pharmacy\"},\"image\":{\"@id\":\"https:\/\/loewentestneu.metafex.io\/fr#\/schema\/logo\/image\/\"}}]}<\/script>\n<!-- \/ Yoast SEO plugin. -->","yoast_head_json":{"title":"Orthomol f\u00e9minin (30 pc) &#187; d\u00e9couvrez plus, montrez maintenant","description":"Fabricant : Orthomol. En savoir plus sur Orthomol f\u00e9minin (30 pc). Nous offrons\u00a0: Exp\u00e9dition internationale rapide et achats en ligne s\u00e9curis\u00e9s.","robots":{"index":"noindex","follow":"follow","max-snippet":"max-snippet:-1","max-image-preview":"max-image-preview:large","max-video-preview":"max-video-preview:-1"},"og_locale":"fr_FR","og_type":"article","og_title":"Orthomol f\u00e9minin (30 pc) &#187; d\u00e9couvrez plus, montrez maintenant","og_description":"Fabricant : Orthomol. En savoir plus sur Orthomol f\u00e9minin (30 pc). Nous offrons\u00a0: Exp\u00e9dition internationale rapide et achats en ligne s\u00e9curis\u00e9s.","og_url":"https:\/\/loewentestneu.metafex.io\/fr\/produit\/orthomol-femin-30-pc-01298993","og_site_name":"Lion Pharmacy","article_modified_time":"2025-03-12T06:08:56+00:00","og_image":[{"width":600,"height":600,"url":"https:\/\/loewentestneu.metafex.io\/wp-content\/uploads\/2025\/03\/Orthomol-femin-30-pc-Orthomol-PZN-01298993-Lions-Pharmacy.webp","type":"image\/webp"}],"twitter_card":"summary_large_image","twitter_misc":{"Dur\u00e9e de lecture estim\u00e9e":"2 minutes"},"schema":{"@context":"https:\/\/schema.org","@graph":[{"@type":"WebPage","@id":"https:\/\/loewentestneu.metafex.io\/fr\/produit\/orthomol-femin-30-pc-01298993","url":"https:\/\/loewentestneu.metafex.io\/fr\/produit\/orthomol-femin-30-pc-01298993","name":"Orthomol f\u00e9minin (30 pc) &#187; d\u00e9couvrez plus, montrez maintenant","isPartOf":{"@id":"https:\/\/loewentestneu.metafex.io\/fr#website"},"primaryImageOfPage":{"@id":"https:\/\/loewentestneu.metafex.io\/fr\/produit\/orthomol-femin-30-pc-01298993#primaryimage"},"image":{"@id":"https:\/\/loewentestneu.metafex.io\/fr\/produit\/orthomol-femin-30-pc-01298993#primaryimage"},"thumbnailUrl":"https:\/\/loewentestneu.metafex.io\/wp-content\/uploads\/2025\/03\/Orthomol-femin-30-pc-Orthomol-PZN-01298993-Lions-Pharmacy.webp","datePublished":"2025-03-06T09:34:58+00:00","dateModified":"2025-03-12T06:08:56+00:00","description":"Fabricant : Orthomol. En savoir plus sur Orthomol f\u00e9minin (30 pc). Nous offrons\u00a0: Exp\u00e9dition internationale rapide et achats en ligne s\u00e9curis\u00e9s.","breadcrumb":{"@id":"https:\/\/loewentestneu.metafex.io\/fr\/produit\/orthomol-femin-30-pc-01298993#breadcrumb"},"inLanguage":"fr-FR","potentialAction":[{"@type":"ReadAction","target":["https:\/\/loewentestneu.metafex.io\/fr\/produit\/orthomol-femin-30-pc-01298993"]}]},{"@type":"ImageObject","inLanguage":"fr-FR","@id":"https:\/\/loewentestneu.metafex.io\/fr\/produit\/orthomol-femin-30-pc-01298993#primaryimage","url":"https:\/\/loewentestneu.metafex.io\/wp-content\/uploads\/2025\/03\/Orthomol-femin-30-pc-Orthomol-PZN-01298993-Lions-Pharmacy.webp","contentUrl":"https:\/\/loewentestneu.metafex.io\/wp-content\/uploads\/2025\/03\/Orthomol-femin-30-pc-Orthomol-PZN-01298993-Lions-Pharmacy.webp","width":600,"height":600,"caption":"Orthomol comprim\u00e9s f\u00e9minins pour femmes, contient 30 pc, fabricant Orthomol, produit PZN 01298993, pr\u00e9sent\u00e9 par Lions Pharmacy"},{"@type":"BreadcrumbList","@id":"https:\/\/loewentestneu.metafex.io\/fr\/produit\/orthomol-femin-30-pc-01298993#breadcrumb","itemListElement":[{"@type":"ListItem","position":1,"name":"Home","item":"https:\/\/loewentestneu.metafex.io\/fr\/homepage-lion-pharmacy"},{"@type":"ListItem","position":2,"name":"Shop","item":"https:\/\/loewentestneu.metafex.io\/fr\/boutique"},{"@type":"ListItem","position":3,"name":"Orthomol f\u00e9minin (30 pc)"}]},{"@type":"WebSite","@id":"https:\/\/loewentestneu.metafex.io\/fr#website","url":"https:\/\/loewentestneu.metafex.io\/fr","name":"Lions Pharmacy","description":"Pharmacie sp\u00e9cialis\u00e9e en naturopathie de Baden-Baden, Allemagne","publisher":{"@id":"https:\/\/loewentestneu.metafex.io\/fr#organization"},"alternateName":"Lion Pharmacy","potentialAction":[{"@type":"SearchAction","target":{"@type":"EntryPoint","urlTemplate":"https:\/\/loewentestneu.metafex.io\/fr?s={search_term_string}"},"query-input":{"@type":"PropertyValueSpecification","valueRequired":true,"valueName":"search_term_string"}}],"inLanguage":"fr-FR"},{"@type":"Organization","@id":"https:\/\/loewentestneu.metafex.io\/fr#organization","name":"Lions Pharmacy","alternateName":"Lions Pharmacy24","url":"https:\/\/loewentestneu.metafex.io\/fr","logo":{"@type":"ImageObject","inLanguage":"fr-FR","@id":"https:\/\/loewentestneu.metafex.io\/fr#\/schema\/logo\/image\/","url":"https:\/\/loewentestneu.metafex.io\/wp-content\/uploads\/2022\/12\/Logo-Lion-Pharmacy-c-o-Loewen-Apotheke-smal.jpg","contentUrl":"https:\/\/loewentestneu.metafex.io\/wp-content\/uploads\/2022\/12\/Logo-Lion-Pharmacy-c-o-Loewen-Apotheke-smal.jpg","width":298,"height":99,"caption":"Lions Pharmacy"},"image":{"@id":"https:\/\/loewentestneu.metafex.io\/fr#\/schema\/logo\/image\/"}}]}},"_links":{"self":[{"href":"https:\/\/loewentestneu.metafex.io\/fr\/wp-json\/wp\/v2\/product\/9789","targetHints":{"allow":["GET"]}}],"collection":[{"href":"https:\/\/loewentestneu.metafex.io\/fr\/wp-json\/wp\/v2\/product"}],"about":[{"href":"https:\/\/loewentestneu.metafex.io\/fr\/wp-json\/wp\/v2\/types\/product"}],"replies":[{"embeddable":true,"href":"https:\/\/loewentestneu.metafex.io\/fr\/wp-json\/wp\/v2\/comments?post=9789"}],"wp:featuredmedia":[{"embeddable":true,"href":"https:\/\/loewentestneu.metafex.io\/fr\/wp-json\/wp\/v2\/media\/9794"}],"wp:attachment":[{"href":"https:\/\/loewentestneu.metafex.io\/fr\/wp-json\/wp\/v2\/media?parent=9789"}],"wp:term":[{"taxonomy":"product_brand","embeddable":true,"href":"https:\/\/loewentestneu.metafex.io\/fr\/wp-json\/wp\/v2\/product_brand?post=9789"},{"taxonomy":"product_cat","embeddable":true,"href":"https:\/\/loewentestneu.metafex.io\/fr\/wp-json\/wp\/v2\/product_cat?post=9789"},{"taxonomy":"product_tag","embeddable":true,"href":"https:\/\/loewentestneu.metafex.io\/fr\/wp-json\/wp\/v2\/product_tag?post=9789"}],"curies":[{"name":"wp","href":"https:\/\/api.w.org\/{rel}","templated":true}]}}