{"id":9799,"date":"2025-03-06T10:43:00","date_gmt":"2025-03-06T09:43:00","guid":{"rendered":"https:\/\/lions-pharmacy.com\/?post_type=product&#038;p=9799"},"modified":"2025-03-09T08:33:50","modified_gmt":"2025-03-09T07:33:50","slug":"orthomol-natal-tablets-30-pcs-00775994","status":"publish","type":"product","link":"https:\/\/loewentestneu.metafex.io\/fr\/produit\/orthomol-natal-tablets-30-pcs-00775994","title":{"rendered":"Orthomol comprim\u00e9s natals (30 pc)"},"content":{"rendered":"<h3>Orthomol comprim\u00e9s natals<\/h3>\n<p>Orthomol natal comprim\u00e9s une combinaison d&#8217;acide folique et de Quatrefolic. Orthomol Natal pre combine l&#8217;acide folique et Quatrefolic\u00ae. Quatrefolic\u00ae est une forme active d&#8217;acide folique qui est disponible pour le corps sans conversion pr\u00e9alable et qui a donc une biodisponibilit\u00e9 plus \u00e9lev\u00e9e. Les compl\u00e9ments alimentaires ne se substituent pas \u00e0 une alimentation \u00e9quilibr\u00e9e et vari\u00e9e et \u00e0 un mode de vie sain.<\/p>\n<p>Produits d\u2019Orthomol: Pionniers de la m\u00e9decine nutritionnelle orthomol\u00e9culaire en Allemagne. Depuis plus de 30 ans, l\u2019entreprise d\u00e9veloppe et vend des doses \u00e9quilibr\u00e9es de combinaisons de micronutriments pour divers domaines d\u2019application. Ce sont des combinaisons de micronutriments bas\u00e9es sur la m\u00e9decine orthomol\u00e9culaire.<\/p>\n<p>Notice\/instructions d&#8217;utilisation\/fiche de donn\u00e9es sur les articles : &#8211; (lecteur PDF) et informations sur les denr\u00e9es alimentaires : &#8211; (lecteur PDF).<\/p>\n<p>Autres produits pour l&#8217;application : <a href=\"https:\/\/loewentestneu.metafex.io\/product-tag\/vitamins-supplements\">Vitamines et compl\u00e9ments alimentaires<\/a> | <a href=\"https:\/\/loewentestneu.metafex.io\/product-tag\/natural-remedies\" rel=\"tag\">Rem\u00e8des naturels<\/a> | <a href=\"https:\/\/loewentestneu.metafex.io\/product-tag\/wellness\" rel=\"tag\">Bien-\u00eatre<\/a><\/p>\n<p>En savoir plus sur manufactorer et ce produit: <a href=\"https:\/\/www.orthomol.com\/de-de\/produkte\/\" target=\"_blank\" rel=\"noopener\">orthomol<\/a> (lien vers site externe)<\/p>\n<p>Les informations contenues dans ce site web sont fournies \u00e0 titre informatif uniquement. Ils ne remplacent en aucun cas l&#8217;examen et le traitement par un m\u00e9decin. Veuillez noter que cela signifie qu&#8217;aucun diagnostic ne peut \u00eatre \u00e9tabli et qu&#8217;aucune th\u00e9rapie ne peut \u00eatre mise en place.<\/p>\n<p>Pour conna\u00eetre les risques et les effets secondaires, lisez la notice et demandez conseil \u00e0 votre m\u00e9decin ou \u00e0 votre pharmacien.<\/p>\n","protected":false},"excerpt":{"rendered":"<h2>Orthomol comprim\u00e9s natals<\/h2>\n<p>Compl\u00e9ments alimentaires avec vitamines, min\u00e9raux, oligo-\u00e9l\u00e9ments, antioxydants, acides gras om\u00e9ga-3 et probiotiques.<\/p>\n<p>&nbsp;<\/p>\n<p><strong>PZN<\/strong>: 00775994<\/p>\n<p><strong>Forme gal\u00e9naire<\/strong> : comprim\u00e9s<\/p>\n<p><strong>Type d\u2019ordonnance<\/strong> : sans ordonnance<\/p>\n<p><strong>Marque<\/strong>: orthomol<\/p>\n<p><strong>Fabricant<\/strong>: orthomol Arzneimittel GmbH, Allemagne<\/p>\n","protected":false},"featured_media":9805,"comment_status":"closed","ping_status":"closed","template":"","meta":[],"product_brand":[],"product_cat":[756,114],"product_tag":[266,466,267,264],"class_list":{"0":"post-9799","1":"product","2":"type-product","3":"status-publish","4":"has-post-thumbnail","6":"product_cat-orthomol-fr","7":"product_cat-non-classifiee","8":"product_tag-bien-etre","9":"product_tag-ingredient-actif-a-base-de-plantes","10":"product_tag-poids-et-forme","11":"product_tag-vitamines-et-supplements","12":"ts_product_brand-all-fr","13":"ts_product_brand-orthomol-fr","15":"first","16":"instock","17":"sale","18":"taxable","19":"shipping-taxable","20":"purchasable","21":"product-type-simple"},"yoast_head":"<!-- This site is optimized with the Yoast SEO plugin v26.5 - https:\/\/yoast.com\/wordpress\/plugins\/seo\/ -->\n<title>Orthomol comprim\u00e9s natals (30 pc) &#187; En savoir plus<\/title>\n<meta name=\"description\" content=\"Fabricant : Orthomol. En savoir plus sur Orthomol comprim\u00e9s natals (30 pc). Nous vous offrons : Une livraison rapide et des achats en ligne en toute s\u00e9curit\u00e9.\" \/>\n<meta name=\"robots\" content=\"noindex, follow, max-snippet:-1, max-image-preview:large, max-video-preview:-1\" \/>\n<meta property=\"og:locale\" content=\"fr_FR\" \/>\n<meta property=\"og:type\" content=\"article\" \/>\n<meta property=\"og:title\" content=\"Orthomol comprim\u00e9s natals (30 pc) &#187; En savoir plus\" \/>\n<meta property=\"og:description\" content=\"Fabricant : Orthomol. En savoir plus sur Orthomol comprim\u00e9s natals (30 pc). Nous vous offrons : Une livraison rapide et des achats en ligne en toute s\u00e9curit\u00e9.\" \/>\n<meta property=\"og:url\" content=\"https:\/\/loewentestneu.metafex.io\/fr\/produit\/orthomol-natal-tablets-30-pcs-00775994\" \/>\n<meta property=\"og:site_name\" content=\"Lion Pharmacy\" \/>\n<meta property=\"article:modified_time\" content=\"2025-03-09T07:33:50+00:00\" \/>\n<meta property=\"og:image\" content=\"https:\/\/loewentestneu.metafex.io\/wp-content\/uploads\/2025\/03\/Orthomol-natal-PZN-00775994-Orthomol-Lions-Pharmacy.webp\" \/>\n\t<meta property=\"og:image:width\" content=\"600\" \/>\n\t<meta property=\"og:image:height\" content=\"600\" \/>\n\t<meta property=\"og:image:type\" content=\"image\/webp\" \/>\n<meta name=\"twitter:card\" content=\"summary_large_image\" \/>\n<meta name=\"twitter:label1\" content=\"Dur\u00e9e de lecture estim\u00e9e\" \/>\n\t<meta name=\"twitter:data1\" content=\"1 minute\" \/>\n<script type=\"application\/ld+json\" class=\"yoast-schema-graph\">{\"@context\":\"https:\/\/schema.org\",\"@graph\":[{\"@type\":\"WebPage\",\"@id\":\"https:\/\/loewentestneu.metafex.io\/fr\/produit\/orthomol-natal-tablets-30-pcs-00775994\",\"url\":\"https:\/\/loewentestneu.metafex.io\/fr\/produit\/orthomol-natal-tablets-30-pcs-00775994\",\"name\":\"Orthomol comprim\u00e9s natals (30 pc) &#187; En savoir plus\",\"isPartOf\":{\"@id\":\"https:\/\/loewentestneu.metafex.io\/fr#website\"},\"primaryImageOfPage\":{\"@id\":\"https:\/\/loewentestneu.metafex.io\/fr\/produit\/orthomol-natal-tablets-30-pcs-00775994#primaryimage\"},\"image\":{\"@id\":\"https:\/\/loewentestneu.metafex.io\/fr\/produit\/orthomol-natal-tablets-30-pcs-00775994#primaryimage\"},\"thumbnailUrl\":\"https:\/\/loewentestneu.metafex.io\/wp-content\/uploads\/2025\/03\/Orthomol-natal-PZN-00775994-Orthomol-Lions-Pharmacy.webp\",\"datePublished\":\"2025-03-06T09:43:00+00:00\",\"dateModified\":\"2025-03-09T07:33:50+00:00\",\"description\":\"Fabricant : Orthomol. En savoir plus sur Orthomol comprim\u00e9s natals (30 pc). Nous vous offrons : Une livraison rapide et des achats en ligne en toute s\u00e9curit\u00e9.\",\"breadcrumb\":{\"@id\":\"https:\/\/loewentestneu.metafex.io\/fr\/produit\/orthomol-natal-tablets-30-pcs-00775994#breadcrumb\"},\"inLanguage\":\"fr-FR\",\"potentialAction\":[{\"@type\":\"ReadAction\",\"target\":[\"https:\/\/loewentestneu.metafex.io\/fr\/produit\/orthomol-natal-tablets-30-pcs-00775994\"]}]},{\"@type\":\"ImageObject\",\"inLanguage\":\"fr-FR\",\"@id\":\"https:\/\/loewentestneu.metafex.io\/fr\/produit\/orthomol-natal-tablets-30-pcs-00775994#primaryimage\",\"url\":\"https:\/\/loewentestneu.metafex.io\/wp-content\/uploads\/2025\/03\/Orthomol-natal-PZN-00775994-Orthomol-Lions-Pharmacy.webp\",\"contentUrl\":\"https:\/\/loewentestneu.metafex.io\/wp-content\/uploads\/2025\/03\/Orthomol-natal-PZN-00775994-Orthomol-Lions-Pharmacy.webp\",\"width\":600,\"height\":600,\"caption\":\"Orthomol natal-PZN 00775994-Orthomol-Lions Pharmacy\"},{\"@type\":\"BreadcrumbList\",\"@id\":\"https:\/\/loewentestneu.metafex.io\/fr\/produit\/orthomol-natal-tablets-30-pcs-00775994#breadcrumb\",\"itemListElement\":[{\"@type\":\"ListItem\",\"position\":1,\"name\":\"Home\",\"item\":\"https:\/\/loewentestneu.metafex.io\/fr\/homepage-lion-pharmacy\"},{\"@type\":\"ListItem\",\"position\":2,\"name\":\"Shop\",\"item\":\"https:\/\/loewentestneu.metafex.io\/fr\/boutique\"},{\"@type\":\"ListItem\",\"position\":3,\"name\":\"Orthomol comprim\u00e9s natals (30 pc)\"}]},{\"@type\":\"WebSite\",\"@id\":\"https:\/\/loewentestneu.metafex.io\/fr#website\",\"url\":\"https:\/\/loewentestneu.metafex.io\/fr\",\"name\":\"Lions Pharmacy\",\"description\":\"Pharmacie sp\u00e9cialis\u00e9e en naturopathie de Baden-Baden, Allemagne\",\"publisher\":{\"@id\":\"https:\/\/loewentestneu.metafex.io\/fr#organization\"},\"alternateName\":\"Lion Pharmacy\",\"potentialAction\":[{\"@type\":\"SearchAction\",\"target\":{\"@type\":\"EntryPoint\",\"urlTemplate\":\"https:\/\/loewentestneu.metafex.io\/fr?s={search_term_string}\"},\"query-input\":{\"@type\":\"PropertyValueSpecification\",\"valueRequired\":true,\"valueName\":\"search_term_string\"}}],\"inLanguage\":\"fr-FR\"},{\"@type\":\"Organization\",\"@id\":\"https:\/\/loewentestneu.metafex.io\/fr#organization\",\"name\":\"Lions Pharmacy\",\"alternateName\":\"Lions Pharmacy24\",\"url\":\"https:\/\/loewentestneu.metafex.io\/fr\",\"logo\":{\"@type\":\"ImageObject\",\"inLanguage\":\"fr-FR\",\"@id\":\"https:\/\/loewentestneu.metafex.io\/fr#\/schema\/logo\/image\/\",\"url\":\"https:\/\/loewentestneu.metafex.io\/wp-content\/uploads\/2022\/12\/Logo-Lion-Pharmacy-c-o-Loewen-Apotheke-smal.jpg\",\"contentUrl\":\"https:\/\/loewentestneu.metafex.io\/wp-content\/uploads\/2022\/12\/Logo-Lion-Pharmacy-c-o-Loewen-Apotheke-smal.jpg\",\"width\":298,\"height\":99,\"caption\":\"Lions Pharmacy\"},\"image\":{\"@id\":\"https:\/\/loewentestneu.metafex.io\/fr#\/schema\/logo\/image\/\"}}]}<\/script>\n<!-- \/ Yoast SEO plugin. -->","yoast_head_json":{"title":"Orthomol comprim\u00e9s natals (30 pc) &#187; En savoir plus","description":"Fabricant : Orthomol. En savoir plus sur Orthomol comprim\u00e9s natals (30 pc). Nous vous offrons : Une livraison rapide et des achats en ligne en toute s\u00e9curit\u00e9.","robots":{"index":"noindex","follow":"follow","max-snippet":"max-snippet:-1","max-image-preview":"max-image-preview:large","max-video-preview":"max-video-preview:-1"},"og_locale":"fr_FR","og_type":"article","og_title":"Orthomol comprim\u00e9s natals (30 pc) &#187; En savoir plus","og_description":"Fabricant : Orthomol. En savoir plus sur Orthomol comprim\u00e9s natals (30 pc). Nous vous offrons : Une livraison rapide et des achats en ligne en toute s\u00e9curit\u00e9.","og_url":"https:\/\/loewentestneu.metafex.io\/fr\/produit\/orthomol-natal-tablets-30-pcs-00775994","og_site_name":"Lion Pharmacy","article_modified_time":"2025-03-09T07:33:50+00:00","og_image":[{"width":600,"height":600,"url":"https:\/\/loewentestneu.metafex.io\/wp-content\/uploads\/2025\/03\/Orthomol-natal-PZN-00775994-Orthomol-Lions-Pharmacy.webp","type":"image\/webp"}],"twitter_card":"summary_large_image","twitter_misc":{"Dur\u00e9e de lecture estim\u00e9e":"1 minute"},"schema":{"@context":"https:\/\/schema.org","@graph":[{"@type":"WebPage","@id":"https:\/\/loewentestneu.metafex.io\/fr\/produit\/orthomol-natal-tablets-30-pcs-00775994","url":"https:\/\/loewentestneu.metafex.io\/fr\/produit\/orthomol-natal-tablets-30-pcs-00775994","name":"Orthomol comprim\u00e9s natals (30 pc) &#187; En savoir plus","isPartOf":{"@id":"https:\/\/loewentestneu.metafex.io\/fr#website"},"primaryImageOfPage":{"@id":"https:\/\/loewentestneu.metafex.io\/fr\/produit\/orthomol-natal-tablets-30-pcs-00775994#primaryimage"},"image":{"@id":"https:\/\/loewentestneu.metafex.io\/fr\/produit\/orthomol-natal-tablets-30-pcs-00775994#primaryimage"},"thumbnailUrl":"https:\/\/loewentestneu.metafex.io\/wp-content\/uploads\/2025\/03\/Orthomol-natal-PZN-00775994-Orthomol-Lions-Pharmacy.webp","datePublished":"2025-03-06T09:43:00+00:00","dateModified":"2025-03-09T07:33:50+00:00","description":"Fabricant : Orthomol. En savoir plus sur Orthomol comprim\u00e9s natals (30 pc). Nous vous offrons : Une livraison rapide et des achats en ligne en toute s\u00e9curit\u00e9.","breadcrumb":{"@id":"https:\/\/loewentestneu.metafex.io\/fr\/produit\/orthomol-natal-tablets-30-pcs-00775994#breadcrumb"},"inLanguage":"fr-FR","potentialAction":[{"@type":"ReadAction","target":["https:\/\/loewentestneu.metafex.io\/fr\/produit\/orthomol-natal-tablets-30-pcs-00775994"]}]},{"@type":"ImageObject","inLanguage":"fr-FR","@id":"https:\/\/loewentestneu.metafex.io\/fr\/produit\/orthomol-natal-tablets-30-pcs-00775994#primaryimage","url":"https:\/\/loewentestneu.metafex.io\/wp-content\/uploads\/2025\/03\/Orthomol-natal-PZN-00775994-Orthomol-Lions-Pharmacy.webp","contentUrl":"https:\/\/loewentestneu.metafex.io\/wp-content\/uploads\/2025\/03\/Orthomol-natal-PZN-00775994-Orthomol-Lions-Pharmacy.webp","width":600,"height":600,"caption":"Orthomol natal-PZN 00775994-Orthomol-Lions Pharmacy"},{"@type":"BreadcrumbList","@id":"https:\/\/loewentestneu.metafex.io\/fr\/produit\/orthomol-natal-tablets-30-pcs-00775994#breadcrumb","itemListElement":[{"@type":"ListItem","position":1,"name":"Home","item":"https:\/\/loewentestneu.metafex.io\/fr\/homepage-lion-pharmacy"},{"@type":"ListItem","position":2,"name":"Shop","item":"https:\/\/loewentestneu.metafex.io\/fr\/boutique"},{"@type":"ListItem","position":3,"name":"Orthomol comprim\u00e9s natals (30 pc)"}]},{"@type":"WebSite","@id":"https:\/\/loewentestneu.metafex.io\/fr#website","url":"https:\/\/loewentestneu.metafex.io\/fr","name":"Lions Pharmacy","description":"Pharmacie sp\u00e9cialis\u00e9e en naturopathie de Baden-Baden, Allemagne","publisher":{"@id":"https:\/\/loewentestneu.metafex.io\/fr#organization"},"alternateName":"Lion Pharmacy","potentialAction":[{"@type":"SearchAction","target":{"@type":"EntryPoint","urlTemplate":"https:\/\/loewentestneu.metafex.io\/fr?s={search_term_string}"},"query-input":{"@type":"PropertyValueSpecification","valueRequired":true,"valueName":"search_term_string"}}],"inLanguage":"fr-FR"},{"@type":"Organization","@id":"https:\/\/loewentestneu.metafex.io\/fr#organization","name":"Lions Pharmacy","alternateName":"Lions Pharmacy24","url":"https:\/\/loewentestneu.metafex.io\/fr","logo":{"@type":"ImageObject","inLanguage":"fr-FR","@id":"https:\/\/loewentestneu.metafex.io\/fr#\/schema\/logo\/image\/","url":"https:\/\/loewentestneu.metafex.io\/wp-content\/uploads\/2022\/12\/Logo-Lion-Pharmacy-c-o-Loewen-Apotheke-smal.jpg","contentUrl":"https:\/\/loewentestneu.metafex.io\/wp-content\/uploads\/2022\/12\/Logo-Lion-Pharmacy-c-o-Loewen-Apotheke-smal.jpg","width":298,"height":99,"caption":"Lions Pharmacy"},"image":{"@id":"https:\/\/loewentestneu.metafex.io\/fr#\/schema\/logo\/image\/"}}]}},"_links":{"self":[{"href":"https:\/\/loewentestneu.metafex.io\/fr\/wp-json\/wp\/v2\/product\/9799","targetHints":{"allow":["GET"]}}],"collection":[{"href":"https:\/\/loewentestneu.metafex.io\/fr\/wp-json\/wp\/v2\/product"}],"about":[{"href":"https:\/\/loewentestneu.metafex.io\/fr\/wp-json\/wp\/v2\/types\/product"}],"replies":[{"embeddable":true,"href":"https:\/\/loewentestneu.metafex.io\/fr\/wp-json\/wp\/v2\/comments?post=9799"}],"wp:featuredmedia":[{"embeddable":true,"href":"https:\/\/loewentestneu.metafex.io\/fr\/wp-json\/wp\/v2\/media\/9805"}],"wp:attachment":[{"href":"https:\/\/loewentestneu.metafex.io\/fr\/wp-json\/wp\/v2\/media?parent=9799"}],"wp:term":[{"taxonomy":"product_brand","embeddable":true,"href":"https:\/\/loewentestneu.metafex.io\/fr\/wp-json\/wp\/v2\/product_brand?post=9799"},{"taxonomy":"product_cat","embeddable":true,"href":"https:\/\/loewentestneu.metafex.io\/fr\/wp-json\/wp\/v2\/product_cat?post=9799"},{"taxonomy":"product_tag","embeddable":true,"href":"https:\/\/loewentestneu.metafex.io\/fr\/wp-json\/wp\/v2\/product_tag?post=9799"}],"curies":[{"name":"wp","href":"https:\/\/api.w.org\/{rel}","templated":true}]}}