{"id":9990,"date":"2025-03-12T13:48:44","date_gmt":"2025-03-12T12:48:44","guid":{"rendered":"https:\/\/lions-pharmacy.com\/?post_type=product&#038;p=9990"},"modified":"2025-07-28T21:52:00","modified_gmt":"2025-07-28T20:52:00","slug":"pure-encapsulations-mood-formula-30-pcs-19114717","status":"publish","type":"product","link":"https:\/\/loewentestneu.metafex.io\/fr\/produit\/pure-encapsulations-mood-formula-30-pcs-19114717","title":{"rendered":"Pure Encapsulations Mood Formula (30 pi\u00e8ces)"},"content":{"rendered":"<h3>Pure Encapsulations Mood Formula<\/h3>\n<p>The Mood Formula de Pure Encapsulations\u00ae est une formule unique qui am\u00e9liore l&#8217;humeur et contient des extraits de plantes naturelles : safran, griffonia (5-HTP) et rhodiola rosea, en combinaison avec des vitamines B essentielles.<\/p>\n<p>\u00c0 qui s&#8217;adresse la formule Mood ?<\/p>\n<p>Pour les personnes qui<br \/>\n&gt;  veulent influencer positivement leur humeur.<br \/>\n&gt;  souhaitent b\u00e9n\u00e9ficier d&#8217;un soutien naturel pour leur bien-\u00eatre mental.<br \/>\n&gt;  signaler des sautes d&#8217;humeur et de l&#8217;apathie<br \/>\n&gt;  sont expos\u00e9s \u00e0 des d\u00e9fis mentaux dans la vie professionnelle de tous les jours mais<br \/>\nveulent maintenir leurs performances.<\/p>\n<p>D\u00e9pliant\/mode d\u2019emploi\/fiche technique de l\u2019article : \u2013 (lecteur PDF)<\/p>\n<p>Autres produits pour l\u2019application&nbsp;: <a href=\"https:\/\/loewentestneu.metafex.io\/product-tag\/homeopathy\" rel=\"tag\">Hom\u00e9opathie<\/a> | <a href=\"https:\/\/loewentestneu.metafex.io\/product-tag\/virus-infection\" rel=\"tag\">Infection virale<\/a> | <a href=\"https:\/\/loewentestneu.metafex.io\/product-tag\/vitamins-supplements\">Vitamines et suppl\u00e9ments Produits<\/a><\/p>\n<p>En savoir plus sur le fabricant et ce produit : <a href=\"https:\/\/www.purecaps.net\/\" target=\"_blank\" rel=\"noopener\">Pure Encapsulations Pro Medico GmbH<\/a> (lien vers un site externe)<\/p>\n<p>Les compl\u00e9ments alimentaires ne se substituent pas \u00e0 une alimentation \u00e9quilibr\u00e9e et vari\u00e9e et \u00e0 un mode de vie sain. Ne d\u00e9passez pas la dose journali\u00e8re recommand\u00e9e. Tenir hors de port\u00e9e des jeunes enfants.<\/p>\n<p>Les informations contenues dans ce site web sont fournies \u00e0 titre informatif uniquement. Ils ne remplacent en aucun cas l&#8217;examen et le traitement par un m\u00e9decin. Veuillez noter que cela signifie qu&#8217;aucun diagnostic ne peut \u00eatre \u00e9tabli et qu&#8217;aucune th\u00e9rapie ne peut \u00eatre mise en place.<\/p>\n<p>Pour conna\u00eetre les risques et les effets secondaires, lisez la notice et demandez conseil \u00e0 votre m\u00e9decin ou \u00e0 votre pharmacien.<\/p>\n<p>&nbsp;<\/p>\n<h3>Ordonnance | e-prescription disponible ?<\/h3>\n<p>Soumettez votre e-prescription d\u00e8s maintenant. Utilisez notre application <a href=\"https:\/\/e-rezept-app.de\/shop-rezept\" target=\"_blank\" rel=\"noopener\">d\u2019ordonnance \u00e9lectronique<\/a> . Et nous vous donnons les frais de port gratuits en Allemagne !<\/p>\n","protected":false},"excerpt":{"rendered":"<h2>Pure Encapsulations Mood Formula<\/h2>\n<p>Formule qui am\u00e9liore l&#8217;humeur gr\u00e2ce aux extraits naturels de plantes.<\/p>\n<p><\/p>\n<p><strong>PZN<\/strong>: 19114717<\/p>\n<p><strong>Forme posologique<\/strong> : Capsoules<\/p>\n<p><strong>Taille de l&#8217;emballage<\/strong>: 30 pi\u00e8ces.<\/p>\n<p><strong>Type d\u2019ordonnance :<\/strong> sans ordonnance<\/p>\n<p><strong>Marque<\/strong>&nbsp;: Pure Encapsulations<\/p>\n<p><strong>Fabricant<\/strong>&nbsp;: Pro Medico GmbH, Allemagne<\/p>\n","protected":false},"featured_media":9995,"comment_status":"closed","ping_status":"closed","template":"","meta":[],"product_brand":[],"product_cat":[114],"product_tag":[266,297,265,306,466,267,464,264],"class_list":{"0":"post-9990","1":"product","2":"type-product","3":"status-publish","4":"has-post-thumbnail","6":"product_cat-non-classifiee","7":"product_tag-bien-etre","8":"product_tag-concentration-stress-fr","9":"product_tag-gestion-du-poids","10":"product_tag-homeopathie","11":"product_tag-ingredient-actif-a-base-de-plantes","12":"product_tag-poids-et-forme","13":"product_tag-remedes-naturels","14":"product_tag-vitamines-et-supplements","15":"ts_product_brand-all-fr","16":"ts_product_brand-pure-encapsulations","18":"first","19":"outofstock","20":"sale","21":"taxable","22":"shipping-taxable","23":"purchasable","24":"product-type-simple"},"yoast_head":"<!-- This site is optimized with the Yoast SEO plugin v26.5 - https:\/\/yoast.com\/wordpress\/plugins\/seo\/ -->\n<title>Pure Encapsulations Mood Formula (30 pi\u00e8ces) &#187; En savoir plus<\/title>\n<meta name=\"description\" content=\"Pharmacie en ligne allemande enregistr\u00e9e. Nous offrons\u00a0: une livraison rapide dans le monde entier et un service de premier ordre. Pure Encapsulations Mood Formula (30 pi\u00e8ces)\" \/>\n<meta name=\"robots\" content=\"noindex, follow, max-snippet:-1, max-image-preview:large, max-video-preview:-1\" \/>\n<meta property=\"og:locale\" content=\"fr_FR\" \/>\n<meta property=\"og:type\" content=\"article\" \/>\n<meta property=\"og:title\" content=\"Pure Encapsulations Mood Formula (30 pi\u00e8ces) &#187; En savoir plus\" \/>\n<meta property=\"og:description\" content=\"Pharmacie en ligne allemande enregistr\u00e9e. Nous offrons\u00a0: une livraison rapide dans le monde entier et un service de premier ordre. Pure Encapsulations Mood Formula (30 pi\u00e8ces)\" \/>\n<meta property=\"og:url\" content=\"https:\/\/loewentestneu.metafex.io\/fr\/produit\/pure-encapsulations-mood-formula-30-pcs-19114717\" \/>\n<meta property=\"og:site_name\" content=\"Lion Pharmacy\" \/>\n<meta property=\"article:modified_time\" content=\"2025-07-28T20:52:00+00:00\" \/>\n<meta property=\"og:image\" content=\"https:\/\/loewentestneu.metafex.io\/wp-content\/uploads\/2025\/03\/Pure-Encapsulations-Mood-formula-Capsoules-PZN-19114717-on-Lions-Pharmacy.webp\" \/>\n\t<meta property=\"og:image:width\" content=\"600\" \/>\n\t<meta property=\"og:image:height\" content=\"600\" \/>\n\t<meta property=\"og:image:type\" content=\"image\/webp\" \/>\n<meta name=\"twitter:card\" content=\"summary_large_image\" \/>\n<meta name=\"twitter:label1\" content=\"Dur\u00e9e de lecture estim\u00e9e\" \/>\n\t<meta name=\"twitter:data1\" content=\"1 minute\" \/>\n<script type=\"application\/ld+json\" class=\"yoast-schema-graph\">{\"@context\":\"https:\/\/schema.org\",\"@graph\":[{\"@type\":\"WebPage\",\"@id\":\"https:\/\/loewentestneu.metafex.io\/fr\/produit\/pure-encapsulations-mood-formula-30-pcs-19114717\",\"url\":\"https:\/\/loewentestneu.metafex.io\/fr\/produit\/pure-encapsulations-mood-formula-30-pcs-19114717\",\"name\":\"Pure Encapsulations Mood Formula (30 pi\u00e8ces) &#187; En savoir plus\",\"isPartOf\":{\"@id\":\"https:\/\/loewentestneu.metafex.io\/fr#website\"},\"primaryImageOfPage\":{\"@id\":\"https:\/\/loewentestneu.metafex.io\/fr\/produit\/pure-encapsulations-mood-formula-30-pcs-19114717#primaryimage\"},\"image\":{\"@id\":\"https:\/\/loewentestneu.metafex.io\/fr\/produit\/pure-encapsulations-mood-formula-30-pcs-19114717#primaryimage\"},\"thumbnailUrl\":\"https:\/\/loewentestneu.metafex.io\/wp-content\/uploads\/2025\/03\/Pure-Encapsulations-Mood-formula-Capsoules-PZN-19114717-on-Lions-Pharmacy.webp\",\"datePublished\":\"2025-03-12T12:48:44+00:00\",\"dateModified\":\"2025-07-28T20:52:00+00:00\",\"description\":\"Pharmacie en ligne allemande enregistr\u00e9e. Nous offrons\u00a0: une livraison rapide dans le monde entier et un service de premier ordre. Pure Encapsulations Mood Formula (30 pi\u00e8ces)\",\"breadcrumb\":{\"@id\":\"https:\/\/loewentestneu.metafex.io\/fr\/produit\/pure-encapsulations-mood-formula-30-pcs-19114717#breadcrumb\"},\"inLanguage\":\"fr-FR\",\"potentialAction\":[{\"@type\":\"ReadAction\",\"target\":[\"https:\/\/loewentestneu.metafex.io\/fr\/produit\/pure-encapsulations-mood-formula-30-pcs-19114717\"]}]},{\"@type\":\"ImageObject\",\"inLanguage\":\"fr-FR\",\"@id\":\"https:\/\/loewentestneu.metafex.io\/fr\/produit\/pure-encapsulations-mood-formula-30-pcs-19114717#primaryimage\",\"url\":\"https:\/\/loewentestneu.metafex.io\/wp-content\/uploads\/2025\/03\/Pure-Encapsulations-Mood-formula-Capsoules-PZN-19114717-on-Lions-Pharmacy.webp\",\"contentUrl\":\"https:\/\/loewentestneu.metafex.io\/wp-content\/uploads\/2025\/03\/Pure-Encapsulations-Mood-formula-Capsoules-PZN-19114717-on-Lions-Pharmacy.webp\",\"width\":600,\"height\":600,\"caption\":\"Une bo\u00eete de Capsules de Pure Encapsulations Mood formula, PZN 19114717, sur Lions-Pharmacy\"},{\"@type\":\"BreadcrumbList\",\"@id\":\"https:\/\/loewentestneu.metafex.io\/fr\/produit\/pure-encapsulations-mood-formula-30-pcs-19114717#breadcrumb\",\"itemListElement\":[{\"@type\":\"ListItem\",\"position\":1,\"name\":\"Home\",\"item\":\"https:\/\/loewentestneu.metafex.io\/fr\/homepage-lion-pharmacy\"},{\"@type\":\"ListItem\",\"position\":2,\"name\":\"Shop\",\"item\":\"https:\/\/loewentestneu.metafex.io\/fr\/boutique\"},{\"@type\":\"ListItem\",\"position\":3,\"name\":\"Pure Encapsulations Mood Formula (30 pi\u00e8ces)\"}]},{\"@type\":\"WebSite\",\"@id\":\"https:\/\/loewentestneu.metafex.io\/fr#website\",\"url\":\"https:\/\/loewentestneu.metafex.io\/fr\",\"name\":\"Lions Pharmacy\",\"description\":\"Pharmacie sp\u00e9cialis\u00e9e en naturopathie de Baden-Baden, Allemagne\",\"publisher\":{\"@id\":\"https:\/\/loewentestneu.metafex.io\/fr#organization\"},\"alternateName\":\"Lion Pharmacy\",\"potentialAction\":[{\"@type\":\"SearchAction\",\"target\":{\"@type\":\"EntryPoint\",\"urlTemplate\":\"https:\/\/loewentestneu.metafex.io\/fr?s={search_term_string}\"},\"query-input\":{\"@type\":\"PropertyValueSpecification\",\"valueRequired\":true,\"valueName\":\"search_term_string\"}}],\"inLanguage\":\"fr-FR\"},{\"@type\":\"Organization\",\"@id\":\"https:\/\/loewentestneu.metafex.io\/fr#organization\",\"name\":\"Lions Pharmacy\",\"alternateName\":\"Lions Pharmacy24\",\"url\":\"https:\/\/loewentestneu.metafex.io\/fr\",\"logo\":{\"@type\":\"ImageObject\",\"inLanguage\":\"fr-FR\",\"@id\":\"https:\/\/loewentestneu.metafex.io\/fr#\/schema\/logo\/image\/\",\"url\":\"https:\/\/loewentestneu.metafex.io\/wp-content\/uploads\/2022\/12\/Logo-Lion-Pharmacy-c-o-Loewen-Apotheke-smal.jpg\",\"contentUrl\":\"https:\/\/loewentestneu.metafex.io\/wp-content\/uploads\/2022\/12\/Logo-Lion-Pharmacy-c-o-Loewen-Apotheke-smal.jpg\",\"width\":298,\"height\":99,\"caption\":\"Lions Pharmacy\"},\"image\":{\"@id\":\"https:\/\/loewentestneu.metafex.io\/fr#\/schema\/logo\/image\/\"}}]}<\/script>\n<!-- \/ Yoast SEO plugin. -->","yoast_head_json":{"title":"Pure Encapsulations Mood Formula (30 pi\u00e8ces) &#187; En savoir plus","description":"Pharmacie en ligne allemande enregistr\u00e9e. Nous offrons\u00a0: une livraison rapide dans le monde entier et un service de premier ordre. Pure Encapsulations Mood Formula (30 pi\u00e8ces)","robots":{"index":"noindex","follow":"follow","max-snippet":"max-snippet:-1","max-image-preview":"max-image-preview:large","max-video-preview":"max-video-preview:-1"},"og_locale":"fr_FR","og_type":"article","og_title":"Pure Encapsulations Mood Formula (30 pi\u00e8ces) &#187; En savoir plus","og_description":"Pharmacie en ligne allemande enregistr\u00e9e. Nous offrons\u00a0: une livraison rapide dans le monde entier et un service de premier ordre. Pure Encapsulations Mood Formula (30 pi\u00e8ces)","og_url":"https:\/\/loewentestneu.metafex.io\/fr\/produit\/pure-encapsulations-mood-formula-30-pcs-19114717","og_site_name":"Lion Pharmacy","article_modified_time":"2025-07-28T20:52:00+00:00","og_image":[{"width":600,"height":600,"url":"https:\/\/loewentestneu.metafex.io\/wp-content\/uploads\/2025\/03\/Pure-Encapsulations-Mood-formula-Capsoules-PZN-19114717-on-Lions-Pharmacy.webp","type":"image\/webp"}],"twitter_card":"summary_large_image","twitter_misc":{"Dur\u00e9e de lecture estim\u00e9e":"1 minute"},"schema":{"@context":"https:\/\/schema.org","@graph":[{"@type":"WebPage","@id":"https:\/\/loewentestneu.metafex.io\/fr\/produit\/pure-encapsulations-mood-formula-30-pcs-19114717","url":"https:\/\/loewentestneu.metafex.io\/fr\/produit\/pure-encapsulations-mood-formula-30-pcs-19114717","name":"Pure Encapsulations Mood Formula (30 pi\u00e8ces) &#187; En savoir plus","isPartOf":{"@id":"https:\/\/loewentestneu.metafex.io\/fr#website"},"primaryImageOfPage":{"@id":"https:\/\/loewentestneu.metafex.io\/fr\/produit\/pure-encapsulations-mood-formula-30-pcs-19114717#primaryimage"},"image":{"@id":"https:\/\/loewentestneu.metafex.io\/fr\/produit\/pure-encapsulations-mood-formula-30-pcs-19114717#primaryimage"},"thumbnailUrl":"https:\/\/loewentestneu.metafex.io\/wp-content\/uploads\/2025\/03\/Pure-Encapsulations-Mood-formula-Capsoules-PZN-19114717-on-Lions-Pharmacy.webp","datePublished":"2025-03-12T12:48:44+00:00","dateModified":"2025-07-28T20:52:00+00:00","description":"Pharmacie en ligne allemande enregistr\u00e9e. Nous offrons\u00a0: une livraison rapide dans le monde entier et un service de premier ordre. Pure Encapsulations Mood Formula (30 pi\u00e8ces)","breadcrumb":{"@id":"https:\/\/loewentestneu.metafex.io\/fr\/produit\/pure-encapsulations-mood-formula-30-pcs-19114717#breadcrumb"},"inLanguage":"fr-FR","potentialAction":[{"@type":"ReadAction","target":["https:\/\/loewentestneu.metafex.io\/fr\/produit\/pure-encapsulations-mood-formula-30-pcs-19114717"]}]},{"@type":"ImageObject","inLanguage":"fr-FR","@id":"https:\/\/loewentestneu.metafex.io\/fr\/produit\/pure-encapsulations-mood-formula-30-pcs-19114717#primaryimage","url":"https:\/\/loewentestneu.metafex.io\/wp-content\/uploads\/2025\/03\/Pure-Encapsulations-Mood-formula-Capsoules-PZN-19114717-on-Lions-Pharmacy.webp","contentUrl":"https:\/\/loewentestneu.metafex.io\/wp-content\/uploads\/2025\/03\/Pure-Encapsulations-Mood-formula-Capsoules-PZN-19114717-on-Lions-Pharmacy.webp","width":600,"height":600,"caption":"Une bo\u00eete de Capsules de Pure Encapsulations Mood formula, PZN 19114717, sur Lions-Pharmacy"},{"@type":"BreadcrumbList","@id":"https:\/\/loewentestneu.metafex.io\/fr\/produit\/pure-encapsulations-mood-formula-30-pcs-19114717#breadcrumb","itemListElement":[{"@type":"ListItem","position":1,"name":"Home","item":"https:\/\/loewentestneu.metafex.io\/fr\/homepage-lion-pharmacy"},{"@type":"ListItem","position":2,"name":"Shop","item":"https:\/\/loewentestneu.metafex.io\/fr\/boutique"},{"@type":"ListItem","position":3,"name":"Pure Encapsulations Mood Formula (30 pi\u00e8ces)"}]},{"@type":"WebSite","@id":"https:\/\/loewentestneu.metafex.io\/fr#website","url":"https:\/\/loewentestneu.metafex.io\/fr","name":"Lions Pharmacy","description":"Pharmacie sp\u00e9cialis\u00e9e en naturopathie de Baden-Baden, Allemagne","publisher":{"@id":"https:\/\/loewentestneu.metafex.io\/fr#organization"},"alternateName":"Lion Pharmacy","potentialAction":[{"@type":"SearchAction","target":{"@type":"EntryPoint","urlTemplate":"https:\/\/loewentestneu.metafex.io\/fr?s={search_term_string}"},"query-input":{"@type":"PropertyValueSpecification","valueRequired":true,"valueName":"search_term_string"}}],"inLanguage":"fr-FR"},{"@type":"Organization","@id":"https:\/\/loewentestneu.metafex.io\/fr#organization","name":"Lions Pharmacy","alternateName":"Lions Pharmacy24","url":"https:\/\/loewentestneu.metafex.io\/fr","logo":{"@type":"ImageObject","inLanguage":"fr-FR","@id":"https:\/\/loewentestneu.metafex.io\/fr#\/schema\/logo\/image\/","url":"https:\/\/loewentestneu.metafex.io\/wp-content\/uploads\/2022\/12\/Logo-Lion-Pharmacy-c-o-Loewen-Apotheke-smal.jpg","contentUrl":"https:\/\/loewentestneu.metafex.io\/wp-content\/uploads\/2022\/12\/Logo-Lion-Pharmacy-c-o-Loewen-Apotheke-smal.jpg","width":298,"height":99,"caption":"Lions Pharmacy"},"image":{"@id":"https:\/\/loewentestneu.metafex.io\/fr#\/schema\/logo\/image\/"}}]}},"_links":{"self":[{"href":"https:\/\/loewentestneu.metafex.io\/fr\/wp-json\/wp\/v2\/product\/9990","targetHints":{"allow":["GET"]}}],"collection":[{"href":"https:\/\/loewentestneu.metafex.io\/fr\/wp-json\/wp\/v2\/product"}],"about":[{"href":"https:\/\/loewentestneu.metafex.io\/fr\/wp-json\/wp\/v2\/types\/product"}],"replies":[{"embeddable":true,"href":"https:\/\/loewentestneu.metafex.io\/fr\/wp-json\/wp\/v2\/comments?post=9990"}],"wp:featuredmedia":[{"embeddable":true,"href":"https:\/\/loewentestneu.metafex.io\/fr\/wp-json\/wp\/v2\/media\/9995"}],"wp:attachment":[{"href":"https:\/\/loewentestneu.metafex.io\/fr\/wp-json\/wp\/v2\/media?parent=9990"}],"wp:term":[{"taxonomy":"product_brand","embeddable":true,"href":"https:\/\/loewentestneu.metafex.io\/fr\/wp-json\/wp\/v2\/product_brand?post=9990"},{"taxonomy":"product_cat","embeddable":true,"href":"https:\/\/loewentestneu.metafex.io\/fr\/wp-json\/wp\/v2\/product_cat?post=9990"},{"taxonomy":"product_tag","embeddable":true,"href":"https:\/\/loewentestneu.metafex.io\/fr\/wp-json\/wp\/v2\/product_tag?post=9990"}],"curies":[{"name":"wp","href":"https:\/\/api.w.org\/{rel}","templated":true}]}}