{"id":1651,"date":"2022-12-11T09:03:40","date_gmt":"2022-12-11T08:03:40","guid":{"rendered":"https:\/\/lions-pharmacy.com\/impronta"},"modified":"2023-10-08T06:46:20","modified_gmt":"2023-10-08T05:46:20","slug":"impronta","status":"publish","type":"page","link":"https:\/\/loewentestneu.metafex.io\/it\/impronta","title":{"rendered":"Impronta"},"content":{"rendered":"\t\t<div data-elementor-type=\"wp-page\" data-elementor-id=\"1651\" class=\"elementor elementor-1651 elementor-20\">\n\t\t\t\t\t\t<section class=\"elementor-section elementor-top-section elementor-element elementor-element-556343fe elementor-section-boxed elementor-section-height-default elementor-section-height-default\" data-id=\"556343fe\" data-element_type=\"section\">\n\t\t\t\t\t\t<div class=\"elementor-container elementor-column-gap-default\">\n\t\t\t\t\t<div class=\"elementor-column elementor-col-100 elementor-top-column elementor-element elementor-element-2ede5ef4\" data-id=\"2ede5ef4\" data-element_type=\"column\">\n\t\t\t<div class=\"elementor-widget-wrap elementor-element-populated\">\n\t\t\t\t\t\t<div class=\"elementor-element elementor-element-4b42cf08 elementor-widget elementor-widget-text-editor\" data-id=\"4b42cf08\" data-element_type=\"widget\" data-widget_type=\"text-editor.default\">\n\t\t\t\t<div class=\"elementor-widget-container\">\n\t\t\t\t\t\t\t\t\t<h4>INFORMAZIONI AI SENSI DELLA SEZ. 5 LEGGE TEDESCA SUI MEDIA TELEMATICI (TMG)<\/h4>\n<p>Colophon: Lions Pharmacy c\/o L\u00f6wen Apotheke. Proprietario: Sandra Hoff<\/p>\n<div class=\"wp-block-columns\">\n<div class=\"wp-block-column\" style=\"flex-basis: 50%;\">\n<div class=\"wp-block-columns\">\n<div class=\"wp-block-column\">\n<figure class=\"wp-block-image size-full is-resized\"><img decoding=\"async\" class=\"wp-image-163 lazyload\" data-src=\"https:\/\/loewentestneu.metafex.io\/wp-content\/uploads\/2022\/12\/image.png\" alt=\"\" width=\"195\" height=\"57\" src=\"data:image\/svg+xml;base64,PHN2ZyB3aWR0aD0iMSIgaGVpZ2h0PSIxIiB4bWxucz0iaHR0cDovL3d3dy53My5vcmcvMjAwMC9zdmciPjwvc3ZnPg==\" style=\"--smush-placeholder-width: 195px; --smush-placeholder-aspect-ratio: 195\/57;\"><\/figure>\n<\/div>\n<div class=\"wp-block-column\">\n<figure class=\"wp-block-image size-full is-resized\"><img decoding=\"async\" class=\"wp-image-28 lazyload\" data-src=\"https:\/\/loewentestneu.metafex.io\/wp-content\/uploads\/2022\/12\/Logo-Lion-Pharmacy-c-o-Loewen-Apotheke-smal.jpg\" alt=\"Logo Lion Pharmacy c-o L\u00f6wen Apotheke piccolo\" width=\"181\" height=\"60\" src=\"data:image\/svg+xml;base64,PHN2ZyB3aWR0aD0iMSIgaGVpZ2h0PSIxIiB4bWxucz0iaHR0cDovL3d3dy53My5vcmcvMjAwMC9zdmciPjwvc3ZnPg==\" style=\"--smush-placeholder-width: 181px; --smush-placeholder-aspect-ratio: 181\/60;\"><\/figure>\n<\/div>\n<\/div>\n<\/div>\n<\/div>\n<p>Indirizzo postale: L\u00f6wen Apotheke | Sandra Hoff e.K. | Lichtentaler Str. 3 | 76530 Baden-Baden<\/p>\n<p>numero registro delle imprese : HRA 200730<br \/>Tribunale del registro: Mannheim<\/p>\n<h4>CONTATTO<\/h4>\n<p><strong>Hotline clienti<\/strong>: Consulenza e possibilit\u00e0 di ordinare, nonch\u00e9 ulteriori informazioni all&#8217;indirizzo:<br \/>Tel: +49-(0)7221 \/ 395 374<\/p>\n<p>Altre richieste:<\/p>\n<p>Telefono: +49 7221 \/ 22 120<br \/>Fax: +49 7221 \/ 23 875<br \/>E-mail: info@loewen-apotheke24.de<\/p>\n<h4>NUMERO DI IDENTIFICAZIONE DELL&#8217;IMPOSTA SULLE VENDITE<\/h4>\n<p>Numero di identificazione dell&#8217;imposta sulle vendite ai sensi della Sez. 27 a della Legge sull&#8217;imposta sulle vendite:<br \/>DE 219547975<\/p>\n<h4>AUTORIT\u00c0 DI VIGILANZA<\/h4>\n<p>Aufsichtsbeh\u00f6rde RP Karlsruhe<br \/>Aufsichtsbeh\u00f6rde:<br \/>Regierungspr\u00e4sidium Karlsruhe<br \/>76247 Karlsruhe, Tel.: 0721-9260<\/p>\n<p><a href=\"https:\/\/rp.baden-wuerttemberg.de\/rpk\/\">https:\/\/rp.baden-wuerttemberg.de\/rpk\/<\/a><\/p>\n<h4>TITOLO DI LAVORO E REGOLAMENTO PROFESSIONALE<\/h4>\n<p>Titolo di lavoro:<br \/>Apotecario (Farmazista)<\/p>\n<p>Camera competente<br \/>Landesapothekerkammer Baden-W\u00fcrttemberg<br \/>K\u00f6rperschaft des \u00f6ffentlichen Rechts<br \/>Villastra\u00dfe 1<br \/>70190 Stoccarda<\/p>\n<p>Autorizzazione concessa in<br \/>Germania<\/p>\n<p>Si applicano le seguenti norme professionali &#8220;Apothekerin&#8221; : Bundesrepublik Deutschland. Regolamenti professionali: Regolamento professionale della Camera dei Farmacisti, disponibile presso la Camera delle Farmacie di Berlino.<\/p>\n<p>Si applicano le seguenti norme professionali:<\/p>\n<p>Titolo di lavoro: Apotecario<br \/>disponibile su: <a href=\"https:\/\/www.lak-bw.de\/meta\/impressumberufsordnung.html\" target=\"_blank\" rel=\"noreferrer noopener\">https:\/\/www.lak-bw.de\/meta\/impressumberufsordnung.html<\/a><\/p>\n<p>Licenza di vendita per corrispondenza:  <br \/><a href=\"https:\/\/versandhandel.dimdi.de\/websearch\/servlet\/Gate?accessid=dimdi_var&amp;term=3c387956690121ccc8763184f052b93f\" target=\"_blank\" rel=\"noreferrer noopener\">Farmacia L\u00f6wen<\/a><\/p>\n<figure class=\"wp-block-image size-full\"><a href=\"https:\/\/versandhandel.dimdi.de\/websearch\/servlet\/Gate?accessid=dimdi_var&amp;term=3c387956690121ccc8763184f052b93f\" target=\"_blank\" rel=\"noreferrer noopener\"><img decoding=\"async\" width=\"100\" height=\"100\" class=\"wp-image-142 lazyload\" title=\"DIMIDI\" data-src=\"https:\/\/loewentestneu.metafex.io\/wp-content\/uploads\/2022\/12\/DIMIDI.jpg\" alt=\"DIMIDI: Lion Pharmacy - La Farmacia Leone \u00e8 registrata.\" data-srcset=\"https:\/\/loewentestneu.metafex.io\/wp-content\/uploads\/2022\/12\/DIMIDI.jpg 100w, https:\/\/loewentestneu.metafex.io\/wp-content\/uploads\/2022\/12\/DIMIDI-46x46.jpg 46w\" data-sizes=\"(max-width: 100px) 100vw, 100px\" src=\"data:image\/svg+xml;base64,PHN2ZyB3aWR0aD0iMSIgaGVpZ2h0PSIxIiB4bWxucz0iaHR0cDovL3d3dy53My5vcmcvMjAwMC9zdmciPjwvc3ZnPg==\" style=\"--smush-placeholder-width: 100px; --smush-placeholder-aspect-ratio: 100\/100;\" \/><\/a><\/figure>\n<h4>RESPONSABILE EDITORIALE<\/h4>\n<p>Sandra Hoff, Lichtentaler Str. 3, D-76530 Baden-Baden<\/p>\n<h4>RISOLUZIONE DELLE CONTROVERSIE NELL&#8217;UE<\/h4>\n<p>La Commissione europea offre una piattaforma per la risoluzione delle controversie online (ODR): <a href=\"https:\/\/ec.europa.eu\/consumers\/odr\/\" target=\"_blank\" rel=\"noreferrer noopener\">https:\/\/ec.europa.eu\/consumers\/odr\/.<\/a><br \/>Il nostro indirizzo e-mail \u00e8 riportato sopra nell&#8217;avviso del sito.<\/p>\n<h4>PROCEDURA DI RISOLUZIONE DELLE CONTROVERSIE DAVANTI A UN COLLEGIO ARBITRALE DEI CONSUMATORI<\/h4>\n<p>Non siamo disposti o obbligati a partecipare a procedure di risoluzione delle controversie davanti a un collegio arbitrale dei consumatori.<\/p>\n<h4>LINK RESPONSABILIT\u00c0<\/h4>\n<p>Dichiarazione di non responsabilit\u00e0<\/p>\n<p>I contenuti delle nostre pagine sono stati creati con grande cura. Tuttavia, non possiamo garantire l&#8217;accuratezza, la completezza e la tempestivit\u00e0 dei contenuti. In qualit\u00e0 di fornitore di servizi, siamo, in conformit\u00e0 con il \u00a7 7 comma 1 TMG \u00e8 responsabile dei propri contenuti su queste pagine in base alle leggi generali. Ai sensi dei \u00a7\u00a7 8-10 TMG, tuttavia, non siamo obbligati, in qualit\u00e0 di fornitori di servizi, a monitorare le informazioni trasmesse o memorizzate da terzi o a indagare su circostanze che indicano un&#8217;attivit\u00e0 illegale. Gli obblighi di rimuovere o bloccare l&#8217;uso delle informazioni in conformit\u00e0 alle leggi generali rimangono inalterati. Tuttavia, la responsabilit\u00e0 in questo senso \u00e8 possibile solo a partire dal momento in cui si viene a conoscenza di una violazione concreta. Se veniamo a conoscenza di tali violazioni, rimuoveremo immediatamente il contenuto in questione.<\/p>\n<h4>INFORMAZIONI AGGIUNTIVE<\/h4>\n<p>Copyright:<\/p>\n<p>I contenuti e le opere create dagli operatori del sito su queste pagine sono soggetti alla legge tedesca sul diritto d&#8217;autore. La duplicazione, l&#8217;elaborazione, la distribuzione o qualsiasi forma di commercializzazione di tale materiale al di l\u00e0 dell&#8217;ambito di applicazione della legge sul diritto d&#8217;autore richiede il previo consenso scritto del rispettivo autore. Sono consentiti download e copie di questa pagina solo per uso privato e non commerciale.<\/p>\n<p>Riferimenti e link<\/p>\n<p>Desideriamo sottolineare che non abbiamo alcuna influenza sul design e sul contenuto delle pagine esterne collegate. Pertanto, con la presente ci dissociamo espressamente da tutti i contenuti di tutti i siti collegati alla nostra homepage e non facciamo nostri anche i loro contenuti. Questa dichiarazione vale per tutti i link della nostra homepage!<\/p>\n<p>Agenzie fotografiche<\/p>\n<p>Materiale da costruzione senza modifiche da parte di: Fotolia e Shutterstock<\/p>\n<p>Immagini &amp; Immagine produzioni interne. La riproduzione e la distribuzione sono consentite solo con l&#8217;espresso consenso scritto dell&#8217;autore.<\/p>\n\t\t\t\t\t\t\t\t<\/div>\n\t\t\t\t<\/div>\n\t\t\t\t\t<\/div>\n\t\t<\/div>\n\t\t\t\t\t<\/div>\n\t\t<\/section>\n\t\t\t\t<\/div>\n\t\t","protected":false},"excerpt":{"rendered":"<p>INFORMAZIONI AI SENSI DELLA SEZ. 5 LEGGE TEDESCA SUI MEDIA TELEMATICI (TMG) Colophon: Lions Pharmacy c\/o L\u00f6wen Apotheke. Proprietario: Sandra Hoff Indirizzo postale: L\u00f6wen Apotheke | Sandra Hoff e.K. | Lichtentaler Str. 3 | 76530 Baden-Baden numero registro delle imprese : HRA 200730Tribunale del registro: Mannheim CONTATTO Hotline clienti: Consulenza e possibilit\u00e0 di ordinare, nonch\u00e9 [&hellip;]<\/p>\n","protected":false},"author":1,"featured_media":1333,"parent":0,"menu_order":0,"comment_status":"closed","ping_status":"closed","template":"","meta":{"footnotes":""},"class_list":["post-1651","page","type-page","status-publish","has-post-thumbnail","hentry"],"yoast_head":"<!-- This site is optimized with the Yoast SEO plugin v26.5 - https:\/\/yoast.com\/wordpress\/plugins\/seo\/ -->\n<title>Impronta &#187; Lion Pharmacy<\/title>\n<meta name=\"description\" content=\"Lion Pharmacy | farmacia online tedesca registrata | Spedizione internazionale veloce | Acquistare online in modo comodo e sicuro | Impronta\" \/>\n<meta name=\"robots\" content=\"noindex, follow, max-snippet:-1, max-image-preview:large, max-video-preview:-1\" \/>\n<meta property=\"og:locale\" content=\"it_IT\" \/>\n<meta property=\"og:type\" content=\"article\" \/>\n<meta property=\"og:title\" content=\"Impronta &#187; Lion Pharmacy\" \/>\n<meta property=\"og:description\" content=\"Lion Pharmacy | farmacia online tedesca registrata | Spedizione internazionale veloce | Acquistare online in modo comodo e sicuro | Impronta\" \/>\n<meta property=\"og:url\" content=\"https:\/\/loewentestneu.metafex.io\/it\/impronta\" \/>\n<meta property=\"og:site_name\" content=\"Lion Pharmacy\" \/>\n<meta property=\"article:modified_time\" content=\"2023-10-08T05:46:20+00:00\" \/>\n<meta property=\"og:image\" content=\"https:\/\/loewentestneu.metafex.io\/wp-content\/uploads\/2022\/12\/Logo-Lion-Pharmacy-c-o-Loewen-Apotheke-xs.jpg\" \/>\n\t<meta property=\"og:image:width\" content=\"150\" \/>\n\t<meta property=\"og:image:height\" content=\"49\" \/>\n\t<meta property=\"og:image:type\" content=\"image\/jpeg\" \/>\n<meta name=\"twitter:card\" content=\"summary_large_image\" \/>\n<meta name=\"twitter:label1\" content=\"Tempo di lettura stimato\" \/>\n\t<meta name=\"twitter:data1\" content=\"3 minuti\" \/>\n<script type=\"application\/ld+json\" class=\"yoast-schema-graph\">{\"@context\":\"https:\/\/schema.org\",\"@graph\":[{\"@type\":\"WebPage\",\"@id\":\"https:\/\/loewentestneu.metafex.io\/it\/impronta\",\"url\":\"https:\/\/loewentestneu.metafex.io\/it\/impronta\",\"name\":\"Impronta &#187; Lion Pharmacy\",\"isPartOf\":{\"@id\":\"https:\/\/loewentestneu.metafex.io\/it#website\"},\"primaryImageOfPage\":{\"@id\":\"https:\/\/loewentestneu.metafex.io\/it\/impronta#primaryimage\"},\"image\":{\"@id\":\"https:\/\/loewentestneu.metafex.io\/it\/impronta#primaryimage\"},\"thumbnailUrl\":\"https:\/\/loewentestneu.metafex.io\/wp-content\/uploads\/2022\/12\/Logo-Lion-Pharmacy-c-o-Loewen-Apotheke-xs.jpg\",\"datePublished\":\"2022-12-11T08:03:40+00:00\",\"dateModified\":\"2023-10-08T05:46:20+00:00\",\"description\":\"Lion Pharmacy | farmacia online tedesca registrata | Spedizione internazionale veloce | Acquistare online in modo comodo e sicuro | Impronta\",\"breadcrumb\":{\"@id\":\"https:\/\/loewentestneu.metafex.io\/it\/impronta#breadcrumb\"},\"inLanguage\":\"it-IT\",\"potentialAction\":[{\"@type\":\"ReadAction\",\"target\":[\"https:\/\/loewentestneu.metafex.io\/it\/impronta\"]}]},{\"@type\":\"ImageObject\",\"inLanguage\":\"it-IT\",\"@id\":\"https:\/\/loewentestneu.metafex.io\/it\/impronta#primaryimage\",\"url\":\"https:\/\/loewentestneu.metafex.io\/wp-content\/uploads\/2022\/12\/Logo-Lion-Pharmacy-c-o-Loewen-Apotheke-xs.jpg\",\"contentUrl\":\"https:\/\/loewentestneu.metafex.io\/wp-content\/uploads\/2022\/12\/Logo-Lion-Pharmacy-c-o-Loewen-Apotheke-xs.jpg\",\"width\":150,\"height\":49,\"caption\":\"Logo Lions Pharmacy c-o L\u00f6wen Apotheke xs\"},{\"@type\":\"BreadcrumbList\",\"@id\":\"https:\/\/loewentestneu.metafex.io\/it\/impronta#breadcrumb\",\"itemListElement\":[{\"@type\":\"ListItem\",\"position\":1,\"name\":\"Home\",\"item\":\"https:\/\/loewentestneu.metafex.io\/it\/homepage-lion-pharmacy\"},{\"@type\":\"ListItem\",\"position\":2,\"name\":\"Impronta\"}]},{\"@type\":\"WebSite\",\"@id\":\"https:\/\/loewentestneu.metafex.io\/it#website\",\"url\":\"https:\/\/loewentestneu.metafex.io\/it\",\"name\":\"Lions Pharmacy\",\"description\":\"Farmacia specializzata in naturopatia di Baden-Baden, Germania\",\"publisher\":{\"@id\":\"https:\/\/loewentestneu.metafex.io\/it#organization\"},\"alternateName\":\"Lion Pharmacy\",\"potentialAction\":[{\"@type\":\"SearchAction\",\"target\":{\"@type\":\"EntryPoint\",\"urlTemplate\":\"https:\/\/loewentestneu.metafex.io\/it?s={search_term_string}\"},\"query-input\":{\"@type\":\"PropertyValueSpecification\",\"valueRequired\":true,\"valueName\":\"search_term_string\"}}],\"inLanguage\":\"it-IT\"},{\"@type\":\"Organization\",\"@id\":\"https:\/\/loewentestneu.metafex.io\/it#organization\",\"name\":\"Lions Pharmacy\",\"alternateName\":\"Lions Pharmacy24\",\"url\":\"https:\/\/loewentestneu.metafex.io\/it\",\"logo\":{\"@type\":\"ImageObject\",\"inLanguage\":\"it-IT\",\"@id\":\"https:\/\/loewentestneu.metafex.io\/it#\/schema\/logo\/image\/\",\"url\":\"https:\/\/loewentestneu.metafex.io\/wp-content\/uploads\/2022\/12\/Logo-Lion-Pharmacy-c-o-Loewen-Apotheke-smal.jpg\",\"contentUrl\":\"https:\/\/loewentestneu.metafex.io\/wp-content\/uploads\/2022\/12\/Logo-Lion-Pharmacy-c-o-Loewen-Apotheke-smal.jpg\",\"width\":298,\"height\":99,\"caption\":\"Lions Pharmacy\"},\"image\":{\"@id\":\"https:\/\/loewentestneu.metafex.io\/it#\/schema\/logo\/image\/\"}}]}<\/script>\n<!-- \/ Yoast SEO plugin. -->","yoast_head_json":{"title":"Impronta &#187; Lion Pharmacy","description":"Lion Pharmacy | farmacia online tedesca registrata | Spedizione internazionale veloce | Acquistare online in modo comodo e sicuro | Impronta","robots":{"index":"noindex","follow":"follow","max-snippet":"max-snippet:-1","max-image-preview":"max-image-preview:large","max-video-preview":"max-video-preview:-1"},"og_locale":"it_IT","og_type":"article","og_title":"Impronta &#187; Lion Pharmacy","og_description":"Lion Pharmacy | farmacia online tedesca registrata | Spedizione internazionale veloce | Acquistare online in modo comodo e sicuro | Impronta","og_url":"https:\/\/loewentestneu.metafex.io\/it\/impronta","og_site_name":"Lion Pharmacy","article_modified_time":"2023-10-08T05:46:20+00:00","og_image":[{"width":150,"height":49,"url":"https:\/\/loewentestneu.metafex.io\/wp-content\/uploads\/2022\/12\/Logo-Lion-Pharmacy-c-o-Loewen-Apotheke-xs.jpg","type":"image\/jpeg"}],"twitter_card":"summary_large_image","twitter_misc":{"Tempo di lettura stimato":"3 minuti"},"schema":{"@context":"https:\/\/schema.org","@graph":[{"@type":"WebPage","@id":"https:\/\/loewentestneu.metafex.io\/it\/impronta","url":"https:\/\/loewentestneu.metafex.io\/it\/impronta","name":"Impronta &#187; Lion Pharmacy","isPartOf":{"@id":"https:\/\/loewentestneu.metafex.io\/it#website"},"primaryImageOfPage":{"@id":"https:\/\/loewentestneu.metafex.io\/it\/impronta#primaryimage"},"image":{"@id":"https:\/\/loewentestneu.metafex.io\/it\/impronta#primaryimage"},"thumbnailUrl":"https:\/\/loewentestneu.metafex.io\/wp-content\/uploads\/2022\/12\/Logo-Lion-Pharmacy-c-o-Loewen-Apotheke-xs.jpg","datePublished":"2022-12-11T08:03:40+00:00","dateModified":"2023-10-08T05:46:20+00:00","description":"Lion Pharmacy | farmacia online tedesca registrata | Spedizione internazionale veloce | Acquistare online in modo comodo e sicuro | Impronta","breadcrumb":{"@id":"https:\/\/loewentestneu.metafex.io\/it\/impronta#breadcrumb"},"inLanguage":"it-IT","potentialAction":[{"@type":"ReadAction","target":["https:\/\/loewentestneu.metafex.io\/it\/impronta"]}]},{"@type":"ImageObject","inLanguage":"it-IT","@id":"https:\/\/loewentestneu.metafex.io\/it\/impronta#primaryimage","url":"https:\/\/loewentestneu.metafex.io\/wp-content\/uploads\/2022\/12\/Logo-Lion-Pharmacy-c-o-Loewen-Apotheke-xs.jpg","contentUrl":"https:\/\/loewentestneu.metafex.io\/wp-content\/uploads\/2022\/12\/Logo-Lion-Pharmacy-c-o-Loewen-Apotheke-xs.jpg","width":150,"height":49,"caption":"Logo Lions Pharmacy c-o L\u00f6wen Apotheke xs"},{"@type":"BreadcrumbList","@id":"https:\/\/loewentestneu.metafex.io\/it\/impronta#breadcrumb","itemListElement":[{"@type":"ListItem","position":1,"name":"Home","item":"https:\/\/loewentestneu.metafex.io\/it\/homepage-lion-pharmacy"},{"@type":"ListItem","position":2,"name":"Impronta"}]},{"@type":"WebSite","@id":"https:\/\/loewentestneu.metafex.io\/it#website","url":"https:\/\/loewentestneu.metafex.io\/it","name":"Lions Pharmacy","description":"Farmacia specializzata in naturopatia di Baden-Baden, Germania","publisher":{"@id":"https:\/\/loewentestneu.metafex.io\/it#organization"},"alternateName":"Lion Pharmacy","potentialAction":[{"@type":"SearchAction","target":{"@type":"EntryPoint","urlTemplate":"https:\/\/loewentestneu.metafex.io\/it?s={search_term_string}"},"query-input":{"@type":"PropertyValueSpecification","valueRequired":true,"valueName":"search_term_string"}}],"inLanguage":"it-IT"},{"@type":"Organization","@id":"https:\/\/loewentestneu.metafex.io\/it#organization","name":"Lions Pharmacy","alternateName":"Lions Pharmacy24","url":"https:\/\/loewentestneu.metafex.io\/it","logo":{"@type":"ImageObject","inLanguage":"it-IT","@id":"https:\/\/loewentestneu.metafex.io\/it#\/schema\/logo\/image\/","url":"https:\/\/loewentestneu.metafex.io\/wp-content\/uploads\/2022\/12\/Logo-Lion-Pharmacy-c-o-Loewen-Apotheke-smal.jpg","contentUrl":"https:\/\/loewentestneu.metafex.io\/wp-content\/uploads\/2022\/12\/Logo-Lion-Pharmacy-c-o-Loewen-Apotheke-smal.jpg","width":298,"height":99,"caption":"Lions Pharmacy"},"image":{"@id":"https:\/\/loewentestneu.metafex.io\/it#\/schema\/logo\/image\/"}}]}},"_links":{"self":[{"href":"https:\/\/loewentestneu.metafex.io\/it\/wp-json\/wp\/v2\/pages\/1651","targetHints":{"allow":["GET"]}}],"collection":[{"href":"https:\/\/loewentestneu.metafex.io\/it\/wp-json\/wp\/v2\/pages"}],"about":[{"href":"https:\/\/loewentestneu.metafex.io\/it\/wp-json\/wp\/v2\/types\/page"}],"author":[{"embeddable":true,"href":"https:\/\/loewentestneu.metafex.io\/it\/wp-json\/wp\/v2\/users\/1"}],"replies":[{"embeddable":true,"href":"https:\/\/loewentestneu.metafex.io\/it\/wp-json\/wp\/v2\/comments?post=1651"}],"version-history":[{"count":0,"href":"https:\/\/loewentestneu.metafex.io\/it\/wp-json\/wp\/v2\/pages\/1651\/revisions"}],"wp:featuredmedia":[{"embeddable":true,"href":"https:\/\/loewentestneu.metafex.io\/it\/wp-json\/wp\/v2\/media\/1333"}],"wp:attachment":[{"href":"https:\/\/loewentestneu.metafex.io\/it\/wp-json\/wp\/v2\/media?parent=1651"}],"curies":[{"name":"wp","href":"https:\/\/api.w.org\/{rel}","templated":true}]}}