{"id":10199,"date":"2025-03-18T22:06:20","date_gmt":"2025-03-18T21:06:20","guid":{"rendered":"https:\/\/lions-pharmacy.com\/?post_type=product&#038;p=10199"},"modified":"2025-03-26T10:23:09","modified_gmt":"2025-03-26T09:23:09","slug":"bio-h-tin-hair-essentials-men-forte-30-pcs-19451691","status":"publish","type":"product","link":"https:\/\/loewentestneu.metafex.io\/it\/prodotto\/bio-h-tin-hair-essentials-men-forte-30-pcs-19451691","title":{"rendered":"BIO-H-TIN Capelli Essenziali Uomo Forte (30 pezzi)"},"content":{"rendered":"<h3>BIO-H-TIN Capelli Essenziali Uomo Forte<\/h3>\n<p>BIO-H-TIN Hair Essentials Men Forte \u00e8 stato sviluppato appositamente per i capelli degli uomini con biotina, zinco e selenio. BIO-H-TIN Hair Essentials Men Forte aiuta gli uomini a mantenere i loro capelli naturali. Integratori alimentari per uomini.<\/p>\n<p>La formula innovativa con biotina, zinco e selenio contribuisce al mantenimento di capelli normali. L&#8217;ingrediente aggiuntivo taurina completa la formula. Una sola capsula al giorno favorisce l&#8217;apporto di importanti micronutrienti ai tuoi capelli, per una maggiore vitalit\u00e0 e un aspetto pi\u00f9 sicuro.<\/p>\n<p>Foglio illustrativo\/istruzioni per l&#8217;uso\/scheda tecnica dell&#8217;articolo: \u2013 (lettore PDF)<\/p>\n<p>Altri prodotti per l&#8217;applicazione: <a href=\"https:\/\/loewentestneu.metafex.io\/product-tag\/homeopathy\" rel=\"tag\">Omeopatia<\/a> | <a href=\"https:\/\/loewentestneu.metafex.io\/product-tag\/vitamins-supplements\">Vitamine e integratori Prodotti<\/a><\/p>\n<p>Per saperne di pi\u00f9 sul produttore e su questo prodotto: <a href=\"https:\/\/www.biohtin.de\/produkte\/hair-essentials-men-forte\" target=\"_blank\" rel=\"noopener\">Biothin<\/a> (link a sito esterno) Dr. Pfleger Arzneimittel.<\/p>\n<p>Gli integratori alimentari non sostituiscono una dieta equilibrata e varia e uno stile di vita sano. Non superare la dose giornaliera raccomandata. Tieni fuori dalla portata dei bambini piccoli.<\/p>\n<p>Le informazioni contenute in questo sito web sono fornite solo a scopo informativo. Non sostituiscono in alcun modo la visita e il trattamento da parte di un medico. Ci\u00f2 significa che non \u00e8 possibile n\u00e9 fare diagnosi n\u00e9 iniziare terapie.<\/p>\n<p>Per i rischi e gli effetti collaterali, leggere il foglio illustrativo e rivolgersi al medico o al farmacista.<\/p>\n<p>&nbsp;<\/p>\n<h3>Prescrizione | \u00c8 disponibile una prescrizione elettronica?<\/h3>\n<p>Invia subito la tua prescrizione elettronica. Usa la nostra app <a href=\"https:\/\/e-rezept-app.de\/shop-rezept\" target=\"_blank\" rel=\"noopener\">per la prescrizione elettronica<\/a> . E noi ti diamo le spese di spedizione gratis in Germania!<\/p>\n","protected":false},"excerpt":{"rendered":"<h2>Elementi essenziali per capelli BIO-H-TIN<\/h2>\n<p>sviluppato appositamente per i capelli degli uomini con biotina, zinco e selenio.<\/p>\n<p>&nbsp;<\/p>\n<p><strong>PZN<\/strong>: 19451691<\/p>\n<p><strong>Forma di dosaggio<\/strong>: Capsule<\/p>\n<p><strong>Confezione<\/strong>: 30 pezzi.<\/p>\n<p><strong>Tipo di prescrizione: senza prescrizione<\/strong><\/p>\n<p><strong>Marchio<\/strong>: BIO-H-TIN<\/p>\n<p><strong>Produttore<\/strong>: Dr. Pfleger Arzneimittel GmbH, Germania<\/p>\n","protected":false},"featured_media":10194,"comment_status":"closed","ping_status":"closed","template":"","meta":[],"product_brand":[],"product_cat":[124,115],"product_tag":[270,298,269,307,271,482,480,268],"class_list":{"0":"post-10199","1":"product","2":"type-product","3":"status-publish","4":"has-post-thumbnail","6":"product_cat-sale-it","7":"product_cat-non-categorizzato","8":"product_tag-benessere","9":"product_tag-concentrazione-e-stress","10":"product_tag-gestione-del-peso","11":"product_tag-omeopatia","12":"product_tag-peso-e-forma-fisica","13":"product_tag-principio-attivo-a-base-di-erbe","14":"product_tag-rimedi-naturali","15":"product_tag-vitamine-e-integratori","16":"ts_product_brand-all-it","17":"ts_product_brand-bio-h-tin-it","19":"first","20":"instock","21":"sale","22":"taxable","23":"shipping-taxable","24":"purchasable","25":"product-type-simple"},"yoast_head":"<!-- This site is optimized with the Yoast SEO plugin v26.5 - https:\/\/yoast.com\/wordpress\/plugins\/seo\/ -->\n<title>BIO-H-TIN Capelli Essenziali Uomo Forte (30 pezzi) &#187; Scopri di pi\u00f9<\/title>\n<meta name=\"description\" content=\"Farmacia tedesca registrata. Offriamo: spedizioni veloci in tutto il mondo e un servizio eccellente. Scopri questo prodotto per la perdita dei capelli BIO-H-TIN Capelli Essenziali Uomo Forte (30 pezzi)\" \/>\n<meta name=\"robots\" content=\"noindex, follow, max-snippet:-1, max-image-preview:large, max-video-preview:-1\" \/>\n<meta property=\"og:locale\" content=\"it_IT\" \/>\n<meta property=\"og:type\" content=\"article\" \/>\n<meta property=\"og:title\" content=\"BIO-H-TIN Capelli Essenziali Uomo Forte (30 pezzi) &#187; Scopri di pi\u00f9\" \/>\n<meta property=\"og:description\" content=\"Farmacia tedesca registrata. Offriamo: spedizioni veloci in tutto il mondo e un servizio eccellente. Scopri questo prodotto per la perdita dei capelli BIO-H-TIN Capelli Essenziali Uomo Forte (30 pezzi)\" \/>\n<meta property=\"og:url\" content=\"https:\/\/loewentestneu.metafex.io\/it\/prodotto\/bio-h-tin-hair-essentials-men-forte-30-pcs-19451691\" \/>\n<meta property=\"og:site_name\" content=\"Lion Pharmacy\" \/>\n<meta property=\"article:modified_time\" content=\"2025-03-26T09:23:09+00:00\" \/>\n<meta property=\"og:image\" content=\"https:\/\/loewentestneu.metafex.io\/wp-content\/uploads\/2025\/03\/BIO-H-TIN-Hair-Essentials-Men-Forte-Capsoules-PZN-19451716-on-Lions-Pharmacy.webp\" \/>\n\t<meta property=\"og:image:width\" content=\"600\" \/>\n\t<meta property=\"og:image:height\" content=\"600\" \/>\n\t<meta property=\"og:image:type\" content=\"image\/webp\" \/>\n<meta name=\"twitter:card\" content=\"summary_large_image\" \/>\n<meta name=\"twitter:label1\" content=\"Tempo di lettura stimato\" \/>\n\t<meta name=\"twitter:data1\" content=\"1 minuto\" \/>\n<script type=\"application\/ld+json\" class=\"yoast-schema-graph\">{\"@context\":\"https:\/\/schema.org\",\"@graph\":[{\"@type\":\"WebPage\",\"@id\":\"https:\/\/loewentestneu.metafex.io\/it\/prodotto\/bio-h-tin-hair-essentials-men-forte-30-pcs-19451691\",\"url\":\"https:\/\/loewentestneu.metafex.io\/it\/prodotto\/bio-h-tin-hair-essentials-men-forte-30-pcs-19451691\",\"name\":\"BIO-H-TIN Capelli Essenziali Uomo Forte (30 pezzi) &#187; Scopri di pi\u00f9\",\"isPartOf\":{\"@id\":\"https:\/\/loewentestneu.metafex.io\/it#website\"},\"primaryImageOfPage\":{\"@id\":\"https:\/\/loewentestneu.metafex.io\/it\/prodotto\/bio-h-tin-hair-essentials-men-forte-30-pcs-19451691#primaryimage\"},\"image\":{\"@id\":\"https:\/\/loewentestneu.metafex.io\/it\/prodotto\/bio-h-tin-hair-essentials-men-forte-30-pcs-19451691#primaryimage\"},\"thumbnailUrl\":\"https:\/\/loewentestneu.metafex.io\/wp-content\/uploads\/2025\/03\/BIO-H-TIN-Hair-Essentials-Men-Forte-Capsoules-PZN-19451716-on-Lions-Pharmacy.webp\",\"datePublished\":\"2025-03-18T21:06:20+00:00\",\"dateModified\":\"2025-03-26T09:23:09+00:00\",\"description\":\"Farmacia tedesca registrata. Offriamo: spedizioni veloci in tutto il mondo e un servizio eccellente. Scopri questo prodotto per la perdita dei capelli BIO-H-TIN Capelli Essenziali Uomo Forte (30 pezzi)\",\"breadcrumb\":{\"@id\":\"https:\/\/loewentestneu.metafex.io\/it\/prodotto\/bio-h-tin-hair-essentials-men-forte-30-pcs-19451691#breadcrumb\"},\"inLanguage\":\"it-IT\",\"potentialAction\":[{\"@type\":\"ReadAction\",\"target\":[\"https:\/\/loewentestneu.metafex.io\/it\/prodotto\/bio-h-tin-hair-essentials-men-forte-30-pcs-19451691\"]}]},{\"@type\":\"ImageObject\",\"inLanguage\":\"it-IT\",\"@id\":\"https:\/\/loewentestneu.metafex.io\/it\/prodotto\/bio-h-tin-hair-essentials-men-forte-30-pcs-19451691#primaryimage\",\"url\":\"https:\/\/loewentestneu.metafex.io\/wp-content\/uploads\/2025\/03\/BIO-H-TIN-Hair-Essentials-Men-Forte-Capsoules-PZN-19451716-on-Lions-Pharmacy.webp\",\"contentUrl\":\"https:\/\/loewentestneu.metafex.io\/wp-content\/uploads\/2025\/03\/BIO-H-TIN-Hair-Essentials-Men-Forte-Capsoules-PZN-19451716-on-Lions-Pharmacy.webp\",\"width\":600,\"height\":600,\"caption\":\"Una confezione di BIO-H-TIN Hair Essentials Men Forte Capsoules, PZN 19451716 su Lions-Pharmacy\"},{\"@type\":\"BreadcrumbList\",\"@id\":\"https:\/\/loewentestneu.metafex.io\/it\/prodotto\/bio-h-tin-hair-essentials-men-forte-30-pcs-19451691#breadcrumb\",\"itemListElement\":[{\"@type\":\"ListItem\",\"position\":1,\"name\":\"Home\",\"item\":\"https:\/\/loewentestneu.metafex.io\/it\/homepage-lion-pharmacy\"},{\"@type\":\"ListItem\",\"position\":2,\"name\":\"Shop\",\"item\":\"https:\/\/loewentestneu.metafex.io\/it\/negozio\"},{\"@type\":\"ListItem\",\"position\":3,\"name\":\"BIO-H-TIN Capelli Essenziali Uomo Forte (30 pezzi)\"}]},{\"@type\":\"WebSite\",\"@id\":\"https:\/\/loewentestneu.metafex.io\/it#website\",\"url\":\"https:\/\/loewentestneu.metafex.io\/it\",\"name\":\"Lions Pharmacy\",\"description\":\"Farmacia specializzata in naturopatia di Baden-Baden, Germania\",\"publisher\":{\"@id\":\"https:\/\/loewentestneu.metafex.io\/it#organization\"},\"alternateName\":\"Lion Pharmacy\",\"potentialAction\":[{\"@type\":\"SearchAction\",\"target\":{\"@type\":\"EntryPoint\",\"urlTemplate\":\"https:\/\/loewentestneu.metafex.io\/it?s={search_term_string}\"},\"query-input\":{\"@type\":\"PropertyValueSpecification\",\"valueRequired\":true,\"valueName\":\"search_term_string\"}}],\"inLanguage\":\"it-IT\"},{\"@type\":\"Organization\",\"@id\":\"https:\/\/loewentestneu.metafex.io\/it#organization\",\"name\":\"Lions Pharmacy\",\"alternateName\":\"Lions Pharmacy24\",\"url\":\"https:\/\/loewentestneu.metafex.io\/it\",\"logo\":{\"@type\":\"ImageObject\",\"inLanguage\":\"it-IT\",\"@id\":\"https:\/\/loewentestneu.metafex.io\/it#\/schema\/logo\/image\/\",\"url\":\"https:\/\/loewentestneu.metafex.io\/wp-content\/uploads\/2022\/12\/Logo-Lion-Pharmacy-c-o-Loewen-Apotheke-smal.jpg\",\"contentUrl\":\"https:\/\/loewentestneu.metafex.io\/wp-content\/uploads\/2022\/12\/Logo-Lion-Pharmacy-c-o-Loewen-Apotheke-smal.jpg\",\"width\":298,\"height\":99,\"caption\":\"Lions Pharmacy\"},\"image\":{\"@id\":\"https:\/\/loewentestneu.metafex.io\/it#\/schema\/logo\/image\/\"}}]}<\/script>\n<!-- \/ Yoast SEO plugin. -->","yoast_head_json":{"title":"BIO-H-TIN Capelli Essenziali Uomo Forte (30 pezzi) &#187; Scopri di pi\u00f9","description":"Farmacia tedesca registrata. Offriamo: spedizioni veloci in tutto il mondo e un servizio eccellente. Scopri questo prodotto per la perdita dei capelli BIO-H-TIN Capelli Essenziali Uomo Forte (30 pezzi)","robots":{"index":"noindex","follow":"follow","max-snippet":"max-snippet:-1","max-image-preview":"max-image-preview:large","max-video-preview":"max-video-preview:-1"},"og_locale":"it_IT","og_type":"article","og_title":"BIO-H-TIN Capelli Essenziali Uomo Forte (30 pezzi) &#187; Scopri di pi\u00f9","og_description":"Farmacia tedesca registrata. Offriamo: spedizioni veloci in tutto il mondo e un servizio eccellente. Scopri questo prodotto per la perdita dei capelli BIO-H-TIN Capelli Essenziali Uomo Forte (30 pezzi)","og_url":"https:\/\/loewentestneu.metafex.io\/it\/prodotto\/bio-h-tin-hair-essentials-men-forte-30-pcs-19451691","og_site_name":"Lion Pharmacy","article_modified_time":"2025-03-26T09:23:09+00:00","og_image":[{"width":600,"height":600,"url":"https:\/\/loewentestneu.metafex.io\/wp-content\/uploads\/2025\/03\/BIO-H-TIN-Hair-Essentials-Men-Forte-Capsoules-PZN-19451716-on-Lions-Pharmacy.webp","type":"image\/webp"}],"twitter_card":"summary_large_image","twitter_misc":{"Tempo di lettura stimato":"1 minuto"},"schema":{"@context":"https:\/\/schema.org","@graph":[{"@type":"WebPage","@id":"https:\/\/loewentestneu.metafex.io\/it\/prodotto\/bio-h-tin-hair-essentials-men-forte-30-pcs-19451691","url":"https:\/\/loewentestneu.metafex.io\/it\/prodotto\/bio-h-tin-hair-essentials-men-forte-30-pcs-19451691","name":"BIO-H-TIN Capelli Essenziali Uomo Forte (30 pezzi) &#187; Scopri di pi\u00f9","isPartOf":{"@id":"https:\/\/loewentestneu.metafex.io\/it#website"},"primaryImageOfPage":{"@id":"https:\/\/loewentestneu.metafex.io\/it\/prodotto\/bio-h-tin-hair-essentials-men-forte-30-pcs-19451691#primaryimage"},"image":{"@id":"https:\/\/loewentestneu.metafex.io\/it\/prodotto\/bio-h-tin-hair-essentials-men-forte-30-pcs-19451691#primaryimage"},"thumbnailUrl":"https:\/\/loewentestneu.metafex.io\/wp-content\/uploads\/2025\/03\/BIO-H-TIN-Hair-Essentials-Men-Forte-Capsoules-PZN-19451716-on-Lions-Pharmacy.webp","datePublished":"2025-03-18T21:06:20+00:00","dateModified":"2025-03-26T09:23:09+00:00","description":"Farmacia tedesca registrata. Offriamo: spedizioni veloci in tutto il mondo e un servizio eccellente. Scopri questo prodotto per la perdita dei capelli BIO-H-TIN Capelli Essenziali Uomo Forte (30 pezzi)","breadcrumb":{"@id":"https:\/\/loewentestneu.metafex.io\/it\/prodotto\/bio-h-tin-hair-essentials-men-forte-30-pcs-19451691#breadcrumb"},"inLanguage":"it-IT","potentialAction":[{"@type":"ReadAction","target":["https:\/\/loewentestneu.metafex.io\/it\/prodotto\/bio-h-tin-hair-essentials-men-forte-30-pcs-19451691"]}]},{"@type":"ImageObject","inLanguage":"it-IT","@id":"https:\/\/loewentestneu.metafex.io\/it\/prodotto\/bio-h-tin-hair-essentials-men-forte-30-pcs-19451691#primaryimage","url":"https:\/\/loewentestneu.metafex.io\/wp-content\/uploads\/2025\/03\/BIO-H-TIN-Hair-Essentials-Men-Forte-Capsoules-PZN-19451716-on-Lions-Pharmacy.webp","contentUrl":"https:\/\/loewentestneu.metafex.io\/wp-content\/uploads\/2025\/03\/BIO-H-TIN-Hair-Essentials-Men-Forte-Capsoules-PZN-19451716-on-Lions-Pharmacy.webp","width":600,"height":600,"caption":"Una confezione di BIO-H-TIN Hair Essentials Men Forte Capsoules, PZN 19451716 su Lions-Pharmacy"},{"@type":"BreadcrumbList","@id":"https:\/\/loewentestneu.metafex.io\/it\/prodotto\/bio-h-tin-hair-essentials-men-forte-30-pcs-19451691#breadcrumb","itemListElement":[{"@type":"ListItem","position":1,"name":"Home","item":"https:\/\/loewentestneu.metafex.io\/it\/homepage-lion-pharmacy"},{"@type":"ListItem","position":2,"name":"Shop","item":"https:\/\/loewentestneu.metafex.io\/it\/negozio"},{"@type":"ListItem","position":3,"name":"BIO-H-TIN Capelli Essenziali Uomo Forte (30 pezzi)"}]},{"@type":"WebSite","@id":"https:\/\/loewentestneu.metafex.io\/it#website","url":"https:\/\/loewentestneu.metafex.io\/it","name":"Lions Pharmacy","description":"Farmacia specializzata in naturopatia di Baden-Baden, Germania","publisher":{"@id":"https:\/\/loewentestneu.metafex.io\/it#organization"},"alternateName":"Lion Pharmacy","potentialAction":[{"@type":"SearchAction","target":{"@type":"EntryPoint","urlTemplate":"https:\/\/loewentestneu.metafex.io\/it?s={search_term_string}"},"query-input":{"@type":"PropertyValueSpecification","valueRequired":true,"valueName":"search_term_string"}}],"inLanguage":"it-IT"},{"@type":"Organization","@id":"https:\/\/loewentestneu.metafex.io\/it#organization","name":"Lions Pharmacy","alternateName":"Lions Pharmacy24","url":"https:\/\/loewentestneu.metafex.io\/it","logo":{"@type":"ImageObject","inLanguage":"it-IT","@id":"https:\/\/loewentestneu.metafex.io\/it#\/schema\/logo\/image\/","url":"https:\/\/loewentestneu.metafex.io\/wp-content\/uploads\/2022\/12\/Logo-Lion-Pharmacy-c-o-Loewen-Apotheke-smal.jpg","contentUrl":"https:\/\/loewentestneu.metafex.io\/wp-content\/uploads\/2022\/12\/Logo-Lion-Pharmacy-c-o-Loewen-Apotheke-smal.jpg","width":298,"height":99,"caption":"Lions Pharmacy"},"image":{"@id":"https:\/\/loewentestneu.metafex.io\/it#\/schema\/logo\/image\/"}}]}},"_links":{"self":[{"href":"https:\/\/loewentestneu.metafex.io\/it\/wp-json\/wp\/v2\/product\/10199","targetHints":{"allow":["GET"]}}],"collection":[{"href":"https:\/\/loewentestneu.metafex.io\/it\/wp-json\/wp\/v2\/product"}],"about":[{"href":"https:\/\/loewentestneu.metafex.io\/it\/wp-json\/wp\/v2\/types\/product"}],"replies":[{"embeddable":true,"href":"https:\/\/loewentestneu.metafex.io\/it\/wp-json\/wp\/v2\/comments?post=10199"}],"wp:featuredmedia":[{"embeddable":true,"href":"https:\/\/loewentestneu.metafex.io\/it\/wp-json\/wp\/v2\/media\/10194"}],"wp:attachment":[{"href":"https:\/\/loewentestneu.metafex.io\/it\/wp-json\/wp\/v2\/media?parent=10199"}],"wp:term":[{"taxonomy":"product_brand","embeddable":true,"href":"https:\/\/loewentestneu.metafex.io\/it\/wp-json\/wp\/v2\/product_brand?post=10199"},{"taxonomy":"product_cat","embeddable":true,"href":"https:\/\/loewentestneu.metafex.io\/it\/wp-json\/wp\/v2\/product_cat?post=10199"},{"taxonomy":"product_tag","embeddable":true,"href":"https:\/\/loewentestneu.metafex.io\/it\/wp-json\/wp\/v2\/product_tag?post=10199"}],"curies":[{"name":"wp","href":"https:\/\/api.w.org\/{rel}","templated":true}]}}