{"id":11323,"date":"2025-04-25T21:14:32","date_gmt":"2025-04-25T20:14:32","guid":{"rendered":"https:\/\/lions-pharmacy.com\/?post_type=product&#038;p=11323"},"modified":"2025-04-26T05:43:48","modified_gmt":"2025-04-26T04:43:48","slug":"solidago-compositum-ad-us-vet-ampoules-100-pc-01224090","status":"publish","type":"product","link":"https:\/\/loewentestneu.metafex.io\/it\/prodotto\/solidago-compositum-ad-us-vet-ampoules-100-pc-01224090","title":{"rendered":"Solidago compositum ad us vet. Fiale (100 pz)"},"content":{"rendered":"<h3>Solidago compositum ad us vet. Fiale<\/h3>\n<p>Solidago compositum ad us vet. Le fiale con Solidago supportano la funzione renale e vescicale del tuo cane e gatto.<\/p>\n<p>Foglio illustrativo\/istruzioni per l&#8217;uso\/scheda tecnica dell&#8217;articolo: \u2013 (lettore PDF)<\/p>\n<p>Altri prodotti di: <a href=\"https:\/\/loewentestneu.metafex.io\/product-tag\/veterinary-medicine\">Prodotti per la cura degli animali e veterinari<\/a> | <a href=\"https:\/\/loewentestneu.metafex.io\/product-tag\/vitamins-supplements\">Prodotti per vitamine e integratori<\/a><\/p>\n<p>Ulteriori dettagli sul prodotto sono disponibili presso il produttore: <a href=\"https:\/\/www.heel.de\/de\/produktsuche.html\" target=\"_blank\" rel=\"noopener\">Biologische <\/a><a href=\"https:\/\/www.heel.de\/de\/produktsuche.html\">Heilmittel<\/a> <a href=\"https:\/\/www.heel.de\/de\/produktsuche.html\" target=\"_blank\" rel=\"noopener\">Heel GmbH<\/a><\/p>\n<p>Le informazioni contenute in questo sito web sono fornite solo a scopo informativo. Non sostituiscono in alcun modo la visita e il trattamento da parte di un medico. Ci\u00f2 significa che non \u00e8 possibile n\u00e9 fare diagnosi n\u00e9 iniziare terapie.<\/p>\n<p>Per i rischi e gli effetti collaterali, leggere il foglio illustrativo e rivolgersi al medico o al farmacista.<\/p>\n<p>&nbsp;<\/p>\n<h3>Prescrizione | \u00c8 disponibile una prescrizione elettronica?<\/h3>\n<p>Invia subito la tua prescrizione elettronica. Usa la nostra app <a href=\"https:\/\/e-rezept-app.de\/shop-rezept\" target=\"_blank\" rel=\"noopener\">per la prescrizione elettronica<\/a> . E noi ti diamo le spese di spedizione gratis in Germania!<\/p>\n","protected":false},"excerpt":{"rendered":"<h2>Solidago compositum ad us vet. Fiale<\/h2>\n<p>Con la Solidago sostieni la funzionalit\u00e0 dei reni e della vescica del tuo cane e del tuo gatto.<\/p>\n<p>&nbsp;<\/p>\n<p><strong>PZN<\/strong>: 01224090<\/p>\n<p><strong>Forma di dosaggio<\/strong>: fiale<\/p>\n<p><strong>Confezione<\/strong>: 100 pezzi.<\/p>\n<p><strong>Tipo di prescrizione:<\/strong> senza prescrizione<\/p>\n<p><strong>Marca<\/strong>: &#8211;<\/p>\n<p><strong>Produttore<\/strong>: Biologische Heel, Germania<\/p>\n","protected":false},"featured_media":11363,"comment_status":"closed","ping_status":"closed","template":"","meta":[],"product_brand":[],"product_cat":[347,115],"product_tag":[604,307],"class_list":{"0":"post-11323","1":"product","2":"type-product","3":"status-publish","4":"has-post-thumbnail","6":"product_cat-tallone","7":"product_cat-non-categorizzato","8":"product_tag-medicina-veterinaria","9":"product_tag-omeopatia","10":"ts_product_brand-all-it","11":"ts_product_brand-heel-it","13":"first","14":"instock","15":"sale","16":"taxable","17":"shipping-taxable","18":"purchasable","19":"product-type-simple"},"yoast_head":"<!-- This site is optimized with the Yoast SEO plugin v26.5 - https:\/\/yoast.com\/wordpress\/plugins\/seo\/ -->\n<title>Solidago compositum ad us vet. Fiale (100 pz) &#187; acquista su Lion Pharmacy<\/title>\n<meta name=\"description\" content=\"Prodotti per cani e gatti da Heel. Solidago compositum ad us vet. Fiale (100 pz). Ordina qui da una farmacia online tedesca registrata. Spedizione veloce.\" \/>\n<meta name=\"robots\" content=\"noindex, follow, max-snippet:-1, max-image-preview:large, max-video-preview:-1\" \/>\n<meta property=\"og:locale\" content=\"it_IT\" \/>\n<meta property=\"og:type\" content=\"article\" \/>\n<meta property=\"og:title\" content=\"Solidago compositum ad us vet. Fiale (100 pz) &#187; acquista su Lion Pharmacy\" \/>\n<meta property=\"og:description\" content=\"Prodotti per cani e gatti da Heel. Solidago compositum ad us vet. Fiale (100 pz). Ordina qui da una farmacia online tedesca registrata. Spedizione veloce.\" \/>\n<meta property=\"og:url\" content=\"https:\/\/loewentestneu.metafex.io\/it\/prodotto\/solidago-compositum-ad-us-vet-ampoules-100-pc-01224090\" \/>\n<meta property=\"og:site_name\" content=\"Lion Pharmacy\" \/>\n<meta property=\"article:modified_time\" content=\"2025-04-26T04:43:48+00:00\" \/>\n<meta property=\"og:image\" content=\"https:\/\/loewentestneu.metafex.io\/wp-content\/uploads\/2025\/04\/Soliga-comp-vet-100-ampouls-Heel-PZN-01224090-Lions-Pharmacy.webp\" \/>\n\t<meta property=\"og:image:width\" content=\"600\" \/>\n\t<meta property=\"og:image:height\" content=\"600\" \/>\n\t<meta property=\"og:image:type\" content=\"image\/webp\" \/>\n<meta name=\"twitter:card\" content=\"summary_large_image\" \/>\n<meta name=\"twitter:label1\" content=\"Tempo di lettura stimato\" \/>\n\t<meta name=\"twitter:data1\" content=\"1 minuto\" \/>\n<script type=\"application\/ld+json\" class=\"yoast-schema-graph\">{\"@context\":\"https:\/\/schema.org\",\"@graph\":[{\"@type\":\"WebPage\",\"@id\":\"https:\/\/loewentestneu.metafex.io\/it\/prodotto\/solidago-compositum-ad-us-vet-ampoules-100-pc-01224090\",\"url\":\"https:\/\/loewentestneu.metafex.io\/it\/prodotto\/solidago-compositum-ad-us-vet-ampoules-100-pc-01224090\",\"name\":\"Solidago compositum ad us vet. Fiale (100 pz) &#187; acquista su Lion Pharmacy\",\"isPartOf\":{\"@id\":\"https:\/\/loewentestneu.metafex.io\/it#website\"},\"primaryImageOfPage\":{\"@id\":\"https:\/\/loewentestneu.metafex.io\/it\/prodotto\/solidago-compositum-ad-us-vet-ampoules-100-pc-01224090#primaryimage\"},\"image\":{\"@id\":\"https:\/\/loewentestneu.metafex.io\/it\/prodotto\/solidago-compositum-ad-us-vet-ampoules-100-pc-01224090#primaryimage\"},\"thumbnailUrl\":\"https:\/\/loewentestneu.metafex.io\/wp-content\/uploads\/2025\/04\/Soliga-comp-vet-100-ampouls-Heel-PZN-01224090-Lions-Pharmacy.webp\",\"datePublished\":\"2025-04-25T20:14:32+00:00\",\"dateModified\":\"2025-04-26T04:43:48+00:00\",\"description\":\"Prodotti per cani e gatti da Heel. Solidago compositum ad us vet. Fiale (100 pz). Ordina qui da una farmacia online tedesca registrata. Spedizione veloce.\",\"breadcrumb\":{\"@id\":\"https:\/\/loewentestneu.metafex.io\/it\/prodotto\/solidago-compositum-ad-us-vet-ampoules-100-pc-01224090#breadcrumb\"},\"inLanguage\":\"it-IT\",\"potentialAction\":[{\"@type\":\"ReadAction\",\"target\":[\"https:\/\/loewentestneu.metafex.io\/it\/prodotto\/solidago-compositum-ad-us-vet-ampoules-100-pc-01224090\"]}]},{\"@type\":\"ImageObject\",\"inLanguage\":\"it-IT\",\"@id\":\"https:\/\/loewentestneu.metafex.io\/it\/prodotto\/solidago-compositum-ad-us-vet-ampoules-100-pc-01224090#primaryimage\",\"url\":\"https:\/\/loewentestneu.metafex.io\/wp-content\/uploads\/2025\/04\/Soliga-comp-vet-100-ampouls-Heel-PZN-01224090-Lions-Pharmacy.webp\",\"contentUrl\":\"https:\/\/loewentestneu.metafex.io\/wp-content\/uploads\/2025\/04\/Soliga-comp-vet-100-ampouls-Heel-PZN-01224090-Lions-Pharmacy.webp\",\"width\":600,\"height\":600,\"caption\":\"Soliga compositum ad us vet 100 fiale, Heel, PZN-01224090, Farmacia Lions\"},{\"@type\":\"BreadcrumbList\",\"@id\":\"https:\/\/loewentestneu.metafex.io\/it\/prodotto\/solidago-compositum-ad-us-vet-ampoules-100-pc-01224090#breadcrumb\",\"itemListElement\":[{\"@type\":\"ListItem\",\"position\":1,\"name\":\"Home\",\"item\":\"https:\/\/loewentestneu.metafex.io\/it\/homepage-lion-pharmacy\"},{\"@type\":\"ListItem\",\"position\":2,\"name\":\"Shop\",\"item\":\"https:\/\/loewentestneu.metafex.io\/it\/negozio\"},{\"@type\":\"ListItem\",\"position\":3,\"name\":\"Solidago compositum ad us vet. Fiale (100 pz)\"}]},{\"@type\":\"WebSite\",\"@id\":\"https:\/\/loewentestneu.metafex.io\/it#website\",\"url\":\"https:\/\/loewentestneu.metafex.io\/it\",\"name\":\"Lions Pharmacy\",\"description\":\"Farmacia specializzata in naturopatia di Baden-Baden, Germania\",\"publisher\":{\"@id\":\"https:\/\/loewentestneu.metafex.io\/it#organization\"},\"alternateName\":\"Lion Pharmacy\",\"potentialAction\":[{\"@type\":\"SearchAction\",\"target\":{\"@type\":\"EntryPoint\",\"urlTemplate\":\"https:\/\/loewentestneu.metafex.io\/it?s={search_term_string}\"},\"query-input\":{\"@type\":\"PropertyValueSpecification\",\"valueRequired\":true,\"valueName\":\"search_term_string\"}}],\"inLanguage\":\"it-IT\"},{\"@type\":\"Organization\",\"@id\":\"https:\/\/loewentestneu.metafex.io\/it#organization\",\"name\":\"Lions Pharmacy\",\"alternateName\":\"Lions Pharmacy24\",\"url\":\"https:\/\/loewentestneu.metafex.io\/it\",\"logo\":{\"@type\":\"ImageObject\",\"inLanguage\":\"it-IT\",\"@id\":\"https:\/\/loewentestneu.metafex.io\/it#\/schema\/logo\/image\/\",\"url\":\"https:\/\/loewentestneu.metafex.io\/wp-content\/uploads\/2022\/12\/Logo-Lion-Pharmacy-c-o-Loewen-Apotheke-smal.jpg\",\"contentUrl\":\"https:\/\/loewentestneu.metafex.io\/wp-content\/uploads\/2022\/12\/Logo-Lion-Pharmacy-c-o-Loewen-Apotheke-smal.jpg\",\"width\":298,\"height\":99,\"caption\":\"Lions Pharmacy\"},\"image\":{\"@id\":\"https:\/\/loewentestneu.metafex.io\/it#\/schema\/logo\/image\/\"}}]}<\/script>\n<!-- \/ Yoast SEO plugin. -->","yoast_head_json":{"title":"Solidago compositum ad us vet. Fiale (100 pz) &#187; acquista su Lion Pharmacy","description":"Prodotti per cani e gatti da Heel. Solidago compositum ad us vet. Fiale (100 pz). Ordina qui da una farmacia online tedesca registrata. Spedizione veloce.","robots":{"index":"noindex","follow":"follow","max-snippet":"max-snippet:-1","max-image-preview":"max-image-preview:large","max-video-preview":"max-video-preview:-1"},"og_locale":"it_IT","og_type":"article","og_title":"Solidago compositum ad us vet. Fiale (100 pz) &#187; acquista su Lion Pharmacy","og_description":"Prodotti per cani e gatti da Heel. Solidago compositum ad us vet. Fiale (100 pz). Ordina qui da una farmacia online tedesca registrata. Spedizione veloce.","og_url":"https:\/\/loewentestneu.metafex.io\/it\/prodotto\/solidago-compositum-ad-us-vet-ampoules-100-pc-01224090","og_site_name":"Lion Pharmacy","article_modified_time":"2025-04-26T04:43:48+00:00","og_image":[{"width":600,"height":600,"url":"https:\/\/loewentestneu.metafex.io\/wp-content\/uploads\/2025\/04\/Soliga-comp-vet-100-ampouls-Heel-PZN-01224090-Lions-Pharmacy.webp","type":"image\/webp"}],"twitter_card":"summary_large_image","twitter_misc":{"Tempo di lettura stimato":"1 minuto"},"schema":{"@context":"https:\/\/schema.org","@graph":[{"@type":"WebPage","@id":"https:\/\/loewentestneu.metafex.io\/it\/prodotto\/solidago-compositum-ad-us-vet-ampoules-100-pc-01224090","url":"https:\/\/loewentestneu.metafex.io\/it\/prodotto\/solidago-compositum-ad-us-vet-ampoules-100-pc-01224090","name":"Solidago compositum ad us vet. Fiale (100 pz) &#187; acquista su Lion Pharmacy","isPartOf":{"@id":"https:\/\/loewentestneu.metafex.io\/it#website"},"primaryImageOfPage":{"@id":"https:\/\/loewentestneu.metafex.io\/it\/prodotto\/solidago-compositum-ad-us-vet-ampoules-100-pc-01224090#primaryimage"},"image":{"@id":"https:\/\/loewentestneu.metafex.io\/it\/prodotto\/solidago-compositum-ad-us-vet-ampoules-100-pc-01224090#primaryimage"},"thumbnailUrl":"https:\/\/loewentestneu.metafex.io\/wp-content\/uploads\/2025\/04\/Soliga-comp-vet-100-ampouls-Heel-PZN-01224090-Lions-Pharmacy.webp","datePublished":"2025-04-25T20:14:32+00:00","dateModified":"2025-04-26T04:43:48+00:00","description":"Prodotti per cani e gatti da Heel. Solidago compositum ad us vet. Fiale (100 pz). Ordina qui da una farmacia online tedesca registrata. Spedizione veloce.","breadcrumb":{"@id":"https:\/\/loewentestneu.metafex.io\/it\/prodotto\/solidago-compositum-ad-us-vet-ampoules-100-pc-01224090#breadcrumb"},"inLanguage":"it-IT","potentialAction":[{"@type":"ReadAction","target":["https:\/\/loewentestneu.metafex.io\/it\/prodotto\/solidago-compositum-ad-us-vet-ampoules-100-pc-01224090"]}]},{"@type":"ImageObject","inLanguage":"it-IT","@id":"https:\/\/loewentestneu.metafex.io\/it\/prodotto\/solidago-compositum-ad-us-vet-ampoules-100-pc-01224090#primaryimage","url":"https:\/\/loewentestneu.metafex.io\/wp-content\/uploads\/2025\/04\/Soliga-comp-vet-100-ampouls-Heel-PZN-01224090-Lions-Pharmacy.webp","contentUrl":"https:\/\/loewentestneu.metafex.io\/wp-content\/uploads\/2025\/04\/Soliga-comp-vet-100-ampouls-Heel-PZN-01224090-Lions-Pharmacy.webp","width":600,"height":600,"caption":"Soliga compositum ad us vet 100 fiale, Heel, PZN-01224090, Farmacia Lions"},{"@type":"BreadcrumbList","@id":"https:\/\/loewentestneu.metafex.io\/it\/prodotto\/solidago-compositum-ad-us-vet-ampoules-100-pc-01224090#breadcrumb","itemListElement":[{"@type":"ListItem","position":1,"name":"Home","item":"https:\/\/loewentestneu.metafex.io\/it\/homepage-lion-pharmacy"},{"@type":"ListItem","position":2,"name":"Shop","item":"https:\/\/loewentestneu.metafex.io\/it\/negozio"},{"@type":"ListItem","position":3,"name":"Solidago compositum ad us vet. Fiale (100 pz)"}]},{"@type":"WebSite","@id":"https:\/\/loewentestneu.metafex.io\/it#website","url":"https:\/\/loewentestneu.metafex.io\/it","name":"Lions Pharmacy","description":"Farmacia specializzata in naturopatia di Baden-Baden, Germania","publisher":{"@id":"https:\/\/loewentestneu.metafex.io\/it#organization"},"alternateName":"Lion Pharmacy","potentialAction":[{"@type":"SearchAction","target":{"@type":"EntryPoint","urlTemplate":"https:\/\/loewentestneu.metafex.io\/it?s={search_term_string}"},"query-input":{"@type":"PropertyValueSpecification","valueRequired":true,"valueName":"search_term_string"}}],"inLanguage":"it-IT"},{"@type":"Organization","@id":"https:\/\/loewentestneu.metafex.io\/it#organization","name":"Lions Pharmacy","alternateName":"Lions Pharmacy24","url":"https:\/\/loewentestneu.metafex.io\/it","logo":{"@type":"ImageObject","inLanguage":"it-IT","@id":"https:\/\/loewentestneu.metafex.io\/it#\/schema\/logo\/image\/","url":"https:\/\/loewentestneu.metafex.io\/wp-content\/uploads\/2022\/12\/Logo-Lion-Pharmacy-c-o-Loewen-Apotheke-smal.jpg","contentUrl":"https:\/\/loewentestneu.metafex.io\/wp-content\/uploads\/2022\/12\/Logo-Lion-Pharmacy-c-o-Loewen-Apotheke-smal.jpg","width":298,"height":99,"caption":"Lions Pharmacy"},"image":{"@id":"https:\/\/loewentestneu.metafex.io\/it#\/schema\/logo\/image\/"}}]}},"_links":{"self":[{"href":"https:\/\/loewentestneu.metafex.io\/it\/wp-json\/wp\/v2\/product\/11323","targetHints":{"allow":["GET"]}}],"collection":[{"href":"https:\/\/loewentestneu.metafex.io\/it\/wp-json\/wp\/v2\/product"}],"about":[{"href":"https:\/\/loewentestneu.metafex.io\/it\/wp-json\/wp\/v2\/types\/product"}],"replies":[{"embeddable":true,"href":"https:\/\/loewentestneu.metafex.io\/it\/wp-json\/wp\/v2\/comments?post=11323"}],"wp:featuredmedia":[{"embeddable":true,"href":"https:\/\/loewentestneu.metafex.io\/it\/wp-json\/wp\/v2\/media\/11363"}],"wp:attachment":[{"href":"https:\/\/loewentestneu.metafex.io\/it\/wp-json\/wp\/v2\/media?parent=11323"}],"wp:term":[{"taxonomy":"product_brand","embeddable":true,"href":"https:\/\/loewentestneu.metafex.io\/it\/wp-json\/wp\/v2\/product_brand?post=11323"},{"taxonomy":"product_cat","embeddable":true,"href":"https:\/\/loewentestneu.metafex.io\/it\/wp-json\/wp\/v2\/product_cat?post=11323"},{"taxonomy":"product_tag","embeddable":true,"href":"https:\/\/loewentestneu.metafex.io\/it\/wp-json\/wp\/v2\/product_tag?post=11323"}],"curies":[{"name":"wp","href":"https:\/\/api.w.org\/{rel}","templated":true}]}}