{"id":16713,"date":"2025-11-12T08:44:23","date_gmt":"2025-11-12T07:44:23","guid":{"rendered":"https:\/\/lions-pharmacy.com\/?post_type=product&#038;p=16713"},"modified":"2025-11-12T10:08:16","modified_gmt":"2025-11-12T09:08:16","slug":"euphorbium-comp-nasal-spray-30-ml-01230044","status":"publish","type":"product","link":"https:\/\/loewentestneu.metafex.io\/it\/prodotto\/euphorbium-comp-nasal-spray-30-ml-01230044","title":{"rendered":"Euphorbium comp. Spray nasale (30 ml)"},"content":{"rendered":"<h3>Euphorbium comp. Spray nasale<\/h3>\n<p>L&#8217;Euphorbium comp SN idrata le mucose nasali irritate e ha un effetto antinfiammatorio, supportando la funzione barriera e la rigenerazione delle mucose. Senza conservanti: le membrane mucose non vengono ulteriormente irritate.<\/p>\n<p>Beccuccio con filtro antibatterico che garantisce una durata di conservazione di 6 settimane.<\/p>\n<p>Adatto ai bambini &#8211; grazie ai suoi ingredienti naturali, Euphorbium comp. Le gocce nasali SN sono adatte ai bambini a partire dai 2 anni di et\u00e0.<\/p>\n<p>Indicazione: infezioni simil-influenzali.<\/p>\n<p>Altri prodotti per l&#8217;applicazione: <a href=\"https:\/\/loewentestneu.metafex.io\/it\/tag-prodotto\/influenza-e-raffreddore\" rel=\"tag\">Influenza e raffreddore<\/a> | <a href=\"https:\/\/loewentestneu.metafex.io\/it\/tag-prodotto\/infezione-virale\" rel=\"tag\">Infezione virale<\/a><br \/>\nUlteriori informazioni sul produttore e su questo prodotto: <a href=\"https:\/\/www.heel.de\/de\/produktsuche.html\" target=\"_blank\" rel=\"noopener\">Biologische Heilmittel Heel GmbH<\/a> (link al sito esterno)<\/p>\n<p>Le informazioni contenute in questo sito web sono fornite solo a scopo informativo. Non sostituiscono in alcun modo la visita e il trattamento da parte di un medico. Ci\u00f2 significa che non \u00e8 possibile n\u00e9 fare diagnosi n\u00e9 iniziare terapie.<\/p>\n<p>Per i rischi e gli effetti collaterali, leggere il foglio illustrativo e rivolgersi al medico o al farmacista.<\/p>\n","protected":false},"excerpt":{"rendered":"<h2>Euphorbium comp. Spray nasale<\/h2>\n<p>idrata le mucose nasali irritate e ha un effetto antinfiammatorio.<\/p>\n<p>&nbsp;<\/p>\n<p><strong>PZN<\/strong>: 01230044 (Pharma Central Number)<\/p>\n<p><strong>Forma di dosaggio:<\/strong> compresse<\/p>\n<p><strong>Tipo di prescrizione: senza prescrizione<\/strong><\/p>\n<p><strong>Marca<\/strong>: &#8211;<\/p>\n<p><strong>Produttore<\/strong>: Biologische Heilmittel Heel GmbH<\/p>\n<p><strong>Confezione:<\/strong> 30 ml<\/p>\n","protected":false},"featured_media":16719,"comment_status":"closed","ping_status":"closed","template":"","meta":[],"product_brand":[],"product_cat":[347,124,115],"product_tag":[484,307,514,480,310],"class_list":{"0":"post-16713","1":"product","2":"type-product","3":"status-publish","4":"has-post-thumbnail","6":"product_cat-tallone","7":"product_cat-sale-it","8":"product_cat-non-categorizzato","9":"product_tag-influenza-e-raffreddore","10":"product_tag-omeopatia","11":"product_tag-principio-attivo-di-origine-vegetale","12":"product_tag-rimedi-naturali","13":"product_tag-vendita-mensile","14":"product_shipping_class-standard-it","15":"ts_product_brand-all-it","16":"ts_product_brand-heel-it","18":"first","19":"instock","20":"taxable","21":"shipping-taxable","22":"purchasable","23":"product-type-simple"},"yoast_head":"<!-- This site is optimized with the Yoast SEO plugin v26.5 - https:\/\/yoast.com\/wordpress\/plugins\/seo\/ -->\n<title>Euphorbium comp. Spray nasale (30 ml) &#187; Lion Pharmacy &#187; ordina qui<\/title>\n<meta name=\"description\" content=\"Farmacia online tedesca registrata. Spedizione internazionale veloce e acquisti sicuri online. Farmaci per il tallone: Euphorbium comp. Spray nasale (30 ml) &gt; ordina qui\" \/>\n<meta name=\"robots\" content=\"noindex, follow, max-snippet:-1, max-image-preview:large, max-video-preview:-1\" \/>\n<meta property=\"og:locale\" content=\"it_IT\" \/>\n<meta property=\"og:type\" content=\"article\" \/>\n<meta property=\"og:title\" content=\"Euphorbium comp. Spray nasale (30 ml) &#187; Lion Pharmacy &#187; ordina qui\" \/>\n<meta property=\"og:description\" content=\"Farmacia online tedesca registrata. Spedizione internazionale veloce e acquisti sicuri online. Farmaci per il tallone: Euphorbium comp. Spray nasale (30 ml) &gt; ordina qui\" \/>\n<meta property=\"og:url\" content=\"https:\/\/loewentestneu.metafex.io\/it\/prodotto\/euphorbium-comp-nasal-spray-30-ml-01230044\" \/>\n<meta property=\"og:site_name\" content=\"Lion Pharmacy\" \/>\n<meta property=\"article:modified_time\" content=\"2025-11-12T09:08:16+00:00\" \/>\n<meta property=\"og:image\" content=\"https:\/\/loewentestneu.metafex.io\/wp-content\/uploads\/2025\/11\/EUPHORBIUM-COMPOSITUM-SN-Nasal-spary-from-biologische-Heel-Lions-Pharmacy.webp\" \/>\n\t<meta property=\"og:image:width\" content=\"600\" \/>\n\t<meta property=\"og:image:height\" content=\"600\" \/>\n\t<meta property=\"og:image:type\" content=\"image\/webp\" \/>\n<meta name=\"twitter:card\" content=\"summary_large_image\" \/>\n<meta name=\"twitter:label1\" content=\"Tempo di lettura stimato\" \/>\n\t<meta name=\"twitter:data1\" content=\"1 minuto\" \/>\n<script type=\"application\/ld+json\" class=\"yoast-schema-graph\">{\"@context\":\"https:\/\/schema.org\",\"@graph\":[{\"@type\":\"WebPage\",\"@id\":\"https:\/\/loewentestneu.metafex.io\/it\/prodotto\/euphorbium-comp-nasal-spray-30-ml-01230044\",\"url\":\"https:\/\/loewentestneu.metafex.io\/it\/prodotto\/euphorbium-comp-nasal-spray-30-ml-01230044\",\"name\":\"Euphorbium comp. Spray nasale (30 ml) &#187; Lion Pharmacy &#187; ordina qui\",\"isPartOf\":{\"@id\":\"https:\/\/loewentestneu.metafex.io\/it#website\"},\"primaryImageOfPage\":{\"@id\":\"https:\/\/loewentestneu.metafex.io\/it\/prodotto\/euphorbium-comp-nasal-spray-30-ml-01230044#primaryimage\"},\"image\":{\"@id\":\"https:\/\/loewentestneu.metafex.io\/it\/prodotto\/euphorbium-comp-nasal-spray-30-ml-01230044#primaryimage\"},\"thumbnailUrl\":\"https:\/\/loewentestneu.metafex.io\/wp-content\/uploads\/2025\/11\/EUPHORBIUM-COMPOSITUM-SN-Nasal-spary-from-biologische-Heel-Lions-Pharmacy.webp\",\"datePublished\":\"2025-11-12T07:44:23+00:00\",\"dateModified\":\"2025-11-12T09:08:16+00:00\",\"description\":\"Farmacia online tedesca registrata. Spedizione internazionale veloce e acquisti sicuri online. Farmaci per il tallone: Euphorbium comp. Spray nasale (30 ml) > ordina qui\",\"breadcrumb\":{\"@id\":\"https:\/\/loewentestneu.metafex.io\/it\/prodotto\/euphorbium-comp-nasal-spray-30-ml-01230044#breadcrumb\"},\"inLanguage\":\"it-IT\",\"potentialAction\":[{\"@type\":\"ReadAction\",\"target\":[\"https:\/\/loewentestneu.metafex.io\/it\/prodotto\/euphorbium-comp-nasal-spray-30-ml-01230044\"]}]},{\"@type\":\"ImageObject\",\"inLanguage\":\"it-IT\",\"@id\":\"https:\/\/loewentestneu.metafex.io\/it\/prodotto\/euphorbium-comp-nasal-spray-30-ml-01230044#primaryimage\",\"url\":\"https:\/\/loewentestneu.metafex.io\/wp-content\/uploads\/2025\/11\/EUPHORBIUM-COMPOSITUM-SN-Nasal-spary-from-biologische-Heel-Lions-Pharmacy.webp\",\"contentUrl\":\"https:\/\/loewentestneu.metafex.io\/wp-content\/uploads\/2025\/11\/EUPHORBIUM-COMPOSITUM-SN-Nasal-spary-from-biologische-Heel-Lions-Pharmacy.webp\",\"width\":600,\"height\":600,\"caption\":\"EUPHORBIUM COMPOSITUM SN Spary nasale da biologische Heel, Lions-Pharmacy\"},{\"@type\":\"BreadcrumbList\",\"@id\":\"https:\/\/loewentestneu.metafex.io\/it\/prodotto\/euphorbium-comp-nasal-spray-30-ml-01230044#breadcrumb\",\"itemListElement\":[{\"@type\":\"ListItem\",\"position\":1,\"name\":\"Home\",\"item\":\"https:\/\/loewentestneu.metafex.io\/it\/homepage-lion-pharmacy\"},{\"@type\":\"ListItem\",\"position\":2,\"name\":\"Shop\",\"item\":\"https:\/\/loewentestneu.metafex.io\/it\/negozio\"},{\"@type\":\"ListItem\",\"position\":3,\"name\":\"Euphorbium comp. Spray nasale (30 ml)\"}]},{\"@type\":\"WebSite\",\"@id\":\"https:\/\/loewentestneu.metafex.io\/it#website\",\"url\":\"https:\/\/loewentestneu.metafex.io\/it\",\"name\":\"Lions Pharmacy\",\"description\":\"Farmacia specializzata in naturopatia di Baden-Baden, Germania\",\"publisher\":{\"@id\":\"https:\/\/loewentestneu.metafex.io\/it#organization\"},\"alternateName\":\"Lion Pharmacy\",\"potentialAction\":[{\"@type\":\"SearchAction\",\"target\":{\"@type\":\"EntryPoint\",\"urlTemplate\":\"https:\/\/loewentestneu.metafex.io\/it?s={search_term_string}\"},\"query-input\":{\"@type\":\"PropertyValueSpecification\",\"valueRequired\":true,\"valueName\":\"search_term_string\"}}],\"inLanguage\":\"it-IT\"},{\"@type\":\"Organization\",\"@id\":\"https:\/\/loewentestneu.metafex.io\/it#organization\",\"name\":\"Lions Pharmacy\",\"alternateName\":\"Lions Pharmacy24\",\"url\":\"https:\/\/loewentestneu.metafex.io\/it\",\"logo\":{\"@type\":\"ImageObject\",\"inLanguage\":\"it-IT\",\"@id\":\"https:\/\/loewentestneu.metafex.io\/it#\/schema\/logo\/image\/\",\"url\":\"https:\/\/loewentestneu.metafex.io\/wp-content\/uploads\/2022\/12\/Logo-Lion-Pharmacy-c-o-Loewen-Apotheke-smal.jpg\",\"contentUrl\":\"https:\/\/loewentestneu.metafex.io\/wp-content\/uploads\/2022\/12\/Logo-Lion-Pharmacy-c-o-Loewen-Apotheke-smal.jpg\",\"width\":298,\"height\":99,\"caption\":\"Lions Pharmacy\"},\"image\":{\"@id\":\"https:\/\/loewentestneu.metafex.io\/it#\/schema\/logo\/image\/\"}}]}<\/script>\n<!-- \/ Yoast SEO plugin. -->","yoast_head_json":{"title":"Euphorbium comp. Spray nasale (30 ml) &#187; Lion Pharmacy &#187; ordina qui","description":"Farmacia online tedesca registrata. Spedizione internazionale veloce e acquisti sicuri online. Farmaci per il tallone: Euphorbium comp. Spray nasale (30 ml) > ordina qui","robots":{"index":"noindex","follow":"follow","max-snippet":"max-snippet:-1","max-image-preview":"max-image-preview:large","max-video-preview":"max-video-preview:-1"},"og_locale":"it_IT","og_type":"article","og_title":"Euphorbium comp. Spray nasale (30 ml) &#187; Lion Pharmacy &#187; ordina qui","og_description":"Farmacia online tedesca registrata. Spedizione internazionale veloce e acquisti sicuri online. Farmaci per il tallone: Euphorbium comp. Spray nasale (30 ml) > ordina qui","og_url":"https:\/\/loewentestneu.metafex.io\/it\/prodotto\/euphorbium-comp-nasal-spray-30-ml-01230044","og_site_name":"Lion Pharmacy","article_modified_time":"2025-11-12T09:08:16+00:00","og_image":[{"width":600,"height":600,"url":"https:\/\/loewentestneu.metafex.io\/wp-content\/uploads\/2025\/11\/EUPHORBIUM-COMPOSITUM-SN-Nasal-spary-from-biologische-Heel-Lions-Pharmacy.webp","type":"image\/webp"}],"twitter_card":"summary_large_image","twitter_misc":{"Tempo di lettura stimato":"1 minuto"},"schema":{"@context":"https:\/\/schema.org","@graph":[{"@type":"WebPage","@id":"https:\/\/loewentestneu.metafex.io\/it\/prodotto\/euphorbium-comp-nasal-spray-30-ml-01230044","url":"https:\/\/loewentestneu.metafex.io\/it\/prodotto\/euphorbium-comp-nasal-spray-30-ml-01230044","name":"Euphorbium comp. Spray nasale (30 ml) &#187; Lion Pharmacy &#187; ordina qui","isPartOf":{"@id":"https:\/\/loewentestneu.metafex.io\/it#website"},"primaryImageOfPage":{"@id":"https:\/\/loewentestneu.metafex.io\/it\/prodotto\/euphorbium-comp-nasal-spray-30-ml-01230044#primaryimage"},"image":{"@id":"https:\/\/loewentestneu.metafex.io\/it\/prodotto\/euphorbium-comp-nasal-spray-30-ml-01230044#primaryimage"},"thumbnailUrl":"https:\/\/loewentestneu.metafex.io\/wp-content\/uploads\/2025\/11\/EUPHORBIUM-COMPOSITUM-SN-Nasal-spary-from-biologische-Heel-Lions-Pharmacy.webp","datePublished":"2025-11-12T07:44:23+00:00","dateModified":"2025-11-12T09:08:16+00:00","description":"Farmacia online tedesca registrata. Spedizione internazionale veloce e acquisti sicuri online. Farmaci per il tallone: Euphorbium comp. Spray nasale (30 ml) > ordina qui","breadcrumb":{"@id":"https:\/\/loewentestneu.metafex.io\/it\/prodotto\/euphorbium-comp-nasal-spray-30-ml-01230044#breadcrumb"},"inLanguage":"it-IT","potentialAction":[{"@type":"ReadAction","target":["https:\/\/loewentestneu.metafex.io\/it\/prodotto\/euphorbium-comp-nasal-spray-30-ml-01230044"]}]},{"@type":"ImageObject","inLanguage":"it-IT","@id":"https:\/\/loewentestneu.metafex.io\/it\/prodotto\/euphorbium-comp-nasal-spray-30-ml-01230044#primaryimage","url":"https:\/\/loewentestneu.metafex.io\/wp-content\/uploads\/2025\/11\/EUPHORBIUM-COMPOSITUM-SN-Nasal-spary-from-biologische-Heel-Lions-Pharmacy.webp","contentUrl":"https:\/\/loewentestneu.metafex.io\/wp-content\/uploads\/2025\/11\/EUPHORBIUM-COMPOSITUM-SN-Nasal-spary-from-biologische-Heel-Lions-Pharmacy.webp","width":600,"height":600,"caption":"EUPHORBIUM COMPOSITUM SN Spary nasale da biologische Heel, Lions-Pharmacy"},{"@type":"BreadcrumbList","@id":"https:\/\/loewentestneu.metafex.io\/it\/prodotto\/euphorbium-comp-nasal-spray-30-ml-01230044#breadcrumb","itemListElement":[{"@type":"ListItem","position":1,"name":"Home","item":"https:\/\/loewentestneu.metafex.io\/it\/homepage-lion-pharmacy"},{"@type":"ListItem","position":2,"name":"Shop","item":"https:\/\/loewentestneu.metafex.io\/it\/negozio"},{"@type":"ListItem","position":3,"name":"Euphorbium comp. Spray nasale (30 ml)"}]},{"@type":"WebSite","@id":"https:\/\/loewentestneu.metafex.io\/it#website","url":"https:\/\/loewentestneu.metafex.io\/it","name":"Lions Pharmacy","description":"Farmacia specializzata in naturopatia di Baden-Baden, Germania","publisher":{"@id":"https:\/\/loewentestneu.metafex.io\/it#organization"},"alternateName":"Lion Pharmacy","potentialAction":[{"@type":"SearchAction","target":{"@type":"EntryPoint","urlTemplate":"https:\/\/loewentestneu.metafex.io\/it?s={search_term_string}"},"query-input":{"@type":"PropertyValueSpecification","valueRequired":true,"valueName":"search_term_string"}}],"inLanguage":"it-IT"},{"@type":"Organization","@id":"https:\/\/loewentestneu.metafex.io\/it#organization","name":"Lions Pharmacy","alternateName":"Lions Pharmacy24","url":"https:\/\/loewentestneu.metafex.io\/it","logo":{"@type":"ImageObject","inLanguage":"it-IT","@id":"https:\/\/loewentestneu.metafex.io\/it#\/schema\/logo\/image\/","url":"https:\/\/loewentestneu.metafex.io\/wp-content\/uploads\/2022\/12\/Logo-Lion-Pharmacy-c-o-Loewen-Apotheke-smal.jpg","contentUrl":"https:\/\/loewentestneu.metafex.io\/wp-content\/uploads\/2022\/12\/Logo-Lion-Pharmacy-c-o-Loewen-Apotheke-smal.jpg","width":298,"height":99,"caption":"Lions Pharmacy"},"image":{"@id":"https:\/\/loewentestneu.metafex.io\/it#\/schema\/logo\/image\/"}}]}},"_links":{"self":[{"href":"https:\/\/loewentestneu.metafex.io\/it\/wp-json\/wp\/v2\/product\/16713","targetHints":{"allow":["GET"]}}],"collection":[{"href":"https:\/\/loewentestneu.metafex.io\/it\/wp-json\/wp\/v2\/product"}],"about":[{"href":"https:\/\/loewentestneu.metafex.io\/it\/wp-json\/wp\/v2\/types\/product"}],"replies":[{"embeddable":true,"href":"https:\/\/loewentestneu.metafex.io\/it\/wp-json\/wp\/v2\/comments?post=16713"}],"wp:featuredmedia":[{"embeddable":true,"href":"https:\/\/loewentestneu.metafex.io\/it\/wp-json\/wp\/v2\/media\/16719"}],"wp:attachment":[{"href":"https:\/\/loewentestneu.metafex.io\/it\/wp-json\/wp\/v2\/media?parent=16713"}],"wp:term":[{"taxonomy":"product_brand","embeddable":true,"href":"https:\/\/loewentestneu.metafex.io\/it\/wp-json\/wp\/v2\/product_brand?post=16713"},{"taxonomy":"product_cat","embeddable":true,"href":"https:\/\/loewentestneu.metafex.io\/it\/wp-json\/wp\/v2\/product_cat?post=16713"},{"taxonomy":"product_tag","embeddable":true,"href":"https:\/\/loewentestneu.metafex.io\/it\/wp-json\/wp\/v2\/product_tag?post=16713"}],"curies":[{"name":"wp","href":"https:\/\/api.w.org\/{rel}","templated":true}]}}