{"id":17033,"date":"2025-11-22T07:51:53","date_gmt":"2025-11-22T06:51:53","guid":{"rendered":"https:\/\/lions-pharmacy.com\/?post_type=product&#038;p=17033"},"modified":"2025-11-22T09:08:39","modified_gmt":"2025-11-22T08:08:39","slug":"minoxidil-doppelherzpharma-50-mg-ml-liquid-3x-60ml-hair-loss-17268563","status":"publish","type":"product","link":"https:\/\/loewentestneu.metafex.io\/it\/prodotto\/minoxidil-doppelherzpharma-50-mg-ml-liquid-3x-60ml-hair-loss-17268563","title":{"rendered":"MINOXIDIL DoppelherzPharma 50 mg\/ml Liquido (3x 60ml)"},"content":{"rendered":"<h3>MINOXIDIL DoppelherzPharma 50 mg\/ml Liquido<\/h3>\n<p>DoppelherzPharma Minoxidil soluzione per uomo per il trattamento della perdita di capelli ereditaria negli uomini stimola la crescita dei capelli e ne stabilizza il decorso nell&#8217;area tonsurata del cuoio capelluto di 3-10 cm di diametro negli uomini adulti tra i 18 e i 49 anni di et\u00e0. Pu\u00f2 contrastare la progressione della caduta dei capelli.<\/p>\n<p>Il Minoxidil \u00e8 destinato all&#8217;uso esterno su un cuoio capelluto secco. Utilizza Minoxidil DoppelherzPharma solo su un cuoio capelluto sano e non lesionato e segui sempre esattamente le istruzioni riportate di seguito. Non applicare Minoxidil DoppelherzPharma su parti del corpo diverse dal cuoio capelluto.<\/p>\n<p>La dose consigliata \u00e8: Salvo diversa prescrizione medica, Minoxidil deve essere utilizzato come segue: Applica 1 ml di Minoxidil DoppelherzPharma 2 volte al giorno (mattina e sera) sulle aree interessate del cuoio capelluto.<\/p>\n<p>Doppelherz \u00e8 uno dei marchi sanitari pi\u00f9 conosciuti in Germania. Da oltre 100 anni vengono sviluppati prodotti per la salute di alta qualit\u00e0, che contengono solo ingredienti testati e di alta qualit\u00e0. Oggi, Doppelherz \u00e8 sinonimo di tutela del benessere di tutta la famiglia e quindi anche di cani e gatti.<\/p>\n<p>Il prodotto contiene: Minoxidil. 1 ml di soluzione contiene 50 mg di minoxidil. Gli altri ingredienti sono: glicole propilenico ed etanolo 96%.<\/p>\n<p>Foglio illustrativo\/istruzioni per l&#8217;uso\/scheda tecnica articolo: &#8211; (lettore PDF)<\/p>\n<p>Altri prodotti per l&#8217;applicazione: Perdita di capelli | <a href=\"https:\/\/loewentestneu.metafex.io\/it\/tag-prodotto\/vitamine-e-integratori\">Vitamine e integratori Prodotti<\/a><\/p>\n<p>Scopri di pi\u00f9 sul produttore e su questo prodotto: produttore <a href=\"https:\/\/www.doppelherz.de\/produkte\/doppelherzpharma-minoxidil-doppelherzpharma-50-mg\/ml-loesung?utm_campaign=Display_Haarausfall_AlwaysOn_25&amp;utm_medium=display&amp;utm_content=Haarausfall_300x600&amp;utm_source=RTB_DV_Prospecting_Sitelist&amp;dclid=CLrWttKOhZEDFUOZJwIdJEM3Wg&amp;gad_source=7&amp;gclid=EAIaIQobChMI5vPgk46FkQMVE4-DBx3uOg0REAEYASAAEgLvm_D_BwE\" target=\"_blank\" rel=\"noopener\">Queisser Pharma GmbH &amp; Co. KG su DoppelherzPharma Minoxidil 50mg\/ml Solution<\/a> (collegamento a sito esterno)<\/p>\n<p>Le informazioni contenute in questo sito web sono fornite solo a scopo informativo. Non sostituiscono in alcun modo la visita e il trattamento da parte di un medico. Ci\u00f2 significa che non \u00e8 possibile n\u00e9 fare diagnosi n\u00e9 iniziare terapie.<\/p>\n<p>Per i rischi e gli effetti collaterali, leggere il foglio illustrativo e rivolgersi al medico o al farmacista.<\/p>\n<h3 class=\"TypographyPresentation TypographyPresentation--medium RichText3-paragraph--withVSpacingNormal RichText3-paragraph HighlightSol HighlightSol--buildingBlock\" style=\"text-align: left;\">Domande sul prodotto? Siamo qui per te!<\/h3>\n<p class=\"TypographyPresentation TypographyPresentation--medium RichText3-paragraph--withVSpacingNormal RichText3-paragraph HighlightSol HighlightSol--buildingBlock\">La nostra farmacista responsabile, la <strong>Dott.ssa Sandra Hoff<\/strong>, e il suo team saranno lieti di consigliarti personalmente &#8211; per telefono o via e-mail. In qualit\u00e0 di <strong>vera e propria farmacia locale<\/strong> e di <strong>farmacia autorizzata per la vendita per corrispondenza<\/strong>, ti offriamo un&#8217;assistenza competente, soprattutto nei settori della <a href=\"https:\/\/www.loewen-apotheke24.com\/en\/product_tag\/natural-remedies\/\">naturopatia<\/a> e degli <a href=\"https:\/\/www.loewen-apotheke24.com\/en\/product_tag\/vitamins-minerals-nutritional-supplement\/\">integratori alimentari<\/a>. Puoi trovare la nostra autorizzazione come <a href=\"https:\/\/versandhandel.dimdi.de\/websearch\/servlet\/Gate;jsessionid=0D29D15655BE1174E9178A340E8FE6BC?accessid=dimdi_var&amp;term=3c387956690121ccc8763184f052b93f\" target=\"_blank\" rel=\"noopener\">voce nel registro delle vendite per corrispondenza.<\/a><\/p>\n","protected":false},"excerpt":{"rendered":"<h2>MINOXIDIL DoppelherzPharma 50 mg\/ml Liquido<\/h2>\n<p>Soluzione da utilizzare sulla pelle (cuoio capelluto). Per gli uomini.<\/p>\n<p>&nbsp;<\/p>\n<p><strong>PZN<\/strong>: 17268563 (numero centrale della farmacia)<\/p>\n<p><strong>Forma di dosaggio<\/strong>: liquido<\/p>\n<p><strong>Tipo di prescrizione: senza prescrizione<\/strong><\/p>\n<p><strong>Marchio<\/strong>: Doppelherz<\/p>\n<p><strong>Produttore<\/strong>: Queisser Pharma GmbH &amp; Co. KG, Flensburg, Germania<\/p>\n<p><strong>Dimensioni della confezione<\/strong>: (3x 60ml)<\/p>\n","protected":false},"featured_media":17028,"comment_status":"closed","ping_status":"closed","template":"","meta":[],"product_brand":[],"product_cat":[124,115],"product_tag":[898,310,268],"class_list":{"0":"post-17033","1":"product","2":"type-product","3":"status-publish","4":"has-post-thumbnail","6":"product_cat-sale-it","7":"product_cat-non-categorizzato","8":"product_tag-capelli","9":"product_tag-vendita-mensile","10":"product_tag-vitamine-e-integratori","11":"ts_product_brand-all-it","13":"first","14":"instock","15":"featured","16":"taxable","17":"shipping-taxable","18":"purchasable","19":"product-type-simple"},"yoast_head":"<!-- This site is optimized with the Yoast SEO plugin v26.5 - https:\/\/yoast.com\/wordpress\/plugins\/seo\/ -->\n<title>MINOXIDIL DoppelherzPharma 50 mg\/ml Liquido (3x 60ml) &#187; Lion Pharmacy<\/title>\n<meta name=\"description\" content=\"Farmacia online tedesca registrata | Spedizione internazionale veloce | Acquisti sicuri online | Caduta dei capelli &gt; MINOXIDIL DoppelherzPharma 50 mg\/ml Liquido (3x 60ml)\" \/>\n<meta name=\"robots\" content=\"noindex, follow, max-snippet:-1, max-image-preview:large, max-video-preview:-1\" \/>\n<meta property=\"og:locale\" content=\"it_IT\" \/>\n<meta property=\"og:type\" content=\"article\" \/>\n<meta property=\"og:title\" content=\"MINOXIDIL DoppelherzPharma 50 mg\/ml Liquido (3x 60ml) &#187; Lion Pharmacy\" \/>\n<meta property=\"og:description\" content=\"Farmacia online tedesca registrata | Spedizione internazionale veloce | Acquisti sicuri online | Caduta dei capelli &gt; MINOXIDIL DoppelherzPharma 50 mg\/ml Liquido (3x 60ml)\" \/>\n<meta property=\"og:url\" content=\"https:\/\/loewentestneu.metafex.io\/it\/prodotto\/minoxidil-doppelherzpharma-50-mg-ml-liquid-3x-60ml-hair-loss-17268563\" \/>\n<meta property=\"og:site_name\" content=\"Lion Pharmacy\" \/>\n<meta property=\"article:modified_time\" content=\"2025-11-22T08:08:39+00:00\" \/>\n<meta property=\"og:image\" content=\"https:\/\/loewentestneu.metafex.io\/wp-content\/uploads\/2025\/11\/17268563_Doppelherz_Minoxidil_50_mg_ml_Loesung_zur_Anwendung_auf_der_Kopfhaut.webp\" \/>\n\t<meta property=\"og:image:width\" content=\"600\" \/>\n\t<meta property=\"og:image:height\" content=\"600\" \/>\n\t<meta property=\"og:image:type\" content=\"image\/webp\" \/>\n<meta name=\"twitter:card\" content=\"summary_large_image\" \/>\n<meta name=\"twitter:label1\" content=\"Tempo di lettura stimato\" \/>\n\t<meta name=\"twitter:data1\" content=\"2 minuti\" \/>\n<script type=\"application\/ld+json\" class=\"yoast-schema-graph\">{\"@context\":\"https:\/\/schema.org\",\"@graph\":[{\"@type\":\"WebPage\",\"@id\":\"https:\/\/loewentestneu.metafex.io\/it\/prodotto\/minoxidil-doppelherzpharma-50-mg-ml-liquid-3x-60ml-hair-loss-17268563\",\"url\":\"https:\/\/loewentestneu.metafex.io\/it\/prodotto\/minoxidil-doppelherzpharma-50-mg-ml-liquid-3x-60ml-hair-loss-17268563\",\"name\":\"MINOXIDIL DoppelherzPharma 50 mg\/ml Liquido (3x 60ml) &#187; Lion Pharmacy\",\"isPartOf\":{\"@id\":\"https:\/\/loewentestneu.metafex.io\/it#website\"},\"primaryImageOfPage\":{\"@id\":\"https:\/\/loewentestneu.metafex.io\/it\/prodotto\/minoxidil-doppelherzpharma-50-mg-ml-liquid-3x-60ml-hair-loss-17268563#primaryimage\"},\"image\":{\"@id\":\"https:\/\/loewentestneu.metafex.io\/it\/prodotto\/minoxidil-doppelherzpharma-50-mg-ml-liquid-3x-60ml-hair-loss-17268563#primaryimage\"},\"thumbnailUrl\":\"https:\/\/loewentestneu.metafex.io\/wp-content\/uploads\/2025\/11\/17268563_Doppelherz_Minoxidil_50_mg_ml_Loesung_zur_Anwendung_auf_der_Kopfhaut.webp\",\"datePublished\":\"2025-11-22T06:51:53+00:00\",\"dateModified\":\"2025-11-22T08:08:39+00:00\",\"description\":\"Farmacia online tedesca registrata | Spedizione internazionale veloce | Acquisti sicuri online | Caduta dei capelli > MINOXIDIL DoppelherzPharma 50 mg\/ml Liquido (3x 60ml)\",\"breadcrumb\":{\"@id\":\"https:\/\/loewentestneu.metafex.io\/it\/prodotto\/minoxidil-doppelherzpharma-50-mg-ml-liquid-3x-60ml-hair-loss-17268563#breadcrumb\"},\"inLanguage\":\"it-IT\",\"potentialAction\":[{\"@type\":\"ReadAction\",\"target\":[\"https:\/\/loewentestneu.metafex.io\/it\/prodotto\/minoxidil-doppelherzpharma-50-mg-ml-liquid-3x-60ml-hair-loss-17268563\"]}]},{\"@type\":\"ImageObject\",\"inLanguage\":\"it-IT\",\"@id\":\"https:\/\/loewentestneu.metafex.io\/it\/prodotto\/minoxidil-doppelherzpharma-50-mg-ml-liquid-3x-60ml-hair-loss-17268563#primaryimage\",\"url\":\"https:\/\/loewentestneu.metafex.io\/wp-content\/uploads\/2025\/11\/17268563_Doppelherz_Minoxidil_50_mg_ml_Loesung_zur_Anwendung_auf_der_Kopfhaut.webp\",\"contentUrl\":\"https:\/\/loewentestneu.metafex.io\/wp-content\/uploads\/2025\/11\/17268563_Doppelherz_Minoxidil_50_mg_ml_Loesung_zur_Anwendung_auf_der_Kopfhaut.webp\",\"width\":600,\"height\":600,\"caption\":\"Packshot DoppelherzPharma Minoxidil 50 mg\/ml Liquido per la perdita dei capelli\"},{\"@type\":\"BreadcrumbList\",\"@id\":\"https:\/\/loewentestneu.metafex.io\/it\/prodotto\/minoxidil-doppelherzpharma-50-mg-ml-liquid-3x-60ml-hair-loss-17268563#breadcrumb\",\"itemListElement\":[{\"@type\":\"ListItem\",\"position\":1,\"name\":\"Home\",\"item\":\"https:\/\/loewentestneu.metafex.io\/it\/homepage-lion-pharmacy\"},{\"@type\":\"ListItem\",\"position\":2,\"name\":\"Shop\",\"item\":\"https:\/\/loewentestneu.metafex.io\/it\/negozio\"},{\"@type\":\"ListItem\",\"position\":3,\"name\":\"MINOXIDIL DoppelherzPharma 50 mg\/ml Liquido (3x 60ml)\"}]},{\"@type\":\"WebSite\",\"@id\":\"https:\/\/loewentestneu.metafex.io\/it#website\",\"url\":\"https:\/\/loewentestneu.metafex.io\/it\",\"name\":\"Lions Pharmacy\",\"description\":\"Farmacia specializzata in naturopatia di Baden-Baden, Germania\",\"publisher\":{\"@id\":\"https:\/\/loewentestneu.metafex.io\/it#organization\"},\"alternateName\":\"Lion Pharmacy\",\"potentialAction\":[{\"@type\":\"SearchAction\",\"target\":{\"@type\":\"EntryPoint\",\"urlTemplate\":\"https:\/\/loewentestneu.metafex.io\/it?s={search_term_string}\"},\"query-input\":{\"@type\":\"PropertyValueSpecification\",\"valueRequired\":true,\"valueName\":\"search_term_string\"}}],\"inLanguage\":\"it-IT\"},{\"@type\":\"Organization\",\"@id\":\"https:\/\/loewentestneu.metafex.io\/it#organization\",\"name\":\"Lions Pharmacy\",\"alternateName\":\"Lions Pharmacy24\",\"url\":\"https:\/\/loewentestneu.metafex.io\/it\",\"logo\":{\"@type\":\"ImageObject\",\"inLanguage\":\"it-IT\",\"@id\":\"https:\/\/loewentestneu.metafex.io\/it#\/schema\/logo\/image\/\",\"url\":\"https:\/\/loewentestneu.metafex.io\/wp-content\/uploads\/2022\/12\/Logo-Lion-Pharmacy-c-o-Loewen-Apotheke-smal.jpg\",\"contentUrl\":\"https:\/\/loewentestneu.metafex.io\/wp-content\/uploads\/2022\/12\/Logo-Lion-Pharmacy-c-o-Loewen-Apotheke-smal.jpg\",\"width\":298,\"height\":99,\"caption\":\"Lions Pharmacy\"},\"image\":{\"@id\":\"https:\/\/loewentestneu.metafex.io\/it#\/schema\/logo\/image\/\"}}]}<\/script>\n<!-- \/ Yoast SEO plugin. -->","yoast_head_json":{"title":"MINOXIDIL DoppelherzPharma 50 mg\/ml Liquido (3x 60ml) &#187; Lion Pharmacy","description":"Farmacia online tedesca registrata | Spedizione internazionale veloce | Acquisti sicuri online | Caduta dei capelli > MINOXIDIL DoppelherzPharma 50 mg\/ml Liquido (3x 60ml)","robots":{"index":"noindex","follow":"follow","max-snippet":"max-snippet:-1","max-image-preview":"max-image-preview:large","max-video-preview":"max-video-preview:-1"},"og_locale":"it_IT","og_type":"article","og_title":"MINOXIDIL DoppelherzPharma 50 mg\/ml Liquido (3x 60ml) &#187; Lion Pharmacy","og_description":"Farmacia online tedesca registrata | Spedizione internazionale veloce | Acquisti sicuri online | Caduta dei capelli > MINOXIDIL DoppelherzPharma 50 mg\/ml Liquido (3x 60ml)","og_url":"https:\/\/loewentestneu.metafex.io\/it\/prodotto\/minoxidil-doppelherzpharma-50-mg-ml-liquid-3x-60ml-hair-loss-17268563","og_site_name":"Lion Pharmacy","article_modified_time":"2025-11-22T08:08:39+00:00","og_image":[{"width":600,"height":600,"url":"https:\/\/loewentestneu.metafex.io\/wp-content\/uploads\/2025\/11\/17268563_Doppelherz_Minoxidil_50_mg_ml_Loesung_zur_Anwendung_auf_der_Kopfhaut.webp","type":"image\/webp"}],"twitter_card":"summary_large_image","twitter_misc":{"Tempo di lettura stimato":"2 minuti"},"schema":{"@context":"https:\/\/schema.org","@graph":[{"@type":"WebPage","@id":"https:\/\/loewentestneu.metafex.io\/it\/prodotto\/minoxidil-doppelherzpharma-50-mg-ml-liquid-3x-60ml-hair-loss-17268563","url":"https:\/\/loewentestneu.metafex.io\/it\/prodotto\/minoxidil-doppelherzpharma-50-mg-ml-liquid-3x-60ml-hair-loss-17268563","name":"MINOXIDIL DoppelherzPharma 50 mg\/ml Liquido (3x 60ml) &#187; Lion Pharmacy","isPartOf":{"@id":"https:\/\/loewentestneu.metafex.io\/it#website"},"primaryImageOfPage":{"@id":"https:\/\/loewentestneu.metafex.io\/it\/prodotto\/minoxidil-doppelherzpharma-50-mg-ml-liquid-3x-60ml-hair-loss-17268563#primaryimage"},"image":{"@id":"https:\/\/loewentestneu.metafex.io\/it\/prodotto\/minoxidil-doppelherzpharma-50-mg-ml-liquid-3x-60ml-hair-loss-17268563#primaryimage"},"thumbnailUrl":"https:\/\/loewentestneu.metafex.io\/wp-content\/uploads\/2025\/11\/17268563_Doppelherz_Minoxidil_50_mg_ml_Loesung_zur_Anwendung_auf_der_Kopfhaut.webp","datePublished":"2025-11-22T06:51:53+00:00","dateModified":"2025-11-22T08:08:39+00:00","description":"Farmacia online tedesca registrata | Spedizione internazionale veloce | Acquisti sicuri online | Caduta dei capelli > MINOXIDIL DoppelherzPharma 50 mg\/ml Liquido (3x 60ml)","breadcrumb":{"@id":"https:\/\/loewentestneu.metafex.io\/it\/prodotto\/minoxidil-doppelherzpharma-50-mg-ml-liquid-3x-60ml-hair-loss-17268563#breadcrumb"},"inLanguage":"it-IT","potentialAction":[{"@type":"ReadAction","target":["https:\/\/loewentestneu.metafex.io\/it\/prodotto\/minoxidil-doppelherzpharma-50-mg-ml-liquid-3x-60ml-hair-loss-17268563"]}]},{"@type":"ImageObject","inLanguage":"it-IT","@id":"https:\/\/loewentestneu.metafex.io\/it\/prodotto\/minoxidil-doppelherzpharma-50-mg-ml-liquid-3x-60ml-hair-loss-17268563#primaryimage","url":"https:\/\/loewentestneu.metafex.io\/wp-content\/uploads\/2025\/11\/17268563_Doppelherz_Minoxidil_50_mg_ml_Loesung_zur_Anwendung_auf_der_Kopfhaut.webp","contentUrl":"https:\/\/loewentestneu.metafex.io\/wp-content\/uploads\/2025\/11\/17268563_Doppelherz_Minoxidil_50_mg_ml_Loesung_zur_Anwendung_auf_der_Kopfhaut.webp","width":600,"height":600,"caption":"Packshot DoppelherzPharma Minoxidil 50 mg\/ml Liquido per la perdita dei capelli"},{"@type":"BreadcrumbList","@id":"https:\/\/loewentestneu.metafex.io\/it\/prodotto\/minoxidil-doppelherzpharma-50-mg-ml-liquid-3x-60ml-hair-loss-17268563#breadcrumb","itemListElement":[{"@type":"ListItem","position":1,"name":"Home","item":"https:\/\/loewentestneu.metafex.io\/it\/homepage-lion-pharmacy"},{"@type":"ListItem","position":2,"name":"Shop","item":"https:\/\/loewentestneu.metafex.io\/it\/negozio"},{"@type":"ListItem","position":3,"name":"MINOXIDIL DoppelherzPharma 50 mg\/ml Liquido (3x 60ml)"}]},{"@type":"WebSite","@id":"https:\/\/loewentestneu.metafex.io\/it#website","url":"https:\/\/loewentestneu.metafex.io\/it","name":"Lions Pharmacy","description":"Farmacia specializzata in naturopatia di Baden-Baden, Germania","publisher":{"@id":"https:\/\/loewentestneu.metafex.io\/it#organization"},"alternateName":"Lion Pharmacy","potentialAction":[{"@type":"SearchAction","target":{"@type":"EntryPoint","urlTemplate":"https:\/\/loewentestneu.metafex.io\/it?s={search_term_string}"},"query-input":{"@type":"PropertyValueSpecification","valueRequired":true,"valueName":"search_term_string"}}],"inLanguage":"it-IT"},{"@type":"Organization","@id":"https:\/\/loewentestneu.metafex.io\/it#organization","name":"Lions Pharmacy","alternateName":"Lions Pharmacy24","url":"https:\/\/loewentestneu.metafex.io\/it","logo":{"@type":"ImageObject","inLanguage":"it-IT","@id":"https:\/\/loewentestneu.metafex.io\/it#\/schema\/logo\/image\/","url":"https:\/\/loewentestneu.metafex.io\/wp-content\/uploads\/2022\/12\/Logo-Lion-Pharmacy-c-o-Loewen-Apotheke-smal.jpg","contentUrl":"https:\/\/loewentestneu.metafex.io\/wp-content\/uploads\/2022\/12\/Logo-Lion-Pharmacy-c-o-Loewen-Apotheke-smal.jpg","width":298,"height":99,"caption":"Lions Pharmacy"},"image":{"@id":"https:\/\/loewentestneu.metafex.io\/it#\/schema\/logo\/image\/"}}]}},"_links":{"self":[{"href":"https:\/\/loewentestneu.metafex.io\/it\/wp-json\/wp\/v2\/product\/17033","targetHints":{"allow":["GET"]}}],"collection":[{"href":"https:\/\/loewentestneu.metafex.io\/it\/wp-json\/wp\/v2\/product"}],"about":[{"href":"https:\/\/loewentestneu.metafex.io\/it\/wp-json\/wp\/v2\/types\/product"}],"replies":[{"embeddable":true,"href":"https:\/\/loewentestneu.metafex.io\/it\/wp-json\/wp\/v2\/comments?post=17033"}],"wp:featuredmedia":[{"embeddable":true,"href":"https:\/\/loewentestneu.metafex.io\/it\/wp-json\/wp\/v2\/media\/17028"}],"wp:attachment":[{"href":"https:\/\/loewentestneu.metafex.io\/it\/wp-json\/wp\/v2\/media?parent=17033"}],"wp:term":[{"taxonomy":"product_brand","embeddable":true,"href":"https:\/\/loewentestneu.metafex.io\/it\/wp-json\/wp\/v2\/product_brand?post=17033"},{"taxonomy":"product_cat","embeddable":true,"href":"https:\/\/loewentestneu.metafex.io\/it\/wp-json\/wp\/v2\/product_cat?post=17033"},{"taxonomy":"product_tag","embeddable":true,"href":"https:\/\/loewentestneu.metafex.io\/it\/wp-json\/wp\/v2\/product_tag?post=17033"}],"curies":[{"name":"wp","href":"https:\/\/api.w.org\/{rel}","templated":true}]}}