{"id":1708,"date":"2023-01-14T19:53:16","date_gmt":"2023-01-14T18:53:16","guid":{"rendered":"https:\/\/lions-pharmacy.com\/product\/labo-life-2linflam-confezione-terapeutica-3x30-pz"},"modified":"2025-11-29T17:27:18","modified_gmt":"2025-11-29T16:27:18","slug":"labo-life-2linflam-therapy-package-3x30-pc","status":"publish","type":"product","link":"https:\/\/loewentestneu.metafex.io\/it\/prodotto\/labo-life-2linflam-therapy-package-3x30-pc","title":{"rendered":"Labo Life 2LINFLAM confezione terapeutica 3\u00d730 pz."},"content":{"rendered":"<h2>Labo Life 2LINFLAM<\/h2>\n<p>La Farmacia Lion importa per voi le capsule Labo Life 2LINFLAM e tutti i preparati di Labo Life Belgio su vostra richiesta.<\/p>\n<p>Foglietto illustrativo\/istruzioni per l&#8217;uso\/scheda tecnica: <a href=\"https:\/\/loewentestneu.metafex.io\/wp-content\/uploads\/2023\/01\/EN_patient_info.pdf\" target=\"_blank\" rel=\"noopener\">EN<\/a> | <a href=\"https:\/\/loewentestneu.metafex.io\/wp-content\/uploads\/2023\/01\/FR_info_patient.pdf\" target=\"_blank\" rel=\"noopener\">FR<\/a> | <a href=\"https:\/\/loewentestneu.metafex.io\/wp-content\/uploads\/2023\/01\/ES_info_paciente.pdf\">ES<\/a> | <a href=\"https:\/\/loewentestneu.metafex.io\/wp-content\/uploads\/2022\/12\/labolife-Patientenflyer-lobo-life-customer-information-lion-pharmacy-lowen-apotheke.pdf\" target=\"_blank\" rel=\"noopener\">DE<\/a> (lettore PDF)<\/p>\n<p>Nome alternativo del prodotto: <a href=\"https:\/\/loewentestneu.metafex.io\/it\/product-brand\/labo-life-it\">Labo Life<\/a> 2L INFLAM<\/p>\n<p>Altri prodotti per l&#8217;applicazione:<\/p>\n<p>Per saperne di pi\u00f9 sul produttore e su questo prodotto: <a href=\"https:\/\/www.labolife.com\/en\" target=\"_blank\" rel=\"noopener\">Labo Life<\/a> (link a sito esterno)<\/p>\n<p>Per i rischi e gli effetti collaterali, leggere il foglio illustrativo e chiedere al medico o al farmacista.<\/p>\n<p>Le informazioni contenute in questo sito web sono fornite solo a scopo informativo. Non sostituiscono in alcun modo la visita e il trattamento da parte di un medico. Ci\u00f2 significa che non \u00e8 possibile n\u00e9 fare diagnosi n\u00e9 iniziare terapie.<\/p>\n<h3>Microimmunoterapia<\/h3>\n<p>La microimmunoterapia \u00e8 una terapia di immunomodulazione che utilizza gli stessi messaggeri del sistema immunitario (ad esempio, citochine, ormoni, fattori di crescita, acidi nucleici) per trasmettere informazioni all&#8217;organismo e &#8220;riadattare&#8221; la risposta immunitaria. In altre parole, il suo obiettivo \u00e8 ripristinare la corretta comunicazione tra le cellule del sistema immunitario per aiutarle a recuperare la loro capacit\u00e0 innata di difenderci dagli aggressori o di limitare la loro risposta quando \u00e8 esagerata. <\/p>\n<p>A differenza dell&#8217;immunoterapia classica, le formule di <a href=\"https:\/\/loewentestneu.metafex.io\/it\/tag-prodotto\/microimmunoterapia\">microimmunoterapia<\/a> utilizzano un&#8217;ampia gamma di sostanze immunitarie (i cosiddetti &#8220;messaggeri&#8221;). Sono preparati in basse concentrazioni (low-doses) attraverso un processo di diluizione-dinamizzazione, garantendo cos\u00ec un&#8217;elevata tolleranza. Inoltre, a seconda che si desideri stimolare, modulare o inibire l&#8217;organismo, i livelli di concentrazione utilizzati possono variare all&#8217;interno della stessa formula.  Proprio come avviene naturalmente nell&#8217;organismo, le sostanze vengono somministrate seguendo una sequenza specifica, un ordine preciso.<\/p>\n<p>La microimmunoterapia pu\u00f2 essere un fedele alleato nel trattamento delle malattie derivanti da uno squilibrio del sistema immunitario, sia acute che croniche. Tra queste rientrano le patologie infettive e oncologiche o le malattie autoimmuni. La <a href=\"https:\/\/loewentestneu.metafex.io\/it\/tag-prodotto\/microimmunoterapia\">microimmunoterapia<\/a> non sostituisce il sistema immunitario, n\u00e9 lo forza o lo blocca, ma piuttosto informa l&#8217;immunit\u00e0 in modo sottile, rendendola quindi compatibile con altri trattamenti.<\/p>\n<p>Per saperne di pi\u00f9 su <a href=\"https:\/\/www.labolife.com\/de\" target=\"_blank\" rel=\"noopener noreferrer\">Labo&#8217;Life<\/a> e la microimmunoterapia, consultare la pagina web dei produttori.<\/p>\n<p>Anche in questo caso, per quanto riguarda i rischi e gli effetti collaterali, leggere il foglietto illustrativo e rivolgersi al medico o al farmacista.<\/p>\n","protected":false},"excerpt":{"rendered":"<h2>Labo Life 2LINFLAM<\/h2>\n<p>La Farmacia Lion \u00e8 in grado di fornirvi tutti i preparati Labo Life Belgio su vostra richiesta. Si tratta di una confezione terapeutica contenente 90 pezzi. Risparmiate fino a 10,00 EUR sul set.<\/p>\n<p>&nbsp;<\/p>\n<p>PZN: &#8211; (Pharmazentralnummer)<\/p>\n<p>Forma di dosaggio: Capsule, senza lattosio<\/p>\n<p>Tipo di prescrizione: senza prescrizione<\/p>\n<p><a href=\"https:\/\/loewentestneu.metafex.io\/it\/product-brand\/labo-life-it\">Marchio<\/a>: Labo Life<\/p>\n<p>Produttore: Labo&#8217;Life Belgium, Rue Camille Hubert 11, 5032 Gembloux.<\/p>\n<p>Dimensioni dell&#8217;imballaggio: 3x 30 pz. (90 pz.)<\/p>\n","protected":false},"featured_media":4638,"comment_status":"closed","ping_status":"closed","template":"","meta":[],"product_brand":[],"product_cat":[118,124,115],"product_tag":[239,234,785],"class_list":{"0":"post-1708","1":"product","2":"type-product","3":"status-publish","4":"has-post-thumbnail","6":"product_cat-labo-life-it","7":"product_cat-sale-it","8":"product_cat-non-categorizzato","9":"product_tag-2linflam-it","10":"product_tag-microimmunoterapia","11":"product_tag-prodotto-dimportazione-individuale-nessun-ritorno","12":"ts_product_brand-all-it","13":"ts_product_brand-labo-life-it","15":"first","16":"instock","17":"taxable","18":"shipping-taxable","19":"purchasable","20":"product-type-simple"},"yoast_head":"<!-- This site is optimized with the Yoast SEO plugin v26.5 - https:\/\/yoast.com\/wordpress\/plugins\/seo\/ -->\n<title>Labo Life 2LINFLAM confezione terapeutica 3\u00d730 pz. &#187; Lion Pharmacy<\/title>\n<meta name=\"description\" content=\"Farmacia Lion | Farmacia online tedesca | Spedizione internazionale rapida | Per saperne di pi\u00f9 sulla microimmunoterapia | Labo Life 2LINFLAM confezione terapeutica 3\u00d730 pz.\" \/>\n<meta name=\"robots\" content=\"noindex, follow, max-snippet:-1, max-image-preview:large, max-video-preview:-1\" \/>\n<meta property=\"og:locale\" content=\"it_IT\" \/>\n<meta property=\"og:type\" content=\"article\" \/>\n<meta property=\"og:title\" content=\"Labo Life 2LINFLAM confezione terapeutica 3\u00d730 pz. &#187; Lion Pharmacy\" \/>\n<meta property=\"og:description\" content=\"Farmacia Lion | Farmacia online tedesca | Spedizione internazionale rapida | Per saperne di pi\u00f9 sulla microimmunoterapia | Labo Life 2LINFLAM confezione terapeutica 3\u00d730 pz.\" \/>\n<meta property=\"og:url\" content=\"https:\/\/loewentestneu.metafex.io\/it\/prodotto\/labo-life-2linflam-therapy-package-3x30-pc\" \/>\n<meta property=\"og:site_name\" content=\"Lion Pharmacy\" \/>\n<meta property=\"article:modified_time\" content=\"2025-11-29T16:27:18+00:00\" \/>\n<meta property=\"og:image\" content=\"https:\/\/loewentestneu.metafex.io\/wp-content\/uploads\/2022\/12\/2330579_LLB_INFLAM_2023_gen2_noBG_web.webp\" \/>\n\t<meta property=\"og:image:width\" content=\"500\" \/>\n\t<meta property=\"og:image:height\" content=\"500\" \/>\n\t<meta property=\"og:image:type\" content=\"image\/webp\" \/>\n<meta name=\"twitter:card\" content=\"summary_large_image\" \/>\n<meta name=\"twitter:label1\" content=\"Tempo di lettura stimato\" \/>\n\t<meta name=\"twitter:data1\" content=\"2 minuti\" \/>\n<script type=\"application\/ld+json\" class=\"yoast-schema-graph\">{\"@context\":\"https:\/\/schema.org\",\"@graph\":[{\"@type\":\"WebPage\",\"@id\":\"https:\/\/loewentestneu.metafex.io\/it\/prodotto\/labo-life-2linflam-therapy-package-3x30-pc\",\"url\":\"https:\/\/loewentestneu.metafex.io\/it\/prodotto\/labo-life-2linflam-therapy-package-3x30-pc\",\"name\":\"Labo Life 2LINFLAM confezione terapeutica 3\u00d730 pz. &#187; Lion Pharmacy\",\"isPartOf\":{\"@id\":\"https:\/\/loewentestneu.metafex.io\/it#website\"},\"primaryImageOfPage\":{\"@id\":\"https:\/\/loewentestneu.metafex.io\/it\/prodotto\/labo-life-2linflam-therapy-package-3x30-pc#primaryimage\"},\"image\":{\"@id\":\"https:\/\/loewentestneu.metafex.io\/it\/prodotto\/labo-life-2linflam-therapy-package-3x30-pc#primaryimage\"},\"thumbnailUrl\":\"https:\/\/loewentestneu.metafex.io\/wp-content\/uploads\/2022\/12\/2330579_LLB_INFLAM_2023_gen2_noBG_web.webp\",\"datePublished\":\"2023-01-14T18:53:16+00:00\",\"dateModified\":\"2025-11-29T16:27:18+00:00\",\"description\":\"Farmacia Lion | Farmacia online tedesca | Spedizione internazionale rapida | Per saperne di pi\u00f9 sulla microimmunoterapia | Labo Life 2LINFLAM confezione terapeutica 3\u00d730 pz.\",\"breadcrumb\":{\"@id\":\"https:\/\/loewentestneu.metafex.io\/it\/prodotto\/labo-life-2linflam-therapy-package-3x30-pc#breadcrumb\"},\"inLanguage\":\"it-IT\",\"potentialAction\":[{\"@type\":\"ReadAction\",\"target\":[\"https:\/\/loewentestneu.metafex.io\/it\/prodotto\/labo-life-2linflam-therapy-package-3x30-pc\"]}]},{\"@type\":\"ImageObject\",\"inLanguage\":\"it-IT\",\"@id\":\"https:\/\/loewentestneu.metafex.io\/it\/prodotto\/labo-life-2linflam-therapy-package-3x30-pc#primaryimage\",\"url\":\"https:\/\/loewentestneu.metafex.io\/wp-content\/uploads\/2022\/12\/2330579_LLB_INFLAM_2023_gen2_noBG_web.webp\",\"contentUrl\":\"https:\/\/loewentestneu.metafex.io\/wp-content\/uploads\/2022\/12\/2330579_LLB_INFLAM_2023_gen2_noBG_web.webp\",\"width\":500,\"height\":500,\"caption\":\"Labo Life 2LINFLAM o LaboLife 2L INFLAM, Prodotto, Lion-Pharmacy denominato Loewen-Apotheke24 in Germania\"},{\"@type\":\"BreadcrumbList\",\"@id\":\"https:\/\/loewentestneu.metafex.io\/it\/prodotto\/labo-life-2linflam-therapy-package-3x30-pc#breadcrumb\",\"itemListElement\":[{\"@type\":\"ListItem\",\"position\":1,\"name\":\"Home\",\"item\":\"https:\/\/loewentestneu.metafex.io\/it\/homepage-lion-pharmacy\"},{\"@type\":\"ListItem\",\"position\":2,\"name\":\"Shop\",\"item\":\"https:\/\/loewentestneu.metafex.io\/it\/negozio\"},{\"@type\":\"ListItem\",\"position\":3,\"name\":\"Labo Life 2LINFLAM confezione terapeutica 3\u00d730 pz.\"}]},{\"@type\":\"WebSite\",\"@id\":\"https:\/\/loewentestneu.metafex.io\/it#website\",\"url\":\"https:\/\/loewentestneu.metafex.io\/it\",\"name\":\"Lions Pharmacy\",\"description\":\"Farmacia specializzata in naturopatia di Baden-Baden, Germania\",\"publisher\":{\"@id\":\"https:\/\/loewentestneu.metafex.io\/it#organization\"},\"alternateName\":\"Lion Pharmacy\",\"potentialAction\":[{\"@type\":\"SearchAction\",\"target\":{\"@type\":\"EntryPoint\",\"urlTemplate\":\"https:\/\/loewentestneu.metafex.io\/it?s={search_term_string}\"},\"query-input\":{\"@type\":\"PropertyValueSpecification\",\"valueRequired\":true,\"valueName\":\"search_term_string\"}}],\"inLanguage\":\"it-IT\"},{\"@type\":\"Organization\",\"@id\":\"https:\/\/loewentestneu.metafex.io\/it#organization\",\"name\":\"Lions Pharmacy\",\"alternateName\":\"Lions Pharmacy24\",\"url\":\"https:\/\/loewentestneu.metafex.io\/it\",\"logo\":{\"@type\":\"ImageObject\",\"inLanguage\":\"it-IT\",\"@id\":\"https:\/\/loewentestneu.metafex.io\/it#\/schema\/logo\/image\/\",\"url\":\"https:\/\/loewentestneu.metafex.io\/wp-content\/uploads\/2022\/12\/Logo-Lion-Pharmacy-c-o-Loewen-Apotheke-smal.jpg\",\"contentUrl\":\"https:\/\/loewentestneu.metafex.io\/wp-content\/uploads\/2022\/12\/Logo-Lion-Pharmacy-c-o-Loewen-Apotheke-smal.jpg\",\"width\":298,\"height\":99,\"caption\":\"Lions Pharmacy\"},\"image\":{\"@id\":\"https:\/\/loewentestneu.metafex.io\/it#\/schema\/logo\/image\/\"}}]}<\/script>\n<!-- \/ Yoast SEO plugin. -->","yoast_head_json":{"title":"Labo Life 2LINFLAM confezione terapeutica 3\u00d730 pz. &#187; Lion Pharmacy","description":"Farmacia Lion | Farmacia online tedesca | Spedizione internazionale rapida | Per saperne di pi\u00f9 sulla microimmunoterapia | Labo Life 2LINFLAM confezione terapeutica 3\u00d730 pz.","robots":{"index":"noindex","follow":"follow","max-snippet":"max-snippet:-1","max-image-preview":"max-image-preview:large","max-video-preview":"max-video-preview:-1"},"og_locale":"it_IT","og_type":"article","og_title":"Labo Life 2LINFLAM confezione terapeutica 3\u00d730 pz. &#187; Lion Pharmacy","og_description":"Farmacia Lion | Farmacia online tedesca | Spedizione internazionale rapida | Per saperne di pi\u00f9 sulla microimmunoterapia | Labo Life 2LINFLAM confezione terapeutica 3\u00d730 pz.","og_url":"https:\/\/loewentestneu.metafex.io\/it\/prodotto\/labo-life-2linflam-therapy-package-3x30-pc","og_site_name":"Lion Pharmacy","article_modified_time":"2025-11-29T16:27:18+00:00","og_image":[{"width":500,"height":500,"url":"https:\/\/loewentestneu.metafex.io\/wp-content\/uploads\/2022\/12\/2330579_LLB_INFLAM_2023_gen2_noBG_web.webp","type":"image\/webp"}],"twitter_card":"summary_large_image","twitter_misc":{"Tempo di lettura stimato":"2 minuti"},"schema":{"@context":"https:\/\/schema.org","@graph":[{"@type":"WebPage","@id":"https:\/\/loewentestneu.metafex.io\/it\/prodotto\/labo-life-2linflam-therapy-package-3x30-pc","url":"https:\/\/loewentestneu.metafex.io\/it\/prodotto\/labo-life-2linflam-therapy-package-3x30-pc","name":"Labo Life 2LINFLAM confezione terapeutica 3\u00d730 pz. &#187; Lion Pharmacy","isPartOf":{"@id":"https:\/\/loewentestneu.metafex.io\/it#website"},"primaryImageOfPage":{"@id":"https:\/\/loewentestneu.metafex.io\/it\/prodotto\/labo-life-2linflam-therapy-package-3x30-pc#primaryimage"},"image":{"@id":"https:\/\/loewentestneu.metafex.io\/it\/prodotto\/labo-life-2linflam-therapy-package-3x30-pc#primaryimage"},"thumbnailUrl":"https:\/\/loewentestneu.metafex.io\/wp-content\/uploads\/2022\/12\/2330579_LLB_INFLAM_2023_gen2_noBG_web.webp","datePublished":"2023-01-14T18:53:16+00:00","dateModified":"2025-11-29T16:27:18+00:00","description":"Farmacia Lion | Farmacia online tedesca | Spedizione internazionale rapida | Per saperne di pi\u00f9 sulla microimmunoterapia | Labo Life 2LINFLAM confezione terapeutica 3\u00d730 pz.","breadcrumb":{"@id":"https:\/\/loewentestneu.metafex.io\/it\/prodotto\/labo-life-2linflam-therapy-package-3x30-pc#breadcrumb"},"inLanguage":"it-IT","potentialAction":[{"@type":"ReadAction","target":["https:\/\/loewentestneu.metafex.io\/it\/prodotto\/labo-life-2linflam-therapy-package-3x30-pc"]}]},{"@type":"ImageObject","inLanguage":"it-IT","@id":"https:\/\/loewentestneu.metafex.io\/it\/prodotto\/labo-life-2linflam-therapy-package-3x30-pc#primaryimage","url":"https:\/\/loewentestneu.metafex.io\/wp-content\/uploads\/2022\/12\/2330579_LLB_INFLAM_2023_gen2_noBG_web.webp","contentUrl":"https:\/\/loewentestneu.metafex.io\/wp-content\/uploads\/2022\/12\/2330579_LLB_INFLAM_2023_gen2_noBG_web.webp","width":500,"height":500,"caption":"Labo Life 2LINFLAM o LaboLife 2L INFLAM, Prodotto, Lion-Pharmacy denominato Loewen-Apotheke24 in Germania"},{"@type":"BreadcrumbList","@id":"https:\/\/loewentestneu.metafex.io\/it\/prodotto\/labo-life-2linflam-therapy-package-3x30-pc#breadcrumb","itemListElement":[{"@type":"ListItem","position":1,"name":"Home","item":"https:\/\/loewentestneu.metafex.io\/it\/homepage-lion-pharmacy"},{"@type":"ListItem","position":2,"name":"Shop","item":"https:\/\/loewentestneu.metafex.io\/it\/negozio"},{"@type":"ListItem","position":3,"name":"Labo Life 2LINFLAM confezione terapeutica 3\u00d730 pz."}]},{"@type":"WebSite","@id":"https:\/\/loewentestneu.metafex.io\/it#website","url":"https:\/\/loewentestneu.metafex.io\/it","name":"Lions Pharmacy","description":"Farmacia specializzata in naturopatia di Baden-Baden, Germania","publisher":{"@id":"https:\/\/loewentestneu.metafex.io\/it#organization"},"alternateName":"Lion Pharmacy","potentialAction":[{"@type":"SearchAction","target":{"@type":"EntryPoint","urlTemplate":"https:\/\/loewentestneu.metafex.io\/it?s={search_term_string}"},"query-input":{"@type":"PropertyValueSpecification","valueRequired":true,"valueName":"search_term_string"}}],"inLanguage":"it-IT"},{"@type":"Organization","@id":"https:\/\/loewentestneu.metafex.io\/it#organization","name":"Lions Pharmacy","alternateName":"Lions Pharmacy24","url":"https:\/\/loewentestneu.metafex.io\/it","logo":{"@type":"ImageObject","inLanguage":"it-IT","@id":"https:\/\/loewentestneu.metafex.io\/it#\/schema\/logo\/image\/","url":"https:\/\/loewentestneu.metafex.io\/wp-content\/uploads\/2022\/12\/Logo-Lion-Pharmacy-c-o-Loewen-Apotheke-smal.jpg","contentUrl":"https:\/\/loewentestneu.metafex.io\/wp-content\/uploads\/2022\/12\/Logo-Lion-Pharmacy-c-o-Loewen-Apotheke-smal.jpg","width":298,"height":99,"caption":"Lions Pharmacy"},"image":{"@id":"https:\/\/loewentestneu.metafex.io\/it#\/schema\/logo\/image\/"}}]}},"_links":{"self":[{"href":"https:\/\/loewentestneu.metafex.io\/it\/wp-json\/wp\/v2\/product\/1708","targetHints":{"allow":["GET"]}}],"collection":[{"href":"https:\/\/loewentestneu.metafex.io\/it\/wp-json\/wp\/v2\/product"}],"about":[{"href":"https:\/\/loewentestneu.metafex.io\/it\/wp-json\/wp\/v2\/types\/product"}],"replies":[{"embeddable":true,"href":"https:\/\/loewentestneu.metafex.io\/it\/wp-json\/wp\/v2\/comments?post=1708"}],"wp:featuredmedia":[{"embeddable":true,"href":"https:\/\/loewentestneu.metafex.io\/it\/wp-json\/wp\/v2\/media\/4638"}],"wp:attachment":[{"href":"https:\/\/loewentestneu.metafex.io\/it\/wp-json\/wp\/v2\/media?parent=1708"}],"wp:term":[{"taxonomy":"product_brand","embeddable":true,"href":"https:\/\/loewentestneu.metafex.io\/it\/wp-json\/wp\/v2\/product_brand?post=1708"},{"taxonomy":"product_cat","embeddable":true,"href":"https:\/\/loewentestneu.metafex.io\/it\/wp-json\/wp\/v2\/product_cat?post=1708"},{"taxonomy":"product_tag","embeddable":true,"href":"https:\/\/loewentestneu.metafex.io\/it\/wp-json\/wp\/v2\/product_tag?post=1708"}],"curies":[{"name":"wp","href":"https:\/\/api.w.org\/{rel}","templated":true}]}}