{"id":17191,"date":"2025-11-27T07:13:17","date_gmt":"2025-11-27T06:13:17","guid":{"rendered":"https:\/\/lions-pharmacy.com\/?post_type=product&#038;p=17191"},"modified":"2025-11-30T22:55:01","modified_gmt":"2025-11-30T21:55:01","slug":"zinzino-balanceoil-premium-300-ml-5905997895026","status":"publish","type":"product","link":"https:\/\/loewentestneu.metafex.io\/it\/prodotto\/zinzino-balanceoil-premium-300-ml-5905997895026","title":{"rendered":"ZINZINO BalanceOil+ Premium (300 ml)"},"content":{"rendered":"<h3>ZINZINO BalanceOil+ Premium (300 ml)<\/h3>\n<p>ZINZINO BalanceOil+ Premium \u00e8 disponibile in diversi gusti naturali. Una miscela di puro olio di pesce proveniente da piccoli pesci selvatici con Omega-3 nella sua forma di trigliceridi inalterati. L&#8217;olio extravergine di oliva di prima qualit\u00e0, proveniente da olive raccolte in anticipo, mantiene i nutrienti Omega-3 essenziali freschi e potenti per essere completamente assorbiti dall&#8217;organismo.<\/p>\n<p>Uso consigliato: 0,15 ml per chilo di peso corporeo. Ad esempio, adulti di 50 kg: 7,5 ml al giorno e adulti di 80 kg: 12 ml al giorno. Non superare la dose giornaliera raccomandata. Un integratore alimentare non deve sostituire una dieta varia ed equilibrata e uno stile di vita sano.<\/p>\n<p>Attenzione: Se stai assumendo farmaci che fluidificano il sangue, consulta il tuo medico prima di usare BalanceOil+ Premium.<\/p>\n<p>Area di applicazione: Occhi, funzione cardiaca e circolatoria, sistema immunitario, scarsa concentrazione, vitalit\u00e0<\/p>\n<h3>Dettagli sul prodotto e informazioni obbligatorie<\/h3>\n<p>Foglio illustrativo: &#8211; (lettore PDF) e Informazioni sugli alimenti.<\/p>\n<p>Ingredienti e informazioni nutrizionali per 12 ml: Olio di pesce: 6627 mg, acidi grassi Omega-3: 2478 mg, di cui C20:5 (EPA): 1283 mg, di cui C22:6 (DHA): 683 mg, Olio d&#8217;oliva: 4092 mg, di cui acidi grassi (Omega-9): 3069 mg, di cui polifenoli: 12,8 mg, Vitamina D3: 20 \u00b5g<\/p>\n<p>Per saperne di pi\u00f9 sul produttore e su questo prodotto: <a href=\"https:\/\/www.zinzino.com\/shop\/2020670485\/DE\/de-DE\/products\/shop\" target=\"_blank\" rel=\"noopener\">Zinzino<\/a> (link a sito esterno)<\/p>\n<p>Le informazioni contenute in questo sito web sono fornite solo a scopo informativo. Non sostituiscono in alcun modo la visita e il trattamento da parte di un medico. Ci\u00f2 significa che non \u00e8 possibile n\u00e9 fare diagnosi n\u00e9 iniziare terapie. Importazione singola &#8211; Importiamo questo medicinale per te. Questo comporta tempi di consegna pi\u00f9 lunghi. Sono escluse le restituzioni per le singole importazioni.<\/p>\n<p>Per i rischi e gli effetti collaterali, leggere il foglio illustrativo e rivolgersi al medico o al farmacista.<\/p>\n<h4><\/h4>\n<h3>Il consiglio dell&#8217;esperto in farmacia:<\/h3>\n<p>Il nostro farmacista consiglia i seguenti prodotti per la longevit\u00e0, la concentrazione e lo stress: <a href=\"https:\/\/loewentestneu.metafex.io\/it\/prodotto\/neurapas-balance-100-pz-4150014981430\">Neurapas balance<\/a> &#8211; di provata e specifica efficacia.<\/p>\n<p>Altri prodotti per l&#8217;applicazione: <a href=\"https:\/\/loewentestneu.metafex.io\/it\/tag-prodotto\/vitamine-e-integratori\">Vitamine e integratori<\/a> | <a href=\"https:\/\/loewentestneu.metafex.io\/it\/tag-prodotto\/rimedi-naturali\" rel=\"tag\">Rimedi naturali<\/a> | <a href=\"https:\/\/loewentestneu.metafex.io\/it\/tag-prodotto\/benessere\" rel=\"tag\">Benessere<\/a><\/p>\n<h3>Domande sul prodotto? Siamo qui per te!<\/h3>\n<p>La nostra farmacista responsabile, la Dott.ssa Sandra Hoff, e il suo team saranno lieti di consigliarti personalmente &#8211; per telefono o via e-mail. In qualit\u00e0 di vera e propria farmacia locale e di farmacia autorizzata per la vendita per corrispondenza, ti offriamo un supporto competente, soprattutto nei settori della <a href=\"https:\/\/loewentestneu.metafex.io\/it\/tag-prodotto\/rimedi-naturali\">naturopatia<\/a> e degli <a href=\"https:\/\/loewentestneu.metafex.io\/it\/tag-prodotto\/vitamine-e-integratori\">integratori alimentari<\/a>. Puoi trovare la nostra autorizzazione come voce nel <a href=\"https:\/\/versandhandel.dimdi.de\/websearch\/servlet\/Gate;jsessionid=0D29D15655BE1174E9178A340E8FE6BC?accessid=dimdi_var&amp;term=3c387956690121ccc8763184f052b93f\" target=\"_blank\" rel=\"noopener\">registro delle vendite per corrispondenza<\/a>.<\/p>\n<h3>Riscatta una prescrizione o una ricetta elettronica:<\/h3>\n<p>Hai una prescrizione o una ricetta elettronica? Invia la ricetta comodamente tramite la nostra app <a href=\"https:\/\/e-rezept-app.de\/shop-rezept\" target=\"_blank\" rel=\"noopener\">per le prescrizioni elettroniche<\/a>; \u00e8 anche possibile richiedere prescrizioni private per chi paga da solo. Veloce, sicuro e facile.<\/p>\n","protected":false},"excerpt":{"rendered":"<h2>ZINZINO BalanceOil+ Premium<\/h2>\n<p>Acidi grassi Omega-3 EPA e DHA: possono contribuire alla normale funzione cardiaca con un&#8217;assunzione giornaliera di 250 mg. Sapore: arancia, limone, menta<\/p>\n<p>&nbsp;<\/p>\n<p><strong>PZN<\/strong> (Pharma Central Number): &#8211;<\/p>\n<p><strong>Forma di dosaggio<\/strong>: liquido<\/p>\n<p><strong>Tipo di prescrizione: senza prescrizione<\/strong><\/p>\n<p><strong>Marchio<\/strong>: Zinzino<\/p>\n<p><strong>Produttore<\/strong>: Zinzino AB, Gotenbourg, Svezia.<\/p>\n","protected":false},"featured_media":17063,"comment_status":"closed","ping_status":"closed","template":"","meta":[],"product_brand":[],"product_cat":[124,115],"product_tag":[298,269,271,482,514,480,268],"class_list":{"0":"post-17191","1":"product","2":"type-product","3":"status-publish","4":"has-post-thumbnail","6":"product_cat-sale-it","7":"product_cat-non-categorizzato","8":"product_tag-concentrazione-e-stress","9":"product_tag-gestione-del-peso","10":"product_tag-peso-e-forma-fisica","11":"product_tag-principio-attivo-a-base-di-erbe","12":"product_tag-principio-attivo-di-origine-vegetale","13":"product_tag-rimedi-naturali","14":"product_tag-vitamine-e-integratori","15":"ts_product_brand-all-it","17":"first","18":"instock","19":"taxable","20":"shipping-taxable","21":"purchasable","22":"product-type-simple"},"yoast_head":"<!-- This site is optimized with the Yoast SEO plugin v26.5 - https:\/\/yoast.com\/wordpress\/plugins\/seo\/ -->\n<title>ZINZINO BalanceOil+ Premium (300 ml) &#187;<\/title>\n<meta name=\"description\" content=\"ricco di EPA e DHA. Scopri di pi\u00f9 su ZINZINO BalanceOil+ Premium (300 ml). Ti offriamo: Spedizione veloce e acquisti sicuri online.\" \/>\n<meta name=\"robots\" content=\"noindex, follow, max-snippet:-1, max-image-preview:large, max-video-preview:-1\" \/>\n<meta property=\"og:locale\" content=\"it_IT\" \/>\n<meta property=\"og:type\" content=\"article\" \/>\n<meta property=\"og:title\" content=\"ZINZINO BalanceOil+ Premium (300 ml) &#187;\" \/>\n<meta property=\"og:description\" content=\"ricco di EPA e DHA. Scopri di pi\u00f9 su ZINZINO BalanceOil+ Premium (300 ml). Ti offriamo: Spedizione veloce e acquisti sicuri online.\" \/>\n<meta property=\"og:url\" content=\"https:\/\/loewentestneu.metafex.io\/it\/prodotto\/zinzino-balanceoil-premium-300-ml-5905997895026\" \/>\n<meta property=\"og:site_name\" content=\"Lion Pharmacy\" \/>\n<meta property=\"article:modified_time\" content=\"2025-11-30T21:55:01+00:00\" \/>\n<meta property=\"og:image\" content=\"https:\/\/loewentestneu.metafex.io\/wp-content\/uploads\/2025\/11\/Zinzino-balance-oil-premium-mit-omerga-3.webp\" \/>\n\t<meta property=\"og:image:width\" content=\"600\" \/>\n\t<meta property=\"og:image:height\" content=\"600\" \/>\n\t<meta property=\"og:image:type\" content=\"image\/webp\" \/>\n<meta name=\"twitter:card\" content=\"summary_large_image\" \/>\n<meta name=\"twitter:label1\" content=\"Tempo di lettura stimato\" \/>\n\t<meta name=\"twitter:data1\" content=\"2 minuti\" \/>\n<script type=\"application\/ld+json\" class=\"yoast-schema-graph\">{\"@context\":\"https:\/\/schema.org\",\"@graph\":[{\"@type\":\"WebPage\",\"@id\":\"https:\/\/loewentestneu.metafex.io\/it\/prodotto\/zinzino-balanceoil-premium-300-ml-5905997895026\",\"url\":\"https:\/\/loewentestneu.metafex.io\/it\/prodotto\/zinzino-balanceoil-premium-300-ml-5905997895026\",\"name\":\"ZINZINO BalanceOil+ Premium (300 ml) &#187;\",\"isPartOf\":{\"@id\":\"https:\/\/loewentestneu.metafex.io\/it#website\"},\"primaryImageOfPage\":{\"@id\":\"https:\/\/loewentestneu.metafex.io\/it\/prodotto\/zinzino-balanceoil-premium-300-ml-5905997895026#primaryimage\"},\"image\":{\"@id\":\"https:\/\/loewentestneu.metafex.io\/it\/prodotto\/zinzino-balanceoil-premium-300-ml-5905997895026#primaryimage\"},\"thumbnailUrl\":\"https:\/\/loewentestneu.metafex.io\/wp-content\/uploads\/2025\/11\/Zinzino-balance-oil-premium-mit-omerga-3.webp\",\"datePublished\":\"2025-11-27T06:13:17+00:00\",\"dateModified\":\"2025-11-30T21:55:01+00:00\",\"description\":\"ricco di EPA e DHA. Scopri di pi\u00f9 su ZINZINO BalanceOil+ Premium (300 ml). Ti offriamo: Spedizione veloce e acquisti sicuri online.\",\"breadcrumb\":{\"@id\":\"https:\/\/loewentestneu.metafex.io\/it\/prodotto\/zinzino-balanceoil-premium-300-ml-5905997895026#breadcrumb\"},\"inLanguage\":\"it-IT\",\"potentialAction\":[{\"@type\":\"ReadAction\",\"target\":[\"https:\/\/loewentestneu.metafex.io\/it\/prodotto\/zinzino-balanceoil-premium-300-ml-5905997895026\"]}]},{\"@type\":\"ImageObject\",\"inLanguage\":\"it-IT\",\"@id\":\"https:\/\/loewentestneu.metafex.io\/it\/prodotto\/zinzino-balanceoil-premium-300-ml-5905997895026#primaryimage\",\"url\":\"https:\/\/loewentestneu.metafex.io\/wp-content\/uploads\/2025\/11\/Zinzino-balance-oil-premium-mit-omerga-3.webp\",\"contentUrl\":\"https:\/\/loewentestneu.metafex.io\/wp-content\/uploads\/2025\/11\/Zinzino-balance-oil-premium-mit-omerga-3.webp\",\"width\":600,\"height\":600,\"caption\":\"Confezione di olio Zinzino balance premium con omega-3, olio al gusto di arancia e limone, ordinato presso la Farmacia Lions, Baden-Baden\"},{\"@type\":\"BreadcrumbList\",\"@id\":\"https:\/\/loewentestneu.metafex.io\/it\/prodotto\/zinzino-balanceoil-premium-300-ml-5905997895026#breadcrumb\",\"itemListElement\":[{\"@type\":\"ListItem\",\"position\":1,\"name\":\"Home\",\"item\":\"https:\/\/loewentestneu.metafex.io\/it\/homepage-lion-pharmacy\"},{\"@type\":\"ListItem\",\"position\":2,\"name\":\"Shop\",\"item\":\"https:\/\/loewentestneu.metafex.io\/it\/negozio\"},{\"@type\":\"ListItem\",\"position\":3,\"name\":\"ZINZINO BalanceOil+ Premium (300 ml)\"}]},{\"@type\":\"WebSite\",\"@id\":\"https:\/\/loewentestneu.metafex.io\/it#website\",\"url\":\"https:\/\/loewentestneu.metafex.io\/it\",\"name\":\"Lions Pharmacy\",\"description\":\"Farmacia specializzata in naturopatia di Baden-Baden, Germania\",\"publisher\":{\"@id\":\"https:\/\/loewentestneu.metafex.io\/it#organization\"},\"alternateName\":\"Lion Pharmacy\",\"potentialAction\":[{\"@type\":\"SearchAction\",\"target\":{\"@type\":\"EntryPoint\",\"urlTemplate\":\"https:\/\/loewentestneu.metafex.io\/it?s={search_term_string}\"},\"query-input\":{\"@type\":\"PropertyValueSpecification\",\"valueRequired\":true,\"valueName\":\"search_term_string\"}}],\"inLanguage\":\"it-IT\"},{\"@type\":\"Organization\",\"@id\":\"https:\/\/loewentestneu.metafex.io\/it#organization\",\"name\":\"Lions Pharmacy\",\"alternateName\":\"Lions Pharmacy24\",\"url\":\"https:\/\/loewentestneu.metafex.io\/it\",\"logo\":{\"@type\":\"ImageObject\",\"inLanguage\":\"it-IT\",\"@id\":\"https:\/\/loewentestneu.metafex.io\/it#\/schema\/logo\/image\/\",\"url\":\"https:\/\/loewentestneu.metafex.io\/wp-content\/uploads\/2022\/12\/Logo-Lion-Pharmacy-c-o-Loewen-Apotheke-smal.jpg\",\"contentUrl\":\"https:\/\/loewentestneu.metafex.io\/wp-content\/uploads\/2022\/12\/Logo-Lion-Pharmacy-c-o-Loewen-Apotheke-smal.jpg\",\"width\":298,\"height\":99,\"caption\":\"Lions Pharmacy\"},\"image\":{\"@id\":\"https:\/\/loewentestneu.metafex.io\/it#\/schema\/logo\/image\/\"}}]}<\/script>\n<!-- \/ Yoast SEO plugin. -->","yoast_head_json":{"title":"ZINZINO BalanceOil+ Premium (300 ml) &#187;","description":"ricco di EPA e DHA. Scopri di pi\u00f9 su ZINZINO BalanceOil+ Premium (300 ml). Ti offriamo: Spedizione veloce e acquisti sicuri online.","robots":{"index":"noindex","follow":"follow","max-snippet":"max-snippet:-1","max-image-preview":"max-image-preview:large","max-video-preview":"max-video-preview:-1"},"og_locale":"it_IT","og_type":"article","og_title":"ZINZINO BalanceOil+ Premium (300 ml) &#187;","og_description":"ricco di EPA e DHA. Scopri di pi\u00f9 su ZINZINO BalanceOil+ Premium (300 ml). Ti offriamo: Spedizione veloce e acquisti sicuri online.","og_url":"https:\/\/loewentestneu.metafex.io\/it\/prodotto\/zinzino-balanceoil-premium-300-ml-5905997895026","og_site_name":"Lion Pharmacy","article_modified_time":"2025-11-30T21:55:01+00:00","og_image":[{"width":600,"height":600,"url":"https:\/\/loewentestneu.metafex.io\/wp-content\/uploads\/2025\/11\/Zinzino-balance-oil-premium-mit-omerga-3.webp","type":"image\/webp"}],"twitter_card":"summary_large_image","twitter_misc":{"Tempo di lettura stimato":"2 minuti"},"schema":{"@context":"https:\/\/schema.org","@graph":[{"@type":"WebPage","@id":"https:\/\/loewentestneu.metafex.io\/it\/prodotto\/zinzino-balanceoil-premium-300-ml-5905997895026","url":"https:\/\/loewentestneu.metafex.io\/it\/prodotto\/zinzino-balanceoil-premium-300-ml-5905997895026","name":"ZINZINO BalanceOil+ Premium (300 ml) &#187;","isPartOf":{"@id":"https:\/\/loewentestneu.metafex.io\/it#website"},"primaryImageOfPage":{"@id":"https:\/\/loewentestneu.metafex.io\/it\/prodotto\/zinzino-balanceoil-premium-300-ml-5905997895026#primaryimage"},"image":{"@id":"https:\/\/loewentestneu.metafex.io\/it\/prodotto\/zinzino-balanceoil-premium-300-ml-5905997895026#primaryimage"},"thumbnailUrl":"https:\/\/loewentestneu.metafex.io\/wp-content\/uploads\/2025\/11\/Zinzino-balance-oil-premium-mit-omerga-3.webp","datePublished":"2025-11-27T06:13:17+00:00","dateModified":"2025-11-30T21:55:01+00:00","description":"ricco di EPA e DHA. Scopri di pi\u00f9 su ZINZINO BalanceOil+ Premium (300 ml). Ti offriamo: Spedizione veloce e acquisti sicuri online.","breadcrumb":{"@id":"https:\/\/loewentestneu.metafex.io\/it\/prodotto\/zinzino-balanceoil-premium-300-ml-5905997895026#breadcrumb"},"inLanguage":"it-IT","potentialAction":[{"@type":"ReadAction","target":["https:\/\/loewentestneu.metafex.io\/it\/prodotto\/zinzino-balanceoil-premium-300-ml-5905997895026"]}]},{"@type":"ImageObject","inLanguage":"it-IT","@id":"https:\/\/loewentestneu.metafex.io\/it\/prodotto\/zinzino-balanceoil-premium-300-ml-5905997895026#primaryimage","url":"https:\/\/loewentestneu.metafex.io\/wp-content\/uploads\/2025\/11\/Zinzino-balance-oil-premium-mit-omerga-3.webp","contentUrl":"https:\/\/loewentestneu.metafex.io\/wp-content\/uploads\/2025\/11\/Zinzino-balance-oil-premium-mit-omerga-3.webp","width":600,"height":600,"caption":"Confezione di olio Zinzino balance premium con omega-3, olio al gusto di arancia e limone, ordinato presso la Farmacia Lions, Baden-Baden"},{"@type":"BreadcrumbList","@id":"https:\/\/loewentestneu.metafex.io\/it\/prodotto\/zinzino-balanceoil-premium-300-ml-5905997895026#breadcrumb","itemListElement":[{"@type":"ListItem","position":1,"name":"Home","item":"https:\/\/loewentestneu.metafex.io\/it\/homepage-lion-pharmacy"},{"@type":"ListItem","position":2,"name":"Shop","item":"https:\/\/loewentestneu.metafex.io\/it\/negozio"},{"@type":"ListItem","position":3,"name":"ZINZINO BalanceOil+ Premium (300 ml)"}]},{"@type":"WebSite","@id":"https:\/\/loewentestneu.metafex.io\/it#website","url":"https:\/\/loewentestneu.metafex.io\/it","name":"Lions Pharmacy","description":"Farmacia specializzata in naturopatia di Baden-Baden, Germania","publisher":{"@id":"https:\/\/loewentestneu.metafex.io\/it#organization"},"alternateName":"Lion Pharmacy","potentialAction":[{"@type":"SearchAction","target":{"@type":"EntryPoint","urlTemplate":"https:\/\/loewentestneu.metafex.io\/it?s={search_term_string}"},"query-input":{"@type":"PropertyValueSpecification","valueRequired":true,"valueName":"search_term_string"}}],"inLanguage":"it-IT"},{"@type":"Organization","@id":"https:\/\/loewentestneu.metafex.io\/it#organization","name":"Lions Pharmacy","alternateName":"Lions Pharmacy24","url":"https:\/\/loewentestneu.metafex.io\/it","logo":{"@type":"ImageObject","inLanguage":"it-IT","@id":"https:\/\/loewentestneu.metafex.io\/it#\/schema\/logo\/image\/","url":"https:\/\/loewentestneu.metafex.io\/wp-content\/uploads\/2022\/12\/Logo-Lion-Pharmacy-c-o-Loewen-Apotheke-smal.jpg","contentUrl":"https:\/\/loewentestneu.metafex.io\/wp-content\/uploads\/2022\/12\/Logo-Lion-Pharmacy-c-o-Loewen-Apotheke-smal.jpg","width":298,"height":99,"caption":"Lions Pharmacy"},"image":{"@id":"https:\/\/loewentestneu.metafex.io\/it#\/schema\/logo\/image\/"}}]}},"_links":{"self":[{"href":"https:\/\/loewentestneu.metafex.io\/it\/wp-json\/wp\/v2\/product\/17191","targetHints":{"allow":["GET"]}}],"collection":[{"href":"https:\/\/loewentestneu.metafex.io\/it\/wp-json\/wp\/v2\/product"}],"about":[{"href":"https:\/\/loewentestneu.metafex.io\/it\/wp-json\/wp\/v2\/types\/product"}],"replies":[{"embeddable":true,"href":"https:\/\/loewentestneu.metafex.io\/it\/wp-json\/wp\/v2\/comments?post=17191"}],"wp:featuredmedia":[{"embeddable":true,"href":"https:\/\/loewentestneu.metafex.io\/it\/wp-json\/wp\/v2\/media\/17063"}],"wp:attachment":[{"href":"https:\/\/loewentestneu.metafex.io\/it\/wp-json\/wp\/v2\/media?parent=17191"}],"wp:term":[{"taxonomy":"product_brand","embeddable":true,"href":"https:\/\/loewentestneu.metafex.io\/it\/wp-json\/wp\/v2\/product_brand?post=17191"},{"taxonomy":"product_cat","embeddable":true,"href":"https:\/\/loewentestneu.metafex.io\/it\/wp-json\/wp\/v2\/product_cat?post=17191"},{"taxonomy":"product_tag","embeddable":true,"href":"https:\/\/loewentestneu.metafex.io\/it\/wp-json\/wp\/v2\/product_tag?post=17191"}],"curies":[{"name":"wp","href":"https:\/\/api.w.org\/{rel}","templated":true}]}}