{"id":17244,"date":"2025-11-27T20:07:32","date_gmt":"2025-11-27T19:07:32","guid":{"rendered":"https:\/\/lions-pharmacy.com\/?post_type=product&#038;p=17244"},"modified":"2025-12-13T10:12:41","modified_gmt":"2025-12-13T09:12:41","slug":"zinzino-balancetest-starter-set","status":"publish","type":"product","link":"https:\/\/loewentestneu.metafex.io\/it\/prodotto\/zinzino-balancetest-starter-set","title":{"rendered":"ZINZINO BalanceTest Starter Set"},"content":{"rendered":"<h3>ZINZINO BalanceTest Set ed extra inclusi<\/h3>\n<p>Lo ZINZINO BalanceTest \u00e8 un semplice autotest per l&#8217;analisi degli acidi grassi nel sangue capillare, prelevato da un polpastrello con il metodo DBS (Dried Blood Spot). \u00c8 stato scientificamente provato che il test DBS \u00e8 altrettanto accurato di un campione di sangue venoso per l&#8217;analisi degli acidi grassi. Bastano poche gocce di sangue dal polpastrello su un filtro di carta Whatman\u00ae &#8211; un processo che richiede meno di un minuto.<\/p>\n<p>In questo set sono gi\u00e0 inclusi: BalanceOil+ Orange 100 ml e un servizio di consulenza.<\/p>\n<p>Informazioni su BalanceTest, autoanalisi del sangue secco di facile utilizzo:<\/p>\n<p>Misura gli 11 acidi grassi presenti nel sangue<br \/>\nFornisce informazioni sul tuo equilibrio omega 6:3<br \/>\nIl test misura 11 acidi grassi, tra cui acidi grassi saturi, monoinsaturi (omega-9) e polinsaturi (omega-6 e omega-3). I valori dei singoli acidi grassi sono riportati nella tabella ed espressi come percentuale degli acidi grassi totali misurati. Ai fini del confronto nella tabella, l&#8217;intervallo medio per ogni acido grasso (basato su dati ottenuti da un ampio gruppo di individui equilibrati) \u00e8 presentato come valore target. Vengono misurati i seguenti acidi grassi:<\/p>\n<p>Acido palmitico, C16:0, acido grasso saturo<br \/>\nAcido stearico, C18:0, acido grasso saturo<br \/>\nAcido oleico, C18:1, omega-9<br \/>\nAcido linolenico, C18:2, Omega-6<br \/>\nAcido alfa-linolenico, C18:3, omega-3<br \/>\nAcido gamma-linolenico, C18:3, omega-6<br \/>\nAcido diomogamma-linolenico, C20:3, omega-6<br \/>\nAcido arachidonico (AA), C20:4, omega-6<br \/>\nAcido eicosapentaenoico (EPA), C20:5, omega-3<br \/>\nAcido docosapentaenoico (DPA), C22:5, omega-3<br \/>\nAcido docosaesenoico (DHA), C22:6, omega-3<\/p>\n<p>Note e informazioni sull&#8217;applicazione sono disponibili presso il produttore <a href=\"https:\/\/www.zinzino.com\/shop\/2020602041\/AT\/de-DE\/products\/shop\/home-health-tests\/309000\/\">Zinzino<\/a>.<\/p>\n<p>Servizio incluso. L&#8217;analisi personale del test da parte della farmacista, la Dott.ssa Sandra Hoff, e il suo team saranno lieti di consigliarti personalmente su Zinzino e sui risultati dell&#8217;autotest tramite una chiamata\/videochiamata di 10-15 minuti.<\/p>\n<h3>Dettagli sul prodotto e informazioni obbligatorie<\/h3>\n<p>Foglio illustrativo: &#8211; (lettore PDF) e Informazioni sugli alimenti.<\/p>\n<p>Ingredienti: Kit di analisi del sangue<\/p>\n<p>Per saperne di pi\u00f9 sul produttore e su questo prodotto: <a href=\"https:\/\/www.zinzino.com\/shop\/2020602041\/AT\/de-DE\/products\/shop\/home-health-tests\/309000\/\">Zinzino<\/a> (link a sito esterno)<\/p>\n<p>Le informazioni contenute in questo sito web sono fornite solo a scopo informativo. Non sostituiscono in alcun modo la visita e il trattamento da parte di un medico. Ci\u00f2 significa che non \u00e8 possibile n\u00e9 fare diagnosi n\u00e9 iniziare terapie. Importazione singola &#8211; Importiamo questo medicinale per te. Questo comporta tempi di consegna pi\u00f9 lunghi. Sono escluse le restituzioni per le singole importazioni.<\/p>\n<p>Per i rischi e gli effetti collaterali, leggere il foglio illustrativo e rivolgersi al medico o al farmacista.<\/p>\n<h4><\/h4>\n<h3>Il consiglio dell&#8217;esperto in farmacia:<\/h3>\n<p>Il nostro farmacista consiglia i seguenti prodotti per la longevit\u00e0, la concentrazione e lo stress: <a href=\"https:\/\/loewentestneu.metafex.io\/it\/prodotto\/neurapas-balance-100-pz-4150014981430\">Neurapas balance<\/a> &#8211; di provata e specifica efficacia.<\/p>\n<p>Altri prodotti per l&#8217;applicazione: <a href=\"https:\/\/loewentestneu.metafex.io\/it\/tag-prodotto\/vitamine-e-integratori\">Vitamine e integratori<\/a> | <a href=\"https:\/\/loewentestneu.metafex.io\/it\/tag-prodotto\/rimedi-naturali\" rel=\"tag\">Rimedi naturali<\/a> | <a href=\"https:\/\/loewentestneu.metafex.io\/it\/tag-prodotto\/benessere\" rel=\"tag\">Benessere<\/a><\/p>\n<h3>Domande sul prodotto? Siamo qui per te!<\/h3>\n<p>La nostra farmacista responsabile, la Dott.ssa Sandra Hoff, e il suo team saranno lieti di consigliarti personalmente &#8211; per telefono o via e-mail. In qualit\u00e0 di vera e propria farmacia locale e di farmacia autorizzata per la vendita per corrispondenza, ti offriamo un supporto competente, soprattutto nei settori della <a href=\"https:\/\/loewentestneu.metafex.io\/it\/tag-prodotto\/rimedi-naturali\">naturopatia<\/a> e degli <a href=\"https:\/\/loewentestneu.metafex.io\/it\/tag-prodotto\/vitamine-e-integratori\">integratori alimentari<\/a>. Puoi trovare la nostra autorizzazione come voce nel <a href=\"https:\/\/versandhandel.dimdi.de\/websearch\/servlet\/Gate;jsessionid=0D29D15655BE1174E9178A340E8FE6BC?accessid=dimdi_var&amp;term=3c387956690121ccc8763184f052b93f\" target=\"_blank\" rel=\"noopener\">registro delle vendite per corrispondenza<\/a>.<\/p>\n<h3>Riscatta una prescrizione o una ricetta elettronica:<\/h3>\n<p>Hai una prescrizione o una ricetta elettronica? Invia la ricetta comodamente tramite la nostra app <a href=\"https:\/\/e-rezept-app.de\/shop-rezept\" target=\"_blank\" rel=\"noopener\">per le prescrizioni elettroniche<\/a>; \u00e8 anche possibile richiedere prescrizioni private per chi paga da solo. Veloce, sicuro e facile.<\/p>\n","protected":false},"excerpt":{"rendered":"<h2>ZINZINO BalanceTest Starter Set<\/h2>\n<p>L&#8217;autoanalisi del sangue secco fornisce informazioni sul tuo equilibrio omega-6:3. BalanceOil+ Orange 100 ml e un servizio di consulenza incluso.<br \/>\nAnalisi personale del test da parte del farmacista tramite chiamata \/ video Chiamata inclusa.<\/p>\n<p>&nbsp;<\/p>\n<p><strong>PZN<\/strong>: &#8211;<\/p>\n<p><strong>Forma di dosaggio<\/strong>: Kit di test e analisi personale del farmacista inclusa<\/p>\n<p><strong>Tipo di prescrizione: senza prescrizione<\/strong><\/p>\n<p><strong>Marchio<\/strong>: Zinzino<\/p>\n<p><strong>Produttore<\/strong>: Zinzino AB, Gotenbourg, Svezia.<\/p>\n<p><strong>Formato della confezione<\/strong>: 1 BalanceTest + 1 BalanceOil+ Arancione 100ml + Chiamata di consulenza<\/p>\n","protected":false},"featured_media":18499,"comment_status":"closed","ping_status":"closed","template":"","meta":[],"product_brand":[],"product_cat":[124,115],"product_tag":[298,269,903,271,482,514,480,268],"class_list":{"0":"post-17244","1":"product","2":"type-product","3":"status-publish","4":"has-post-thumbnail","6":"product_cat-sale-it","7":"product_cat-non-categorizzato","8":"product_tag-concentrazione-e-stress","9":"product_tag-gestione-del-peso","10":"product_tag-longevita","11":"product_tag-peso-e-forma-fisica","12":"product_tag-principio-attivo-a-base-di-erbe","13":"product_tag-principio-attivo-di-origine-vegetale","14":"product_tag-rimedi-naturali","15":"product_tag-vitamine-e-integratori","16":"ts_product_brand-all-it","18":"first","19":"instock","20":"sold-individually","21":"taxable","22":"shipping-taxable","23":"purchasable","24":"product-type-simple"},"yoast_head":"<!-- This site is optimized with the Yoast SEO plugin v26.5 - https:\/\/yoast.com\/wordpress\/plugins\/seo\/ -->\n<title>&#187;% inizia con noi qui<\/title>\n<meta name=\"description\" content=\"Set: Autotest dell&#039;equilibrio della quota di Omega-3 e BalanceOil Orange 100ml e analisi personale dei risultati del test tramite chiamata. Scopri di pi\u00f9 su ZINZINO BalanceTest Starter Set.\" \/>\n<meta name=\"robots\" content=\"noindex, follow, max-snippet:-1, max-image-preview:large, max-video-preview:-1\" \/>\n<meta property=\"og:locale\" content=\"it_IT\" \/>\n<meta property=\"og:type\" content=\"article\" \/>\n<meta property=\"og:title\" content=\"&#187;% inizia con noi qui\" \/>\n<meta property=\"og:description\" content=\"Set: Autotest dell&#039;equilibrio della quota di Omega-3 e BalanceOil Orange 100ml e analisi personale dei risultati del test tramite chiamata. Scopri di pi\u00f9 su ZINZINO BalanceTest Starter Set.\" \/>\n<meta property=\"og:url\" content=\"https:\/\/loewentestneu.metafex.io\/it\/prodotto\/zinzino-balancetest-starter-set\" \/>\n<meta property=\"og:site_name\" content=\"Lion Pharmacy\" \/>\n<meta property=\"article:modified_time\" content=\"2025-12-13T09:12:41+00:00\" \/>\n<meta property=\"og:image\" content=\"https:\/\/loewentestneu.metafex.io\/wp-content\/uploads\/2025\/11\/Zinzino-Balancetest-and-Balanceoil-100-ml-Starterset.webp\" \/>\n\t<meta property=\"og:image:width\" content=\"600\" \/>\n\t<meta property=\"og:image:height\" content=\"600\" \/>\n\t<meta property=\"og:image:type\" content=\"image\/webp\" \/>\n<meta name=\"twitter:card\" content=\"summary_large_image\" \/>\n<meta name=\"twitter:label1\" content=\"Tempo di lettura stimato\" \/>\n\t<meta name=\"twitter:data1\" content=\"3 minuti\" \/>\n<script type=\"application\/ld+json\" class=\"yoast-schema-graph\">{\"@context\":\"https:\/\/schema.org\",\"@graph\":[{\"@type\":\"WebPage\",\"@id\":\"https:\/\/loewentestneu.metafex.io\/it\/prodotto\/zinzino-balancetest-starter-set\",\"url\":\"https:\/\/loewentestneu.metafex.io\/it\/prodotto\/zinzino-balancetest-starter-set\",\"name\":\"&#187;% inizia con noi qui\",\"isPartOf\":{\"@id\":\"https:\/\/loewentestneu.metafex.io\/it#website\"},\"primaryImageOfPage\":{\"@id\":\"https:\/\/loewentestneu.metafex.io\/it\/prodotto\/zinzino-balancetest-starter-set#primaryimage\"},\"image\":{\"@id\":\"https:\/\/loewentestneu.metafex.io\/it\/prodotto\/zinzino-balancetest-starter-set#primaryimage\"},\"thumbnailUrl\":\"https:\/\/loewentestneu.metafex.io\/wp-content\/uploads\/2025\/11\/Zinzino-Balancetest-and-Balanceoil-100-ml-Starterset.webp\",\"datePublished\":\"2025-11-27T19:07:32+00:00\",\"dateModified\":\"2025-12-13T09:12:41+00:00\",\"description\":\"Set: Autotest dell'equilibrio della quota di Omega-3 e BalanceOil Orange 100ml e analisi personale dei risultati del test tramite chiamata. Scopri di pi\u00f9 su ZINZINO BalanceTest Starter Set.\",\"breadcrumb\":{\"@id\":\"https:\/\/loewentestneu.metafex.io\/it\/prodotto\/zinzino-balancetest-starter-set#breadcrumb\"},\"inLanguage\":\"it-IT\",\"potentialAction\":[{\"@type\":\"ReadAction\",\"target\":[\"https:\/\/loewentestneu.metafex.io\/it\/prodotto\/zinzino-balancetest-starter-set\"]}]},{\"@type\":\"ImageObject\",\"inLanguage\":\"it-IT\",\"@id\":\"https:\/\/loewentestneu.metafex.io\/it\/prodotto\/zinzino-balancetest-starter-set#primaryimage\",\"url\":\"https:\/\/loewentestneu.metafex.io\/wp-content\/uploads\/2025\/11\/Zinzino-Balancetest-and-Balanceoil-100-ml-Starterset.webp\",\"contentUrl\":\"https:\/\/loewentestneu.metafex.io\/wp-content\/uploads\/2025\/11\/Zinzino-Balancetest-and-Balanceoil-100-ml-Starterset.webp\",\"width\":600,\"height\":600,\"caption\":\"Zinzino Balancetest Starter set, con Test e Balanceoil 100 ml, consiglia di chiamare Starterset\"},{\"@type\":\"BreadcrumbList\",\"@id\":\"https:\/\/loewentestneu.metafex.io\/it\/prodotto\/zinzino-balancetest-starter-set#breadcrumb\",\"itemListElement\":[{\"@type\":\"ListItem\",\"position\":1,\"name\":\"Home\",\"item\":\"https:\/\/loewentestneu.metafex.io\/it\/homepage-lion-pharmacy\"},{\"@type\":\"ListItem\",\"position\":2,\"name\":\"Shop\",\"item\":\"https:\/\/loewentestneu.metafex.io\/it\/negozio\"},{\"@type\":\"ListItem\",\"position\":3,\"name\":\"ZINZINO BalanceTest Starter Set\"}]},{\"@type\":\"WebSite\",\"@id\":\"https:\/\/loewentestneu.metafex.io\/it#website\",\"url\":\"https:\/\/loewentestneu.metafex.io\/it\",\"name\":\"Lions Pharmacy\",\"description\":\"Farmacia specializzata in naturopatia di Baden-Baden, Germania\",\"publisher\":{\"@id\":\"https:\/\/loewentestneu.metafex.io\/it#organization\"},\"alternateName\":\"Lion Pharmacy\",\"potentialAction\":[{\"@type\":\"SearchAction\",\"target\":{\"@type\":\"EntryPoint\",\"urlTemplate\":\"https:\/\/loewentestneu.metafex.io\/it?s={search_term_string}\"},\"query-input\":{\"@type\":\"PropertyValueSpecification\",\"valueRequired\":true,\"valueName\":\"search_term_string\"}}],\"inLanguage\":\"it-IT\"},{\"@type\":\"Organization\",\"@id\":\"https:\/\/loewentestneu.metafex.io\/it#organization\",\"name\":\"Lions Pharmacy\",\"alternateName\":\"Lions Pharmacy24\",\"url\":\"https:\/\/loewentestneu.metafex.io\/it\",\"logo\":{\"@type\":\"ImageObject\",\"inLanguage\":\"it-IT\",\"@id\":\"https:\/\/loewentestneu.metafex.io\/it#\/schema\/logo\/image\/\",\"url\":\"https:\/\/loewentestneu.metafex.io\/wp-content\/uploads\/2022\/12\/Logo-Lion-Pharmacy-c-o-Loewen-Apotheke-smal.jpg\",\"contentUrl\":\"https:\/\/loewentestneu.metafex.io\/wp-content\/uploads\/2022\/12\/Logo-Lion-Pharmacy-c-o-Loewen-Apotheke-smal.jpg\",\"width\":298,\"height\":99,\"caption\":\"Lions Pharmacy\"},\"image\":{\"@id\":\"https:\/\/loewentestneu.metafex.io\/it#\/schema\/logo\/image\/\"}}]}<\/script>\n<!-- \/ Yoast SEO plugin. -->","yoast_head_json":{"title":"&#187;% inizia con noi qui","description":"Set: Autotest dell'equilibrio della quota di Omega-3 e BalanceOil Orange 100ml e analisi personale dei risultati del test tramite chiamata. Scopri di pi\u00f9 su ZINZINO BalanceTest Starter Set.","robots":{"index":"noindex","follow":"follow","max-snippet":"max-snippet:-1","max-image-preview":"max-image-preview:large","max-video-preview":"max-video-preview:-1"},"og_locale":"it_IT","og_type":"article","og_title":"&#187;% inizia con noi qui","og_description":"Set: Autotest dell'equilibrio della quota di Omega-3 e BalanceOil Orange 100ml e analisi personale dei risultati del test tramite chiamata. Scopri di pi\u00f9 su ZINZINO BalanceTest Starter Set.","og_url":"https:\/\/loewentestneu.metafex.io\/it\/prodotto\/zinzino-balancetest-starter-set","og_site_name":"Lion Pharmacy","article_modified_time":"2025-12-13T09:12:41+00:00","og_image":[{"width":600,"height":600,"url":"https:\/\/loewentestneu.metafex.io\/wp-content\/uploads\/2025\/11\/Zinzino-Balancetest-and-Balanceoil-100-ml-Starterset.webp","type":"image\/webp"}],"twitter_card":"summary_large_image","twitter_misc":{"Tempo di lettura stimato":"3 minuti"},"schema":{"@context":"https:\/\/schema.org","@graph":[{"@type":"WebPage","@id":"https:\/\/loewentestneu.metafex.io\/it\/prodotto\/zinzino-balancetest-starter-set","url":"https:\/\/loewentestneu.metafex.io\/it\/prodotto\/zinzino-balancetest-starter-set","name":"&#187;% inizia con noi qui","isPartOf":{"@id":"https:\/\/loewentestneu.metafex.io\/it#website"},"primaryImageOfPage":{"@id":"https:\/\/loewentestneu.metafex.io\/it\/prodotto\/zinzino-balancetest-starter-set#primaryimage"},"image":{"@id":"https:\/\/loewentestneu.metafex.io\/it\/prodotto\/zinzino-balancetest-starter-set#primaryimage"},"thumbnailUrl":"https:\/\/loewentestneu.metafex.io\/wp-content\/uploads\/2025\/11\/Zinzino-Balancetest-and-Balanceoil-100-ml-Starterset.webp","datePublished":"2025-11-27T19:07:32+00:00","dateModified":"2025-12-13T09:12:41+00:00","description":"Set: Autotest dell'equilibrio della quota di Omega-3 e BalanceOil Orange 100ml e analisi personale dei risultati del test tramite chiamata. Scopri di pi\u00f9 su ZINZINO BalanceTest Starter Set.","breadcrumb":{"@id":"https:\/\/loewentestneu.metafex.io\/it\/prodotto\/zinzino-balancetest-starter-set#breadcrumb"},"inLanguage":"it-IT","potentialAction":[{"@type":"ReadAction","target":["https:\/\/loewentestneu.metafex.io\/it\/prodotto\/zinzino-balancetest-starter-set"]}]},{"@type":"ImageObject","inLanguage":"it-IT","@id":"https:\/\/loewentestneu.metafex.io\/it\/prodotto\/zinzino-balancetest-starter-set#primaryimage","url":"https:\/\/loewentestneu.metafex.io\/wp-content\/uploads\/2025\/11\/Zinzino-Balancetest-and-Balanceoil-100-ml-Starterset.webp","contentUrl":"https:\/\/loewentestneu.metafex.io\/wp-content\/uploads\/2025\/11\/Zinzino-Balancetest-and-Balanceoil-100-ml-Starterset.webp","width":600,"height":600,"caption":"Zinzino Balancetest Starter set, con Test e Balanceoil 100 ml, consiglia di chiamare Starterset"},{"@type":"BreadcrumbList","@id":"https:\/\/loewentestneu.metafex.io\/it\/prodotto\/zinzino-balancetest-starter-set#breadcrumb","itemListElement":[{"@type":"ListItem","position":1,"name":"Home","item":"https:\/\/loewentestneu.metafex.io\/it\/homepage-lion-pharmacy"},{"@type":"ListItem","position":2,"name":"Shop","item":"https:\/\/loewentestneu.metafex.io\/it\/negozio"},{"@type":"ListItem","position":3,"name":"ZINZINO BalanceTest Starter Set"}]},{"@type":"WebSite","@id":"https:\/\/loewentestneu.metafex.io\/it#website","url":"https:\/\/loewentestneu.metafex.io\/it","name":"Lions Pharmacy","description":"Farmacia specializzata in naturopatia di Baden-Baden, Germania","publisher":{"@id":"https:\/\/loewentestneu.metafex.io\/it#organization"},"alternateName":"Lion Pharmacy","potentialAction":[{"@type":"SearchAction","target":{"@type":"EntryPoint","urlTemplate":"https:\/\/loewentestneu.metafex.io\/it?s={search_term_string}"},"query-input":{"@type":"PropertyValueSpecification","valueRequired":true,"valueName":"search_term_string"}}],"inLanguage":"it-IT"},{"@type":"Organization","@id":"https:\/\/loewentestneu.metafex.io\/it#organization","name":"Lions Pharmacy","alternateName":"Lions Pharmacy24","url":"https:\/\/loewentestneu.metafex.io\/it","logo":{"@type":"ImageObject","inLanguage":"it-IT","@id":"https:\/\/loewentestneu.metafex.io\/it#\/schema\/logo\/image\/","url":"https:\/\/loewentestneu.metafex.io\/wp-content\/uploads\/2022\/12\/Logo-Lion-Pharmacy-c-o-Loewen-Apotheke-smal.jpg","contentUrl":"https:\/\/loewentestneu.metafex.io\/wp-content\/uploads\/2022\/12\/Logo-Lion-Pharmacy-c-o-Loewen-Apotheke-smal.jpg","width":298,"height":99,"caption":"Lions Pharmacy"},"image":{"@id":"https:\/\/loewentestneu.metafex.io\/it#\/schema\/logo\/image\/"}}]}},"_links":{"self":[{"href":"https:\/\/loewentestneu.metafex.io\/it\/wp-json\/wp\/v2\/product\/17244","targetHints":{"allow":["GET"]}}],"collection":[{"href":"https:\/\/loewentestneu.metafex.io\/it\/wp-json\/wp\/v2\/product"}],"about":[{"href":"https:\/\/loewentestneu.metafex.io\/it\/wp-json\/wp\/v2\/types\/product"}],"replies":[{"embeddable":true,"href":"https:\/\/loewentestneu.metafex.io\/it\/wp-json\/wp\/v2\/comments?post=17244"}],"wp:featuredmedia":[{"embeddable":true,"href":"https:\/\/loewentestneu.metafex.io\/it\/wp-json\/wp\/v2\/media\/18499"}],"wp:attachment":[{"href":"https:\/\/loewentestneu.metafex.io\/it\/wp-json\/wp\/v2\/media?parent=17244"}],"wp:term":[{"taxonomy":"product_brand","embeddable":true,"href":"https:\/\/loewentestneu.metafex.io\/it\/wp-json\/wp\/v2\/product_brand?post=17244"},{"taxonomy":"product_cat","embeddable":true,"href":"https:\/\/loewentestneu.metafex.io\/it\/wp-json\/wp\/v2\/product_cat?post=17244"},{"taxonomy":"product_tag","embeddable":true,"href":"https:\/\/loewentestneu.metafex.io\/it\/wp-json\/wp\/v2\/product_tag?post=17244"}],"curies":[{"name":"wp","href":"https:\/\/api.w.org\/{rel}","templated":true}]}}