{"id":1892,"date":"2022-12-30T11:27:28","date_gmt":"2022-12-30T10:27:28","guid":{"rendered":"https:\/\/lions-pharmacy.com\/product\/elisir-amaro-180ml"},"modified":"2025-01-25T12:49:36","modified_gmt":"2025-01-25T11:49:36","slug":"amaro-elisir-180ml-1119022","status":"publish","type":"product","link":"https:\/\/loewentestneu.metafex.io\/it\/prodotto\/amaro-elisir-180ml-1119022","title":{"rendered":"Elisir amaro 180ml"},"content":{"rendered":"<h3>Elisir amaro<\/h3>\n<p>Elisir amaro \u2013 Principi attivi antroposofici da piante medicinali, in tutte le fasi della vita e per numerosi disturbi.<\/p>\n<p>Principi attivi antroposofici da piante medicinali, in tutte le fasi della vita e per numerosi disturbi.<\/p>\n<p>Medicinali antroposofici che \u00e8 possibile ottenere dalle farmacie senza prescrizione medica. La selezione di un farmaco dovrebbe essere basata su una diagnosi clinicamente confermata. Si rivolga al medico o al farmacista. Si consiglia inoltre di non interrompere l&#8217;assunzione di medicinali prescritti da un medico senza consultare il medico.<\/p>\n<p>Foglio illustrativo\/istruzioni per l&#8217;uso\/scheda tecnica articolo: &#8211; (lettore PDF)<\/p>\n<p>Altri prodotti per l&#8217;applicazione: <a href=\"https:\/\/loewentestneu.metafex.io\/it\/product-tag\/asthma-allergies\">Allergie<\/a> | <a href=\"https:\/\/loewentestneu.metafex.io\/product-tag\/vitamins-supplements\">Vitamine &amp; integratori Prodotti<\/a><\/p>\n<p>Ulteriori informazioni sul manufactorer e su questo prodotto: <a href=\"https:\/\/www.walaarzneimittel.de\/de\/\" target=\"_blank\" rel=\"noopener\">WALA Arzneimittel <\/a> (link al sito esterno)<\/p>\n<p>Le informazioni contenute in questo sito web sono fornite solo a scopo informativo. Non sostituiscono in alcun modo la visita e il trattamento da parte di un medico. Ci\u00f2 significa che non \u00e8 possibile n\u00e9 fare diagnosi n\u00e9 iniziare terapie.<\/p>\n<p>Per i rischi e gli effetti collaterali, leggere il foglio illustrativo e rivolgersi al medico o al farmacista.<\/p>\n","protected":false},"excerpt":{"rendered":"<h2>Elisir amaro 180ml<\/h2>\n<p>Principi attivi antroposofici da piante medicinali, in tutte le fasi della vita e per numerosi disturbi.<\/p>\n<p>&nbsp;<\/p>\n<p><strong>PZN<\/strong>: 01119022 (Pharma Central Number)<\/p>\n<p><strong>Forma di dosaggio<\/strong>: gocce<\/p>\n<p><strong>Tipo di prescrizione: senza prescrizione<\/strong><\/p>\n<p><strong>Marca<\/strong>: &#8211;<\/p>\n<p><strong>Produttore<\/strong>: WALA Arzneimittel GmbH, Germania<\/p>\n<p><strong>Dimensione della confezione<\/strong>: 180ml<\/p>\n","protected":false},"featured_media":4730,"comment_status":"closed","ping_status":"closed","template":"","meta":[],"product_brand":[],"product_cat":[124,115,127],"product_tag":[260,310,268],"class_list":{"0":"post-1892","1":"product","2":"type-product","3":"status-publish","4":"has-post-thumbnail","6":"product_cat-sale-it","7":"product_cat-non-categorizzato","8":"product_cat-wala-arzneimittel-it","9":"product_tag-asma-e-allergie","10":"product_tag-vendita-mensile","11":"product_tag-vitamine-e-integratori","12":"ts_product_brand-all-it","13":"ts_product_brand-wala-it","15":"first","16":"instock","17":"taxable","18":"shipping-taxable","19":"purchasable","20":"product-type-simple"},"yoast_head":"<!-- This site is optimized with the Yoast SEO plugin v26.5 - https:\/\/yoast.com\/wordpress\/plugins\/seo\/ -->\n<title>Elisir amaro 180ml &#187; Lion Pharmacy<\/title>\n<meta name=\"description\" content=\"Lion Pharmacy | farmacia online tedesca registrata | Spedizione internazionale veloce | Acquisti online sicuri | numerosi disturbi &gt; Elisir amaro 180ml\" \/>\n<meta name=\"robots\" content=\"noindex, follow, max-snippet:-1, max-image-preview:large, max-video-preview:-1\" \/>\n<meta property=\"og:locale\" content=\"it_IT\" \/>\n<meta property=\"og:type\" content=\"article\" \/>\n<meta property=\"og:title\" content=\"Elisir amaro 180ml &#187; Lion Pharmacy\" \/>\n<meta property=\"og:description\" content=\"Lion Pharmacy | farmacia online tedesca registrata | Spedizione internazionale veloce | Acquisti online sicuri | numerosi disturbi &gt; Elisir amaro 180ml\" \/>\n<meta property=\"og:url\" content=\"https:\/\/loewentestneu.metafex.io\/it\/prodotto\/amaro-elisir-180ml-1119022\" \/>\n<meta property=\"og:site_name\" content=\"Lion Pharmacy\" \/>\n<meta property=\"article:modified_time\" content=\"2025-01-25T11:49:36+00:00\" \/>\n<meta property=\"og:image\" content=\"https:\/\/loewentestneu.metafex.io\/wp-content\/uploads\/2022\/12\/Bitter-elixir-180ml-wala-arzneimittel-product-therapy-Lions-Pharmacy.webp\" \/>\n\t<meta property=\"og:image:width\" content=\"600\" \/>\n\t<meta property=\"og:image:height\" content=\"600\" \/>\n\t<meta property=\"og:image:type\" content=\"image\/webp\" \/>\n<meta name=\"twitter:card\" content=\"summary_large_image\" \/>\n<meta name=\"twitter:label1\" content=\"Tempo di lettura stimato\" \/>\n\t<meta name=\"twitter:data1\" content=\"1 minuto\" \/>\n<script type=\"application\/ld+json\" class=\"yoast-schema-graph\">{\"@context\":\"https:\/\/schema.org\",\"@graph\":[{\"@type\":\"WebPage\",\"@id\":\"https:\/\/loewentestneu.metafex.io\/it\/prodotto\/amaro-elisir-180ml-1119022\",\"url\":\"https:\/\/loewentestneu.metafex.io\/it\/prodotto\/amaro-elisir-180ml-1119022\",\"name\":\"Elisir amaro 180ml &#187; Lion Pharmacy\",\"isPartOf\":{\"@id\":\"https:\/\/loewentestneu.metafex.io\/it#website\"},\"primaryImageOfPage\":{\"@id\":\"https:\/\/loewentestneu.metafex.io\/it\/prodotto\/amaro-elisir-180ml-1119022#primaryimage\"},\"image\":{\"@id\":\"https:\/\/loewentestneu.metafex.io\/it\/prodotto\/amaro-elisir-180ml-1119022#primaryimage\"},\"thumbnailUrl\":\"https:\/\/loewentestneu.metafex.io\/wp-content\/uploads\/2022\/12\/Bitter-elixir-180ml-wala-arzneimittel-product-therapy-Lions-Pharmacy.webp\",\"datePublished\":\"2022-12-30T10:27:28+00:00\",\"dateModified\":\"2025-01-25T11:49:36+00:00\",\"description\":\"Lion Pharmacy | farmacia online tedesca registrata | Spedizione internazionale veloce | Acquisti online sicuri | numerosi disturbi > Elisir amaro 180ml\",\"breadcrumb\":{\"@id\":\"https:\/\/loewentestneu.metafex.io\/it\/prodotto\/amaro-elisir-180ml-1119022#breadcrumb\"},\"inLanguage\":\"it-IT\",\"potentialAction\":[{\"@type\":\"ReadAction\",\"target\":[\"https:\/\/loewentestneu.metafex.io\/it\/prodotto\/amaro-elisir-180ml-1119022\"]}]},{\"@type\":\"ImageObject\",\"inLanguage\":\"it-IT\",\"@id\":\"https:\/\/loewentestneu.metafex.io\/it\/prodotto\/amaro-elisir-180ml-1119022#primaryimage\",\"url\":\"https:\/\/loewentestneu.metafex.io\/wp-content\/uploads\/2022\/12\/Bitter-elixir-180ml-wala-arzneimittel-product-therapy-Lions-Pharmacy.webp\",\"contentUrl\":\"https:\/\/loewentestneu.metafex.io\/wp-content\/uploads\/2022\/12\/Bitter-elixir-180ml-wala-arzneimittel-product-therapy-Lions-Pharmacy.webp\",\"width\":600,\"height\":600,\"caption\":\"Elisir amaro 180ml wala arzneimittel prodotto terapia Farmacia Lions\"},{\"@type\":\"BreadcrumbList\",\"@id\":\"https:\/\/loewentestneu.metafex.io\/it\/prodotto\/amaro-elisir-180ml-1119022#breadcrumb\",\"itemListElement\":[{\"@type\":\"ListItem\",\"position\":1,\"name\":\"Home\",\"item\":\"https:\/\/loewentestneu.metafex.io\/it\/homepage-lion-pharmacy\"},{\"@type\":\"ListItem\",\"position\":2,\"name\":\"Shop\",\"item\":\"https:\/\/loewentestneu.metafex.io\/it\/negozio\"},{\"@type\":\"ListItem\",\"position\":3,\"name\":\"Elisir amaro 180ml\"}]},{\"@type\":\"WebSite\",\"@id\":\"https:\/\/loewentestneu.metafex.io\/it#website\",\"url\":\"https:\/\/loewentestneu.metafex.io\/it\",\"name\":\"Lions Pharmacy\",\"description\":\"Farmacia specializzata in naturopatia di Baden-Baden, Germania\",\"publisher\":{\"@id\":\"https:\/\/loewentestneu.metafex.io\/it#organization\"},\"alternateName\":\"Lion Pharmacy\",\"potentialAction\":[{\"@type\":\"SearchAction\",\"target\":{\"@type\":\"EntryPoint\",\"urlTemplate\":\"https:\/\/loewentestneu.metafex.io\/it?s={search_term_string}\"},\"query-input\":{\"@type\":\"PropertyValueSpecification\",\"valueRequired\":true,\"valueName\":\"search_term_string\"}}],\"inLanguage\":\"it-IT\"},{\"@type\":\"Organization\",\"@id\":\"https:\/\/loewentestneu.metafex.io\/it#organization\",\"name\":\"Lions Pharmacy\",\"alternateName\":\"Lions Pharmacy24\",\"url\":\"https:\/\/loewentestneu.metafex.io\/it\",\"logo\":{\"@type\":\"ImageObject\",\"inLanguage\":\"it-IT\",\"@id\":\"https:\/\/loewentestneu.metafex.io\/it#\/schema\/logo\/image\/\",\"url\":\"https:\/\/loewentestneu.metafex.io\/wp-content\/uploads\/2022\/12\/Logo-Lion-Pharmacy-c-o-Loewen-Apotheke-smal.jpg\",\"contentUrl\":\"https:\/\/loewentestneu.metafex.io\/wp-content\/uploads\/2022\/12\/Logo-Lion-Pharmacy-c-o-Loewen-Apotheke-smal.jpg\",\"width\":298,\"height\":99,\"caption\":\"Lions Pharmacy\"},\"image\":{\"@id\":\"https:\/\/loewentestneu.metafex.io\/it#\/schema\/logo\/image\/\"}}]}<\/script>\n<!-- \/ Yoast SEO plugin. -->","yoast_head_json":{"title":"Elisir amaro 180ml &#187; Lion Pharmacy","description":"Lion Pharmacy | farmacia online tedesca registrata | Spedizione internazionale veloce | Acquisti online sicuri | numerosi disturbi > Elisir amaro 180ml","robots":{"index":"noindex","follow":"follow","max-snippet":"max-snippet:-1","max-image-preview":"max-image-preview:large","max-video-preview":"max-video-preview:-1"},"og_locale":"it_IT","og_type":"article","og_title":"Elisir amaro 180ml &#187; Lion Pharmacy","og_description":"Lion Pharmacy | farmacia online tedesca registrata | Spedizione internazionale veloce | Acquisti online sicuri | numerosi disturbi > Elisir amaro 180ml","og_url":"https:\/\/loewentestneu.metafex.io\/it\/prodotto\/amaro-elisir-180ml-1119022","og_site_name":"Lion Pharmacy","article_modified_time":"2025-01-25T11:49:36+00:00","og_image":[{"width":600,"height":600,"url":"https:\/\/loewentestneu.metafex.io\/wp-content\/uploads\/2022\/12\/Bitter-elixir-180ml-wala-arzneimittel-product-therapy-Lions-Pharmacy.webp","type":"image\/webp"}],"twitter_card":"summary_large_image","twitter_misc":{"Tempo di lettura stimato":"1 minuto"},"schema":{"@context":"https:\/\/schema.org","@graph":[{"@type":"WebPage","@id":"https:\/\/loewentestneu.metafex.io\/it\/prodotto\/amaro-elisir-180ml-1119022","url":"https:\/\/loewentestneu.metafex.io\/it\/prodotto\/amaro-elisir-180ml-1119022","name":"Elisir amaro 180ml &#187; Lion Pharmacy","isPartOf":{"@id":"https:\/\/loewentestneu.metafex.io\/it#website"},"primaryImageOfPage":{"@id":"https:\/\/loewentestneu.metafex.io\/it\/prodotto\/amaro-elisir-180ml-1119022#primaryimage"},"image":{"@id":"https:\/\/loewentestneu.metafex.io\/it\/prodotto\/amaro-elisir-180ml-1119022#primaryimage"},"thumbnailUrl":"https:\/\/loewentestneu.metafex.io\/wp-content\/uploads\/2022\/12\/Bitter-elixir-180ml-wala-arzneimittel-product-therapy-Lions-Pharmacy.webp","datePublished":"2022-12-30T10:27:28+00:00","dateModified":"2025-01-25T11:49:36+00:00","description":"Lion Pharmacy | farmacia online tedesca registrata | Spedizione internazionale veloce | Acquisti online sicuri | numerosi disturbi > Elisir amaro 180ml","breadcrumb":{"@id":"https:\/\/loewentestneu.metafex.io\/it\/prodotto\/amaro-elisir-180ml-1119022#breadcrumb"},"inLanguage":"it-IT","potentialAction":[{"@type":"ReadAction","target":["https:\/\/loewentestneu.metafex.io\/it\/prodotto\/amaro-elisir-180ml-1119022"]}]},{"@type":"ImageObject","inLanguage":"it-IT","@id":"https:\/\/loewentestneu.metafex.io\/it\/prodotto\/amaro-elisir-180ml-1119022#primaryimage","url":"https:\/\/loewentestneu.metafex.io\/wp-content\/uploads\/2022\/12\/Bitter-elixir-180ml-wala-arzneimittel-product-therapy-Lions-Pharmacy.webp","contentUrl":"https:\/\/loewentestneu.metafex.io\/wp-content\/uploads\/2022\/12\/Bitter-elixir-180ml-wala-arzneimittel-product-therapy-Lions-Pharmacy.webp","width":600,"height":600,"caption":"Elisir amaro 180ml wala arzneimittel prodotto terapia Farmacia Lions"},{"@type":"BreadcrumbList","@id":"https:\/\/loewentestneu.metafex.io\/it\/prodotto\/amaro-elisir-180ml-1119022#breadcrumb","itemListElement":[{"@type":"ListItem","position":1,"name":"Home","item":"https:\/\/loewentestneu.metafex.io\/it\/homepage-lion-pharmacy"},{"@type":"ListItem","position":2,"name":"Shop","item":"https:\/\/loewentestneu.metafex.io\/it\/negozio"},{"@type":"ListItem","position":3,"name":"Elisir amaro 180ml"}]},{"@type":"WebSite","@id":"https:\/\/loewentestneu.metafex.io\/it#website","url":"https:\/\/loewentestneu.metafex.io\/it","name":"Lions Pharmacy","description":"Farmacia specializzata in naturopatia di Baden-Baden, Germania","publisher":{"@id":"https:\/\/loewentestneu.metafex.io\/it#organization"},"alternateName":"Lion Pharmacy","potentialAction":[{"@type":"SearchAction","target":{"@type":"EntryPoint","urlTemplate":"https:\/\/loewentestneu.metafex.io\/it?s={search_term_string}"},"query-input":{"@type":"PropertyValueSpecification","valueRequired":true,"valueName":"search_term_string"}}],"inLanguage":"it-IT"},{"@type":"Organization","@id":"https:\/\/loewentestneu.metafex.io\/it#organization","name":"Lions Pharmacy","alternateName":"Lions Pharmacy24","url":"https:\/\/loewentestneu.metafex.io\/it","logo":{"@type":"ImageObject","inLanguage":"it-IT","@id":"https:\/\/loewentestneu.metafex.io\/it#\/schema\/logo\/image\/","url":"https:\/\/loewentestneu.metafex.io\/wp-content\/uploads\/2022\/12\/Logo-Lion-Pharmacy-c-o-Loewen-Apotheke-smal.jpg","contentUrl":"https:\/\/loewentestneu.metafex.io\/wp-content\/uploads\/2022\/12\/Logo-Lion-Pharmacy-c-o-Loewen-Apotheke-smal.jpg","width":298,"height":99,"caption":"Lions Pharmacy"},"image":{"@id":"https:\/\/loewentestneu.metafex.io\/it#\/schema\/logo\/image\/"}}]}},"_links":{"self":[{"href":"https:\/\/loewentestneu.metafex.io\/it\/wp-json\/wp\/v2\/product\/1892","targetHints":{"allow":["GET"]}}],"collection":[{"href":"https:\/\/loewentestneu.metafex.io\/it\/wp-json\/wp\/v2\/product"}],"about":[{"href":"https:\/\/loewentestneu.metafex.io\/it\/wp-json\/wp\/v2\/types\/product"}],"replies":[{"embeddable":true,"href":"https:\/\/loewentestneu.metafex.io\/it\/wp-json\/wp\/v2\/comments?post=1892"}],"wp:featuredmedia":[{"embeddable":true,"href":"https:\/\/loewentestneu.metafex.io\/it\/wp-json\/wp\/v2\/media\/4730"}],"wp:attachment":[{"href":"https:\/\/loewentestneu.metafex.io\/it\/wp-json\/wp\/v2\/media?parent=1892"}],"wp:term":[{"taxonomy":"product_brand","embeddable":true,"href":"https:\/\/loewentestneu.metafex.io\/it\/wp-json\/wp\/v2\/product_brand?post=1892"},{"taxonomy":"product_cat","embeddable":true,"href":"https:\/\/loewentestneu.metafex.io\/it\/wp-json\/wp\/v2\/product_cat?post=1892"},{"taxonomy":"product_tag","embeddable":true,"href":"https:\/\/loewentestneu.metafex.io\/it\/wp-json\/wp\/v2\/product_tag?post=1892"}],"curies":[{"name":"wp","href":"https:\/\/api.w.org\/{rel}","templated":true}]}}