{"id":19468,"date":"2026-01-17T07:03:41","date_gmt":"2026-01-17T06:03:41","guid":{"rendered":"https:\/\/lions-pharmacy.com\/?post_type=product&#038;p=19468"},"modified":"2026-01-26T23:14:32","modified_gmt":"2026-01-26T22:14:32","slug":"kytta-pain-ointment-150g","status":"publish","type":"product","link":"https:\/\/loewentestneu.metafex.io\/it\/prodotto\/kytta-pain-ointment-150g","title":{"rendered":"Unguento antidolorifico Kytta (150 g)"},"content":{"rendered":"<h3>Unguento antidolorifico Kytta<\/h3>\n<p>Unguento antidolorifico Kytta &#8211; il potere della natura contro il dolore: Kytta fornisce un rapido sollievo dal dolore, riduce l&#8217;infiammazione e il gonfiore e accelera il processo di guarigione.<\/p>\n<p>Ingredienti e principi attivi: 350 mg di estratto fluido di radice di comfrey.<\/p>\n<p>Kytta \u00e8 un unguento topico con un principio attivo di origine vegetale per un potente e rapido sollievo dal dolore. L&#8217;esclusivo estratto di radice di comfrey di Kytta offre sollievo da dolori muscolari, alle ginocchia e alla schiena. Studi scientifici confermano l&#8217;effetto potente e rapido dell&#8217;estratto di radice di comfrey.<\/p>\n<p>Le informazioni contenute in questo sito web sono fornite solo a scopo informativo. Non sostituiscono in alcun modo la visita e il trattamento da parte di un medico. Ci\u00f2 significa che non \u00e8 possibile n\u00e9 fare diagnosi n\u00e9 iniziare terapie. Nota sull&#8217;uso e l&#8217;impiego: Le informazioni fornite in questo sito web sono solo di carattere generale e non sostituiscono la consulenza professionale, la diagnosi o il trattamento da parte di un medico. Gli integratori alimentari non sostituiscono una dieta equilibrata e varia e uno stile di vita sano.<\/p>\n<p>Per i rischi e gli effetti collaterali, leggere il foglio illustrativo e rivolgersi al medico o al farmacista.<\/p>\n<p>Altri clienti erano interessati a prodotti correlati: <a href=\"https:\/\/loewentestneu.metafex.io\/it\/tag-prodotto\/vitamine-e-integratori\">Integratori alimentari<\/a> | <a href=\"https:\/\/loewentestneu.metafex.io\/it\/tag-prodotto\/peso-e-forma-fisica\" rel=\"tag\">Peso e fitness<\/a><\/p>\n<h3 style=\"text-align: left;\">Prescrizione | \u00c8 disponibile una prescrizione elettronica?<\/h3>\n<p>Invia subito la tua prescrizione elettronica. Usa la nostra app <a href=\"https:\/\/e-rezept-app.de\/shop-rezept\" target=\"_blank\" rel=\"noopener\">per la prescrizione elettronica<\/a> . E noi ti diamo le spese di spedizione gratis in Germania!<\/p>\n","protected":false},"excerpt":{"rendered":"<h2>Unguento antidolorifico Kytta<\/h2>\n<div class=\"rating__wrap\">\n<p>per i dolori muscolari, alle ginocchia e alla schiena.<\/p>\n<p>&nbsp;<\/p>\n<p><strong>PZN: <\/strong>10832865 (numero centrale farmaceutico)<\/p>\n<p><strong>Forma di dosaggio<\/strong>: crema<\/p>\n<p><strong>Tipo di regolazione:<\/strong> Senza prescrizione medica<\/p>\n<p><strong>Marchio<\/strong>: Kytta<\/p>\n<p><strong>Produttore<\/strong>: WICK Pharma, 65824 Schwalbach am Taunus, Germania<\/p>\n<\/div>\n","protected":false},"featured_media":19475,"comment_status":"closed","ping_status":"closed","template":"","meta":[],"product_brand":[],"product_cat":[124,115],"product_tag":[270,269,271,482,310,268],"class_list":{"0":"post-19468","1":"product","2":"type-product","3":"status-publish","4":"has-post-thumbnail","6":"product_cat-sale-it","7":"product_cat-non-categorizzato","8":"product_tag-benessere","9":"product_tag-gestione-del-peso","10":"product_tag-peso-e-forma-fisica","11":"product_tag-principio-attivo-a-base-di-erbe","12":"product_tag-vendita-mensile","13":"product_tag-vitamine-e-integratori","14":"ts_product_brand-all-it","16":"first","17":"instock","18":"sale","19":"featured","20":"taxable","21":"shipping-taxable","22":"purchasable","23":"product-type-simple"},"yoast_head":"<!-- This site is optimized with the Yoast SEO plugin v26.5 - https:\/\/yoast.com\/wordpress\/plugins\/seo\/ -->\n<title>Unguento antidolorifico Kytta (150 g)% &#187;% Ordina qui.<\/title>\n<meta name=\"description\" content=\"Unguento antidolorifico Kytta (150 g). Produttore: Wick. Consegnato dalla tua farmacia online tedesca. Spedizione internazionale veloce. Servizio al top.\" \/>\n<meta name=\"robots\" content=\"noindex, follow, max-snippet:-1, max-image-preview:large, max-video-preview:-1\" \/>\n<meta property=\"og:locale\" content=\"it_IT\" \/>\n<meta property=\"og:type\" content=\"article\" \/>\n<meta property=\"og:title\" content=\"Unguento antidolorifico Kytta (150 g)% &#187;% Ordina qui.\" \/>\n<meta property=\"og:description\" content=\"Unguento antidolorifico Kytta (150 g). Produttore: Wick. Consegnato dalla tua farmacia online tedesca. Spedizione internazionale veloce. Servizio al top.\" \/>\n<meta property=\"og:url\" content=\"https:\/\/loewentestneu.metafex.io\/it\/prodotto\/kytta-pain-ointment-150g\" \/>\n<meta property=\"og:site_name\" content=\"Lion Pharmacy\" \/>\n<meta property=\"article:modified_time\" content=\"2026-01-26T22:14:32+00:00\" \/>\n<meta property=\"og:image\" content=\"https:\/\/loewentestneu.metafex.io\/wp-content\/uploads\/2026\/01\/Kytta-Schmerzsalbe-gegen-Muskel-Kniegelenk-und-Ruckenschmerzen-PZN-10832865.webp\" \/>\n\t<meta property=\"og:image:width\" content=\"600\" \/>\n\t<meta property=\"og:image:height\" content=\"600\" \/>\n\t<meta property=\"og:image:type\" content=\"image\/webp\" \/>\n<meta name=\"twitter:card\" content=\"summary_large_image\" \/>\n<meta name=\"twitter:label1\" content=\"Tempo di lettura stimato\" \/>\n\t<meta name=\"twitter:data1\" content=\"1 minuto\" \/>\n<script type=\"application\/ld+json\" class=\"yoast-schema-graph\">{\"@context\":\"https:\/\/schema.org\",\"@graph\":[{\"@type\":\"WebPage\",\"@id\":\"https:\/\/loewentestneu.metafex.io\/it\/prodotto\/kytta-pain-ointment-150g\",\"url\":\"https:\/\/loewentestneu.metafex.io\/it\/prodotto\/kytta-pain-ointment-150g\",\"name\":\"Unguento antidolorifico Kytta (150 g)% &#187;% Ordina qui.\",\"isPartOf\":{\"@id\":\"https:\/\/loewentestneu.metafex.io\/it#website\"},\"primaryImageOfPage\":{\"@id\":\"https:\/\/loewentestneu.metafex.io\/it\/prodotto\/kytta-pain-ointment-150g#primaryimage\"},\"image\":{\"@id\":\"https:\/\/loewentestneu.metafex.io\/it\/prodotto\/kytta-pain-ointment-150g#primaryimage\"},\"thumbnailUrl\":\"https:\/\/loewentestneu.metafex.io\/wp-content\/uploads\/2026\/01\/Kytta-Schmerzsalbe-gegen-Muskel-Kniegelenk-und-Ruckenschmerzen-PZN-10832865.webp\",\"datePublished\":\"2026-01-17T06:03:41+00:00\",\"dateModified\":\"2026-01-26T22:14:32+00:00\",\"description\":\"Unguento antidolorifico Kytta (150 g). Produttore: Wick. Consegnato dalla tua farmacia online tedesca. Spedizione internazionale veloce. Servizio al top.\",\"breadcrumb\":{\"@id\":\"https:\/\/loewentestneu.metafex.io\/it\/prodotto\/kytta-pain-ointment-150g#breadcrumb\"},\"inLanguage\":\"it-IT\",\"potentialAction\":[{\"@type\":\"ReadAction\",\"target\":[\"https:\/\/loewentestneu.metafex.io\/it\/prodotto\/kytta-pain-ointment-150g\"]}]},{\"@type\":\"ImageObject\",\"inLanguage\":\"it-IT\",\"@id\":\"https:\/\/loewentestneu.metafex.io\/it\/prodotto\/kytta-pain-ointment-150g#primaryimage\",\"url\":\"https:\/\/loewentestneu.metafex.io\/wp-content\/uploads\/2026\/01\/Kytta-Schmerzsalbe-gegen-Muskel-Kniegelenk-und-Ruckenschmerzen-PZN-10832865.webp\",\"contentUrl\":\"https:\/\/loewentestneu.metafex.io\/wp-content\/uploads\/2026\/01\/Kytta-Schmerzsalbe-gegen-Muskel-Kniegelenk-und-Ruckenschmerzen-PZN-10832865.webp\",\"width\":600,\"height\":600,\"caption\":\"Unguento antidolorifico Kytta per dolori muscolari, al ginocchio e alla schiena, PZN-10832865\"},{\"@type\":\"BreadcrumbList\",\"@id\":\"https:\/\/loewentestneu.metafex.io\/it\/prodotto\/kytta-pain-ointment-150g#breadcrumb\",\"itemListElement\":[{\"@type\":\"ListItem\",\"position\":1,\"name\":\"Home\",\"item\":\"https:\/\/loewentestneu.metafex.io\/it\/homepage-lion-pharmacy\"},{\"@type\":\"ListItem\",\"position\":2,\"name\":\"Shop\",\"item\":\"https:\/\/loewentestneu.metafex.io\/it\/negozio\"},{\"@type\":\"ListItem\",\"position\":3,\"name\":\"Unguento antidolorifico Kytta (150 g)\"}]},{\"@type\":\"WebSite\",\"@id\":\"https:\/\/loewentestneu.metafex.io\/it#website\",\"url\":\"https:\/\/loewentestneu.metafex.io\/it\",\"name\":\"Lions Pharmacy\",\"description\":\"Farmacia specializzata in naturopatia di Baden-Baden, Germania\",\"publisher\":{\"@id\":\"https:\/\/loewentestneu.metafex.io\/it#organization\"},\"alternateName\":\"Lion Pharmacy\",\"potentialAction\":[{\"@type\":\"SearchAction\",\"target\":{\"@type\":\"EntryPoint\",\"urlTemplate\":\"https:\/\/loewentestneu.metafex.io\/it?s={search_term_string}\"},\"query-input\":{\"@type\":\"PropertyValueSpecification\",\"valueRequired\":true,\"valueName\":\"search_term_string\"}}],\"inLanguage\":\"it-IT\"},{\"@type\":\"Organization\",\"@id\":\"https:\/\/loewentestneu.metafex.io\/it#organization\",\"name\":\"Lions Pharmacy\",\"alternateName\":\"Lions Pharmacy24\",\"url\":\"https:\/\/loewentestneu.metafex.io\/it\",\"logo\":{\"@type\":\"ImageObject\",\"inLanguage\":\"it-IT\",\"@id\":\"https:\/\/loewentestneu.metafex.io\/it#\/schema\/logo\/image\/\",\"url\":\"https:\/\/loewentestneu.metafex.io\/wp-content\/uploads\/2022\/12\/Logo-Lion-Pharmacy-c-o-Loewen-Apotheke-smal.jpg\",\"contentUrl\":\"https:\/\/loewentestneu.metafex.io\/wp-content\/uploads\/2022\/12\/Logo-Lion-Pharmacy-c-o-Loewen-Apotheke-smal.jpg\",\"width\":298,\"height\":99,\"caption\":\"Lions Pharmacy\"},\"image\":{\"@id\":\"https:\/\/loewentestneu.metafex.io\/it#\/schema\/logo\/image\/\"}}]}<\/script>\n<!-- \/ Yoast SEO plugin. -->","yoast_head_json":{"title":"Unguento antidolorifico Kytta (150 g)% &#187;% Ordina qui.","description":"Unguento antidolorifico Kytta (150 g). Produttore: Wick. Consegnato dalla tua farmacia online tedesca. Spedizione internazionale veloce. Servizio al top.","robots":{"index":"noindex","follow":"follow","max-snippet":"max-snippet:-1","max-image-preview":"max-image-preview:large","max-video-preview":"max-video-preview:-1"},"og_locale":"it_IT","og_type":"article","og_title":"Unguento antidolorifico Kytta (150 g)% &#187;% Ordina qui.","og_description":"Unguento antidolorifico Kytta (150 g). Produttore: Wick. Consegnato dalla tua farmacia online tedesca. Spedizione internazionale veloce. Servizio al top.","og_url":"https:\/\/loewentestneu.metafex.io\/it\/prodotto\/kytta-pain-ointment-150g","og_site_name":"Lion Pharmacy","article_modified_time":"2026-01-26T22:14:32+00:00","og_image":[{"width":600,"height":600,"url":"https:\/\/loewentestneu.metafex.io\/wp-content\/uploads\/2026\/01\/Kytta-Schmerzsalbe-gegen-Muskel-Kniegelenk-und-Ruckenschmerzen-PZN-10832865.webp","type":"image\/webp"}],"twitter_card":"summary_large_image","twitter_misc":{"Tempo di lettura stimato":"1 minuto"},"schema":{"@context":"https:\/\/schema.org","@graph":[{"@type":"WebPage","@id":"https:\/\/loewentestneu.metafex.io\/it\/prodotto\/kytta-pain-ointment-150g","url":"https:\/\/loewentestneu.metafex.io\/it\/prodotto\/kytta-pain-ointment-150g","name":"Unguento antidolorifico Kytta (150 g)% &#187;% Ordina qui.","isPartOf":{"@id":"https:\/\/loewentestneu.metafex.io\/it#website"},"primaryImageOfPage":{"@id":"https:\/\/loewentestneu.metafex.io\/it\/prodotto\/kytta-pain-ointment-150g#primaryimage"},"image":{"@id":"https:\/\/loewentestneu.metafex.io\/it\/prodotto\/kytta-pain-ointment-150g#primaryimage"},"thumbnailUrl":"https:\/\/loewentestneu.metafex.io\/wp-content\/uploads\/2026\/01\/Kytta-Schmerzsalbe-gegen-Muskel-Kniegelenk-und-Ruckenschmerzen-PZN-10832865.webp","datePublished":"2026-01-17T06:03:41+00:00","dateModified":"2026-01-26T22:14:32+00:00","description":"Unguento antidolorifico Kytta (150 g). Produttore: Wick. Consegnato dalla tua farmacia online tedesca. Spedizione internazionale veloce. Servizio al top.","breadcrumb":{"@id":"https:\/\/loewentestneu.metafex.io\/it\/prodotto\/kytta-pain-ointment-150g#breadcrumb"},"inLanguage":"it-IT","potentialAction":[{"@type":"ReadAction","target":["https:\/\/loewentestneu.metafex.io\/it\/prodotto\/kytta-pain-ointment-150g"]}]},{"@type":"ImageObject","inLanguage":"it-IT","@id":"https:\/\/loewentestneu.metafex.io\/it\/prodotto\/kytta-pain-ointment-150g#primaryimage","url":"https:\/\/loewentestneu.metafex.io\/wp-content\/uploads\/2026\/01\/Kytta-Schmerzsalbe-gegen-Muskel-Kniegelenk-und-Ruckenschmerzen-PZN-10832865.webp","contentUrl":"https:\/\/loewentestneu.metafex.io\/wp-content\/uploads\/2026\/01\/Kytta-Schmerzsalbe-gegen-Muskel-Kniegelenk-und-Ruckenschmerzen-PZN-10832865.webp","width":600,"height":600,"caption":"Unguento antidolorifico Kytta per dolori muscolari, al ginocchio e alla schiena, PZN-10832865"},{"@type":"BreadcrumbList","@id":"https:\/\/loewentestneu.metafex.io\/it\/prodotto\/kytta-pain-ointment-150g#breadcrumb","itemListElement":[{"@type":"ListItem","position":1,"name":"Home","item":"https:\/\/loewentestneu.metafex.io\/it\/homepage-lion-pharmacy"},{"@type":"ListItem","position":2,"name":"Shop","item":"https:\/\/loewentestneu.metafex.io\/it\/negozio"},{"@type":"ListItem","position":3,"name":"Unguento antidolorifico Kytta (150 g)"}]},{"@type":"WebSite","@id":"https:\/\/loewentestneu.metafex.io\/it#website","url":"https:\/\/loewentestneu.metafex.io\/it","name":"Lions Pharmacy","description":"Farmacia specializzata in naturopatia di Baden-Baden, Germania","publisher":{"@id":"https:\/\/loewentestneu.metafex.io\/it#organization"},"alternateName":"Lion Pharmacy","potentialAction":[{"@type":"SearchAction","target":{"@type":"EntryPoint","urlTemplate":"https:\/\/loewentestneu.metafex.io\/it?s={search_term_string}"},"query-input":{"@type":"PropertyValueSpecification","valueRequired":true,"valueName":"search_term_string"}}],"inLanguage":"it-IT"},{"@type":"Organization","@id":"https:\/\/loewentestneu.metafex.io\/it#organization","name":"Lions Pharmacy","alternateName":"Lions Pharmacy24","url":"https:\/\/loewentestneu.metafex.io\/it","logo":{"@type":"ImageObject","inLanguage":"it-IT","@id":"https:\/\/loewentestneu.metafex.io\/it#\/schema\/logo\/image\/","url":"https:\/\/loewentestneu.metafex.io\/wp-content\/uploads\/2022\/12\/Logo-Lion-Pharmacy-c-o-Loewen-Apotheke-smal.jpg","contentUrl":"https:\/\/loewentestneu.metafex.io\/wp-content\/uploads\/2022\/12\/Logo-Lion-Pharmacy-c-o-Loewen-Apotheke-smal.jpg","width":298,"height":99,"caption":"Lions Pharmacy"},"image":{"@id":"https:\/\/loewentestneu.metafex.io\/it#\/schema\/logo\/image\/"}}]}},"_links":{"self":[{"href":"https:\/\/loewentestneu.metafex.io\/it\/wp-json\/wp\/v2\/product\/19468","targetHints":{"allow":["GET"]}}],"collection":[{"href":"https:\/\/loewentestneu.metafex.io\/it\/wp-json\/wp\/v2\/product"}],"about":[{"href":"https:\/\/loewentestneu.metafex.io\/it\/wp-json\/wp\/v2\/types\/product"}],"replies":[{"embeddable":true,"href":"https:\/\/loewentestneu.metafex.io\/it\/wp-json\/wp\/v2\/comments?post=19468"}],"wp:featuredmedia":[{"embeddable":true,"href":"https:\/\/loewentestneu.metafex.io\/it\/wp-json\/wp\/v2\/media\/19475"}],"wp:attachment":[{"href":"https:\/\/loewentestneu.metafex.io\/it\/wp-json\/wp\/v2\/media?parent=19468"}],"wp:term":[{"taxonomy":"product_brand","embeddable":true,"href":"https:\/\/loewentestneu.metafex.io\/it\/wp-json\/wp\/v2\/product_brand?post=19468"},{"taxonomy":"product_cat","embeddable":true,"href":"https:\/\/loewentestneu.metafex.io\/it\/wp-json\/wp\/v2\/product_cat?post=19468"},{"taxonomy":"product_tag","embeddable":true,"href":"https:\/\/loewentestneu.metafex.io\/it\/wp-json\/wp\/v2\/product_tag?post=19468"}],"curies":[{"name":"wp","href":"https:\/\/api.w.org\/{rel}","templated":true}]}}