{"id":19481,"date":"2026-01-17T09:00:40","date_gmt":"2026-01-17T08:00:40","guid":{"rendered":"https:\/\/lions-pharmacy.com\/?post_type=product&#038;p=19481"},"modified":"2026-01-17T09:36:35","modified_gmt":"2026-01-17T08:36:35","slug":"se-onsil-spagyric-peka-drops-100ml","status":"publish","type":"product","link":"https:\/\/loewentestneu.metafex.io\/it\/prodotto\/se-onsil-spagyric-peka-drops-100ml","title":{"rendered":"SE-ONSIL gocce spagiriche Peka (100ml)"},"content":{"rendered":"<h3>SE-ONSIL gocce spagiriche Peka<\/h3>\n<p>SE-ONSIL spagyric Peka gocce medicinale omeopatico utilizzato principalmente per il trattamento di supporto del mal di gola, delle irritazioni della gola e dei problemi alle tonsille. Un medicinale omeopatico registrato, quindi senza indicazione terapeutica. Se i sintomi persistono durante l&#8217;uso, consultare un medico. &#8220;SEPTONSIL&#8221;.<\/p>\n<p>PEKANA Naturheilmittel GmbH pone i massimi requisiti sui suoi prodotti, sia nella selezione che nella lavorazione delle materie prime. Prodotti di alta qualit\u00e0 su base naturale \u2013 questo \u00e8 ci\u00f2 in cui siamo specializzati.<\/p>\n<p>\u2013 Rigorosa selezione delle materie prime<\/p>\n<p>\u2013 Metodi di produzione delicati e naturali<\/p>\n<p>\u2013 Rinuncia completa agli ingredienti animali<\/p>\n<p>\u2013 Combinazione naturale ed equilibrata delle singole sostanze vegetali<\/p>\n<p>Altri prodotti per l&#8217;applicazione: <a href=\"https:\/\/loewentestneu.metafex.io\/it\/tag-prodotto\/vitamine-e-integratori\">Vitamine e integratori Prodotti<\/a><br \/>\nUlteriori informazioni sul manufactorer e su questo prodotto: <a href=\"https:\/\/www.pekana.com\/en-EN\/\" target=\"_blank\" rel=\"noopener\">PEKANA Naturheilmittel GmbH<\/a> (link al sito esterno)<\/p>\n<p>Le informazioni contenute in questo sito web sono fornite solo a scopo informativo. Non sostituiscono in alcun modo la visita e il trattamento da parte di un medico. Ci\u00f2 significa che non \u00e8 possibile n\u00e9 fare diagnosi n\u00e9 iniziare terapie.<\/p>\n<p>Per i rischi e gli effetti collaterali, leggere il foglio illustrativo e rivolgersi al medico o al farmacista.<\/p>\n","protected":false},"excerpt":{"rendered":"<h2>SE-ONSIL gocce spagiriche Peka<\/h2>\n<p>medicinale omeopatico registrato.<\/p>\n<p>&nbsp;<\/p>\n<p>PZN: 04970296 (numero centrale della farmacia)<\/p>\n<p>Forma di dosaggio: gocce<\/p>\n<p>Tipo di prescrizione: senza prescrizione<\/p>\n<p>Marchio: Peka<\/p>\n<p>Produttore: PEKANA Naturheilmittel GmbH<\/p>\n<p>Formato dell&#8217;imballaggio: 100ml<\/p>\n","protected":false},"featured_media":19489,"comment_status":"closed","ping_status":"closed","template":"","meta":[],"product_brand":[],"product_cat":[343,124,115],"product_tag":[235,295,484,307,482,480,310],"class_list":{"0":"post-19481","1":"product","2":"type-product","3":"status-publish","4":"has-post-thumbnail","6":"product_cat-pekana-","7":"product_cat-sale-it","8":"product_cat-non-categorizzato","9":"product_tag-infezione-virale","10":"product_tag-influenza","11":"product_tag-influenza-e-raffreddore","12":"product_tag-omeopatia","13":"product_tag-principio-attivo-a-base-di-erbe","14":"product_tag-rimedi-naturali","15":"product_tag-vendita-mensile","16":"ts_product_brand-all-it","17":"ts_product_brand-pekana-it","19":"first","20":"instock","21":"taxable","22":"shipping-taxable","23":"purchasable","24":"product-type-simple"},"yoast_head":"<!-- This site is optimized with the Yoast SEO plugin v26.5 - https:\/\/yoast.com\/wordpress\/plugins\/seo\/ -->\n<title>SE-ONSIL gocce spagiriche Peka (100ml) &#187; su Lion Pharmacy<\/title>\n<meta name=\"description\" content=\"Farmacia online tedesca registrata. Spedizione internazionale veloce e acquisti sicuri online. Farmaci Pekana: SE-ONSIL gocce spagiriche Peka (100ml) &gt; ordina qui\" \/>\n<meta name=\"robots\" content=\"noindex, follow, max-snippet:-1, max-image-preview:large, max-video-preview:-1\" \/>\n<meta property=\"og:locale\" content=\"it_IT\" \/>\n<meta property=\"og:type\" content=\"article\" \/>\n<meta property=\"og:title\" content=\"SE-ONSIL gocce spagiriche Peka (100ml) &#187; su Lion Pharmacy\" \/>\n<meta property=\"og:description\" content=\"Farmacia online tedesca registrata. Spedizione internazionale veloce e acquisti sicuri online. Farmaci Pekana: SE-ONSIL gocce spagiriche Peka (100ml) &gt; ordina qui\" \/>\n<meta property=\"og:url\" content=\"https:\/\/loewentestneu.metafex.io\/it\/prodotto\/se-onsil-spagyric-peka-drops-100ml\" \/>\n<meta property=\"og:site_name\" content=\"Lion Pharmacy\" \/>\n<meta property=\"article:modified_time\" content=\"2026-01-17T08:36:35+00:00\" \/>\n<meta property=\"og:image\" content=\"https:\/\/loewentestneu.metafex.io\/wp-content\/uploads\/2026\/01\/SE-ONSIL-spagyrische-Peka-Tropfen-von-Pekana-PZN-04970304.webp\" \/>\n\t<meta property=\"og:image:width\" content=\"600\" \/>\n\t<meta property=\"og:image:height\" content=\"600\" \/>\n\t<meta property=\"og:image:type\" content=\"image\/webp\" \/>\n<meta name=\"twitter:card\" content=\"summary_large_image\" \/>\n<meta name=\"twitter:label1\" content=\"Tempo di lettura stimato\" \/>\n\t<meta name=\"twitter:data1\" content=\"1 minuto\" \/>\n<script type=\"application\/ld+json\" class=\"yoast-schema-graph\">{\"@context\":\"https:\/\/schema.org\",\"@graph\":[{\"@type\":\"WebPage\",\"@id\":\"https:\/\/loewentestneu.metafex.io\/it\/prodotto\/se-onsil-spagyric-peka-drops-100ml\",\"url\":\"https:\/\/loewentestneu.metafex.io\/it\/prodotto\/se-onsil-spagyric-peka-drops-100ml\",\"name\":\"SE-ONSIL gocce spagiriche Peka (100ml) &#187; su Lion Pharmacy\",\"isPartOf\":{\"@id\":\"https:\/\/loewentestneu.metafex.io\/it#website\"},\"primaryImageOfPage\":{\"@id\":\"https:\/\/loewentestneu.metafex.io\/it\/prodotto\/se-onsil-spagyric-peka-drops-100ml#primaryimage\"},\"image\":{\"@id\":\"https:\/\/loewentestneu.metafex.io\/it\/prodotto\/se-onsil-spagyric-peka-drops-100ml#primaryimage\"},\"thumbnailUrl\":\"https:\/\/loewentestneu.metafex.io\/wp-content\/uploads\/2026\/01\/SE-ONSIL-spagyrische-Peka-Tropfen-von-Pekana-PZN-04970304.webp\",\"datePublished\":\"2026-01-17T08:00:40+00:00\",\"dateModified\":\"2026-01-17T08:36:35+00:00\",\"description\":\"Farmacia online tedesca registrata. Spedizione internazionale veloce e acquisti sicuri online. Farmaci Pekana: SE-ONSIL gocce spagiriche Peka (100ml) > ordina qui\",\"breadcrumb\":{\"@id\":\"https:\/\/loewentestneu.metafex.io\/it\/prodotto\/se-onsil-spagyric-peka-drops-100ml#breadcrumb\"},\"inLanguage\":\"it-IT\",\"potentialAction\":[{\"@type\":\"ReadAction\",\"target\":[\"https:\/\/loewentestneu.metafex.io\/it\/prodotto\/se-onsil-spagyric-peka-drops-100ml\"]}]},{\"@type\":\"ImageObject\",\"inLanguage\":\"it-IT\",\"@id\":\"https:\/\/loewentestneu.metafex.io\/it\/prodotto\/se-onsil-spagyric-peka-drops-100ml#primaryimage\",\"url\":\"https:\/\/loewentestneu.metafex.io\/wp-content\/uploads\/2026\/01\/SE-ONSIL-spagyrische-Peka-Tropfen-von-Pekana-PZN-04970304.webp\",\"contentUrl\":\"https:\/\/loewentestneu.metafex.io\/wp-content\/uploads\/2026\/01\/SE-ONSIL-spagyrische-Peka-Tropfen-von-Pekana-PZN-04970304.webp\",\"width\":600,\"height\":600,\"caption\":\"SE-ONSIL gocce spagiriche Peka\"},{\"@type\":\"BreadcrumbList\",\"@id\":\"https:\/\/loewentestneu.metafex.io\/it\/prodotto\/se-onsil-spagyric-peka-drops-100ml#breadcrumb\",\"itemListElement\":[{\"@type\":\"ListItem\",\"position\":1,\"name\":\"Home\",\"item\":\"https:\/\/loewentestneu.metafex.io\/it\/homepage-lion-pharmacy\"},{\"@type\":\"ListItem\",\"position\":2,\"name\":\"Shop\",\"item\":\"https:\/\/loewentestneu.metafex.io\/it\/negozio\"},{\"@type\":\"ListItem\",\"position\":3,\"name\":\"SE-ONSIL gocce spagiriche Peka (100ml)\"}]},{\"@type\":\"WebSite\",\"@id\":\"https:\/\/loewentestneu.metafex.io\/it#website\",\"url\":\"https:\/\/loewentestneu.metafex.io\/it\",\"name\":\"Lions Pharmacy\",\"description\":\"Farmacia specializzata in naturopatia di Baden-Baden, Germania\",\"publisher\":{\"@id\":\"https:\/\/loewentestneu.metafex.io\/it#organization\"},\"alternateName\":\"Lion Pharmacy\",\"potentialAction\":[{\"@type\":\"SearchAction\",\"target\":{\"@type\":\"EntryPoint\",\"urlTemplate\":\"https:\/\/loewentestneu.metafex.io\/it?s={search_term_string}\"},\"query-input\":{\"@type\":\"PropertyValueSpecification\",\"valueRequired\":true,\"valueName\":\"search_term_string\"}}],\"inLanguage\":\"it-IT\"},{\"@type\":\"Organization\",\"@id\":\"https:\/\/loewentestneu.metafex.io\/it#organization\",\"name\":\"Lions Pharmacy\",\"alternateName\":\"Lions Pharmacy24\",\"url\":\"https:\/\/loewentestneu.metafex.io\/it\",\"logo\":{\"@type\":\"ImageObject\",\"inLanguage\":\"it-IT\",\"@id\":\"https:\/\/loewentestneu.metafex.io\/it#\/schema\/logo\/image\/\",\"url\":\"https:\/\/loewentestneu.metafex.io\/wp-content\/uploads\/2022\/12\/Logo-Lion-Pharmacy-c-o-Loewen-Apotheke-smal.jpg\",\"contentUrl\":\"https:\/\/loewentestneu.metafex.io\/wp-content\/uploads\/2022\/12\/Logo-Lion-Pharmacy-c-o-Loewen-Apotheke-smal.jpg\",\"width\":298,\"height\":99,\"caption\":\"Lions Pharmacy\"},\"image\":{\"@id\":\"https:\/\/loewentestneu.metafex.io\/it#\/schema\/logo\/image\/\"}}]}<\/script>\n<!-- \/ Yoast SEO plugin. -->","yoast_head_json":{"title":"SE-ONSIL gocce spagiriche Peka (100ml) &#187; su Lion Pharmacy","description":"Farmacia online tedesca registrata. Spedizione internazionale veloce e acquisti sicuri online. Farmaci Pekana: SE-ONSIL gocce spagiriche Peka (100ml) > ordina qui","robots":{"index":"noindex","follow":"follow","max-snippet":"max-snippet:-1","max-image-preview":"max-image-preview:large","max-video-preview":"max-video-preview:-1"},"og_locale":"it_IT","og_type":"article","og_title":"SE-ONSIL gocce spagiriche Peka (100ml) &#187; su Lion Pharmacy","og_description":"Farmacia online tedesca registrata. Spedizione internazionale veloce e acquisti sicuri online. Farmaci Pekana: SE-ONSIL gocce spagiriche Peka (100ml) > ordina qui","og_url":"https:\/\/loewentestneu.metafex.io\/it\/prodotto\/se-onsil-spagyric-peka-drops-100ml","og_site_name":"Lion Pharmacy","article_modified_time":"2026-01-17T08:36:35+00:00","og_image":[{"width":600,"height":600,"url":"https:\/\/loewentestneu.metafex.io\/wp-content\/uploads\/2026\/01\/SE-ONSIL-spagyrische-Peka-Tropfen-von-Pekana-PZN-04970304.webp","type":"image\/webp"}],"twitter_card":"summary_large_image","twitter_misc":{"Tempo di lettura stimato":"1 minuto"},"schema":{"@context":"https:\/\/schema.org","@graph":[{"@type":"WebPage","@id":"https:\/\/loewentestneu.metafex.io\/it\/prodotto\/se-onsil-spagyric-peka-drops-100ml","url":"https:\/\/loewentestneu.metafex.io\/it\/prodotto\/se-onsil-spagyric-peka-drops-100ml","name":"SE-ONSIL gocce spagiriche Peka (100ml) &#187; su Lion Pharmacy","isPartOf":{"@id":"https:\/\/loewentestneu.metafex.io\/it#website"},"primaryImageOfPage":{"@id":"https:\/\/loewentestneu.metafex.io\/it\/prodotto\/se-onsil-spagyric-peka-drops-100ml#primaryimage"},"image":{"@id":"https:\/\/loewentestneu.metafex.io\/it\/prodotto\/se-onsil-spagyric-peka-drops-100ml#primaryimage"},"thumbnailUrl":"https:\/\/loewentestneu.metafex.io\/wp-content\/uploads\/2026\/01\/SE-ONSIL-spagyrische-Peka-Tropfen-von-Pekana-PZN-04970304.webp","datePublished":"2026-01-17T08:00:40+00:00","dateModified":"2026-01-17T08:36:35+00:00","description":"Farmacia online tedesca registrata. Spedizione internazionale veloce e acquisti sicuri online. Farmaci Pekana: SE-ONSIL gocce spagiriche Peka (100ml) > ordina qui","breadcrumb":{"@id":"https:\/\/loewentestneu.metafex.io\/it\/prodotto\/se-onsil-spagyric-peka-drops-100ml#breadcrumb"},"inLanguage":"it-IT","potentialAction":[{"@type":"ReadAction","target":["https:\/\/loewentestneu.metafex.io\/it\/prodotto\/se-onsil-spagyric-peka-drops-100ml"]}]},{"@type":"ImageObject","inLanguage":"it-IT","@id":"https:\/\/loewentestneu.metafex.io\/it\/prodotto\/se-onsil-spagyric-peka-drops-100ml#primaryimage","url":"https:\/\/loewentestneu.metafex.io\/wp-content\/uploads\/2026\/01\/SE-ONSIL-spagyrische-Peka-Tropfen-von-Pekana-PZN-04970304.webp","contentUrl":"https:\/\/loewentestneu.metafex.io\/wp-content\/uploads\/2026\/01\/SE-ONSIL-spagyrische-Peka-Tropfen-von-Pekana-PZN-04970304.webp","width":600,"height":600,"caption":"SE-ONSIL gocce spagiriche Peka"},{"@type":"BreadcrumbList","@id":"https:\/\/loewentestneu.metafex.io\/it\/prodotto\/se-onsil-spagyric-peka-drops-100ml#breadcrumb","itemListElement":[{"@type":"ListItem","position":1,"name":"Home","item":"https:\/\/loewentestneu.metafex.io\/it\/homepage-lion-pharmacy"},{"@type":"ListItem","position":2,"name":"Shop","item":"https:\/\/loewentestneu.metafex.io\/it\/negozio"},{"@type":"ListItem","position":3,"name":"SE-ONSIL gocce spagiriche Peka (100ml)"}]},{"@type":"WebSite","@id":"https:\/\/loewentestneu.metafex.io\/it#website","url":"https:\/\/loewentestneu.metafex.io\/it","name":"Lions Pharmacy","description":"Farmacia specializzata in naturopatia di Baden-Baden, Germania","publisher":{"@id":"https:\/\/loewentestneu.metafex.io\/it#organization"},"alternateName":"Lion Pharmacy","potentialAction":[{"@type":"SearchAction","target":{"@type":"EntryPoint","urlTemplate":"https:\/\/loewentestneu.metafex.io\/it?s={search_term_string}"},"query-input":{"@type":"PropertyValueSpecification","valueRequired":true,"valueName":"search_term_string"}}],"inLanguage":"it-IT"},{"@type":"Organization","@id":"https:\/\/loewentestneu.metafex.io\/it#organization","name":"Lions Pharmacy","alternateName":"Lions Pharmacy24","url":"https:\/\/loewentestneu.metafex.io\/it","logo":{"@type":"ImageObject","inLanguage":"it-IT","@id":"https:\/\/loewentestneu.metafex.io\/it#\/schema\/logo\/image\/","url":"https:\/\/loewentestneu.metafex.io\/wp-content\/uploads\/2022\/12\/Logo-Lion-Pharmacy-c-o-Loewen-Apotheke-smal.jpg","contentUrl":"https:\/\/loewentestneu.metafex.io\/wp-content\/uploads\/2022\/12\/Logo-Lion-Pharmacy-c-o-Loewen-Apotheke-smal.jpg","width":298,"height":99,"caption":"Lions Pharmacy"},"image":{"@id":"https:\/\/loewentestneu.metafex.io\/it#\/schema\/logo\/image\/"}}]}},"_links":{"self":[{"href":"https:\/\/loewentestneu.metafex.io\/it\/wp-json\/wp\/v2\/product\/19481","targetHints":{"allow":["GET"]}}],"collection":[{"href":"https:\/\/loewentestneu.metafex.io\/it\/wp-json\/wp\/v2\/product"}],"about":[{"href":"https:\/\/loewentestneu.metafex.io\/it\/wp-json\/wp\/v2\/types\/product"}],"replies":[{"embeddable":true,"href":"https:\/\/loewentestneu.metafex.io\/it\/wp-json\/wp\/v2\/comments?post=19481"}],"wp:featuredmedia":[{"embeddable":true,"href":"https:\/\/loewentestneu.metafex.io\/it\/wp-json\/wp\/v2\/media\/19489"}],"wp:attachment":[{"href":"https:\/\/loewentestneu.metafex.io\/it\/wp-json\/wp\/v2\/media?parent=19481"}],"wp:term":[{"taxonomy":"product_brand","embeddable":true,"href":"https:\/\/loewentestneu.metafex.io\/it\/wp-json\/wp\/v2\/product_brand?post=19481"},{"taxonomy":"product_cat","embeddable":true,"href":"https:\/\/loewentestneu.metafex.io\/it\/wp-json\/wp\/v2\/product_cat?post=19481"},{"taxonomy":"product_tag","embeddable":true,"href":"https:\/\/loewentestneu.metafex.io\/it\/wp-json\/wp\/v2\/product_tag?post=19481"}],"curies":[{"name":"wp","href":"https:\/\/api.w.org\/{rel}","templated":true}]}}