{"id":19509,"date":"2026-01-18T09:08:33","date_gmt":"2026-01-18T08:08:33","guid":{"rendered":"https:\/\/lions-pharmacy.com\/?post_type=product&#038;p=19509"},"modified":"2026-01-18T09:31:53","modified_gmt":"2026-01-18T08:31:53","slug":"neyhair-vital-hair-tonic-200-ml-14227612","status":"publish","type":"product","link":"https:\/\/loewentestneu.metafex.io\/it\/prodotto\/neyhair-vital-hair-tonic-200-ml-14227612","title":{"rendered":"NeyHair Tonico vitale per capelli (200 ml)"},"content":{"rendered":"<h3>NeyHair Tonico vitale per capelli<\/h3>\n<p>Come prodotto per la cura del cuoio capelluto e dei capelli, NeyHair Vital Hair Tonic favorisce la salute del cuoio capelluto, rafforza i capelli e ne migliora la struttura.<br \/>\nUna cura speciale per una crescita forte e una maggiore densit\u00e0 dei capelli. La perdita di capelli, la stempiatura e il diradamento dei capelli rappresentano spesso un notevole carico emotivo. Ne soffrono sia le donne che gli uomini. Le cause sono varie: stress fisico e psicologico, cambiamenti ormonali come la menopausa, predisposizione ereditaria, stile di vita non sano o sostanze chimiche contenute nei prodotti per lo styling dei capelli. Tutti questi fattori, e altri ancora, possono alterare la funzionalit\u00e0 del cuoio capelluto e il ciclo di crescita dei capelli. Il risultato \u00e8 una maggiore perdita di capelli.<\/p>\n<p>Gli integratori alimentari non sostituiscono una dieta equilibrata e varia e uno stile di vita sano. La dose giornaliera raccomandata non deve essere superata. Conserva il prodotto fuori dalla portata dei bambini.<\/p>\n<p>Altri prodotti per l&#8217;applicazione: <a href=\"https:\/\/loewentestneu.metafex.io\/produkt-kategorie\/vitorgan\">vitOrgan<\/a> | <a href=\"https:\/\/loewentestneu.metafex.io\/it\/tag-prodotto\/vitamine-e-integratori\">Vitamine e integratori Prodotti<\/a><br \/>\nPer saperne di pi\u00f9 sul produttore e su questo prodotto: <a href=\"https:\/\/vitorgan.de\/en\/products\/\" target=\"_blank\" rel=\"noopener\">vitOrgan<\/a> (link a sito esterno)<\/p>\n<p>Le informazioni contenute in questo sito web sono fornite solo a scopo informativo. Non sostituiscono in alcun modo la visita e il trattamento da parte di un medico. Ci\u00f2 significa che non \u00e8 possibile n\u00e9 fare diagnosi n\u00e9 iniziare terapie.<\/p>\n<p>Per i rischi e gli effetti collaterali, leggere il foglietto illustrativo e chiedere al medico o al farmacista.<\/p>\n<p><strong>Domande sul prodotto? Siamo qui per te!<\/strong><\/p>\n<p>La nostra farmacista responsabile, la Dott.ssa Sandra Hoff, e il suo team saranno lieti di consigliarti personalmente &#8211; per telefono o via e-mail. In qualit\u00e0 di vera e propria farmacia locale e di farmacia autorizzata per la vendita per corrispondenza, ti offriamo un&#8217;assistenza competente, soprattutto per quanto riguarda la <a href=\"https:\/\/loewentestneu.metafex.io\/it\/tag-prodotto\/rimedi-naturali\">naturopatia<\/a> e gli <a href=\"https:\/\/loewentestneu.metafex.io\/it\/tag-prodotto\/vitamine-e-integratori\">integratori alimentari<\/a>, in particolare i farmaci di <a href=\"https:\/\/loewentestneu.metafex.io\/it\/product-brand\/vitorgan-it\">vitOrgan<\/a> e <a href=\"https:\/\/loewentestneu.metafex.io\/it\/product-category\/labo-life-it\">Labo Life<\/a>.<br \/>\nPuoi trovare la nostra autorizzazione come voce nel <a href=\"https:\/\/versandhandel.dimdi.de\/websearch\/servlet\/Gate;jsessionid=0D29D15655BE1174E9178A340E8FE6BC?accessid=dimdi_var&amp;term=3c387956690121ccc8763184f052b93f\" target=\"_blank\" rel=\"noopener\">registro delle vendite per corrispondenza<\/a>.<\/p>\n","protected":false},"excerpt":{"rendered":"<h2>NeyHair Tonico vitale per capelli<\/h2>\n<p>favorisce la salute del cuoio capelluto, rafforza i capelli e ne migliora la struttura.<\/p>\n<p>&nbsp;<\/p>\n<p>PZN: 14227612 (numero centrale della farmacia)<\/p>\n<p>Forma di dosaggio: acqua tonica<\/p>\n<p>Tipo di prescrizione: senza prescrizione<\/p>\n<p>Marchio: Regena Ney<\/p>\n<p>Costruttore: vitOrgan GmbH &amp; Co.KG, Ostfildern, Germania<\/p>\n<p>Confezione: 200 ml<\/p>\n","protected":false},"featured_media":19514,"comment_status":"closed","ping_status":"closed","template":"","meta":[],"product_brand":[],"product_cat":[115,130],"product_tag":[270,898,515,254,231,307,482,268],"class_list":{"0":"post-19509","1":"product","2":"type-product","3":"status-publish","4":"has-post-thumbnail","6":"product_cat-non-categorizzato","7":"product_cat-vitorgan-it","8":"product_tag-benessere","9":"product_tag-capelli","10":"product_tag-corona-e-difese-immunitarie","11":"product_tag-coronavirus-it","12":"product_tag-neydil-it","13":"product_tag-omeopatia","14":"product_tag-principio-attivo-a-base-di-erbe","15":"product_tag-vitamine-e-integratori","16":"ts_product_brand-all-it","17":"ts_product_brand-vitorgan-it","19":"first","20":"instock","21":"sale","22":"taxable","23":"shipping-taxable","24":"purchasable","25":"product-type-simple"},"yoast_head":"<!-- This site is optimized with the Yoast SEO plugin v26.5 - https:\/\/yoast.com\/wordpress\/plugins\/seo\/ -->\n<title>NeyHair Tonico vitale per capelli (200 ml) &#187;<\/title>\n<meta name=\"description\" content=\"Farmacia online tedesca registrata | Spedizione internazionale veloce | Prodotto realizzato da vitOrgan: NeyHair Tonico vitale per capelli (200 ml)\" \/>\n<meta name=\"robots\" content=\"noindex, follow, max-snippet:-1, max-image-preview:large, max-video-preview:-1\" \/>\n<meta property=\"og:locale\" content=\"it_IT\" \/>\n<meta property=\"og:type\" content=\"article\" \/>\n<meta property=\"og:title\" content=\"NeyHair Tonico vitale per capelli (200 ml) &#187;\" \/>\n<meta property=\"og:description\" content=\"Farmacia online tedesca registrata | Spedizione internazionale veloce | Prodotto realizzato da vitOrgan: NeyHair Tonico vitale per capelli (200 ml)\" \/>\n<meta property=\"og:url\" content=\"https:\/\/loewentestneu.metafex.io\/it\/prodotto\/neyhair-vital-hair-tonic-200-ml-14227612\" \/>\n<meta property=\"og:site_name\" content=\"Lion Pharmacy\" \/>\n<meta property=\"article:modified_time\" content=\"2026-01-18T08:31:53+00:00\" \/>\n<meta property=\"og:image\" content=\"https:\/\/loewentestneu.metafex.io\/wp-content\/uploads\/2026\/01\/NeyHair-Vital-Tonic-Water-from-vitorgan.webp\" \/>\n\t<meta property=\"og:image:width\" content=\"600\" \/>\n\t<meta property=\"og:image:height\" content=\"600\" \/>\n\t<meta property=\"og:image:type\" content=\"image\/webp\" \/>\n<meta name=\"twitter:card\" content=\"summary_large_image\" \/>\n<meta name=\"twitter:label1\" content=\"Tempo di lettura stimato\" \/>\n\t<meta name=\"twitter:data1\" content=\"2 minuti\" \/>\n<script type=\"application\/ld+json\" class=\"yoast-schema-graph\">{\"@context\":\"https:\/\/schema.org\",\"@graph\":[{\"@type\":\"WebPage\",\"@id\":\"https:\/\/loewentestneu.metafex.io\/it\/prodotto\/neyhair-vital-hair-tonic-200-ml-14227612\",\"url\":\"https:\/\/loewentestneu.metafex.io\/it\/prodotto\/neyhair-vital-hair-tonic-200-ml-14227612\",\"name\":\"NeyHair Tonico vitale per capelli (200 ml) &#187;\",\"isPartOf\":{\"@id\":\"https:\/\/loewentestneu.metafex.io\/it#website\"},\"primaryImageOfPage\":{\"@id\":\"https:\/\/loewentestneu.metafex.io\/it\/prodotto\/neyhair-vital-hair-tonic-200-ml-14227612#primaryimage\"},\"image\":{\"@id\":\"https:\/\/loewentestneu.metafex.io\/it\/prodotto\/neyhair-vital-hair-tonic-200-ml-14227612#primaryimage\"},\"thumbnailUrl\":\"https:\/\/loewentestneu.metafex.io\/wp-content\/uploads\/2026\/01\/NeyHair-Vital-Tonic-Water-from-vitorgan.webp\",\"datePublished\":\"2026-01-18T08:08:33+00:00\",\"dateModified\":\"2026-01-18T08:31:53+00:00\",\"description\":\"Farmacia online tedesca registrata | Spedizione internazionale veloce | Prodotto realizzato da vitOrgan: NeyHair Tonico vitale per capelli (200 ml)\",\"breadcrumb\":{\"@id\":\"https:\/\/loewentestneu.metafex.io\/it\/prodotto\/neyhair-vital-hair-tonic-200-ml-14227612#breadcrumb\"},\"inLanguage\":\"it-IT\",\"potentialAction\":[{\"@type\":\"ReadAction\",\"target\":[\"https:\/\/loewentestneu.metafex.io\/it\/prodotto\/neyhair-vital-hair-tonic-200-ml-14227612\"]}]},{\"@type\":\"ImageObject\",\"inLanguage\":\"it-IT\",\"@id\":\"https:\/\/loewentestneu.metafex.io\/it\/prodotto\/neyhair-vital-hair-tonic-200-ml-14227612#primaryimage\",\"url\":\"https:\/\/loewentestneu.metafex.io\/wp-content\/uploads\/2026\/01\/NeyHair-Vital-Tonic-Water-from-vitorgan.webp\",\"contentUrl\":\"https:\/\/loewentestneu.metafex.io\/wp-content\/uploads\/2026\/01\/NeyHair-Vital-Tonic-Water-from-vitorgan.webp\",\"width\":600,\"height\":600,\"caption\":\"NeyHair Acqua tonica vitale da vitorgan\"},{\"@type\":\"BreadcrumbList\",\"@id\":\"https:\/\/loewentestneu.metafex.io\/it\/prodotto\/neyhair-vital-hair-tonic-200-ml-14227612#breadcrumb\",\"itemListElement\":[{\"@type\":\"ListItem\",\"position\":1,\"name\":\"Home\",\"item\":\"https:\/\/loewentestneu.metafex.io\/it\/homepage-lion-pharmacy\"},{\"@type\":\"ListItem\",\"position\":2,\"name\":\"Shop\",\"item\":\"https:\/\/loewentestneu.metafex.io\/it\/negozio\"},{\"@type\":\"ListItem\",\"position\":3,\"name\":\"NeyHair Tonico vitale per capelli (200 ml)\"}]},{\"@type\":\"WebSite\",\"@id\":\"https:\/\/loewentestneu.metafex.io\/it#website\",\"url\":\"https:\/\/loewentestneu.metafex.io\/it\",\"name\":\"Lions Pharmacy\",\"description\":\"Farmacia specializzata in naturopatia di Baden-Baden, Germania\",\"publisher\":{\"@id\":\"https:\/\/loewentestneu.metafex.io\/it#organization\"},\"alternateName\":\"Lion Pharmacy\",\"potentialAction\":[{\"@type\":\"SearchAction\",\"target\":{\"@type\":\"EntryPoint\",\"urlTemplate\":\"https:\/\/loewentestneu.metafex.io\/it?s={search_term_string}\"},\"query-input\":{\"@type\":\"PropertyValueSpecification\",\"valueRequired\":true,\"valueName\":\"search_term_string\"}}],\"inLanguage\":\"it-IT\"},{\"@type\":\"Organization\",\"@id\":\"https:\/\/loewentestneu.metafex.io\/it#organization\",\"name\":\"Lions Pharmacy\",\"alternateName\":\"Lions Pharmacy24\",\"url\":\"https:\/\/loewentestneu.metafex.io\/it\",\"logo\":{\"@type\":\"ImageObject\",\"inLanguage\":\"it-IT\",\"@id\":\"https:\/\/loewentestneu.metafex.io\/it#\/schema\/logo\/image\/\",\"url\":\"https:\/\/loewentestneu.metafex.io\/wp-content\/uploads\/2022\/12\/Logo-Lion-Pharmacy-c-o-Loewen-Apotheke-smal.jpg\",\"contentUrl\":\"https:\/\/loewentestneu.metafex.io\/wp-content\/uploads\/2022\/12\/Logo-Lion-Pharmacy-c-o-Loewen-Apotheke-smal.jpg\",\"width\":298,\"height\":99,\"caption\":\"Lions Pharmacy\"},\"image\":{\"@id\":\"https:\/\/loewentestneu.metafex.io\/it#\/schema\/logo\/image\/\"}}]}<\/script>\n<!-- \/ Yoast SEO plugin. -->","yoast_head_json":{"title":"NeyHair Tonico vitale per capelli (200 ml) &#187;","description":"Farmacia online tedesca registrata | Spedizione internazionale veloce | Prodotto realizzato da vitOrgan: NeyHair Tonico vitale per capelli (200 ml)","robots":{"index":"noindex","follow":"follow","max-snippet":"max-snippet:-1","max-image-preview":"max-image-preview:large","max-video-preview":"max-video-preview:-1"},"og_locale":"it_IT","og_type":"article","og_title":"NeyHair Tonico vitale per capelli (200 ml) &#187;","og_description":"Farmacia online tedesca registrata | Spedizione internazionale veloce | Prodotto realizzato da vitOrgan: NeyHair Tonico vitale per capelli (200 ml)","og_url":"https:\/\/loewentestneu.metafex.io\/it\/prodotto\/neyhair-vital-hair-tonic-200-ml-14227612","og_site_name":"Lion Pharmacy","article_modified_time":"2026-01-18T08:31:53+00:00","og_image":[{"width":600,"height":600,"url":"https:\/\/loewentestneu.metafex.io\/wp-content\/uploads\/2026\/01\/NeyHair-Vital-Tonic-Water-from-vitorgan.webp","type":"image\/webp"}],"twitter_card":"summary_large_image","twitter_misc":{"Tempo di lettura stimato":"2 minuti"},"schema":{"@context":"https:\/\/schema.org","@graph":[{"@type":"WebPage","@id":"https:\/\/loewentestneu.metafex.io\/it\/prodotto\/neyhair-vital-hair-tonic-200-ml-14227612","url":"https:\/\/loewentestneu.metafex.io\/it\/prodotto\/neyhair-vital-hair-tonic-200-ml-14227612","name":"NeyHair Tonico vitale per capelli (200 ml) &#187;","isPartOf":{"@id":"https:\/\/loewentestneu.metafex.io\/it#website"},"primaryImageOfPage":{"@id":"https:\/\/loewentestneu.metafex.io\/it\/prodotto\/neyhair-vital-hair-tonic-200-ml-14227612#primaryimage"},"image":{"@id":"https:\/\/loewentestneu.metafex.io\/it\/prodotto\/neyhair-vital-hair-tonic-200-ml-14227612#primaryimage"},"thumbnailUrl":"https:\/\/loewentestneu.metafex.io\/wp-content\/uploads\/2026\/01\/NeyHair-Vital-Tonic-Water-from-vitorgan.webp","datePublished":"2026-01-18T08:08:33+00:00","dateModified":"2026-01-18T08:31:53+00:00","description":"Farmacia online tedesca registrata | Spedizione internazionale veloce | Prodotto realizzato da vitOrgan: NeyHair Tonico vitale per capelli (200 ml)","breadcrumb":{"@id":"https:\/\/loewentestneu.metafex.io\/it\/prodotto\/neyhair-vital-hair-tonic-200-ml-14227612#breadcrumb"},"inLanguage":"it-IT","potentialAction":[{"@type":"ReadAction","target":["https:\/\/loewentestneu.metafex.io\/it\/prodotto\/neyhair-vital-hair-tonic-200-ml-14227612"]}]},{"@type":"ImageObject","inLanguage":"it-IT","@id":"https:\/\/loewentestneu.metafex.io\/it\/prodotto\/neyhair-vital-hair-tonic-200-ml-14227612#primaryimage","url":"https:\/\/loewentestneu.metafex.io\/wp-content\/uploads\/2026\/01\/NeyHair-Vital-Tonic-Water-from-vitorgan.webp","contentUrl":"https:\/\/loewentestneu.metafex.io\/wp-content\/uploads\/2026\/01\/NeyHair-Vital-Tonic-Water-from-vitorgan.webp","width":600,"height":600,"caption":"NeyHair Acqua tonica vitale da vitorgan"},{"@type":"BreadcrumbList","@id":"https:\/\/loewentestneu.metafex.io\/it\/prodotto\/neyhair-vital-hair-tonic-200-ml-14227612#breadcrumb","itemListElement":[{"@type":"ListItem","position":1,"name":"Home","item":"https:\/\/loewentestneu.metafex.io\/it\/homepage-lion-pharmacy"},{"@type":"ListItem","position":2,"name":"Shop","item":"https:\/\/loewentestneu.metafex.io\/it\/negozio"},{"@type":"ListItem","position":3,"name":"NeyHair Tonico vitale per capelli (200 ml)"}]},{"@type":"WebSite","@id":"https:\/\/loewentestneu.metafex.io\/it#website","url":"https:\/\/loewentestneu.metafex.io\/it","name":"Lions Pharmacy","description":"Farmacia specializzata in naturopatia di Baden-Baden, Germania","publisher":{"@id":"https:\/\/loewentestneu.metafex.io\/it#organization"},"alternateName":"Lion Pharmacy","potentialAction":[{"@type":"SearchAction","target":{"@type":"EntryPoint","urlTemplate":"https:\/\/loewentestneu.metafex.io\/it?s={search_term_string}"},"query-input":{"@type":"PropertyValueSpecification","valueRequired":true,"valueName":"search_term_string"}}],"inLanguage":"it-IT"},{"@type":"Organization","@id":"https:\/\/loewentestneu.metafex.io\/it#organization","name":"Lions Pharmacy","alternateName":"Lions Pharmacy24","url":"https:\/\/loewentestneu.metafex.io\/it","logo":{"@type":"ImageObject","inLanguage":"it-IT","@id":"https:\/\/loewentestneu.metafex.io\/it#\/schema\/logo\/image\/","url":"https:\/\/loewentestneu.metafex.io\/wp-content\/uploads\/2022\/12\/Logo-Lion-Pharmacy-c-o-Loewen-Apotheke-smal.jpg","contentUrl":"https:\/\/loewentestneu.metafex.io\/wp-content\/uploads\/2022\/12\/Logo-Lion-Pharmacy-c-o-Loewen-Apotheke-smal.jpg","width":298,"height":99,"caption":"Lions Pharmacy"},"image":{"@id":"https:\/\/loewentestneu.metafex.io\/it#\/schema\/logo\/image\/"}}]}},"_links":{"self":[{"href":"https:\/\/loewentestneu.metafex.io\/it\/wp-json\/wp\/v2\/product\/19509","targetHints":{"allow":["GET"]}}],"collection":[{"href":"https:\/\/loewentestneu.metafex.io\/it\/wp-json\/wp\/v2\/product"}],"about":[{"href":"https:\/\/loewentestneu.metafex.io\/it\/wp-json\/wp\/v2\/types\/product"}],"replies":[{"embeddable":true,"href":"https:\/\/loewentestneu.metafex.io\/it\/wp-json\/wp\/v2\/comments?post=19509"}],"wp:featuredmedia":[{"embeddable":true,"href":"https:\/\/loewentestneu.metafex.io\/it\/wp-json\/wp\/v2\/media\/19514"}],"wp:attachment":[{"href":"https:\/\/loewentestneu.metafex.io\/it\/wp-json\/wp\/v2\/media?parent=19509"}],"wp:term":[{"taxonomy":"product_brand","embeddable":true,"href":"https:\/\/loewentestneu.metafex.io\/it\/wp-json\/wp\/v2\/product_brand?post=19509"},{"taxonomy":"product_cat","embeddable":true,"href":"https:\/\/loewentestneu.metafex.io\/it\/wp-json\/wp\/v2\/product_cat?post=19509"},{"taxonomy":"product_tag","embeddable":true,"href":"https:\/\/loewentestneu.metafex.io\/it\/wp-json\/wp\/v2\/product_tag?post=19509"}],"curies":[{"name":"wp","href":"https:\/\/api.w.org\/{rel}","templated":true}]}}