{"id":19756,"date":"2026-01-24T09:04:12","date_gmt":"2026-01-24T08:04:12","guid":{"rendered":"https:\/\/lions-pharmacy.com\/?post_type=product&#038;p=19756"},"modified":"2026-01-24T10:39:57","modified_gmt":"2026-01-24T09:39:57","slug":"restaxil-liquid-30-ml-12895108","status":"publish","type":"product","link":"https:\/\/loewentestneu.metafex.io\/it\/prodotto\/restaxil-liquid-30-ml-12895108","title":{"rendered":"Restaxil liquido (30 ml)"},"content":{"rendered":"<h3>Restaxil liquido<\/h3>\n<p>Restaxil gocce liquide ben tollerate per la nevralgia, utili per il mal di schiena. Restaxil \u00e8 un farmaco approvato per il trattamento della nevralgia (dolore ai nervi). I tipi di dolore ai nervi possono essere, ad esempio, il mal di schiena irradiato, il dolore bruciante alle gambe e ai piedi o l&#8217;indolenzimento muscolare. Le gocce Restaxil\u00ae contengono uno speciale complesso di cinque principi attivi che sono stati formulati secondo il principio della somiglianza per colpire lo specifico dolore nervoso da trattare.<\/p>\n<p>Contiene: Gelsemium sempervirens, Spigelia anthelmia, Iris versicolor, Cyclamen europaeum, Cimicifuga racemosa<\/p>\n<p>Foglio illustrativo\/istruzioni per l&#8217;uso\/scheda tecnica articolo: &#8211; (lettore PDF)<br \/>\nAltri prodotti per l&#8217;applicazione: <a href=\"https:\/\/loewentestneu.metafex.io\/it\/tag-prodotto\/vitamine-e-integratori\" rel=\"tag\">Vitamine e integratori<\/a> | <a href=\"https:\/\/loewentestneu.metafex.io\/it\/tag-prodotto\/peso-e-forma-fisica\" rel=\"tag\">Peso e fitness<\/a><br \/>\nPer saperne di pi\u00f9 sul produttore e su questo prodotto: <a href=\"https:\/\/pharmasgp.com\/\" target=\"_blank\" rel=\"noopener\">PharmaSGP GmbH<\/a> (link a sito esterno)<\/p>\n<p>Le informazioni contenute in questo sito web sono fornite solo a scopo informativo. Non sostituiscono in alcun modo la visita e il trattamento da parte di un medico. Ci\u00f2 significa che non \u00e8 possibile n\u00e9 fare diagnosi n\u00e9 iniziare terapie.<\/p>\n<p>Per i rischi e gli effetti collaterali, leggere il foglio illustrativo e rivolgersi al medico o al farmacista.<\/p>\n<h3>Domande sul prodotto? Siamo qui per te!<\/h3>\n<p>La nostra farmacista responsabile, la Dott.ssa Sandra Hoff, e il suo team saranno lieti di consigliarti personalmente &#8211; per telefono o via e-mail. In qualit\u00e0 di vera e propria farmacia locale e di farmacia autorizzata per la vendita per corrispondenza, ti offriamo un supporto competente, soprattutto nei settori della <a href=\"https:\/\/loewentestneu.metafex.io\/it\/tag-prodotto\/rimedi-naturali\">naturopatia<\/a> e degli <a href=\"https:\/\/loewentestneu.metafex.io\/it\/tag-prodotto\/vitamine-e-integratori\">integratori alimentari<\/a>. Puoi trovare la nostra autorizzazione come voce nel <a href=\"https:\/\/versandhandel.dimdi.de\/websearch\/servlet\/Gate;jsessionid=0D29D15655BE1174E9178A340E8FE6BC?accessid=dimdi_var&amp;term=3c387956690121ccc8763184f052b93f\" target=\"_blank\" rel=\"noopener\">registro delle vendite per corrispondenza<\/a>.<\/p>\n<h3>Riscatta una prescrizione o una ricetta elettronica:<\/h3>\n<p>Hai una prescrizione o una ricetta elettronica? Invia la ricetta comodamente tramite la nostra app <a href=\"https:\/\/e-rezept-app.de\/shop-rezept\" target=\"_blank\" rel=\"noopener\">per le prescrizioni elettroniche<\/a>; \u00e8 anche possibile richiedere prescrizioni private per chi paga da solo. Veloce, sicuro e facile.<\/p>\n","protected":false},"excerpt":{"rendered":"<h2>Restaxil liquido<\/h2>\n<p>Gocce ben tollerate per la nevralgia, utili per il mal di schiena<\/p>\n<p>&nbsp;<\/p>\n<p>PZN: 12895108<\/p>\n<p>Forma di dosaggio: liquido<\/p>\n<p>Tipo di prescrizione: senza prescrizione<\/p>\n<p>Marchio:-<\/p>\n<p>Produttore: PharmaSGP GmbH, 82166 Gr\u00e4felfing, Germania<\/p>\n<p>Confezione: 30 ml<\/p>\n","protected":false},"featured_media":19763,"comment_status":"closed","ping_status":"closed","template":"","meta":[],"product_brand":[],"product_cat":[124,115],"product_tag":[270,271,482,268],"class_list":{"0":"post-19756","1":"product","2":"type-product","3":"status-publish","4":"has-post-thumbnail","6":"product_cat-sale-it","7":"product_cat-non-categorizzato","8":"product_tag-benessere","9":"product_tag-peso-e-forma-fisica","10":"product_tag-principio-attivo-a-base-di-erbe","11":"product_tag-vitamine-e-integratori","12":"ts_product_brand-all-it","14":"first","15":"instock","16":"taxable","17":"shipping-taxable","18":"purchasable","19":"product-type-simple"},"yoast_head":"<!-- This site is optimized with the Yoast SEO plugin v26.5 - https:\/\/yoast.com\/wordpress\/plugins\/seo\/ -->\n<title>&#187;% - ordina qui<\/title>\n<meta name=\"description\" content=\"Farmacia online tedesca registrata. Offriamo: Spedizione internazionale veloce. Supporti per tipi di dolore nervoso: Restaxil liquido (30 ml)%\" \/>\n<meta name=\"robots\" content=\"noindex, follow, max-snippet:-1, max-image-preview:large, max-video-preview:-1\" \/>\n<meta property=\"og:locale\" content=\"it_IT\" \/>\n<meta property=\"og:type\" content=\"article\" \/>\n<meta property=\"og:title\" content=\"&#187;% - ordina qui\" \/>\n<meta property=\"og:description\" content=\"Farmacia online tedesca registrata. Offriamo: Spedizione internazionale veloce. Supporti per tipi di dolore nervoso: Restaxil liquido (30 ml)%\" \/>\n<meta property=\"og:url\" content=\"https:\/\/loewentestneu.metafex.io\/it\/prodotto\/restaxil-liquid-30-ml-12895108\" \/>\n<meta property=\"og:site_name\" content=\"Lion Pharmacy\" \/>\n<meta property=\"article:modified_time\" content=\"2026-01-24T09:39:57+00:00\" \/>\n<meta property=\"og:image\" content=\"https:\/\/loewentestneu.metafex.io\/wp-content\/uploads\/2026\/01\/RESTAXIL-Flussig-Mischung-100ml-PZN-19491302.webp\" \/>\n\t<meta property=\"og:image:width\" content=\"600\" \/>\n\t<meta property=\"og:image:height\" content=\"600\" \/>\n\t<meta property=\"og:image:type\" content=\"image\/webp\" \/>\n<meta name=\"twitter:card\" content=\"summary_large_image\" \/>\n<meta name=\"twitter:label1\" content=\"Tempo di lettura stimato\" \/>\n\t<meta name=\"twitter:data1\" content=\"2 minuti\" \/>\n<script type=\"application\/ld+json\" class=\"yoast-schema-graph\">{\"@context\":\"https:\/\/schema.org\",\"@graph\":[{\"@type\":\"WebPage\",\"@id\":\"https:\/\/loewentestneu.metafex.io\/it\/prodotto\/restaxil-liquid-30-ml-12895108\",\"url\":\"https:\/\/loewentestneu.metafex.io\/it\/prodotto\/restaxil-liquid-30-ml-12895108\",\"name\":\"&#187;% - ordina qui\",\"isPartOf\":{\"@id\":\"https:\/\/loewentestneu.metafex.io\/it#website\"},\"primaryImageOfPage\":{\"@id\":\"https:\/\/loewentestneu.metafex.io\/it\/prodotto\/restaxil-liquid-30-ml-12895108#primaryimage\"},\"image\":{\"@id\":\"https:\/\/loewentestneu.metafex.io\/it\/prodotto\/restaxil-liquid-30-ml-12895108#primaryimage\"},\"thumbnailUrl\":\"https:\/\/loewentestneu.metafex.io\/wp-content\/uploads\/2026\/01\/RESTAXIL-Flussig-Mischung-100ml-PZN-19491302.webp\",\"datePublished\":\"2026-01-24T08:04:12+00:00\",\"dateModified\":\"2026-01-24T09:39:57+00:00\",\"description\":\"Farmacia online tedesca registrata. Offriamo: Spedizione internazionale veloce. Supporti per tipi di dolore nervoso: Restaxil liquido (30 ml)%\",\"breadcrumb\":{\"@id\":\"https:\/\/loewentestneu.metafex.io\/it\/prodotto\/restaxil-liquid-30-ml-12895108#breadcrumb\"},\"inLanguage\":\"it-IT\",\"potentialAction\":[{\"@type\":\"ReadAction\",\"target\":[\"https:\/\/loewentestneu.metafex.io\/it\/prodotto\/restaxil-liquid-30-ml-12895108\"]}]},{\"@type\":\"ImageObject\",\"inLanguage\":\"it-IT\",\"@id\":\"https:\/\/loewentestneu.metafex.io\/it\/prodotto\/restaxil-liquid-30-ml-12895108#primaryimage\",\"url\":\"https:\/\/loewentestneu.metafex.io\/wp-content\/uploads\/2026\/01\/RESTAXIL-Flussig-Mischung-100ml-PZN-19491302.webp\",\"contentUrl\":\"https:\/\/loewentestneu.metafex.io\/wp-content\/uploads\/2026\/01\/RESTAXIL-Flussig-Mischung-100ml-PZN-19491302.webp\",\"width\":600,\"height\":600,\"caption\":\"RESTAXIL Fl\u00fcssig Mischung 30ml\"},{\"@type\":\"BreadcrumbList\",\"@id\":\"https:\/\/loewentestneu.metafex.io\/it\/prodotto\/restaxil-liquid-30-ml-12895108#breadcrumb\",\"itemListElement\":[{\"@type\":\"ListItem\",\"position\":1,\"name\":\"Home\",\"item\":\"https:\/\/loewentestneu.metafex.io\/it\/homepage-lion-pharmacy\"},{\"@type\":\"ListItem\",\"position\":2,\"name\":\"Shop\",\"item\":\"https:\/\/loewentestneu.metafex.io\/it\/negozio\"},{\"@type\":\"ListItem\",\"position\":3,\"name\":\"Restaxil liquido (30 ml)\"}]},{\"@type\":\"WebSite\",\"@id\":\"https:\/\/loewentestneu.metafex.io\/it#website\",\"url\":\"https:\/\/loewentestneu.metafex.io\/it\",\"name\":\"Lions Pharmacy\",\"description\":\"Farmacia specializzata in naturopatia di Baden-Baden, Germania\",\"publisher\":{\"@id\":\"https:\/\/loewentestneu.metafex.io\/it#organization\"},\"alternateName\":\"Lion Pharmacy\",\"potentialAction\":[{\"@type\":\"SearchAction\",\"target\":{\"@type\":\"EntryPoint\",\"urlTemplate\":\"https:\/\/loewentestneu.metafex.io\/it?s={search_term_string}\"},\"query-input\":{\"@type\":\"PropertyValueSpecification\",\"valueRequired\":true,\"valueName\":\"search_term_string\"}}],\"inLanguage\":\"it-IT\"},{\"@type\":\"Organization\",\"@id\":\"https:\/\/loewentestneu.metafex.io\/it#organization\",\"name\":\"Lions Pharmacy\",\"alternateName\":\"Lions Pharmacy24\",\"url\":\"https:\/\/loewentestneu.metafex.io\/it\",\"logo\":{\"@type\":\"ImageObject\",\"inLanguage\":\"it-IT\",\"@id\":\"https:\/\/loewentestneu.metafex.io\/it#\/schema\/logo\/image\/\",\"url\":\"https:\/\/loewentestneu.metafex.io\/wp-content\/uploads\/2022\/12\/Logo-Lion-Pharmacy-c-o-Loewen-Apotheke-smal.jpg\",\"contentUrl\":\"https:\/\/loewentestneu.metafex.io\/wp-content\/uploads\/2022\/12\/Logo-Lion-Pharmacy-c-o-Loewen-Apotheke-smal.jpg\",\"width\":298,\"height\":99,\"caption\":\"Lions Pharmacy\"},\"image\":{\"@id\":\"https:\/\/loewentestneu.metafex.io\/it#\/schema\/logo\/image\/\"}}]}<\/script>\n<!-- \/ Yoast SEO plugin. -->","yoast_head_json":{"title":"&#187;% - ordina qui","description":"Farmacia online tedesca registrata. Offriamo: Spedizione internazionale veloce. Supporti per tipi di dolore nervoso: Restaxil liquido (30 ml)%","robots":{"index":"noindex","follow":"follow","max-snippet":"max-snippet:-1","max-image-preview":"max-image-preview:large","max-video-preview":"max-video-preview:-1"},"og_locale":"it_IT","og_type":"article","og_title":"&#187;% - ordina qui","og_description":"Farmacia online tedesca registrata. Offriamo: Spedizione internazionale veloce. Supporti per tipi di dolore nervoso: Restaxil liquido (30 ml)%","og_url":"https:\/\/loewentestneu.metafex.io\/it\/prodotto\/restaxil-liquid-30-ml-12895108","og_site_name":"Lion Pharmacy","article_modified_time":"2026-01-24T09:39:57+00:00","og_image":[{"width":600,"height":600,"url":"https:\/\/loewentestneu.metafex.io\/wp-content\/uploads\/2026\/01\/RESTAXIL-Flussig-Mischung-100ml-PZN-19491302.webp","type":"image\/webp"}],"twitter_card":"summary_large_image","twitter_misc":{"Tempo di lettura stimato":"2 minuti"},"schema":{"@context":"https:\/\/schema.org","@graph":[{"@type":"WebPage","@id":"https:\/\/loewentestneu.metafex.io\/it\/prodotto\/restaxil-liquid-30-ml-12895108","url":"https:\/\/loewentestneu.metafex.io\/it\/prodotto\/restaxil-liquid-30-ml-12895108","name":"&#187;% - ordina qui","isPartOf":{"@id":"https:\/\/loewentestneu.metafex.io\/it#website"},"primaryImageOfPage":{"@id":"https:\/\/loewentestneu.metafex.io\/it\/prodotto\/restaxil-liquid-30-ml-12895108#primaryimage"},"image":{"@id":"https:\/\/loewentestneu.metafex.io\/it\/prodotto\/restaxil-liquid-30-ml-12895108#primaryimage"},"thumbnailUrl":"https:\/\/loewentestneu.metafex.io\/wp-content\/uploads\/2026\/01\/RESTAXIL-Flussig-Mischung-100ml-PZN-19491302.webp","datePublished":"2026-01-24T08:04:12+00:00","dateModified":"2026-01-24T09:39:57+00:00","description":"Farmacia online tedesca registrata. Offriamo: Spedizione internazionale veloce. Supporti per tipi di dolore nervoso: Restaxil liquido (30 ml)%","breadcrumb":{"@id":"https:\/\/loewentestneu.metafex.io\/it\/prodotto\/restaxil-liquid-30-ml-12895108#breadcrumb"},"inLanguage":"it-IT","potentialAction":[{"@type":"ReadAction","target":["https:\/\/loewentestneu.metafex.io\/it\/prodotto\/restaxil-liquid-30-ml-12895108"]}]},{"@type":"ImageObject","inLanguage":"it-IT","@id":"https:\/\/loewentestneu.metafex.io\/it\/prodotto\/restaxil-liquid-30-ml-12895108#primaryimage","url":"https:\/\/loewentestneu.metafex.io\/wp-content\/uploads\/2026\/01\/RESTAXIL-Flussig-Mischung-100ml-PZN-19491302.webp","contentUrl":"https:\/\/loewentestneu.metafex.io\/wp-content\/uploads\/2026\/01\/RESTAXIL-Flussig-Mischung-100ml-PZN-19491302.webp","width":600,"height":600,"caption":"RESTAXIL Fl\u00fcssig Mischung 30ml"},{"@type":"BreadcrumbList","@id":"https:\/\/loewentestneu.metafex.io\/it\/prodotto\/restaxil-liquid-30-ml-12895108#breadcrumb","itemListElement":[{"@type":"ListItem","position":1,"name":"Home","item":"https:\/\/loewentestneu.metafex.io\/it\/homepage-lion-pharmacy"},{"@type":"ListItem","position":2,"name":"Shop","item":"https:\/\/loewentestneu.metafex.io\/it\/negozio"},{"@type":"ListItem","position":3,"name":"Restaxil liquido (30 ml)"}]},{"@type":"WebSite","@id":"https:\/\/loewentestneu.metafex.io\/it#website","url":"https:\/\/loewentestneu.metafex.io\/it","name":"Lions Pharmacy","description":"Farmacia specializzata in naturopatia di Baden-Baden, Germania","publisher":{"@id":"https:\/\/loewentestneu.metafex.io\/it#organization"},"alternateName":"Lion Pharmacy","potentialAction":[{"@type":"SearchAction","target":{"@type":"EntryPoint","urlTemplate":"https:\/\/loewentestneu.metafex.io\/it?s={search_term_string}"},"query-input":{"@type":"PropertyValueSpecification","valueRequired":true,"valueName":"search_term_string"}}],"inLanguage":"it-IT"},{"@type":"Organization","@id":"https:\/\/loewentestneu.metafex.io\/it#organization","name":"Lions Pharmacy","alternateName":"Lions Pharmacy24","url":"https:\/\/loewentestneu.metafex.io\/it","logo":{"@type":"ImageObject","inLanguage":"it-IT","@id":"https:\/\/loewentestneu.metafex.io\/it#\/schema\/logo\/image\/","url":"https:\/\/loewentestneu.metafex.io\/wp-content\/uploads\/2022\/12\/Logo-Lion-Pharmacy-c-o-Loewen-Apotheke-smal.jpg","contentUrl":"https:\/\/loewentestneu.metafex.io\/wp-content\/uploads\/2022\/12\/Logo-Lion-Pharmacy-c-o-Loewen-Apotheke-smal.jpg","width":298,"height":99,"caption":"Lions Pharmacy"},"image":{"@id":"https:\/\/loewentestneu.metafex.io\/it#\/schema\/logo\/image\/"}}]}},"_links":{"self":[{"href":"https:\/\/loewentestneu.metafex.io\/it\/wp-json\/wp\/v2\/product\/19756","targetHints":{"allow":["GET"]}}],"collection":[{"href":"https:\/\/loewentestneu.metafex.io\/it\/wp-json\/wp\/v2\/product"}],"about":[{"href":"https:\/\/loewentestneu.metafex.io\/it\/wp-json\/wp\/v2\/types\/product"}],"replies":[{"embeddable":true,"href":"https:\/\/loewentestneu.metafex.io\/it\/wp-json\/wp\/v2\/comments?post=19756"}],"wp:featuredmedia":[{"embeddable":true,"href":"https:\/\/loewentestneu.metafex.io\/it\/wp-json\/wp\/v2\/media\/19763"}],"wp:attachment":[{"href":"https:\/\/loewentestneu.metafex.io\/it\/wp-json\/wp\/v2\/media?parent=19756"}],"wp:term":[{"taxonomy":"product_brand","embeddable":true,"href":"https:\/\/loewentestneu.metafex.io\/it\/wp-json\/wp\/v2\/product_brand?post=19756"},{"taxonomy":"product_cat","embeddable":true,"href":"https:\/\/loewentestneu.metafex.io\/it\/wp-json\/wp\/v2\/product_cat?post=19756"},{"taxonomy":"product_tag","embeddable":true,"href":"https:\/\/loewentestneu.metafex.io\/it\/wp-json\/wp\/v2\/product_tag?post=19756"}],"curies":[{"name":"wp","href":"https:\/\/api.w.org\/{rel}","templated":true}]}}