{"id":19817,"date":"2026-01-26T09:56:01","date_gmt":"2026-01-26T08:56:01","guid":{"rendered":"https:\/\/lions-pharmacy.com\/?post_type=product&#038;p=19817"},"modified":"2026-02-01T14:45:10","modified_gmt":"2026-02-01T13:45:10","slug":"dna-genome-weight-saliva-test-sp","status":"publish","type":"product","link":"https:\/\/loewentestneu.metafex.io\/it\/prodotto\/dna-genome-weight-saliva-test-sp","title":{"rendered":"Test del peso del genoma del DNA sulla saliva (SP)"},"content":{"rendered":"<h3>Test del peso del genoma del DNA sulla saliva (SP)<\/h3>\n<p>DNA Genome Weight Saliva Test (SP) &#8211; Il sensore di peso analizza i geni rilevanti e mostra le tendenze di quali alimenti sono salutari per l&#8217;individuo o dovrebbero essere evitati. Inoltre, questa analisi genetica permette di determinare il fabbisogno individuale di micronutrienti della persona analizzata.<\/p>\n<h4>Come funziona?<\/h4>\n<ol>\n<li>Ordina il kit di test online qui, te lo invieremo<\/li>\n<li>Esegui il test autonomamente seguendo le istruzioni e invialo all&#8217;indirizzo del laboratorio. Tutto ci\u00f2 di cui hai bisogno \u00e8 contenuto nel kit di analisi.<\/li>\n<li>Prenota una consulenza individuale di 20 minuti per telemedicina con uno dei nostri esperti. Inviaci un&#8217;e-mail quando i risultati sono pronti.<\/li>\n<\/ol>\n<p>Per saperne di pi\u00f9 sul produttore e su questo prodotto: <a href=\"https:\/\/www.progenom.com\/genetik\/\" target=\"_blank\" rel=\"noopener\">Progenom GmbH<\/a> (link a sito esterno)<\/p>\n<p>Le informazioni contenute in questo sito web sono fornite solo a scopo informativo. Non sostituiscono in alcun modo la visita e il trattamento da parte di un medico. Ci\u00f2 significa che non \u00e8 possibile n\u00e9 fare diagnosi n\u00e9 iniziare terapie. Importazione singola &#8211; Importiamo questo medicinale per te. Questo comporta tempi di consegna pi\u00f9 lunghi. Sono escluse le restituzioni per le singole importazioni.<\/p>\n<p>Per i rischi e gli effetti collaterali, leggere il foglio illustrativo e rivolgersi al medico o al farmacista.<\/p>\n<p>&nbsp;<\/p>\n<h3>Domande sul prodotto? Siamo qui per te!<\/h3>\n<p>La nostra farmacista responsabile, la Dott.ssa Sandra Hoff, e il suo team saranno lieti di consigliarti personalmente &#8211; per telefono o via e-mail. In qualit\u00e0 di vera e propria farmacia locale e di farmacia autorizzata per la vendita per corrispondenza, ti offriamo un&#8217;assistenza competente, soprattutto per quanto riguarda la <a href=\"https:\/\/loewentestneu.metafex.io\/it\/tag-prodotto\/rimedi-naturali\">naturopatia<\/a> e gli <a href=\"https:\/\/loewentestneu.metafex.io\/it\/tag-prodotto\/vitamine-e-integratori\">integratori alimentari<\/a>, in particolare i farmaci di <a href=\"https:\/\/loewentestneu.metafex.io\/it\/product-brand\/vitorgan-it\">vitOrgan<\/a> e <a href=\"https:\/\/loewentestneu.metafex.io\/it\/product-category\/labo-life-it\">Labo Life<\/a>.<br \/>\nPuoi trovare la nostra autorizzazione come voce nel <a href=\"https:\/\/versandhandel.dimdi.de\/websearch\/servlet\/Gate;jsessionid=0D29D15655BE1174E9178A340E8FE6BC?accessid=dimdi_var&amp;term=3c387956690121ccc8763184f052b93f\" target=\"_blank\" rel=\"noopener\">registro delle vendite per corrispondenza<\/a>.<\/p>\n<h3>Riscatta una prescrizione o una ricetta elettronica:<\/h3>\n<p>Hai una prescrizione o una ricetta elettronica? Invia la ricetta comodamente tramite la nostra app <a href=\"https:\/\/e-rezept-app.de\/shop-rezept\" target=\"_blank\" rel=\"noopener\">per le prescrizioni elettroniche<\/a>; \u00e8 anche possibile richiedere prescrizioni private per chi paga da solo. Veloce, sicuro e facile.<\/p>\n","protected":false},"excerpt":{"rendered":"<h2>Test del peso del genoma del DNA sulla saliva (SP)<\/h2>\n<p>Il Sensore di Peso analizza i geni rilevanti e mostra la tendenza a scegliere i cibi pi\u00f9 salutari.<\/p>\n<p>&nbsp;<\/p>\n<p><strong>PZN<\/strong>: &#8211;<\/p>\n<p><strong>Forma di dosaggio<\/strong>: Il kit per il test della saliva include la stampa dei risultati. Libro.<\/p>\n<p><strong>Tipo di prescrizione: senza prescrizione<\/strong><\/p>\n<p><strong>Marchio<\/strong>: ProVitalDNA<\/p>\n<p><strong>Produttore<\/strong>: ProGenom, M\u00fcnster, Germania<\/p>\n","protected":false},"featured_media":19822,"comment_status":"closed","ping_status":"closed","template":"","meta":[],"product_brand":[],"product_cat":[115],"product_tag":[298,269,271,268],"class_list":{"0":"post-19817","1":"product","2":"type-product","3":"status-publish","4":"has-post-thumbnail","6":"product_cat-non-categorizzato","7":"product_tag-concentrazione-e-stress","8":"product_tag-gestione-del-peso","9":"product_tag-peso-e-forma-fisica","10":"product_tag-vitamine-e-integratori","11":"ts_product_brand-all-it","13":"first","14":"instock","15":"taxable","16":"shipping-taxable","17":"purchasable","18":"product-type-simple"},"yoast_head":"<!-- This site is optimized with the Yoast SEO plugin v26.5 - https:\/\/yoast.com\/wordpress\/plugins\/seo\/ -->\n<title>Test del peso del genoma del DNA sulla saliva (SP) &#187;<\/title>\n<meta name=\"description\" content=\"Integratore alimentare. Scopri di pi\u00f9 su Test del peso del genoma del DNA sulla saliva (SP). Ti offriamo: Spedizione veloce e acquisti sicuri online.\" \/>\n<meta name=\"robots\" content=\"noindex, follow, max-snippet:-1, max-image-preview:large, max-video-preview:-1\" \/>\n<meta property=\"og:locale\" content=\"it_IT\" \/>\n<meta property=\"og:type\" content=\"article\" \/>\n<meta property=\"og:title\" content=\"Test del peso del genoma del DNA sulla saliva (SP) &#187;\" \/>\n<meta property=\"og:description\" content=\"Integratore alimentare. Scopri di pi\u00f9 su Test del peso del genoma del DNA sulla saliva (SP). Ti offriamo: Spedizione veloce e acquisti sicuri online.\" \/>\n<meta property=\"og:url\" content=\"https:\/\/loewentestneu.metafex.io\/it\/prodotto\/dna-genome-weight-saliva-test-sp\" \/>\n<meta property=\"og:site_name\" content=\"Lion Pharmacy\" \/>\n<meta property=\"article:modified_time\" content=\"2026-02-01T13:45:10+00:00\" \/>\n<meta property=\"og:image\" content=\"https:\/\/loewentestneu.metafex.io\/wp-content\/uploads\/2026\/01\/DNA-Genome-Weight-Saliva-Test-SP-Lions-Pharmacy.webp\" \/>\n\t<meta property=\"og:image:width\" content=\"600\" \/>\n\t<meta property=\"og:image:height\" content=\"600\" \/>\n\t<meta property=\"og:image:type\" content=\"image\/webp\" \/>\n<meta name=\"twitter:card\" content=\"summary_large_image\" \/>\n<meta name=\"twitter:label1\" content=\"Tempo di lettura stimato\" \/>\n\t<meta name=\"twitter:data1\" content=\"2 minuti\" \/>\n<script type=\"application\/ld+json\" class=\"yoast-schema-graph\">{\"@context\":\"https:\/\/schema.org\",\"@graph\":[{\"@type\":\"WebPage\",\"@id\":\"https:\/\/loewentestneu.metafex.io\/it\/prodotto\/dna-genome-weight-saliva-test-sp\",\"url\":\"https:\/\/loewentestneu.metafex.io\/it\/prodotto\/dna-genome-weight-saliva-test-sp\",\"name\":\"Test del peso del genoma del DNA sulla saliva (SP) &#187;\",\"isPartOf\":{\"@id\":\"https:\/\/loewentestneu.metafex.io\/it#website\"},\"primaryImageOfPage\":{\"@id\":\"https:\/\/loewentestneu.metafex.io\/it\/prodotto\/dna-genome-weight-saliva-test-sp#primaryimage\"},\"image\":{\"@id\":\"https:\/\/loewentestneu.metafex.io\/it\/prodotto\/dna-genome-weight-saliva-test-sp#primaryimage\"},\"thumbnailUrl\":\"https:\/\/loewentestneu.metafex.io\/wp-content\/uploads\/2026\/01\/DNA-Genome-Weight-Saliva-Test-SP-Lions-Pharmacy.webp\",\"datePublished\":\"2026-01-26T08:56:01+00:00\",\"dateModified\":\"2026-02-01T13:45:10+00:00\",\"description\":\"Integratore alimentare. Scopri di pi\u00f9 su Test del peso del genoma del DNA sulla saliva (SP). Ti offriamo: Spedizione veloce e acquisti sicuri online.\",\"breadcrumb\":{\"@id\":\"https:\/\/loewentestneu.metafex.io\/it\/prodotto\/dna-genome-weight-saliva-test-sp#breadcrumb\"},\"inLanguage\":\"it-IT\",\"potentialAction\":[{\"@type\":\"ReadAction\",\"target\":[\"https:\/\/loewentestneu.metafex.io\/it\/prodotto\/dna-genome-weight-saliva-test-sp\"]}]},{\"@type\":\"ImageObject\",\"inLanguage\":\"it-IT\",\"@id\":\"https:\/\/loewentestneu.metafex.io\/it\/prodotto\/dna-genome-weight-saliva-test-sp#primaryimage\",\"url\":\"https:\/\/loewentestneu.metafex.io\/wp-content\/uploads\/2026\/01\/DNA-Genome-Weight-Saliva-Test-SP-Lions-Pharmacy.webp\",\"contentUrl\":\"https:\/\/loewentestneu.metafex.io\/wp-content\/uploads\/2026\/01\/DNA-Genome-Weight-Saliva-Test-SP-Lions-Pharmacy.webp\",\"width\":600,\"height\":600,\"caption\":\"Test della saliva sul peso del genoma del DNA (SP) - Lions-Farmacia\"},{\"@type\":\"BreadcrumbList\",\"@id\":\"https:\/\/loewentestneu.metafex.io\/it\/prodotto\/dna-genome-weight-saliva-test-sp#breadcrumb\",\"itemListElement\":[{\"@type\":\"ListItem\",\"position\":1,\"name\":\"Home\",\"item\":\"https:\/\/loewentestneu.metafex.io\/it\/homepage-lion-pharmacy\"},{\"@type\":\"ListItem\",\"position\":2,\"name\":\"Shop\",\"item\":\"https:\/\/loewentestneu.metafex.io\/it\/negozio\"},{\"@type\":\"ListItem\",\"position\":3,\"name\":\"Test del peso del genoma del DNA sulla saliva (SP)\"}]},{\"@type\":\"WebSite\",\"@id\":\"https:\/\/loewentestneu.metafex.io\/it#website\",\"url\":\"https:\/\/loewentestneu.metafex.io\/it\",\"name\":\"Lions Pharmacy\",\"description\":\"Farmacia specializzata in naturopatia di Baden-Baden, Germania\",\"publisher\":{\"@id\":\"https:\/\/loewentestneu.metafex.io\/it#organization\"},\"alternateName\":\"Lion Pharmacy\",\"potentialAction\":[{\"@type\":\"SearchAction\",\"target\":{\"@type\":\"EntryPoint\",\"urlTemplate\":\"https:\/\/loewentestneu.metafex.io\/it?s={search_term_string}\"},\"query-input\":{\"@type\":\"PropertyValueSpecification\",\"valueRequired\":true,\"valueName\":\"search_term_string\"}}],\"inLanguage\":\"it-IT\"},{\"@type\":\"Organization\",\"@id\":\"https:\/\/loewentestneu.metafex.io\/it#organization\",\"name\":\"Lions Pharmacy\",\"alternateName\":\"Lions Pharmacy24\",\"url\":\"https:\/\/loewentestneu.metafex.io\/it\",\"logo\":{\"@type\":\"ImageObject\",\"inLanguage\":\"it-IT\",\"@id\":\"https:\/\/loewentestneu.metafex.io\/it#\/schema\/logo\/image\/\",\"url\":\"https:\/\/loewentestneu.metafex.io\/wp-content\/uploads\/2022\/12\/Logo-Lion-Pharmacy-c-o-Loewen-Apotheke-smal.jpg\",\"contentUrl\":\"https:\/\/loewentestneu.metafex.io\/wp-content\/uploads\/2022\/12\/Logo-Lion-Pharmacy-c-o-Loewen-Apotheke-smal.jpg\",\"width\":298,\"height\":99,\"caption\":\"Lions Pharmacy\"},\"image\":{\"@id\":\"https:\/\/loewentestneu.metafex.io\/it#\/schema\/logo\/image\/\"}}]}<\/script>\n<!-- \/ Yoast SEO plugin. -->","yoast_head_json":{"title":"Test del peso del genoma del DNA sulla saliva (SP) &#187;","description":"Integratore alimentare. Scopri di pi\u00f9 su Test del peso del genoma del DNA sulla saliva (SP). Ti offriamo: Spedizione veloce e acquisti sicuri online.","robots":{"index":"noindex","follow":"follow","max-snippet":"max-snippet:-1","max-image-preview":"max-image-preview:large","max-video-preview":"max-video-preview:-1"},"og_locale":"it_IT","og_type":"article","og_title":"Test del peso del genoma del DNA sulla saliva (SP) &#187;","og_description":"Integratore alimentare. Scopri di pi\u00f9 su Test del peso del genoma del DNA sulla saliva (SP). Ti offriamo: Spedizione veloce e acquisti sicuri online.","og_url":"https:\/\/loewentestneu.metafex.io\/it\/prodotto\/dna-genome-weight-saliva-test-sp","og_site_name":"Lion Pharmacy","article_modified_time":"2026-02-01T13:45:10+00:00","og_image":[{"width":600,"height":600,"url":"https:\/\/loewentestneu.metafex.io\/wp-content\/uploads\/2026\/01\/DNA-Genome-Weight-Saliva-Test-SP-Lions-Pharmacy.webp","type":"image\/webp"}],"twitter_card":"summary_large_image","twitter_misc":{"Tempo di lettura stimato":"2 minuti"},"schema":{"@context":"https:\/\/schema.org","@graph":[{"@type":"WebPage","@id":"https:\/\/loewentestneu.metafex.io\/it\/prodotto\/dna-genome-weight-saliva-test-sp","url":"https:\/\/loewentestneu.metafex.io\/it\/prodotto\/dna-genome-weight-saliva-test-sp","name":"Test del peso del genoma del DNA sulla saliva (SP) &#187;","isPartOf":{"@id":"https:\/\/loewentestneu.metafex.io\/it#website"},"primaryImageOfPage":{"@id":"https:\/\/loewentestneu.metafex.io\/it\/prodotto\/dna-genome-weight-saliva-test-sp#primaryimage"},"image":{"@id":"https:\/\/loewentestneu.metafex.io\/it\/prodotto\/dna-genome-weight-saliva-test-sp#primaryimage"},"thumbnailUrl":"https:\/\/loewentestneu.metafex.io\/wp-content\/uploads\/2026\/01\/DNA-Genome-Weight-Saliva-Test-SP-Lions-Pharmacy.webp","datePublished":"2026-01-26T08:56:01+00:00","dateModified":"2026-02-01T13:45:10+00:00","description":"Integratore alimentare. Scopri di pi\u00f9 su Test del peso del genoma del DNA sulla saliva (SP). Ti offriamo: Spedizione veloce e acquisti sicuri online.","breadcrumb":{"@id":"https:\/\/loewentestneu.metafex.io\/it\/prodotto\/dna-genome-weight-saliva-test-sp#breadcrumb"},"inLanguage":"it-IT","potentialAction":[{"@type":"ReadAction","target":["https:\/\/loewentestneu.metafex.io\/it\/prodotto\/dna-genome-weight-saliva-test-sp"]}]},{"@type":"ImageObject","inLanguage":"it-IT","@id":"https:\/\/loewentestneu.metafex.io\/it\/prodotto\/dna-genome-weight-saliva-test-sp#primaryimage","url":"https:\/\/loewentestneu.metafex.io\/wp-content\/uploads\/2026\/01\/DNA-Genome-Weight-Saliva-Test-SP-Lions-Pharmacy.webp","contentUrl":"https:\/\/loewentestneu.metafex.io\/wp-content\/uploads\/2026\/01\/DNA-Genome-Weight-Saliva-Test-SP-Lions-Pharmacy.webp","width":600,"height":600,"caption":"Test della saliva sul peso del genoma del DNA (SP) - Lions-Farmacia"},{"@type":"BreadcrumbList","@id":"https:\/\/loewentestneu.metafex.io\/it\/prodotto\/dna-genome-weight-saliva-test-sp#breadcrumb","itemListElement":[{"@type":"ListItem","position":1,"name":"Home","item":"https:\/\/loewentestneu.metafex.io\/it\/homepage-lion-pharmacy"},{"@type":"ListItem","position":2,"name":"Shop","item":"https:\/\/loewentestneu.metafex.io\/it\/negozio"},{"@type":"ListItem","position":3,"name":"Test del peso del genoma del DNA sulla saliva (SP)"}]},{"@type":"WebSite","@id":"https:\/\/loewentestneu.metafex.io\/it#website","url":"https:\/\/loewentestneu.metafex.io\/it","name":"Lions Pharmacy","description":"Farmacia specializzata in naturopatia di Baden-Baden, Germania","publisher":{"@id":"https:\/\/loewentestneu.metafex.io\/it#organization"},"alternateName":"Lion Pharmacy","potentialAction":[{"@type":"SearchAction","target":{"@type":"EntryPoint","urlTemplate":"https:\/\/loewentestneu.metafex.io\/it?s={search_term_string}"},"query-input":{"@type":"PropertyValueSpecification","valueRequired":true,"valueName":"search_term_string"}}],"inLanguage":"it-IT"},{"@type":"Organization","@id":"https:\/\/loewentestneu.metafex.io\/it#organization","name":"Lions Pharmacy","alternateName":"Lions Pharmacy24","url":"https:\/\/loewentestneu.metafex.io\/it","logo":{"@type":"ImageObject","inLanguage":"it-IT","@id":"https:\/\/loewentestneu.metafex.io\/it#\/schema\/logo\/image\/","url":"https:\/\/loewentestneu.metafex.io\/wp-content\/uploads\/2022\/12\/Logo-Lion-Pharmacy-c-o-Loewen-Apotheke-smal.jpg","contentUrl":"https:\/\/loewentestneu.metafex.io\/wp-content\/uploads\/2022\/12\/Logo-Lion-Pharmacy-c-o-Loewen-Apotheke-smal.jpg","width":298,"height":99,"caption":"Lions Pharmacy"},"image":{"@id":"https:\/\/loewentestneu.metafex.io\/it#\/schema\/logo\/image\/"}}]}},"_links":{"self":[{"href":"https:\/\/loewentestneu.metafex.io\/it\/wp-json\/wp\/v2\/product\/19817","targetHints":{"allow":["GET"]}}],"collection":[{"href":"https:\/\/loewentestneu.metafex.io\/it\/wp-json\/wp\/v2\/product"}],"about":[{"href":"https:\/\/loewentestneu.metafex.io\/it\/wp-json\/wp\/v2\/types\/product"}],"replies":[{"embeddable":true,"href":"https:\/\/loewentestneu.metafex.io\/it\/wp-json\/wp\/v2\/comments?post=19817"}],"wp:featuredmedia":[{"embeddable":true,"href":"https:\/\/loewentestneu.metafex.io\/it\/wp-json\/wp\/v2\/media\/19822"}],"wp:attachment":[{"href":"https:\/\/loewentestneu.metafex.io\/it\/wp-json\/wp\/v2\/media?parent=19817"}],"wp:term":[{"taxonomy":"product_brand","embeddable":true,"href":"https:\/\/loewentestneu.metafex.io\/it\/wp-json\/wp\/v2\/product_brand?post=19817"},{"taxonomy":"product_cat","embeddable":true,"href":"https:\/\/loewentestneu.metafex.io\/it\/wp-json\/wp\/v2\/product_cat?post=19817"},{"taxonomy":"product_tag","embeddable":true,"href":"https:\/\/loewentestneu.metafex.io\/it\/wp-json\/wp\/v2\/product_tag?post=19817"}],"curies":[{"name":"wp","href":"https:\/\/api.w.org\/{rel}","templated":true}]}}