{"id":20000,"date":"2026-01-29T18:24:46","date_gmt":"2026-01-29T17:24:46","guid":{"rendered":"https:\/\/lions-pharmacy.com\/?post_type=product&#038;p=20000"},"modified":"2026-01-30T06:34:31","modified_gmt":"2026-01-30T05:34:31","slug":"vitapas-c-liposomal-1000-90-pcs-17514045","status":"publish","type":"product","link":"https:\/\/loewentestneu.metafex.io\/it\/prodotto\/vitapas-c-liposomal-1000-90-pcs-17514045","title":{"rendered":"Vitapas C liposomiale 1.000 (90 pz.)"},"content":{"rendered":"<h2>Vitapas C liposomiale 1.000<\/h2>\n<p>Vitapas C liposomal 1000 \u00e8 un integratore alimentare contenente 1000 mg di vitamina C. La vitamina C contribuisce alla normale funzione del sistema immunitario e pu\u00f2 proteggere le cellule dallo stress ossidativo. Ci\u00f2 \u00e8 possibile grazie a una speciale tecnologia liposomiale sviluppata da Pascoe in collaborazione con gli scienziati dell&#8217;Universit\u00e0 di Marburgo: i liposomi si formano quando entrano in contatto con i liquidi.<\/p>\n<p>Il portafoglio Pascoe comprende circa 200 prodotti. Questi includono medicinali a base di erbe, preparati vitaminici ad alte dosi, rimedi complessi omeopatici e integratori alimentari. La variet\u00e0 di medicinali tiene conto dei complessi requisiti dei prodotti sanitari. Il nostro successo ci d\u00e0 ragione anche a livello internazionale: i nostri prodotti vengono esportati in pi\u00f9 di 30 paesi in tutto il mondo e la tendenza \u00e8 in aumento.<\/p>\n<p>Altri prodotti per l&#8217;applicazione: <a href=\"https:\/\/loewentestneu.metafex.io\/it\/tag-prodotto\/omeopatia\">Omeopatia<\/a> | <a href=\"https:\/\/loewentestneu.metafex.io\/it\/tag-prodotto\/vitamine-e-integratori\">Vitamine<\/a> | <a href=\"https:\/\/loewentestneu.metafex.io\/it\/tag-prodotto\/infezione-virale\">Infezioni <\/a> <\/p>\n<p>Ulteriori informazioni sul manufactorer e su questo prodotto: <a href=\"https:\/\/www.pascoe.de\/\" target=\"_blank\" rel=\"noopener\">Pascoe pharmazeutische Pr\u00e4parate GmbH<\/a> (link al sito esterno)<\/p>\n<p>Le informazioni contenute in questo sito web sono fornite solo a scopo informativo. Non sostituiscono in alcun modo la visita e il trattamento da parte di un medico. Ci\u00f2 significa che non \u00e8 possibile n\u00e9 fare diagnosi n\u00e9 iniziare terapie.<\/p>\n<p>Per i rischi e gli effetti collaterali, leggere il foglio illustrativo e chiedere al medico o al farmacista.<\/p>\n","protected":false},"excerpt":{"rendered":"<h2>Vitapas C liposomiale 1.000<\/h2>\n<p>Integratore alimentare con 1.000 mg di vitamina C.<\/p>\n<p>&nbsp;<\/p>\n<p><strong>PZN<\/strong>: 17514045 (numero centrale della farmacia)<\/p>\n<p><strong>Forma di dosaggio<\/strong>: capsule<\/p>\n<p><strong>Tipo di prescrizione: senza prescrizione<\/strong><\/p>\n<p><strong>Produttore<\/strong>: Pascoe pharmazeutische Pr\u00e4parate GmbH<\/p>\n<p><strong>Dimensione dell&#8217;imballo<\/strong>: 90 pezzi.<\/p>\n","protected":false},"featured_media":20009,"comment_status":"closed","ping_status":"closed","template":"","meta":[],"product_brand":[],"product_cat":[600,124,115],"product_tag":[270,515,295,307,268],"class_list":{"0":"post-20000","1":"product","2":"type-product","3":"status-publish","4":"has-post-thumbnail","6":"product_cat-pascoe-it","7":"product_cat-sale-it","8":"product_cat-non-categorizzato","9":"product_tag-benessere","10":"product_tag-corona-e-difese-immunitarie","11":"product_tag-influenza","12":"product_tag-omeopatia","13":"product_tag-vitamine-e-integratori","14":"ts_product_brand-all-it","15":"ts_product_brand-pascoe-it","17":"first","18":"instock","19":"sale","20":"taxable","21":"shipping-taxable","22":"purchasable","23":"product-type-simple"},"yoast_head":"<!-- This site is optimized with the Yoast SEO plugin v26.5 - https:\/\/yoast.com\/wordpress\/plugins\/seo\/ -->\n<title>Vitapas C liposomiale 1.000 (90 pz.) &#187; su Lion Pharmacy<\/title>\n<meta name=\"description\" content=\"La Farmacia Lions \u00e8 una farmacia tedesca registrata. Spedizione internazionale veloce con DHL. Scopri di pi\u00f9 su Pascoe e Vitapas C liposomiale 1.000 (90 pz.)\" \/>\n<meta name=\"robots\" content=\"noindex, follow, max-snippet:-1, max-image-preview:large, max-video-preview:-1\" \/>\n<meta property=\"og:locale\" content=\"it_IT\" \/>\n<meta property=\"og:type\" content=\"article\" \/>\n<meta property=\"og:title\" content=\"Vitapas C liposomiale 1.000 (90 pz.) &#187; su Lion Pharmacy\" \/>\n<meta property=\"og:description\" content=\"La Farmacia Lions \u00e8 una farmacia tedesca registrata. Spedizione internazionale veloce con DHL. Scopri di pi\u00f9 su Pascoe e Vitapas C liposomiale 1.000 (90 pz.)\" \/>\n<meta property=\"og:url\" content=\"https:\/\/loewentestneu.metafex.io\/it\/prodotto\/vitapas-c-liposomal-1000-90-pcs-17514045\" \/>\n<meta property=\"og:site_name\" content=\"Lion Pharmacy\" \/>\n<meta property=\"article:modified_time\" content=\"2026-01-30T05:34:31+00:00\" \/>\n<meta property=\"og:image\" content=\"https:\/\/loewentestneu.metafex.io\/wp-content\/uploads\/2026\/01\/Vitapas-liposomal-1000-vitamin-c-kapseln-von-Pascoe-PZN-03898042-Lions-Pharmacy.webp\" \/>\n\t<meta property=\"og:image:width\" content=\"600\" \/>\n\t<meta property=\"og:image:height\" content=\"600\" \/>\n\t<meta property=\"og:image:type\" content=\"image\/webp\" \/>\n<meta name=\"twitter:card\" content=\"summary_large_image\" \/>\n<meta name=\"twitter:label1\" content=\"Tempo di lettura stimato\" \/>\n\t<meta name=\"twitter:data1\" content=\"1 minuto\" \/>\n<script type=\"application\/ld+json\" class=\"yoast-schema-graph\">{\"@context\":\"https:\/\/schema.org\",\"@graph\":[{\"@type\":\"WebPage\",\"@id\":\"https:\/\/loewentestneu.metafex.io\/it\/prodotto\/vitapas-c-liposomal-1000-90-pcs-17514045\",\"url\":\"https:\/\/loewentestneu.metafex.io\/it\/prodotto\/vitapas-c-liposomal-1000-90-pcs-17514045\",\"name\":\"Vitapas C liposomiale 1.000 (90 pz.) &#187; su Lion Pharmacy\",\"isPartOf\":{\"@id\":\"https:\/\/loewentestneu.metafex.io\/it#website\"},\"primaryImageOfPage\":{\"@id\":\"https:\/\/loewentestneu.metafex.io\/it\/prodotto\/vitapas-c-liposomal-1000-90-pcs-17514045#primaryimage\"},\"image\":{\"@id\":\"https:\/\/loewentestneu.metafex.io\/it\/prodotto\/vitapas-c-liposomal-1000-90-pcs-17514045#primaryimage\"},\"thumbnailUrl\":\"https:\/\/loewentestneu.metafex.io\/wp-content\/uploads\/2026\/01\/Vitapas-liposomal-1000-vitamin-c-kapseln-von-Pascoe-PZN-03898042-Lions-Pharmacy.webp\",\"datePublished\":\"2026-01-29T17:24:46+00:00\",\"dateModified\":\"2026-01-30T05:34:31+00:00\",\"description\":\"La Farmacia Lions \u00e8 una farmacia tedesca registrata. Spedizione internazionale veloce con DHL. Scopri di pi\u00f9 su Pascoe e Vitapas C liposomiale 1.000 (90 pz.)\",\"breadcrumb\":{\"@id\":\"https:\/\/loewentestneu.metafex.io\/it\/prodotto\/vitapas-c-liposomal-1000-90-pcs-17514045#breadcrumb\"},\"inLanguage\":\"it-IT\",\"potentialAction\":[{\"@type\":\"ReadAction\",\"target\":[\"https:\/\/loewentestneu.metafex.io\/it\/prodotto\/vitapas-c-liposomal-1000-90-pcs-17514045\"]}]},{\"@type\":\"ImageObject\",\"inLanguage\":\"it-IT\",\"@id\":\"https:\/\/loewentestneu.metafex.io\/it\/prodotto\/vitapas-c-liposomal-1000-90-pcs-17514045#primaryimage\",\"url\":\"https:\/\/loewentestneu.metafex.io\/wp-content\/uploads\/2026\/01\/Vitapas-liposomal-1000-vitamin-c-kapseln-von-Pascoe-PZN-03898042-Lions-Pharmacy.webp\",\"contentUrl\":\"https:\/\/loewentestneu.metafex.io\/wp-content\/uploads\/2026\/01\/Vitapas-liposomal-1000-vitamin-c-kapseln-von-Pascoe-PZN-03898042-Lions-Pharmacy.webp\",\"width\":600,\"height\":600,\"caption\":\"Vitapas c liposomal 1000 vitamin c kapseln von Pascoe, PZN-03898042, Lions-Pharmacy\"},{\"@type\":\"BreadcrumbList\",\"@id\":\"https:\/\/loewentestneu.metafex.io\/it\/prodotto\/vitapas-c-liposomal-1000-90-pcs-17514045#breadcrumb\",\"itemListElement\":[{\"@type\":\"ListItem\",\"position\":1,\"name\":\"Home\",\"item\":\"https:\/\/loewentestneu.metafex.io\/it\/homepage-lion-pharmacy\"},{\"@type\":\"ListItem\",\"position\":2,\"name\":\"Shop\",\"item\":\"https:\/\/loewentestneu.metafex.io\/it\/negozio\"},{\"@type\":\"ListItem\",\"position\":3,\"name\":\"Vitapas C liposomiale 1.000 (90 pz.)\"}]},{\"@type\":\"WebSite\",\"@id\":\"https:\/\/loewentestneu.metafex.io\/it#website\",\"url\":\"https:\/\/loewentestneu.metafex.io\/it\",\"name\":\"Lions Pharmacy\",\"description\":\"Farmacia specializzata in naturopatia di Baden-Baden, Germania\",\"publisher\":{\"@id\":\"https:\/\/loewentestneu.metafex.io\/it#organization\"},\"alternateName\":\"Lion Pharmacy\",\"potentialAction\":[{\"@type\":\"SearchAction\",\"target\":{\"@type\":\"EntryPoint\",\"urlTemplate\":\"https:\/\/loewentestneu.metafex.io\/it?s={search_term_string}\"},\"query-input\":{\"@type\":\"PropertyValueSpecification\",\"valueRequired\":true,\"valueName\":\"search_term_string\"}}],\"inLanguage\":\"it-IT\"},{\"@type\":\"Organization\",\"@id\":\"https:\/\/loewentestneu.metafex.io\/it#organization\",\"name\":\"Lions Pharmacy\",\"alternateName\":\"Lions Pharmacy24\",\"url\":\"https:\/\/loewentestneu.metafex.io\/it\",\"logo\":{\"@type\":\"ImageObject\",\"inLanguage\":\"it-IT\",\"@id\":\"https:\/\/loewentestneu.metafex.io\/it#\/schema\/logo\/image\/\",\"url\":\"https:\/\/loewentestneu.metafex.io\/wp-content\/uploads\/2022\/12\/Logo-Lion-Pharmacy-c-o-Loewen-Apotheke-smal.jpg\",\"contentUrl\":\"https:\/\/loewentestneu.metafex.io\/wp-content\/uploads\/2022\/12\/Logo-Lion-Pharmacy-c-o-Loewen-Apotheke-smal.jpg\",\"width\":298,\"height\":99,\"caption\":\"Lions Pharmacy\"},\"image\":{\"@id\":\"https:\/\/loewentestneu.metafex.io\/it#\/schema\/logo\/image\/\"}}]}<\/script>\n<!-- \/ Yoast SEO plugin. -->","yoast_head_json":{"title":"Vitapas C liposomiale 1.000 (90 pz.) &#187; su Lion Pharmacy","description":"La Farmacia Lions \u00e8 una farmacia tedesca registrata. Spedizione internazionale veloce con DHL. Scopri di pi\u00f9 su Pascoe e Vitapas C liposomiale 1.000 (90 pz.)","robots":{"index":"noindex","follow":"follow","max-snippet":"max-snippet:-1","max-image-preview":"max-image-preview:large","max-video-preview":"max-video-preview:-1"},"og_locale":"it_IT","og_type":"article","og_title":"Vitapas C liposomiale 1.000 (90 pz.) &#187; su Lion Pharmacy","og_description":"La Farmacia Lions \u00e8 una farmacia tedesca registrata. Spedizione internazionale veloce con DHL. Scopri di pi\u00f9 su Pascoe e Vitapas C liposomiale 1.000 (90 pz.)","og_url":"https:\/\/loewentestneu.metafex.io\/it\/prodotto\/vitapas-c-liposomal-1000-90-pcs-17514045","og_site_name":"Lion Pharmacy","article_modified_time":"2026-01-30T05:34:31+00:00","og_image":[{"width":600,"height":600,"url":"https:\/\/loewentestneu.metafex.io\/wp-content\/uploads\/2026\/01\/Vitapas-liposomal-1000-vitamin-c-kapseln-von-Pascoe-PZN-03898042-Lions-Pharmacy.webp","type":"image\/webp"}],"twitter_card":"summary_large_image","twitter_misc":{"Tempo di lettura stimato":"1 minuto"},"schema":{"@context":"https:\/\/schema.org","@graph":[{"@type":"WebPage","@id":"https:\/\/loewentestneu.metafex.io\/it\/prodotto\/vitapas-c-liposomal-1000-90-pcs-17514045","url":"https:\/\/loewentestneu.metafex.io\/it\/prodotto\/vitapas-c-liposomal-1000-90-pcs-17514045","name":"Vitapas C liposomiale 1.000 (90 pz.) &#187; su Lion Pharmacy","isPartOf":{"@id":"https:\/\/loewentestneu.metafex.io\/it#website"},"primaryImageOfPage":{"@id":"https:\/\/loewentestneu.metafex.io\/it\/prodotto\/vitapas-c-liposomal-1000-90-pcs-17514045#primaryimage"},"image":{"@id":"https:\/\/loewentestneu.metafex.io\/it\/prodotto\/vitapas-c-liposomal-1000-90-pcs-17514045#primaryimage"},"thumbnailUrl":"https:\/\/loewentestneu.metafex.io\/wp-content\/uploads\/2026\/01\/Vitapas-liposomal-1000-vitamin-c-kapseln-von-Pascoe-PZN-03898042-Lions-Pharmacy.webp","datePublished":"2026-01-29T17:24:46+00:00","dateModified":"2026-01-30T05:34:31+00:00","description":"La Farmacia Lions \u00e8 una farmacia tedesca registrata. Spedizione internazionale veloce con DHL. Scopri di pi\u00f9 su Pascoe e Vitapas C liposomiale 1.000 (90 pz.)","breadcrumb":{"@id":"https:\/\/loewentestneu.metafex.io\/it\/prodotto\/vitapas-c-liposomal-1000-90-pcs-17514045#breadcrumb"},"inLanguage":"it-IT","potentialAction":[{"@type":"ReadAction","target":["https:\/\/loewentestneu.metafex.io\/it\/prodotto\/vitapas-c-liposomal-1000-90-pcs-17514045"]}]},{"@type":"ImageObject","inLanguage":"it-IT","@id":"https:\/\/loewentestneu.metafex.io\/it\/prodotto\/vitapas-c-liposomal-1000-90-pcs-17514045#primaryimage","url":"https:\/\/loewentestneu.metafex.io\/wp-content\/uploads\/2026\/01\/Vitapas-liposomal-1000-vitamin-c-kapseln-von-Pascoe-PZN-03898042-Lions-Pharmacy.webp","contentUrl":"https:\/\/loewentestneu.metafex.io\/wp-content\/uploads\/2026\/01\/Vitapas-liposomal-1000-vitamin-c-kapseln-von-Pascoe-PZN-03898042-Lions-Pharmacy.webp","width":600,"height":600,"caption":"Vitapas c liposomal 1000 vitamin c kapseln von Pascoe, PZN-03898042, Lions-Pharmacy"},{"@type":"BreadcrumbList","@id":"https:\/\/loewentestneu.metafex.io\/it\/prodotto\/vitapas-c-liposomal-1000-90-pcs-17514045#breadcrumb","itemListElement":[{"@type":"ListItem","position":1,"name":"Home","item":"https:\/\/loewentestneu.metafex.io\/it\/homepage-lion-pharmacy"},{"@type":"ListItem","position":2,"name":"Shop","item":"https:\/\/loewentestneu.metafex.io\/it\/negozio"},{"@type":"ListItem","position":3,"name":"Vitapas C liposomiale 1.000 (90 pz.)"}]},{"@type":"WebSite","@id":"https:\/\/loewentestneu.metafex.io\/it#website","url":"https:\/\/loewentestneu.metafex.io\/it","name":"Lions Pharmacy","description":"Farmacia specializzata in naturopatia di Baden-Baden, Germania","publisher":{"@id":"https:\/\/loewentestneu.metafex.io\/it#organization"},"alternateName":"Lion Pharmacy","potentialAction":[{"@type":"SearchAction","target":{"@type":"EntryPoint","urlTemplate":"https:\/\/loewentestneu.metafex.io\/it?s={search_term_string}"},"query-input":{"@type":"PropertyValueSpecification","valueRequired":true,"valueName":"search_term_string"}}],"inLanguage":"it-IT"},{"@type":"Organization","@id":"https:\/\/loewentestneu.metafex.io\/it#organization","name":"Lions Pharmacy","alternateName":"Lions Pharmacy24","url":"https:\/\/loewentestneu.metafex.io\/it","logo":{"@type":"ImageObject","inLanguage":"it-IT","@id":"https:\/\/loewentestneu.metafex.io\/it#\/schema\/logo\/image\/","url":"https:\/\/loewentestneu.metafex.io\/wp-content\/uploads\/2022\/12\/Logo-Lion-Pharmacy-c-o-Loewen-Apotheke-smal.jpg","contentUrl":"https:\/\/loewentestneu.metafex.io\/wp-content\/uploads\/2022\/12\/Logo-Lion-Pharmacy-c-o-Loewen-Apotheke-smal.jpg","width":298,"height":99,"caption":"Lions Pharmacy"},"image":{"@id":"https:\/\/loewentestneu.metafex.io\/it#\/schema\/logo\/image\/"}}]}},"_links":{"self":[{"href":"https:\/\/loewentestneu.metafex.io\/it\/wp-json\/wp\/v2\/product\/20000","targetHints":{"allow":["GET"]}}],"collection":[{"href":"https:\/\/loewentestneu.metafex.io\/it\/wp-json\/wp\/v2\/product"}],"about":[{"href":"https:\/\/loewentestneu.metafex.io\/it\/wp-json\/wp\/v2\/types\/product"}],"replies":[{"embeddable":true,"href":"https:\/\/loewentestneu.metafex.io\/it\/wp-json\/wp\/v2\/comments?post=20000"}],"wp:featuredmedia":[{"embeddable":true,"href":"https:\/\/loewentestneu.metafex.io\/it\/wp-json\/wp\/v2\/media\/20009"}],"wp:attachment":[{"href":"https:\/\/loewentestneu.metafex.io\/it\/wp-json\/wp\/v2\/media?parent=20000"}],"wp:term":[{"taxonomy":"product_brand","embeddable":true,"href":"https:\/\/loewentestneu.metafex.io\/it\/wp-json\/wp\/v2\/product_brand?post=20000"},{"taxonomy":"product_cat","embeddable":true,"href":"https:\/\/loewentestneu.metafex.io\/it\/wp-json\/wp\/v2\/product_cat?post=20000"},{"taxonomy":"product_tag","embeddable":true,"href":"https:\/\/loewentestneu.metafex.io\/it\/wp-json\/wp\/v2\/product_tag?post=20000"}],"curies":[{"name":"wp","href":"https:\/\/api.w.org\/{rel}","templated":true}]}}