{"id":20092,"date":"2026-01-31T08:13:07","date_gmt":"2026-01-31T07:13:07","guid":{"rendered":"https:\/\/lions-pharmacy.com\/?post_type=product&#038;p=20092"},"modified":"2026-01-31T09:12:16","modified_gmt":"2026-01-31T08:12:16","slug":"tebonin-konzent-240mg-film-coated-tablets-60-pcs-4150077520393","status":"publish","type":"product","link":"https:\/\/loewentestneu.metafex.io\/it\/prodotto\/tebonin-konzent-240mg-film-coated-tablets-60-pcs-4150077520393","title":{"rendered":"Tebonin Konzent 240mg compresse rivestite con film (60 pz.)"},"content":{"rendered":"<h2 style=\"text-align: left;\">Tebonin Konzent 240mg compresse rivestite con film<\/h2>\n<p>Tebonin Konzent 240mg Filmtabletten \u00e8 un medicinale erboristico di alta qualit\u00e0 utilizzato per il trattamento della dimenticanza e della mancanza di concentrazione in et\u00e0 avanzata, per il miglioramento dei deficit delle prestazioni mentali viene utilizzato nella demenza lieve e in alcune forme di vertigini, nonch\u00e9 ronzio nelle orecchie e acufene. L&#8217;estratto speciale standardizzato di ginkgo EGb 761\u00ae (in Tebonin\u00ae konzent\u00ae 240 mg) &#8211; studiato, sviluppato e prodotto in Germania &#8211; pu\u00f2 contrastare il declino mentale non appena compaiono i primi segni di compromissione della memoria e a condizione che venga assunto per un periodo di tempo pi\u00f9 lungo e in dosi elevate.<\/p>\n<p>Dr. Willmar Schwabe GmbH &amp; Co. KG \u00e8 la societ\u00e0 madre del Gruppo Schwabe e viene anche chiamata Gruppo di Societ\u00e0 Schwabe o Gruppo Schwabe. L&#8217;azienda farmaceutica \u00e8 stata fondata a Lipsia nel 1865. La sede centrale fu trasferita a Karlsruhe nel 1946. Il Gruppo si concentra sul settore sanitario e farmaceutico, specializzandosi in medicinali a base di erbe e omeopatici, fitofarmaci e omeopatici, integratori alimentari di origine vegetale e servizi aggiuntivi per la salute olistica e l&#8217;auto-aiuto, come i programmi di formazione per la forma fisica e mentale. Questi includono i marchi Tebonin, Umckaloabo.<\/p>\n<p>Altri prodotti <a href=\"https:\/\/loewentestneu.metafex.io\/it\/product-category\/dr-schwabe-it\">Dr. Schwabe nel nostro assortimento<\/a><\/p>\n<p>Ulteriori dettagli sul prodotto sono disponibili presso il produttore: <a href=\"https:\/\/www.tebonin.de\/\" target=\"_blank\" rel=\"noopener\">Informazioni sul prodotto e sul produttore Dr. Schwabe<\/a><\/p>\n<p>Altri clienti sono stati interessati a prodotti relativi a: Dememz | <a href=\"\/de?product_tag=vital\">Vitalit\u00e0, perdita di prestazioni e dimenticanza<\/a> | <a href=\"https:\/\/loewentestneu.metafex.io\/it\/tag-prodotto\/vertigini\" rel=\"tag\">vertigini<\/a><\/p>\n<p>Per i rischi e gli effetti collaterali, leggere il foglio illustrativo e chiedere al medico o al farmacista.<\/p>\n<p>&nbsp;<\/p>\n<h3 style=\"text-align: left;\">Prescrizione | \u00c8 disponibile una prescrizione elettronica?<\/h3>\n<p>Invia subito la tua prescrizione elettronica. Usa la nostra app <a href=\"https:\/\/e-rezept-app.de\/shop-rezept\" target=\"_blank\" rel=\"noopener\">per la prescrizione elettronica<\/a> . E noi ti diamo le spese di spedizione gratis!<\/p>\n","protected":false},"excerpt":{"rendered":"<h2 style=\"text-align: left;\">Tebonin Konzent 240mg compresse rivestite con film<\/h2>\n<p>Per il miglioramento dei deficit delle prestazioni mentali, nella demenza lieve.<\/p>\n<p>&nbsp;<\/p>\n<p><strong>PZN:<\/strong> 07752039 (Pharma Central Number)<\/p>\n<p><strong>Forma di dosaggio<\/strong>: compresse rivestite con film &#8211; 60 pezzi<\/p>\n<p><strong>Tipo di prescrizione: senza prescrizione<\/strong><\/p>\n<p><strong>Marchio<\/strong>: Tebonin<\/p>\n<p><strong>Produttore<\/strong>: Dr.Willmar Schwabe GmbH &amp; Co.KG<\/p>\n","protected":false},"featured_media":20100,"comment_status":"closed","ping_status":"closed","template":"","meta":[],"product_brand":[],"product_cat":[462,115],"product_tag":[481,514,480,539,319,501],"class_list":{"0":"post-20092","1":"product","2":"type-product","3":"status-publish","4":"has-post-thumbnail","6":"product_cat-dr-schwabe-it","7":"product_cat-non-categorizzato","8":"product_tag-dott-schwabe","9":"product_tag-principio-attivo-di-origine-vegetale","10":"product_tag-rimedi-naturali","11":"product_tag-tebonin-it","12":"product_tag-tinnito","13":"product_tag-vertigini","14":"ts_product_brand-all-it","15":"ts_product_brand-dott-schwabe","17":"first","18":"instock","19":"sale","20":"taxable","21":"shipping-taxable","22":"purchasable","23":"product-type-simple"},"yoast_head":"<!-- This site is optimized with the Yoast SEO plugin v26.5 - https:\/\/yoast.com\/wordpress\/plugins\/seo\/ -->\n<title>Tebonin Konzent 240mg compresse rivestite con film (60 pz.) &#187; Lion Pharmacy<\/title>\n<meta name=\"description\" content=\"Farmacia tedesca registrata: Offre spedizioni internazionali veloci e acquisti sicuri. Dr.W. Schwabe: Tebonin Konzent 240mg compresse rivestite con film (60 pz.)%\" \/>\n<meta name=\"robots\" content=\"noindex, follow, max-snippet:-1, max-image-preview:large, max-video-preview:-1\" \/>\n<meta property=\"og:locale\" content=\"it_IT\" \/>\n<meta property=\"og:type\" content=\"article\" \/>\n<meta property=\"og:title\" content=\"Tebonin Konzent 240mg compresse rivestite con film (60 pz.) &#187; Lion Pharmacy\" \/>\n<meta property=\"og:description\" content=\"Farmacia tedesca registrata: Offre spedizioni internazionali veloci e acquisti sicuri. Dr.W. Schwabe: Tebonin Konzent 240mg compresse rivestite con film (60 pz.)%\" \/>\n<meta property=\"og:url\" content=\"https:\/\/loewentestneu.metafex.io\/it\/prodotto\/tebonin-konzent-240mg-film-coated-tablets-60-pcs-4150077520393\" \/>\n<meta property=\"og:site_name\" content=\"Lion Pharmacy\" \/>\n<meta property=\"article:modified_time\" content=\"2026-01-31T08:12:16+00:00\" \/>\n<meta property=\"og:image\" content=\"https:\/\/loewentestneu.metafex.io\/wp-content\/uploads\/2026\/01\/Tebonin-konzent-240-mg-PZN-07752039.webp\" \/>\n\t<meta property=\"og:image:width\" content=\"600\" \/>\n\t<meta property=\"og:image:height\" content=\"600\" \/>\n\t<meta property=\"og:image:type\" content=\"image\/webp\" \/>\n<meta name=\"twitter:card\" content=\"summary_large_image\" \/>\n<meta name=\"twitter:label1\" content=\"Tempo di lettura stimato\" \/>\n\t<meta name=\"twitter:data1\" content=\"1 minuto\" \/>\n<script type=\"application\/ld+json\" class=\"yoast-schema-graph\">{\"@context\":\"https:\/\/schema.org\",\"@graph\":[{\"@type\":\"WebPage\",\"@id\":\"https:\/\/loewentestneu.metafex.io\/it\/prodotto\/tebonin-konzent-240mg-film-coated-tablets-60-pcs-4150077520393\",\"url\":\"https:\/\/loewentestneu.metafex.io\/it\/prodotto\/tebonin-konzent-240mg-film-coated-tablets-60-pcs-4150077520393\",\"name\":\"Tebonin Konzent 240mg compresse rivestite con film (60 pz.) &#187; Lion Pharmacy\",\"isPartOf\":{\"@id\":\"https:\/\/loewentestneu.metafex.io\/it#website\"},\"primaryImageOfPage\":{\"@id\":\"https:\/\/loewentestneu.metafex.io\/it\/prodotto\/tebonin-konzent-240mg-film-coated-tablets-60-pcs-4150077520393#primaryimage\"},\"image\":{\"@id\":\"https:\/\/loewentestneu.metafex.io\/it\/prodotto\/tebonin-konzent-240mg-film-coated-tablets-60-pcs-4150077520393#primaryimage\"},\"thumbnailUrl\":\"https:\/\/loewentestneu.metafex.io\/wp-content\/uploads\/2026\/01\/Tebonin-konzent-240-mg-PZN-07752039.webp\",\"datePublished\":\"2026-01-31T07:13:07+00:00\",\"dateModified\":\"2026-01-31T08:12:16+00:00\",\"description\":\"Farmacia tedesca registrata: Offre spedizioni internazionali veloci e acquisti sicuri. Dr.W. Schwabe: Tebonin Konzent 240mg compresse rivestite con film (60 pz.)%\",\"breadcrumb\":{\"@id\":\"https:\/\/loewentestneu.metafex.io\/it\/prodotto\/tebonin-konzent-240mg-film-coated-tablets-60-pcs-4150077520393#breadcrumb\"},\"inLanguage\":\"it-IT\",\"potentialAction\":[{\"@type\":\"ReadAction\",\"target\":[\"https:\/\/loewentestneu.metafex.io\/it\/prodotto\/tebonin-konzent-240mg-film-coated-tablets-60-pcs-4150077520393\"]}]},{\"@type\":\"ImageObject\",\"inLanguage\":\"it-IT\",\"@id\":\"https:\/\/loewentestneu.metafex.io\/it\/prodotto\/tebonin-konzent-240mg-film-coated-tablets-60-pcs-4150077520393#primaryimage\",\"url\":\"https:\/\/loewentestneu.metafex.io\/wp-content\/uploads\/2026\/01\/Tebonin-konzent-240-mg-PZN-07752039.webp\",\"contentUrl\":\"https:\/\/loewentestneu.metafex.io\/wp-content\/uploads\/2026\/01\/Tebonin-konzent-240-mg-PZN-07752039.webp\",\"width\":600,\"height\":600,\"caption\":\"Tebonin konzent 240 mg PZN 07752039\"},{\"@type\":\"BreadcrumbList\",\"@id\":\"https:\/\/loewentestneu.metafex.io\/it\/prodotto\/tebonin-konzent-240mg-film-coated-tablets-60-pcs-4150077520393#breadcrumb\",\"itemListElement\":[{\"@type\":\"ListItem\",\"position\":1,\"name\":\"Home\",\"item\":\"https:\/\/loewentestneu.metafex.io\/it\/homepage-lion-pharmacy\"},{\"@type\":\"ListItem\",\"position\":2,\"name\":\"Shop\",\"item\":\"https:\/\/loewentestneu.metafex.io\/it\/negozio\"},{\"@type\":\"ListItem\",\"position\":3,\"name\":\"Tebonin Konzent 240mg compresse rivestite con film (60 pz.)\"}]},{\"@type\":\"WebSite\",\"@id\":\"https:\/\/loewentestneu.metafex.io\/it#website\",\"url\":\"https:\/\/loewentestneu.metafex.io\/it\",\"name\":\"Lions Pharmacy\",\"description\":\"Farmacia specializzata in naturopatia di Baden-Baden, Germania\",\"publisher\":{\"@id\":\"https:\/\/loewentestneu.metafex.io\/it#organization\"},\"alternateName\":\"Lion Pharmacy\",\"potentialAction\":[{\"@type\":\"SearchAction\",\"target\":{\"@type\":\"EntryPoint\",\"urlTemplate\":\"https:\/\/loewentestneu.metafex.io\/it?s={search_term_string}\"},\"query-input\":{\"@type\":\"PropertyValueSpecification\",\"valueRequired\":true,\"valueName\":\"search_term_string\"}}],\"inLanguage\":\"it-IT\"},{\"@type\":\"Organization\",\"@id\":\"https:\/\/loewentestneu.metafex.io\/it#organization\",\"name\":\"Lions Pharmacy\",\"alternateName\":\"Lions Pharmacy24\",\"url\":\"https:\/\/loewentestneu.metafex.io\/it\",\"logo\":{\"@type\":\"ImageObject\",\"inLanguage\":\"it-IT\",\"@id\":\"https:\/\/loewentestneu.metafex.io\/it#\/schema\/logo\/image\/\",\"url\":\"https:\/\/loewentestneu.metafex.io\/wp-content\/uploads\/2022\/12\/Logo-Lion-Pharmacy-c-o-Loewen-Apotheke-smal.jpg\",\"contentUrl\":\"https:\/\/loewentestneu.metafex.io\/wp-content\/uploads\/2022\/12\/Logo-Lion-Pharmacy-c-o-Loewen-Apotheke-smal.jpg\",\"width\":298,\"height\":99,\"caption\":\"Lions Pharmacy\"},\"image\":{\"@id\":\"https:\/\/loewentestneu.metafex.io\/it#\/schema\/logo\/image\/\"}}]}<\/script>\n<!-- \/ Yoast SEO plugin. -->","yoast_head_json":{"title":"Tebonin Konzent 240mg compresse rivestite con film (60 pz.) &#187; Lion Pharmacy","description":"Farmacia tedesca registrata: Offre spedizioni internazionali veloci e acquisti sicuri. Dr.W. Schwabe: Tebonin Konzent 240mg compresse rivestite con film (60 pz.)%","robots":{"index":"noindex","follow":"follow","max-snippet":"max-snippet:-1","max-image-preview":"max-image-preview:large","max-video-preview":"max-video-preview:-1"},"og_locale":"it_IT","og_type":"article","og_title":"Tebonin Konzent 240mg compresse rivestite con film (60 pz.) &#187; Lion Pharmacy","og_description":"Farmacia tedesca registrata: Offre spedizioni internazionali veloci e acquisti sicuri. Dr.W. Schwabe: Tebonin Konzent 240mg compresse rivestite con film (60 pz.)%","og_url":"https:\/\/loewentestneu.metafex.io\/it\/prodotto\/tebonin-konzent-240mg-film-coated-tablets-60-pcs-4150077520393","og_site_name":"Lion Pharmacy","article_modified_time":"2026-01-31T08:12:16+00:00","og_image":[{"width":600,"height":600,"url":"https:\/\/loewentestneu.metafex.io\/wp-content\/uploads\/2026\/01\/Tebonin-konzent-240-mg-PZN-07752039.webp","type":"image\/webp"}],"twitter_card":"summary_large_image","twitter_misc":{"Tempo di lettura stimato":"1 minuto"},"schema":{"@context":"https:\/\/schema.org","@graph":[{"@type":"WebPage","@id":"https:\/\/loewentestneu.metafex.io\/it\/prodotto\/tebonin-konzent-240mg-film-coated-tablets-60-pcs-4150077520393","url":"https:\/\/loewentestneu.metafex.io\/it\/prodotto\/tebonin-konzent-240mg-film-coated-tablets-60-pcs-4150077520393","name":"Tebonin Konzent 240mg compresse rivestite con film (60 pz.) &#187; Lion Pharmacy","isPartOf":{"@id":"https:\/\/loewentestneu.metafex.io\/it#website"},"primaryImageOfPage":{"@id":"https:\/\/loewentestneu.metafex.io\/it\/prodotto\/tebonin-konzent-240mg-film-coated-tablets-60-pcs-4150077520393#primaryimage"},"image":{"@id":"https:\/\/loewentestneu.metafex.io\/it\/prodotto\/tebonin-konzent-240mg-film-coated-tablets-60-pcs-4150077520393#primaryimage"},"thumbnailUrl":"https:\/\/loewentestneu.metafex.io\/wp-content\/uploads\/2026\/01\/Tebonin-konzent-240-mg-PZN-07752039.webp","datePublished":"2026-01-31T07:13:07+00:00","dateModified":"2026-01-31T08:12:16+00:00","description":"Farmacia tedesca registrata: Offre spedizioni internazionali veloci e acquisti sicuri. Dr.W. Schwabe: Tebonin Konzent 240mg compresse rivestite con film (60 pz.)%","breadcrumb":{"@id":"https:\/\/loewentestneu.metafex.io\/it\/prodotto\/tebonin-konzent-240mg-film-coated-tablets-60-pcs-4150077520393#breadcrumb"},"inLanguage":"it-IT","potentialAction":[{"@type":"ReadAction","target":["https:\/\/loewentestneu.metafex.io\/it\/prodotto\/tebonin-konzent-240mg-film-coated-tablets-60-pcs-4150077520393"]}]},{"@type":"ImageObject","inLanguage":"it-IT","@id":"https:\/\/loewentestneu.metafex.io\/it\/prodotto\/tebonin-konzent-240mg-film-coated-tablets-60-pcs-4150077520393#primaryimage","url":"https:\/\/loewentestneu.metafex.io\/wp-content\/uploads\/2026\/01\/Tebonin-konzent-240-mg-PZN-07752039.webp","contentUrl":"https:\/\/loewentestneu.metafex.io\/wp-content\/uploads\/2026\/01\/Tebonin-konzent-240-mg-PZN-07752039.webp","width":600,"height":600,"caption":"Tebonin konzent 240 mg PZN 07752039"},{"@type":"BreadcrumbList","@id":"https:\/\/loewentestneu.metafex.io\/it\/prodotto\/tebonin-konzent-240mg-film-coated-tablets-60-pcs-4150077520393#breadcrumb","itemListElement":[{"@type":"ListItem","position":1,"name":"Home","item":"https:\/\/loewentestneu.metafex.io\/it\/homepage-lion-pharmacy"},{"@type":"ListItem","position":2,"name":"Shop","item":"https:\/\/loewentestneu.metafex.io\/it\/negozio"},{"@type":"ListItem","position":3,"name":"Tebonin Konzent 240mg compresse rivestite con film (60 pz.)"}]},{"@type":"WebSite","@id":"https:\/\/loewentestneu.metafex.io\/it#website","url":"https:\/\/loewentestneu.metafex.io\/it","name":"Lions Pharmacy","description":"Farmacia specializzata in naturopatia di Baden-Baden, Germania","publisher":{"@id":"https:\/\/loewentestneu.metafex.io\/it#organization"},"alternateName":"Lion Pharmacy","potentialAction":[{"@type":"SearchAction","target":{"@type":"EntryPoint","urlTemplate":"https:\/\/loewentestneu.metafex.io\/it?s={search_term_string}"},"query-input":{"@type":"PropertyValueSpecification","valueRequired":true,"valueName":"search_term_string"}}],"inLanguage":"it-IT"},{"@type":"Organization","@id":"https:\/\/loewentestneu.metafex.io\/it#organization","name":"Lions Pharmacy","alternateName":"Lions Pharmacy24","url":"https:\/\/loewentestneu.metafex.io\/it","logo":{"@type":"ImageObject","inLanguage":"it-IT","@id":"https:\/\/loewentestneu.metafex.io\/it#\/schema\/logo\/image\/","url":"https:\/\/loewentestneu.metafex.io\/wp-content\/uploads\/2022\/12\/Logo-Lion-Pharmacy-c-o-Loewen-Apotheke-smal.jpg","contentUrl":"https:\/\/loewentestneu.metafex.io\/wp-content\/uploads\/2022\/12\/Logo-Lion-Pharmacy-c-o-Loewen-Apotheke-smal.jpg","width":298,"height":99,"caption":"Lions Pharmacy"},"image":{"@id":"https:\/\/loewentestneu.metafex.io\/it#\/schema\/logo\/image\/"}}]}},"_links":{"self":[{"href":"https:\/\/loewentestneu.metafex.io\/it\/wp-json\/wp\/v2\/product\/20092","targetHints":{"allow":["GET"]}}],"collection":[{"href":"https:\/\/loewentestneu.metafex.io\/it\/wp-json\/wp\/v2\/product"}],"about":[{"href":"https:\/\/loewentestneu.metafex.io\/it\/wp-json\/wp\/v2\/types\/product"}],"replies":[{"embeddable":true,"href":"https:\/\/loewentestneu.metafex.io\/it\/wp-json\/wp\/v2\/comments?post=20092"}],"wp:featuredmedia":[{"embeddable":true,"href":"https:\/\/loewentestneu.metafex.io\/it\/wp-json\/wp\/v2\/media\/20100"}],"wp:attachment":[{"href":"https:\/\/loewentestneu.metafex.io\/it\/wp-json\/wp\/v2\/media?parent=20092"}],"wp:term":[{"taxonomy":"product_brand","embeddable":true,"href":"https:\/\/loewentestneu.metafex.io\/it\/wp-json\/wp\/v2\/product_brand?post=20092"},{"taxonomy":"product_cat","embeddable":true,"href":"https:\/\/loewentestneu.metafex.io\/it\/wp-json\/wp\/v2\/product_cat?post=20092"},{"taxonomy":"product_tag","embeddable":true,"href":"https:\/\/loewentestneu.metafex.io\/it\/wp-json\/wp\/v2\/product_tag?post=20092"}],"curies":[{"name":"wp","href":"https:\/\/api.w.org\/{rel}","templated":true}]}}