{"id":2308,"date":"2023-09-16T14:52:08","date_gmt":"2023-09-16T13:52:08","guid":{"rendered":"https:\/\/lions-pharmacy.com\/?post_type=product&#038;p=2308"},"modified":"2025-01-24T21:59:11","modified_gmt":"2025-01-24T20:59:11","slug":"gripp-heel-compresse-250-pc-00433302","status":"publish","type":"product","link":"https:\/\/loewentestneu.metafex.io\/it\/prodotto\/gripp-heel-compresse-250-pc-00433302","title":{"rendered":"Compresse Gripp-Heel 250 pz"},"content":{"rendered":"<h3>Compresse Gripp-Heel 250 pz<\/h3>\n<p>Le compresse Gripp-Heel 250 pz sono particolarmente indicate per il trattamento delle infezioni influenzali quando i sintomi sono gi\u00e0 pronunciati. Supporta le difese del corpo, allevia i sintomi acuti, ha un effetto antinfiammatorio e promuove la guarigione dell&#8217;infezione simil-influenzale. I singoli ingredienti si combinano per produrre l&#8217;effetto antisintomo di Gripp-Heel: Aconitum napellus \u00e8 usato principalmente per l&#8217;infiammazione acuta delle mucose. Eupatorium perfoliatum \u00e8 usato per febbre, arti doloranti e raucedine.<\/p>\n<p>Lachesis \u00e8 usato per mal di testa, brividi e infiammazione delle mucose. La Bryonia completa lo spettro d&#8217;azione delle compresse Gripp-Heel agendo su laringite e tosse. In caso di esaurimento il fosforo \u00e8 di supporto, che ha inoltre dimostrato il suo valore in caso di infiammazione delle vie respiratorie.<\/p>\n<p>Indicazione: infezioni simil-influenzali.<\/p>\n<p>Altri prodotti per l&#8217;applicazione: infezioni | <a href=\"https:\/\/loewentestneu.metafex.io\/product-tag\/vitamins-supplements\">Vitamine &amp; integratori Prodotti<\/a><br \/>\nUlteriori informazioni sul produttore e su questo prodotto: <a href=\"https:\/\/www.heel.de\/de\/produktsuche.html\" target=\"_blank\" rel=\"noopener\">Biologische Heilmittel Heel GmbH<\/a> (link al sito esterno)<\/p>\n<p>Le informazioni contenute in questo sito web sono fornite solo a scopo informativo. Non sostituiscono in alcun modo la visita e il trattamento da parte di un medico. Ci\u00f2 significa che non \u00e8 possibile n\u00e9 fare diagnosi n\u00e9 iniziare terapie.<\/p>\n<p>Per i rischi e gli effetti collaterali, leggere il foglio illustrativo e rivolgersi al medico o al farmacista.<\/p>\n","protected":false},"excerpt":{"rendered":"<h2>Compresse Gripp-Heel 250 pz<\/h2>\n<p>Le compresse Gripp Heel sono particolarmente indicate per il trattamento delle infezioni simil-influenzali.<\/p>\n<p>&nbsp;<\/p>\n<p><strong>PZN<\/strong>: 00433302 (Pharma Central Number)<\/p>\n<p><strong>Forma di dosaggio<\/strong>: compresse<\/p>\n<p><strong>Tipo di prescrizione: senza prescrizione<\/strong><\/p>\n<p><strong>Marchio<\/strong>: Gripp-Heel<\/p>\n<p><strong>Produttore<\/strong>: Biologische Heilmittel Heel GmbH<\/p>\n<p><strong>Dimensione dell&#8217;imballaggio<\/strong>: 250 pz<\/p>\n","protected":false},"featured_media":4751,"comment_status":"closed","ping_status":"closed","template":"","meta":[],"product_brand":[],"product_cat":[347,124,115],"product_tag":[310],"class_list":{"0":"post-2308","1":"product","2":"type-product","3":"status-publish","4":"has-post-thumbnail","6":"product_cat-tallone","7":"product_cat-sale-it","8":"product_cat-non-categorizzato","9":"product_tag-vendita-mensile","10":"product_shipping_class-standard-it","11":"ts_product_brand-heel-it","13":"first","14":"instock","15":"sale","16":"taxable","17":"shipping-taxable","18":"purchasable","19":"product-type-simple"},"yoast_head":"<!-- This site is optimized with the Yoast SEO plugin v26.5 - https:\/\/yoast.com\/wordpress\/plugins\/seo\/ -->\n<title>Compresse Gripp-Heel 250 pz &#187; Lion Pharmacy &#187; ordina qui<\/title>\n<meta name=\"description\" content=\"Farmacia online tedesca registrata. Spedizione internazionale veloce e acquisti sicuri online. Farmaci per il tallone: Compresse Gripp-Heel 250 pz &gt; ordina direttamente qui\" \/>\n<meta name=\"robots\" content=\"noindex, follow, max-snippet:-1, max-image-preview:large, max-video-preview:-1\" \/>\n<meta property=\"og:locale\" content=\"it_IT\" \/>\n<meta property=\"og:type\" content=\"article\" \/>\n<meta property=\"og:title\" content=\"Compresse Gripp-Heel 250 pz &#187; Lion Pharmacy &#187; ordina qui\" \/>\n<meta property=\"og:description\" content=\"Farmacia online tedesca registrata. Spedizione internazionale veloce e acquisti sicuri online. Farmaci per il tallone: Compresse Gripp-Heel 250 pz &gt; ordina direttamente qui\" \/>\n<meta property=\"og:url\" content=\"https:\/\/loewentestneu.metafex.io\/it\/prodotto\/gripp-heel-compresse-250-pc-00433302\" \/>\n<meta property=\"og:site_name\" content=\"Lion Pharmacy\" \/>\n<meta property=\"article:modified_time\" content=\"2025-01-24T20:59:11+00:00\" \/>\n<meta property=\"og:image\" content=\"https:\/\/loewentestneu.metafex.io\/wp-content\/uploads\/2023\/09\/Gripp-Heel-Tablets-250-pc-Heel-Lions-Pharmacy.webp\" \/>\n\t<meta property=\"og:image:width\" content=\"600\" \/>\n\t<meta property=\"og:image:height\" content=\"600\" \/>\n\t<meta property=\"og:image:type\" content=\"image\/webp\" \/>\n<meta name=\"twitter:card\" content=\"summary_large_image\" \/>\n<meta name=\"twitter:label1\" content=\"Tempo di lettura stimato\" \/>\n\t<meta name=\"twitter:data1\" content=\"1 minuto\" \/>\n<script type=\"application\/ld+json\" class=\"yoast-schema-graph\">{\"@context\":\"https:\/\/schema.org\",\"@graph\":[{\"@type\":\"WebPage\",\"@id\":\"https:\/\/loewentestneu.metafex.io\/it\/prodotto\/gripp-heel-compresse-250-pc-00433302\",\"url\":\"https:\/\/loewentestneu.metafex.io\/it\/prodotto\/gripp-heel-compresse-250-pc-00433302\",\"name\":\"Compresse Gripp-Heel 250 pz &#187; Lion Pharmacy &#187; ordina qui\",\"isPartOf\":{\"@id\":\"https:\/\/loewentestneu.metafex.io\/it#website\"},\"primaryImageOfPage\":{\"@id\":\"https:\/\/loewentestneu.metafex.io\/it\/prodotto\/gripp-heel-compresse-250-pc-00433302#primaryimage\"},\"image\":{\"@id\":\"https:\/\/loewentestneu.metafex.io\/it\/prodotto\/gripp-heel-compresse-250-pc-00433302#primaryimage\"},\"thumbnailUrl\":\"https:\/\/loewentestneu.metafex.io\/wp-content\/uploads\/2023\/09\/Gripp-Heel-Tablets-250-pc-Heel-Lions-Pharmacy.webp\",\"datePublished\":\"2023-09-16T13:52:08+00:00\",\"dateModified\":\"2025-01-24T20:59:11+00:00\",\"description\":\"Farmacia online tedesca registrata. Spedizione internazionale veloce e acquisti sicuri online. Farmaci per il tallone: Compresse Gripp-Heel 250 pz > ordina direttamente qui\",\"breadcrumb\":{\"@id\":\"https:\/\/loewentestneu.metafex.io\/it\/prodotto\/gripp-heel-compresse-250-pc-00433302#breadcrumb\"},\"inLanguage\":\"it-IT\",\"potentialAction\":[{\"@type\":\"ReadAction\",\"target\":[\"https:\/\/loewentestneu.metafex.io\/it\/prodotto\/gripp-heel-compresse-250-pc-00433302\"]}]},{\"@type\":\"ImageObject\",\"inLanguage\":\"it-IT\",\"@id\":\"https:\/\/loewentestneu.metafex.io\/it\/prodotto\/gripp-heel-compresse-250-pc-00433302#primaryimage\",\"url\":\"https:\/\/loewentestneu.metafex.io\/wp-content\/uploads\/2023\/09\/Gripp-Heel-Tablets-250-pc-Heel-Lions-Pharmacy.webp\",\"contentUrl\":\"https:\/\/loewentestneu.metafex.io\/wp-content\/uploads\/2023\/09\/Gripp-Heel-Tablets-250-pc-Heel-Lions-Pharmacy.webp\",\"width\":600,\"height\":600,\"caption\":\"Compresse Gripp-Heel 250 pz Heel Lions Farmacia\"},{\"@type\":\"BreadcrumbList\",\"@id\":\"https:\/\/loewentestneu.metafex.io\/it\/prodotto\/gripp-heel-compresse-250-pc-00433302#breadcrumb\",\"itemListElement\":[{\"@type\":\"ListItem\",\"position\":1,\"name\":\"Home\",\"item\":\"https:\/\/loewentestneu.metafex.io\/it\/homepage-lion-pharmacy\"},{\"@type\":\"ListItem\",\"position\":2,\"name\":\"Shop\",\"item\":\"https:\/\/loewentestneu.metafex.io\/it\/negozio\"},{\"@type\":\"ListItem\",\"position\":3,\"name\":\"Compresse Gripp-Heel 250 pz\"}]},{\"@type\":\"WebSite\",\"@id\":\"https:\/\/loewentestneu.metafex.io\/it#website\",\"url\":\"https:\/\/loewentestneu.metafex.io\/it\",\"name\":\"Lions Pharmacy\",\"description\":\"Farmacia specializzata in naturopatia di Baden-Baden, Germania\",\"publisher\":{\"@id\":\"https:\/\/loewentestneu.metafex.io\/it#organization\"},\"alternateName\":\"Lion Pharmacy\",\"potentialAction\":[{\"@type\":\"SearchAction\",\"target\":{\"@type\":\"EntryPoint\",\"urlTemplate\":\"https:\/\/loewentestneu.metafex.io\/it?s={search_term_string}\"},\"query-input\":{\"@type\":\"PropertyValueSpecification\",\"valueRequired\":true,\"valueName\":\"search_term_string\"}}],\"inLanguage\":\"it-IT\"},{\"@type\":\"Organization\",\"@id\":\"https:\/\/loewentestneu.metafex.io\/it#organization\",\"name\":\"Lions Pharmacy\",\"alternateName\":\"Lions Pharmacy24\",\"url\":\"https:\/\/loewentestneu.metafex.io\/it\",\"logo\":{\"@type\":\"ImageObject\",\"inLanguage\":\"it-IT\",\"@id\":\"https:\/\/loewentestneu.metafex.io\/it#\/schema\/logo\/image\/\",\"url\":\"https:\/\/loewentestneu.metafex.io\/wp-content\/uploads\/2022\/12\/Logo-Lion-Pharmacy-c-o-Loewen-Apotheke-smal.jpg\",\"contentUrl\":\"https:\/\/loewentestneu.metafex.io\/wp-content\/uploads\/2022\/12\/Logo-Lion-Pharmacy-c-o-Loewen-Apotheke-smal.jpg\",\"width\":298,\"height\":99,\"caption\":\"Lions Pharmacy\"},\"image\":{\"@id\":\"https:\/\/loewentestneu.metafex.io\/it#\/schema\/logo\/image\/\"}}]}<\/script>\n<!-- \/ Yoast SEO plugin. -->","yoast_head_json":{"title":"Compresse Gripp-Heel 250 pz &#187; Lion Pharmacy &#187; ordina qui","description":"Farmacia online tedesca registrata. Spedizione internazionale veloce e acquisti sicuri online. Farmaci per il tallone: Compresse Gripp-Heel 250 pz > ordina direttamente qui","robots":{"index":"noindex","follow":"follow","max-snippet":"max-snippet:-1","max-image-preview":"max-image-preview:large","max-video-preview":"max-video-preview:-1"},"og_locale":"it_IT","og_type":"article","og_title":"Compresse Gripp-Heel 250 pz &#187; Lion Pharmacy &#187; ordina qui","og_description":"Farmacia online tedesca registrata. Spedizione internazionale veloce e acquisti sicuri online. Farmaci per il tallone: Compresse Gripp-Heel 250 pz > ordina direttamente qui","og_url":"https:\/\/loewentestneu.metafex.io\/it\/prodotto\/gripp-heel-compresse-250-pc-00433302","og_site_name":"Lion Pharmacy","article_modified_time":"2025-01-24T20:59:11+00:00","og_image":[{"width":600,"height":600,"url":"https:\/\/loewentestneu.metafex.io\/wp-content\/uploads\/2023\/09\/Gripp-Heel-Tablets-250-pc-Heel-Lions-Pharmacy.webp","type":"image\/webp"}],"twitter_card":"summary_large_image","twitter_misc":{"Tempo di lettura stimato":"1 minuto"},"schema":{"@context":"https:\/\/schema.org","@graph":[{"@type":"WebPage","@id":"https:\/\/loewentestneu.metafex.io\/it\/prodotto\/gripp-heel-compresse-250-pc-00433302","url":"https:\/\/loewentestneu.metafex.io\/it\/prodotto\/gripp-heel-compresse-250-pc-00433302","name":"Compresse Gripp-Heel 250 pz &#187; Lion Pharmacy &#187; ordina qui","isPartOf":{"@id":"https:\/\/loewentestneu.metafex.io\/it#website"},"primaryImageOfPage":{"@id":"https:\/\/loewentestneu.metafex.io\/it\/prodotto\/gripp-heel-compresse-250-pc-00433302#primaryimage"},"image":{"@id":"https:\/\/loewentestneu.metafex.io\/it\/prodotto\/gripp-heel-compresse-250-pc-00433302#primaryimage"},"thumbnailUrl":"https:\/\/loewentestneu.metafex.io\/wp-content\/uploads\/2023\/09\/Gripp-Heel-Tablets-250-pc-Heel-Lions-Pharmacy.webp","datePublished":"2023-09-16T13:52:08+00:00","dateModified":"2025-01-24T20:59:11+00:00","description":"Farmacia online tedesca registrata. Spedizione internazionale veloce e acquisti sicuri online. Farmaci per il tallone: Compresse Gripp-Heel 250 pz > ordina direttamente qui","breadcrumb":{"@id":"https:\/\/loewentestneu.metafex.io\/it\/prodotto\/gripp-heel-compresse-250-pc-00433302#breadcrumb"},"inLanguage":"it-IT","potentialAction":[{"@type":"ReadAction","target":["https:\/\/loewentestneu.metafex.io\/it\/prodotto\/gripp-heel-compresse-250-pc-00433302"]}]},{"@type":"ImageObject","inLanguage":"it-IT","@id":"https:\/\/loewentestneu.metafex.io\/it\/prodotto\/gripp-heel-compresse-250-pc-00433302#primaryimage","url":"https:\/\/loewentestneu.metafex.io\/wp-content\/uploads\/2023\/09\/Gripp-Heel-Tablets-250-pc-Heel-Lions-Pharmacy.webp","contentUrl":"https:\/\/loewentestneu.metafex.io\/wp-content\/uploads\/2023\/09\/Gripp-Heel-Tablets-250-pc-Heel-Lions-Pharmacy.webp","width":600,"height":600,"caption":"Compresse Gripp-Heel 250 pz Heel Lions Farmacia"},{"@type":"BreadcrumbList","@id":"https:\/\/loewentestneu.metafex.io\/it\/prodotto\/gripp-heel-compresse-250-pc-00433302#breadcrumb","itemListElement":[{"@type":"ListItem","position":1,"name":"Home","item":"https:\/\/loewentestneu.metafex.io\/it\/homepage-lion-pharmacy"},{"@type":"ListItem","position":2,"name":"Shop","item":"https:\/\/loewentestneu.metafex.io\/it\/negozio"},{"@type":"ListItem","position":3,"name":"Compresse Gripp-Heel 250 pz"}]},{"@type":"WebSite","@id":"https:\/\/loewentestneu.metafex.io\/it#website","url":"https:\/\/loewentestneu.metafex.io\/it","name":"Lions Pharmacy","description":"Farmacia specializzata in naturopatia di Baden-Baden, Germania","publisher":{"@id":"https:\/\/loewentestneu.metafex.io\/it#organization"},"alternateName":"Lion Pharmacy","potentialAction":[{"@type":"SearchAction","target":{"@type":"EntryPoint","urlTemplate":"https:\/\/loewentestneu.metafex.io\/it?s={search_term_string}"},"query-input":{"@type":"PropertyValueSpecification","valueRequired":true,"valueName":"search_term_string"}}],"inLanguage":"it-IT"},{"@type":"Organization","@id":"https:\/\/loewentestneu.metafex.io\/it#organization","name":"Lions Pharmacy","alternateName":"Lions Pharmacy24","url":"https:\/\/loewentestneu.metafex.io\/it","logo":{"@type":"ImageObject","inLanguage":"it-IT","@id":"https:\/\/loewentestneu.metafex.io\/it#\/schema\/logo\/image\/","url":"https:\/\/loewentestneu.metafex.io\/wp-content\/uploads\/2022\/12\/Logo-Lion-Pharmacy-c-o-Loewen-Apotheke-smal.jpg","contentUrl":"https:\/\/loewentestneu.metafex.io\/wp-content\/uploads\/2022\/12\/Logo-Lion-Pharmacy-c-o-Loewen-Apotheke-smal.jpg","width":298,"height":99,"caption":"Lions Pharmacy"},"image":{"@id":"https:\/\/loewentestneu.metafex.io\/it#\/schema\/logo\/image\/"}}]}},"_links":{"self":[{"href":"https:\/\/loewentestneu.metafex.io\/it\/wp-json\/wp\/v2\/product\/2308","targetHints":{"allow":["GET"]}}],"collection":[{"href":"https:\/\/loewentestneu.metafex.io\/it\/wp-json\/wp\/v2\/product"}],"about":[{"href":"https:\/\/loewentestneu.metafex.io\/it\/wp-json\/wp\/v2\/types\/product"}],"replies":[{"embeddable":true,"href":"https:\/\/loewentestneu.metafex.io\/it\/wp-json\/wp\/v2\/comments?post=2308"}],"wp:featuredmedia":[{"embeddable":true,"href":"https:\/\/loewentestneu.metafex.io\/it\/wp-json\/wp\/v2\/media\/4751"}],"wp:attachment":[{"href":"https:\/\/loewentestneu.metafex.io\/it\/wp-json\/wp\/v2\/media?parent=2308"}],"wp:term":[{"taxonomy":"product_brand","embeddable":true,"href":"https:\/\/loewentestneu.metafex.io\/it\/wp-json\/wp\/v2\/product_brand?post=2308"},{"taxonomy":"product_cat","embeddable":true,"href":"https:\/\/loewentestneu.metafex.io\/it\/wp-json\/wp\/v2\/product_cat?post=2308"},{"taxonomy":"product_tag","embeddable":true,"href":"https:\/\/loewentestneu.metafex.io\/it\/wp-json\/wp\/v2\/product_tag?post=2308"}],"curies":[{"name":"wp","href":"https:\/\/api.w.org\/{rel}","templated":true}]}}