{"id":2336,"date":"2023-09-17T07:30:42","date_gmt":"2023-09-17T06:30:42","guid":{"rendered":"https:\/\/lions-pharmacy.com\/?post_type=product&#038;p=2336"},"modified":"2025-01-24T20:38:22","modified_gmt":"2025-01-24T19:38:22","slug":"vertigoheel-gos-100ml-01088959","status":"publish","type":"product","link":"https:\/\/loewentestneu.metafex.io\/it\/prodotto\/vertigoheel-gos-100ml-01088959","title":{"rendered":"Vertigoheel gocce 100ml"},"content":{"rendered":"<h3>Vertigoheel gocce 100ml<\/h3>\n<p>Vertigoheel gocce: Vertigoheel \u00e8 una medicina naturale per le vertigini.<\/p>\n<p>Come parte del nostro approccio terapeutico centrato sul paziente, i farmaci Heel si concentrano sulla capacit\u00e0 del corpo di autoregolarsi. Supportano l&#8217;attivazione dei meccanismi del corpo per promuovere il recupero, piuttosto che sopprimere solo i sintomi della malattia. I farmaci per il tallone a base di principi attivi naturali stimolano e rafforzano questo processo e i pazienti beneficiano di un approccio terapeutico sicuro e sostenibile.<\/p>\n<p>Compresse di Vertigoheel &#8211; medicinale omeopatico registrato, quindi senza indicazione per uso terapeutico. Se i sintomi della malattia persistono durante l&#8217;uso, consultare un medico.<\/p>\n<p>Altri prodotti per l&#8217;applicazione: infezioni | <a href=\"https:\/\/loewentestneu.metafex.io\/product-tag\/vitamins-supplements\">Vitamine &amp; integratori Prodotti<\/a><br \/>\nScopri di pi\u00f9 sul manufactorer e su questo <a href=\"https:\/\/www.vertigoheel.de\/\" target=\"_blank\" rel=\"noopener\">prodotto vertigoheel<\/a> o visita la pagina del produttore: <a href=\"https:\/\/www.heel.de\/de\/produktsuche.html\" target=\"_blank\" rel=\"noopener\">Biologische <\/a><a href=\"https:\/\/www.heel.de\/de\/produktsuche.html\">Heilmittel<\/a> <a href=\"https:\/\/www.heel.de\/de\/produktsuche.html\" target=\"_blank\" rel=\"noopener\">Heel GmbH<\/a><\/p>\n<p>Le informazioni contenute in questo sito web sono fornite solo a scopo informativo. Non sostituiscono in alcun modo la visita e il trattamento da parte di un medico. Ci\u00f2 significa che non \u00e8 possibile n\u00e9 fare diagnosi n\u00e9 iniziare terapie.<\/p>\n<p>Per i rischi e gli effetti collaterali, leggere il foglio illustrativo e rivolgersi al medico o al farmacista.<\/p>\n","protected":false},"excerpt":{"rendered":"<h2>Vertigoheel gocce 100ml<\/h2>\n<p>Vertigoheel \u00e8 una medicina naturale per le vertigini<\/p>\n<p>&nbsp;<\/p>\n<p>PZN: 01088959 (Pharma Central Number)<\/p>\n<p>Forma di dosaggio: gocce<\/p>\n<p>Tipo di prescrizione: senza prescrizione<\/p>\n<p>Marca: Vertigoheel<\/p>\n<p>Produttore: Biologische Heilmittel Heel GmbH<\/p>\n<p>Formato dell&#8217;imballaggio: 100ml<\/p>\n","protected":false},"featured_media":2217,"comment_status":"closed","ping_status":"closed","template":"","meta":[],"product_brand":[],"product_cat":[347,115],"product_tag":[],"class_list":{"0":"post-2336","1":"product","2":"type-product","3":"status-publish","4":"has-post-thumbnail","6":"product_cat-tallone","7":"product_cat-non-categorizzato","8":"product_shipping_class-standard-it","9":"ts_product_brand-all-it","10":"ts_product_brand-heel-it","12":"first","13":"instock","14":"sale","15":"taxable","16":"shipping-taxable","17":"purchasable","18":"product-type-simple"},"yoast_head":"<!-- This site is optimized with the Yoast SEO plugin v26.5 - https:\/\/yoast.com\/wordpress\/plugins\/seo\/ -->\n<title>Vertigoheel gocce 100ml &#187; Lion Pharmacy &#187; ordina qui<\/title>\n<meta name=\"description\" content=\"Farmacia online tedesca registrata. Spedizione internazionale veloce e acquisti sicuri online. Farmaci per il tallone: Vertigoheel gocce 100ml &gt; ordina direttamente qui\" \/>\n<meta name=\"robots\" content=\"noindex, follow, max-snippet:-1, max-image-preview:large, max-video-preview:-1\" \/>\n<meta property=\"og:locale\" content=\"it_IT\" \/>\n<meta property=\"og:type\" content=\"article\" \/>\n<meta property=\"og:title\" content=\"Vertigoheel gocce 100ml &#187; Lion Pharmacy &#187; ordina qui\" \/>\n<meta property=\"og:description\" content=\"Farmacia online tedesca registrata. Spedizione internazionale veloce e acquisti sicuri online. Farmaci per il tallone: Vertigoheel gocce 100ml &gt; ordina direttamente qui\" \/>\n<meta property=\"og:url\" content=\"https:\/\/loewentestneu.metafex.io\/it\/prodotto\/vertigoheel-gos-100ml-01088959\" \/>\n<meta property=\"og:site_name\" content=\"Lion Pharmacy\" \/>\n<meta property=\"article:modified_time\" content=\"2025-01-24T19:38:22+00:00\" \/>\n<meta property=\"og:image\" content=\"https:\/\/loewentestneu.metafex.io\/wp-content\/uploads\/2023\/09\/Heel-Vertigoheel-Tropfen-100ml-01088959-Heel-Lowen-Apotheke-1.webp\" \/>\n\t<meta property=\"og:image:width\" content=\"600\" \/>\n\t<meta property=\"og:image:height\" content=\"600\" \/>\n\t<meta property=\"og:image:type\" content=\"image\/webp\" \/>\n<meta name=\"twitter:card\" content=\"summary_large_image\" \/>\n<meta name=\"twitter:label1\" content=\"Tempo di lettura stimato\" \/>\n\t<meta name=\"twitter:data1\" content=\"1 minuto\" \/>\n<script type=\"application\/ld+json\" class=\"yoast-schema-graph\">{\"@context\":\"https:\/\/schema.org\",\"@graph\":[{\"@type\":\"WebPage\",\"@id\":\"https:\/\/loewentestneu.metafex.io\/it\/prodotto\/vertigoheel-gos-100ml-01088959\",\"url\":\"https:\/\/loewentestneu.metafex.io\/it\/prodotto\/vertigoheel-gos-100ml-01088959\",\"name\":\"Vertigoheel gocce 100ml &#187; Lion Pharmacy &#187; ordina qui\",\"isPartOf\":{\"@id\":\"https:\/\/loewentestneu.metafex.io\/it#website\"},\"primaryImageOfPage\":{\"@id\":\"https:\/\/loewentestneu.metafex.io\/it\/prodotto\/vertigoheel-gos-100ml-01088959#primaryimage\"},\"image\":{\"@id\":\"https:\/\/loewentestneu.metafex.io\/it\/prodotto\/vertigoheel-gos-100ml-01088959#primaryimage\"},\"thumbnailUrl\":\"https:\/\/loewentestneu.metafex.io\/wp-content\/uploads\/2023\/09\/Heel-Vertigoheel-Tropfen-100ml-01088959-Heel-Lowen-Apotheke-1.webp\",\"datePublished\":\"2023-09-17T06:30:42+00:00\",\"dateModified\":\"2025-01-24T19:38:22+00:00\",\"description\":\"Farmacia online tedesca registrata. Spedizione internazionale veloce e acquisti sicuri online. Farmaci per il tallone: Vertigoheel gocce 100ml > ordina direttamente qui\",\"breadcrumb\":{\"@id\":\"https:\/\/loewentestneu.metafex.io\/it\/prodotto\/vertigoheel-gos-100ml-01088959#breadcrumb\"},\"inLanguage\":\"it-IT\",\"potentialAction\":[{\"@type\":\"ReadAction\",\"target\":[\"https:\/\/loewentestneu.metafex.io\/it\/prodotto\/vertigoheel-gos-100ml-01088959\"]}]},{\"@type\":\"ImageObject\",\"inLanguage\":\"it-IT\",\"@id\":\"https:\/\/loewentestneu.metafex.io\/it\/prodotto\/vertigoheel-gos-100ml-01088959#primaryimage\",\"url\":\"https:\/\/loewentestneu.metafex.io\/wp-content\/uploads\/2023\/09\/Heel-Vertigoheel-Tropfen-100ml-01088959-Heel-Lowen-Apotheke-1.webp\",\"contentUrl\":\"https:\/\/loewentestneu.metafex.io\/wp-content\/uploads\/2023\/09\/Heel-Vertigoheel-Tropfen-100ml-01088959-Heel-Lowen-Apotheke-1.webp\",\"width\":600,\"height\":600,\"caption\":\"Tacco Vertigoheel Tropfen 100ml 01088959 Tacco L\u00f6wen Apotheke\"},{\"@type\":\"BreadcrumbList\",\"@id\":\"https:\/\/loewentestneu.metafex.io\/it\/prodotto\/vertigoheel-gos-100ml-01088959#breadcrumb\",\"itemListElement\":[{\"@type\":\"ListItem\",\"position\":1,\"name\":\"Home\",\"item\":\"https:\/\/loewentestneu.metafex.io\/it\/homepage-lion-pharmacy\"},{\"@type\":\"ListItem\",\"position\":2,\"name\":\"Shop\",\"item\":\"https:\/\/loewentestneu.metafex.io\/it\/negozio\"},{\"@type\":\"ListItem\",\"position\":3,\"name\":\"Vertigoheel gocce 100ml\"}]},{\"@type\":\"WebSite\",\"@id\":\"https:\/\/loewentestneu.metafex.io\/it#website\",\"url\":\"https:\/\/loewentestneu.metafex.io\/it\",\"name\":\"Lions Pharmacy\",\"description\":\"Farmacia specializzata in naturopatia di Baden-Baden, Germania\",\"publisher\":{\"@id\":\"https:\/\/loewentestneu.metafex.io\/it#organization\"},\"alternateName\":\"Lion Pharmacy\",\"potentialAction\":[{\"@type\":\"SearchAction\",\"target\":{\"@type\":\"EntryPoint\",\"urlTemplate\":\"https:\/\/loewentestneu.metafex.io\/it?s={search_term_string}\"},\"query-input\":{\"@type\":\"PropertyValueSpecification\",\"valueRequired\":true,\"valueName\":\"search_term_string\"}}],\"inLanguage\":\"it-IT\"},{\"@type\":\"Organization\",\"@id\":\"https:\/\/loewentestneu.metafex.io\/it#organization\",\"name\":\"Lions Pharmacy\",\"alternateName\":\"Lions Pharmacy24\",\"url\":\"https:\/\/loewentestneu.metafex.io\/it\",\"logo\":{\"@type\":\"ImageObject\",\"inLanguage\":\"it-IT\",\"@id\":\"https:\/\/loewentestneu.metafex.io\/it#\/schema\/logo\/image\/\",\"url\":\"https:\/\/loewentestneu.metafex.io\/wp-content\/uploads\/2022\/12\/Logo-Lion-Pharmacy-c-o-Loewen-Apotheke-smal.jpg\",\"contentUrl\":\"https:\/\/loewentestneu.metafex.io\/wp-content\/uploads\/2022\/12\/Logo-Lion-Pharmacy-c-o-Loewen-Apotheke-smal.jpg\",\"width\":298,\"height\":99,\"caption\":\"Lions Pharmacy\"},\"image\":{\"@id\":\"https:\/\/loewentestneu.metafex.io\/it#\/schema\/logo\/image\/\"}}]}<\/script>\n<!-- \/ Yoast SEO plugin. -->","yoast_head_json":{"title":"Vertigoheel gocce 100ml &#187; Lion Pharmacy &#187; ordina qui","description":"Farmacia online tedesca registrata. Spedizione internazionale veloce e acquisti sicuri online. Farmaci per il tallone: Vertigoheel gocce 100ml > ordina direttamente qui","robots":{"index":"noindex","follow":"follow","max-snippet":"max-snippet:-1","max-image-preview":"max-image-preview:large","max-video-preview":"max-video-preview:-1"},"og_locale":"it_IT","og_type":"article","og_title":"Vertigoheel gocce 100ml &#187; Lion Pharmacy &#187; ordina qui","og_description":"Farmacia online tedesca registrata. Spedizione internazionale veloce e acquisti sicuri online. Farmaci per il tallone: Vertigoheel gocce 100ml > ordina direttamente qui","og_url":"https:\/\/loewentestneu.metafex.io\/it\/prodotto\/vertigoheel-gos-100ml-01088959","og_site_name":"Lion Pharmacy","article_modified_time":"2025-01-24T19:38:22+00:00","og_image":[{"width":600,"height":600,"url":"https:\/\/loewentestneu.metafex.io\/wp-content\/uploads\/2023\/09\/Heel-Vertigoheel-Tropfen-100ml-01088959-Heel-Lowen-Apotheke-1.webp","type":"image\/webp"}],"twitter_card":"summary_large_image","twitter_misc":{"Tempo di lettura stimato":"1 minuto"},"schema":{"@context":"https:\/\/schema.org","@graph":[{"@type":"WebPage","@id":"https:\/\/loewentestneu.metafex.io\/it\/prodotto\/vertigoheel-gos-100ml-01088959","url":"https:\/\/loewentestneu.metafex.io\/it\/prodotto\/vertigoheel-gos-100ml-01088959","name":"Vertigoheel gocce 100ml &#187; Lion Pharmacy &#187; ordina qui","isPartOf":{"@id":"https:\/\/loewentestneu.metafex.io\/it#website"},"primaryImageOfPage":{"@id":"https:\/\/loewentestneu.metafex.io\/it\/prodotto\/vertigoheel-gos-100ml-01088959#primaryimage"},"image":{"@id":"https:\/\/loewentestneu.metafex.io\/it\/prodotto\/vertigoheel-gos-100ml-01088959#primaryimage"},"thumbnailUrl":"https:\/\/loewentestneu.metafex.io\/wp-content\/uploads\/2023\/09\/Heel-Vertigoheel-Tropfen-100ml-01088959-Heel-Lowen-Apotheke-1.webp","datePublished":"2023-09-17T06:30:42+00:00","dateModified":"2025-01-24T19:38:22+00:00","description":"Farmacia online tedesca registrata. Spedizione internazionale veloce e acquisti sicuri online. Farmaci per il tallone: Vertigoheel gocce 100ml > ordina direttamente qui","breadcrumb":{"@id":"https:\/\/loewentestneu.metafex.io\/it\/prodotto\/vertigoheel-gos-100ml-01088959#breadcrumb"},"inLanguage":"it-IT","potentialAction":[{"@type":"ReadAction","target":["https:\/\/loewentestneu.metafex.io\/it\/prodotto\/vertigoheel-gos-100ml-01088959"]}]},{"@type":"ImageObject","inLanguage":"it-IT","@id":"https:\/\/loewentestneu.metafex.io\/it\/prodotto\/vertigoheel-gos-100ml-01088959#primaryimage","url":"https:\/\/loewentestneu.metafex.io\/wp-content\/uploads\/2023\/09\/Heel-Vertigoheel-Tropfen-100ml-01088959-Heel-Lowen-Apotheke-1.webp","contentUrl":"https:\/\/loewentestneu.metafex.io\/wp-content\/uploads\/2023\/09\/Heel-Vertigoheel-Tropfen-100ml-01088959-Heel-Lowen-Apotheke-1.webp","width":600,"height":600,"caption":"Tacco Vertigoheel Tropfen 100ml 01088959 Tacco L\u00f6wen Apotheke"},{"@type":"BreadcrumbList","@id":"https:\/\/loewentestneu.metafex.io\/it\/prodotto\/vertigoheel-gos-100ml-01088959#breadcrumb","itemListElement":[{"@type":"ListItem","position":1,"name":"Home","item":"https:\/\/loewentestneu.metafex.io\/it\/homepage-lion-pharmacy"},{"@type":"ListItem","position":2,"name":"Shop","item":"https:\/\/loewentestneu.metafex.io\/it\/negozio"},{"@type":"ListItem","position":3,"name":"Vertigoheel gocce 100ml"}]},{"@type":"WebSite","@id":"https:\/\/loewentestneu.metafex.io\/it#website","url":"https:\/\/loewentestneu.metafex.io\/it","name":"Lions Pharmacy","description":"Farmacia specializzata in naturopatia di Baden-Baden, Germania","publisher":{"@id":"https:\/\/loewentestneu.metafex.io\/it#organization"},"alternateName":"Lion Pharmacy","potentialAction":[{"@type":"SearchAction","target":{"@type":"EntryPoint","urlTemplate":"https:\/\/loewentestneu.metafex.io\/it?s={search_term_string}"},"query-input":{"@type":"PropertyValueSpecification","valueRequired":true,"valueName":"search_term_string"}}],"inLanguage":"it-IT"},{"@type":"Organization","@id":"https:\/\/loewentestneu.metafex.io\/it#organization","name":"Lions Pharmacy","alternateName":"Lions Pharmacy24","url":"https:\/\/loewentestneu.metafex.io\/it","logo":{"@type":"ImageObject","inLanguage":"it-IT","@id":"https:\/\/loewentestneu.metafex.io\/it#\/schema\/logo\/image\/","url":"https:\/\/loewentestneu.metafex.io\/wp-content\/uploads\/2022\/12\/Logo-Lion-Pharmacy-c-o-Loewen-Apotheke-smal.jpg","contentUrl":"https:\/\/loewentestneu.metafex.io\/wp-content\/uploads\/2022\/12\/Logo-Lion-Pharmacy-c-o-Loewen-Apotheke-smal.jpg","width":298,"height":99,"caption":"Lions Pharmacy"},"image":{"@id":"https:\/\/loewentestneu.metafex.io\/it#\/schema\/logo\/image\/"}}]}},"_links":{"self":[{"href":"https:\/\/loewentestneu.metafex.io\/it\/wp-json\/wp\/v2\/product\/2336","targetHints":{"allow":["GET"]}}],"collection":[{"href":"https:\/\/loewentestneu.metafex.io\/it\/wp-json\/wp\/v2\/product"}],"about":[{"href":"https:\/\/loewentestneu.metafex.io\/it\/wp-json\/wp\/v2\/types\/product"}],"replies":[{"embeddable":true,"href":"https:\/\/loewentestneu.metafex.io\/it\/wp-json\/wp\/v2\/comments?post=2336"}],"wp:featuredmedia":[{"embeddable":true,"href":"https:\/\/loewentestneu.metafex.io\/it\/wp-json\/wp\/v2\/media\/2217"}],"wp:attachment":[{"href":"https:\/\/loewentestneu.metafex.io\/it\/wp-json\/wp\/v2\/media?parent=2336"}],"wp:term":[{"taxonomy":"product_brand","embeddable":true,"href":"https:\/\/loewentestneu.metafex.io\/it\/wp-json\/wp\/v2\/product_brand?post=2336"},{"taxonomy":"product_cat","embeddable":true,"href":"https:\/\/loewentestneu.metafex.io\/it\/wp-json\/wp\/v2\/product_cat?post=2336"},{"taxonomy":"product_tag","embeddable":true,"href":"https:\/\/loewentestneu.metafex.io\/it\/wp-json\/wp\/v2\/product_tag?post=2336"}],"curies":[{"name":"wp","href":"https:\/\/api.w.org\/{rel}","templated":true}]}}