{"id":2361,"date":"2023-09-18T16:20:23","date_gmt":"2023-09-18T15:20:23","guid":{"rendered":"https:\/\/lions-pharmacy.com\/?post_type=product&#038;p=2361"},"modified":"2025-01-24T20:34:36","modified_gmt":"2025-01-24T19:34:36","slug":"zeel-comp-n-compresse-250-pcs-02464175","status":"publish","type":"product","link":"https:\/\/loewentestneu.metafex.io\/it\/prodotto\/zeel-comp-n-compresse-250-pcs-02464175","title":{"rendered":"Zeel comp N compresse 250 pz."},"content":{"rendered":"<h3>Zeel comp N compresse<\/h3>\n<p>Zeel comp N compresse: Medicina omeopatica per disturbi articolari reumatici. Medicina omeopatica per le malattie dell&#8217;apparato muscolo-scheletrico.<br \/>\nLe indicazioni per l&#8217;uso derivano dalle immagini dei farmaci omeopatici. Questi includono: Disturbi articolari reumatici.<\/p>\n<p>Come parte del nostro approccio terapeutico centrato sul paziente, i farmaci Heel si concentrano sulla capacit\u00e0 del corpo di autoregolarsi. Supportano l&#8217;attivazione dei meccanismi del corpo per promuovere il recupero, piuttosto che sopprimere solo i sintomi della malattia. I farmaci per il tallone a base di principi attivi naturali stimolano e rafforzano questo processo e i pazienti beneficiano di un approccio terapeutico sicuro e sostenibile.<\/p>\n<p>Altri prodotti per l&#8217;applicazione: infezioni | <a href=\"https:\/\/loewentestneu.metafex.io\/product-tag\/vitamins-supplements\">Vitamine &amp; integratori Prodotti<\/a><br \/>\nUlteriori informazioni su manufactorer e questo <a href=\"https:\/\/www.heel.de\/de\/zeel-comp-n.html\" target=\"_blank\" rel=\"noopener\">prodotto Zeel comp N compresse<\/a> : oppure visita la pagina del produttore: <a href=\"https:\/\/www.heel.de\/de\/produktsuche.html\" target=\"_blank\" rel=\"noopener\">Biologische <\/a><a href=\"https:\/\/www.heel.de\/de\/produktsuche.html\">Heilmittel<\/a> <a href=\"https:\/\/www.heel.de\/de\/produktsuche.html\" target=\"_blank\" rel=\"noopener\">Heel GmbH<\/a><\/p>\n<p>Le informazioni contenute in questo sito web sono fornite solo a scopo informativo. Non sostituiscono in alcun modo la visita e il trattamento da parte di un medico. Ci\u00f2 significa che non \u00e8 possibile n\u00e9 fare diagnosi n\u00e9 iniziare terapie.<\/p>\n<p>Per i rischi e gli effetti collaterali, leggere il foglio illustrativo e rivolgersi al medico o al farmacista.<\/p>\n","protected":false},"excerpt":{"rendered":"<h2>Zeel comp N compresse 250 pz.<\/h2>\n<p>Medicina omeopatica per disturbi articolari reumatici.<\/p>\n<p>&nbsp;<\/p>\n<p>PZN: 02464175 (Pharma Central Number)<\/p>\n<p>Forma di dosaggio: compresse<\/p>\n<p>Tipo di prescrizione: senza prescrizione<\/p>\n<p>Marchio: Zeel<\/p>\n<p>Produttore: Biologische Heilmittel Heel GmbH<\/p>\n<p>Formato dell&#8217;imballaggio: 250 pz.<\/p>\n","protected":false},"featured_media":2365,"comment_status":"closed","ping_status":"closed","template":"","meta":[],"product_brand":[],"product_cat":[347,115],"product_tag":[],"class_list":{"0":"post-2361","1":"product","2":"type-product","3":"status-publish","4":"has-post-thumbnail","6":"product_cat-tallone","7":"product_cat-non-categorizzato","8":"product_shipping_class-standard-it","9":"ts_product_brand-all-it","10":"ts_product_brand-heel-it","12":"first","13":"instock","14":"sale","15":"taxable","16":"shipping-taxable","17":"purchasable","18":"product-type-simple"},"yoast_head":"<!-- This site is optimized with the Yoast SEO plugin v26.5 - https:\/\/yoast.com\/wordpress\/plugins\/seo\/ -->\n<title>Zeel comp N compresse 250 pz. &#187; Lion Pharmacy &#187; ordina qui<\/title>\n<meta name=\"description\" content=\"Farmacia online tedesca registrata. Spedizione internazionale veloce e acquisti sicuri online. Farmaci per il tallone: Zeel comp N compresse 250 pz. &gt; ordina direttamente qui\" \/>\n<meta name=\"robots\" content=\"noindex, follow, max-snippet:-1, max-image-preview:large, max-video-preview:-1\" \/>\n<meta property=\"og:locale\" content=\"it_IT\" \/>\n<meta property=\"og:type\" content=\"article\" \/>\n<meta property=\"og:title\" content=\"Zeel comp N compresse 250 pz. &#187; Lion Pharmacy &#187; ordina qui\" \/>\n<meta property=\"og:description\" content=\"Farmacia online tedesca registrata. Spedizione internazionale veloce e acquisti sicuri online. Farmaci per il tallone: Zeel comp N compresse 250 pz. &gt; ordina direttamente qui\" \/>\n<meta property=\"og:url\" content=\"https:\/\/loewentestneu.metafex.io\/it\/prodotto\/zeel-comp-n-compresse-250-pcs-02464175\" \/>\n<meta property=\"og:site_name\" content=\"Lion Pharmacy\" \/>\n<meta property=\"article:modified_time\" content=\"2025-01-24T19:34:36+00:00\" \/>\n<meta property=\"og:image\" content=\"https:\/\/loewentestneu.metafex.io\/wp-content\/uploads\/2023\/09\/Zeel-comp.-N-tablets-Heel-Lions-Pharmacy-loewen-apotheke24.webp\" \/>\n\t<meta property=\"og:image:width\" content=\"600\" \/>\n\t<meta property=\"og:image:height\" content=\"600\" \/>\n\t<meta property=\"og:image:type\" content=\"image\/webp\" \/>\n<meta name=\"twitter:card\" content=\"summary_large_image\" \/>\n<meta name=\"twitter:label1\" content=\"Tempo di lettura stimato\" \/>\n\t<meta name=\"twitter:data1\" content=\"1 minuto\" \/>\n<script type=\"application\/ld+json\" class=\"yoast-schema-graph\">{\"@context\":\"https:\/\/schema.org\",\"@graph\":[{\"@type\":\"WebPage\",\"@id\":\"https:\/\/loewentestneu.metafex.io\/it\/prodotto\/zeel-comp-n-compresse-250-pcs-02464175\",\"url\":\"https:\/\/loewentestneu.metafex.io\/it\/prodotto\/zeel-comp-n-compresse-250-pcs-02464175\",\"name\":\"Zeel comp N compresse 250 pz. &#187; Lion Pharmacy &#187; ordina qui\",\"isPartOf\":{\"@id\":\"https:\/\/loewentestneu.metafex.io\/it#website\"},\"primaryImageOfPage\":{\"@id\":\"https:\/\/loewentestneu.metafex.io\/it\/prodotto\/zeel-comp-n-compresse-250-pcs-02464175#primaryimage\"},\"image\":{\"@id\":\"https:\/\/loewentestneu.metafex.io\/it\/prodotto\/zeel-comp-n-compresse-250-pcs-02464175#primaryimage\"},\"thumbnailUrl\":\"https:\/\/loewentestneu.metafex.io\/wp-content\/uploads\/2023\/09\/Zeel-comp.-N-tablets-Heel-Lions-Pharmacy-loewen-apotheke24.webp\",\"datePublished\":\"2023-09-18T15:20:23+00:00\",\"dateModified\":\"2025-01-24T19:34:36+00:00\",\"description\":\"Farmacia online tedesca registrata. Spedizione internazionale veloce e acquisti sicuri online. Farmaci per il tallone: Zeel comp N compresse 250 pz. > ordina direttamente qui\",\"breadcrumb\":{\"@id\":\"https:\/\/loewentestneu.metafex.io\/it\/prodotto\/zeel-comp-n-compresse-250-pcs-02464175#breadcrumb\"},\"inLanguage\":\"it-IT\",\"potentialAction\":[{\"@type\":\"ReadAction\",\"target\":[\"https:\/\/loewentestneu.metafex.io\/it\/prodotto\/zeel-comp-n-compresse-250-pcs-02464175\"]}]},{\"@type\":\"ImageObject\",\"inLanguage\":\"it-IT\",\"@id\":\"https:\/\/loewentestneu.metafex.io\/it\/prodotto\/zeel-comp-n-compresse-250-pcs-02464175#primaryimage\",\"url\":\"https:\/\/loewentestneu.metafex.io\/wp-content\/uploads\/2023\/09\/Zeel-comp.-N-tablets-Heel-Lions-Pharmacy-loewen-apotheke24.webp\",\"contentUrl\":\"https:\/\/loewentestneu.metafex.io\/wp-content\/uploads\/2023\/09\/Zeel-comp.-N-tablets-Heel-Lions-Pharmacy-loewen-apotheke24.webp\",\"width\":600,\"height\":600,\"caption\":\"Zeel comp. N compresse Heel Lions Farmacia loewen-apotheke24\"},{\"@type\":\"BreadcrumbList\",\"@id\":\"https:\/\/loewentestneu.metafex.io\/it\/prodotto\/zeel-comp-n-compresse-250-pcs-02464175#breadcrumb\",\"itemListElement\":[{\"@type\":\"ListItem\",\"position\":1,\"name\":\"Home\",\"item\":\"https:\/\/loewentestneu.metafex.io\/it\/homepage-lion-pharmacy\"},{\"@type\":\"ListItem\",\"position\":2,\"name\":\"Shop\",\"item\":\"https:\/\/loewentestneu.metafex.io\/it\/negozio\"},{\"@type\":\"ListItem\",\"position\":3,\"name\":\"Zeel comp N compresse 250 pz.\"}]},{\"@type\":\"WebSite\",\"@id\":\"https:\/\/loewentestneu.metafex.io\/it#website\",\"url\":\"https:\/\/loewentestneu.metafex.io\/it\",\"name\":\"Lions Pharmacy\",\"description\":\"Farmacia specializzata in naturopatia di Baden-Baden, Germania\",\"publisher\":{\"@id\":\"https:\/\/loewentestneu.metafex.io\/it#organization\"},\"alternateName\":\"Lion Pharmacy\",\"potentialAction\":[{\"@type\":\"SearchAction\",\"target\":{\"@type\":\"EntryPoint\",\"urlTemplate\":\"https:\/\/loewentestneu.metafex.io\/it?s={search_term_string}\"},\"query-input\":{\"@type\":\"PropertyValueSpecification\",\"valueRequired\":true,\"valueName\":\"search_term_string\"}}],\"inLanguage\":\"it-IT\"},{\"@type\":\"Organization\",\"@id\":\"https:\/\/loewentestneu.metafex.io\/it#organization\",\"name\":\"Lions Pharmacy\",\"alternateName\":\"Lions Pharmacy24\",\"url\":\"https:\/\/loewentestneu.metafex.io\/it\",\"logo\":{\"@type\":\"ImageObject\",\"inLanguage\":\"it-IT\",\"@id\":\"https:\/\/loewentestneu.metafex.io\/it#\/schema\/logo\/image\/\",\"url\":\"https:\/\/loewentestneu.metafex.io\/wp-content\/uploads\/2022\/12\/Logo-Lion-Pharmacy-c-o-Loewen-Apotheke-smal.jpg\",\"contentUrl\":\"https:\/\/loewentestneu.metafex.io\/wp-content\/uploads\/2022\/12\/Logo-Lion-Pharmacy-c-o-Loewen-Apotheke-smal.jpg\",\"width\":298,\"height\":99,\"caption\":\"Lions Pharmacy\"},\"image\":{\"@id\":\"https:\/\/loewentestneu.metafex.io\/it#\/schema\/logo\/image\/\"}}]}<\/script>\n<!-- \/ Yoast SEO plugin. -->","yoast_head_json":{"title":"Zeel comp N compresse 250 pz. &#187; Lion Pharmacy &#187; ordina qui","description":"Farmacia online tedesca registrata. Spedizione internazionale veloce e acquisti sicuri online. Farmaci per il tallone: Zeel comp N compresse 250 pz. > ordina direttamente qui","robots":{"index":"noindex","follow":"follow","max-snippet":"max-snippet:-1","max-image-preview":"max-image-preview:large","max-video-preview":"max-video-preview:-1"},"og_locale":"it_IT","og_type":"article","og_title":"Zeel comp N compresse 250 pz. &#187; Lion Pharmacy &#187; ordina qui","og_description":"Farmacia online tedesca registrata. Spedizione internazionale veloce e acquisti sicuri online. Farmaci per il tallone: Zeel comp N compresse 250 pz. > ordina direttamente qui","og_url":"https:\/\/loewentestneu.metafex.io\/it\/prodotto\/zeel-comp-n-compresse-250-pcs-02464175","og_site_name":"Lion Pharmacy","article_modified_time":"2025-01-24T19:34:36+00:00","og_image":[{"width":600,"height":600,"url":"https:\/\/loewentestneu.metafex.io\/wp-content\/uploads\/2023\/09\/Zeel-comp.-N-tablets-Heel-Lions-Pharmacy-loewen-apotheke24.webp","type":"image\/webp"}],"twitter_card":"summary_large_image","twitter_misc":{"Tempo di lettura stimato":"1 minuto"},"schema":{"@context":"https:\/\/schema.org","@graph":[{"@type":"WebPage","@id":"https:\/\/loewentestneu.metafex.io\/it\/prodotto\/zeel-comp-n-compresse-250-pcs-02464175","url":"https:\/\/loewentestneu.metafex.io\/it\/prodotto\/zeel-comp-n-compresse-250-pcs-02464175","name":"Zeel comp N compresse 250 pz. &#187; Lion Pharmacy &#187; ordina qui","isPartOf":{"@id":"https:\/\/loewentestneu.metafex.io\/it#website"},"primaryImageOfPage":{"@id":"https:\/\/loewentestneu.metafex.io\/it\/prodotto\/zeel-comp-n-compresse-250-pcs-02464175#primaryimage"},"image":{"@id":"https:\/\/loewentestneu.metafex.io\/it\/prodotto\/zeel-comp-n-compresse-250-pcs-02464175#primaryimage"},"thumbnailUrl":"https:\/\/loewentestneu.metafex.io\/wp-content\/uploads\/2023\/09\/Zeel-comp.-N-tablets-Heel-Lions-Pharmacy-loewen-apotheke24.webp","datePublished":"2023-09-18T15:20:23+00:00","dateModified":"2025-01-24T19:34:36+00:00","description":"Farmacia online tedesca registrata. Spedizione internazionale veloce e acquisti sicuri online. Farmaci per il tallone: Zeel comp N compresse 250 pz. > ordina direttamente qui","breadcrumb":{"@id":"https:\/\/loewentestneu.metafex.io\/it\/prodotto\/zeel-comp-n-compresse-250-pcs-02464175#breadcrumb"},"inLanguage":"it-IT","potentialAction":[{"@type":"ReadAction","target":["https:\/\/loewentestneu.metafex.io\/it\/prodotto\/zeel-comp-n-compresse-250-pcs-02464175"]}]},{"@type":"ImageObject","inLanguage":"it-IT","@id":"https:\/\/loewentestneu.metafex.io\/it\/prodotto\/zeel-comp-n-compresse-250-pcs-02464175#primaryimage","url":"https:\/\/loewentestneu.metafex.io\/wp-content\/uploads\/2023\/09\/Zeel-comp.-N-tablets-Heel-Lions-Pharmacy-loewen-apotheke24.webp","contentUrl":"https:\/\/loewentestneu.metafex.io\/wp-content\/uploads\/2023\/09\/Zeel-comp.-N-tablets-Heel-Lions-Pharmacy-loewen-apotheke24.webp","width":600,"height":600,"caption":"Zeel comp. N compresse Heel Lions Farmacia loewen-apotheke24"},{"@type":"BreadcrumbList","@id":"https:\/\/loewentestneu.metafex.io\/it\/prodotto\/zeel-comp-n-compresse-250-pcs-02464175#breadcrumb","itemListElement":[{"@type":"ListItem","position":1,"name":"Home","item":"https:\/\/loewentestneu.metafex.io\/it\/homepage-lion-pharmacy"},{"@type":"ListItem","position":2,"name":"Shop","item":"https:\/\/loewentestneu.metafex.io\/it\/negozio"},{"@type":"ListItem","position":3,"name":"Zeel comp N compresse 250 pz."}]},{"@type":"WebSite","@id":"https:\/\/loewentestneu.metafex.io\/it#website","url":"https:\/\/loewentestneu.metafex.io\/it","name":"Lions Pharmacy","description":"Farmacia specializzata in naturopatia di Baden-Baden, Germania","publisher":{"@id":"https:\/\/loewentestneu.metafex.io\/it#organization"},"alternateName":"Lion Pharmacy","potentialAction":[{"@type":"SearchAction","target":{"@type":"EntryPoint","urlTemplate":"https:\/\/loewentestneu.metafex.io\/it?s={search_term_string}"},"query-input":{"@type":"PropertyValueSpecification","valueRequired":true,"valueName":"search_term_string"}}],"inLanguage":"it-IT"},{"@type":"Organization","@id":"https:\/\/loewentestneu.metafex.io\/it#organization","name":"Lions Pharmacy","alternateName":"Lions Pharmacy24","url":"https:\/\/loewentestneu.metafex.io\/it","logo":{"@type":"ImageObject","inLanguage":"it-IT","@id":"https:\/\/loewentestneu.metafex.io\/it#\/schema\/logo\/image\/","url":"https:\/\/loewentestneu.metafex.io\/wp-content\/uploads\/2022\/12\/Logo-Lion-Pharmacy-c-o-Loewen-Apotheke-smal.jpg","contentUrl":"https:\/\/loewentestneu.metafex.io\/wp-content\/uploads\/2022\/12\/Logo-Lion-Pharmacy-c-o-Loewen-Apotheke-smal.jpg","width":298,"height":99,"caption":"Lions Pharmacy"},"image":{"@id":"https:\/\/loewentestneu.metafex.io\/it#\/schema\/logo\/image\/"}}]}},"_links":{"self":[{"href":"https:\/\/loewentestneu.metafex.io\/it\/wp-json\/wp\/v2\/product\/2361","targetHints":{"allow":["GET"]}}],"collection":[{"href":"https:\/\/loewentestneu.metafex.io\/it\/wp-json\/wp\/v2\/product"}],"about":[{"href":"https:\/\/loewentestneu.metafex.io\/it\/wp-json\/wp\/v2\/types\/product"}],"replies":[{"embeddable":true,"href":"https:\/\/loewentestneu.metafex.io\/it\/wp-json\/wp\/v2\/comments?post=2361"}],"wp:featuredmedia":[{"embeddable":true,"href":"https:\/\/loewentestneu.metafex.io\/it\/wp-json\/wp\/v2\/media\/2365"}],"wp:attachment":[{"href":"https:\/\/loewentestneu.metafex.io\/it\/wp-json\/wp\/v2\/media?parent=2361"}],"wp:term":[{"taxonomy":"product_brand","embeddable":true,"href":"https:\/\/loewentestneu.metafex.io\/it\/wp-json\/wp\/v2\/product_brand?post=2361"},{"taxonomy":"product_cat","embeddable":true,"href":"https:\/\/loewentestneu.metafex.io\/it\/wp-json\/wp\/v2\/product_cat?post=2361"},{"taxonomy":"product_tag","embeddable":true,"href":"https:\/\/loewentestneu.metafex.io\/it\/wp-json\/wp\/v2\/product_tag?post=2361"}],"curies":[{"name":"wp","href":"https:\/\/api.w.org\/{rel}","templated":true}]}}