{"id":2991,"date":"2024-01-16T22:58:40","date_gmt":"2024-01-16T21:58:40","guid":{"rendered":"https:\/\/lions-pharmacy.com\/?post_type=product&#038;p=2991"},"modified":"2025-01-25T13:14:02","modified_gmt":"2025-01-25T12:14:02","slug":"somcupin-spag-peka-n-gocce-03822234","status":"publish","type":"product","link":"https:\/\/loewentestneu.metafex.io\/it\/prodotto\/somcupin-spag-peka-n-gocce-03822234","title":{"rendered":"Somcupin spag. Peka N gocce 100ml"},"content":{"rendered":"<h3>Somcupin spag. Peka N gocce<\/h3>\n<p>Somcupin spag. Peka N gocce &#8211; medicinale omeopatico registrato, quindi senza indicazione terapeutica. Se i sintomi persistono durante l&#8217;uso, consultare un medico.<\/p>\n<p>PEKANA Naturheilmittel GmbH pone i massimi requisiti sui suoi prodotti, sia nella selezione che nella lavorazione delle materie prime. Prodotti di alta qualit\u00e0 su base naturale \u2013 questo \u00e8 ci\u00f2 in cui siamo specializzati.<\/p>\n<p>\u2013 Rigorosa selezione delle materie prime<\/p>\n<p>\u2013 Metodi di produzione delicati e naturali<\/p>\n<p>\u2013 Rinuncia completa agli ingredienti animali<\/p>\n<p>\u2013 Combinazione naturale ed equilibrata delle singole sostanze vegetali<\/p>\n<p>Altri prodotti per l&#8217;applicazione: <a href=\"https:\/\/loewentestneu.metafex.io\/product-tag\/vitamins-supplements\">Vitamine e integratori Prodotti<\/a><br \/>\nUlteriori informazioni sul manufactorer e su questo prodotto: <a href=\"https:\/\/www.pekana.com\/en-EN\/\" target=\"_blank\" rel=\"noopener\">PEKANA Naturheilmittel GmbH<\/a> (link al sito esterno)<\/p>\n<p>Le informazioni contenute in questo sito web sono fornite solo a scopo informativo. Non sostituiscono in alcun modo la visita e il trattamento da parte di un medico. Ci\u00f2 significa che non \u00e8 possibile n\u00e9 fare diagnosi n\u00e9 iniziare terapie.<\/p>\n<p>Per i rischi e gli effetti collaterali, leggere il foglio illustrativo e rivolgersi al medico o al farmacista.<\/p>\n","protected":false},"excerpt":{"rendered":"<h2>Somcupin spag. Peka N gocce<\/h2>\n<p>medicinale omeopatico registrato.<\/p>\n<p>&nbsp;<\/p>\n<p>PZN: 03822234 (Numero Centrale Farmaceutica)<\/p>\n<p>Forma di dosaggio: gocce<\/p>\n<p>Tipo di prescrizione: senza prescrizione<\/p>\n<p>Marchio: Peka<\/p>\n<p>Produttore: PEKANA Naturheilmittel GmbH<\/p>\n<p>Formato dell&#8217;imballaggio: 100ml<\/p>\n","protected":false},"featured_media":2997,"comment_status":"closed","ping_status":"closed","template":"","meta":[],"product_brand":[],"product_cat":[343,124,115],"product_tag":[310],"class_list":{"0":"post-2991","1":"product","2":"type-product","3":"status-publish","4":"has-post-thumbnail","6":"product_cat-pekana-","7":"product_cat-sale-it","8":"product_cat-non-categorizzato","9":"product_tag-vendita-mensile","10":"ts_product_brand-all-it","11":"ts_product_brand-pekana-it","13":"first","14":"instock","15":"sale","16":"taxable","17":"shipping-taxable","18":"purchasable","19":"product-type-simple"},"yoast_head":"<!-- This site is optimized with the Yoast SEO plugin v26.5 - https:\/\/yoast.com\/wordpress\/plugins\/seo\/ -->\n<title>Somcupin spag. Peka N gocce 100ml &#187; Lion Pharmacy &#187; skincare<\/title>\n<meta name=\"description\" content=\"Farmacia online tedesca registrata. Spedizione internazionale veloce e acquisti sicuri online. Farmaci Pekana: Somcupin spag. Peka N gocce 100ml &gt; ordina qui\" \/>\n<meta name=\"robots\" content=\"noindex, follow, max-snippet:-1, max-image-preview:large, max-video-preview:-1\" \/>\n<meta property=\"og:locale\" content=\"it_IT\" \/>\n<meta property=\"og:type\" content=\"article\" \/>\n<meta property=\"og:title\" content=\"Somcupin spag. Peka N gocce 100ml &#187; Lion Pharmacy &#187; skincare\" \/>\n<meta property=\"og:description\" content=\"Farmacia online tedesca registrata. Spedizione internazionale veloce e acquisti sicuri online. Farmaci Pekana: Somcupin spag. Peka N gocce 100ml &gt; ordina qui\" \/>\n<meta property=\"og:url\" content=\"https:\/\/loewentestneu.metafex.io\/it\/prodotto\/somcupin-spag-peka-n-gocce-03822234\" \/>\n<meta property=\"og:site_name\" content=\"Lion Pharmacy\" \/>\n<meta property=\"article:modified_time\" content=\"2025-01-25T12:14:02+00:00\" \/>\n<meta property=\"og:image\" content=\"https:\/\/loewentestneu.metafex.io\/wp-content\/uploads\/2024\/01\/Somcupin-spag.-Peka-N-Tropfen-100ml.png\" \/>\n\t<meta property=\"og:image:width\" content=\"600\" \/>\n\t<meta property=\"og:image:height\" content=\"600\" \/>\n\t<meta property=\"og:image:type\" content=\"image\/png\" \/>\n<meta name=\"twitter:card\" content=\"summary_large_image\" \/>\n<meta name=\"twitter:label1\" content=\"Tempo di lettura stimato\" \/>\n\t<meta name=\"twitter:data1\" content=\"1 minuto\" \/>\n<script type=\"application\/ld+json\" class=\"yoast-schema-graph\">{\"@context\":\"https:\/\/schema.org\",\"@graph\":[{\"@type\":\"WebPage\",\"@id\":\"https:\/\/loewentestneu.metafex.io\/it\/prodotto\/somcupin-spag-peka-n-gocce-03822234\",\"url\":\"https:\/\/loewentestneu.metafex.io\/it\/prodotto\/somcupin-spag-peka-n-gocce-03822234\",\"name\":\"Somcupin spag. Peka N gocce 100ml &#187; Lion Pharmacy &#187; skincare\",\"isPartOf\":{\"@id\":\"https:\/\/loewentestneu.metafex.io\/it#website\"},\"primaryImageOfPage\":{\"@id\":\"https:\/\/loewentestneu.metafex.io\/it\/prodotto\/somcupin-spag-peka-n-gocce-03822234#primaryimage\"},\"image\":{\"@id\":\"https:\/\/loewentestneu.metafex.io\/it\/prodotto\/somcupin-spag-peka-n-gocce-03822234#primaryimage\"},\"thumbnailUrl\":\"https:\/\/loewentestneu.metafex.io\/wp-content\/uploads\/2024\/01\/Somcupin-spag.-Peka-N-Tropfen-100ml.png\",\"datePublished\":\"2024-01-16T21:58:40+00:00\",\"dateModified\":\"2025-01-25T12:14:02+00:00\",\"description\":\"Farmacia online tedesca registrata. Spedizione internazionale veloce e acquisti sicuri online. Farmaci Pekana: Somcupin spag. Peka N gocce 100ml > ordina qui\",\"breadcrumb\":{\"@id\":\"https:\/\/loewentestneu.metafex.io\/it\/prodotto\/somcupin-spag-peka-n-gocce-03822234#breadcrumb\"},\"inLanguage\":\"it-IT\",\"potentialAction\":[{\"@type\":\"ReadAction\",\"target\":[\"https:\/\/loewentestneu.metafex.io\/it\/prodotto\/somcupin-spag-peka-n-gocce-03822234\"]}]},{\"@type\":\"ImageObject\",\"inLanguage\":\"it-IT\",\"@id\":\"https:\/\/loewentestneu.metafex.io\/it\/prodotto\/somcupin-spag-peka-n-gocce-03822234#primaryimage\",\"url\":\"https:\/\/loewentestneu.metafex.io\/wp-content\/uploads\/2024\/01\/Somcupin-spag.-Peka-N-Tropfen-100ml.png\",\"contentUrl\":\"https:\/\/loewentestneu.metafex.io\/wp-content\/uploads\/2024\/01\/Somcupin-spag.-Peka-N-Tropfen-100ml.png\",\"width\":600,\"height\":600,\"caption\":\"Somcupin spag. Peka N Tropfen 100ml\"},{\"@type\":\"BreadcrumbList\",\"@id\":\"https:\/\/loewentestneu.metafex.io\/it\/prodotto\/somcupin-spag-peka-n-gocce-03822234#breadcrumb\",\"itemListElement\":[{\"@type\":\"ListItem\",\"position\":1,\"name\":\"Home\",\"item\":\"https:\/\/loewentestneu.metafex.io\/it\/homepage-lion-pharmacy\"},{\"@type\":\"ListItem\",\"position\":2,\"name\":\"Shop\",\"item\":\"https:\/\/loewentestneu.metafex.io\/it\/negozio\"},{\"@type\":\"ListItem\",\"position\":3,\"name\":\"Somcupin spag. Peka N gocce 100ml\"}]},{\"@type\":\"WebSite\",\"@id\":\"https:\/\/loewentestneu.metafex.io\/it#website\",\"url\":\"https:\/\/loewentestneu.metafex.io\/it\",\"name\":\"Lions Pharmacy\",\"description\":\"Farmacia specializzata in naturopatia di Baden-Baden, Germania\",\"publisher\":{\"@id\":\"https:\/\/loewentestneu.metafex.io\/it#organization\"},\"alternateName\":\"Lion Pharmacy\",\"potentialAction\":[{\"@type\":\"SearchAction\",\"target\":{\"@type\":\"EntryPoint\",\"urlTemplate\":\"https:\/\/loewentestneu.metafex.io\/it?s={search_term_string}\"},\"query-input\":{\"@type\":\"PropertyValueSpecification\",\"valueRequired\":true,\"valueName\":\"search_term_string\"}}],\"inLanguage\":\"it-IT\"},{\"@type\":\"Organization\",\"@id\":\"https:\/\/loewentestneu.metafex.io\/it#organization\",\"name\":\"Lions Pharmacy\",\"alternateName\":\"Lions Pharmacy24\",\"url\":\"https:\/\/loewentestneu.metafex.io\/it\",\"logo\":{\"@type\":\"ImageObject\",\"inLanguage\":\"it-IT\",\"@id\":\"https:\/\/loewentestneu.metafex.io\/it#\/schema\/logo\/image\/\",\"url\":\"https:\/\/loewentestneu.metafex.io\/wp-content\/uploads\/2022\/12\/Logo-Lion-Pharmacy-c-o-Loewen-Apotheke-smal.jpg\",\"contentUrl\":\"https:\/\/loewentestneu.metafex.io\/wp-content\/uploads\/2022\/12\/Logo-Lion-Pharmacy-c-o-Loewen-Apotheke-smal.jpg\",\"width\":298,\"height\":99,\"caption\":\"Lions Pharmacy\"},\"image\":{\"@id\":\"https:\/\/loewentestneu.metafex.io\/it#\/schema\/logo\/image\/\"}}]}<\/script>\n<!-- \/ Yoast SEO plugin. -->","yoast_head_json":{"title":"Somcupin spag. Peka N gocce 100ml &#187; Lion Pharmacy &#187; skincare","description":"Farmacia online tedesca registrata. Spedizione internazionale veloce e acquisti sicuri online. Farmaci Pekana: Somcupin spag. Peka N gocce 100ml > ordina qui","robots":{"index":"noindex","follow":"follow","max-snippet":"max-snippet:-1","max-image-preview":"max-image-preview:large","max-video-preview":"max-video-preview:-1"},"og_locale":"it_IT","og_type":"article","og_title":"Somcupin spag. Peka N gocce 100ml &#187; Lion Pharmacy &#187; skincare","og_description":"Farmacia online tedesca registrata. Spedizione internazionale veloce e acquisti sicuri online. Farmaci Pekana: Somcupin spag. Peka N gocce 100ml > ordina qui","og_url":"https:\/\/loewentestneu.metafex.io\/it\/prodotto\/somcupin-spag-peka-n-gocce-03822234","og_site_name":"Lion Pharmacy","article_modified_time":"2025-01-25T12:14:02+00:00","og_image":[{"width":600,"height":600,"url":"https:\/\/loewentestneu.metafex.io\/wp-content\/uploads\/2024\/01\/Somcupin-spag.-Peka-N-Tropfen-100ml.png","type":"image\/png"}],"twitter_card":"summary_large_image","twitter_misc":{"Tempo di lettura stimato":"1 minuto"},"schema":{"@context":"https:\/\/schema.org","@graph":[{"@type":"WebPage","@id":"https:\/\/loewentestneu.metafex.io\/it\/prodotto\/somcupin-spag-peka-n-gocce-03822234","url":"https:\/\/loewentestneu.metafex.io\/it\/prodotto\/somcupin-spag-peka-n-gocce-03822234","name":"Somcupin spag. Peka N gocce 100ml &#187; Lion Pharmacy &#187; skincare","isPartOf":{"@id":"https:\/\/loewentestneu.metafex.io\/it#website"},"primaryImageOfPage":{"@id":"https:\/\/loewentestneu.metafex.io\/it\/prodotto\/somcupin-spag-peka-n-gocce-03822234#primaryimage"},"image":{"@id":"https:\/\/loewentestneu.metafex.io\/it\/prodotto\/somcupin-spag-peka-n-gocce-03822234#primaryimage"},"thumbnailUrl":"https:\/\/loewentestneu.metafex.io\/wp-content\/uploads\/2024\/01\/Somcupin-spag.-Peka-N-Tropfen-100ml.png","datePublished":"2024-01-16T21:58:40+00:00","dateModified":"2025-01-25T12:14:02+00:00","description":"Farmacia online tedesca registrata. Spedizione internazionale veloce e acquisti sicuri online. Farmaci Pekana: Somcupin spag. Peka N gocce 100ml > ordina qui","breadcrumb":{"@id":"https:\/\/loewentestneu.metafex.io\/it\/prodotto\/somcupin-spag-peka-n-gocce-03822234#breadcrumb"},"inLanguage":"it-IT","potentialAction":[{"@type":"ReadAction","target":["https:\/\/loewentestneu.metafex.io\/it\/prodotto\/somcupin-spag-peka-n-gocce-03822234"]}]},{"@type":"ImageObject","inLanguage":"it-IT","@id":"https:\/\/loewentestneu.metafex.io\/it\/prodotto\/somcupin-spag-peka-n-gocce-03822234#primaryimage","url":"https:\/\/loewentestneu.metafex.io\/wp-content\/uploads\/2024\/01\/Somcupin-spag.-Peka-N-Tropfen-100ml.png","contentUrl":"https:\/\/loewentestneu.metafex.io\/wp-content\/uploads\/2024\/01\/Somcupin-spag.-Peka-N-Tropfen-100ml.png","width":600,"height":600,"caption":"Somcupin spag. Peka N Tropfen 100ml"},{"@type":"BreadcrumbList","@id":"https:\/\/loewentestneu.metafex.io\/it\/prodotto\/somcupin-spag-peka-n-gocce-03822234#breadcrumb","itemListElement":[{"@type":"ListItem","position":1,"name":"Home","item":"https:\/\/loewentestneu.metafex.io\/it\/homepage-lion-pharmacy"},{"@type":"ListItem","position":2,"name":"Shop","item":"https:\/\/loewentestneu.metafex.io\/it\/negozio"},{"@type":"ListItem","position":3,"name":"Somcupin spag. Peka N gocce 100ml"}]},{"@type":"WebSite","@id":"https:\/\/loewentestneu.metafex.io\/it#website","url":"https:\/\/loewentestneu.metafex.io\/it","name":"Lions Pharmacy","description":"Farmacia specializzata in naturopatia di Baden-Baden, Germania","publisher":{"@id":"https:\/\/loewentestneu.metafex.io\/it#organization"},"alternateName":"Lion Pharmacy","potentialAction":[{"@type":"SearchAction","target":{"@type":"EntryPoint","urlTemplate":"https:\/\/loewentestneu.metafex.io\/it?s={search_term_string}"},"query-input":{"@type":"PropertyValueSpecification","valueRequired":true,"valueName":"search_term_string"}}],"inLanguage":"it-IT"},{"@type":"Organization","@id":"https:\/\/loewentestneu.metafex.io\/it#organization","name":"Lions Pharmacy","alternateName":"Lions Pharmacy24","url":"https:\/\/loewentestneu.metafex.io\/it","logo":{"@type":"ImageObject","inLanguage":"it-IT","@id":"https:\/\/loewentestneu.metafex.io\/it#\/schema\/logo\/image\/","url":"https:\/\/loewentestneu.metafex.io\/wp-content\/uploads\/2022\/12\/Logo-Lion-Pharmacy-c-o-Loewen-Apotheke-smal.jpg","contentUrl":"https:\/\/loewentestneu.metafex.io\/wp-content\/uploads\/2022\/12\/Logo-Lion-Pharmacy-c-o-Loewen-Apotheke-smal.jpg","width":298,"height":99,"caption":"Lions Pharmacy"},"image":{"@id":"https:\/\/loewentestneu.metafex.io\/it#\/schema\/logo\/image\/"}}]}},"_links":{"self":[{"href":"https:\/\/loewentestneu.metafex.io\/it\/wp-json\/wp\/v2\/product\/2991","targetHints":{"allow":["GET"]}}],"collection":[{"href":"https:\/\/loewentestneu.metafex.io\/it\/wp-json\/wp\/v2\/product"}],"about":[{"href":"https:\/\/loewentestneu.metafex.io\/it\/wp-json\/wp\/v2\/types\/product"}],"replies":[{"embeddable":true,"href":"https:\/\/loewentestneu.metafex.io\/it\/wp-json\/wp\/v2\/comments?post=2991"}],"wp:featuredmedia":[{"embeddable":true,"href":"https:\/\/loewentestneu.metafex.io\/it\/wp-json\/wp\/v2\/media\/2997"}],"wp:attachment":[{"href":"https:\/\/loewentestneu.metafex.io\/it\/wp-json\/wp\/v2\/media?parent=2991"}],"wp:term":[{"taxonomy":"product_brand","embeddable":true,"href":"https:\/\/loewentestneu.metafex.io\/it\/wp-json\/wp\/v2\/product_brand?post=2991"},{"taxonomy":"product_cat","embeddable":true,"href":"https:\/\/loewentestneu.metafex.io\/it\/wp-json\/wp\/v2\/product_cat?post=2991"},{"taxonomy":"product_tag","embeddable":true,"href":"https:\/\/loewentestneu.metafex.io\/it\/wp-json\/wp\/v2\/product_tag?post=2991"}],"curies":[{"name":"wp","href":"https:\/\/api.w.org\/{rel}","templated":true}]}}