{"id":3259,"date":"2024-02-04T08:12:59","date_gmt":"2024-02-04T07:12:59","guid":{"rendered":"https:\/\/lions-pharmacy.com\/?post_type=product&#038;p=3259"},"modified":"2025-03-05T15:00:59","modified_gmt":"2025-03-05T14:00:59","slug":"hashimoto-vitalis-capsule-60-pezzi-18681124","status":"publish","type":"product","link":"https:\/\/loewentestneu.metafex.io\/it\/prodotto\/hashimoto-vitalis-capsule-60-pezzi-18681124","title":{"rendered":"Capsule Hashimoto Vitalis \u2013 60 pz."},"content":{"rendered":"<h3>Capsule Hashimoto Vitalis \u2013 60 pz.<\/h3>\n<p>Per supportare la normale funzione tiroidea, con vitamine, L-tirosina, microrganismi, minerali, coenzima Q10 ed estratti vegetali \u2013 capsule Hashimoto Vitalis.<\/p>\n<p>Il prodotto Hashimoto Vitalis contiene: Magnesio, selenio, Q10, resvertolo, ashwagandha, vitamina D, vitamina B6, vitamina B129, acido folico, vitamina C, manganese, rame, zinco, cromo. vari lattobacilli.<\/p>\n<p>Produttore e distribuzione: Belvita GmbH, Germania<\/p>\n<p>Cos&#8217;\u00e8 la thrroidite hashimoto? Nella cosiddetta tiroidite di Hashimoto, la ghiandola tiroidea \u00e8 cronicamente infiammata. La causa \u00e8 una reazione autoimmune. Spesso il risultato \u00e8 che la ghiandola non produce pi\u00f9 abbastanza ormoni. All&#8217;inizio della malattia, l&#8217;ipertiroidismo \u00e8 temporaneamente possibile a causa dell&#8217;infiammazione. Per saperne di pi\u00f9 (Sito esterno)<\/p>\n<p>Foglio illustrativo\/istruzioni per l&#8217;uso\/scheda tecnica articolo: &#8211; (lettore PDF)<\/p>\n<p>Altri prodotti per l&#8217;applicazione: <a href=\"https:\/\/loewentestneu.metafex.io\/product-tag\/vitamins-supplements\">Vitamine e integratori Prodotti<\/a><br \/>\nPer saperne di pi\u00f9 sul produttore e su questo prodotto: <a href=\"https:\/\/hashimoto-vitalis.de\/\" target=\"_blank\" rel=\"noopener\">Hashimoto Vitalis<\/a> (link al sito esterno)<\/p>\n<p>Le informazioni contenute in questo sito web sono fornite solo a scopo informativo. Non sostituiscono in alcun modo la visita e il trattamento da parte di un medico. Ci\u00f2 significa che non \u00e8 possibile n\u00e9 fare diagnosi n\u00e9 iniziare terapie.<\/p>\n<p>Per i rischi e gli effetti collaterali, leggere il foglio illustrativo e rivolgersi al medico o al farmacista.<\/p>\n<h3>Prescrizione | \u00c8 disponibile una prescrizione elettronica?<\/h3>\n<p>Invia subito la tua prescrizione elettronica. Usa la nostra app <a href=\"https:\/\/e-rezept-app.de\/shop-rezept\" target=\"_blank\" rel=\"noopener\">per la prescrizione elettronica<\/a> . E noi ti diamo le spese di spedizione gratis in Germania!<\/p>\n","protected":false},"excerpt":{"rendered":"<h2>Capsule Hashimoto Vitalis \u2013 60 pz.<\/h2>\n<p>Per supportare la normale funzione tiroidea, con vitamine, minerali, coenzima Q10 ed estratti vegetali.<\/p>\n<p>&nbsp;<\/p>\n<p>PZN: 18681124 (Numero Centrale Farmacia)<\/p>\n<p>Forma di dosaggio: capsule<\/p>\n<p>Tipo di prescrizione: senza prescrizione<\/p>\n<p>Marchio:<\/p>\n<p>Produttore: Belvita GmbH, Baden-Baden, Germania<\/p>\n<p>Formato dell&#8217;imballaggio: 60 pz.<\/p>\n","protected":false},"featured_media":3265,"comment_status":"closed","ping_status":"closed","template":"","meta":[],"product_brand":[],"product_cat":[124,115],"product_tag":[310,268],"class_list":{"0":"post-3259","1":"product","2":"type-product","3":"status-publish","4":"has-post-thumbnail","6":"product_cat-sale-it","7":"product_cat-non-categorizzato","8":"product_tag-vendita-mensile","9":"product_tag-vitamine-e-integratori","10":"ts_product_brand-all-it","12":"first","13":"instock","14":"sale","15":"taxable","16":"shipping-taxable","17":"purchasable","18":"product-type-simple"},"yoast_head":"<!-- This site is optimized with the Yoast SEO plugin v26.5 - https:\/\/yoast.com\/wordpress\/plugins\/seo\/ -->\n<title>Capsule Hashimoto Vitalis \u2013 60 pz. &#187; Lion Pharmacy &#187; ordina qui<\/title>\n<meta name=\"description\" content=\"Farmacia Lions | farmacia online tedesca registrata | Spedizione internazionale veloce e acquisti online sicuri. Capsule Hashimoto Vitalis \u2013 60 pz.\" \/>\n<meta name=\"robots\" content=\"noindex, follow, max-snippet:-1, max-image-preview:large, max-video-preview:-1\" \/>\n<meta property=\"og:locale\" content=\"it_IT\" \/>\n<meta property=\"og:type\" content=\"article\" \/>\n<meta property=\"og:title\" content=\"Capsule Hashimoto Vitalis \u2013 60 pz. &#187; Lion Pharmacy &#187; ordina qui\" \/>\n<meta property=\"og:description\" content=\"Farmacia Lions | farmacia online tedesca registrata | Spedizione internazionale veloce e acquisti online sicuri. Capsule Hashimoto Vitalis \u2013 60 pz.\" \/>\n<meta property=\"og:url\" content=\"https:\/\/loewentestneu.metafex.io\/it\/prodotto\/hashimoto-vitalis-capsule-60-pezzi-18681124\" \/>\n<meta property=\"og:site_name\" content=\"Lion Pharmacy\" \/>\n<meta property=\"article:modified_time\" content=\"2025-03-05T14:00:59+00:00\" \/>\n<meta property=\"og:image\" content=\"https:\/\/loewentestneu.metafex.io\/wp-content\/uploads\/2024\/02\/hashimoto-vitalis-schilddruese-pzn-18681124.jpg\" \/>\n\t<meta property=\"og:image:width\" content=\"600\" \/>\n\t<meta property=\"og:image:height\" content=\"600\" \/>\n\t<meta property=\"og:image:type\" content=\"image\/jpeg\" \/>\n<meta name=\"twitter:card\" content=\"summary_large_image\" \/>\n<meta name=\"twitter:label1\" content=\"Tempo di lettura stimato\" \/>\n\t<meta name=\"twitter:data1\" content=\"1 minuto\" \/>\n<script type=\"application\/ld+json\" class=\"yoast-schema-graph\">{\"@context\":\"https:\/\/schema.org\",\"@graph\":[{\"@type\":\"WebPage\",\"@id\":\"https:\/\/loewentestneu.metafex.io\/it\/prodotto\/hashimoto-vitalis-capsule-60-pezzi-18681124\",\"url\":\"https:\/\/loewentestneu.metafex.io\/it\/prodotto\/hashimoto-vitalis-capsule-60-pezzi-18681124\",\"name\":\"Capsule Hashimoto Vitalis \u2013 60 pz. &#187; Lion Pharmacy &#187; ordina qui\",\"isPartOf\":{\"@id\":\"https:\/\/loewentestneu.metafex.io\/it#website\"},\"primaryImageOfPage\":{\"@id\":\"https:\/\/loewentestneu.metafex.io\/it\/prodotto\/hashimoto-vitalis-capsule-60-pezzi-18681124#primaryimage\"},\"image\":{\"@id\":\"https:\/\/loewentestneu.metafex.io\/it\/prodotto\/hashimoto-vitalis-capsule-60-pezzi-18681124#primaryimage\"},\"thumbnailUrl\":\"https:\/\/loewentestneu.metafex.io\/wp-content\/uploads\/2024\/02\/hashimoto-vitalis-schilddruese-pzn-18681124.jpg\",\"datePublished\":\"2024-02-04T07:12:59+00:00\",\"dateModified\":\"2025-03-05T14:00:59+00:00\",\"description\":\"Farmacia Lions | farmacia online tedesca registrata | Spedizione internazionale veloce e acquisti online sicuri. Capsule Hashimoto Vitalis \u2013 60 pz.\",\"breadcrumb\":{\"@id\":\"https:\/\/loewentestneu.metafex.io\/it\/prodotto\/hashimoto-vitalis-capsule-60-pezzi-18681124#breadcrumb\"},\"inLanguage\":\"it-IT\",\"potentialAction\":[{\"@type\":\"ReadAction\",\"target\":[\"https:\/\/loewentestneu.metafex.io\/it\/prodotto\/hashimoto-vitalis-capsule-60-pezzi-18681124\"]}]},{\"@type\":\"ImageObject\",\"inLanguage\":\"it-IT\",\"@id\":\"https:\/\/loewentestneu.metafex.io\/it\/prodotto\/hashimoto-vitalis-capsule-60-pezzi-18681124#primaryimage\",\"url\":\"https:\/\/loewentestneu.metafex.io\/wp-content\/uploads\/2024\/02\/hashimoto-vitalis-schilddruese-pzn-18681124.jpg\",\"contentUrl\":\"https:\/\/loewentestneu.metafex.io\/wp-content\/uploads\/2024\/02\/hashimoto-vitalis-schilddruese-pzn-18681124.jpg\",\"width\":600,\"height\":600,\"caption\":\"Hashimoto-Vitalis-Schilddruese-PZN-18681124\"},{\"@type\":\"BreadcrumbList\",\"@id\":\"https:\/\/loewentestneu.metafex.io\/it\/prodotto\/hashimoto-vitalis-capsule-60-pezzi-18681124#breadcrumb\",\"itemListElement\":[{\"@type\":\"ListItem\",\"position\":1,\"name\":\"Home\",\"item\":\"https:\/\/loewentestneu.metafex.io\/it\/homepage-lion-pharmacy\"},{\"@type\":\"ListItem\",\"position\":2,\"name\":\"Shop\",\"item\":\"https:\/\/loewentestneu.metafex.io\/it\/negozio\"},{\"@type\":\"ListItem\",\"position\":3,\"name\":\"Capsule Hashimoto Vitalis \u2013 60 pz.\"}]},{\"@type\":\"WebSite\",\"@id\":\"https:\/\/loewentestneu.metafex.io\/it#website\",\"url\":\"https:\/\/loewentestneu.metafex.io\/it\",\"name\":\"Lions Pharmacy\",\"description\":\"Farmacia specializzata in naturopatia di Baden-Baden, Germania\",\"publisher\":{\"@id\":\"https:\/\/loewentestneu.metafex.io\/it#organization\"},\"alternateName\":\"Lion Pharmacy\",\"potentialAction\":[{\"@type\":\"SearchAction\",\"target\":{\"@type\":\"EntryPoint\",\"urlTemplate\":\"https:\/\/loewentestneu.metafex.io\/it?s={search_term_string}\"},\"query-input\":{\"@type\":\"PropertyValueSpecification\",\"valueRequired\":true,\"valueName\":\"search_term_string\"}}],\"inLanguage\":\"it-IT\"},{\"@type\":\"Organization\",\"@id\":\"https:\/\/loewentestneu.metafex.io\/it#organization\",\"name\":\"Lions Pharmacy\",\"alternateName\":\"Lions Pharmacy24\",\"url\":\"https:\/\/loewentestneu.metafex.io\/it\",\"logo\":{\"@type\":\"ImageObject\",\"inLanguage\":\"it-IT\",\"@id\":\"https:\/\/loewentestneu.metafex.io\/it#\/schema\/logo\/image\/\",\"url\":\"https:\/\/loewentestneu.metafex.io\/wp-content\/uploads\/2022\/12\/Logo-Lion-Pharmacy-c-o-Loewen-Apotheke-smal.jpg\",\"contentUrl\":\"https:\/\/loewentestneu.metafex.io\/wp-content\/uploads\/2022\/12\/Logo-Lion-Pharmacy-c-o-Loewen-Apotheke-smal.jpg\",\"width\":298,\"height\":99,\"caption\":\"Lions Pharmacy\"},\"image\":{\"@id\":\"https:\/\/loewentestneu.metafex.io\/it#\/schema\/logo\/image\/\"}}]}<\/script>\n<!-- \/ Yoast SEO plugin. -->","yoast_head_json":{"title":"Capsule Hashimoto Vitalis \u2013 60 pz. &#187; Lion Pharmacy &#187; ordina qui","description":"Farmacia Lions | farmacia online tedesca registrata | Spedizione internazionale veloce e acquisti online sicuri. Capsule Hashimoto Vitalis \u2013 60 pz.","robots":{"index":"noindex","follow":"follow","max-snippet":"max-snippet:-1","max-image-preview":"max-image-preview:large","max-video-preview":"max-video-preview:-1"},"og_locale":"it_IT","og_type":"article","og_title":"Capsule Hashimoto Vitalis \u2013 60 pz. &#187; Lion Pharmacy &#187; ordina qui","og_description":"Farmacia Lions | farmacia online tedesca registrata | Spedizione internazionale veloce e acquisti online sicuri. Capsule Hashimoto Vitalis \u2013 60 pz.","og_url":"https:\/\/loewentestneu.metafex.io\/it\/prodotto\/hashimoto-vitalis-capsule-60-pezzi-18681124","og_site_name":"Lion Pharmacy","article_modified_time":"2025-03-05T14:00:59+00:00","og_image":[{"width":600,"height":600,"url":"https:\/\/loewentestneu.metafex.io\/wp-content\/uploads\/2024\/02\/hashimoto-vitalis-schilddruese-pzn-18681124.jpg","type":"image\/jpeg"}],"twitter_card":"summary_large_image","twitter_misc":{"Tempo di lettura stimato":"1 minuto"},"schema":{"@context":"https:\/\/schema.org","@graph":[{"@type":"WebPage","@id":"https:\/\/loewentestneu.metafex.io\/it\/prodotto\/hashimoto-vitalis-capsule-60-pezzi-18681124","url":"https:\/\/loewentestneu.metafex.io\/it\/prodotto\/hashimoto-vitalis-capsule-60-pezzi-18681124","name":"Capsule Hashimoto Vitalis \u2013 60 pz. &#187; Lion Pharmacy &#187; ordina qui","isPartOf":{"@id":"https:\/\/loewentestneu.metafex.io\/it#website"},"primaryImageOfPage":{"@id":"https:\/\/loewentestneu.metafex.io\/it\/prodotto\/hashimoto-vitalis-capsule-60-pezzi-18681124#primaryimage"},"image":{"@id":"https:\/\/loewentestneu.metafex.io\/it\/prodotto\/hashimoto-vitalis-capsule-60-pezzi-18681124#primaryimage"},"thumbnailUrl":"https:\/\/loewentestneu.metafex.io\/wp-content\/uploads\/2024\/02\/hashimoto-vitalis-schilddruese-pzn-18681124.jpg","datePublished":"2024-02-04T07:12:59+00:00","dateModified":"2025-03-05T14:00:59+00:00","description":"Farmacia Lions | farmacia online tedesca registrata | Spedizione internazionale veloce e acquisti online sicuri. Capsule Hashimoto Vitalis \u2013 60 pz.","breadcrumb":{"@id":"https:\/\/loewentestneu.metafex.io\/it\/prodotto\/hashimoto-vitalis-capsule-60-pezzi-18681124#breadcrumb"},"inLanguage":"it-IT","potentialAction":[{"@type":"ReadAction","target":["https:\/\/loewentestneu.metafex.io\/it\/prodotto\/hashimoto-vitalis-capsule-60-pezzi-18681124"]}]},{"@type":"ImageObject","inLanguage":"it-IT","@id":"https:\/\/loewentestneu.metafex.io\/it\/prodotto\/hashimoto-vitalis-capsule-60-pezzi-18681124#primaryimage","url":"https:\/\/loewentestneu.metafex.io\/wp-content\/uploads\/2024\/02\/hashimoto-vitalis-schilddruese-pzn-18681124.jpg","contentUrl":"https:\/\/loewentestneu.metafex.io\/wp-content\/uploads\/2024\/02\/hashimoto-vitalis-schilddruese-pzn-18681124.jpg","width":600,"height":600,"caption":"Hashimoto-Vitalis-Schilddruese-PZN-18681124"},{"@type":"BreadcrumbList","@id":"https:\/\/loewentestneu.metafex.io\/it\/prodotto\/hashimoto-vitalis-capsule-60-pezzi-18681124#breadcrumb","itemListElement":[{"@type":"ListItem","position":1,"name":"Home","item":"https:\/\/loewentestneu.metafex.io\/it\/homepage-lion-pharmacy"},{"@type":"ListItem","position":2,"name":"Shop","item":"https:\/\/loewentestneu.metafex.io\/it\/negozio"},{"@type":"ListItem","position":3,"name":"Capsule Hashimoto Vitalis \u2013 60 pz."}]},{"@type":"WebSite","@id":"https:\/\/loewentestneu.metafex.io\/it#website","url":"https:\/\/loewentestneu.metafex.io\/it","name":"Lions Pharmacy","description":"Farmacia specializzata in naturopatia di Baden-Baden, Germania","publisher":{"@id":"https:\/\/loewentestneu.metafex.io\/it#organization"},"alternateName":"Lion Pharmacy","potentialAction":[{"@type":"SearchAction","target":{"@type":"EntryPoint","urlTemplate":"https:\/\/loewentestneu.metafex.io\/it?s={search_term_string}"},"query-input":{"@type":"PropertyValueSpecification","valueRequired":true,"valueName":"search_term_string"}}],"inLanguage":"it-IT"},{"@type":"Organization","@id":"https:\/\/loewentestneu.metafex.io\/it#organization","name":"Lions Pharmacy","alternateName":"Lions Pharmacy24","url":"https:\/\/loewentestneu.metafex.io\/it","logo":{"@type":"ImageObject","inLanguage":"it-IT","@id":"https:\/\/loewentestneu.metafex.io\/it#\/schema\/logo\/image\/","url":"https:\/\/loewentestneu.metafex.io\/wp-content\/uploads\/2022\/12\/Logo-Lion-Pharmacy-c-o-Loewen-Apotheke-smal.jpg","contentUrl":"https:\/\/loewentestneu.metafex.io\/wp-content\/uploads\/2022\/12\/Logo-Lion-Pharmacy-c-o-Loewen-Apotheke-smal.jpg","width":298,"height":99,"caption":"Lions Pharmacy"},"image":{"@id":"https:\/\/loewentestneu.metafex.io\/it#\/schema\/logo\/image\/"}}]}},"_links":{"self":[{"href":"https:\/\/loewentestneu.metafex.io\/it\/wp-json\/wp\/v2\/product\/3259","targetHints":{"allow":["GET"]}}],"collection":[{"href":"https:\/\/loewentestneu.metafex.io\/it\/wp-json\/wp\/v2\/product"}],"about":[{"href":"https:\/\/loewentestneu.metafex.io\/it\/wp-json\/wp\/v2\/types\/product"}],"replies":[{"embeddable":true,"href":"https:\/\/loewentestneu.metafex.io\/it\/wp-json\/wp\/v2\/comments?post=3259"}],"wp:featuredmedia":[{"embeddable":true,"href":"https:\/\/loewentestneu.metafex.io\/it\/wp-json\/wp\/v2\/media\/3265"}],"wp:attachment":[{"href":"https:\/\/loewentestneu.metafex.io\/it\/wp-json\/wp\/v2\/media?parent=3259"}],"wp:term":[{"taxonomy":"product_brand","embeddable":true,"href":"https:\/\/loewentestneu.metafex.io\/it\/wp-json\/wp\/v2\/product_brand?post=3259"},{"taxonomy":"product_cat","embeddable":true,"href":"https:\/\/loewentestneu.metafex.io\/it\/wp-json\/wp\/v2\/product_cat?post=3259"},{"taxonomy":"product_tag","embeddable":true,"href":"https:\/\/loewentestneu.metafex.io\/it\/wp-json\/wp\/v2\/product_tag?post=3259"}],"curies":[{"name":"wp","href":"https:\/\/api.w.org\/{rel}","templated":true}]}}