{"id":3547,"date":"2024-02-29T20:56:32","date_gmt":"2024-02-29T19:56:32","guid":{"rendered":"https:\/\/lions-pharmacy.com\/?post_type=product&#038;p=3547"},"modified":"2025-11-29T16:30:00","modified_gmt":"2025-11-29T15:30:00","slug":"labo-life-2lha","status":"publish","type":"product","link":"https:\/\/loewentestneu.metafex.io\/it\/prodotto\/labo-life-2lha","title":{"rendered":"Labo Life 2LHA"},"content":{"rendered":"<h2>Labo Life 2LHA<\/h2>\n<p>La Farmacia del Leone importa per voi le capsule Labo Life 2LHA e tutti i preparati di Labo Life Belgium su vostra richiesta.<\/p>\n<p>Foglietto illustrativo\/istruzioni per l&#8217;uso\/scheda tecnica: <a href=\"https:\/\/loewentestneu.metafex.io\/wp-content\/uploads\/2023\/01\/EN_patient_info.pdf\" target=\"_blank\" rel=\"noopener\">EN<\/a> | <a href=\"https:\/\/loewentestneu.metafex.io\/wp-content\/uploads\/2023\/01\/FR_info_patient.pdf\" target=\"_blank\" rel=\"noopener\">FR<\/a> | <a href=\"https:\/\/loewentestneu.metafex.io\/wp-content\/uploads\/2023\/01\/ES_info_paciente.pdf\">ES<\/a> | <a href=\"https:\/\/loewentestneu.metafex.io\/wp-content\/uploads\/2022\/12\/labolife-Patientenflyer-lobo-life-customer-information-lion-pharmacy-lowen-apotheke.pdf\" target=\"_blank\" rel=\"noopener\">DE<\/a> (lettore PDF)<\/p>\n<p>Nome prodotto alternativo: <a href=\"https:\/\/loewentestneu.metafex.io\/it\/product-brand\/labo-life-it\">Labo Life<\/a> 2L HA<\/p>\n<p>Altri prodotti per l&#8217;applicazione:<\/p>\n<p>Per saperne di pi\u00f9 sul produttore e su questo prodotto: <a href=\"https:\/\/www.labolife.com\/en\" target=\"_blank\" rel=\"noopener\">Labo Life<\/a> (link a sito esterno)<\/p>\n<p>Per i rischi e gli effetti collaterali, leggere il foglio illustrativo e chiedere al medico o al farmacista.<\/p>\n<p>Le informazioni contenute in questo sito web sono fornite solo a scopo informativo. Non sostituiscono in alcun modo la visita e il trattamento da parte di un medico. Ci\u00f2 significa che non \u00e8 possibile n\u00e9 fare diagnosi n\u00e9 iniziare terapie.<\/p>\n<h3>Microimmunoterapia<\/h3>\n<p>La microimmunoterapia \u00e8 una terapia di immunomodulazione che utilizza gli stessi messaggeri del sistema immunitario (ad esempio, citochine, ormoni, fattori di crescita, acidi nucleici) per trasmettere informazioni all&#8217;organismo e &#8220;riadattare&#8221; la risposta immunitaria. In altre parole, il suo obiettivo \u00e8 ripristinare la corretta comunicazione tra le cellule del sistema immunitario per aiutarle a recuperare la loro capacit\u00e0 innata di difenderci dagli aggressori o di limitare la loro risposta quando \u00e8 esagerata. <\/p>\n<p>A differenza dell&#8217;immunoterapia classica, le formule di <a href=\"https:\/\/loewentestneu.metafex.io\/it\/tag-prodotto\/microimmunoterapia\">microimmunoterapia<\/a> utilizzano un&#8217;ampia gamma di sostanze immunitarie (i cosiddetti &#8220;messaggeri&#8221;). Sono preparati in basse concentrazioni (low-doses) attraverso un processo di diluizione-dinamizzazione, garantendo cos\u00ec un&#8217;elevata tolleranza. Inoltre, a seconda che si desideri stimolare, modulare o inibire l&#8217;organismo, i livelli di concentrazione utilizzati possono variare all&#8217;interno della stessa formula.  Proprio come avviene naturalmente nell&#8217;organismo, le sostanze vengono somministrate seguendo una sequenza specifica, un ordine preciso.<\/p>\n<p>La microimmunoterapia pu\u00f2 essere un fedele alleato nel trattamento delle malattie derivanti da uno squilibrio del sistema immunitario, sia acute che croniche. Tra queste rientrano le patologie infettive e oncologiche o le malattie autoimmuni. La <a href=\"https:\/\/loewentestneu.metafex.io\/it\/tag-prodotto\/microimmunoterapia\">microimmunoterapia<\/a> non sostituisce il sistema immunitario, n\u00e9 lo forza o lo blocca, ma piuttosto informa l&#8217;immunit\u00e0 in modo sottile, rendendola quindi compatibile con altri trattamenti.<\/p>\n<p>Per saperne di pi\u00f9 su <a href=\"https:\/\/www.labolife.com\/de\" target=\"_blank\" rel=\"noopener noreferrer\">Labo&#8217;Life<\/a> e la microimmunoterapia, consultare la pagina web dei produttori.<\/p>\n<p>Anche in questo caso, per quanto riguarda i rischi e gli effetti collaterali, leggere il foglietto illustrativo e rivolgersi al medico o al farmacista.<\/p>\n","protected":false},"excerpt":{"rendered":"<h2>Labo Life 2LHA<\/h2>\n<p>La Farmacia Lion \u00e8 in grado di fornirvi tutti i preparati Labo Life Belgio su vostra richiesta.<\/p>\n<p>&nbsp;<\/p>\n<p>PZN: &#8211; (Pharmazentralnummer)<\/p>\n<p>Forma di dosaggio: Capsule<\/p>\n<p>Tipo di prescrizione: senza prescrizione<\/p>\n<p>Marchio: Labo Life<\/p>\n<p>Produttore: Labo&#8217;Life Belgium, Rue Camille Hubert 11, 5032 Gembloux.<\/p>\n<p>Dimensione dell&#8217;imballaggio: 30 pezzi.<\/p>\n","protected":false},"featured_media":17456,"comment_status":"closed","ping_status":"closed","template":"","meta":[],"product_brand":[],"product_cat":[118],"product_tag":[257,234,785],"class_list":{"0":"post-3547","1":"product","2":"type-product","3":"status-publish","4":"has-post-thumbnail","6":"product_cat-labo-life-it","7":"product_tag-2lmireg-it","8":"product_tag-microimmunoterapia","9":"product_tag-prodotto-dimportazione-individuale-nessun-ritorno","10":"product_shipping_class-standard-it","11":"ts_product_brand-all-it","12":"ts_product_brand-labo-life-it","14":"first","15":"instock","16":"taxable","17":"shipping-taxable","18":"purchasable","19":"product-type-simple"},"yoast_head":"<!-- This site is optimized with the Yoast SEO plugin v26.5 - https:\/\/yoast.com\/wordpress\/plugins\/seo\/ -->\n<title>Labo Life 2LHA &#187; Lion Pharmacy<\/title>\n<meta name=\"description\" content=\"Lion Pharmacy | farmacia online tedesca registrata | Spedizione internazionale rapida | Per saperne di pi\u00f9 sulla microimmunoterapia | Labo Life 2LHA\" \/>\n<meta name=\"robots\" content=\"noindex, follow, max-snippet:-1, max-image-preview:large, max-video-preview:-1\" \/>\n<meta property=\"og:locale\" content=\"it_IT\" \/>\n<meta property=\"og:type\" content=\"article\" \/>\n<meta property=\"og:title\" content=\"Labo Life 2LHA &#187; Lion Pharmacy\" \/>\n<meta property=\"og:description\" content=\"Lion Pharmacy | farmacia online tedesca registrata | Spedizione internazionale rapida | Per saperne di pi\u00f9 sulla microimmunoterapia | Labo Life 2LHA\" \/>\n<meta property=\"og:url\" content=\"https:\/\/loewentestneu.metafex.io\/it\/prodotto\/labo-life-2lha\" \/>\n<meta property=\"og:site_name\" content=\"Lion Pharmacy\" \/>\n<meta property=\"article:modified_time\" content=\"2025-11-29T15:30:00+00:00\" \/>\n<meta property=\"og:image\" content=\"https:\/\/loewentestneu.metafex.io\/wp-content\/uploads\/2025\/11\/2LHA_Labo-Life_Lowen-Apotheke24.webp\" \/>\n\t<meta property=\"og:image:width\" content=\"600\" \/>\n\t<meta property=\"og:image:height\" content=\"600\" \/>\n\t<meta property=\"og:image:type\" content=\"image\/webp\" \/>\n<meta name=\"twitter:card\" content=\"summary_large_image\" \/>\n<meta name=\"twitter:label1\" content=\"Tempo di lettura stimato\" \/>\n\t<meta name=\"twitter:data1\" content=\"2 minuti\" \/>\n<script type=\"application\/ld+json\" class=\"yoast-schema-graph\">{\"@context\":\"https:\/\/schema.org\",\"@graph\":[{\"@type\":\"WebPage\",\"@id\":\"https:\/\/loewentestneu.metafex.io\/it\/prodotto\/labo-life-2lha\",\"url\":\"https:\/\/loewentestneu.metafex.io\/it\/prodotto\/labo-life-2lha\",\"name\":\"Labo Life 2LHA &#187; Lion Pharmacy\",\"isPartOf\":{\"@id\":\"https:\/\/loewentestneu.metafex.io\/it#website\"},\"primaryImageOfPage\":{\"@id\":\"https:\/\/loewentestneu.metafex.io\/it\/prodotto\/labo-life-2lha#primaryimage\"},\"image\":{\"@id\":\"https:\/\/loewentestneu.metafex.io\/it\/prodotto\/labo-life-2lha#primaryimage\"},\"thumbnailUrl\":\"https:\/\/loewentestneu.metafex.io\/wp-content\/uploads\/2025\/11\/2LHA_Labo-Life_Lowen-Apotheke24.webp\",\"datePublished\":\"2024-02-29T19:56:32+00:00\",\"dateModified\":\"2025-11-29T15:30:00+00:00\",\"description\":\"Lion Pharmacy | farmacia online tedesca registrata | Spedizione internazionale rapida | Per saperne di pi\u00f9 sulla microimmunoterapia | Labo Life 2LHA\",\"breadcrumb\":{\"@id\":\"https:\/\/loewentestneu.metafex.io\/it\/prodotto\/labo-life-2lha#breadcrumb\"},\"inLanguage\":\"it-IT\",\"potentialAction\":[{\"@type\":\"ReadAction\",\"target\":[\"https:\/\/loewentestneu.metafex.io\/it\/prodotto\/labo-life-2lha\"]}]},{\"@type\":\"ImageObject\",\"inLanguage\":\"it-IT\",\"@id\":\"https:\/\/loewentestneu.metafex.io\/it\/prodotto\/labo-life-2lha#primaryimage\",\"url\":\"https:\/\/loewentestneu.metafex.io\/wp-content\/uploads\/2025\/11\/2LHA_Labo-Life_Lowen-Apotheke24.webp\",\"contentUrl\":\"https:\/\/loewentestneu.metafex.io\/wp-content\/uploads\/2025\/11\/2LHA_Labo-Life_Lowen-Apotheke24.webp\",\"width\":600,\"height\":600,\"caption\":\"L'immagine mostra una confezione di Labo Life 2L LHA, 2LLHA, Labo-Life, Lions-Pharmacy\"},{\"@type\":\"BreadcrumbList\",\"@id\":\"https:\/\/loewentestneu.metafex.io\/it\/prodotto\/labo-life-2lha#breadcrumb\",\"itemListElement\":[{\"@type\":\"ListItem\",\"position\":1,\"name\":\"Home\",\"item\":\"https:\/\/loewentestneu.metafex.io\/it\/homepage-lion-pharmacy\"},{\"@type\":\"ListItem\",\"position\":2,\"name\":\"Shop\",\"item\":\"https:\/\/loewentestneu.metafex.io\/it\/negozio\"},{\"@type\":\"ListItem\",\"position\":3,\"name\":\"Labo Life 2LHA\"}]},{\"@type\":\"WebSite\",\"@id\":\"https:\/\/loewentestneu.metafex.io\/it#website\",\"url\":\"https:\/\/loewentestneu.metafex.io\/it\",\"name\":\"Lions Pharmacy\",\"description\":\"Farmacia specializzata in naturopatia di Baden-Baden, Germania\",\"publisher\":{\"@id\":\"https:\/\/loewentestneu.metafex.io\/it#organization\"},\"alternateName\":\"Lion Pharmacy\",\"potentialAction\":[{\"@type\":\"SearchAction\",\"target\":{\"@type\":\"EntryPoint\",\"urlTemplate\":\"https:\/\/loewentestneu.metafex.io\/it?s={search_term_string}\"},\"query-input\":{\"@type\":\"PropertyValueSpecification\",\"valueRequired\":true,\"valueName\":\"search_term_string\"}}],\"inLanguage\":\"it-IT\"},{\"@type\":\"Organization\",\"@id\":\"https:\/\/loewentestneu.metafex.io\/it#organization\",\"name\":\"Lions Pharmacy\",\"alternateName\":\"Lions Pharmacy24\",\"url\":\"https:\/\/loewentestneu.metafex.io\/it\",\"logo\":{\"@type\":\"ImageObject\",\"inLanguage\":\"it-IT\",\"@id\":\"https:\/\/loewentestneu.metafex.io\/it#\/schema\/logo\/image\/\",\"url\":\"https:\/\/loewentestneu.metafex.io\/wp-content\/uploads\/2022\/12\/Logo-Lion-Pharmacy-c-o-Loewen-Apotheke-smal.jpg\",\"contentUrl\":\"https:\/\/loewentestneu.metafex.io\/wp-content\/uploads\/2022\/12\/Logo-Lion-Pharmacy-c-o-Loewen-Apotheke-smal.jpg\",\"width\":298,\"height\":99,\"caption\":\"Lions Pharmacy\"},\"image\":{\"@id\":\"https:\/\/loewentestneu.metafex.io\/it#\/schema\/logo\/image\/\"}}]}<\/script>\n<!-- \/ Yoast SEO plugin. -->","yoast_head_json":{"title":"Labo Life 2LHA &#187; Lion Pharmacy","description":"Lion Pharmacy | farmacia online tedesca registrata | Spedizione internazionale rapida | Per saperne di pi\u00f9 sulla microimmunoterapia | Labo Life 2LHA","robots":{"index":"noindex","follow":"follow","max-snippet":"max-snippet:-1","max-image-preview":"max-image-preview:large","max-video-preview":"max-video-preview:-1"},"og_locale":"it_IT","og_type":"article","og_title":"Labo Life 2LHA &#187; Lion Pharmacy","og_description":"Lion Pharmacy | farmacia online tedesca registrata | Spedizione internazionale rapida | Per saperne di pi\u00f9 sulla microimmunoterapia | Labo Life 2LHA","og_url":"https:\/\/loewentestneu.metafex.io\/it\/prodotto\/labo-life-2lha","og_site_name":"Lion Pharmacy","article_modified_time":"2025-11-29T15:30:00+00:00","og_image":[{"width":600,"height":600,"url":"https:\/\/loewentestneu.metafex.io\/wp-content\/uploads\/2025\/11\/2LHA_Labo-Life_Lowen-Apotheke24.webp","type":"image\/webp"}],"twitter_card":"summary_large_image","twitter_misc":{"Tempo di lettura stimato":"2 minuti"},"schema":{"@context":"https:\/\/schema.org","@graph":[{"@type":"WebPage","@id":"https:\/\/loewentestneu.metafex.io\/it\/prodotto\/labo-life-2lha","url":"https:\/\/loewentestneu.metafex.io\/it\/prodotto\/labo-life-2lha","name":"Labo Life 2LHA &#187; Lion Pharmacy","isPartOf":{"@id":"https:\/\/loewentestneu.metafex.io\/it#website"},"primaryImageOfPage":{"@id":"https:\/\/loewentestneu.metafex.io\/it\/prodotto\/labo-life-2lha#primaryimage"},"image":{"@id":"https:\/\/loewentestneu.metafex.io\/it\/prodotto\/labo-life-2lha#primaryimage"},"thumbnailUrl":"https:\/\/loewentestneu.metafex.io\/wp-content\/uploads\/2025\/11\/2LHA_Labo-Life_Lowen-Apotheke24.webp","datePublished":"2024-02-29T19:56:32+00:00","dateModified":"2025-11-29T15:30:00+00:00","description":"Lion Pharmacy | farmacia online tedesca registrata | Spedizione internazionale rapida | Per saperne di pi\u00f9 sulla microimmunoterapia | Labo Life 2LHA","breadcrumb":{"@id":"https:\/\/loewentestneu.metafex.io\/it\/prodotto\/labo-life-2lha#breadcrumb"},"inLanguage":"it-IT","potentialAction":[{"@type":"ReadAction","target":["https:\/\/loewentestneu.metafex.io\/it\/prodotto\/labo-life-2lha"]}]},{"@type":"ImageObject","inLanguage":"it-IT","@id":"https:\/\/loewentestneu.metafex.io\/it\/prodotto\/labo-life-2lha#primaryimage","url":"https:\/\/loewentestneu.metafex.io\/wp-content\/uploads\/2025\/11\/2LHA_Labo-Life_Lowen-Apotheke24.webp","contentUrl":"https:\/\/loewentestneu.metafex.io\/wp-content\/uploads\/2025\/11\/2LHA_Labo-Life_Lowen-Apotheke24.webp","width":600,"height":600,"caption":"L'immagine mostra una confezione di Labo Life 2L LHA, 2LLHA, Labo-Life, Lions-Pharmacy"},{"@type":"BreadcrumbList","@id":"https:\/\/loewentestneu.metafex.io\/it\/prodotto\/labo-life-2lha#breadcrumb","itemListElement":[{"@type":"ListItem","position":1,"name":"Home","item":"https:\/\/loewentestneu.metafex.io\/it\/homepage-lion-pharmacy"},{"@type":"ListItem","position":2,"name":"Shop","item":"https:\/\/loewentestneu.metafex.io\/it\/negozio"},{"@type":"ListItem","position":3,"name":"Labo Life 2LHA"}]},{"@type":"WebSite","@id":"https:\/\/loewentestneu.metafex.io\/it#website","url":"https:\/\/loewentestneu.metafex.io\/it","name":"Lions Pharmacy","description":"Farmacia specializzata in naturopatia di Baden-Baden, Germania","publisher":{"@id":"https:\/\/loewentestneu.metafex.io\/it#organization"},"alternateName":"Lion Pharmacy","potentialAction":[{"@type":"SearchAction","target":{"@type":"EntryPoint","urlTemplate":"https:\/\/loewentestneu.metafex.io\/it?s={search_term_string}"},"query-input":{"@type":"PropertyValueSpecification","valueRequired":true,"valueName":"search_term_string"}}],"inLanguage":"it-IT"},{"@type":"Organization","@id":"https:\/\/loewentestneu.metafex.io\/it#organization","name":"Lions Pharmacy","alternateName":"Lions Pharmacy24","url":"https:\/\/loewentestneu.metafex.io\/it","logo":{"@type":"ImageObject","inLanguage":"it-IT","@id":"https:\/\/loewentestneu.metafex.io\/it#\/schema\/logo\/image\/","url":"https:\/\/loewentestneu.metafex.io\/wp-content\/uploads\/2022\/12\/Logo-Lion-Pharmacy-c-o-Loewen-Apotheke-smal.jpg","contentUrl":"https:\/\/loewentestneu.metafex.io\/wp-content\/uploads\/2022\/12\/Logo-Lion-Pharmacy-c-o-Loewen-Apotheke-smal.jpg","width":298,"height":99,"caption":"Lions Pharmacy"},"image":{"@id":"https:\/\/loewentestneu.metafex.io\/it#\/schema\/logo\/image\/"}}]}},"_links":{"self":[{"href":"https:\/\/loewentestneu.metafex.io\/it\/wp-json\/wp\/v2\/product\/3547","targetHints":{"allow":["GET"]}}],"collection":[{"href":"https:\/\/loewentestneu.metafex.io\/it\/wp-json\/wp\/v2\/product"}],"about":[{"href":"https:\/\/loewentestneu.metafex.io\/it\/wp-json\/wp\/v2\/types\/product"}],"replies":[{"embeddable":true,"href":"https:\/\/loewentestneu.metafex.io\/it\/wp-json\/wp\/v2\/comments?post=3547"}],"wp:featuredmedia":[{"embeddable":true,"href":"https:\/\/loewentestneu.metafex.io\/it\/wp-json\/wp\/v2\/media\/17456"}],"wp:attachment":[{"href":"https:\/\/loewentestneu.metafex.io\/it\/wp-json\/wp\/v2\/media?parent=3547"}],"wp:term":[{"taxonomy":"product_brand","embeddable":true,"href":"https:\/\/loewentestneu.metafex.io\/it\/wp-json\/wp\/v2\/product_brand?post=3547"},{"taxonomy":"product_cat","embeddable":true,"href":"https:\/\/loewentestneu.metafex.io\/it\/wp-json\/wp\/v2\/product_cat?post=3547"},{"taxonomy":"product_tag","embeddable":true,"href":"https:\/\/loewentestneu.metafex.io\/it\/wp-json\/wp\/v2\/product_tag?post=3547"}],"curies":[{"name":"wp","href":"https:\/\/api.w.org\/{rel}","templated":true}]}}