{"id":4401,"date":"2024-09-07T09:25:47","date_gmt":"2024-09-07T08:25:47","guid":{"rendered":"https:\/\/lions-pharmacy.com\/?post_type=product&#038;p=4401"},"modified":"2025-01-24T18:01:24","modified_gmt":"2025-01-24T17:01:24","slug":"umckaloabo-liquid-50-ml","status":"publish","type":"product","link":"https:\/\/loewentestneu.metafex.io\/it\/prodotto\/umckaloabo-liquid-50-ml","title":{"rendered":"Umckaloabo liquido 50 ml"},"content":{"rendered":"<h3 style=\"text-align: left;\">Liquido Umckaloabo<\/h3>\n<p>Nel trattamento delle infezioni del tratto respiratorio, come la bronchite acuta con i suoi sintomi tipici, \u00e8 particolarmente importante non trattare solo i sintomi, ma soprattutto combattere gli agenti patogeni causali con un farmaco adatto. \u00c8 proprio qui che entra in gioco Umckaloabo. Lo speciale principio attivo EPs\u00ae 7630 del farmaco agisce in modo specifico contro la causa dell&#8217;infezione. L&#8217;antinfettivo a base di erbe per la bronchite acuta.<\/p>\n<ul style=\"list-style-type: square;\">\n<li>Umckaloabo\u00ae agisce specificamente contro la causa dell&#8217;infezione.<\/li>\n<li>Combatte gli agenti patogeni, allevia i sintomi e accelera la guarigione<\/li>\n<li>Puramente erboristico e ben tollerato<\/li>\n<li>Per tutta la famiglia (da 1 anno)<\/li>\n<\/ul>\n<p>Qui puoi trovare maggiori informazioni sul prodotto e sul <a href=\"https:\/\/www.umckaloabo.de\/de\/umckaloabo-produkte\/umckaloabo-tropfen\" target=\"_blank\" rel=\"noopener\">produttore Dr. Schwabe<\/a><\/p>\n<p>Dr. Willmar Schwabe GmbH &amp; Co. KG \u00e8 la societ\u00e0 madre del Gruppo Schwabe ed \u00e8 anche indicata come Gruppo di societ\u00e0 Schwabe o Gruppo Schwabe. L&#8217;azienda farmaceutica \u00e8 stata fondata a Lipsia nel 1865. La sede fu trasferita a Karlsruhe nel 1946. Il Gruppo \u00e8 focalizzato sull&#8217;industria sanitaria e farmaceutica, specializzandosi in medicinali medicinali erboristici e omeopatici, fitofarmaci e omeopatici, integratori alimentari di origine vegetale medicinale e servizi aggiuntivi per la salute olistica e l&#8217;auto-aiuto, come programmi di formazione per la forma psicofisica. Questi includono i marchi Tebonin, Umckaloabo.<\/p>\n<p>Altri prodotti di: <a href=\"\/de?product_cat=schwabe\">Dr. Schwabe<\/a><\/p>\n<p>Per i rischi e gli effetti collaterali, leggere il foglio illustrativo e chiedere al medico o al farmacista.<\/p>\n<h3 style=\"text-align: left;\">Prescrizione | \u00c8 disponibile una prescrizione elettronica?<\/h3>\n<p>Invia subito la tua prescrizione elettronica. Usa la nostra app <a href=\"https:\/\/e-rezept-app.de\/shop-rezept\" target=\"_blank\" rel=\"noopener\">per la prescrizione elettronica<\/a> . E noi ti diamo le spese di spedizione gratis in Germania!<\/p>\n","protected":false},"excerpt":{"rendered":"<h2 style=\"text-align: left;\">Liquido Umckaloabo<\/h2>\n<div class=\"rating__wrap\">\n<p>L&#8217;antinfettivo a base di erbe per la bronchite acuta<\/p>\n<p>&nbsp;<\/p>\n<p><strong>PZN<\/strong>: 01062049 (numero centrale della farmacia)<\/p>\n<p><strong>Forma di dosaggio<\/strong>: gocce &#8211; 50ml<\/p>\n<p><strong>Tipo di prescrizione: senza prescrizione<\/strong><\/p>\n<p><strong>Marchio<\/strong>: <a href=\"https:\/\/www.umckaloabo.de\/de\" target=\"_blank\" rel=\"noopener\">Umckaloabo <\/a>\u00ae<\/p>\n<p><strong>Produttore<\/strong>: <a href=\"https:\/\/www.loewen-apotheke24.com\/de\/product_cat\/schwabe\/\">Dr.Willmar Schwabe GmbH &amp; Co.KG<\/a><\/p>\n<\/div>\n","protected":false},"featured_media":4319,"comment_status":"closed","ping_status":"closed","template":"","meta":[],"product_brand":[],"product_cat":[462,124,115],"product_tag":[515,481,484,514,480],"class_list":{"0":"post-4401","1":"product","2":"type-product","3":"status-publish","4":"has-post-thumbnail","6":"product_cat-dr-schwabe-it","7":"product_cat-sale-it","8":"product_cat-non-categorizzato","9":"product_tag-corona-e-difese-immunitarie","10":"product_tag-dott-schwabe","11":"product_tag-influenza-e-raffreddore","12":"product_tag-principio-attivo-di-origine-vegetale","13":"product_tag-rimedi-naturali","14":"ts_product_brand-all-it","15":"ts_product_brand-dott-schwabe","17":"first","18":"instock","19":"taxable","20":"shipping-taxable","21":"purchasable","22":"product-type-simple"},"yoast_head":"<!-- This site is optimized with the Yoast SEO plugin v26.5 - https:\/\/yoast.com\/wordpress\/plugins\/seo\/ -->\n<title>Umckaloabo liquido 50 ml &#187; Lion Pharmacy<\/title>\n<meta name=\"description\" content=\"Lions Pharmacy | Farmacia online tedesca registrata | Spedizioni Internazionali Veloci | Umckaloabo liquido 50 ml di shopping online comodo e sicuro\" \/>\n<meta name=\"robots\" content=\"noindex, follow, max-snippet:-1, max-image-preview:large, max-video-preview:-1\" \/>\n<meta property=\"og:locale\" content=\"it_IT\" \/>\n<meta property=\"og:type\" content=\"article\" \/>\n<meta property=\"og:title\" content=\"Umckaloabo liquido 50 ml &#187; Lion Pharmacy\" \/>\n<meta property=\"og:description\" content=\"Lions Pharmacy | Farmacia online tedesca registrata | Spedizioni Internazionali Veloci | Umckaloabo liquido 50 ml di shopping online comodo e sicuro\" \/>\n<meta property=\"og:url\" content=\"https:\/\/loewentestneu.metafex.io\/it\/prodotto\/umckaloabo-liquid-50-ml\" \/>\n<meta property=\"og:site_name\" content=\"Lion Pharmacy\" \/>\n<meta property=\"article:modified_time\" content=\"2025-01-24T17:01:24+00:00\" \/>\n<meta property=\"og:image\" content=\"https:\/\/loewentestneu.metafex.io\/wp-content\/uploads\/2024\/09\/umckaloabo.webp\" \/>\n\t<meta property=\"og:image:width\" content=\"600\" \/>\n\t<meta property=\"og:image:height\" content=\"600\" \/>\n\t<meta property=\"og:image:type\" content=\"image\/webp\" \/>\n<meta name=\"twitter:card\" content=\"summary_large_image\" \/>\n<meta name=\"twitter:label1\" content=\"Tempo di lettura stimato\" \/>\n\t<meta name=\"twitter:data1\" content=\"1 minuto\" \/>\n<script type=\"application\/ld+json\" class=\"yoast-schema-graph\">{\"@context\":\"https:\/\/schema.org\",\"@graph\":[{\"@type\":\"WebPage\",\"@id\":\"https:\/\/loewentestneu.metafex.io\/it\/prodotto\/umckaloabo-liquid-50-ml\",\"url\":\"https:\/\/loewentestneu.metafex.io\/it\/prodotto\/umckaloabo-liquid-50-ml\",\"name\":\"Umckaloabo liquido 50 ml &#187; Lion Pharmacy\",\"isPartOf\":{\"@id\":\"https:\/\/loewentestneu.metafex.io\/it#website\"},\"primaryImageOfPage\":{\"@id\":\"https:\/\/loewentestneu.metafex.io\/it\/prodotto\/umckaloabo-liquid-50-ml#primaryimage\"},\"image\":{\"@id\":\"https:\/\/loewentestneu.metafex.io\/it\/prodotto\/umckaloabo-liquid-50-ml#primaryimage\"},\"thumbnailUrl\":\"https:\/\/loewentestneu.metafex.io\/wp-content\/uploads\/2024\/09\/umckaloabo.webp\",\"datePublished\":\"2024-09-07T08:25:47+00:00\",\"dateModified\":\"2025-01-24T17:01:24+00:00\",\"description\":\"Lions Pharmacy | Farmacia online tedesca registrata | Spedizioni Internazionali Veloci | Umckaloabo liquido 50 ml di shopping online comodo e sicuro\",\"breadcrumb\":{\"@id\":\"https:\/\/loewentestneu.metafex.io\/it\/prodotto\/umckaloabo-liquid-50-ml#breadcrumb\"},\"inLanguage\":\"it-IT\",\"potentialAction\":[{\"@type\":\"ReadAction\",\"target\":[\"https:\/\/loewentestneu.metafex.io\/it\/prodotto\/umckaloabo-liquid-50-ml\"]}]},{\"@type\":\"ImageObject\",\"inLanguage\":\"it-IT\",\"@id\":\"https:\/\/loewentestneu.metafex.io\/it\/prodotto\/umckaloabo-liquid-50-ml#primaryimage\",\"url\":\"https:\/\/loewentestneu.metafex.io\/wp-content\/uploads\/2024\/09\/umckaloabo.webp\",\"contentUrl\":\"https:\/\/loewentestneu.metafex.io\/wp-content\/uploads\/2024\/09\/umckaloabo.webp\",\"width\":600,\"height\":600,\"caption\":\"umckaloabo liquido 100ml, PZN 00930673, Dr. Schwabe, Farmacia Lions\"},{\"@type\":\"BreadcrumbList\",\"@id\":\"https:\/\/loewentestneu.metafex.io\/it\/prodotto\/umckaloabo-liquid-50-ml#breadcrumb\",\"itemListElement\":[{\"@type\":\"ListItem\",\"position\":1,\"name\":\"Home\",\"item\":\"https:\/\/loewentestneu.metafex.io\/it\/homepage-lion-pharmacy\"},{\"@type\":\"ListItem\",\"position\":2,\"name\":\"Shop\",\"item\":\"https:\/\/loewentestneu.metafex.io\/it\/negozio\"},{\"@type\":\"ListItem\",\"position\":3,\"name\":\"Umckaloabo liquido 50 ml\"}]},{\"@type\":\"WebSite\",\"@id\":\"https:\/\/loewentestneu.metafex.io\/it#website\",\"url\":\"https:\/\/loewentestneu.metafex.io\/it\",\"name\":\"Lions Pharmacy\",\"description\":\"Farmacia specializzata in naturopatia di Baden-Baden, Germania\",\"publisher\":{\"@id\":\"https:\/\/loewentestneu.metafex.io\/it#organization\"},\"alternateName\":\"Lion Pharmacy\",\"potentialAction\":[{\"@type\":\"SearchAction\",\"target\":{\"@type\":\"EntryPoint\",\"urlTemplate\":\"https:\/\/loewentestneu.metafex.io\/it?s={search_term_string}\"},\"query-input\":{\"@type\":\"PropertyValueSpecification\",\"valueRequired\":true,\"valueName\":\"search_term_string\"}}],\"inLanguage\":\"it-IT\"},{\"@type\":\"Organization\",\"@id\":\"https:\/\/loewentestneu.metafex.io\/it#organization\",\"name\":\"Lions Pharmacy\",\"alternateName\":\"Lions Pharmacy24\",\"url\":\"https:\/\/loewentestneu.metafex.io\/it\",\"logo\":{\"@type\":\"ImageObject\",\"inLanguage\":\"it-IT\",\"@id\":\"https:\/\/loewentestneu.metafex.io\/it#\/schema\/logo\/image\/\",\"url\":\"https:\/\/loewentestneu.metafex.io\/wp-content\/uploads\/2022\/12\/Logo-Lion-Pharmacy-c-o-Loewen-Apotheke-smal.jpg\",\"contentUrl\":\"https:\/\/loewentestneu.metafex.io\/wp-content\/uploads\/2022\/12\/Logo-Lion-Pharmacy-c-o-Loewen-Apotheke-smal.jpg\",\"width\":298,\"height\":99,\"caption\":\"Lions Pharmacy\"},\"image\":{\"@id\":\"https:\/\/loewentestneu.metafex.io\/it#\/schema\/logo\/image\/\"}}]}<\/script>\n<!-- \/ Yoast SEO plugin. -->","yoast_head_json":{"title":"Umckaloabo liquido 50 ml &#187; Lion Pharmacy","description":"Lions Pharmacy | Farmacia online tedesca registrata | Spedizioni Internazionali Veloci | Umckaloabo liquido 50 ml di shopping online comodo e sicuro","robots":{"index":"noindex","follow":"follow","max-snippet":"max-snippet:-1","max-image-preview":"max-image-preview:large","max-video-preview":"max-video-preview:-1"},"og_locale":"it_IT","og_type":"article","og_title":"Umckaloabo liquido 50 ml &#187; Lion Pharmacy","og_description":"Lions Pharmacy | Farmacia online tedesca registrata | Spedizioni Internazionali Veloci | Umckaloabo liquido 50 ml di shopping online comodo e sicuro","og_url":"https:\/\/loewentestneu.metafex.io\/it\/prodotto\/umckaloabo-liquid-50-ml","og_site_name":"Lion Pharmacy","article_modified_time":"2025-01-24T17:01:24+00:00","og_image":[{"width":600,"height":600,"url":"https:\/\/loewentestneu.metafex.io\/wp-content\/uploads\/2024\/09\/umckaloabo.webp","type":"image\/webp"}],"twitter_card":"summary_large_image","twitter_misc":{"Tempo di lettura stimato":"1 minuto"},"schema":{"@context":"https:\/\/schema.org","@graph":[{"@type":"WebPage","@id":"https:\/\/loewentestneu.metafex.io\/it\/prodotto\/umckaloabo-liquid-50-ml","url":"https:\/\/loewentestneu.metafex.io\/it\/prodotto\/umckaloabo-liquid-50-ml","name":"Umckaloabo liquido 50 ml &#187; Lion Pharmacy","isPartOf":{"@id":"https:\/\/loewentestneu.metafex.io\/it#website"},"primaryImageOfPage":{"@id":"https:\/\/loewentestneu.metafex.io\/it\/prodotto\/umckaloabo-liquid-50-ml#primaryimage"},"image":{"@id":"https:\/\/loewentestneu.metafex.io\/it\/prodotto\/umckaloabo-liquid-50-ml#primaryimage"},"thumbnailUrl":"https:\/\/loewentestneu.metafex.io\/wp-content\/uploads\/2024\/09\/umckaloabo.webp","datePublished":"2024-09-07T08:25:47+00:00","dateModified":"2025-01-24T17:01:24+00:00","description":"Lions Pharmacy | Farmacia online tedesca registrata | Spedizioni Internazionali Veloci | Umckaloabo liquido 50 ml di shopping online comodo e sicuro","breadcrumb":{"@id":"https:\/\/loewentestneu.metafex.io\/it\/prodotto\/umckaloabo-liquid-50-ml#breadcrumb"},"inLanguage":"it-IT","potentialAction":[{"@type":"ReadAction","target":["https:\/\/loewentestneu.metafex.io\/it\/prodotto\/umckaloabo-liquid-50-ml"]}]},{"@type":"ImageObject","inLanguage":"it-IT","@id":"https:\/\/loewentestneu.metafex.io\/it\/prodotto\/umckaloabo-liquid-50-ml#primaryimage","url":"https:\/\/loewentestneu.metafex.io\/wp-content\/uploads\/2024\/09\/umckaloabo.webp","contentUrl":"https:\/\/loewentestneu.metafex.io\/wp-content\/uploads\/2024\/09\/umckaloabo.webp","width":600,"height":600,"caption":"umckaloabo liquido 100ml, PZN 00930673, Dr. Schwabe, Farmacia Lions"},{"@type":"BreadcrumbList","@id":"https:\/\/loewentestneu.metafex.io\/it\/prodotto\/umckaloabo-liquid-50-ml#breadcrumb","itemListElement":[{"@type":"ListItem","position":1,"name":"Home","item":"https:\/\/loewentestneu.metafex.io\/it\/homepage-lion-pharmacy"},{"@type":"ListItem","position":2,"name":"Shop","item":"https:\/\/loewentestneu.metafex.io\/it\/negozio"},{"@type":"ListItem","position":3,"name":"Umckaloabo liquido 50 ml"}]},{"@type":"WebSite","@id":"https:\/\/loewentestneu.metafex.io\/it#website","url":"https:\/\/loewentestneu.metafex.io\/it","name":"Lions Pharmacy","description":"Farmacia specializzata in naturopatia di Baden-Baden, Germania","publisher":{"@id":"https:\/\/loewentestneu.metafex.io\/it#organization"},"alternateName":"Lion Pharmacy","potentialAction":[{"@type":"SearchAction","target":{"@type":"EntryPoint","urlTemplate":"https:\/\/loewentestneu.metafex.io\/it?s={search_term_string}"},"query-input":{"@type":"PropertyValueSpecification","valueRequired":true,"valueName":"search_term_string"}}],"inLanguage":"it-IT"},{"@type":"Organization","@id":"https:\/\/loewentestneu.metafex.io\/it#organization","name":"Lions Pharmacy","alternateName":"Lions Pharmacy24","url":"https:\/\/loewentestneu.metafex.io\/it","logo":{"@type":"ImageObject","inLanguage":"it-IT","@id":"https:\/\/loewentestneu.metafex.io\/it#\/schema\/logo\/image\/","url":"https:\/\/loewentestneu.metafex.io\/wp-content\/uploads\/2022\/12\/Logo-Lion-Pharmacy-c-o-Loewen-Apotheke-smal.jpg","contentUrl":"https:\/\/loewentestneu.metafex.io\/wp-content\/uploads\/2022\/12\/Logo-Lion-Pharmacy-c-o-Loewen-Apotheke-smal.jpg","width":298,"height":99,"caption":"Lions Pharmacy"},"image":{"@id":"https:\/\/loewentestneu.metafex.io\/it#\/schema\/logo\/image\/"}}]}},"_links":{"self":[{"href":"https:\/\/loewentestneu.metafex.io\/it\/wp-json\/wp\/v2\/product\/4401","targetHints":{"allow":["GET"]}}],"collection":[{"href":"https:\/\/loewentestneu.metafex.io\/it\/wp-json\/wp\/v2\/product"}],"about":[{"href":"https:\/\/loewentestneu.metafex.io\/it\/wp-json\/wp\/v2\/types\/product"}],"replies":[{"embeddable":true,"href":"https:\/\/loewentestneu.metafex.io\/it\/wp-json\/wp\/v2\/comments?post=4401"}],"wp:featuredmedia":[{"embeddable":true,"href":"https:\/\/loewentestneu.metafex.io\/it\/wp-json\/wp\/v2\/media\/4319"}],"wp:attachment":[{"href":"https:\/\/loewentestneu.metafex.io\/it\/wp-json\/wp\/v2\/media?parent=4401"}],"wp:term":[{"taxonomy":"product_brand","embeddable":true,"href":"https:\/\/loewentestneu.metafex.io\/it\/wp-json\/wp\/v2\/product_brand?post=4401"},{"taxonomy":"product_cat","embeddable":true,"href":"https:\/\/loewentestneu.metafex.io\/it\/wp-json\/wp\/v2\/product_cat?post=4401"},{"taxonomy":"product_tag","embeddable":true,"href":"https:\/\/loewentestneu.metafex.io\/it\/wp-json\/wp\/v2\/product_tag?post=4401"}],"curies":[{"name":"wp","href":"https:\/\/api.w.org\/{rel}","templated":true}]}}