{"id":4472,"date":"2024-09-06T15:07:59","date_gmt":"2024-09-06T14:07:59","guid":{"rendered":"https:\/\/lions-pharmacy.com\/?post_type=product&#038;p=4472"},"modified":"2025-01-24T17:27:21","modified_gmt":"2025-01-24T16:27:21","slug":"tebonin-konzent-120-pcs-240mg-07752045-film-coated-tablets","status":"publish","type":"product","link":"https:\/\/loewentestneu.metafex.io\/it\/prodotto\/tebonin-konzent-120-pcs-240mg-07752045-film-coated-tablets","title":{"rendered":"Tebonin Konzent 240mg Compresse Rivestite con Film 120 pz."},"content":{"rendered":"<h2 style=\"text-align: left;\">Tebonin Konzent 240mg compresse rivestite con film<\/h2>\n<p>Tebonin Konzent 240mg Filmtabletten \u00e8 un medicinale a base di erbe di alta qualit\u00e0 utilizzato per il trattamento della dimenticanza e della mancanza di concentrazione in et\u00e0 avanzata, per il miglioramento dei deficit delle prestazioni mentali<br \/>\n\u00e8 utilizzato nella demenza lieve e in alcune forme di vertigini, nonch\u00e9 nei ronzii alle orecchie e negli acufeni. L&#8217;estratto speciale standardizzato di ginkgo EGb 761\u00ae (in Tebonin\u00ae konzent\u00ae 240 mg) &#8211; studiato, sviluppato e prodotto in Germania &#8211; pu\u00f2 contrastare il declino mentale non appena compaiono i primi segni di compromissione della memoria e a condizione che venga assunto per un periodo di tempo pi\u00f9 lungo e in dosi elevate.<\/p>\n<p>Dr. Willmar Schwabe GmbH &amp; Co. KG \u00e8 la societ\u00e0 madre del Gruppo Schwabe ed \u00e8 anche indicata come Gruppo di societ\u00e0 Schwabe o Gruppo Schwabe. L&#8217;azienda farmaceutica \u00e8 stata fondata a Lipsia nel 1865. La sede fu trasferita a Karlsruhe nel 1946. Il Gruppo \u00e8 focalizzato sull&#8217;industria sanitaria e farmaceutica, specializzandosi in medicinali medicinali erboristici e omeopatici, fitofarmaci e omeopatici, integratori alimentari di origine vegetale medicinale e servizi aggiuntivi per la salute olistica e l&#8217;auto-aiuto, come programmi di formazione per la forma psicofisica. Questi includono i marchi Tebonin, Umckaloabo.<\/p>\n<p>Altri prodotti di <a href=\"\/de?product_cat=schwabe\">Dr. Schwabe nel nostro assortimento<\/a><\/p>\n<p>Ulteriori dettagli sul prodotto sono disponibili presso il produttore: <a href=\"https:\/\/www.tebonin.de\/\" target=\"_blank\" rel=\"noopener\">Informazioni sul prodotto e sul produttore Dr. Schwabe<\/a><\/p>\n<p>Altri clienti erano interessati anche ai prodotti relativi a: Dememz | <a href=\"\/de?product_tag=vital\">Vitalit\u00e0, perdita di prestazioni e dimenticanza<\/a> | Mancanza di concentrazione<\/p>\n<p>Per i rischi e gli effetti collaterali, leggere il foglio illustrativo e chiedere al medico o al farmacista.<\/p>\n","protected":false},"excerpt":{"rendered":"<h2 style=\"text-align: left;\">Tebonin Konzent 240mg compresse rivestite con film<\/h2>\n<p>Per il miglioramento dei deficit delle prestazioni mentali, nella demenza lieve.<\/p>\n<p>&nbsp;<\/p>\n<p><strong>PZN<\/strong>: 07752045 (numero centrale della farmacia)<\/p>\n<p><strong>Forma di dosaggio<\/strong>: compresse rivestite con film &#8211; 120 pezzi<\/p>\n<p><strong>Tipo di prescrizione: senza prescrizione<\/strong><\/p>\n<p><strong>Marchio<\/strong>: Tebonin<\/p>\n<p><strong>Produttore<\/strong>: Dr.Willmar Schwabe GmbH &amp; Co.KG<\/p>\n","protected":false},"featured_media":4346,"comment_status":"closed","ping_status":"closed","template":"","meta":[],"product_brand":[],"product_cat":[462,124,115],"product_tag":[481,514,480,539,319,501],"class_list":{"0":"post-4472","1":"product","2":"type-product","3":"status-publish","4":"has-post-thumbnail","6":"product_cat-dr-schwabe-it","7":"product_cat-sale-it","8":"product_cat-non-categorizzato","9":"product_tag-dott-schwabe","10":"product_tag-principio-attivo-di-origine-vegetale","11":"product_tag-rimedi-naturali","12":"product_tag-tebonin-it","13":"product_tag-tinnito","14":"product_tag-vertigini","15":"ts_product_brand-all-it","16":"ts_product_brand-dott-schwabe","18":"first","19":"instock","20":"sale","21":"taxable","22":"shipping-taxable","23":"purchasable","24":"product-type-simple"},"yoast_head":"<!-- This site is optimized with the Yoast SEO plugin v26.5 - https:\/\/yoast.com\/wordpress\/plugins\/seo\/ -->\n<title>Tebonin Konzent 240mg Compresse Rivestite con Film 120 pz. &#187; Lion Pharmacy<\/title>\n<meta name=\"description\" content=\"Lions Pharmacy | Farmacia online tedesca registrata | Spedizioni Internazionali Veloci | Tebonin Konzent 240mg Compresse Rivestite con Film 120 pz. di shopping online comodo e sicuro\" \/>\n<meta name=\"robots\" content=\"noindex, follow, max-snippet:-1, max-image-preview:large, max-video-preview:-1\" \/>\n<meta property=\"og:locale\" content=\"it_IT\" \/>\n<meta property=\"og:type\" content=\"article\" \/>\n<meta property=\"og:title\" content=\"Tebonin Konzent 240mg Compresse Rivestite con Film 120 pz. &#187; Lion Pharmacy\" \/>\n<meta property=\"og:description\" content=\"Lions Pharmacy | Farmacia online tedesca registrata | Spedizioni Internazionali Veloci | Tebonin Konzent 240mg Compresse Rivestite con Film 120 pz. di shopping online comodo e sicuro\" \/>\n<meta property=\"og:url\" content=\"https:\/\/loewentestneu.metafex.io\/it\/prodotto\/tebonin-konzent-120-pcs-240mg-07752045-film-coated-tablets\" \/>\n<meta property=\"og:site_name\" content=\"Lion Pharmacy\" \/>\n<meta property=\"article:modified_time\" content=\"2025-01-24T16:27:21+00:00\" \/>\n<meta property=\"og:image\" content=\"https:\/\/loewentestneu.metafex.io\/wp-content\/uploads\/2024\/09\/Tebonin-Konzent-.webp\" \/>\n\t<meta property=\"og:image:width\" content=\"600\" \/>\n\t<meta property=\"og:image:height\" content=\"600\" \/>\n\t<meta property=\"og:image:type\" content=\"image\/webp\" \/>\n<meta name=\"twitter:card\" content=\"summary_large_image\" \/>\n<meta name=\"twitter:label1\" content=\"Tempo di lettura stimato\" \/>\n\t<meta name=\"twitter:data1\" content=\"1 minuto\" \/>\n<script type=\"application\/ld+json\" class=\"yoast-schema-graph\">{\"@context\":\"https:\/\/schema.org\",\"@graph\":[{\"@type\":\"WebPage\",\"@id\":\"https:\/\/loewentestneu.metafex.io\/it\/prodotto\/tebonin-konzent-120-pcs-240mg-07752045-film-coated-tablets\",\"url\":\"https:\/\/loewentestneu.metafex.io\/it\/prodotto\/tebonin-konzent-120-pcs-240mg-07752045-film-coated-tablets\",\"name\":\"Tebonin Konzent 240mg Compresse Rivestite con Film 120 pz. &#187; Lion Pharmacy\",\"isPartOf\":{\"@id\":\"https:\/\/loewentestneu.metafex.io\/it#website\"},\"primaryImageOfPage\":{\"@id\":\"https:\/\/loewentestneu.metafex.io\/it\/prodotto\/tebonin-konzent-120-pcs-240mg-07752045-film-coated-tablets#primaryimage\"},\"image\":{\"@id\":\"https:\/\/loewentestneu.metafex.io\/it\/prodotto\/tebonin-konzent-120-pcs-240mg-07752045-film-coated-tablets#primaryimage\"},\"thumbnailUrl\":\"https:\/\/loewentestneu.metafex.io\/wp-content\/uploads\/2024\/09\/Tebonin-Konzent-.webp\",\"datePublished\":\"2024-09-06T14:07:59+00:00\",\"dateModified\":\"2025-01-24T16:27:21+00:00\",\"description\":\"Lions Pharmacy | Farmacia online tedesca registrata | Spedizioni Internazionali Veloci | Tebonin Konzent 240mg Compresse Rivestite con Film 120 pz. di shopping online comodo e sicuro\",\"breadcrumb\":{\"@id\":\"https:\/\/loewentestneu.metafex.io\/it\/prodotto\/tebonin-konzent-120-pcs-240mg-07752045-film-coated-tablets#breadcrumb\"},\"inLanguage\":\"it-IT\",\"potentialAction\":[{\"@type\":\"ReadAction\",\"target\":[\"https:\/\/loewentestneu.metafex.io\/it\/prodotto\/tebonin-konzent-120-pcs-240mg-07752045-film-coated-tablets\"]}]},{\"@type\":\"ImageObject\",\"inLanguage\":\"it-IT\",\"@id\":\"https:\/\/loewentestneu.metafex.io\/it\/prodotto\/tebonin-konzent-120-pcs-240mg-07752045-film-coated-tablets#primaryimage\",\"url\":\"https:\/\/loewentestneu.metafex.io\/wp-content\/uploads\/2024\/09\/Tebonin-Konzent-.webp\",\"contentUrl\":\"https:\/\/loewentestneu.metafex.io\/wp-content\/uploads\/2024\/09\/Tebonin-Konzent-.webp\",\"width\":600,\"height\":600,\"caption\":\"Tebonin Konzent 240 mg, Farmacia Lions, Dr. Schwabe, PZN 02293816\"},{\"@type\":\"BreadcrumbList\",\"@id\":\"https:\/\/loewentestneu.metafex.io\/it\/prodotto\/tebonin-konzent-120-pcs-240mg-07752045-film-coated-tablets#breadcrumb\",\"itemListElement\":[{\"@type\":\"ListItem\",\"position\":1,\"name\":\"Home\",\"item\":\"https:\/\/loewentestneu.metafex.io\/it\/homepage-lion-pharmacy\"},{\"@type\":\"ListItem\",\"position\":2,\"name\":\"Shop\",\"item\":\"https:\/\/loewentestneu.metafex.io\/it\/negozio\"},{\"@type\":\"ListItem\",\"position\":3,\"name\":\"Tebonin Konzent 240mg Compresse Rivestite con Film 120 pz.\"}]},{\"@type\":\"WebSite\",\"@id\":\"https:\/\/loewentestneu.metafex.io\/it#website\",\"url\":\"https:\/\/loewentestneu.metafex.io\/it\",\"name\":\"Lions Pharmacy\",\"description\":\"Farmacia specializzata in naturopatia di Baden-Baden, Germania\",\"publisher\":{\"@id\":\"https:\/\/loewentestneu.metafex.io\/it#organization\"},\"alternateName\":\"Lion Pharmacy\",\"potentialAction\":[{\"@type\":\"SearchAction\",\"target\":{\"@type\":\"EntryPoint\",\"urlTemplate\":\"https:\/\/loewentestneu.metafex.io\/it?s={search_term_string}\"},\"query-input\":{\"@type\":\"PropertyValueSpecification\",\"valueRequired\":true,\"valueName\":\"search_term_string\"}}],\"inLanguage\":\"it-IT\"},{\"@type\":\"Organization\",\"@id\":\"https:\/\/loewentestneu.metafex.io\/it#organization\",\"name\":\"Lions Pharmacy\",\"alternateName\":\"Lions Pharmacy24\",\"url\":\"https:\/\/loewentestneu.metafex.io\/it\",\"logo\":{\"@type\":\"ImageObject\",\"inLanguage\":\"it-IT\",\"@id\":\"https:\/\/loewentestneu.metafex.io\/it#\/schema\/logo\/image\/\",\"url\":\"https:\/\/loewentestneu.metafex.io\/wp-content\/uploads\/2022\/12\/Logo-Lion-Pharmacy-c-o-Loewen-Apotheke-smal.jpg\",\"contentUrl\":\"https:\/\/loewentestneu.metafex.io\/wp-content\/uploads\/2022\/12\/Logo-Lion-Pharmacy-c-o-Loewen-Apotheke-smal.jpg\",\"width\":298,\"height\":99,\"caption\":\"Lions Pharmacy\"},\"image\":{\"@id\":\"https:\/\/loewentestneu.metafex.io\/it#\/schema\/logo\/image\/\"}}]}<\/script>\n<!-- \/ Yoast SEO plugin. -->","yoast_head_json":{"title":"Tebonin Konzent 240mg Compresse Rivestite con Film 120 pz. &#187; Lion Pharmacy","description":"Lions Pharmacy | Farmacia online tedesca registrata | Spedizioni Internazionali Veloci | Tebonin Konzent 240mg Compresse Rivestite con Film 120 pz. di shopping online comodo e sicuro","robots":{"index":"noindex","follow":"follow","max-snippet":"max-snippet:-1","max-image-preview":"max-image-preview:large","max-video-preview":"max-video-preview:-1"},"og_locale":"it_IT","og_type":"article","og_title":"Tebonin Konzent 240mg Compresse Rivestite con Film 120 pz. &#187; Lion Pharmacy","og_description":"Lions Pharmacy | Farmacia online tedesca registrata | Spedizioni Internazionali Veloci | Tebonin Konzent 240mg Compresse Rivestite con Film 120 pz. di shopping online comodo e sicuro","og_url":"https:\/\/loewentestneu.metafex.io\/it\/prodotto\/tebonin-konzent-120-pcs-240mg-07752045-film-coated-tablets","og_site_name":"Lion Pharmacy","article_modified_time":"2025-01-24T16:27:21+00:00","og_image":[{"width":600,"height":600,"url":"https:\/\/loewentestneu.metafex.io\/wp-content\/uploads\/2024\/09\/Tebonin-Konzent-.webp","type":"image\/webp"}],"twitter_card":"summary_large_image","twitter_misc":{"Tempo di lettura stimato":"1 minuto"},"schema":{"@context":"https:\/\/schema.org","@graph":[{"@type":"WebPage","@id":"https:\/\/loewentestneu.metafex.io\/it\/prodotto\/tebonin-konzent-120-pcs-240mg-07752045-film-coated-tablets","url":"https:\/\/loewentestneu.metafex.io\/it\/prodotto\/tebonin-konzent-120-pcs-240mg-07752045-film-coated-tablets","name":"Tebonin Konzent 240mg Compresse Rivestite con Film 120 pz. &#187; Lion Pharmacy","isPartOf":{"@id":"https:\/\/loewentestneu.metafex.io\/it#website"},"primaryImageOfPage":{"@id":"https:\/\/loewentestneu.metafex.io\/it\/prodotto\/tebonin-konzent-120-pcs-240mg-07752045-film-coated-tablets#primaryimage"},"image":{"@id":"https:\/\/loewentestneu.metafex.io\/it\/prodotto\/tebonin-konzent-120-pcs-240mg-07752045-film-coated-tablets#primaryimage"},"thumbnailUrl":"https:\/\/loewentestneu.metafex.io\/wp-content\/uploads\/2024\/09\/Tebonin-Konzent-.webp","datePublished":"2024-09-06T14:07:59+00:00","dateModified":"2025-01-24T16:27:21+00:00","description":"Lions Pharmacy | Farmacia online tedesca registrata | Spedizioni Internazionali Veloci | Tebonin Konzent 240mg Compresse Rivestite con Film 120 pz. di shopping online comodo e sicuro","breadcrumb":{"@id":"https:\/\/loewentestneu.metafex.io\/it\/prodotto\/tebonin-konzent-120-pcs-240mg-07752045-film-coated-tablets#breadcrumb"},"inLanguage":"it-IT","potentialAction":[{"@type":"ReadAction","target":["https:\/\/loewentestneu.metafex.io\/it\/prodotto\/tebonin-konzent-120-pcs-240mg-07752045-film-coated-tablets"]}]},{"@type":"ImageObject","inLanguage":"it-IT","@id":"https:\/\/loewentestneu.metafex.io\/it\/prodotto\/tebonin-konzent-120-pcs-240mg-07752045-film-coated-tablets#primaryimage","url":"https:\/\/loewentestneu.metafex.io\/wp-content\/uploads\/2024\/09\/Tebonin-Konzent-.webp","contentUrl":"https:\/\/loewentestneu.metafex.io\/wp-content\/uploads\/2024\/09\/Tebonin-Konzent-.webp","width":600,"height":600,"caption":"Tebonin Konzent 240 mg, Farmacia Lions, Dr. Schwabe, PZN 02293816"},{"@type":"BreadcrumbList","@id":"https:\/\/loewentestneu.metafex.io\/it\/prodotto\/tebonin-konzent-120-pcs-240mg-07752045-film-coated-tablets#breadcrumb","itemListElement":[{"@type":"ListItem","position":1,"name":"Home","item":"https:\/\/loewentestneu.metafex.io\/it\/homepage-lion-pharmacy"},{"@type":"ListItem","position":2,"name":"Shop","item":"https:\/\/loewentestneu.metafex.io\/it\/negozio"},{"@type":"ListItem","position":3,"name":"Tebonin Konzent 240mg Compresse Rivestite con Film 120 pz."}]},{"@type":"WebSite","@id":"https:\/\/loewentestneu.metafex.io\/it#website","url":"https:\/\/loewentestneu.metafex.io\/it","name":"Lions Pharmacy","description":"Farmacia specializzata in naturopatia di Baden-Baden, Germania","publisher":{"@id":"https:\/\/loewentestneu.metafex.io\/it#organization"},"alternateName":"Lion Pharmacy","potentialAction":[{"@type":"SearchAction","target":{"@type":"EntryPoint","urlTemplate":"https:\/\/loewentestneu.metafex.io\/it?s={search_term_string}"},"query-input":{"@type":"PropertyValueSpecification","valueRequired":true,"valueName":"search_term_string"}}],"inLanguage":"it-IT"},{"@type":"Organization","@id":"https:\/\/loewentestneu.metafex.io\/it#organization","name":"Lions Pharmacy","alternateName":"Lions Pharmacy24","url":"https:\/\/loewentestneu.metafex.io\/it","logo":{"@type":"ImageObject","inLanguage":"it-IT","@id":"https:\/\/loewentestneu.metafex.io\/it#\/schema\/logo\/image\/","url":"https:\/\/loewentestneu.metafex.io\/wp-content\/uploads\/2022\/12\/Logo-Lion-Pharmacy-c-o-Loewen-Apotheke-smal.jpg","contentUrl":"https:\/\/loewentestneu.metafex.io\/wp-content\/uploads\/2022\/12\/Logo-Lion-Pharmacy-c-o-Loewen-Apotheke-smal.jpg","width":298,"height":99,"caption":"Lions Pharmacy"},"image":{"@id":"https:\/\/loewentestneu.metafex.io\/it#\/schema\/logo\/image\/"}}]}},"_links":{"self":[{"href":"https:\/\/loewentestneu.metafex.io\/it\/wp-json\/wp\/v2\/product\/4472","targetHints":{"allow":["GET"]}}],"collection":[{"href":"https:\/\/loewentestneu.metafex.io\/it\/wp-json\/wp\/v2\/product"}],"about":[{"href":"https:\/\/loewentestneu.metafex.io\/it\/wp-json\/wp\/v2\/types\/product"}],"replies":[{"embeddable":true,"href":"https:\/\/loewentestneu.metafex.io\/it\/wp-json\/wp\/v2\/comments?post=4472"}],"wp:featuredmedia":[{"embeddable":true,"href":"https:\/\/loewentestneu.metafex.io\/it\/wp-json\/wp\/v2\/media\/4346"}],"wp:attachment":[{"href":"https:\/\/loewentestneu.metafex.io\/it\/wp-json\/wp\/v2\/media?parent=4472"}],"wp:term":[{"taxonomy":"product_brand","embeddable":true,"href":"https:\/\/loewentestneu.metafex.io\/it\/wp-json\/wp\/v2\/product_brand?post=4472"},{"taxonomy":"product_cat","embeddable":true,"href":"https:\/\/loewentestneu.metafex.io\/it\/wp-json\/wp\/v2\/product_cat?post=4472"},{"taxonomy":"product_tag","embeddable":true,"href":"https:\/\/loewentestneu.metafex.io\/it\/wp-json\/wp\/v2\/product_tag?post=4472"}],"curies":[{"name":"wp","href":"https:\/\/api.w.org\/{rel}","templated":true}]}}