{"id":4888,"date":"2024-10-02T18:47:57","date_gmt":"2024-10-02T17:47:57","guid":{"rendered":"https:\/\/lions-pharmacy.com\/?post_type=product&#038;p=4888"},"modified":"2024-10-11T07:21:36","modified_gmt":"2024-10-11T06:21:36","slug":"ratiopharm-spray-nasale-adulti-15-ml-copy-copy","status":"publish","type":"product","link":"https:\/\/loewentestneu.metafex.io\/it\/prodotto\/ratiopharm-spray-nasale-adulti-15-ml-copy-copy","title":{"rendered":"VOLTAREN Gel antidolorifico forte 23,2 mg\/g 180g"},"content":{"rendered":"<div class=\"n4sEPd\">\n<div>\n<h3>VOLTAREN Gel antidolorifico forte 23,2 mg\/g<\/h3>\n<p><span style=\"font-size: 16px;\">Voltaren Pain Gel Forte fornisce sollievo dal dolore fino a 12 ore e pu\u00f2 essere utilizzato in modo rapido e affidabile.<\/span><\/p>\n<\/div>\n<\/div>\n<p>Offre un trattamento efficace per il dolore acuto alla schiena e alle articolazioni, utilizza il principio attivo esattamente dove dovrebbe funzionare ed \u00e8 antinfiammatorio e accelera la guarigione. Voltaren Pain Gel Forte contiene il doppio della concentrazione di diclofenac ed \u00e8 quindi particolarmente efficace nell&#8217;area del sollievo dal dolore e antinfiammatorio.<\/p>\n<p>Se soffri di contusioni, stiramenti e distorsioni o hai dolore a causa di un trauma contusivo, applica Voltaren Pain Gel Forte direttamente sull&#8217;area locale e il gel penetra direttamente nell&#8217;articolazione o nel muscolo. Il gel ha un effetto rinfrescante e pu\u00f2 essere facilmente spalmato sulla pelle. Penetra nello strato superiore della pelle, vi immagazzina il diclofenac, che pu\u00f2 poi essere rilasciato negli strati inferiori della pelle.<\/p>\n<p>\u00c8 adatto agli adulti. Negli adolescenti di et\u00e0 superiore ai 14 anni, il medicinale \u00e8 destinato solo al trattamento a breve termine.<\/p>\n<h4><strong>Applicazione<\/strong><\/h4>\n<p>Un tubo da 100 g dura fino a 20 giorni di utilizzo. Applicare il gel direttamente sulla zona e massaggiare delicatamente. Una piccola quantit\u00e0, delle dimensioni di una ciliegia o di una noce, \u00e8 sufficiente. La chiusura a scatto facile da aprire \u00e8 quindi molto facile da richiudere. Dopo aver atteso qualche minuto dopo l&#8217;applicazione in modo che il gel possa essere assorbito meglio, puoi vestirti di nuovo e iniziare il giorno o la notte senza dolore. Il gel viene applicato sulle zone interessate al mattino e alla sera. Lavarsi le mani dopo l&#8217;uso.<\/p>\n<p>Ulteriori dettagli sul prodotto sono disponibili presso il produttore: <a href=\"https:\/\/www.voltaren.de\/voltaren-produkte\/voltaren-schmerzgel-forte\/\" target=\"_blank\" rel=\"noopener noreferrer\">voltaren<\/a><\/p>\n<p>Foglio illustrativo\/istruzioni per l&#8217;uso\/scheda tecnica dell&#8217;articolo: \u2013 (lettore PDF)<\/p>\n<p>Altri prodotti per l&#8217;applicazione: Farmacia da viaggio | <a href=\"https:\/\/loewentestneu.metafex.io\/product-tag\/vitamins-supplements\">Vitamine e integratori Prodotti<\/a><\/p>\n<p>Le informazioni contenute in questo sito web sono fornite solo a scopo informativo. Non sostituiscono in alcun modo la visita e il trattamento da parte di un medico. Ci\u00f2 significa che non \u00e8 possibile n\u00e9 fare diagnosi n\u00e9 iniziare terapie.<\/p>\n<p>Per i rischi e gli effetti collaterali, leggere il foglio illustrativo e rivolgersi al medico o al farmacista.<\/p>\n<p>&nbsp;<\/p>\n<h3 style=\"text-align: left;\">Prescrizione | \u00c8 disponibile una prescrizione elettronica?<\/h3>\n<p>Invia subito la tua prescrizione elettronica. Usa la nostra app <a href=\"https:\/\/e-rezept-app.de\/shop-rezept\" target=\"_blank\" rel=\"noopener\">per la prescrizione elettronica<\/a> . E noi ti diamo le spese di spedizione gratis in Germania!<\/p>\n","protected":false},"excerpt":{"rendered":"<h2>VOLTAREN Gel antidolorifico forte 23,2 mg\/g<\/h2>\n<div class=\"rating__wrap\">\n<p><span style=\"font-size: 16px;\">Voltaren Pain Gel Forte fornisce sollievo dal dolore fino a 12 ore. Contiene: Diclofenac  <\/span><\/p>\n<p>&nbsp;<\/p>\n<p><strong>PZN<\/strong>: 11240397 (numero centrale farmaceutico)<\/p>\n<p><strong>Forma di dosaggio<\/strong>: Unguento 180 g<\/p>\n<p><strong>Tipo di regolazione:<\/strong> Senza prescrizione medica<\/p>\n<p><strong>Marchio<\/strong>: voltaren<\/p>\n<p><strong>Produttore<\/strong>: Haleon Germany GmbH<\/p>\n<\/div>\n","protected":false},"featured_media":4908,"comment_status":"closed","ping_status":"closed","template":"","meta":[],"product_brand":[],"product_cat":[124,115],"product_tag":[270,269,271,268],"class_list":{"0":"post-4888","1":"product","2":"type-product","3":"status-publish","4":"has-post-thumbnail","6":"product_cat-sale-it","7":"product_cat-non-categorizzato","8":"product_tag-benessere","9":"product_tag-gestione-del-peso","10":"product_tag-peso-e-forma-fisica","11":"product_tag-vitamine-e-integratori","12":"ts_product_brand-all-it","14":"first","15":"instock","16":"sale","17":"taxable","18":"shipping-taxable","19":"purchasable","20":"product-type-simple"},"yoast_head":"<!-- This site is optimized with the Yoast SEO plugin v26.5 - https:\/\/yoast.com\/wordpress\/plugins\/seo\/ -->\n<title>VOLTAREN Gel antidolorifico forte 23,2 mg\/g 180g &#187; On Stock. Ordina qui.<\/title>\n<meta name=\"description\" content=\"VOLTAREN Gel antidolorifico forte 23,2 mg\/g 180g per dolori alla schiena o alle articolazioni. Produttore: Haleon. Consegnato dalla tua farmacia online tedesca. Spedizione veloce. Servizio al top.\" \/>\n<meta name=\"robots\" content=\"noindex, follow, max-snippet:-1, max-image-preview:large, max-video-preview:-1\" \/>\n<meta property=\"og:locale\" content=\"it_IT\" \/>\n<meta property=\"og:type\" content=\"article\" \/>\n<meta property=\"og:title\" content=\"VOLTAREN Gel antidolorifico forte 23,2 mg\/g 180g &#187; On Stock. Ordina qui.\" \/>\n<meta property=\"og:description\" content=\"VOLTAREN Gel antidolorifico forte 23,2 mg\/g 180g per dolori alla schiena o alle articolazioni. Produttore: Haleon. Consegnato dalla tua farmacia online tedesca. Spedizione veloce. Servizio al top.\" \/>\n<meta property=\"og:url\" content=\"https:\/\/loewentestneu.metafex.io\/it\/prodotto\/ratiopharm-spray-nasale-adulti-15-ml-copy-copy\" \/>\n<meta property=\"og:site_name\" content=\"Lion Pharmacy\" \/>\n<meta property=\"article:modified_time\" content=\"2024-10-11T06:21:36+00:00\" \/>\n<meta property=\"og:image\" content=\"https:\/\/loewentestneu.metafex.io\/wp-content\/uploads\/2024\/10\/VOLTAREN-Pain-Gel-forte-232-mg-180g-PZN-11240397-Lions-Pharmacy.webp\" \/>\n\t<meta property=\"og:image:width\" content=\"512\" \/>\n\t<meta property=\"og:image:height\" content=\"512\" \/>\n\t<meta property=\"og:image:type\" content=\"image\/webp\" \/>\n<meta name=\"twitter:card\" content=\"summary_large_image\" \/>\n<meta name=\"twitter:label1\" content=\"Tempo di lettura stimato\" \/>\n\t<meta name=\"twitter:data1\" content=\"2 minuti\" \/>\n<script type=\"application\/ld+json\" class=\"yoast-schema-graph\">{\"@context\":\"https:\/\/schema.org\",\"@graph\":[{\"@type\":\"WebPage\",\"@id\":\"https:\/\/loewentestneu.metafex.io\/it\/prodotto\/ratiopharm-spray-nasale-adulti-15-ml-copy-copy\",\"url\":\"https:\/\/loewentestneu.metafex.io\/it\/prodotto\/ratiopharm-spray-nasale-adulti-15-ml-copy-copy\",\"name\":\"VOLTAREN Gel antidolorifico forte 23,2 mg\/g 180g &#187; On Stock. Ordina qui.\",\"isPartOf\":{\"@id\":\"https:\/\/loewentestneu.metafex.io\/it#website\"},\"primaryImageOfPage\":{\"@id\":\"https:\/\/loewentestneu.metafex.io\/it\/prodotto\/ratiopharm-spray-nasale-adulti-15-ml-copy-copy#primaryimage\"},\"image\":{\"@id\":\"https:\/\/loewentestneu.metafex.io\/it\/prodotto\/ratiopharm-spray-nasale-adulti-15-ml-copy-copy#primaryimage\"},\"thumbnailUrl\":\"https:\/\/loewentestneu.metafex.io\/wp-content\/uploads\/2024\/10\/VOLTAREN-Pain-Gel-forte-232-mg-180g-PZN-11240397-Lions-Pharmacy.webp\",\"datePublished\":\"2024-10-02T17:47:57+00:00\",\"dateModified\":\"2024-10-11T06:21:36+00:00\",\"description\":\"VOLTAREN Gel antidolorifico forte 23,2 mg\/g 180g per dolori alla schiena o alle articolazioni. Produttore: Haleon. Consegnato dalla tua farmacia online tedesca. Spedizione veloce. Servizio al top.\",\"breadcrumb\":{\"@id\":\"https:\/\/loewentestneu.metafex.io\/it\/prodotto\/ratiopharm-spray-nasale-adulti-15-ml-copy-copy#breadcrumb\"},\"inLanguage\":\"it-IT\",\"potentialAction\":[{\"@type\":\"ReadAction\",\"target\":[\"https:\/\/loewentestneu.metafex.io\/it\/prodotto\/ratiopharm-spray-nasale-adulti-15-ml-copy-copy\"]}]},{\"@type\":\"ImageObject\",\"inLanguage\":\"it-IT\",\"@id\":\"https:\/\/loewentestneu.metafex.io\/it\/prodotto\/ratiopharm-spray-nasale-adulti-15-ml-copy-copy#primaryimage\",\"url\":\"https:\/\/loewentestneu.metafex.io\/wp-content\/uploads\/2024\/10\/VOLTAREN-Pain-Gel-forte-232-mg-180g-PZN-11240397-Lions-Pharmacy.webp\",\"contentUrl\":\"https:\/\/loewentestneu.metafex.io\/wp-content\/uploads\/2024\/10\/VOLTAREN-Pain-Gel-forte-232-mg-180g-PZN-11240397-Lions-Pharmacy.webp\",\"width\":512,\"height\":512,\"caption\":\"VOLTAREN Gel Antidolorifico forte 23,2 mg 180g PZN 11240397 Lions Pharmacy\"},{\"@type\":\"BreadcrumbList\",\"@id\":\"https:\/\/loewentestneu.metafex.io\/it\/prodotto\/ratiopharm-spray-nasale-adulti-15-ml-copy-copy#breadcrumb\",\"itemListElement\":[{\"@type\":\"ListItem\",\"position\":1,\"name\":\"Home\",\"item\":\"https:\/\/loewentestneu.metafex.io\/it\/homepage-lion-pharmacy\"},{\"@type\":\"ListItem\",\"position\":2,\"name\":\"Shop\",\"item\":\"https:\/\/loewentestneu.metafex.io\/it\/negozio\"},{\"@type\":\"ListItem\",\"position\":3,\"name\":\"VOLTAREN Gel antidolorifico forte 23,2 mg\/g 180g\"}]},{\"@type\":\"WebSite\",\"@id\":\"https:\/\/loewentestneu.metafex.io\/it#website\",\"url\":\"https:\/\/loewentestneu.metafex.io\/it\",\"name\":\"Lions Pharmacy\",\"description\":\"Farmacia specializzata in naturopatia di Baden-Baden, Germania\",\"publisher\":{\"@id\":\"https:\/\/loewentestneu.metafex.io\/it#organization\"},\"alternateName\":\"Lion Pharmacy\",\"potentialAction\":[{\"@type\":\"SearchAction\",\"target\":{\"@type\":\"EntryPoint\",\"urlTemplate\":\"https:\/\/loewentestneu.metafex.io\/it?s={search_term_string}\"},\"query-input\":{\"@type\":\"PropertyValueSpecification\",\"valueRequired\":true,\"valueName\":\"search_term_string\"}}],\"inLanguage\":\"it-IT\"},{\"@type\":\"Organization\",\"@id\":\"https:\/\/loewentestneu.metafex.io\/it#organization\",\"name\":\"Lions Pharmacy\",\"alternateName\":\"Lions Pharmacy24\",\"url\":\"https:\/\/loewentestneu.metafex.io\/it\",\"logo\":{\"@type\":\"ImageObject\",\"inLanguage\":\"it-IT\",\"@id\":\"https:\/\/loewentestneu.metafex.io\/it#\/schema\/logo\/image\/\",\"url\":\"https:\/\/loewentestneu.metafex.io\/wp-content\/uploads\/2022\/12\/Logo-Lion-Pharmacy-c-o-Loewen-Apotheke-smal.jpg\",\"contentUrl\":\"https:\/\/loewentestneu.metafex.io\/wp-content\/uploads\/2022\/12\/Logo-Lion-Pharmacy-c-o-Loewen-Apotheke-smal.jpg\",\"width\":298,\"height\":99,\"caption\":\"Lions Pharmacy\"},\"image\":{\"@id\":\"https:\/\/loewentestneu.metafex.io\/it#\/schema\/logo\/image\/\"}}]}<\/script>\n<!-- \/ Yoast SEO plugin. -->","yoast_head_json":{"title":"VOLTAREN Gel antidolorifico forte 23,2 mg\/g 180g &#187; On Stock. Ordina qui.","description":"VOLTAREN Gel antidolorifico forte 23,2 mg\/g 180g per dolori alla schiena o alle articolazioni. Produttore: Haleon. Consegnato dalla tua farmacia online tedesca. Spedizione veloce. Servizio al top.","robots":{"index":"noindex","follow":"follow","max-snippet":"max-snippet:-1","max-image-preview":"max-image-preview:large","max-video-preview":"max-video-preview:-1"},"og_locale":"it_IT","og_type":"article","og_title":"VOLTAREN Gel antidolorifico forte 23,2 mg\/g 180g &#187; On Stock. Ordina qui.","og_description":"VOLTAREN Gel antidolorifico forte 23,2 mg\/g 180g per dolori alla schiena o alle articolazioni. Produttore: Haleon. Consegnato dalla tua farmacia online tedesca. Spedizione veloce. Servizio al top.","og_url":"https:\/\/loewentestneu.metafex.io\/it\/prodotto\/ratiopharm-spray-nasale-adulti-15-ml-copy-copy","og_site_name":"Lion Pharmacy","article_modified_time":"2024-10-11T06:21:36+00:00","og_image":[{"width":512,"height":512,"url":"https:\/\/loewentestneu.metafex.io\/wp-content\/uploads\/2024\/10\/VOLTAREN-Pain-Gel-forte-232-mg-180g-PZN-11240397-Lions-Pharmacy.webp","type":"image\/webp"}],"twitter_card":"summary_large_image","twitter_misc":{"Tempo di lettura stimato":"2 minuti"},"schema":{"@context":"https:\/\/schema.org","@graph":[{"@type":"WebPage","@id":"https:\/\/loewentestneu.metafex.io\/it\/prodotto\/ratiopharm-spray-nasale-adulti-15-ml-copy-copy","url":"https:\/\/loewentestneu.metafex.io\/it\/prodotto\/ratiopharm-spray-nasale-adulti-15-ml-copy-copy","name":"VOLTAREN Gel antidolorifico forte 23,2 mg\/g 180g &#187; On Stock. Ordina qui.","isPartOf":{"@id":"https:\/\/loewentestneu.metafex.io\/it#website"},"primaryImageOfPage":{"@id":"https:\/\/loewentestneu.metafex.io\/it\/prodotto\/ratiopharm-spray-nasale-adulti-15-ml-copy-copy#primaryimage"},"image":{"@id":"https:\/\/loewentestneu.metafex.io\/it\/prodotto\/ratiopharm-spray-nasale-adulti-15-ml-copy-copy#primaryimage"},"thumbnailUrl":"https:\/\/loewentestneu.metafex.io\/wp-content\/uploads\/2024\/10\/VOLTAREN-Pain-Gel-forte-232-mg-180g-PZN-11240397-Lions-Pharmacy.webp","datePublished":"2024-10-02T17:47:57+00:00","dateModified":"2024-10-11T06:21:36+00:00","description":"VOLTAREN Gel antidolorifico forte 23,2 mg\/g 180g per dolori alla schiena o alle articolazioni. Produttore: Haleon. Consegnato dalla tua farmacia online tedesca. Spedizione veloce. Servizio al top.","breadcrumb":{"@id":"https:\/\/loewentestneu.metafex.io\/it\/prodotto\/ratiopharm-spray-nasale-adulti-15-ml-copy-copy#breadcrumb"},"inLanguage":"it-IT","potentialAction":[{"@type":"ReadAction","target":["https:\/\/loewentestneu.metafex.io\/it\/prodotto\/ratiopharm-spray-nasale-adulti-15-ml-copy-copy"]}]},{"@type":"ImageObject","inLanguage":"it-IT","@id":"https:\/\/loewentestneu.metafex.io\/it\/prodotto\/ratiopharm-spray-nasale-adulti-15-ml-copy-copy#primaryimage","url":"https:\/\/loewentestneu.metafex.io\/wp-content\/uploads\/2024\/10\/VOLTAREN-Pain-Gel-forte-232-mg-180g-PZN-11240397-Lions-Pharmacy.webp","contentUrl":"https:\/\/loewentestneu.metafex.io\/wp-content\/uploads\/2024\/10\/VOLTAREN-Pain-Gel-forte-232-mg-180g-PZN-11240397-Lions-Pharmacy.webp","width":512,"height":512,"caption":"VOLTAREN Gel Antidolorifico forte 23,2 mg 180g PZN 11240397 Lions Pharmacy"},{"@type":"BreadcrumbList","@id":"https:\/\/loewentestneu.metafex.io\/it\/prodotto\/ratiopharm-spray-nasale-adulti-15-ml-copy-copy#breadcrumb","itemListElement":[{"@type":"ListItem","position":1,"name":"Home","item":"https:\/\/loewentestneu.metafex.io\/it\/homepage-lion-pharmacy"},{"@type":"ListItem","position":2,"name":"Shop","item":"https:\/\/loewentestneu.metafex.io\/it\/negozio"},{"@type":"ListItem","position":3,"name":"VOLTAREN Gel antidolorifico forte 23,2 mg\/g 180g"}]},{"@type":"WebSite","@id":"https:\/\/loewentestneu.metafex.io\/it#website","url":"https:\/\/loewentestneu.metafex.io\/it","name":"Lions Pharmacy","description":"Farmacia specializzata in naturopatia di Baden-Baden, Germania","publisher":{"@id":"https:\/\/loewentestneu.metafex.io\/it#organization"},"alternateName":"Lion Pharmacy","potentialAction":[{"@type":"SearchAction","target":{"@type":"EntryPoint","urlTemplate":"https:\/\/loewentestneu.metafex.io\/it?s={search_term_string}"},"query-input":{"@type":"PropertyValueSpecification","valueRequired":true,"valueName":"search_term_string"}}],"inLanguage":"it-IT"},{"@type":"Organization","@id":"https:\/\/loewentestneu.metafex.io\/it#organization","name":"Lions Pharmacy","alternateName":"Lions Pharmacy24","url":"https:\/\/loewentestneu.metafex.io\/it","logo":{"@type":"ImageObject","inLanguage":"it-IT","@id":"https:\/\/loewentestneu.metafex.io\/it#\/schema\/logo\/image\/","url":"https:\/\/loewentestneu.metafex.io\/wp-content\/uploads\/2022\/12\/Logo-Lion-Pharmacy-c-o-Loewen-Apotheke-smal.jpg","contentUrl":"https:\/\/loewentestneu.metafex.io\/wp-content\/uploads\/2022\/12\/Logo-Lion-Pharmacy-c-o-Loewen-Apotheke-smal.jpg","width":298,"height":99,"caption":"Lions Pharmacy"},"image":{"@id":"https:\/\/loewentestneu.metafex.io\/it#\/schema\/logo\/image\/"}}]}},"_links":{"self":[{"href":"https:\/\/loewentestneu.metafex.io\/it\/wp-json\/wp\/v2\/product\/4888","targetHints":{"allow":["GET"]}}],"collection":[{"href":"https:\/\/loewentestneu.metafex.io\/it\/wp-json\/wp\/v2\/product"}],"about":[{"href":"https:\/\/loewentestneu.metafex.io\/it\/wp-json\/wp\/v2\/types\/product"}],"replies":[{"embeddable":true,"href":"https:\/\/loewentestneu.metafex.io\/it\/wp-json\/wp\/v2\/comments?post=4888"}],"wp:featuredmedia":[{"embeddable":true,"href":"https:\/\/loewentestneu.metafex.io\/it\/wp-json\/wp\/v2\/media\/4908"}],"wp:attachment":[{"href":"https:\/\/loewentestneu.metafex.io\/it\/wp-json\/wp\/v2\/media?parent=4888"}],"wp:term":[{"taxonomy":"product_brand","embeddable":true,"href":"https:\/\/loewentestneu.metafex.io\/it\/wp-json\/wp\/v2\/product_brand?post=4888"},{"taxonomy":"product_cat","embeddable":true,"href":"https:\/\/loewentestneu.metafex.io\/it\/wp-json\/wp\/v2\/product_cat?post=4888"},{"taxonomy":"product_tag","embeddable":true,"href":"https:\/\/loewentestneu.metafex.io\/it\/wp-json\/wp\/v2\/product_tag?post=4888"}],"curies":[{"name":"wp","href":"https:\/\/api.w.org\/{rel}","templated":true}]}}