{"id":6497,"date":"2024-11-22T07:06:31","date_gmt":"2024-11-22T06:06:31","guid":{"rendered":"https:\/\/lions-pharmacy.com\/?post_type=product&#038;p=6497"},"modified":"2025-01-25T11:13:04","modified_gmt":"2025-01-25T10:13:04","slug":"omni-biotic-sr-9-56x-3g-15198261","status":"publish","type":"product","link":"https:\/\/loewentestneu.metafex.io\/it\/prodotto\/omni-biotic-sr-9-56x-3g-15198261","title":{"rendered":"OMNi-BiOTiC SR-9 (56x 3g)"},"content":{"rendered":"<h3>OMNi-BiOTiC SR-9 (56x 3g)<\/h3>\n<p>OMNi-BiOTiC SR-9 \u00e8 un prodotto di qualit\u00e0 della gamma di prodotti OMNi-BiOTiC\u00ae. Lo sviluppo di questo prodotto si basa sul fatto che l&#8217;intestino e il cervello sono funzionalmente strettamente collegati. Il nostro intestino \u00e8 popolato da trilioni di simbionti intestinali provenienti da una variet\u00e0 di ceppi batterici. Un alto livello di diversit\u00e0 nell&#8217;intestino \u00e8 di grande importanza, perch\u00e9 ceppi diversi svolgono anche compiti diversi nell&#8217;intestino.<\/p>\n<p>Foglio illustrativo\/istruzioni per l&#8217;uso\/scheda tecnica dell&#8217;articolo: OMNi-BiOTiC SR-9 (lettore PDF)<\/p>\n<p>Altri prodotti per l&#8217;applicazione: Perdita di capelli &#8211; <a href=\"https:\/\/loewentestneu.metafex.io\/product-tag\/coronavirus\">Coronavirus<\/a> | <a href=\"https:\/\/loewentestneu.metafex.io\/product-tag\/vitamins-supplements\">Vitamine &amp; integratori Prodotti<\/a><\/p>\n<p>Ulteriori informazioni sul manufactorer e su questo prodotto: <a href=\"https:\/\/www.allergosan.com\/de\/unsere-produkte\/omni-biotic\/\" target=\"_blank\" rel=\"noopener\">Omni-Biotic<\/a> (link al sito esterno)<\/p>\n<p>Le informazioni contenute in questo sito web sono fornite solo a scopo informativo. Non sostituiscono in alcun modo la visita e il trattamento da parte di un medico. Ci\u00f2 significa che non \u00e8 possibile n\u00e9 fare diagnosi n\u00e9 iniziare terapie.<\/p>\n<p>Per i rischi e gli effetti collaterali, leggere il foglio illustrativo e rivolgersi al medico o al farmacista.<\/p>\n","protected":false},"excerpt":{"rendered":"<h2>OMNi-BiOTiC SR-9 (56x 3g)<\/h2>\n<p>Integratore alimentare con simbionti intestinali altamente attivi per sostenere le difese dell&#8217;organismo.<\/p>\n<p>&nbsp;<\/p>\n<p><strong>PZN<\/strong>: 15198261 (Numero centrale della farmacia)<\/p>\n<p><strong>Forma di dosaggio<\/strong>: polvere<\/p>\n<p><strong>Tipo di prescrizione: senza prescrizione<\/strong><\/p>\n<p><strong>Marchio<\/strong>: OMNI BiOTiC<\/p>\n<p><strong>Produttore<\/strong>: INSTITUT ALLERGOSAN Deutschland GmbH<\/p>\n<p><strong>Confezione<\/strong>: 56 bustine da 3 g<\/p>\n","protected":false},"featured_media":6857,"comment_status":"closed","ping_status":"closed","template":"","meta":[],"product_brand":[],"product_cat":[613,124,115],"product_tag":[298,269,307,271,310,268],"class_list":{"0":"post-6497","1":"product","2":"type-product","3":"status-publish","4":"has-post-thumbnail","6":"product_cat-omni-biotico","7":"product_cat-sale-it","8":"product_cat-non-categorizzato","9":"product_tag-concentrazione-e-stress","10":"product_tag-gestione-del-peso","11":"product_tag-omeopatia","12":"product_tag-peso-e-forma-fisica","13":"product_tag-vendita-mensile","14":"product_tag-vitamine-e-integratori","15":"ts_product_brand-all-it","16":"ts_product_brand-allergosan-it","18":"first","19":"instock","20":"sale","21":"taxable","22":"shipping-taxable","23":"purchasable","24":"product-type-simple"},"yoast_head":"<!-- This site is optimized with the Yoast SEO plugin v26.5 - https:\/\/yoast.com\/wordpress\/plugins\/seo\/ -->\n<title>OMNi-BiOTiC SR-9 (56x 3g) &#187; su Lion Pharmacy<\/title>\n<meta name=\"description\" content=\"Lion Pharmacy | Farmacia online registrata | Spedizione internazionale veloce | Acquisti online sicuri | Supporto del sistema immunitario &gt; OMNi-BiOTiC SR-9 (56x 3g)\" \/>\n<meta name=\"robots\" content=\"noindex, follow, max-snippet:-1, max-image-preview:large, max-video-preview:-1\" \/>\n<meta property=\"og:locale\" content=\"it_IT\" \/>\n<meta property=\"og:type\" content=\"article\" \/>\n<meta property=\"og:title\" content=\"OMNi-BiOTiC SR-9 (56x 3g) &#187; su Lion Pharmacy\" \/>\n<meta property=\"og:description\" content=\"Lion Pharmacy | Farmacia online registrata | Spedizione internazionale veloce | Acquisti online sicuri | Supporto del sistema immunitario &gt; OMNi-BiOTiC SR-9 (56x 3g)\" \/>\n<meta property=\"og:url\" content=\"https:\/\/loewentestneu.metafex.io\/it\/prodotto\/omni-biotic-sr-9-56x-3g-15198261\" \/>\n<meta property=\"og:site_name\" content=\"Lion Pharmacy\" \/>\n<meta property=\"article:modified_time\" content=\"2025-01-25T10:13:04+00:00\" \/>\n<meta property=\"og:image\" content=\"https:\/\/loewentestneu.metafex.io\/wp-content\/uploads\/2024\/11\/Institut-Allergosan-Omni-Biotic-SR-9-Portionsbeutel-56-St.-PZN-15198261.-Lions-Pharmacy.webp\" \/>\n\t<meta property=\"og:image:width\" content=\"600\" \/>\n\t<meta property=\"og:image:height\" content=\"600\" \/>\n\t<meta property=\"og:image:type\" content=\"image\/webp\" \/>\n<meta name=\"twitter:card\" content=\"summary_large_image\" \/>\n<meta name=\"twitter:label1\" content=\"Tempo di lettura stimato\" \/>\n\t<meta name=\"twitter:data1\" content=\"1 minuto\" \/>\n<script type=\"application\/ld+json\" class=\"yoast-schema-graph\">{\"@context\":\"https:\/\/schema.org\",\"@graph\":[{\"@type\":\"WebPage\",\"@id\":\"https:\/\/loewentestneu.metafex.io\/it\/prodotto\/omni-biotic-sr-9-56x-3g-15198261\",\"url\":\"https:\/\/loewentestneu.metafex.io\/it\/prodotto\/omni-biotic-sr-9-56x-3g-15198261\",\"name\":\"OMNi-BiOTiC SR-9 (56x 3g) &#187; su Lion Pharmacy\",\"isPartOf\":{\"@id\":\"https:\/\/loewentestneu.metafex.io\/it#website\"},\"primaryImageOfPage\":{\"@id\":\"https:\/\/loewentestneu.metafex.io\/it\/prodotto\/omni-biotic-sr-9-56x-3g-15198261#primaryimage\"},\"image\":{\"@id\":\"https:\/\/loewentestneu.metafex.io\/it\/prodotto\/omni-biotic-sr-9-56x-3g-15198261#primaryimage\"},\"thumbnailUrl\":\"https:\/\/loewentestneu.metafex.io\/wp-content\/uploads\/2024\/11\/Institut-Allergosan-Omni-Biotic-SR-9-Portionsbeutel-56-St.-PZN-15198261.-Lions-Pharmacy.webp\",\"datePublished\":\"2024-11-22T06:06:31+00:00\",\"dateModified\":\"2025-01-25T10:13:04+00:00\",\"description\":\"Lion Pharmacy | Farmacia online registrata | Spedizione internazionale veloce | Acquisti online sicuri | Supporto del sistema immunitario > OMNi-BiOTiC SR-9 (56x 3g)\",\"breadcrumb\":{\"@id\":\"https:\/\/loewentestneu.metafex.io\/it\/prodotto\/omni-biotic-sr-9-56x-3g-15198261#breadcrumb\"},\"inLanguage\":\"it-IT\",\"potentialAction\":[{\"@type\":\"ReadAction\",\"target\":[\"https:\/\/loewentestneu.metafex.io\/it\/prodotto\/omni-biotic-sr-9-56x-3g-15198261\"]}]},{\"@type\":\"ImageObject\",\"inLanguage\":\"it-IT\",\"@id\":\"https:\/\/loewentestneu.metafex.io\/it\/prodotto\/omni-biotic-sr-9-56x-3g-15198261#primaryimage\",\"url\":\"https:\/\/loewentestneu.metafex.io\/wp-content\/uploads\/2024\/11\/Institut-Allergosan-Omni-Biotic-SR-9-Portionsbeutel-56-St.-PZN-15198261.-Lions-Pharmacy.webp\",\"contentUrl\":\"https:\/\/loewentestneu.metafex.io\/wp-content\/uploads\/2024\/11\/Institut-Allergosan-Omni-Biotic-SR-9-Portionsbeutel-56-St.-PZN-15198261.-Lions-Pharmacy.webp\",\"width\":600,\"height\":600,\"caption\":\"L'immagine mostra: Institut Allergosan Omni-biotic SR-9 Portionsbeutel 56 St. PZN 15198261. Lions-Farmacia\"},{\"@type\":\"BreadcrumbList\",\"@id\":\"https:\/\/loewentestneu.metafex.io\/it\/prodotto\/omni-biotic-sr-9-56x-3g-15198261#breadcrumb\",\"itemListElement\":[{\"@type\":\"ListItem\",\"position\":1,\"name\":\"Home\",\"item\":\"https:\/\/loewentestneu.metafex.io\/it\/homepage-lion-pharmacy\"},{\"@type\":\"ListItem\",\"position\":2,\"name\":\"Shop\",\"item\":\"https:\/\/loewentestneu.metafex.io\/it\/negozio\"},{\"@type\":\"ListItem\",\"position\":3,\"name\":\"OMNi-BiOTiC SR-9 (56x 3g)\"}]},{\"@type\":\"WebSite\",\"@id\":\"https:\/\/loewentestneu.metafex.io\/it#website\",\"url\":\"https:\/\/loewentestneu.metafex.io\/it\",\"name\":\"Lions Pharmacy\",\"description\":\"Farmacia specializzata in naturopatia di Baden-Baden, Germania\",\"publisher\":{\"@id\":\"https:\/\/loewentestneu.metafex.io\/it#organization\"},\"alternateName\":\"Lion Pharmacy\",\"potentialAction\":[{\"@type\":\"SearchAction\",\"target\":{\"@type\":\"EntryPoint\",\"urlTemplate\":\"https:\/\/loewentestneu.metafex.io\/it?s={search_term_string}\"},\"query-input\":{\"@type\":\"PropertyValueSpecification\",\"valueRequired\":true,\"valueName\":\"search_term_string\"}}],\"inLanguage\":\"it-IT\"},{\"@type\":\"Organization\",\"@id\":\"https:\/\/loewentestneu.metafex.io\/it#organization\",\"name\":\"Lions Pharmacy\",\"alternateName\":\"Lions Pharmacy24\",\"url\":\"https:\/\/loewentestneu.metafex.io\/it\",\"logo\":{\"@type\":\"ImageObject\",\"inLanguage\":\"it-IT\",\"@id\":\"https:\/\/loewentestneu.metafex.io\/it#\/schema\/logo\/image\/\",\"url\":\"https:\/\/loewentestneu.metafex.io\/wp-content\/uploads\/2022\/12\/Logo-Lion-Pharmacy-c-o-Loewen-Apotheke-smal.jpg\",\"contentUrl\":\"https:\/\/loewentestneu.metafex.io\/wp-content\/uploads\/2022\/12\/Logo-Lion-Pharmacy-c-o-Loewen-Apotheke-smal.jpg\",\"width\":298,\"height\":99,\"caption\":\"Lions Pharmacy\"},\"image\":{\"@id\":\"https:\/\/loewentestneu.metafex.io\/it#\/schema\/logo\/image\/\"}}]}<\/script>\n<!-- \/ Yoast SEO plugin. -->","yoast_head_json":{"title":"OMNi-BiOTiC SR-9 (56x 3g) &#187; su Lion Pharmacy","description":"Lion Pharmacy | Farmacia online registrata | Spedizione internazionale veloce | Acquisti online sicuri | Supporto del sistema immunitario > OMNi-BiOTiC SR-9 (56x 3g)","robots":{"index":"noindex","follow":"follow","max-snippet":"max-snippet:-1","max-image-preview":"max-image-preview:large","max-video-preview":"max-video-preview:-1"},"og_locale":"it_IT","og_type":"article","og_title":"OMNi-BiOTiC SR-9 (56x 3g) &#187; su Lion Pharmacy","og_description":"Lion Pharmacy | Farmacia online registrata | Spedizione internazionale veloce | Acquisti online sicuri | Supporto del sistema immunitario > OMNi-BiOTiC SR-9 (56x 3g)","og_url":"https:\/\/loewentestneu.metafex.io\/it\/prodotto\/omni-biotic-sr-9-56x-3g-15198261","og_site_name":"Lion Pharmacy","article_modified_time":"2025-01-25T10:13:04+00:00","og_image":[{"width":600,"height":600,"url":"https:\/\/loewentestneu.metafex.io\/wp-content\/uploads\/2024\/11\/Institut-Allergosan-Omni-Biotic-SR-9-Portionsbeutel-56-St.-PZN-15198261.-Lions-Pharmacy.webp","type":"image\/webp"}],"twitter_card":"summary_large_image","twitter_misc":{"Tempo di lettura stimato":"1 minuto"},"schema":{"@context":"https:\/\/schema.org","@graph":[{"@type":"WebPage","@id":"https:\/\/loewentestneu.metafex.io\/it\/prodotto\/omni-biotic-sr-9-56x-3g-15198261","url":"https:\/\/loewentestneu.metafex.io\/it\/prodotto\/omni-biotic-sr-9-56x-3g-15198261","name":"OMNi-BiOTiC SR-9 (56x 3g) &#187; su Lion Pharmacy","isPartOf":{"@id":"https:\/\/loewentestneu.metafex.io\/it#website"},"primaryImageOfPage":{"@id":"https:\/\/loewentestneu.metafex.io\/it\/prodotto\/omni-biotic-sr-9-56x-3g-15198261#primaryimage"},"image":{"@id":"https:\/\/loewentestneu.metafex.io\/it\/prodotto\/omni-biotic-sr-9-56x-3g-15198261#primaryimage"},"thumbnailUrl":"https:\/\/loewentestneu.metafex.io\/wp-content\/uploads\/2024\/11\/Institut-Allergosan-Omni-Biotic-SR-9-Portionsbeutel-56-St.-PZN-15198261.-Lions-Pharmacy.webp","datePublished":"2024-11-22T06:06:31+00:00","dateModified":"2025-01-25T10:13:04+00:00","description":"Lion Pharmacy | Farmacia online registrata | Spedizione internazionale veloce | Acquisti online sicuri | Supporto del sistema immunitario > OMNi-BiOTiC SR-9 (56x 3g)","breadcrumb":{"@id":"https:\/\/loewentestneu.metafex.io\/it\/prodotto\/omni-biotic-sr-9-56x-3g-15198261#breadcrumb"},"inLanguage":"it-IT","potentialAction":[{"@type":"ReadAction","target":["https:\/\/loewentestneu.metafex.io\/it\/prodotto\/omni-biotic-sr-9-56x-3g-15198261"]}]},{"@type":"ImageObject","inLanguage":"it-IT","@id":"https:\/\/loewentestneu.metafex.io\/it\/prodotto\/omni-biotic-sr-9-56x-3g-15198261#primaryimage","url":"https:\/\/loewentestneu.metafex.io\/wp-content\/uploads\/2024\/11\/Institut-Allergosan-Omni-Biotic-SR-9-Portionsbeutel-56-St.-PZN-15198261.-Lions-Pharmacy.webp","contentUrl":"https:\/\/loewentestneu.metafex.io\/wp-content\/uploads\/2024\/11\/Institut-Allergosan-Omni-Biotic-SR-9-Portionsbeutel-56-St.-PZN-15198261.-Lions-Pharmacy.webp","width":600,"height":600,"caption":"L'immagine mostra: Institut Allergosan Omni-biotic SR-9 Portionsbeutel 56 St. PZN 15198261. Lions-Farmacia"},{"@type":"BreadcrumbList","@id":"https:\/\/loewentestneu.metafex.io\/it\/prodotto\/omni-biotic-sr-9-56x-3g-15198261#breadcrumb","itemListElement":[{"@type":"ListItem","position":1,"name":"Home","item":"https:\/\/loewentestneu.metafex.io\/it\/homepage-lion-pharmacy"},{"@type":"ListItem","position":2,"name":"Shop","item":"https:\/\/loewentestneu.metafex.io\/it\/negozio"},{"@type":"ListItem","position":3,"name":"OMNi-BiOTiC SR-9 (56x 3g)"}]},{"@type":"WebSite","@id":"https:\/\/loewentestneu.metafex.io\/it#website","url":"https:\/\/loewentestneu.metafex.io\/it","name":"Lions Pharmacy","description":"Farmacia specializzata in naturopatia di Baden-Baden, Germania","publisher":{"@id":"https:\/\/loewentestneu.metafex.io\/it#organization"},"alternateName":"Lion Pharmacy","potentialAction":[{"@type":"SearchAction","target":{"@type":"EntryPoint","urlTemplate":"https:\/\/loewentestneu.metafex.io\/it?s={search_term_string}"},"query-input":{"@type":"PropertyValueSpecification","valueRequired":true,"valueName":"search_term_string"}}],"inLanguage":"it-IT"},{"@type":"Organization","@id":"https:\/\/loewentestneu.metafex.io\/it#organization","name":"Lions Pharmacy","alternateName":"Lions Pharmacy24","url":"https:\/\/loewentestneu.metafex.io\/it","logo":{"@type":"ImageObject","inLanguage":"it-IT","@id":"https:\/\/loewentestneu.metafex.io\/it#\/schema\/logo\/image\/","url":"https:\/\/loewentestneu.metafex.io\/wp-content\/uploads\/2022\/12\/Logo-Lion-Pharmacy-c-o-Loewen-Apotheke-smal.jpg","contentUrl":"https:\/\/loewentestneu.metafex.io\/wp-content\/uploads\/2022\/12\/Logo-Lion-Pharmacy-c-o-Loewen-Apotheke-smal.jpg","width":298,"height":99,"caption":"Lions Pharmacy"},"image":{"@id":"https:\/\/loewentestneu.metafex.io\/it#\/schema\/logo\/image\/"}}]}},"_links":{"self":[{"href":"https:\/\/loewentestneu.metafex.io\/it\/wp-json\/wp\/v2\/product\/6497","targetHints":{"allow":["GET"]}}],"collection":[{"href":"https:\/\/loewentestneu.metafex.io\/it\/wp-json\/wp\/v2\/product"}],"about":[{"href":"https:\/\/loewentestneu.metafex.io\/it\/wp-json\/wp\/v2\/types\/product"}],"replies":[{"embeddable":true,"href":"https:\/\/loewentestneu.metafex.io\/it\/wp-json\/wp\/v2\/comments?post=6497"}],"wp:featuredmedia":[{"embeddable":true,"href":"https:\/\/loewentestneu.metafex.io\/it\/wp-json\/wp\/v2\/media\/6857"}],"wp:attachment":[{"href":"https:\/\/loewentestneu.metafex.io\/it\/wp-json\/wp\/v2\/media?parent=6497"}],"wp:term":[{"taxonomy":"product_brand","embeddable":true,"href":"https:\/\/loewentestneu.metafex.io\/it\/wp-json\/wp\/v2\/product_brand?post=6497"},{"taxonomy":"product_cat","embeddable":true,"href":"https:\/\/loewentestneu.metafex.io\/it\/wp-json\/wp\/v2\/product_cat?post=6497"},{"taxonomy":"product_tag","embeddable":true,"href":"https:\/\/loewentestneu.metafex.io\/it\/wp-json\/wp\/v2\/product_tag?post=6497"}],"curies":[{"name":"wp","href":"https:\/\/api.w.org\/{rel}","templated":true}]}}