{"id":6655,"date":"2024-11-26T16:10:46","date_gmt":"2024-11-26T15:10:46","guid":{"rendered":"https:\/\/lions-pharmacy.com\/?post_type=product&#038;p=6655"},"modified":"2025-01-24T22:11:34","modified_gmt":"2025-01-24T21:11:34","slug":"pascoflair-night-90-uds-4150169144810","status":"publish","type":"product","link":"https:\/\/loewentestneu.metafex.io\/it\/prodotto\/pascoflair-night-90-uds-4150169144810","title":{"rendered":"Pascoflair notte 90 pz."},"content":{"rendered":"<h2>Notte Pascoflair<\/h2>\n<p>Pascoflair notte un medicinale erboristico per migliorare la condizione in caso di stress nervoso e per favorire il sonno.<\/p>\n<p>Il portafoglio Pascoe comprende circa 200 prodotti. Questi includono medicinali a base di erbe, preparati vitaminici ad alte dosi, rimedi complessi omeopatici e integratori alimentari. La variet\u00e0 di medicinali tiene conto dei complessi requisiti dei prodotti sanitari. Il nostro successo ci d\u00e0 ragione anche a livello internazionale: i nostri prodotti vengono esportati in pi\u00f9 di 30 paesi in tutto il mondo e la tendenza \u00e8 in aumento.<\/p>\n<p>Altri prodotti per l&#8217;applicazione: <a href=\"https:\/\/loewentestneu.metafex.io\/product-tag\/homeopathy\">Omeopatia<\/a> | <a href=\"https:\/\/loewentestneu.metafex.io\/product-tag\/vitamins-supplements\">Vitamine<\/a> | <a href=\"https:\/\/loewentestneu.metafex.io\/product-tag\/virus-infection\">Infezioni <\/a> <\/p>\n<p>Ulteriori informazioni sul manufactorer e su questo prodotto: <a href=\"https:\/\/www.pascoe.de\/\" target=\"_blank\" rel=\"noopener\">Pascoe pharmazeutische Pr\u00e4parate GmbH<\/a> (link al sito esterno)<\/p>\n<p>Le informazioni contenute in questo sito web sono fornite solo a scopo informativo. Non sostituiscono in alcun modo la visita e il trattamento da parte di un medico. Ci\u00f2 significa che non \u00e8 possibile n\u00e9 fare diagnosi n\u00e9 iniziare terapie.<\/p>\n<p>Per i rischi e gli effetti collaterali, leggere il foglio illustrativo e chiedere al medico o al farmacista.<\/p>\n","protected":false},"excerpt":{"rendered":"<h2>Pascoflair notte 90 pz.<\/h2>\n<p>Notte Pascoflair<\/p>\n<p>erboristeria per migliorare la condizione in caso di stress nervoso e per favorire il sonno.<\/p>\n<p><strong>PZN<\/strong>: 16914481<\/p>\n<p><strong>Forma di dosaggio<\/strong>: Assumere 1-2 compresse fino a tre volte al giorno.<\/p>\n<p><strong>Tipo di prescrizione: senza prescrizione<\/strong><\/p>\n<p><strong>Marca<\/strong>:<\/p>\n<p><strong>Produttore<\/strong>: Pascoe pharmazeutische Pr\u00e4parate GmbH<\/p>\n<p><strong>Dimensione dell&#8217;imballo<\/strong>: 90 pezzi.<\/p>\n","protected":false},"featured_media":6661,"comment_status":"closed","ping_status":"closed","template":"","meta":[],"product_brand":[],"product_cat":[600,115],"product_tag":[270,298,269,307,268],"class_list":{"0":"post-6655","1":"product","2":"type-product","3":"status-publish","4":"has-post-thumbnail","6":"product_cat-pascoe-it","7":"product_cat-non-categorizzato","8":"product_tag-benessere","9":"product_tag-concentrazione-e-stress","10":"product_tag-gestione-del-peso","11":"product_tag-omeopatia","12":"product_tag-vitamine-e-integratori","13":"ts_product_brand-all-it","14":"ts_product_brand-pascoe-it","16":"first","17":"instock","18":"sale","19":"taxable","20":"shipping-taxable","21":"purchasable","22":"product-type-simple"},"yoast_head":"<!-- This site is optimized with the Yoast SEO plugin v26.5 - https:\/\/yoast.com\/wordpress\/plugins\/seo\/ -->\n<title>Pascoflair notte 90 pz. &#187; su Lion Pharmacy<\/title>\n<meta name=\"description\" content=\"Lions Pharmacy \u00e8 una farmacia tedesca registrata. Spedizione internazionale veloce con DHL. Scopri di pi\u00f9 su Pascoe e Pascoflair notte 90 pz.\" \/>\n<meta name=\"robots\" content=\"noindex, follow, max-snippet:-1, max-image-preview:large, max-video-preview:-1\" \/>\n<meta property=\"og:locale\" content=\"it_IT\" \/>\n<meta property=\"og:type\" content=\"article\" \/>\n<meta property=\"og:title\" content=\"Pascoflair notte 90 pz. &#187; su Lion Pharmacy\" \/>\n<meta property=\"og:description\" content=\"Lions Pharmacy \u00e8 una farmacia tedesca registrata. Spedizione internazionale veloce con DHL. Scopri di pi\u00f9 su Pascoe e Pascoflair notte 90 pz.\" \/>\n<meta property=\"og:url\" content=\"https:\/\/loewentestneu.metafex.io\/it\/prodotto\/pascoflair-night-90-uds-4150169144810\" \/>\n<meta property=\"og:site_name\" content=\"Lion Pharmacy\" \/>\n<meta property=\"article:modified_time\" content=\"2025-01-24T21:11:34+00:00\" \/>\n<meta property=\"og:image\" content=\"https:\/\/loewentestneu.metafex.io\/wp-content\/uploads\/2024\/11\/Pascoflair-night-Pascoe-PZN-16914481-Lions-Pharmacy.webp\" \/>\n\t<meta property=\"og:image:width\" content=\"600\" \/>\n\t<meta property=\"og:image:height\" content=\"600\" \/>\n\t<meta property=\"og:image:type\" content=\"image\/webp\" \/>\n<meta name=\"twitter:card\" content=\"summary_large_image\" \/>\n<meta name=\"twitter:label1\" content=\"Tempo di lettura stimato\" \/>\n\t<meta name=\"twitter:data1\" content=\"1 minuto\" \/>\n<script type=\"application\/ld+json\" class=\"yoast-schema-graph\">{\"@context\":\"https:\/\/schema.org\",\"@graph\":[{\"@type\":\"WebPage\",\"@id\":\"https:\/\/loewentestneu.metafex.io\/it\/prodotto\/pascoflair-night-90-uds-4150169144810\",\"url\":\"https:\/\/loewentestneu.metafex.io\/it\/prodotto\/pascoflair-night-90-uds-4150169144810\",\"name\":\"Pascoflair notte 90 pz. &#187; su Lion Pharmacy\",\"isPartOf\":{\"@id\":\"https:\/\/loewentestneu.metafex.io\/it#website\"},\"primaryImageOfPage\":{\"@id\":\"https:\/\/loewentestneu.metafex.io\/it\/prodotto\/pascoflair-night-90-uds-4150169144810#primaryimage\"},\"image\":{\"@id\":\"https:\/\/loewentestneu.metafex.io\/it\/prodotto\/pascoflair-night-90-uds-4150169144810#primaryimage\"},\"thumbnailUrl\":\"https:\/\/loewentestneu.metafex.io\/wp-content\/uploads\/2024\/11\/Pascoflair-night-Pascoe-PZN-16914481-Lions-Pharmacy.webp\",\"datePublished\":\"2024-11-26T15:10:46+00:00\",\"dateModified\":\"2025-01-24T21:11:34+00:00\",\"description\":\"Lions Pharmacy \u00e8 una farmacia tedesca registrata. Spedizione internazionale veloce con DHL. Scopri di pi\u00f9 su Pascoe e Pascoflair notte 90 pz.\",\"breadcrumb\":{\"@id\":\"https:\/\/loewentestneu.metafex.io\/it\/prodotto\/pascoflair-night-90-uds-4150169144810#breadcrumb\"},\"inLanguage\":\"it-IT\",\"potentialAction\":[{\"@type\":\"ReadAction\",\"target\":[\"https:\/\/loewentestneu.metafex.io\/it\/prodotto\/pascoflair-night-90-uds-4150169144810\"]}]},{\"@type\":\"ImageObject\",\"inLanguage\":\"it-IT\",\"@id\":\"https:\/\/loewentestneu.metafex.io\/it\/prodotto\/pascoflair-night-90-uds-4150169144810#primaryimage\",\"url\":\"https:\/\/loewentestneu.metafex.io\/wp-content\/uploads\/2024\/11\/Pascoflair-night-Pascoe-PZN-16914481-Lions-Pharmacy.webp\",\"contentUrl\":\"https:\/\/loewentestneu.metafex.io\/wp-content\/uploads\/2024\/11\/Pascoflair-night-Pascoe-PZN-16914481-Lions-Pharmacy.webp\",\"width\":600,\"height\":600,\"caption\":\"L'immagine mostra la notte di Pascoflair da Pascoe. PZN 16914481. Farmacia Lions\"},{\"@type\":\"BreadcrumbList\",\"@id\":\"https:\/\/loewentestneu.metafex.io\/it\/prodotto\/pascoflair-night-90-uds-4150169144810#breadcrumb\",\"itemListElement\":[{\"@type\":\"ListItem\",\"position\":1,\"name\":\"Home\",\"item\":\"https:\/\/loewentestneu.metafex.io\/it\/homepage-lion-pharmacy\"},{\"@type\":\"ListItem\",\"position\":2,\"name\":\"Shop\",\"item\":\"https:\/\/loewentestneu.metafex.io\/it\/negozio\"},{\"@type\":\"ListItem\",\"position\":3,\"name\":\"Pascoflair notte 90 pz.\"}]},{\"@type\":\"WebSite\",\"@id\":\"https:\/\/loewentestneu.metafex.io\/it#website\",\"url\":\"https:\/\/loewentestneu.metafex.io\/it\",\"name\":\"Lions Pharmacy\",\"description\":\"Farmacia specializzata in naturopatia di Baden-Baden, Germania\",\"publisher\":{\"@id\":\"https:\/\/loewentestneu.metafex.io\/it#organization\"},\"alternateName\":\"Lion Pharmacy\",\"potentialAction\":[{\"@type\":\"SearchAction\",\"target\":{\"@type\":\"EntryPoint\",\"urlTemplate\":\"https:\/\/loewentestneu.metafex.io\/it?s={search_term_string}\"},\"query-input\":{\"@type\":\"PropertyValueSpecification\",\"valueRequired\":true,\"valueName\":\"search_term_string\"}}],\"inLanguage\":\"it-IT\"},{\"@type\":\"Organization\",\"@id\":\"https:\/\/loewentestneu.metafex.io\/it#organization\",\"name\":\"Lions Pharmacy\",\"alternateName\":\"Lions Pharmacy24\",\"url\":\"https:\/\/loewentestneu.metafex.io\/it\",\"logo\":{\"@type\":\"ImageObject\",\"inLanguage\":\"it-IT\",\"@id\":\"https:\/\/loewentestneu.metafex.io\/it#\/schema\/logo\/image\/\",\"url\":\"https:\/\/loewentestneu.metafex.io\/wp-content\/uploads\/2022\/12\/Logo-Lion-Pharmacy-c-o-Loewen-Apotheke-smal.jpg\",\"contentUrl\":\"https:\/\/loewentestneu.metafex.io\/wp-content\/uploads\/2022\/12\/Logo-Lion-Pharmacy-c-o-Loewen-Apotheke-smal.jpg\",\"width\":298,\"height\":99,\"caption\":\"Lions Pharmacy\"},\"image\":{\"@id\":\"https:\/\/loewentestneu.metafex.io\/it#\/schema\/logo\/image\/\"}}]}<\/script>\n<!-- \/ Yoast SEO plugin. -->","yoast_head_json":{"title":"Pascoflair notte 90 pz. &#187; su Lion Pharmacy","description":"Lions Pharmacy \u00e8 una farmacia tedesca registrata. Spedizione internazionale veloce con DHL. Scopri di pi\u00f9 su Pascoe e Pascoflair notte 90 pz.","robots":{"index":"noindex","follow":"follow","max-snippet":"max-snippet:-1","max-image-preview":"max-image-preview:large","max-video-preview":"max-video-preview:-1"},"og_locale":"it_IT","og_type":"article","og_title":"Pascoflair notte 90 pz. &#187; su Lion Pharmacy","og_description":"Lions Pharmacy \u00e8 una farmacia tedesca registrata. Spedizione internazionale veloce con DHL. Scopri di pi\u00f9 su Pascoe e Pascoflair notte 90 pz.","og_url":"https:\/\/loewentestneu.metafex.io\/it\/prodotto\/pascoflair-night-90-uds-4150169144810","og_site_name":"Lion Pharmacy","article_modified_time":"2025-01-24T21:11:34+00:00","og_image":[{"width":600,"height":600,"url":"https:\/\/loewentestneu.metafex.io\/wp-content\/uploads\/2024\/11\/Pascoflair-night-Pascoe-PZN-16914481-Lions-Pharmacy.webp","type":"image\/webp"}],"twitter_card":"summary_large_image","twitter_misc":{"Tempo di lettura stimato":"1 minuto"},"schema":{"@context":"https:\/\/schema.org","@graph":[{"@type":"WebPage","@id":"https:\/\/loewentestneu.metafex.io\/it\/prodotto\/pascoflair-night-90-uds-4150169144810","url":"https:\/\/loewentestneu.metafex.io\/it\/prodotto\/pascoflair-night-90-uds-4150169144810","name":"Pascoflair notte 90 pz. &#187; su Lion Pharmacy","isPartOf":{"@id":"https:\/\/loewentestneu.metafex.io\/it#website"},"primaryImageOfPage":{"@id":"https:\/\/loewentestneu.metafex.io\/it\/prodotto\/pascoflair-night-90-uds-4150169144810#primaryimage"},"image":{"@id":"https:\/\/loewentestneu.metafex.io\/it\/prodotto\/pascoflair-night-90-uds-4150169144810#primaryimage"},"thumbnailUrl":"https:\/\/loewentestneu.metafex.io\/wp-content\/uploads\/2024\/11\/Pascoflair-night-Pascoe-PZN-16914481-Lions-Pharmacy.webp","datePublished":"2024-11-26T15:10:46+00:00","dateModified":"2025-01-24T21:11:34+00:00","description":"Lions Pharmacy \u00e8 una farmacia tedesca registrata. Spedizione internazionale veloce con DHL. Scopri di pi\u00f9 su Pascoe e Pascoflair notte 90 pz.","breadcrumb":{"@id":"https:\/\/loewentestneu.metafex.io\/it\/prodotto\/pascoflair-night-90-uds-4150169144810#breadcrumb"},"inLanguage":"it-IT","potentialAction":[{"@type":"ReadAction","target":["https:\/\/loewentestneu.metafex.io\/it\/prodotto\/pascoflair-night-90-uds-4150169144810"]}]},{"@type":"ImageObject","inLanguage":"it-IT","@id":"https:\/\/loewentestneu.metafex.io\/it\/prodotto\/pascoflair-night-90-uds-4150169144810#primaryimage","url":"https:\/\/loewentestneu.metafex.io\/wp-content\/uploads\/2024\/11\/Pascoflair-night-Pascoe-PZN-16914481-Lions-Pharmacy.webp","contentUrl":"https:\/\/loewentestneu.metafex.io\/wp-content\/uploads\/2024\/11\/Pascoflair-night-Pascoe-PZN-16914481-Lions-Pharmacy.webp","width":600,"height":600,"caption":"L'immagine mostra la notte di Pascoflair da Pascoe. PZN 16914481. Farmacia Lions"},{"@type":"BreadcrumbList","@id":"https:\/\/loewentestneu.metafex.io\/it\/prodotto\/pascoflair-night-90-uds-4150169144810#breadcrumb","itemListElement":[{"@type":"ListItem","position":1,"name":"Home","item":"https:\/\/loewentestneu.metafex.io\/it\/homepage-lion-pharmacy"},{"@type":"ListItem","position":2,"name":"Shop","item":"https:\/\/loewentestneu.metafex.io\/it\/negozio"},{"@type":"ListItem","position":3,"name":"Pascoflair notte 90 pz."}]},{"@type":"WebSite","@id":"https:\/\/loewentestneu.metafex.io\/it#website","url":"https:\/\/loewentestneu.metafex.io\/it","name":"Lions Pharmacy","description":"Farmacia specializzata in naturopatia di Baden-Baden, Germania","publisher":{"@id":"https:\/\/loewentestneu.metafex.io\/it#organization"},"alternateName":"Lion Pharmacy","potentialAction":[{"@type":"SearchAction","target":{"@type":"EntryPoint","urlTemplate":"https:\/\/loewentestneu.metafex.io\/it?s={search_term_string}"},"query-input":{"@type":"PropertyValueSpecification","valueRequired":true,"valueName":"search_term_string"}}],"inLanguage":"it-IT"},{"@type":"Organization","@id":"https:\/\/loewentestneu.metafex.io\/it#organization","name":"Lions Pharmacy","alternateName":"Lions Pharmacy24","url":"https:\/\/loewentestneu.metafex.io\/it","logo":{"@type":"ImageObject","inLanguage":"it-IT","@id":"https:\/\/loewentestneu.metafex.io\/it#\/schema\/logo\/image\/","url":"https:\/\/loewentestneu.metafex.io\/wp-content\/uploads\/2022\/12\/Logo-Lion-Pharmacy-c-o-Loewen-Apotheke-smal.jpg","contentUrl":"https:\/\/loewentestneu.metafex.io\/wp-content\/uploads\/2022\/12\/Logo-Lion-Pharmacy-c-o-Loewen-Apotheke-smal.jpg","width":298,"height":99,"caption":"Lions Pharmacy"},"image":{"@id":"https:\/\/loewentestneu.metafex.io\/it#\/schema\/logo\/image\/"}}]}},"_links":{"self":[{"href":"https:\/\/loewentestneu.metafex.io\/it\/wp-json\/wp\/v2\/product\/6655","targetHints":{"allow":["GET"]}}],"collection":[{"href":"https:\/\/loewentestneu.metafex.io\/it\/wp-json\/wp\/v2\/product"}],"about":[{"href":"https:\/\/loewentestneu.metafex.io\/it\/wp-json\/wp\/v2\/types\/product"}],"replies":[{"embeddable":true,"href":"https:\/\/loewentestneu.metafex.io\/it\/wp-json\/wp\/v2\/comments?post=6655"}],"wp:featuredmedia":[{"embeddable":true,"href":"https:\/\/loewentestneu.metafex.io\/it\/wp-json\/wp\/v2\/media\/6661"}],"wp:attachment":[{"href":"https:\/\/loewentestneu.metafex.io\/it\/wp-json\/wp\/v2\/media?parent=6655"}],"wp:term":[{"taxonomy":"product_brand","embeddable":true,"href":"https:\/\/loewentestneu.metafex.io\/it\/wp-json\/wp\/v2\/product_brand?post=6655"},{"taxonomy":"product_cat","embeddable":true,"href":"https:\/\/loewentestneu.metafex.io\/it\/wp-json\/wp\/v2\/product_cat?post=6655"},{"taxonomy":"product_tag","embeddable":true,"href":"https:\/\/loewentestneu.metafex.io\/it\/wp-json\/wp\/v2\/product_tag?post=6655"}],"curies":[{"name":"wp","href":"https:\/\/api.w.org\/{rel}","templated":true}]}}