{"id":6797,"date":"2024-12-07T09:21:13","date_gmt":"2024-12-07T08:21:13","guid":{"rendered":"https:\/\/lions-pharmacy.com\/?post_type=product&#038;p=6797"},"modified":"2025-01-25T22:26:17","modified_gmt":"2025-01-25T21:26:17","slug":"neyskin-day-cream-with-coenzyme-q10-50ml-07146416","status":"publish","type":"product","link":"https:\/\/loewentestneu.metafex.io\/it\/prodotto\/neyskin-day-cream-with-coenzyme-q10-50ml-07146416","title":{"rendered":"Neyskin Crema Giorno con Coenzima Q10 50ml"},"content":{"rendered":"<h3>Neyskin Crema Giorno con Coenzima Q10<\/h3>\n<p>Neyskin Crema Giorno con Coenzima Q10. Il coenzima Q10 supporta il metabolismo delle centrali elettriche delle cellule mitocondriali e fornisce alla pelle la carica energetica necessaria.<br \/>\nL&#8217;olio di argan biologico stimola e supporta la rigenerazione cellulare. L&#8217;olio di calendula ha un effetto calmante, nutriente e idratante; Protegge dalla disidratazione e favorisce la rigenerazione cellulare.<br \/>\nIl burro di karit\u00e8 contiene la vitamina A di bellezza e la vitamina E che protegge le cellule.<\/p>\n<p>L&#8217;olio di camomilla di alta qualit\u00e0 lenisce la pelle, i fattori che legano l&#8217;umidit\u00e0 contrastano l&#8217;invecchiamento precoce della pelle e nutrono la pelle per tutto il giorno. La pelle appare liscia ed elastica. Ideale come base per il trucco.<br \/>\nL&#8217;assorbitore UV protegge dalle radiazioni UV dannose e ritarda il processo di invecchiamento della pelle. Estratti cellulari &#8211; appositamente preparati, supportano il potere del rinnovamento cellulare attraverso i loro meccanismi di stimolazione della riparazione e prevengono l&#8217;invecchiamento precoce della pelle. Il processo di invecchiamento di ogni pelle inizia con la perdita di idratazione. Compaiono le rughe, la pelle perde elasticit\u00e0 e compattezza. Le influenze ambientali dannose e i radicali liberi accelerano l&#8217;invecchiamento. La pelle diventa fragile, screpolata, rugosa e flaccida.<\/p>\n<p>Con gli estratti cellulari appositamente preparati del trattamento con principi attivi naturali Regena Ney, possiamo sostenere i meccanismi di riparazione della pelle. In questo modo, attiviamo i processi sani della pelle e rafforziamo le cellule della pelle.<\/p>\n<p>Abbiamo sviluppato i cosmetici con principi attivi naturali utilizzando processi brevettati e siamo un&#8217;innovazione in dermatologia. Gli esclusivi estratti cellulari del trattamento con principio attivo naturale supportano la pelle in tutte le fasi del suo rinnovamento e la rafforzano contro gli effetti dell&#8217;invecchiamento e le influenze ambientali dannose.<\/p>\n<p>Cura della pelle naturale al 100% per esigenze cutanee molto specifiche.<\/p>\n<p>Altri prodotti per l&#8217;applicazione: <a href=\"https:\/\/loewentestneu.metafex.io\/produkt-kategorie\/vitorgan\">vitOrgan<\/a> | <a href=\"https:\/\/loewentestneu.metafex.io\/product-tag\/vitamins-supplements\">Vitamine e integratori Prodotti<\/a><br \/>\nPer saperne di pi\u00f9 sul produttore e su questo prodotto: <a href=\"https:\/\/vitorgan.de\/en\/products\/\" target=\"_blank\" rel=\"noopener\">vitOrgan<\/a> (link a sito esterno)<\/p>\n<p>Le informazioni contenute in questo sito web sono fornite solo a scopo informativo. Non sostituiscono in alcun modo la visita e il trattamento da parte di un medico. Ci\u00f2 significa che non \u00e8 possibile n\u00e9 fare diagnosi n\u00e9 iniziare terapie.<\/p>\n<p>Per i rischi e gli effetti collaterali, leggere il foglio illustrativo e rivolgersi al medico o al farmacista.<\/p>\n","protected":false},"excerpt":{"rendered":"<h2>Neyskin Crema Giorno con Coenzima Q10 50ml<\/h2>\n<p>Cura della pelle naturale al 100% per esigenze cutanee molto specifiche con il Coenzima Q10.<\/p>\n<p>&nbsp;<\/p>\n<p>PZN: 07146416<\/p>\n<p>Forma di dosaggio: crema<\/p>\n<p>Tipo di prescrizione: senza prescrizione<\/p>\n<p>Marchio: Regena Ney<\/p>\n<p>Costruttore: vitOrgan GmbH &amp; Co.KG, Ostfildern, Germania<\/p>\n<p>Confezione: 50 ml<\/p>\n","protected":false},"featured_media":6803,"comment_status":"closed","ping_status":"closed","template":"","meta":[],"product_brand":[],"product_cat":[115,130],"product_tag":[270,269,307,271,310],"class_list":{"0":"post-6797","1":"product","2":"type-product","3":"status-publish","4":"has-post-thumbnail","6":"product_cat-non-categorizzato","7":"product_cat-vitorgan-it","8":"product_tag-benessere","9":"product_tag-gestione-del-peso","10":"product_tag-omeopatia","11":"product_tag-peso-e-forma-fisica","12":"product_tag-vendita-mensile","13":"ts_product_brand-all-it","14":"ts_product_brand-vitorgan-it","16":"first","17":"instock","18":"sale","19":"taxable","20":"shipping-taxable","21":"purchasable","22":"product-type-simple"},"yoast_head":"<!-- This site is optimized with the Yoast SEO plugin v26.5 - https:\/\/yoast.com\/wordpress\/plugins\/seo\/ -->\n<title>Neyskin Crema Giorno con Coenzima Q10 50ml &#187; Scopri di pi\u00f9<\/title>\n<meta name=\"description\" content=\"Farmacia online tedesca registrata | Spedizione internazionale veloce | Prodotto realizzato da vitOrgan: Neyskin Crema Giorno con Coenzima Q10 50ml\" \/>\n<meta name=\"robots\" content=\"noindex, follow, max-snippet:-1, max-image-preview:large, max-video-preview:-1\" \/>\n<meta property=\"og:locale\" content=\"it_IT\" \/>\n<meta property=\"og:type\" content=\"article\" \/>\n<meta property=\"og:title\" content=\"Neyskin Crema Giorno con Coenzima Q10 50ml &#187; Scopri di pi\u00f9\" \/>\n<meta property=\"og:description\" content=\"Farmacia online tedesca registrata | Spedizione internazionale veloce | Prodotto realizzato da vitOrgan: Neyskin Crema Giorno con Coenzima Q10 50ml\" \/>\n<meta property=\"og:url\" content=\"https:\/\/loewentestneu.metafex.io\/it\/prodotto\/neyskin-day-cream-with-coenzyme-q10-50ml-07146416\" \/>\n<meta property=\"og:site_name\" content=\"Lion Pharmacy\" \/>\n<meta property=\"article:modified_time\" content=\"2025-01-25T21:26:17+00:00\" \/>\n<meta property=\"og:image\" content=\"https:\/\/loewentestneu.metafex.io\/wp-content\/uploads\/2024\/11\/Neyskin-day-Vitorgan-Lowenapotheke24-PZN-7146416.webp\" \/>\n\t<meta property=\"og:image:width\" content=\"600\" \/>\n\t<meta property=\"og:image:height\" content=\"600\" \/>\n\t<meta property=\"og:image:type\" content=\"image\/webp\" \/>\n<meta name=\"twitter:card\" content=\"summary_large_image\" \/>\n<meta name=\"twitter:label1\" content=\"Tempo di lettura stimato\" \/>\n\t<meta name=\"twitter:data1\" content=\"2 minuti\" \/>\n<script type=\"application\/ld+json\" class=\"yoast-schema-graph\">{\"@context\":\"https:\/\/schema.org\",\"@graph\":[{\"@type\":\"WebPage\",\"@id\":\"https:\/\/loewentestneu.metafex.io\/it\/prodotto\/neyskin-day-cream-with-coenzyme-q10-50ml-07146416\",\"url\":\"https:\/\/loewentestneu.metafex.io\/it\/prodotto\/neyskin-day-cream-with-coenzyme-q10-50ml-07146416\",\"name\":\"Neyskin Crema Giorno con Coenzima Q10 50ml &#187; Scopri di pi\u00f9\",\"isPartOf\":{\"@id\":\"https:\/\/loewentestneu.metafex.io\/it#website\"},\"primaryImageOfPage\":{\"@id\":\"https:\/\/loewentestneu.metafex.io\/it\/prodotto\/neyskin-day-cream-with-coenzyme-q10-50ml-07146416#primaryimage\"},\"image\":{\"@id\":\"https:\/\/loewentestneu.metafex.io\/it\/prodotto\/neyskin-day-cream-with-coenzyme-q10-50ml-07146416#primaryimage\"},\"thumbnailUrl\":\"https:\/\/loewentestneu.metafex.io\/wp-content\/uploads\/2024\/11\/Neyskin-day-Vitorgan-Lowenapotheke24-PZN-7146416.webp\",\"datePublished\":\"2024-12-07T08:21:13+00:00\",\"dateModified\":\"2025-01-25T21:26:17+00:00\",\"description\":\"Farmacia online tedesca registrata | Spedizione internazionale veloce | Prodotto realizzato da vitOrgan: Neyskin Crema Giorno con Coenzima Q10 50ml\",\"breadcrumb\":{\"@id\":\"https:\/\/loewentestneu.metafex.io\/it\/prodotto\/neyskin-day-cream-with-coenzyme-q10-50ml-07146416#breadcrumb\"},\"inLanguage\":\"it-IT\",\"potentialAction\":[{\"@type\":\"ReadAction\",\"target\":[\"https:\/\/loewentestneu.metafex.io\/it\/prodotto\/neyskin-day-cream-with-coenzyme-q10-50ml-07146416\"]}]},{\"@type\":\"ImageObject\",\"inLanguage\":\"it-IT\",\"@id\":\"https:\/\/loewentestneu.metafex.io\/it\/prodotto\/neyskin-day-cream-with-coenzyme-q10-50ml-07146416#primaryimage\",\"url\":\"https:\/\/loewentestneu.metafex.io\/wp-content\/uploads\/2024\/11\/Neyskin-day-Vitorgan-Lowenapotheke24-PZN-7146416.webp\",\"contentUrl\":\"https:\/\/loewentestneu.metafex.io\/wp-content\/uploads\/2024\/11\/Neyskin-day-Vitorgan-Lowenapotheke24-PZN-7146416.webp\",\"width\":600,\"height\":600,\"caption\":\"l'immagine mostra la crema da giorno Neyskin. Vitorgan. Farmacia Lions. PZN 07146416\"},{\"@type\":\"BreadcrumbList\",\"@id\":\"https:\/\/loewentestneu.metafex.io\/it\/prodotto\/neyskin-day-cream-with-coenzyme-q10-50ml-07146416#breadcrumb\",\"itemListElement\":[{\"@type\":\"ListItem\",\"position\":1,\"name\":\"Home\",\"item\":\"https:\/\/loewentestneu.metafex.io\/it\/homepage-lion-pharmacy\"},{\"@type\":\"ListItem\",\"position\":2,\"name\":\"Shop\",\"item\":\"https:\/\/loewentestneu.metafex.io\/it\/negozio\"},{\"@type\":\"ListItem\",\"position\":3,\"name\":\"Neyskin Crema Giorno con Coenzima Q10 50ml\"}]},{\"@type\":\"WebSite\",\"@id\":\"https:\/\/loewentestneu.metafex.io\/it#website\",\"url\":\"https:\/\/loewentestneu.metafex.io\/it\",\"name\":\"Lions Pharmacy\",\"description\":\"Farmacia specializzata in naturopatia di Baden-Baden, Germania\",\"publisher\":{\"@id\":\"https:\/\/loewentestneu.metafex.io\/it#organization\"},\"alternateName\":\"Lion Pharmacy\",\"potentialAction\":[{\"@type\":\"SearchAction\",\"target\":{\"@type\":\"EntryPoint\",\"urlTemplate\":\"https:\/\/loewentestneu.metafex.io\/it?s={search_term_string}\"},\"query-input\":{\"@type\":\"PropertyValueSpecification\",\"valueRequired\":true,\"valueName\":\"search_term_string\"}}],\"inLanguage\":\"it-IT\"},{\"@type\":\"Organization\",\"@id\":\"https:\/\/loewentestneu.metafex.io\/it#organization\",\"name\":\"Lions Pharmacy\",\"alternateName\":\"Lions Pharmacy24\",\"url\":\"https:\/\/loewentestneu.metafex.io\/it\",\"logo\":{\"@type\":\"ImageObject\",\"inLanguage\":\"it-IT\",\"@id\":\"https:\/\/loewentestneu.metafex.io\/it#\/schema\/logo\/image\/\",\"url\":\"https:\/\/loewentestneu.metafex.io\/wp-content\/uploads\/2022\/12\/Logo-Lion-Pharmacy-c-o-Loewen-Apotheke-smal.jpg\",\"contentUrl\":\"https:\/\/loewentestneu.metafex.io\/wp-content\/uploads\/2022\/12\/Logo-Lion-Pharmacy-c-o-Loewen-Apotheke-smal.jpg\",\"width\":298,\"height\":99,\"caption\":\"Lions Pharmacy\"},\"image\":{\"@id\":\"https:\/\/loewentestneu.metafex.io\/it#\/schema\/logo\/image\/\"}}]}<\/script>\n<!-- \/ Yoast SEO plugin. -->","yoast_head_json":{"title":"Neyskin Crema Giorno con Coenzima Q10 50ml &#187; Scopri di pi\u00f9","description":"Farmacia online tedesca registrata | Spedizione internazionale veloce | Prodotto realizzato da vitOrgan: Neyskin Crema Giorno con Coenzima Q10 50ml","robots":{"index":"noindex","follow":"follow","max-snippet":"max-snippet:-1","max-image-preview":"max-image-preview:large","max-video-preview":"max-video-preview:-1"},"og_locale":"it_IT","og_type":"article","og_title":"Neyskin Crema Giorno con Coenzima Q10 50ml &#187; Scopri di pi\u00f9","og_description":"Farmacia online tedesca registrata | Spedizione internazionale veloce | Prodotto realizzato da vitOrgan: Neyskin Crema Giorno con Coenzima Q10 50ml","og_url":"https:\/\/loewentestneu.metafex.io\/it\/prodotto\/neyskin-day-cream-with-coenzyme-q10-50ml-07146416","og_site_name":"Lion Pharmacy","article_modified_time":"2025-01-25T21:26:17+00:00","og_image":[{"width":600,"height":600,"url":"https:\/\/loewentestneu.metafex.io\/wp-content\/uploads\/2024\/11\/Neyskin-day-Vitorgan-Lowenapotheke24-PZN-7146416.webp","type":"image\/webp"}],"twitter_card":"summary_large_image","twitter_misc":{"Tempo di lettura stimato":"2 minuti"},"schema":{"@context":"https:\/\/schema.org","@graph":[{"@type":"WebPage","@id":"https:\/\/loewentestneu.metafex.io\/it\/prodotto\/neyskin-day-cream-with-coenzyme-q10-50ml-07146416","url":"https:\/\/loewentestneu.metafex.io\/it\/prodotto\/neyskin-day-cream-with-coenzyme-q10-50ml-07146416","name":"Neyskin Crema Giorno con Coenzima Q10 50ml &#187; Scopri di pi\u00f9","isPartOf":{"@id":"https:\/\/loewentestneu.metafex.io\/it#website"},"primaryImageOfPage":{"@id":"https:\/\/loewentestneu.metafex.io\/it\/prodotto\/neyskin-day-cream-with-coenzyme-q10-50ml-07146416#primaryimage"},"image":{"@id":"https:\/\/loewentestneu.metafex.io\/it\/prodotto\/neyskin-day-cream-with-coenzyme-q10-50ml-07146416#primaryimage"},"thumbnailUrl":"https:\/\/loewentestneu.metafex.io\/wp-content\/uploads\/2024\/11\/Neyskin-day-Vitorgan-Lowenapotheke24-PZN-7146416.webp","datePublished":"2024-12-07T08:21:13+00:00","dateModified":"2025-01-25T21:26:17+00:00","description":"Farmacia online tedesca registrata | Spedizione internazionale veloce | Prodotto realizzato da vitOrgan: Neyskin Crema Giorno con Coenzima Q10 50ml","breadcrumb":{"@id":"https:\/\/loewentestneu.metafex.io\/it\/prodotto\/neyskin-day-cream-with-coenzyme-q10-50ml-07146416#breadcrumb"},"inLanguage":"it-IT","potentialAction":[{"@type":"ReadAction","target":["https:\/\/loewentestneu.metafex.io\/it\/prodotto\/neyskin-day-cream-with-coenzyme-q10-50ml-07146416"]}]},{"@type":"ImageObject","inLanguage":"it-IT","@id":"https:\/\/loewentestneu.metafex.io\/it\/prodotto\/neyskin-day-cream-with-coenzyme-q10-50ml-07146416#primaryimage","url":"https:\/\/loewentestneu.metafex.io\/wp-content\/uploads\/2024\/11\/Neyskin-day-Vitorgan-Lowenapotheke24-PZN-7146416.webp","contentUrl":"https:\/\/loewentestneu.metafex.io\/wp-content\/uploads\/2024\/11\/Neyskin-day-Vitorgan-Lowenapotheke24-PZN-7146416.webp","width":600,"height":600,"caption":"l'immagine mostra la crema da giorno Neyskin. Vitorgan. Farmacia Lions. PZN 07146416"},{"@type":"BreadcrumbList","@id":"https:\/\/loewentestneu.metafex.io\/it\/prodotto\/neyskin-day-cream-with-coenzyme-q10-50ml-07146416#breadcrumb","itemListElement":[{"@type":"ListItem","position":1,"name":"Home","item":"https:\/\/loewentestneu.metafex.io\/it\/homepage-lion-pharmacy"},{"@type":"ListItem","position":2,"name":"Shop","item":"https:\/\/loewentestneu.metafex.io\/it\/negozio"},{"@type":"ListItem","position":3,"name":"Neyskin Crema Giorno con Coenzima Q10 50ml"}]},{"@type":"WebSite","@id":"https:\/\/loewentestneu.metafex.io\/it#website","url":"https:\/\/loewentestneu.metafex.io\/it","name":"Lions Pharmacy","description":"Farmacia specializzata in naturopatia di Baden-Baden, Germania","publisher":{"@id":"https:\/\/loewentestneu.metafex.io\/it#organization"},"alternateName":"Lion Pharmacy","potentialAction":[{"@type":"SearchAction","target":{"@type":"EntryPoint","urlTemplate":"https:\/\/loewentestneu.metafex.io\/it?s={search_term_string}"},"query-input":{"@type":"PropertyValueSpecification","valueRequired":true,"valueName":"search_term_string"}}],"inLanguage":"it-IT"},{"@type":"Organization","@id":"https:\/\/loewentestneu.metafex.io\/it#organization","name":"Lions Pharmacy","alternateName":"Lions Pharmacy24","url":"https:\/\/loewentestneu.metafex.io\/it","logo":{"@type":"ImageObject","inLanguage":"it-IT","@id":"https:\/\/loewentestneu.metafex.io\/it#\/schema\/logo\/image\/","url":"https:\/\/loewentestneu.metafex.io\/wp-content\/uploads\/2022\/12\/Logo-Lion-Pharmacy-c-o-Loewen-Apotheke-smal.jpg","contentUrl":"https:\/\/loewentestneu.metafex.io\/wp-content\/uploads\/2022\/12\/Logo-Lion-Pharmacy-c-o-Loewen-Apotheke-smal.jpg","width":298,"height":99,"caption":"Lions Pharmacy"},"image":{"@id":"https:\/\/loewentestneu.metafex.io\/it#\/schema\/logo\/image\/"}}]}},"_links":{"self":[{"href":"https:\/\/loewentestneu.metafex.io\/it\/wp-json\/wp\/v2\/product\/6797","targetHints":{"allow":["GET"]}}],"collection":[{"href":"https:\/\/loewentestneu.metafex.io\/it\/wp-json\/wp\/v2\/product"}],"about":[{"href":"https:\/\/loewentestneu.metafex.io\/it\/wp-json\/wp\/v2\/types\/product"}],"replies":[{"embeddable":true,"href":"https:\/\/loewentestneu.metafex.io\/it\/wp-json\/wp\/v2\/comments?post=6797"}],"wp:featuredmedia":[{"embeddable":true,"href":"https:\/\/loewentestneu.metafex.io\/it\/wp-json\/wp\/v2\/media\/6803"}],"wp:attachment":[{"href":"https:\/\/loewentestneu.metafex.io\/it\/wp-json\/wp\/v2\/media?parent=6797"}],"wp:term":[{"taxonomy":"product_brand","embeddable":true,"href":"https:\/\/loewentestneu.metafex.io\/it\/wp-json\/wp\/v2\/product_brand?post=6797"},{"taxonomy":"product_cat","embeddable":true,"href":"https:\/\/loewentestneu.metafex.io\/it\/wp-json\/wp\/v2\/product_cat?post=6797"},{"taxonomy":"product_tag","embeddable":true,"href":"https:\/\/loewentestneu.metafex.io\/it\/wp-json\/wp\/v2\/product_tag?post=6797"}],"curies":[{"name":"wp","href":"https:\/\/api.w.org\/{rel}","templated":true}]}}