{"id":6912,"date":"2024-11-28T11:27:18","date_gmt":"2024-11-28T10:27:18","guid":{"rendered":"https:\/\/lions-pharmacy.com\/?post_type=product&#038;p=6912"},"modified":"2025-01-25T19:11:07","modified_gmt":"2025-01-25T18:11:07","slug":"chondron-film-coated-tablets-60-pcs-00373824","status":"publish","type":"product","link":"https:\/\/loewentestneu.metafex.io\/it\/prodotto\/chondron-film-coated-tablets-60-pcs-00373824","title":{"rendered":"Chondron compresse rivestite con film &#8211; Regena Ney &#8211; 60 pz."},"content":{"rendered":"<h3>Compresse rivestite con film Chondron<\/h3>\n<p>Integratore alimentare per le articolazioni in compresse rivestite con film Chondron. Integratore alimentare con glucosamina solfato, metilsulfonilmetano, condroitina solfato, bromelina, vitamina E acetato, vitamina B6, selenio, acido folico, manganese e zinco La glucosamina e la condroitina sono elementi costitutivi naturali della cartilagine articolare.<\/p>\n<p>La condroitina viene utilizzata nell&#8217;articolazione per garantire l&#8217;elasticit\u00e0 della cartilagine. Gli additivi antiossidanti della vitamina E, dello zinco e del selenio possono fornire un&#8217;importante funzione protettiva per le cellule del corpo. Lo zinco contribuisce al mantenimento di ossa normali e l&#8217;acido folico svolge un ruolo importante nella rigenerazione cellulare.<\/p>\n<p>I preparati organo-omeopatici proposti da vitOrgan per la terapia biomolecolare utilizzano sostanze organiche naturali con effetti regolatori e metabolici per normalizzare fisiologicamente i processi divenuti squilibrati. Secondo il principio &#8220;il cuore guarisce il cuore, il rene guarisce il rene, l&#8217;organo guarisce l&#8217;organo&#8221;, l&#8217;obiettivo \u00e8 quello di risvegliare la forza delle cellule indebolite attraverso una regolazione mirata.<br \/>\nIl nostro ampio portafoglio vi offre farmaci di alta qualit\u00e0 e registrati per il trattamento olistico dei disturbi dalle allergie A alla cirrosi Z. La gamma \u00e8 completata da cosmetici naturali, integratori alimentari, prodotti per la crescita dei capelli e complessi di organi dei fiori di Bach delle nostre filiali Regena Ney e Innovapharm.<\/p>\n<p>Gli integratori alimentari non sostituiscono una dieta equilibrata e varia e uno stile di vita sano. La dose giornaliera raccomandata non deve essere superata. Conservare il prodotto fuori dalla portata dei bambini piccoli.<\/p>\n<p>Altri prodotti per l&#8217;applicazione: <a href=\"https:\/\/loewentestneu.metafex.io\/produkt-kategorie\/vitorgan\">vitOrgan<\/a> | <a href=\"https:\/\/loewentestneu.metafex.io\/product-tag\/vitamins-supplements\">Vitamine e integratori Prodotti<\/a><br \/>\nPer saperne di pi\u00f9 sul produttore e su questo prodotto: <a href=\"https:\/\/vitorgan.de\/en\/products\/\" target=\"_blank\" rel=\"noopener\">vitOrgan<\/a> (link a sito esterno)<\/p>\n<p>Le informazioni contenute in questo sito web sono fornite solo a scopo informativo. Non sostituiscono in alcun modo la visita e il trattamento da parte di un medico. Ci\u00f2 significa che non \u00e8 possibile n\u00e9 fare diagnosi n\u00e9 iniziare terapie.<\/p>\n<p>Per i rischi e gli effetti collaterali, leggere il foglietto illustrativo e chiedere al medico o al farmacista.<\/p>\n","protected":false},"excerpt":{"rendered":"<h2>Chondron compresse rivestite con film 60 pz.<\/h2>\n<p>Integratore alimentare per le articolazioni.<\/p>\n<p>&nbsp;<\/p>\n<p>PZN: 00373824 (Numero centrale della farmacia)<\/p>\n<p>Forma di dosaggio: compresse rivestite con film<\/p>\n<p>Tipo di prescrizione: senza prescrizione<\/p>\n<p>Marchio: Regena Ney<\/p>\n<p>Costruttore: vitOrgan GmbH &amp; Co.KG, Ostfildern, Germania<\/p>\n<p>Dimensione dell&#8217;imballo: 60 pezzi.<\/p>\n","protected":false},"featured_media":6918,"comment_status":"closed","ping_status":"closed","template":"","meta":[],"product_brand":[],"product_cat":[115,130],"product_tag":[231,307],"class_list":{"0":"post-6912","1":"product","2":"type-product","3":"status-publish","4":"has-post-thumbnail","6":"product_cat-non-categorizzato","7":"product_cat-vitorgan-it","8":"product_tag-neydil-it","9":"product_tag-omeopatia","10":"ts_product_brand-all-it","11":"ts_product_brand-vitorgan-it","13":"first","14":"instock","15":"sale","16":"taxable","17":"shipping-taxable","18":"purchasable","19":"product-type-simple"},"yoast_head":"<!-- This site is optimized with the Yoast SEO plugin v26.5 - https:\/\/yoast.com\/wordpress\/plugins\/seo\/ -->\n<title>Chondron compresse rivestite con film - Regena Ney - 60 pz. &#187;<\/title>\n<meta name=\"description\" content=\"Farmacia online tedesca registrata | Spedizione internazionale veloce | Prodotto realizzato da vitOrgan: Chondron compresse rivestite con film - Regena Ney - 60 pz.\" \/>\n<meta name=\"robots\" content=\"noindex, follow, max-snippet:-1, max-image-preview:large, max-video-preview:-1\" \/>\n<meta property=\"og:locale\" content=\"it_IT\" \/>\n<meta property=\"og:type\" content=\"article\" \/>\n<meta property=\"og:title\" content=\"Chondron compresse rivestite con film - Regena Ney - 60 pz. &#187;\" \/>\n<meta property=\"og:description\" content=\"Farmacia online tedesca registrata | Spedizione internazionale veloce | Prodotto realizzato da vitOrgan: Chondron compresse rivestite con film - Regena Ney - 60 pz.\" \/>\n<meta property=\"og:url\" content=\"https:\/\/loewentestneu.metafex.io\/it\/prodotto\/chondron-film-coated-tablets-60-pcs-00373824\" \/>\n<meta property=\"og:site_name\" content=\"Lion Pharmacy\" \/>\n<meta property=\"article:modified_time\" content=\"2025-01-25T18:11:07+00:00\" \/>\n<meta property=\"og:image\" content=\"https:\/\/loewentestneu.metafex.io\/wp-content\/uploads\/2024\/11\/Chondron-Vitorgan-PZN-00373824-Lowenapotheke24.webp\" \/>\n\t<meta property=\"og:image:width\" content=\"600\" \/>\n\t<meta property=\"og:image:height\" content=\"600\" \/>\n\t<meta property=\"og:image:type\" content=\"image\/webp\" \/>\n<meta name=\"twitter:card\" content=\"summary_large_image\" \/>\n<meta name=\"twitter:label1\" content=\"Tempo di lettura stimato\" \/>\n\t<meta name=\"twitter:data1\" content=\"2 minuti\" \/>\n<script type=\"application\/ld+json\" class=\"yoast-schema-graph\">{\"@context\":\"https:\/\/schema.org\",\"@graph\":[{\"@type\":\"WebPage\",\"@id\":\"https:\/\/loewentestneu.metafex.io\/it\/prodotto\/chondron-film-coated-tablets-60-pcs-00373824\",\"url\":\"https:\/\/loewentestneu.metafex.io\/it\/prodotto\/chondron-film-coated-tablets-60-pcs-00373824\",\"name\":\"Chondron compresse rivestite con film - Regena Ney - 60 pz. &#187;\",\"isPartOf\":{\"@id\":\"https:\/\/loewentestneu.metafex.io\/it#website\"},\"primaryImageOfPage\":{\"@id\":\"https:\/\/loewentestneu.metafex.io\/it\/prodotto\/chondron-film-coated-tablets-60-pcs-00373824#primaryimage\"},\"image\":{\"@id\":\"https:\/\/loewentestneu.metafex.io\/it\/prodotto\/chondron-film-coated-tablets-60-pcs-00373824#primaryimage\"},\"thumbnailUrl\":\"https:\/\/loewentestneu.metafex.io\/wp-content\/uploads\/2024\/11\/Chondron-Vitorgan-PZN-00373824-Lowenapotheke24.webp\",\"datePublished\":\"2024-11-28T10:27:18+00:00\",\"dateModified\":\"2025-01-25T18:11:07+00:00\",\"description\":\"Farmacia online tedesca registrata | Spedizione internazionale veloce | Prodotto realizzato da vitOrgan: Chondron compresse rivestite con film - Regena Ney - 60 pz.\",\"breadcrumb\":{\"@id\":\"https:\/\/loewentestneu.metafex.io\/it\/prodotto\/chondron-film-coated-tablets-60-pcs-00373824#breadcrumb\"},\"inLanguage\":\"it-IT\",\"potentialAction\":[{\"@type\":\"ReadAction\",\"target\":[\"https:\/\/loewentestneu.metafex.io\/it\/prodotto\/chondron-film-coated-tablets-60-pcs-00373824\"]}]},{\"@type\":\"ImageObject\",\"inLanguage\":\"it-IT\",\"@id\":\"https:\/\/loewentestneu.metafex.io\/it\/prodotto\/chondron-film-coated-tablets-60-pcs-00373824#primaryimage\",\"url\":\"https:\/\/loewentestneu.metafex.io\/wp-content\/uploads\/2024\/11\/Chondron-Vitorgan-PZN-00373824-Lowenapotheke24.webp\",\"contentUrl\":\"https:\/\/loewentestneu.metafex.io\/wp-content\/uploads\/2024\/11\/Chondron-Vitorgan-PZN-00373824-Lowenapotheke24.webp\",\"width\":600,\"height\":600,\"caption\":\"L'immagine mostra Chondron di Vitorgan. PZN 00373824. Farmacia Lions\"},{\"@type\":\"BreadcrumbList\",\"@id\":\"https:\/\/loewentestneu.metafex.io\/it\/prodotto\/chondron-film-coated-tablets-60-pcs-00373824#breadcrumb\",\"itemListElement\":[{\"@type\":\"ListItem\",\"position\":1,\"name\":\"Home\",\"item\":\"https:\/\/loewentestneu.metafex.io\/it\/homepage-lion-pharmacy\"},{\"@type\":\"ListItem\",\"position\":2,\"name\":\"Shop\",\"item\":\"https:\/\/loewentestneu.metafex.io\/it\/negozio\"},{\"@type\":\"ListItem\",\"position\":3,\"name\":\"Chondron compresse rivestite con film &#8211; Regena Ney &#8211; 60 pz.\"}]},{\"@type\":\"WebSite\",\"@id\":\"https:\/\/loewentestneu.metafex.io\/it#website\",\"url\":\"https:\/\/loewentestneu.metafex.io\/it\",\"name\":\"Lions Pharmacy\",\"description\":\"Farmacia specializzata in naturopatia di Baden-Baden, Germania\",\"publisher\":{\"@id\":\"https:\/\/loewentestneu.metafex.io\/it#organization\"},\"alternateName\":\"Lion Pharmacy\",\"potentialAction\":[{\"@type\":\"SearchAction\",\"target\":{\"@type\":\"EntryPoint\",\"urlTemplate\":\"https:\/\/loewentestneu.metafex.io\/it?s={search_term_string}\"},\"query-input\":{\"@type\":\"PropertyValueSpecification\",\"valueRequired\":true,\"valueName\":\"search_term_string\"}}],\"inLanguage\":\"it-IT\"},{\"@type\":\"Organization\",\"@id\":\"https:\/\/loewentestneu.metafex.io\/it#organization\",\"name\":\"Lions Pharmacy\",\"alternateName\":\"Lions Pharmacy24\",\"url\":\"https:\/\/loewentestneu.metafex.io\/it\",\"logo\":{\"@type\":\"ImageObject\",\"inLanguage\":\"it-IT\",\"@id\":\"https:\/\/loewentestneu.metafex.io\/it#\/schema\/logo\/image\/\",\"url\":\"https:\/\/loewentestneu.metafex.io\/wp-content\/uploads\/2022\/12\/Logo-Lion-Pharmacy-c-o-Loewen-Apotheke-smal.jpg\",\"contentUrl\":\"https:\/\/loewentestneu.metafex.io\/wp-content\/uploads\/2022\/12\/Logo-Lion-Pharmacy-c-o-Loewen-Apotheke-smal.jpg\",\"width\":298,\"height\":99,\"caption\":\"Lions Pharmacy\"},\"image\":{\"@id\":\"https:\/\/loewentestneu.metafex.io\/it#\/schema\/logo\/image\/\"}}]}<\/script>\n<!-- \/ Yoast SEO plugin. -->","yoast_head_json":{"title":"Chondron compresse rivestite con film - Regena Ney - 60 pz. &#187;","description":"Farmacia online tedesca registrata | Spedizione internazionale veloce | Prodotto realizzato da vitOrgan: Chondron compresse rivestite con film - Regena Ney - 60 pz.","robots":{"index":"noindex","follow":"follow","max-snippet":"max-snippet:-1","max-image-preview":"max-image-preview:large","max-video-preview":"max-video-preview:-1"},"og_locale":"it_IT","og_type":"article","og_title":"Chondron compresse rivestite con film - Regena Ney - 60 pz. &#187;","og_description":"Farmacia online tedesca registrata | Spedizione internazionale veloce | Prodotto realizzato da vitOrgan: Chondron compresse rivestite con film - Regena Ney - 60 pz.","og_url":"https:\/\/loewentestneu.metafex.io\/it\/prodotto\/chondron-film-coated-tablets-60-pcs-00373824","og_site_name":"Lion Pharmacy","article_modified_time":"2025-01-25T18:11:07+00:00","og_image":[{"width":600,"height":600,"url":"https:\/\/loewentestneu.metafex.io\/wp-content\/uploads\/2024\/11\/Chondron-Vitorgan-PZN-00373824-Lowenapotheke24.webp","type":"image\/webp"}],"twitter_card":"summary_large_image","twitter_misc":{"Tempo di lettura stimato":"2 minuti"},"schema":{"@context":"https:\/\/schema.org","@graph":[{"@type":"WebPage","@id":"https:\/\/loewentestneu.metafex.io\/it\/prodotto\/chondron-film-coated-tablets-60-pcs-00373824","url":"https:\/\/loewentestneu.metafex.io\/it\/prodotto\/chondron-film-coated-tablets-60-pcs-00373824","name":"Chondron compresse rivestite con film - Regena Ney - 60 pz. &#187;","isPartOf":{"@id":"https:\/\/loewentestneu.metafex.io\/it#website"},"primaryImageOfPage":{"@id":"https:\/\/loewentestneu.metafex.io\/it\/prodotto\/chondron-film-coated-tablets-60-pcs-00373824#primaryimage"},"image":{"@id":"https:\/\/loewentestneu.metafex.io\/it\/prodotto\/chondron-film-coated-tablets-60-pcs-00373824#primaryimage"},"thumbnailUrl":"https:\/\/loewentestneu.metafex.io\/wp-content\/uploads\/2024\/11\/Chondron-Vitorgan-PZN-00373824-Lowenapotheke24.webp","datePublished":"2024-11-28T10:27:18+00:00","dateModified":"2025-01-25T18:11:07+00:00","description":"Farmacia online tedesca registrata | Spedizione internazionale veloce | Prodotto realizzato da vitOrgan: Chondron compresse rivestite con film - Regena Ney - 60 pz.","breadcrumb":{"@id":"https:\/\/loewentestneu.metafex.io\/it\/prodotto\/chondron-film-coated-tablets-60-pcs-00373824#breadcrumb"},"inLanguage":"it-IT","potentialAction":[{"@type":"ReadAction","target":["https:\/\/loewentestneu.metafex.io\/it\/prodotto\/chondron-film-coated-tablets-60-pcs-00373824"]}]},{"@type":"ImageObject","inLanguage":"it-IT","@id":"https:\/\/loewentestneu.metafex.io\/it\/prodotto\/chondron-film-coated-tablets-60-pcs-00373824#primaryimage","url":"https:\/\/loewentestneu.metafex.io\/wp-content\/uploads\/2024\/11\/Chondron-Vitorgan-PZN-00373824-Lowenapotheke24.webp","contentUrl":"https:\/\/loewentestneu.metafex.io\/wp-content\/uploads\/2024\/11\/Chondron-Vitorgan-PZN-00373824-Lowenapotheke24.webp","width":600,"height":600,"caption":"L'immagine mostra Chondron di Vitorgan. PZN 00373824. Farmacia Lions"},{"@type":"BreadcrumbList","@id":"https:\/\/loewentestneu.metafex.io\/it\/prodotto\/chondron-film-coated-tablets-60-pcs-00373824#breadcrumb","itemListElement":[{"@type":"ListItem","position":1,"name":"Home","item":"https:\/\/loewentestneu.metafex.io\/it\/homepage-lion-pharmacy"},{"@type":"ListItem","position":2,"name":"Shop","item":"https:\/\/loewentestneu.metafex.io\/it\/negozio"},{"@type":"ListItem","position":3,"name":"Chondron compresse rivestite con film &#8211; Regena Ney &#8211; 60 pz."}]},{"@type":"WebSite","@id":"https:\/\/loewentestneu.metafex.io\/it#website","url":"https:\/\/loewentestneu.metafex.io\/it","name":"Lions Pharmacy","description":"Farmacia specializzata in naturopatia di Baden-Baden, Germania","publisher":{"@id":"https:\/\/loewentestneu.metafex.io\/it#organization"},"alternateName":"Lion Pharmacy","potentialAction":[{"@type":"SearchAction","target":{"@type":"EntryPoint","urlTemplate":"https:\/\/loewentestneu.metafex.io\/it?s={search_term_string}"},"query-input":{"@type":"PropertyValueSpecification","valueRequired":true,"valueName":"search_term_string"}}],"inLanguage":"it-IT"},{"@type":"Organization","@id":"https:\/\/loewentestneu.metafex.io\/it#organization","name":"Lions Pharmacy","alternateName":"Lions Pharmacy24","url":"https:\/\/loewentestneu.metafex.io\/it","logo":{"@type":"ImageObject","inLanguage":"it-IT","@id":"https:\/\/loewentestneu.metafex.io\/it#\/schema\/logo\/image\/","url":"https:\/\/loewentestneu.metafex.io\/wp-content\/uploads\/2022\/12\/Logo-Lion-Pharmacy-c-o-Loewen-Apotheke-smal.jpg","contentUrl":"https:\/\/loewentestneu.metafex.io\/wp-content\/uploads\/2022\/12\/Logo-Lion-Pharmacy-c-o-Loewen-Apotheke-smal.jpg","width":298,"height":99,"caption":"Lions Pharmacy"},"image":{"@id":"https:\/\/loewentestneu.metafex.io\/it#\/schema\/logo\/image\/"}}]}},"_links":{"self":[{"href":"https:\/\/loewentestneu.metafex.io\/it\/wp-json\/wp\/v2\/product\/6912","targetHints":{"allow":["GET"]}}],"collection":[{"href":"https:\/\/loewentestneu.metafex.io\/it\/wp-json\/wp\/v2\/product"}],"about":[{"href":"https:\/\/loewentestneu.metafex.io\/it\/wp-json\/wp\/v2\/types\/product"}],"replies":[{"embeddable":true,"href":"https:\/\/loewentestneu.metafex.io\/it\/wp-json\/wp\/v2\/comments?post=6912"}],"wp:featuredmedia":[{"embeddable":true,"href":"https:\/\/loewentestneu.metafex.io\/it\/wp-json\/wp\/v2\/media\/6918"}],"wp:attachment":[{"href":"https:\/\/loewentestneu.metafex.io\/it\/wp-json\/wp\/v2\/media?parent=6912"}],"wp:term":[{"taxonomy":"product_brand","embeddable":true,"href":"https:\/\/loewentestneu.metafex.io\/it\/wp-json\/wp\/v2\/product_brand?post=6912"},{"taxonomy":"product_cat","embeddable":true,"href":"https:\/\/loewentestneu.metafex.io\/it\/wp-json\/wp\/v2\/product_cat?post=6912"},{"taxonomy":"product_tag","embeddable":true,"href":"https:\/\/loewentestneu.metafex.io\/it\/wp-json\/wp\/v2\/product_tag?post=6912"}],"curies":[{"name":"wp","href":"https:\/\/api.w.org\/{rel}","templated":true}]}}