{"id":6943,"date":"2024-11-28T11:54:34","date_gmt":"2024-11-28T10:54:34","guid":{"rendered":"https:\/\/lions-pharmacy.com\/?post_type=product&#038;p=6943"},"modified":"2025-01-25T19:06:44","modified_gmt":"2025-01-25T18:06:44","slug":"eye-nutrition-tablets-regena-ney-60-pcs-03317536","status":"publish","type":"product","link":"https:\/\/loewentestneu.metafex.io\/it\/prodotto\/eye-nutrition-tablets-regena-ney-60-pcs-03317536","title":{"rendered":"Compresse per la nutrizione degli occhi &#8211; Regena Ney &#8211; 60 pz."},"content":{"rendered":"<h3>Compresse per la nutrizione degli occhi &#8211; Regena Ney<\/h3>\n<p>Nutrizione degli occhi compresse rivestite con film una combinazione di luteina, zeaxantina, vitamine e minerali. Integratore. La vitamina A e la vitamina B2 aiutano a mantenere una vista normale.<\/p>\n<p>La vera bellezza viene da dentro, ma tutti vogliono essere in grado di mostrare chiaramente la propria attrattiva all&#8217;esterno. Il modo migliore per ottenere questo risultato \u00e8 possibile con fattori biomolecolari che promuovono la rigenerazione cellulare. VitOrgan \u00e8 uno specialista in ricerca e sviluppo e la sua &#8220;bellissima figlia&#8221; Regena Ney Cosmetic pu\u00f2 attingere a una vasta gamma di risorse. Soprattutto, la naturalit\u00e0 deve essere preservata, ed \u00e8 per questo che nello sviluppo di nuovi prodotti viene prestata particolare attenzione agli ingredienti selezionati.<\/p>\n<p>La dose giornaliera raccomandata di 1 compressa rivestita con film al giorno non deve essere superata.<\/p>\n<p>La nutrizione degli occhi non sostituisce una dieta equilibrata e varia e uno stile di vita sano.<\/p>\n<p>Il prodotto contiene vitamina A. Le donne incinte e le donne per le quali non si pu\u00f2 escludere una gravidanza devono consultare il proprio medico prima di iniziare a consumare il prodotto.<\/p>\n<p>Gli integratori alimentari non sostituiscono una dieta equilibrata e varia e uno stile di vita sano. La dose giornaliera raccomandata non deve essere superata. Conservare il prodotto fuori dalla portata dei bambini piccoli.<\/p>\n<p>Altri prodotti per l&#8217;applicazione: <a href=\"https:\/\/loewentestneu.metafex.io\/produkt-kategorie\/vitorgan\">vitOrgan<\/a> | <a href=\"https:\/\/loewentestneu.metafex.io\/product-tag\/vitamins-supplements\">Vitamine e integratori Prodotti<\/a><br \/>\nPer saperne di pi\u00f9 sul produttore e su questo prodotto: <a href=\"https:\/\/vitorgan.de\/en\/products\/\" target=\"_blank\" rel=\"noopener\">vitOrgan<\/a> (link a sito esterno)<\/p>\n<p>Le informazioni contenute in questo sito web sono fornite solo a scopo informativo. Non sostituiscono in alcun modo la visita e il trattamento da parte di un medico. Ci\u00f2 significa che non \u00e8 possibile n\u00e9 fare diagnosi n\u00e9 iniziare terapie.<\/p>\n<p>Per i rischi e gli effetti collaterali, leggere il foglio illustrativo e rivolgersi al medico o al farmacista.<\/p>\n","protected":false},"excerpt":{"rendered":"<h2>Compresse per la nutrizione degli occhi 60 pz.<\/h2>\n<p>Le compresse per la nutrizione degli occhi contengono una combinazione di luteina, zeaxantina, vitamine e minerali.<\/p>\n<p>&nbsp;<\/p>\n<p>PZN: 03317536 (Numero centrale della farmacia)<\/p>\n<p>Forma di dosaggio: compresse rivestite con film<\/p>\n<p>Tipo di prescrizione: senza prescrizione<\/p>\n<p>Marchio: Regena Ney<\/p>\n<p>Costruttore: vitOrgan GmbH &amp; Co.KG, Ostfildern, Germania<\/p>\n<p>Dimensione dell&#8217;imballo: 60 pezzi.<\/p>\n","protected":false},"featured_media":6949,"comment_status":"closed","ping_status":"closed","template":"","meta":[],"product_brand":[],"product_cat":[124,115,130],"product_tag":[231,307],"class_list":{"0":"post-6943","1":"product","2":"type-product","3":"status-publish","4":"has-post-thumbnail","6":"product_cat-sale-it","7":"product_cat-non-categorizzato","8":"product_cat-vitorgan-it","9":"product_tag-neydil-it","10":"product_tag-omeopatia","11":"ts_product_brand-all-it","12":"ts_product_brand-vitorgan-it","14":"first","15":"instock","16":"sale","17":"taxable","18":"shipping-taxable","19":"purchasable","20":"product-type-simple"},"yoast_head":"<!-- This site is optimized with the Yoast SEO plugin v26.5 - https:\/\/yoast.com\/wordpress\/plugins\/seo\/ -->\n<title>Compresse per la nutrizione degli occhi - Regena Ney - 60 pz. &#187; Farmacia - ordina qui<\/title>\n<meta name=\"description\" content=\"Farmacia online tedesca registrata | Spedizione internazionale veloce | Prodotto realizzato da vitOrgan: Compresse per la nutrizione degli occhi - Regena Ney - 60 pz.\" \/>\n<meta name=\"robots\" content=\"noindex, follow, max-snippet:-1, max-image-preview:large, max-video-preview:-1\" \/>\n<meta property=\"og:locale\" content=\"it_IT\" \/>\n<meta property=\"og:type\" content=\"article\" \/>\n<meta property=\"og:title\" content=\"Compresse per la nutrizione degli occhi - Regena Ney - 60 pz. &#187; Farmacia - ordina qui\" \/>\n<meta property=\"og:description\" content=\"Farmacia online tedesca registrata | Spedizione internazionale veloce | Prodotto realizzato da vitOrgan: Compresse per la nutrizione degli occhi - Regena Ney - 60 pz.\" \/>\n<meta property=\"og:url\" content=\"https:\/\/loewentestneu.metafex.io\/it\/prodotto\/eye-nutrition-tablets-regena-ney-60-pcs-03317536\" \/>\n<meta property=\"og:site_name\" content=\"Lion Pharmacy\" \/>\n<meta property=\"article:modified_time\" content=\"2025-01-25T18:06:44+00:00\" \/>\n<meta property=\"og:image\" content=\"https:\/\/loewentestneu.metafex.io\/wp-content\/uploads\/2024\/11\/Augennahrung-Vitorgan-PZN-03317536-Lowenapotheke24.webp\" \/>\n\t<meta property=\"og:image:width\" content=\"600\" \/>\n\t<meta property=\"og:image:height\" content=\"600\" \/>\n\t<meta property=\"og:image:type\" content=\"image\/webp\" \/>\n<meta name=\"twitter:card\" content=\"summary_large_image\" \/>\n<meta name=\"twitter:label1\" content=\"Tempo di lettura stimato\" \/>\n\t<meta name=\"twitter:data1\" content=\"1 minuto\" \/>\n<script type=\"application\/ld+json\" class=\"yoast-schema-graph\">{\"@context\":\"https:\/\/schema.org\",\"@graph\":[{\"@type\":\"WebPage\",\"@id\":\"https:\/\/loewentestneu.metafex.io\/it\/prodotto\/eye-nutrition-tablets-regena-ney-60-pcs-03317536\",\"url\":\"https:\/\/loewentestneu.metafex.io\/it\/prodotto\/eye-nutrition-tablets-regena-ney-60-pcs-03317536\",\"name\":\"Compresse per la nutrizione degli occhi - Regena Ney - 60 pz. &#187; Farmacia - ordina qui\",\"isPartOf\":{\"@id\":\"https:\/\/loewentestneu.metafex.io\/it#website\"},\"primaryImageOfPage\":{\"@id\":\"https:\/\/loewentestneu.metafex.io\/it\/prodotto\/eye-nutrition-tablets-regena-ney-60-pcs-03317536#primaryimage\"},\"image\":{\"@id\":\"https:\/\/loewentestneu.metafex.io\/it\/prodotto\/eye-nutrition-tablets-regena-ney-60-pcs-03317536#primaryimage\"},\"thumbnailUrl\":\"https:\/\/loewentestneu.metafex.io\/wp-content\/uploads\/2024\/11\/Augennahrung-Vitorgan-PZN-03317536-Lowenapotheke24.webp\",\"datePublished\":\"2024-11-28T10:54:34+00:00\",\"dateModified\":\"2025-01-25T18:06:44+00:00\",\"description\":\"Farmacia online tedesca registrata | Spedizione internazionale veloce | Prodotto realizzato da vitOrgan: Compresse per la nutrizione degli occhi - Regena Ney - 60 pz.\",\"breadcrumb\":{\"@id\":\"https:\/\/loewentestneu.metafex.io\/it\/prodotto\/eye-nutrition-tablets-regena-ney-60-pcs-03317536#breadcrumb\"},\"inLanguage\":\"it-IT\",\"potentialAction\":[{\"@type\":\"ReadAction\",\"target\":[\"https:\/\/loewentestneu.metafex.io\/it\/prodotto\/eye-nutrition-tablets-regena-ney-60-pcs-03317536\"]}]},{\"@type\":\"ImageObject\",\"inLanguage\":\"it-IT\",\"@id\":\"https:\/\/loewentestneu.metafex.io\/it\/prodotto\/eye-nutrition-tablets-regena-ney-60-pcs-03317536#primaryimage\",\"url\":\"https:\/\/loewentestneu.metafex.io\/wp-content\/uploads\/2024\/11\/Augennahrung-Vitorgan-PZN-03317536-Lowenapotheke24.webp\",\"contentUrl\":\"https:\/\/loewentestneu.metafex.io\/wp-content\/uploads\/2024\/11\/Augennahrung-Vitorgan-PZN-03317536-Lowenapotheke24.webp\",\"width\":600,\"height\":600,\"caption\":\"Le immagini mostrano Compresse per la nutrizione degli occhi - Regena Ney 60 pezzi. Vitorgan PZN 03317536 Farmacia Lions\"},{\"@type\":\"BreadcrumbList\",\"@id\":\"https:\/\/loewentestneu.metafex.io\/it\/prodotto\/eye-nutrition-tablets-regena-ney-60-pcs-03317536#breadcrumb\",\"itemListElement\":[{\"@type\":\"ListItem\",\"position\":1,\"name\":\"Home\",\"item\":\"https:\/\/loewentestneu.metafex.io\/it\/homepage-lion-pharmacy\"},{\"@type\":\"ListItem\",\"position\":2,\"name\":\"Shop\",\"item\":\"https:\/\/loewentestneu.metafex.io\/it\/negozio\"},{\"@type\":\"ListItem\",\"position\":3,\"name\":\"Compresse per la nutrizione degli occhi &#8211; Regena Ney &#8211; 60 pz.\"}]},{\"@type\":\"WebSite\",\"@id\":\"https:\/\/loewentestneu.metafex.io\/it#website\",\"url\":\"https:\/\/loewentestneu.metafex.io\/it\",\"name\":\"Lions Pharmacy\",\"description\":\"Farmacia specializzata in naturopatia di Baden-Baden, Germania\",\"publisher\":{\"@id\":\"https:\/\/loewentestneu.metafex.io\/it#organization\"},\"alternateName\":\"Lion Pharmacy\",\"potentialAction\":[{\"@type\":\"SearchAction\",\"target\":{\"@type\":\"EntryPoint\",\"urlTemplate\":\"https:\/\/loewentestneu.metafex.io\/it?s={search_term_string}\"},\"query-input\":{\"@type\":\"PropertyValueSpecification\",\"valueRequired\":true,\"valueName\":\"search_term_string\"}}],\"inLanguage\":\"it-IT\"},{\"@type\":\"Organization\",\"@id\":\"https:\/\/loewentestneu.metafex.io\/it#organization\",\"name\":\"Lions Pharmacy\",\"alternateName\":\"Lions Pharmacy24\",\"url\":\"https:\/\/loewentestneu.metafex.io\/it\",\"logo\":{\"@type\":\"ImageObject\",\"inLanguage\":\"it-IT\",\"@id\":\"https:\/\/loewentestneu.metafex.io\/it#\/schema\/logo\/image\/\",\"url\":\"https:\/\/loewentestneu.metafex.io\/wp-content\/uploads\/2022\/12\/Logo-Lion-Pharmacy-c-o-Loewen-Apotheke-smal.jpg\",\"contentUrl\":\"https:\/\/loewentestneu.metafex.io\/wp-content\/uploads\/2022\/12\/Logo-Lion-Pharmacy-c-o-Loewen-Apotheke-smal.jpg\",\"width\":298,\"height\":99,\"caption\":\"Lions Pharmacy\"},\"image\":{\"@id\":\"https:\/\/loewentestneu.metafex.io\/it#\/schema\/logo\/image\/\"}}]}<\/script>\n<!-- \/ Yoast SEO plugin. -->","yoast_head_json":{"title":"Compresse per la nutrizione degli occhi - Regena Ney - 60 pz. &#187; Farmacia - ordina qui","description":"Farmacia online tedesca registrata | Spedizione internazionale veloce | Prodotto realizzato da vitOrgan: Compresse per la nutrizione degli occhi - Regena Ney - 60 pz.","robots":{"index":"noindex","follow":"follow","max-snippet":"max-snippet:-1","max-image-preview":"max-image-preview:large","max-video-preview":"max-video-preview:-1"},"og_locale":"it_IT","og_type":"article","og_title":"Compresse per la nutrizione degli occhi - Regena Ney - 60 pz. &#187; Farmacia - ordina qui","og_description":"Farmacia online tedesca registrata | Spedizione internazionale veloce | Prodotto realizzato da vitOrgan: Compresse per la nutrizione degli occhi - Regena Ney - 60 pz.","og_url":"https:\/\/loewentestneu.metafex.io\/it\/prodotto\/eye-nutrition-tablets-regena-ney-60-pcs-03317536","og_site_name":"Lion Pharmacy","article_modified_time":"2025-01-25T18:06:44+00:00","og_image":[{"width":600,"height":600,"url":"https:\/\/loewentestneu.metafex.io\/wp-content\/uploads\/2024\/11\/Augennahrung-Vitorgan-PZN-03317536-Lowenapotheke24.webp","type":"image\/webp"}],"twitter_card":"summary_large_image","twitter_misc":{"Tempo di lettura stimato":"1 minuto"},"schema":{"@context":"https:\/\/schema.org","@graph":[{"@type":"WebPage","@id":"https:\/\/loewentestneu.metafex.io\/it\/prodotto\/eye-nutrition-tablets-regena-ney-60-pcs-03317536","url":"https:\/\/loewentestneu.metafex.io\/it\/prodotto\/eye-nutrition-tablets-regena-ney-60-pcs-03317536","name":"Compresse per la nutrizione degli occhi - Regena Ney - 60 pz. &#187; Farmacia - ordina qui","isPartOf":{"@id":"https:\/\/loewentestneu.metafex.io\/it#website"},"primaryImageOfPage":{"@id":"https:\/\/loewentestneu.metafex.io\/it\/prodotto\/eye-nutrition-tablets-regena-ney-60-pcs-03317536#primaryimage"},"image":{"@id":"https:\/\/loewentestneu.metafex.io\/it\/prodotto\/eye-nutrition-tablets-regena-ney-60-pcs-03317536#primaryimage"},"thumbnailUrl":"https:\/\/loewentestneu.metafex.io\/wp-content\/uploads\/2024\/11\/Augennahrung-Vitorgan-PZN-03317536-Lowenapotheke24.webp","datePublished":"2024-11-28T10:54:34+00:00","dateModified":"2025-01-25T18:06:44+00:00","description":"Farmacia online tedesca registrata | Spedizione internazionale veloce | Prodotto realizzato da vitOrgan: Compresse per la nutrizione degli occhi - Regena Ney - 60 pz.","breadcrumb":{"@id":"https:\/\/loewentestneu.metafex.io\/it\/prodotto\/eye-nutrition-tablets-regena-ney-60-pcs-03317536#breadcrumb"},"inLanguage":"it-IT","potentialAction":[{"@type":"ReadAction","target":["https:\/\/loewentestneu.metafex.io\/it\/prodotto\/eye-nutrition-tablets-regena-ney-60-pcs-03317536"]}]},{"@type":"ImageObject","inLanguage":"it-IT","@id":"https:\/\/loewentestneu.metafex.io\/it\/prodotto\/eye-nutrition-tablets-regena-ney-60-pcs-03317536#primaryimage","url":"https:\/\/loewentestneu.metafex.io\/wp-content\/uploads\/2024\/11\/Augennahrung-Vitorgan-PZN-03317536-Lowenapotheke24.webp","contentUrl":"https:\/\/loewentestneu.metafex.io\/wp-content\/uploads\/2024\/11\/Augennahrung-Vitorgan-PZN-03317536-Lowenapotheke24.webp","width":600,"height":600,"caption":"Le immagini mostrano Compresse per la nutrizione degli occhi - Regena Ney 60 pezzi. Vitorgan PZN 03317536 Farmacia Lions"},{"@type":"BreadcrumbList","@id":"https:\/\/loewentestneu.metafex.io\/it\/prodotto\/eye-nutrition-tablets-regena-ney-60-pcs-03317536#breadcrumb","itemListElement":[{"@type":"ListItem","position":1,"name":"Home","item":"https:\/\/loewentestneu.metafex.io\/it\/homepage-lion-pharmacy"},{"@type":"ListItem","position":2,"name":"Shop","item":"https:\/\/loewentestneu.metafex.io\/it\/negozio"},{"@type":"ListItem","position":3,"name":"Compresse per la nutrizione degli occhi &#8211; Regena Ney &#8211; 60 pz."}]},{"@type":"WebSite","@id":"https:\/\/loewentestneu.metafex.io\/it#website","url":"https:\/\/loewentestneu.metafex.io\/it","name":"Lions Pharmacy","description":"Farmacia specializzata in naturopatia di Baden-Baden, Germania","publisher":{"@id":"https:\/\/loewentestneu.metafex.io\/it#organization"},"alternateName":"Lion Pharmacy","potentialAction":[{"@type":"SearchAction","target":{"@type":"EntryPoint","urlTemplate":"https:\/\/loewentestneu.metafex.io\/it?s={search_term_string}"},"query-input":{"@type":"PropertyValueSpecification","valueRequired":true,"valueName":"search_term_string"}}],"inLanguage":"it-IT"},{"@type":"Organization","@id":"https:\/\/loewentestneu.metafex.io\/it#organization","name":"Lions Pharmacy","alternateName":"Lions Pharmacy24","url":"https:\/\/loewentestneu.metafex.io\/it","logo":{"@type":"ImageObject","inLanguage":"it-IT","@id":"https:\/\/loewentestneu.metafex.io\/it#\/schema\/logo\/image\/","url":"https:\/\/loewentestneu.metafex.io\/wp-content\/uploads\/2022\/12\/Logo-Lion-Pharmacy-c-o-Loewen-Apotheke-smal.jpg","contentUrl":"https:\/\/loewentestneu.metafex.io\/wp-content\/uploads\/2022\/12\/Logo-Lion-Pharmacy-c-o-Loewen-Apotheke-smal.jpg","width":298,"height":99,"caption":"Lions Pharmacy"},"image":{"@id":"https:\/\/loewentestneu.metafex.io\/it#\/schema\/logo\/image\/"}}]}},"_links":{"self":[{"href":"https:\/\/loewentestneu.metafex.io\/it\/wp-json\/wp\/v2\/product\/6943","targetHints":{"allow":["GET"]}}],"collection":[{"href":"https:\/\/loewentestneu.metafex.io\/it\/wp-json\/wp\/v2\/product"}],"about":[{"href":"https:\/\/loewentestneu.metafex.io\/it\/wp-json\/wp\/v2\/types\/product"}],"replies":[{"embeddable":true,"href":"https:\/\/loewentestneu.metafex.io\/it\/wp-json\/wp\/v2\/comments?post=6943"}],"wp:featuredmedia":[{"embeddable":true,"href":"https:\/\/loewentestneu.metafex.io\/it\/wp-json\/wp\/v2\/media\/6949"}],"wp:attachment":[{"href":"https:\/\/loewentestneu.metafex.io\/it\/wp-json\/wp\/v2\/media?parent=6943"}],"wp:term":[{"taxonomy":"product_brand","embeddable":true,"href":"https:\/\/loewentestneu.metafex.io\/it\/wp-json\/wp\/v2\/product_brand?post=6943"},{"taxonomy":"product_cat","embeddable":true,"href":"https:\/\/loewentestneu.metafex.io\/it\/wp-json\/wp\/v2\/product_cat?post=6943"},{"taxonomy":"product_tag","embeddable":true,"href":"https:\/\/loewentestneu.metafex.io\/it\/wp-json\/wp\/v2\/product_tag?post=6943"}],"curies":[{"name":"wp","href":"https:\/\/api.w.org\/{rel}","templated":true}]}}