{"id":6958,"date":"2024-11-28T12:09:20","date_gmt":"2024-11-28T11:09:20","guid":{"rendered":"https:\/\/lions-pharmacy.com\/?post_type=product&#038;p=6958"},"modified":"2025-01-25T19:02:46","modified_gmt":"2025-01-25T18:02:46","slug":"climafem-film-coated-tablets-60-pcs-03353070","status":"publish","type":"product","link":"https:\/\/loewentestneu.metafex.io\/it\/prodotto\/climafem-film-coated-tablets-60-pcs-03353070","title":{"rendered":"Climafem compresse rivestite con film 60 pz."},"content":{"rendered":"<h3>Climafem compresse rivestite con film<\/h3>\n<p>Climafem compresse rivestite con film per donne in menopausa. Integratore. Con olio vergine estratto dai semi della pianta di perilla &#8211; il leader degli Omega-3 con un contenuto eccezionalmente alto di acido alfa-linolenico. L&#8217;aggiunta di polvere di semi di lino con il suo alto contenuto di lignani vegetali, un fitoestrogeno, che pu\u00f2 avere un effetto positivo sulla diminuzione dei livelli di estrogeni durante la menopausa.<\/p>\n<p>L&#8217;estratto di salvia aiuta contro la sudorazione eccessiva. Le vitamine del gruppo B hanno un effetto regolatore sull&#8217;attivit\u00e0 ormonale e aiutano a ridurre la stanchezza e l&#8217;affaticamento. Lo zinco aiuta a mantenere capelli, pelle, ossa e unghie normali.<\/p>\n<p>La vera bellezza viene da dentro, ma tutti vogliono essere ben visibili anche all&#8217;esterno. Il modo migliore per raggiungere questo obiettivo \u00e8 possibile con i fattori biomolecolari che favoriscono la rigenerazione cellulare. vitOrgan \u00e8 uno specialista in ricerca e sviluppo e la &#8220;bella figlia&#8221; Regena Ney Cosmetic pu\u00f2 attingere a una vasta gamma di risorse. Soprattutto, la naturalit\u00e0 deve essere preservata, e quindi nello sviluppo di nuovi prodotti viene prestata particolare attenzione agli ingredienti selezionati.<\/p>\n<p>Altri prodotti per l&#8217;applicazione: <a href=\"https:\/\/loewentestneu.metafex.io\/produkt-kategorie\/vitorgan\">vitOrgan<\/a> |<br \/>\nPer saperne di pi\u00f9 sul produttore e su questo prodotto: <a href=\"https:\/\/vitorgan.de\/en\/products\/\" target=\"_blank\" rel=\"noopener\">vitOrgan<\/a> (link a sito esterno)<\/p>\n<p>Le informazioni contenute in questo sito web sono fornite solo a scopo informativo. Non sostituiscono in alcun modo la visita e il trattamento da parte di un medico. Ci\u00f2 significa che non \u00e8 possibile n\u00e9 fare diagnosi n\u00e9 iniziare terapie.<\/p>\n<p>Per i rischi e gli effetti collaterali, leggere il foglio illustrativo e rivolgersi al medico o al farmacista.<\/p>\n","protected":false},"excerpt":{"rendered":"<h2>Climafem compresse rivestite con film 60 pz.<\/h2>\n<p>per le donne in menopausa.<\/p>\n<p>&nbsp;<\/p>\n<p>PZN: 03353070 (Numero centrale della farmacia)<\/p>\n<p>Forma di dosaggio: compresse rivestite con film<\/p>\n<p>Tipo di prescrizione: senza prescrizione<\/p>\n<p>Marchio: vitOrgan<\/p>\n<p>Costruttore: vitOrgan GmbH &amp; Co.KG, Ostfildern, Germania<\/p>\n<p>Dimensione dell&#8217;imballo: 60 pezzi.<\/p>\n","protected":false},"featured_media":6964,"comment_status":"closed","ping_status":"closed","template":"","meta":[],"product_brand":[],"product_cat":[115,130],"product_tag":[231,307],"class_list":{"0":"post-6958","1":"product","2":"type-product","3":"status-publish","4":"has-post-thumbnail","6":"product_cat-non-categorizzato","7":"product_cat-vitorgan-it","8":"product_tag-neydil-it","9":"product_tag-omeopatia","10":"ts_product_brand-all-it","11":"ts_product_brand-vitorgan-it","13":"first","14":"instock","15":"sale","16":"taxable","17":"shipping-taxable","18":"purchasable","19":"product-type-simple"},"yoast_head":"<!-- This site is optimized with the Yoast SEO plugin v26.5 - https:\/\/yoast.com\/wordpress\/plugins\/seo\/ -->\n<title>Climafem compresse rivestite con film 60 pz. &#187; Farmacia - ordina qui<\/title>\n<meta name=\"description\" content=\"Farmacia online tedesca registrata | Spedizione internazionale veloce | Prodotto realizzato da vitOrgan: Climafem compresse rivestite con film 60 pz.\" \/>\n<meta name=\"robots\" content=\"noindex, follow, max-snippet:-1, max-image-preview:large, max-video-preview:-1\" \/>\n<meta property=\"og:locale\" content=\"it_IT\" \/>\n<meta property=\"og:type\" content=\"article\" \/>\n<meta property=\"og:title\" content=\"Climafem compresse rivestite con film 60 pz. &#187; Farmacia - ordina qui\" \/>\n<meta property=\"og:description\" content=\"Farmacia online tedesca registrata | Spedizione internazionale veloce | Prodotto realizzato da vitOrgan: Climafem compresse rivestite con film 60 pz.\" \/>\n<meta property=\"og:url\" content=\"https:\/\/loewentestneu.metafex.io\/it\/prodotto\/climafem-film-coated-tablets-60-pcs-03353070\" \/>\n<meta property=\"og:site_name\" content=\"Lion Pharmacy\" \/>\n<meta property=\"article:modified_time\" content=\"2025-01-25T18:02:46+00:00\" \/>\n<meta property=\"og:image\" content=\"https:\/\/loewentestneu.metafex.io\/wp-content\/uploads\/2024\/11\/climafem-vitorgan-PZN-03353070-Lowenapotheke24.webp\" \/>\n\t<meta property=\"og:image:width\" content=\"600\" \/>\n\t<meta property=\"og:image:height\" content=\"600\" \/>\n\t<meta property=\"og:image:type\" content=\"image\/webp\" \/>\n<meta name=\"twitter:card\" content=\"summary_large_image\" \/>\n<meta name=\"twitter:label1\" content=\"Tempo di lettura stimato\" \/>\n\t<meta name=\"twitter:data1\" content=\"1 minuto\" \/>\n<script type=\"application\/ld+json\" class=\"yoast-schema-graph\">{\"@context\":\"https:\/\/schema.org\",\"@graph\":[{\"@type\":\"WebPage\",\"@id\":\"https:\/\/loewentestneu.metafex.io\/it\/prodotto\/climafem-film-coated-tablets-60-pcs-03353070\",\"url\":\"https:\/\/loewentestneu.metafex.io\/it\/prodotto\/climafem-film-coated-tablets-60-pcs-03353070\",\"name\":\"Climafem compresse rivestite con film 60 pz. &#187; Farmacia - ordina qui\",\"isPartOf\":{\"@id\":\"https:\/\/loewentestneu.metafex.io\/it#website\"},\"primaryImageOfPage\":{\"@id\":\"https:\/\/loewentestneu.metafex.io\/it\/prodotto\/climafem-film-coated-tablets-60-pcs-03353070#primaryimage\"},\"image\":{\"@id\":\"https:\/\/loewentestneu.metafex.io\/it\/prodotto\/climafem-film-coated-tablets-60-pcs-03353070#primaryimage\"},\"thumbnailUrl\":\"https:\/\/loewentestneu.metafex.io\/wp-content\/uploads\/2024\/11\/climafem-vitorgan-PZN-03353070-Lowenapotheke24.webp\",\"datePublished\":\"2024-11-28T11:09:20+00:00\",\"dateModified\":\"2025-01-25T18:02:46+00:00\",\"description\":\"Farmacia online tedesca registrata | Spedizione internazionale veloce | Prodotto realizzato da vitOrgan: Climafem compresse rivestite con film 60 pz.\",\"breadcrumb\":{\"@id\":\"https:\/\/loewentestneu.metafex.io\/it\/prodotto\/climafem-film-coated-tablets-60-pcs-03353070#breadcrumb\"},\"inLanguage\":\"it-IT\",\"potentialAction\":[{\"@type\":\"ReadAction\",\"target\":[\"https:\/\/loewentestneu.metafex.io\/it\/prodotto\/climafem-film-coated-tablets-60-pcs-03353070\"]}]},{\"@type\":\"ImageObject\",\"inLanguage\":\"it-IT\",\"@id\":\"https:\/\/loewentestneu.metafex.io\/it\/prodotto\/climafem-film-coated-tablets-60-pcs-03353070#primaryimage\",\"url\":\"https:\/\/loewentestneu.metafex.io\/wp-content\/uploads\/2024\/11\/climafem-vitorgan-PZN-03353070-Lowenapotheke24.webp\",\"contentUrl\":\"https:\/\/loewentestneu.metafex.io\/wp-content\/uploads\/2024\/11\/climafem-vitorgan-PZN-03353070-Lowenapotheke24.webp\",\"width\":600,\"height\":600,\"caption\":\"L'immagine mostra Climafem di Vitorgan. PZN 03353070. Farmacia Lions\"},{\"@type\":\"BreadcrumbList\",\"@id\":\"https:\/\/loewentestneu.metafex.io\/it\/prodotto\/climafem-film-coated-tablets-60-pcs-03353070#breadcrumb\",\"itemListElement\":[{\"@type\":\"ListItem\",\"position\":1,\"name\":\"Home\",\"item\":\"https:\/\/loewentestneu.metafex.io\/it\/homepage-lion-pharmacy\"},{\"@type\":\"ListItem\",\"position\":2,\"name\":\"Shop\",\"item\":\"https:\/\/loewentestneu.metafex.io\/it\/negozio\"},{\"@type\":\"ListItem\",\"position\":3,\"name\":\"Climafem compresse rivestite con film 60 pz.\"}]},{\"@type\":\"WebSite\",\"@id\":\"https:\/\/loewentestneu.metafex.io\/it#website\",\"url\":\"https:\/\/loewentestneu.metafex.io\/it\",\"name\":\"Lions Pharmacy\",\"description\":\"Farmacia specializzata in naturopatia di Baden-Baden, Germania\",\"publisher\":{\"@id\":\"https:\/\/loewentestneu.metafex.io\/it#organization\"},\"alternateName\":\"Lion Pharmacy\",\"potentialAction\":[{\"@type\":\"SearchAction\",\"target\":{\"@type\":\"EntryPoint\",\"urlTemplate\":\"https:\/\/loewentestneu.metafex.io\/it?s={search_term_string}\"},\"query-input\":{\"@type\":\"PropertyValueSpecification\",\"valueRequired\":true,\"valueName\":\"search_term_string\"}}],\"inLanguage\":\"it-IT\"},{\"@type\":\"Organization\",\"@id\":\"https:\/\/loewentestneu.metafex.io\/it#organization\",\"name\":\"Lions Pharmacy\",\"alternateName\":\"Lions Pharmacy24\",\"url\":\"https:\/\/loewentestneu.metafex.io\/it\",\"logo\":{\"@type\":\"ImageObject\",\"inLanguage\":\"it-IT\",\"@id\":\"https:\/\/loewentestneu.metafex.io\/it#\/schema\/logo\/image\/\",\"url\":\"https:\/\/loewentestneu.metafex.io\/wp-content\/uploads\/2022\/12\/Logo-Lion-Pharmacy-c-o-Loewen-Apotheke-smal.jpg\",\"contentUrl\":\"https:\/\/loewentestneu.metafex.io\/wp-content\/uploads\/2022\/12\/Logo-Lion-Pharmacy-c-o-Loewen-Apotheke-smal.jpg\",\"width\":298,\"height\":99,\"caption\":\"Lions Pharmacy\"},\"image\":{\"@id\":\"https:\/\/loewentestneu.metafex.io\/it#\/schema\/logo\/image\/\"}}]}<\/script>\n<!-- \/ Yoast SEO plugin. -->","yoast_head_json":{"title":"Climafem compresse rivestite con film 60 pz. &#187; Farmacia - ordina qui","description":"Farmacia online tedesca registrata | Spedizione internazionale veloce | Prodotto realizzato da vitOrgan: Climafem compresse rivestite con film 60 pz.","robots":{"index":"noindex","follow":"follow","max-snippet":"max-snippet:-1","max-image-preview":"max-image-preview:large","max-video-preview":"max-video-preview:-1"},"og_locale":"it_IT","og_type":"article","og_title":"Climafem compresse rivestite con film 60 pz. &#187; Farmacia - ordina qui","og_description":"Farmacia online tedesca registrata | Spedizione internazionale veloce | Prodotto realizzato da vitOrgan: Climafem compresse rivestite con film 60 pz.","og_url":"https:\/\/loewentestneu.metafex.io\/it\/prodotto\/climafem-film-coated-tablets-60-pcs-03353070","og_site_name":"Lion Pharmacy","article_modified_time":"2025-01-25T18:02:46+00:00","og_image":[{"width":600,"height":600,"url":"https:\/\/loewentestneu.metafex.io\/wp-content\/uploads\/2024\/11\/climafem-vitorgan-PZN-03353070-Lowenapotheke24.webp","type":"image\/webp"}],"twitter_card":"summary_large_image","twitter_misc":{"Tempo di lettura stimato":"1 minuto"},"schema":{"@context":"https:\/\/schema.org","@graph":[{"@type":"WebPage","@id":"https:\/\/loewentestneu.metafex.io\/it\/prodotto\/climafem-film-coated-tablets-60-pcs-03353070","url":"https:\/\/loewentestneu.metafex.io\/it\/prodotto\/climafem-film-coated-tablets-60-pcs-03353070","name":"Climafem compresse rivestite con film 60 pz. &#187; Farmacia - ordina qui","isPartOf":{"@id":"https:\/\/loewentestneu.metafex.io\/it#website"},"primaryImageOfPage":{"@id":"https:\/\/loewentestneu.metafex.io\/it\/prodotto\/climafem-film-coated-tablets-60-pcs-03353070#primaryimage"},"image":{"@id":"https:\/\/loewentestneu.metafex.io\/it\/prodotto\/climafem-film-coated-tablets-60-pcs-03353070#primaryimage"},"thumbnailUrl":"https:\/\/loewentestneu.metafex.io\/wp-content\/uploads\/2024\/11\/climafem-vitorgan-PZN-03353070-Lowenapotheke24.webp","datePublished":"2024-11-28T11:09:20+00:00","dateModified":"2025-01-25T18:02:46+00:00","description":"Farmacia online tedesca registrata | Spedizione internazionale veloce | Prodotto realizzato da vitOrgan: Climafem compresse rivestite con film 60 pz.","breadcrumb":{"@id":"https:\/\/loewentestneu.metafex.io\/it\/prodotto\/climafem-film-coated-tablets-60-pcs-03353070#breadcrumb"},"inLanguage":"it-IT","potentialAction":[{"@type":"ReadAction","target":["https:\/\/loewentestneu.metafex.io\/it\/prodotto\/climafem-film-coated-tablets-60-pcs-03353070"]}]},{"@type":"ImageObject","inLanguage":"it-IT","@id":"https:\/\/loewentestneu.metafex.io\/it\/prodotto\/climafem-film-coated-tablets-60-pcs-03353070#primaryimage","url":"https:\/\/loewentestneu.metafex.io\/wp-content\/uploads\/2024\/11\/climafem-vitorgan-PZN-03353070-Lowenapotheke24.webp","contentUrl":"https:\/\/loewentestneu.metafex.io\/wp-content\/uploads\/2024\/11\/climafem-vitorgan-PZN-03353070-Lowenapotheke24.webp","width":600,"height":600,"caption":"L'immagine mostra Climafem di Vitorgan. PZN 03353070. Farmacia Lions"},{"@type":"BreadcrumbList","@id":"https:\/\/loewentestneu.metafex.io\/it\/prodotto\/climafem-film-coated-tablets-60-pcs-03353070#breadcrumb","itemListElement":[{"@type":"ListItem","position":1,"name":"Home","item":"https:\/\/loewentestneu.metafex.io\/it\/homepage-lion-pharmacy"},{"@type":"ListItem","position":2,"name":"Shop","item":"https:\/\/loewentestneu.metafex.io\/it\/negozio"},{"@type":"ListItem","position":3,"name":"Climafem compresse rivestite con film 60 pz."}]},{"@type":"WebSite","@id":"https:\/\/loewentestneu.metafex.io\/it#website","url":"https:\/\/loewentestneu.metafex.io\/it","name":"Lions Pharmacy","description":"Farmacia specializzata in naturopatia di Baden-Baden, Germania","publisher":{"@id":"https:\/\/loewentestneu.metafex.io\/it#organization"},"alternateName":"Lion Pharmacy","potentialAction":[{"@type":"SearchAction","target":{"@type":"EntryPoint","urlTemplate":"https:\/\/loewentestneu.metafex.io\/it?s={search_term_string}"},"query-input":{"@type":"PropertyValueSpecification","valueRequired":true,"valueName":"search_term_string"}}],"inLanguage":"it-IT"},{"@type":"Organization","@id":"https:\/\/loewentestneu.metafex.io\/it#organization","name":"Lions Pharmacy","alternateName":"Lions Pharmacy24","url":"https:\/\/loewentestneu.metafex.io\/it","logo":{"@type":"ImageObject","inLanguage":"it-IT","@id":"https:\/\/loewentestneu.metafex.io\/it#\/schema\/logo\/image\/","url":"https:\/\/loewentestneu.metafex.io\/wp-content\/uploads\/2022\/12\/Logo-Lion-Pharmacy-c-o-Loewen-Apotheke-smal.jpg","contentUrl":"https:\/\/loewentestneu.metafex.io\/wp-content\/uploads\/2022\/12\/Logo-Lion-Pharmacy-c-o-Loewen-Apotheke-smal.jpg","width":298,"height":99,"caption":"Lions Pharmacy"},"image":{"@id":"https:\/\/loewentestneu.metafex.io\/it#\/schema\/logo\/image\/"}}]}},"_links":{"self":[{"href":"https:\/\/loewentestneu.metafex.io\/it\/wp-json\/wp\/v2\/product\/6958","targetHints":{"allow":["GET"]}}],"collection":[{"href":"https:\/\/loewentestneu.metafex.io\/it\/wp-json\/wp\/v2\/product"}],"about":[{"href":"https:\/\/loewentestneu.metafex.io\/it\/wp-json\/wp\/v2\/types\/product"}],"replies":[{"embeddable":true,"href":"https:\/\/loewentestneu.metafex.io\/it\/wp-json\/wp\/v2\/comments?post=6958"}],"wp:featuredmedia":[{"embeddable":true,"href":"https:\/\/loewentestneu.metafex.io\/it\/wp-json\/wp\/v2\/media\/6964"}],"wp:attachment":[{"href":"https:\/\/loewentestneu.metafex.io\/it\/wp-json\/wp\/v2\/media?parent=6958"}],"wp:term":[{"taxonomy":"product_brand","embeddable":true,"href":"https:\/\/loewentestneu.metafex.io\/it\/wp-json\/wp\/v2\/product_brand?post=6958"},{"taxonomy":"product_cat","embeddable":true,"href":"https:\/\/loewentestneu.metafex.io\/it\/wp-json\/wp\/v2\/product_cat?post=6958"},{"taxonomy":"product_tag","embeddable":true,"href":"https:\/\/loewentestneu.metafex.io\/it\/wp-json\/wp\/v2\/product_tag?post=6958"}],"curies":[{"name":"wp","href":"https:\/\/api.w.org\/{rel}","templated":true}]}}