{"id":7375,"date":"2024-12-11T14:22:08","date_gmt":"2024-12-11T13:22:08","guid":{"rendered":"https:\/\/lions-pharmacy.com\/?post_type=product&#038;p=7375"},"modified":"2025-01-24T19:26:32","modified_gmt":"2025-01-24T18:26:32","slug":"vitamin-b-complex-forte-hevert-tablets-200-pcs-05003960","status":"publish","type":"product","link":"https:\/\/loewentestneu.metafex.io\/it\/prodotto\/vitamin-b-complex-forte-hevert-tablets-200-pcs-05003960","title":{"rendered":"Complesso vitaminico B forte Hevert compresse (200 pz.)"},"content":{"rendered":"<h3>Complesso vitaminico B forte Hevert compresse<\/h3>\n<p>Complesso vitaminico B forte Hevert compresse un preparato vitaminico per il trattamento di carenze comprovate di vitamine B1, B6 e B12<\/p>\n<p>La salute \u00e8 il bene pi\u00f9 grande dell&#8217;uomo. Per questo motivo Hevert si dedica da oltre 60 anni alla naturopatia e allo sviluppo di medicinali naturali ed \u00e8 uno dei principali produttori tedeschi di medicinali omeopatici ed erboristici, nonch\u00e9 di preparati di micronutrienti.<\/p>\n<p>Foglio illustrativo\/istruzioni per l&#8217;uso\/scheda tecnica articolo: &#8211; (lettore PDF)<\/p>\n<p>Altri prodotti per l&#8217;applicazione: <a href=\"https:\/\/loewentestneu.metafex.io\/product-tag\/vitamins-supplements\">Vitamine e integratori Prodotti<\/a><\/p>\n<p>Scopri di pi\u00f9 su manufactorer e questo prodotto: <a href=\"https:\/\/hevert.com\/de\/en\" target=\"_blank\" rel=\"noopener\">Hevert<\/a> (link al sito esterno)<\/p>\n<p>Le informazioni contenute in questo sito web sono fornite solo a scopo informativo. Non sostituiscono in alcun modo la visita e il trattamento da parte di un medico. Ci\u00f2 significa che non \u00e8 possibile n\u00e9 fare diagnosi n\u00e9 iniziare terapie.<\/p>\n<p>Per i rischi e gli effetti collaterali, leggere il foglio illustrativo e rivolgersi al medico o al farmacista.<\/p>\n","protected":false},"excerpt":{"rendered":"<h2>Complesso vitaminico B forte Hevert compresse<\/h2>\n<p>preparato vitaminico per il trattamento di carenze comprovate di vitamine B1, B6 e B12.<\/p>\n<p>&nbsp;<\/p>\n<p>PZN: 05003960<\/p>\n<p>Forma di dosaggio: compresse<\/p>\n<p>Tipo di prescrizione: senza prescrizione<\/p>\n<p>Marchio:-<\/p>\n<p>Produttore: Hevert Arzneimittel GmbH, Germania<\/p>\n<p>Dimensione dell&#8217;imballo: 200 pezzi.<\/p>\n","protected":false},"featured_media":7386,"comment_status":"closed","ping_status":"closed","template":"","meta":[],"product_brand":[],"product_cat":[579,124,115],"product_tag":[270,269,271,482,514,310,268],"class_list":{"0":"post-7375","1":"product","2":"type-product","3":"status-publish","4":"has-post-thumbnail","6":"product_cat-hevert-it","7":"product_cat-sale-it","8":"product_cat-non-categorizzato","9":"product_tag-benessere","10":"product_tag-gestione-del-peso","11":"product_tag-peso-e-forma-fisica","12":"product_tag-principio-attivo-a-base-di-erbe","13":"product_tag-principio-attivo-di-origine-vegetale","14":"product_tag-vendita-mensile","15":"product_tag-vitamine-e-integratori","16":"ts_product_brand-all-it","17":"ts_product_brand-hevert-it","19":"first","20":"instock","21":"taxable","22":"shipping-taxable","23":"purchasable","24":"product-type-simple"},"yoast_head":"<!-- This site is optimized with the Yoast SEO plugin v26.5 - https:\/\/yoast.com\/wordpress\/plugins\/seo\/ -->\n<title>Complesso vitaminico B forte Hevert compresse (200 pz.) &#187; Lion Pharmacy &#187; Scopri di pi\u00f9<\/title>\n<meta name=\"description\" content=\"Farmacia online tedesca registrata. Offriamo: Spedizione internazionale veloce. Prodotto realizzato da Hevert: Complesso vitaminico B forte Hevert compresse (200 pz.)\" \/>\n<meta name=\"robots\" content=\"noindex, follow, max-snippet:-1, max-image-preview:large, max-video-preview:-1\" \/>\n<meta property=\"og:locale\" content=\"it_IT\" \/>\n<meta property=\"og:type\" content=\"article\" \/>\n<meta property=\"og:title\" content=\"Complesso vitaminico B forte Hevert compresse (200 pz.) &#187; Lion Pharmacy &#187; Scopri di pi\u00f9\" \/>\n<meta property=\"og:description\" content=\"Farmacia online tedesca registrata. Offriamo: Spedizione internazionale veloce. Prodotto realizzato da Hevert: Complesso vitaminico B forte Hevert compresse (200 pz.)\" \/>\n<meta property=\"og:url\" content=\"https:\/\/loewentestneu.metafex.io\/it\/prodotto\/vitamin-b-complex-forte-hevert-tablets-200-pcs-05003960\" \/>\n<meta property=\"og:site_name\" content=\"Lion Pharmacy\" \/>\n<meta property=\"article:modified_time\" content=\"2025-01-24T18:26:32+00:00\" \/>\n<meta property=\"og:image\" content=\"https:\/\/loewentestneu.metafex.io\/wp-content\/uploads\/2024\/12\/Vitamin-B-Komplex-forte-Hevert-Tabletten-200-St-Loewen-Apotheke24.webp\" \/>\n\t<meta property=\"og:image:width\" content=\"600\" \/>\n\t<meta property=\"og:image:height\" content=\"600\" \/>\n\t<meta property=\"og:image:type\" content=\"image\/webp\" \/>\n<meta name=\"twitter:card\" content=\"summary_large_image\" \/>\n<meta name=\"twitter:label1\" content=\"Tempo di lettura stimato\" \/>\n\t<meta name=\"twitter:data1\" content=\"1 minuto\" \/>\n<script type=\"application\/ld+json\" class=\"yoast-schema-graph\">{\"@context\":\"https:\/\/schema.org\",\"@graph\":[{\"@type\":\"WebPage\",\"@id\":\"https:\/\/loewentestneu.metafex.io\/it\/prodotto\/vitamin-b-complex-forte-hevert-tablets-200-pcs-05003960\",\"url\":\"https:\/\/loewentestneu.metafex.io\/it\/prodotto\/vitamin-b-complex-forte-hevert-tablets-200-pcs-05003960\",\"name\":\"Complesso vitaminico B forte Hevert compresse (200 pz.) &#187; Lion Pharmacy &#187; Scopri di pi\u00f9\",\"isPartOf\":{\"@id\":\"https:\/\/loewentestneu.metafex.io\/it#website\"},\"primaryImageOfPage\":{\"@id\":\"https:\/\/loewentestneu.metafex.io\/it\/prodotto\/vitamin-b-complex-forte-hevert-tablets-200-pcs-05003960#primaryimage\"},\"image\":{\"@id\":\"https:\/\/loewentestneu.metafex.io\/it\/prodotto\/vitamin-b-complex-forte-hevert-tablets-200-pcs-05003960#primaryimage\"},\"thumbnailUrl\":\"https:\/\/loewentestneu.metafex.io\/wp-content\/uploads\/2024\/12\/Vitamin-B-Komplex-forte-Hevert-Tabletten-200-St-Loewen-Apotheke24.webp\",\"datePublished\":\"2024-12-11T13:22:08+00:00\",\"dateModified\":\"2025-01-24T18:26:32+00:00\",\"description\":\"Farmacia online tedesca registrata. Offriamo: Spedizione internazionale veloce. Prodotto realizzato da Hevert: Complesso vitaminico B forte Hevert compresse (200 pz.)\",\"breadcrumb\":{\"@id\":\"https:\/\/loewentestneu.metafex.io\/it\/prodotto\/vitamin-b-complex-forte-hevert-tablets-200-pcs-05003960#breadcrumb\"},\"inLanguage\":\"it-IT\",\"potentialAction\":[{\"@type\":\"ReadAction\",\"target\":[\"https:\/\/loewentestneu.metafex.io\/it\/prodotto\/vitamin-b-complex-forte-hevert-tablets-200-pcs-05003960\"]}]},{\"@type\":\"ImageObject\",\"inLanguage\":\"it-IT\",\"@id\":\"https:\/\/loewentestneu.metafex.io\/it\/prodotto\/vitamin-b-complex-forte-hevert-tablets-200-pcs-05003960#primaryimage\",\"url\":\"https:\/\/loewentestneu.metafex.io\/wp-content\/uploads\/2024\/12\/Vitamin-B-Komplex-forte-Hevert-Tabletten-200-St-Loewen-Apotheke24.webp\",\"contentUrl\":\"https:\/\/loewentestneu.metafex.io\/wp-content\/uploads\/2024\/12\/Vitamin-B-Komplex-forte-Hevert-Tabletten-200-St-Loewen-Apotheke24.webp\",\"width\":600,\"height\":600,\"caption\":\"L'immagine mostra le compresse di Hevert del complesso vitaminico forte 200 St. Lions Pharmacy. PZN 05003960\"},{\"@type\":\"BreadcrumbList\",\"@id\":\"https:\/\/loewentestneu.metafex.io\/it\/prodotto\/vitamin-b-complex-forte-hevert-tablets-200-pcs-05003960#breadcrumb\",\"itemListElement\":[{\"@type\":\"ListItem\",\"position\":1,\"name\":\"Home\",\"item\":\"https:\/\/loewentestneu.metafex.io\/it\/homepage-lion-pharmacy\"},{\"@type\":\"ListItem\",\"position\":2,\"name\":\"Shop\",\"item\":\"https:\/\/loewentestneu.metafex.io\/it\/negozio\"},{\"@type\":\"ListItem\",\"position\":3,\"name\":\"Complesso vitaminico B forte Hevert compresse (200 pz.)\"}]},{\"@type\":\"WebSite\",\"@id\":\"https:\/\/loewentestneu.metafex.io\/it#website\",\"url\":\"https:\/\/loewentestneu.metafex.io\/it\",\"name\":\"Lions Pharmacy\",\"description\":\"Farmacia specializzata in naturopatia di Baden-Baden, Germania\",\"publisher\":{\"@id\":\"https:\/\/loewentestneu.metafex.io\/it#organization\"},\"alternateName\":\"Lion Pharmacy\",\"potentialAction\":[{\"@type\":\"SearchAction\",\"target\":{\"@type\":\"EntryPoint\",\"urlTemplate\":\"https:\/\/loewentestneu.metafex.io\/it?s={search_term_string}\"},\"query-input\":{\"@type\":\"PropertyValueSpecification\",\"valueRequired\":true,\"valueName\":\"search_term_string\"}}],\"inLanguage\":\"it-IT\"},{\"@type\":\"Organization\",\"@id\":\"https:\/\/loewentestneu.metafex.io\/it#organization\",\"name\":\"Lions Pharmacy\",\"alternateName\":\"Lions Pharmacy24\",\"url\":\"https:\/\/loewentestneu.metafex.io\/it\",\"logo\":{\"@type\":\"ImageObject\",\"inLanguage\":\"it-IT\",\"@id\":\"https:\/\/loewentestneu.metafex.io\/it#\/schema\/logo\/image\/\",\"url\":\"https:\/\/loewentestneu.metafex.io\/wp-content\/uploads\/2022\/12\/Logo-Lion-Pharmacy-c-o-Loewen-Apotheke-smal.jpg\",\"contentUrl\":\"https:\/\/loewentestneu.metafex.io\/wp-content\/uploads\/2022\/12\/Logo-Lion-Pharmacy-c-o-Loewen-Apotheke-smal.jpg\",\"width\":298,\"height\":99,\"caption\":\"Lions Pharmacy\"},\"image\":{\"@id\":\"https:\/\/loewentestneu.metafex.io\/it#\/schema\/logo\/image\/\"}}]}<\/script>\n<!-- \/ Yoast SEO plugin. -->","yoast_head_json":{"title":"Complesso vitaminico B forte Hevert compresse (200 pz.) &#187; Lion Pharmacy &#187; Scopri di pi\u00f9","description":"Farmacia online tedesca registrata. Offriamo: Spedizione internazionale veloce. Prodotto realizzato da Hevert: Complesso vitaminico B forte Hevert compresse (200 pz.)","robots":{"index":"noindex","follow":"follow","max-snippet":"max-snippet:-1","max-image-preview":"max-image-preview:large","max-video-preview":"max-video-preview:-1"},"og_locale":"it_IT","og_type":"article","og_title":"Complesso vitaminico B forte Hevert compresse (200 pz.) &#187; Lion Pharmacy &#187; Scopri di pi\u00f9","og_description":"Farmacia online tedesca registrata. Offriamo: Spedizione internazionale veloce. Prodotto realizzato da Hevert: Complesso vitaminico B forte Hevert compresse (200 pz.)","og_url":"https:\/\/loewentestneu.metafex.io\/it\/prodotto\/vitamin-b-complex-forte-hevert-tablets-200-pcs-05003960","og_site_name":"Lion Pharmacy","article_modified_time":"2025-01-24T18:26:32+00:00","og_image":[{"width":600,"height":600,"url":"https:\/\/loewentestneu.metafex.io\/wp-content\/uploads\/2024\/12\/Vitamin-B-Komplex-forte-Hevert-Tabletten-200-St-Loewen-Apotheke24.webp","type":"image\/webp"}],"twitter_card":"summary_large_image","twitter_misc":{"Tempo di lettura stimato":"1 minuto"},"schema":{"@context":"https:\/\/schema.org","@graph":[{"@type":"WebPage","@id":"https:\/\/loewentestneu.metafex.io\/it\/prodotto\/vitamin-b-complex-forte-hevert-tablets-200-pcs-05003960","url":"https:\/\/loewentestneu.metafex.io\/it\/prodotto\/vitamin-b-complex-forte-hevert-tablets-200-pcs-05003960","name":"Complesso vitaminico B forte Hevert compresse (200 pz.) &#187; Lion Pharmacy &#187; Scopri di pi\u00f9","isPartOf":{"@id":"https:\/\/loewentestneu.metafex.io\/it#website"},"primaryImageOfPage":{"@id":"https:\/\/loewentestneu.metafex.io\/it\/prodotto\/vitamin-b-complex-forte-hevert-tablets-200-pcs-05003960#primaryimage"},"image":{"@id":"https:\/\/loewentestneu.metafex.io\/it\/prodotto\/vitamin-b-complex-forte-hevert-tablets-200-pcs-05003960#primaryimage"},"thumbnailUrl":"https:\/\/loewentestneu.metafex.io\/wp-content\/uploads\/2024\/12\/Vitamin-B-Komplex-forte-Hevert-Tabletten-200-St-Loewen-Apotheke24.webp","datePublished":"2024-12-11T13:22:08+00:00","dateModified":"2025-01-24T18:26:32+00:00","description":"Farmacia online tedesca registrata. Offriamo: Spedizione internazionale veloce. Prodotto realizzato da Hevert: Complesso vitaminico B forte Hevert compresse (200 pz.)","breadcrumb":{"@id":"https:\/\/loewentestneu.metafex.io\/it\/prodotto\/vitamin-b-complex-forte-hevert-tablets-200-pcs-05003960#breadcrumb"},"inLanguage":"it-IT","potentialAction":[{"@type":"ReadAction","target":["https:\/\/loewentestneu.metafex.io\/it\/prodotto\/vitamin-b-complex-forte-hevert-tablets-200-pcs-05003960"]}]},{"@type":"ImageObject","inLanguage":"it-IT","@id":"https:\/\/loewentestneu.metafex.io\/it\/prodotto\/vitamin-b-complex-forte-hevert-tablets-200-pcs-05003960#primaryimage","url":"https:\/\/loewentestneu.metafex.io\/wp-content\/uploads\/2024\/12\/Vitamin-B-Komplex-forte-Hevert-Tabletten-200-St-Loewen-Apotheke24.webp","contentUrl":"https:\/\/loewentestneu.metafex.io\/wp-content\/uploads\/2024\/12\/Vitamin-B-Komplex-forte-Hevert-Tabletten-200-St-Loewen-Apotheke24.webp","width":600,"height":600,"caption":"L'immagine mostra le compresse di Hevert del complesso vitaminico forte 200 St. Lions Pharmacy. PZN 05003960"},{"@type":"BreadcrumbList","@id":"https:\/\/loewentestneu.metafex.io\/it\/prodotto\/vitamin-b-complex-forte-hevert-tablets-200-pcs-05003960#breadcrumb","itemListElement":[{"@type":"ListItem","position":1,"name":"Home","item":"https:\/\/loewentestneu.metafex.io\/it\/homepage-lion-pharmacy"},{"@type":"ListItem","position":2,"name":"Shop","item":"https:\/\/loewentestneu.metafex.io\/it\/negozio"},{"@type":"ListItem","position":3,"name":"Complesso vitaminico B forte Hevert compresse (200 pz.)"}]},{"@type":"WebSite","@id":"https:\/\/loewentestneu.metafex.io\/it#website","url":"https:\/\/loewentestneu.metafex.io\/it","name":"Lions Pharmacy","description":"Farmacia specializzata in naturopatia di Baden-Baden, Germania","publisher":{"@id":"https:\/\/loewentestneu.metafex.io\/it#organization"},"alternateName":"Lion Pharmacy","potentialAction":[{"@type":"SearchAction","target":{"@type":"EntryPoint","urlTemplate":"https:\/\/loewentestneu.metafex.io\/it?s={search_term_string}"},"query-input":{"@type":"PropertyValueSpecification","valueRequired":true,"valueName":"search_term_string"}}],"inLanguage":"it-IT"},{"@type":"Organization","@id":"https:\/\/loewentestneu.metafex.io\/it#organization","name":"Lions Pharmacy","alternateName":"Lions Pharmacy24","url":"https:\/\/loewentestneu.metafex.io\/it","logo":{"@type":"ImageObject","inLanguage":"it-IT","@id":"https:\/\/loewentestneu.metafex.io\/it#\/schema\/logo\/image\/","url":"https:\/\/loewentestneu.metafex.io\/wp-content\/uploads\/2022\/12\/Logo-Lion-Pharmacy-c-o-Loewen-Apotheke-smal.jpg","contentUrl":"https:\/\/loewentestneu.metafex.io\/wp-content\/uploads\/2022\/12\/Logo-Lion-Pharmacy-c-o-Loewen-Apotheke-smal.jpg","width":298,"height":99,"caption":"Lions Pharmacy"},"image":{"@id":"https:\/\/loewentestneu.metafex.io\/it#\/schema\/logo\/image\/"}}]}},"_links":{"self":[{"href":"https:\/\/loewentestneu.metafex.io\/it\/wp-json\/wp\/v2\/product\/7375","targetHints":{"allow":["GET"]}}],"collection":[{"href":"https:\/\/loewentestneu.metafex.io\/it\/wp-json\/wp\/v2\/product"}],"about":[{"href":"https:\/\/loewentestneu.metafex.io\/it\/wp-json\/wp\/v2\/types\/product"}],"replies":[{"embeddable":true,"href":"https:\/\/loewentestneu.metafex.io\/it\/wp-json\/wp\/v2\/comments?post=7375"}],"wp:featuredmedia":[{"embeddable":true,"href":"https:\/\/loewentestneu.metafex.io\/it\/wp-json\/wp\/v2\/media\/7386"}],"wp:attachment":[{"href":"https:\/\/loewentestneu.metafex.io\/it\/wp-json\/wp\/v2\/media?parent=7375"}],"wp:term":[{"taxonomy":"product_brand","embeddable":true,"href":"https:\/\/loewentestneu.metafex.io\/it\/wp-json\/wp\/v2\/product_brand?post=7375"},{"taxonomy":"product_cat","embeddable":true,"href":"https:\/\/loewentestneu.metafex.io\/it\/wp-json\/wp\/v2\/product_cat?post=7375"},{"taxonomy":"product_tag","embeddable":true,"href":"https:\/\/loewentestneu.metafex.io\/it\/wp-json\/wp\/v2\/product_tag?post=7375"}],"curies":[{"name":"wp","href":"https:\/\/api.w.org\/{rel}","templated":true}]}}