{"id":7546,"date":"2024-12-13T12:11:18","date_gmt":"2024-12-13T11:11:18","guid":{"rendered":"https:\/\/lions-pharmacy.com\/?post_type=product&#038;p=7546"},"modified":"2025-01-25T09:29:45","modified_gmt":"2025-01-25T08:29:45","slug":"pure-encapsulations-l-tyrosin-capsoules-90-pcs-02823912","status":"publish","type":"product","link":"https:\/\/loewentestneu.metafex.io\/it\/prodotto\/pure-encapsulations-l-tyrosin-capsoules-90-pcs-02823912","title":{"rendered":"Pure Encapsulations L-tirosina Capsoules (90 pz.)"},"content":{"rendered":"<h3>Pure Encapsulations L-tirosina Capsoules<\/h3>\n<p>Pure Encapsulations L-Tyrosin contiene 500 mg di L-tirosina, che \u00e8 un aminoacido semi-essenziale di cui il tuo corpo ha bisogno per vari processi. Gli aminoacidi fungono da elementi costitutivi delle sostanze proprie dell&#8217;organismo, ad esempio le proteine B. Inoltre, sono coinvolti in una variet\u00e0 di altri processi nel nostro organismo. Le capsule di L-Tirosina di Pure Encapsulations\u00ae forniscono 500 mg di L-Tirosina per dose giornaliera.<\/p>\n<p>Effetto: la L-tirosina \u00e8 un cosiddetto aminoacido semi-essenziale. Ci\u00f2 significa che il tuo corpo di solito pu\u00f2 produrli da solo da altri aminoacidi essenziali. Tuttavia, devi coprire il tuo fabbisogno di aminoacidi essenziali attraverso la tua dieta. Quindi, se consumi abbastanza fenilalanina nella tua dieta, il tuo corpo pu\u00f2 usarla per produrre l&#8217;aminoacido L-tirosina stesso.<\/p>\n<p>Foglio illustrativo\/istruzioni per l&#8217;uso\/scheda tecnica dell&#8217;articolo: \u2013 (lettore PDF)<\/p>\n<p>Altri prodotti per l&#8217;applicazione: <a href=\"https:\/\/loewentestneu.metafex.io\/product-tag\/homeopathy\" rel=\"tag\">Omeopatia<\/a> | <a href=\"https:\/\/loewentestneu.metafex.io\/product-tag\/virus-infection\" rel=\"tag\">Infezione da virus<\/a> | <a href=\"https:\/\/loewentestneu.metafex.io\/product-tag\/vitamins-supplements\">Vitamine e integratori Prodotti<\/a><\/p>\n<p>Maggiori informazioni su manufactorer e questo prodotto: <a href=\"https:\/\/www.purecaps.net\/\" target=\"_blank\" rel=\"noopener\">Pure Encapsulations Pro Medico GmbH<\/a> (link al sito esterno)<\/p>\n<p>Le informazioni contenute in questo sito web sono fornite solo a scopo informativo. Non sostituiscono in alcun modo la visita e il trattamento da parte di un medico. Ci\u00f2 significa che non \u00e8 possibile n\u00e9 fare diagnosi n\u00e9 iniziare terapie.<\/p>\n<p>Per i rischi e gli effetti collaterali, leggere il foglio illustrativo e rivolgersi al medico o al farmacista.<\/p>\n<p>&nbsp;<\/p>\n<h3>Prescrizione | \u00c8 disponibile una prescrizione elettronica?<\/h3>\n<p>Invia subito la tua prescrizione elettronica. Usa la nostra app <a href=\"https:\/\/e-rezept-app.de\/shop-rezept\" target=\"_blank\" rel=\"noopener\">per la prescrizione elettronica<\/a> . E noi ti diamo le spese di spedizione gratis in Germania!<\/p>\n","protected":false},"excerpt":{"rendered":"<h2>Pure Encapsulations L-tirosina Capsoules<\/h2>\n<p>La L-tirosina \u00e8 un aminoacido semi-essenziale di cui il tuo corpo ha bisogno per vari processi.<\/p>\n<p>&nbsp;<\/p>\n<p><strong>PZN<\/strong>: 02823912<\/p>\n<p><strong>Forma di dosaggio<\/strong>: Capsoules<\/p>\n<p><strong>Confezione<\/strong>: 90 pz.<\/p>\n<p><strong>Tipo di prescrizione: senza prescrizione<\/strong><\/p>\n<p><strong>marchio<\/strong>: Pure Encapsulations<\/p>\n<p><strong>Produttore<\/strong>: Pro Medico GmbH, Germania<\/p>\n","protected":false},"featured_media":7552,"comment_status":"closed","ping_status":"closed","template":"","meta":[],"product_brand":[],"product_cat":[115],"product_tag":[270,269,235,484,307,271,482,480,268],"class_list":{"0":"post-7546","1":"product","2":"type-product","3":"status-publish","4":"has-post-thumbnail","6":"product_cat-non-categorizzato","7":"product_tag-benessere","8":"product_tag-gestione-del-peso","9":"product_tag-infezione-virale","10":"product_tag-influenza-e-raffreddore","11":"product_tag-omeopatia","12":"product_tag-peso-e-forma-fisica","13":"product_tag-principio-attivo-a-base-di-erbe","14":"product_tag-rimedi-naturali","15":"product_tag-vitamine-e-integratori","16":"ts_product_brand-all-it","17":"ts_product_brand-pure-encapsulations-it","19":"first","20":"outofstock","21":"sale","22":"taxable","23":"shipping-taxable","24":"purchasable","25":"product-type-simple"},"yoast_head":"<!-- This site is optimized with the Yoast SEO plugin v26.5 - https:\/\/yoast.com\/wordpress\/plugins\/seo\/ -->\n<title>Pure Encapsulations L-tirosina Capsoules (90 pz.) &#187; Scopri di pi\u00f9<\/title>\n<meta name=\"description\" content=\"Farmacia online tedesca registrata. Offriamo: spedizioni veloci in tutto il mondo e un servizio eccellente. Pure Encapsulations L-tirosina Capsoules (90 pz.)\" \/>\n<meta name=\"robots\" content=\"noindex, follow, max-snippet:-1, max-image-preview:large, max-video-preview:-1\" \/>\n<meta property=\"og:locale\" content=\"it_IT\" \/>\n<meta property=\"og:type\" content=\"article\" \/>\n<meta property=\"og:title\" content=\"Pure Encapsulations L-tirosina Capsoules (90 pz.) &#187; Scopri di pi\u00f9\" \/>\n<meta property=\"og:description\" content=\"Farmacia online tedesca registrata. Offriamo: spedizioni veloci in tutto il mondo e un servizio eccellente. Pure Encapsulations L-tirosina Capsoules (90 pz.)\" \/>\n<meta property=\"og:url\" content=\"https:\/\/loewentestneu.metafex.io\/it\/prodotto\/pure-encapsulations-l-tyrosin-capsoules-90-pcs-02823912\" \/>\n<meta property=\"og:site_name\" content=\"Lion Pharmacy\" \/>\n<meta property=\"article:modified_time\" content=\"2025-01-25T08:29:45+00:00\" \/>\n<meta property=\"og:image\" content=\"https:\/\/loewentestneu.metafex.io\/wp-content\/uploads\/2024\/12\/Pure-Encapsulations-L-Tyrosin-Capsoules.-PZN-02823912.-Lions-Pharmacy.webp\" \/>\n\t<meta property=\"og:image:width\" content=\"600\" \/>\n\t<meta property=\"og:image:height\" content=\"600\" \/>\n\t<meta property=\"og:image:type\" content=\"image\/webp\" \/>\n<meta name=\"twitter:card\" content=\"summary_large_image\" \/>\n<meta name=\"twitter:label1\" content=\"Tempo di lettura stimato\" \/>\n\t<meta name=\"twitter:data1\" content=\"1 minuto\" \/>\n<script type=\"application\/ld+json\" class=\"yoast-schema-graph\">{\"@context\":\"https:\/\/schema.org\",\"@graph\":[{\"@type\":\"WebPage\",\"@id\":\"https:\/\/loewentestneu.metafex.io\/it\/prodotto\/pure-encapsulations-l-tyrosin-capsoules-90-pcs-02823912\",\"url\":\"https:\/\/loewentestneu.metafex.io\/it\/prodotto\/pure-encapsulations-l-tyrosin-capsoules-90-pcs-02823912\",\"name\":\"Pure Encapsulations L-tirosina Capsoules (90 pz.) &#187; Scopri di pi\u00f9\",\"isPartOf\":{\"@id\":\"https:\/\/loewentestneu.metafex.io\/it#website\"},\"primaryImageOfPage\":{\"@id\":\"https:\/\/loewentestneu.metafex.io\/it\/prodotto\/pure-encapsulations-l-tyrosin-capsoules-90-pcs-02823912#primaryimage\"},\"image\":{\"@id\":\"https:\/\/loewentestneu.metafex.io\/it\/prodotto\/pure-encapsulations-l-tyrosin-capsoules-90-pcs-02823912#primaryimage\"},\"thumbnailUrl\":\"https:\/\/loewentestneu.metafex.io\/wp-content\/uploads\/2024\/12\/Pure-Encapsulations-L-Tyrosin-Capsoules.-PZN-02823912.-Lions-Pharmacy.webp\",\"datePublished\":\"2024-12-13T11:11:18+00:00\",\"dateModified\":\"2025-01-25T08:29:45+00:00\",\"description\":\"Farmacia online tedesca registrata. Offriamo: spedizioni veloci in tutto il mondo e un servizio eccellente. Pure Encapsulations L-tirosina Capsoules (90 pz.)\",\"breadcrumb\":{\"@id\":\"https:\/\/loewentestneu.metafex.io\/it\/prodotto\/pure-encapsulations-l-tyrosin-capsoules-90-pcs-02823912#breadcrumb\"},\"inLanguage\":\"it-IT\",\"potentialAction\":[{\"@type\":\"ReadAction\",\"target\":[\"https:\/\/loewentestneu.metafex.io\/it\/prodotto\/pure-encapsulations-l-tyrosin-capsoules-90-pcs-02823912\"]}]},{\"@type\":\"ImageObject\",\"inLanguage\":\"it-IT\",\"@id\":\"https:\/\/loewentestneu.metafex.io\/it\/prodotto\/pure-encapsulations-l-tyrosin-capsoules-90-pcs-02823912#primaryimage\",\"url\":\"https:\/\/loewentestneu.metafex.io\/wp-content\/uploads\/2024\/12\/Pure-Encapsulations-L-Tyrosin-Capsoules.-PZN-02823912.-Lions-Pharmacy.webp\",\"contentUrl\":\"https:\/\/loewentestneu.metafex.io\/wp-content\/uploads\/2024\/12\/Pure-Encapsulations-L-Tyrosin-Capsoules.-PZN-02823912.-Lions-Pharmacy.webp\",\"width\":600,\"height\":600,\"caption\":\"L'immagine mostra Pure Encapsulations L-Tyrosin Capsoules. PZN 02823912. Lions-Farmacia\"},{\"@type\":\"BreadcrumbList\",\"@id\":\"https:\/\/loewentestneu.metafex.io\/it\/prodotto\/pure-encapsulations-l-tyrosin-capsoules-90-pcs-02823912#breadcrumb\",\"itemListElement\":[{\"@type\":\"ListItem\",\"position\":1,\"name\":\"Home\",\"item\":\"https:\/\/loewentestneu.metafex.io\/it\/homepage-lion-pharmacy\"},{\"@type\":\"ListItem\",\"position\":2,\"name\":\"Shop\",\"item\":\"https:\/\/loewentestneu.metafex.io\/it\/negozio\"},{\"@type\":\"ListItem\",\"position\":3,\"name\":\"Pure Encapsulations L-tirosina Capsoules (90 pz.)\"}]},{\"@type\":\"WebSite\",\"@id\":\"https:\/\/loewentestneu.metafex.io\/it#website\",\"url\":\"https:\/\/loewentestneu.metafex.io\/it\",\"name\":\"Lions Pharmacy\",\"description\":\"Farmacia specializzata in naturopatia di Baden-Baden, Germania\",\"publisher\":{\"@id\":\"https:\/\/loewentestneu.metafex.io\/it#organization\"},\"alternateName\":\"Lion Pharmacy\",\"potentialAction\":[{\"@type\":\"SearchAction\",\"target\":{\"@type\":\"EntryPoint\",\"urlTemplate\":\"https:\/\/loewentestneu.metafex.io\/it?s={search_term_string}\"},\"query-input\":{\"@type\":\"PropertyValueSpecification\",\"valueRequired\":true,\"valueName\":\"search_term_string\"}}],\"inLanguage\":\"it-IT\"},{\"@type\":\"Organization\",\"@id\":\"https:\/\/loewentestneu.metafex.io\/it#organization\",\"name\":\"Lions Pharmacy\",\"alternateName\":\"Lions Pharmacy24\",\"url\":\"https:\/\/loewentestneu.metafex.io\/it\",\"logo\":{\"@type\":\"ImageObject\",\"inLanguage\":\"it-IT\",\"@id\":\"https:\/\/loewentestneu.metafex.io\/it#\/schema\/logo\/image\/\",\"url\":\"https:\/\/loewentestneu.metafex.io\/wp-content\/uploads\/2022\/12\/Logo-Lion-Pharmacy-c-o-Loewen-Apotheke-smal.jpg\",\"contentUrl\":\"https:\/\/loewentestneu.metafex.io\/wp-content\/uploads\/2022\/12\/Logo-Lion-Pharmacy-c-o-Loewen-Apotheke-smal.jpg\",\"width\":298,\"height\":99,\"caption\":\"Lions Pharmacy\"},\"image\":{\"@id\":\"https:\/\/loewentestneu.metafex.io\/it#\/schema\/logo\/image\/\"}}]}<\/script>\n<!-- \/ Yoast SEO plugin. -->","yoast_head_json":{"title":"Pure Encapsulations L-tirosina Capsoules (90 pz.) &#187; Scopri di pi\u00f9","description":"Farmacia online tedesca registrata. Offriamo: spedizioni veloci in tutto il mondo e un servizio eccellente. Pure Encapsulations L-tirosina Capsoules (90 pz.)","robots":{"index":"noindex","follow":"follow","max-snippet":"max-snippet:-1","max-image-preview":"max-image-preview:large","max-video-preview":"max-video-preview:-1"},"og_locale":"it_IT","og_type":"article","og_title":"Pure Encapsulations L-tirosina Capsoules (90 pz.) &#187; Scopri di pi\u00f9","og_description":"Farmacia online tedesca registrata. Offriamo: spedizioni veloci in tutto il mondo e un servizio eccellente. Pure Encapsulations L-tirosina Capsoules (90 pz.)","og_url":"https:\/\/loewentestneu.metafex.io\/it\/prodotto\/pure-encapsulations-l-tyrosin-capsoules-90-pcs-02823912","og_site_name":"Lion Pharmacy","article_modified_time":"2025-01-25T08:29:45+00:00","og_image":[{"width":600,"height":600,"url":"https:\/\/loewentestneu.metafex.io\/wp-content\/uploads\/2024\/12\/Pure-Encapsulations-L-Tyrosin-Capsoules.-PZN-02823912.-Lions-Pharmacy.webp","type":"image\/webp"}],"twitter_card":"summary_large_image","twitter_misc":{"Tempo di lettura stimato":"1 minuto"},"schema":{"@context":"https:\/\/schema.org","@graph":[{"@type":"WebPage","@id":"https:\/\/loewentestneu.metafex.io\/it\/prodotto\/pure-encapsulations-l-tyrosin-capsoules-90-pcs-02823912","url":"https:\/\/loewentestneu.metafex.io\/it\/prodotto\/pure-encapsulations-l-tyrosin-capsoules-90-pcs-02823912","name":"Pure Encapsulations L-tirosina Capsoules (90 pz.) &#187; Scopri di pi\u00f9","isPartOf":{"@id":"https:\/\/loewentestneu.metafex.io\/it#website"},"primaryImageOfPage":{"@id":"https:\/\/loewentestneu.metafex.io\/it\/prodotto\/pure-encapsulations-l-tyrosin-capsoules-90-pcs-02823912#primaryimage"},"image":{"@id":"https:\/\/loewentestneu.metafex.io\/it\/prodotto\/pure-encapsulations-l-tyrosin-capsoules-90-pcs-02823912#primaryimage"},"thumbnailUrl":"https:\/\/loewentestneu.metafex.io\/wp-content\/uploads\/2024\/12\/Pure-Encapsulations-L-Tyrosin-Capsoules.-PZN-02823912.-Lions-Pharmacy.webp","datePublished":"2024-12-13T11:11:18+00:00","dateModified":"2025-01-25T08:29:45+00:00","description":"Farmacia online tedesca registrata. Offriamo: spedizioni veloci in tutto il mondo e un servizio eccellente. Pure Encapsulations L-tirosina Capsoules (90 pz.)","breadcrumb":{"@id":"https:\/\/loewentestneu.metafex.io\/it\/prodotto\/pure-encapsulations-l-tyrosin-capsoules-90-pcs-02823912#breadcrumb"},"inLanguage":"it-IT","potentialAction":[{"@type":"ReadAction","target":["https:\/\/loewentestneu.metafex.io\/it\/prodotto\/pure-encapsulations-l-tyrosin-capsoules-90-pcs-02823912"]}]},{"@type":"ImageObject","inLanguage":"it-IT","@id":"https:\/\/loewentestneu.metafex.io\/it\/prodotto\/pure-encapsulations-l-tyrosin-capsoules-90-pcs-02823912#primaryimage","url":"https:\/\/loewentestneu.metafex.io\/wp-content\/uploads\/2024\/12\/Pure-Encapsulations-L-Tyrosin-Capsoules.-PZN-02823912.-Lions-Pharmacy.webp","contentUrl":"https:\/\/loewentestneu.metafex.io\/wp-content\/uploads\/2024\/12\/Pure-Encapsulations-L-Tyrosin-Capsoules.-PZN-02823912.-Lions-Pharmacy.webp","width":600,"height":600,"caption":"L'immagine mostra Pure Encapsulations L-Tyrosin Capsoules. PZN 02823912. Lions-Farmacia"},{"@type":"BreadcrumbList","@id":"https:\/\/loewentestneu.metafex.io\/it\/prodotto\/pure-encapsulations-l-tyrosin-capsoules-90-pcs-02823912#breadcrumb","itemListElement":[{"@type":"ListItem","position":1,"name":"Home","item":"https:\/\/loewentestneu.metafex.io\/it\/homepage-lion-pharmacy"},{"@type":"ListItem","position":2,"name":"Shop","item":"https:\/\/loewentestneu.metafex.io\/it\/negozio"},{"@type":"ListItem","position":3,"name":"Pure Encapsulations L-tirosina Capsoules (90 pz.)"}]},{"@type":"WebSite","@id":"https:\/\/loewentestneu.metafex.io\/it#website","url":"https:\/\/loewentestneu.metafex.io\/it","name":"Lions Pharmacy","description":"Farmacia specializzata in naturopatia di Baden-Baden, Germania","publisher":{"@id":"https:\/\/loewentestneu.metafex.io\/it#organization"},"alternateName":"Lion Pharmacy","potentialAction":[{"@type":"SearchAction","target":{"@type":"EntryPoint","urlTemplate":"https:\/\/loewentestneu.metafex.io\/it?s={search_term_string}"},"query-input":{"@type":"PropertyValueSpecification","valueRequired":true,"valueName":"search_term_string"}}],"inLanguage":"it-IT"},{"@type":"Organization","@id":"https:\/\/loewentestneu.metafex.io\/it#organization","name":"Lions Pharmacy","alternateName":"Lions Pharmacy24","url":"https:\/\/loewentestneu.metafex.io\/it","logo":{"@type":"ImageObject","inLanguage":"it-IT","@id":"https:\/\/loewentestneu.metafex.io\/it#\/schema\/logo\/image\/","url":"https:\/\/loewentestneu.metafex.io\/wp-content\/uploads\/2022\/12\/Logo-Lion-Pharmacy-c-o-Loewen-Apotheke-smal.jpg","contentUrl":"https:\/\/loewentestneu.metafex.io\/wp-content\/uploads\/2022\/12\/Logo-Lion-Pharmacy-c-o-Loewen-Apotheke-smal.jpg","width":298,"height":99,"caption":"Lions Pharmacy"},"image":{"@id":"https:\/\/loewentestneu.metafex.io\/it#\/schema\/logo\/image\/"}}]}},"_links":{"self":[{"href":"https:\/\/loewentestneu.metafex.io\/it\/wp-json\/wp\/v2\/product\/7546","targetHints":{"allow":["GET"]}}],"collection":[{"href":"https:\/\/loewentestneu.metafex.io\/it\/wp-json\/wp\/v2\/product"}],"about":[{"href":"https:\/\/loewentestneu.metafex.io\/it\/wp-json\/wp\/v2\/types\/product"}],"replies":[{"embeddable":true,"href":"https:\/\/loewentestneu.metafex.io\/it\/wp-json\/wp\/v2\/comments?post=7546"}],"wp:featuredmedia":[{"embeddable":true,"href":"https:\/\/loewentestneu.metafex.io\/it\/wp-json\/wp\/v2\/media\/7552"}],"wp:attachment":[{"href":"https:\/\/loewentestneu.metafex.io\/it\/wp-json\/wp\/v2\/media?parent=7546"}],"wp:term":[{"taxonomy":"product_brand","embeddable":true,"href":"https:\/\/loewentestneu.metafex.io\/it\/wp-json\/wp\/v2\/product_brand?post=7546"},{"taxonomy":"product_cat","embeddable":true,"href":"https:\/\/loewentestneu.metafex.io\/it\/wp-json\/wp\/v2\/product_cat?post=7546"},{"taxonomy":"product_tag","embeddable":true,"href":"https:\/\/loewentestneu.metafex.io\/it\/wp-json\/wp\/v2\/product_tag?post=7546"}],"curies":[{"name":"wp","href":"https:\/\/api.w.org\/{rel}","templated":true}]}}