{"id":8042,"date":"2025-01-15T11:59:42","date_gmt":"2025-01-15T10:59:42","guid":{"rendered":"https:\/\/lions-pharmacy.com\/?post_type=product&#038;p=8042"},"modified":"2026-01-10T18:13:22","modified_gmt":"2026-01-10T17:13:22","slug":"neydil-no-32-d7-fiale-5x2ml-06486765","status":"publish","type":"product","link":"https:\/\/loewentestneu.metafex.io\/it\/prodotto\/neydil-no-32-d7-fiale-5x2ml-06486765","title":{"rendered":"NeyDil No. 32 D7 fiale 5x2ml"},"content":{"rendered":"<h2>NeyDil No. 32 D7 fiale<\/h2>\n<p>NeyDil n. 32 D7 fiale &#8211; Mucosa intestinalis tenuis lysat. Bovis Estratto Fetale Lyophilisatum Aquosum.<\/p>\n<p>I preparati omeopatici per organi offerti da vitOrgan per la terapia biomolecolare utilizzano sostanze organiche naturali con effetto regolatore e metabolico per normalizzare fisiologicamente i processi che sono andati fuori equilibrio. La vitOrganismo biomolecolare \u00e8 una terapia di grande successo da 60 anni. Costituisce un ponte tra i cosiddetti campi della medicina ortodossa e della naturopatia. Utilizza sostanze naturali, regolatrici e funzionanti a livello metabolico, disponibili sia nell&#8217;uomo che negli animali, per normalizzare le malattie modificando i processi fisiologici che non sono pi\u00f9 in equilibrio, curando cos\u00ec il paziente non solo dal punto di vista sintomatico, ma anche da quello causale. Secondo il principio &#8220;il cuore guarisce il cuore, il rene guarisce il rene, l&#8217;organo guarisce l&#8217;organo&#8221;, \u00e8 importante risvegliare il potere delle cellule indebolite attraverso una regolazione mirata.<\/p>\n<p>Foglio illustrativo\/istruzioni per l&#8217;uso\/scheda tecnica dell&#8217;articolo: NeyDil No. 32 D7 fiale (lettore PDF)<\/p>\n<p>Nome del prodotto alternativo: NeyDil No.32 D7<br \/>\nAltri prodotti per l&#8217;applicazione: <a href=\"https:\/\/loewentestneu.metafex.io\/produkt-kategorie\/vitorgan\">vitOrgan<\/a><br \/>\nPer saperne di pi\u00f9 sul produttore e su questo prodotto: <a href=\"https:\/\/vitorgan.de\/en\/products\/\" target=\"_blank\" rel=\"noopener\">vitOrgan<\/a> (link a sito esterno)<\/p>\n<p>Le informazioni contenute in questo sito web sono fornite solo a scopo informativo. Non sostituiscono in alcun modo la visita e il trattamento da parte di un medico. Ci\u00f2 significa che non \u00e8 possibile n\u00e9 fare diagnosi n\u00e9 iniziare terapie.<\/p>\n<p>Per i rischi e gli effetti collaterali, leggere il foglio illustrativo e rivolgersi al medico o al farmacista.<\/p>\n","protected":false},"excerpt":{"rendered":"<h2>NeyDil No. 32 D7 fiale 5x2ml<\/h2>\n<p>Mucosa intestinale tenuis lysat. Bovis Excal Extractum lyophilisatum aquosum<\/p>\n<p>&nbsp;<\/p>\n<p>PZN: 06486765<\/p>\n<p>Forma di dosaggio: fiale<\/p>\n<p>Tipo di prescrizione: senza prescrizione<\/p>\n<p>Marchio: vitOrgan<\/p>\n<p>Costruttore: vitOrgan GmbH &amp; Co.KG, Ostfildern, Germania<\/p>\n<p>Dimensione della confezione: 5 pezzi per 2ml<\/p>\n","protected":false},"featured_media":8048,"comment_status":"closed","ping_status":"closed","template":"","meta":[],"product_brand":[],"product_cat":[124,115,130],"product_tag":[231,307,310],"class_list":{"0":"post-8042","1":"product","2":"type-product","3":"status-publish","4":"has-post-thumbnail","6":"product_cat-sale-it","7":"product_cat-non-categorizzato","8":"product_cat-vitorgan-it","9":"product_tag-neydil-it","10":"product_tag-omeopatia","11":"product_tag-vendita-mensile","12":"ts_product_brand-all-it","13":"ts_product_brand-vitorgan-it","15":"first","16":"instock","17":"sale","18":"taxable","19":"shipping-taxable","20":"purchasable","21":"product-type-simple"},"yoast_head":"<!-- This site is optimized with the Yoast SEO plugin v26.5 - https:\/\/yoast.com\/wordpress\/plugins\/seo\/ -->\n<title>NeyDil No. 32 D7 fiale 5x2ml &#187;<\/title>\n<meta name=\"description\" content=\"Una farmacia online tedesca registrata. Offriamo: Spedizione internazionale veloce con DHL. Prodotto realizzato da vitOrgan | NeyDil No. 32 D7 fiale 5x2ml\" \/>\n<meta name=\"robots\" content=\"noindex, follow, max-snippet:-1, max-image-preview:large, max-video-preview:-1\" \/>\n<meta property=\"og:locale\" content=\"it_IT\" \/>\n<meta property=\"og:type\" content=\"article\" \/>\n<meta property=\"og:title\" content=\"NeyDil No. 32 D7 fiale 5x2ml &#187;\" \/>\n<meta property=\"og:description\" content=\"Una farmacia online tedesca registrata. Offriamo: Spedizione internazionale veloce con DHL. Prodotto realizzato da vitOrgan | NeyDil No. 32 D7 fiale 5x2ml\" \/>\n<meta property=\"og:url\" content=\"https:\/\/loewentestneu.metafex.io\/it\/prodotto\/neydil-no-32-d7-fiale-5x2ml-06486765\" \/>\n<meta property=\"og:site_name\" content=\"Lion Pharmacy\" \/>\n<meta property=\"article:modified_time\" content=\"2026-01-10T17:13:22+00:00\" \/>\n<meta property=\"og:image\" content=\"https:\/\/loewentestneu.metafex.io\/wp-content\/uploads\/2025\/01\/Neydil-No.-32-D7-Vitorgan-PZN-6486765-Lions-Pharmacy.webp\" \/>\n\t<meta property=\"og:image:width\" content=\"600\" \/>\n\t<meta property=\"og:image:height\" content=\"600\" \/>\n\t<meta property=\"og:image:type\" content=\"image\/webp\" \/>\n<meta name=\"twitter:card\" content=\"summary_large_image\" \/>\n<meta name=\"twitter:label1\" content=\"Tempo di lettura stimato\" \/>\n\t<meta name=\"twitter:data1\" content=\"2 minuti\" \/>\n<script type=\"application\/ld+json\" class=\"yoast-schema-graph\">{\"@context\":\"https:\/\/schema.org\",\"@graph\":[{\"@type\":\"WebPage\",\"@id\":\"https:\/\/loewentestneu.metafex.io\/it\/prodotto\/neydil-no-32-d7-fiale-5x2ml-06486765\",\"url\":\"https:\/\/loewentestneu.metafex.io\/it\/prodotto\/neydil-no-32-d7-fiale-5x2ml-06486765\",\"name\":\"NeyDil No. 32 D7 fiale 5x2ml &#187;\",\"isPartOf\":{\"@id\":\"https:\/\/loewentestneu.metafex.io\/it#website\"},\"primaryImageOfPage\":{\"@id\":\"https:\/\/loewentestneu.metafex.io\/it\/prodotto\/neydil-no-32-d7-fiale-5x2ml-06486765#primaryimage\"},\"image\":{\"@id\":\"https:\/\/loewentestneu.metafex.io\/it\/prodotto\/neydil-no-32-d7-fiale-5x2ml-06486765#primaryimage\"},\"thumbnailUrl\":\"https:\/\/loewentestneu.metafex.io\/wp-content\/uploads\/2025\/01\/Neydil-No.-32-D7-Vitorgan-PZN-6486765-Lions-Pharmacy.webp\",\"datePublished\":\"2025-01-15T10:59:42+00:00\",\"dateModified\":\"2026-01-10T17:13:22+00:00\",\"description\":\"Una farmacia online tedesca registrata. Offriamo: Spedizione internazionale veloce con DHL. Prodotto realizzato da vitOrgan | NeyDil No. 32 D7 fiale 5x2ml\",\"breadcrumb\":{\"@id\":\"https:\/\/loewentestneu.metafex.io\/it\/prodotto\/neydil-no-32-d7-fiale-5x2ml-06486765#breadcrumb\"},\"inLanguage\":\"it-IT\",\"potentialAction\":[{\"@type\":\"ReadAction\",\"target\":[\"https:\/\/loewentestneu.metafex.io\/it\/prodotto\/neydil-no-32-d7-fiale-5x2ml-06486765\"]}]},{\"@type\":\"ImageObject\",\"inLanguage\":\"it-IT\",\"@id\":\"https:\/\/loewentestneu.metafex.io\/it\/prodotto\/neydil-no-32-d7-fiale-5x2ml-06486765#primaryimage\",\"url\":\"https:\/\/loewentestneu.metafex.io\/wp-content\/uploads\/2025\/01\/Neydil-No.-32-D7-Vitorgan-PZN-6486765-Lions-Pharmacy.webp\",\"contentUrl\":\"https:\/\/loewentestneu.metafex.io\/wp-content\/uploads\/2025\/01\/Neydil-No.-32-D7-Vitorgan-PZN-6486765-Lions-Pharmacy.webp\",\"width\":600,\"height\":600,\"caption\":\"Neydil No. 32 D7 Vitorgan PZN 6486765 Farmacia Lions\"},{\"@type\":\"BreadcrumbList\",\"@id\":\"https:\/\/loewentestneu.metafex.io\/it\/prodotto\/neydil-no-32-d7-fiale-5x2ml-06486765#breadcrumb\",\"itemListElement\":[{\"@type\":\"ListItem\",\"position\":1,\"name\":\"Home\",\"item\":\"https:\/\/loewentestneu.metafex.io\/it\/homepage-lion-pharmacy\"},{\"@type\":\"ListItem\",\"position\":2,\"name\":\"Shop\",\"item\":\"https:\/\/loewentestneu.metafex.io\/it\/negozio\"},{\"@type\":\"ListItem\",\"position\":3,\"name\":\"NeyDil No. 32 D7 fiale 5x2ml\"}]},{\"@type\":\"WebSite\",\"@id\":\"https:\/\/loewentestneu.metafex.io\/it#website\",\"url\":\"https:\/\/loewentestneu.metafex.io\/it\",\"name\":\"Lions Pharmacy\",\"description\":\"Farmacia specializzata in naturopatia di Baden-Baden, Germania\",\"publisher\":{\"@id\":\"https:\/\/loewentestneu.metafex.io\/it#organization\"},\"alternateName\":\"Lion Pharmacy\",\"potentialAction\":[{\"@type\":\"SearchAction\",\"target\":{\"@type\":\"EntryPoint\",\"urlTemplate\":\"https:\/\/loewentestneu.metafex.io\/it?s={search_term_string}\"},\"query-input\":{\"@type\":\"PropertyValueSpecification\",\"valueRequired\":true,\"valueName\":\"search_term_string\"}}],\"inLanguage\":\"it-IT\"},{\"@type\":\"Organization\",\"@id\":\"https:\/\/loewentestneu.metafex.io\/it#organization\",\"name\":\"Lions Pharmacy\",\"alternateName\":\"Lions Pharmacy24\",\"url\":\"https:\/\/loewentestneu.metafex.io\/it\",\"logo\":{\"@type\":\"ImageObject\",\"inLanguage\":\"it-IT\",\"@id\":\"https:\/\/loewentestneu.metafex.io\/it#\/schema\/logo\/image\/\",\"url\":\"https:\/\/loewentestneu.metafex.io\/wp-content\/uploads\/2022\/12\/Logo-Lion-Pharmacy-c-o-Loewen-Apotheke-smal.jpg\",\"contentUrl\":\"https:\/\/loewentestneu.metafex.io\/wp-content\/uploads\/2022\/12\/Logo-Lion-Pharmacy-c-o-Loewen-Apotheke-smal.jpg\",\"width\":298,\"height\":99,\"caption\":\"Lions Pharmacy\"},\"image\":{\"@id\":\"https:\/\/loewentestneu.metafex.io\/it#\/schema\/logo\/image\/\"}}]}<\/script>\n<!-- \/ Yoast SEO plugin. -->","yoast_head_json":{"title":"NeyDil No. 32 D7 fiale 5x2ml &#187;","description":"Una farmacia online tedesca registrata. Offriamo: Spedizione internazionale veloce con DHL. Prodotto realizzato da vitOrgan | NeyDil No. 32 D7 fiale 5x2ml","robots":{"index":"noindex","follow":"follow","max-snippet":"max-snippet:-1","max-image-preview":"max-image-preview:large","max-video-preview":"max-video-preview:-1"},"og_locale":"it_IT","og_type":"article","og_title":"NeyDil No. 32 D7 fiale 5x2ml &#187;","og_description":"Una farmacia online tedesca registrata. Offriamo: Spedizione internazionale veloce con DHL. Prodotto realizzato da vitOrgan | NeyDil No. 32 D7 fiale 5x2ml","og_url":"https:\/\/loewentestneu.metafex.io\/it\/prodotto\/neydil-no-32-d7-fiale-5x2ml-06486765","og_site_name":"Lion Pharmacy","article_modified_time":"2026-01-10T17:13:22+00:00","og_image":[{"width":600,"height":600,"url":"https:\/\/loewentestneu.metafex.io\/wp-content\/uploads\/2025\/01\/Neydil-No.-32-D7-Vitorgan-PZN-6486765-Lions-Pharmacy.webp","type":"image\/webp"}],"twitter_card":"summary_large_image","twitter_misc":{"Tempo di lettura stimato":"2 minuti"},"schema":{"@context":"https:\/\/schema.org","@graph":[{"@type":"WebPage","@id":"https:\/\/loewentestneu.metafex.io\/it\/prodotto\/neydil-no-32-d7-fiale-5x2ml-06486765","url":"https:\/\/loewentestneu.metafex.io\/it\/prodotto\/neydil-no-32-d7-fiale-5x2ml-06486765","name":"NeyDil No. 32 D7 fiale 5x2ml &#187;","isPartOf":{"@id":"https:\/\/loewentestneu.metafex.io\/it#website"},"primaryImageOfPage":{"@id":"https:\/\/loewentestneu.metafex.io\/it\/prodotto\/neydil-no-32-d7-fiale-5x2ml-06486765#primaryimage"},"image":{"@id":"https:\/\/loewentestneu.metafex.io\/it\/prodotto\/neydil-no-32-d7-fiale-5x2ml-06486765#primaryimage"},"thumbnailUrl":"https:\/\/loewentestneu.metafex.io\/wp-content\/uploads\/2025\/01\/Neydil-No.-32-D7-Vitorgan-PZN-6486765-Lions-Pharmacy.webp","datePublished":"2025-01-15T10:59:42+00:00","dateModified":"2026-01-10T17:13:22+00:00","description":"Una farmacia online tedesca registrata. Offriamo: Spedizione internazionale veloce con DHL. Prodotto realizzato da vitOrgan | NeyDil No. 32 D7 fiale 5x2ml","breadcrumb":{"@id":"https:\/\/loewentestneu.metafex.io\/it\/prodotto\/neydil-no-32-d7-fiale-5x2ml-06486765#breadcrumb"},"inLanguage":"it-IT","potentialAction":[{"@type":"ReadAction","target":["https:\/\/loewentestneu.metafex.io\/it\/prodotto\/neydil-no-32-d7-fiale-5x2ml-06486765"]}]},{"@type":"ImageObject","inLanguage":"it-IT","@id":"https:\/\/loewentestneu.metafex.io\/it\/prodotto\/neydil-no-32-d7-fiale-5x2ml-06486765#primaryimage","url":"https:\/\/loewentestneu.metafex.io\/wp-content\/uploads\/2025\/01\/Neydil-No.-32-D7-Vitorgan-PZN-6486765-Lions-Pharmacy.webp","contentUrl":"https:\/\/loewentestneu.metafex.io\/wp-content\/uploads\/2025\/01\/Neydil-No.-32-D7-Vitorgan-PZN-6486765-Lions-Pharmacy.webp","width":600,"height":600,"caption":"Neydil No. 32 D7 Vitorgan PZN 6486765 Farmacia Lions"},{"@type":"BreadcrumbList","@id":"https:\/\/loewentestneu.metafex.io\/it\/prodotto\/neydil-no-32-d7-fiale-5x2ml-06486765#breadcrumb","itemListElement":[{"@type":"ListItem","position":1,"name":"Home","item":"https:\/\/loewentestneu.metafex.io\/it\/homepage-lion-pharmacy"},{"@type":"ListItem","position":2,"name":"Shop","item":"https:\/\/loewentestneu.metafex.io\/it\/negozio"},{"@type":"ListItem","position":3,"name":"NeyDil No. 32 D7 fiale 5x2ml"}]},{"@type":"WebSite","@id":"https:\/\/loewentestneu.metafex.io\/it#website","url":"https:\/\/loewentestneu.metafex.io\/it","name":"Lions Pharmacy","description":"Farmacia specializzata in naturopatia di Baden-Baden, Germania","publisher":{"@id":"https:\/\/loewentestneu.metafex.io\/it#organization"},"alternateName":"Lion Pharmacy","potentialAction":[{"@type":"SearchAction","target":{"@type":"EntryPoint","urlTemplate":"https:\/\/loewentestneu.metafex.io\/it?s={search_term_string}"},"query-input":{"@type":"PropertyValueSpecification","valueRequired":true,"valueName":"search_term_string"}}],"inLanguage":"it-IT"},{"@type":"Organization","@id":"https:\/\/loewentestneu.metafex.io\/it#organization","name":"Lions Pharmacy","alternateName":"Lions Pharmacy24","url":"https:\/\/loewentestneu.metafex.io\/it","logo":{"@type":"ImageObject","inLanguage":"it-IT","@id":"https:\/\/loewentestneu.metafex.io\/it#\/schema\/logo\/image\/","url":"https:\/\/loewentestneu.metafex.io\/wp-content\/uploads\/2022\/12\/Logo-Lion-Pharmacy-c-o-Loewen-Apotheke-smal.jpg","contentUrl":"https:\/\/loewentestneu.metafex.io\/wp-content\/uploads\/2022\/12\/Logo-Lion-Pharmacy-c-o-Loewen-Apotheke-smal.jpg","width":298,"height":99,"caption":"Lions Pharmacy"},"image":{"@id":"https:\/\/loewentestneu.metafex.io\/it#\/schema\/logo\/image\/"}}]}},"_links":{"self":[{"href":"https:\/\/loewentestneu.metafex.io\/it\/wp-json\/wp\/v2\/product\/8042","targetHints":{"allow":["GET"]}}],"collection":[{"href":"https:\/\/loewentestneu.metafex.io\/it\/wp-json\/wp\/v2\/product"}],"about":[{"href":"https:\/\/loewentestneu.metafex.io\/it\/wp-json\/wp\/v2\/types\/product"}],"replies":[{"embeddable":true,"href":"https:\/\/loewentestneu.metafex.io\/it\/wp-json\/wp\/v2\/comments?post=8042"}],"wp:featuredmedia":[{"embeddable":true,"href":"https:\/\/loewentestneu.metafex.io\/it\/wp-json\/wp\/v2\/media\/8048"}],"wp:attachment":[{"href":"https:\/\/loewentestneu.metafex.io\/it\/wp-json\/wp\/v2\/media?parent=8042"}],"wp:term":[{"taxonomy":"product_brand","embeddable":true,"href":"https:\/\/loewentestneu.metafex.io\/it\/wp-json\/wp\/v2\/product_brand?post=8042"},{"taxonomy":"product_cat","embeddable":true,"href":"https:\/\/loewentestneu.metafex.io\/it\/wp-json\/wp\/v2\/product_cat?post=8042"},{"taxonomy":"product_tag","embeddable":true,"href":"https:\/\/loewentestneu.metafex.io\/it\/wp-json\/wp\/v2\/product_tag?post=8042"}],"curies":[{"name":"wp","href":"https:\/\/api.w.org\/{rel}","templated":true}]}}