{"id":9171,"date":"2025-02-15T07:27:44","date_gmt":"2025-02-15T06:27:44","guid":{"rendered":"https:\/\/lions-pharmacy.com\/?post_type=product&#038;p=9171"},"modified":"2025-02-15T09:34:13","modified_gmt":"2025-02-15T08:34:13","slug":"pascorbin-infusion-set-solution-for-injection-saline-accessories-10-units","status":"publish","type":"product","link":"https:\/\/loewentestneu.metafex.io\/it\/prodotto\/pascorbin-infusion-set-solution-for-injection-saline-accessories-10-units","title":{"rendered":"Set per infusione PASCORBIN: Soluzione iniettabile, soluzione salina, accessori (10 unit\u00e0)"},"content":{"rendered":"<h2>Set per infusione PASCORBIN &#8211; Infusione di vitamina C<\/h2>\n<p>Il Pascorbin Infusion, infusione di Vitimane C, \u00e8 un set completo composto da singole unit\u00e0 corrispondenti del produttore Pascoe e B.Braun. In un set pratico per eseguire direttamente il trattamento.<\/p>\n<p>10x Pascorbin 7,5g 50ml &#8211; PZN 581310<br \/>\n10x soluzione salina 0,9% 500ml &#8211; da PZN 08609255<br \/>\n10x Set di trasferimento Transofix &#8211; PZN 03033218<br \/>\n10x Set di infusione Intrafix Air P &#8211; PZN 07666297<br \/>\n10x Venofix Safety G21 Verde &#8211; 17935338<\/p>\n<p>Il nostro Set completo per infusione di Pascorbin comprende gli accessori adatti per 10 infusioni\/unit\u00e0 di Pascorbin. Risparmia fino al 30% rispetto ai prezzi individuali.<\/p>\n<p>Contiene, tra l&#8217;altro: PASCORBIN\u00ae soluzione iniettabile &#8211; Acido ascorbico soluzione iniettabile &#8211; Per l&#8217;uso in adulti e bambini.<\/p>\n<p>Questo \u00e8 l&#8217;unico approvato per l&#8217;infusione ad alto dosaggio di vitamina C in Germania e in altri paesi europei. Pascorbin\u00ae entra direttamente nel flusso sanguigno e fornisce immediatamente vitamina C. Per il trattamento delle carenze cliniche di vitamina C che non possono essere risolte con l&#8217;alimentazione o sostituite per via orale.<\/p>\n<p>Pascorbin &#8211; Principio attivo: Acido ascorbico<\/p>\n<p>Una grave carenza di vitamina C pu\u00f2 essere presente in seguito a..:<\/p>\n<p>infezioni acute e croniche<br \/>\ndieta sbilanciata<br \/>\nmalattie infiammatorie croniche, ad esempio l&#8217;artrite<br \/>\nstanchezza cronica<br \/>\nDisturbi di assorbimento nell&#8217;intestino<br \/>\nOperazioni<br \/>\nFumatori<br \/>\nRiduzione delle prestazioni fisiche<br \/>\naumento della stanchezza e dell&#8217;irritabilit\u00e0<br \/>\nRidotta resistenza alle infezioni<\/p>\n<p>Non auto-trattare con iniezioni.<br \/>\nLa terapia iniettiva deve essere somministrata da un professionista in uno studio.<\/p>\n<p>Il portafoglio Pascoe comprende circa 200 prodotti. Questi includono medicinali a base di erbe, preparati vitaminici ad alte dosi, rimedi complessi omeopatici e integratori alimentari. La variet\u00e0 di medicinali tiene conto dei complessi requisiti dei prodotti sanitari. Il nostro successo ci d\u00e0 ragione anche a livello internazionale: i nostri prodotti vengono esportati in pi\u00f9 di 30 paesi in tutto il mondo e la tendenza \u00e8 in aumento.<\/p>\n<p>Altri prodotti per l&#8217;applicazione: <a href=\"https:\/\/loewentestneu.metafex.io\/product-tag\/homeopathy\">Omeopatia<\/a> | <a href=\"https:\/\/loewentestneu.metafex.io\/product-tag\/vitamins-supplements\">Vitamine<\/a> | <a href=\"https:\/\/loewentestneu.metafex.io\/product-tag\/virus-infection\">Infezioni <\/a> <\/p>\n<p>Ulteriori informazioni sul manufactorer e su questo prodotto: <a href=\"https:\/\/www.pascoe.de\/\" target=\"_blank\" rel=\"noopener\">Pascoe pharmazeutische Pr\u00e4parate GmbH<\/a> (link al sito esterno)<\/p>\n<p>Le informazioni contenute in questo sito web sono fornite solo a scopo informativo. Non sostituiscono in alcun modo la visita e il trattamento da parte di un medico. Ci\u00f2 significa che non \u00e8 possibile n\u00e9 fare diagnosi n\u00e9 iniziare terapie.<\/p>\n<p>Per i rischi e gli effetti collaterali, leggere il foglio illustrativo e chiedere al medico o al farmacista.<\/p>\n","protected":false},"excerpt":{"rendered":"<h2>Set per infusione PASCORBIN<\/h2>\n<p>Infusione di vitamina C. Soluzione iniettabile, soluzione salina, accessori.<\/p>\n<p>10x Pascorbin 7,5g 50ml &#8211; PZN 581310<br \/>\n10x soluzione salina 0,9% 500ml &#8211; da PZN 08609255<br \/>\n10x Set di trasferimento Transofix &#8211; PZN 03033218<br \/>\n10x Set di infusione Intrafix Air P &#8211; PZN 07666297<br \/>\n10x Venofix Safety G21 Verde &#8211; 17935338<\/p>\n<p><strong>Tipo di prescrizione: senza prescrizione<\/strong><\/p>\n<p><strong>Produttore<\/strong>: Pascoe pharmazeutische Pr\u00e4parate GmbH<\/p>\n","protected":false},"featured_media":9177,"comment_status":"closed","ping_status":"closed","template":"","meta":[],"product_brand":[],"product_cat":[565,600,115],"product_tag":[270,298,515,307,268],"class_list":{"0":"post-9171","1":"product","2":"type-product","3":"status-publish","4":"has-post-thumbnail","6":"product_cat-offerte-esclusive","7":"product_cat-pascoe-it","8":"product_cat-non-categorizzato","9":"product_tag-benessere","10":"product_tag-concentrazione-e-stress","11":"product_tag-corona-e-difese-immunitarie","12":"product_tag-omeopatia","13":"product_tag-vitamine-e-integratori","14":"ts_product_brand-all-it","15":"ts_product_brand-pascoe-it","17":"first","18":"instock","19":"sale","20":"taxable","21":"shipping-taxable","22":"purchasable","23":"product-type-simple"},"yoast_head":"<!-- This site is optimized with the Yoast SEO plugin v26.5 - https:\/\/yoast.com\/wordpress\/plugins\/seo\/ -->\n<title>PASCORBIN Set per infusione: Soluzione iniettabile (10 unit\u00e0)<\/title>\n<meta name=\"description\" content=\"Farmacia tedesca registrata. Spedizione internazionale veloce. Scopri di pi\u00f9 su Pascoe. Infusione di vitamina C, set per infusione PASCORBIN: Soluzione iniettabile\" \/>\n<meta name=\"robots\" content=\"noindex, follow, max-snippet:-1, max-image-preview:large, max-video-preview:-1\" \/>\n<meta property=\"og:locale\" content=\"it_IT\" \/>\n<meta property=\"og:type\" content=\"article\" \/>\n<meta property=\"og:title\" content=\"PASCORBIN Set per infusione: Soluzione iniettabile (10 unit\u00e0)\" \/>\n<meta property=\"og:description\" content=\"Farmacia tedesca registrata. Spedizione internazionale veloce. Scopri di pi\u00f9 su Pascoe. Infusione di vitamina C, set per infusione PASCORBIN: Soluzione iniettabile\" \/>\n<meta property=\"og:url\" content=\"https:\/\/loewentestneu.metafex.io\/it\/prodotto\/pascorbin-infusion-set-solution-for-injection-saline-accessories-10-units\" \/>\n<meta property=\"og:site_name\" content=\"Lion Pharmacy\" \/>\n<meta property=\"article:modified_time\" content=\"2025-02-15T08:34:13+00:00\" \/>\n<meta property=\"og:image\" content=\"https:\/\/loewentestneu.metafex.io\/wp-content\/uploads\/2025\/02\/Pascorbin-Infusion-Set-Vitamine-C-infusion-Pasoe.webp\" \/>\n\t<meta property=\"og:image:width\" content=\"600\" \/>\n\t<meta property=\"og:image:height\" content=\"600\" \/>\n\t<meta property=\"og:image:type\" content=\"image\/webp\" \/>\n<meta name=\"twitter:card\" content=\"summary_large_image\" \/>\n<meta name=\"twitter:label1\" content=\"Tempo di lettura stimato\" \/>\n\t<meta name=\"twitter:data1\" content=\"2 minuti\" \/>\n<script type=\"application\/ld+json\" class=\"yoast-schema-graph\">{\"@context\":\"https:\/\/schema.org\",\"@graph\":[{\"@type\":\"WebPage\",\"@id\":\"https:\/\/loewentestneu.metafex.io\/it\/prodotto\/pascorbin-infusion-set-solution-for-injection-saline-accessories-10-units\",\"url\":\"https:\/\/loewentestneu.metafex.io\/it\/prodotto\/pascorbin-infusion-set-solution-for-injection-saline-accessories-10-units\",\"name\":\"PASCORBIN Set per infusione: Soluzione iniettabile (10 unit\u00e0)\",\"isPartOf\":{\"@id\":\"https:\/\/loewentestneu.metafex.io\/it#website\"},\"primaryImageOfPage\":{\"@id\":\"https:\/\/loewentestneu.metafex.io\/it\/prodotto\/pascorbin-infusion-set-solution-for-injection-saline-accessories-10-units#primaryimage\"},\"image\":{\"@id\":\"https:\/\/loewentestneu.metafex.io\/it\/prodotto\/pascorbin-infusion-set-solution-for-injection-saline-accessories-10-units#primaryimage\"},\"thumbnailUrl\":\"https:\/\/loewentestneu.metafex.io\/wp-content\/uploads\/2025\/02\/Pascorbin-Infusion-Set-Vitamine-C-infusion-Pasoe.webp\",\"datePublished\":\"2025-02-15T06:27:44+00:00\",\"dateModified\":\"2025-02-15T08:34:13+00:00\",\"description\":\"Farmacia tedesca registrata. Spedizione internazionale veloce. Scopri di pi\u00f9 su Pascoe. Infusione di vitamina C, set per infusione PASCORBIN: Soluzione iniettabile\",\"breadcrumb\":{\"@id\":\"https:\/\/loewentestneu.metafex.io\/it\/prodotto\/pascorbin-infusion-set-solution-for-injection-saline-accessories-10-units#breadcrumb\"},\"inLanguage\":\"it-IT\",\"potentialAction\":[{\"@type\":\"ReadAction\",\"target\":[\"https:\/\/loewentestneu.metafex.io\/it\/prodotto\/pascorbin-infusion-set-solution-for-injection-saline-accessories-10-units\"]}]},{\"@type\":\"ImageObject\",\"inLanguage\":\"it-IT\",\"@id\":\"https:\/\/loewentestneu.metafex.io\/it\/prodotto\/pascorbin-infusion-set-solution-for-injection-saline-accessories-10-units#primaryimage\",\"url\":\"https:\/\/loewentestneu.metafex.io\/wp-content\/uploads\/2025\/02\/Pascorbin-Infusion-Set-Vitamine-C-infusion-Pasoe.webp\",\"contentUrl\":\"https:\/\/loewentestneu.metafex.io\/wp-content\/uploads\/2025\/02\/Pascorbin-Infusion-Set-Vitamine-C-infusion-Pasoe.webp\",\"width\":600,\"height\":600,\"caption\":\"Un set per infuso di Pascorbin, infuso di vitamina C di Pascoe e B.Braun\"},{\"@type\":\"BreadcrumbList\",\"@id\":\"https:\/\/loewentestneu.metafex.io\/it\/prodotto\/pascorbin-infusion-set-solution-for-injection-saline-accessories-10-units#breadcrumb\",\"itemListElement\":[{\"@type\":\"ListItem\",\"position\":1,\"name\":\"Home\",\"item\":\"https:\/\/loewentestneu.metafex.io\/it\/homepage-lion-pharmacy\"},{\"@type\":\"ListItem\",\"position\":2,\"name\":\"Shop\",\"item\":\"https:\/\/loewentestneu.metafex.io\/it\/negozio\"},{\"@type\":\"ListItem\",\"position\":3,\"name\":\"Set per infusione PASCORBIN: Soluzione iniettabile, soluzione salina, accessori (10 unit\u00e0)\"}]},{\"@type\":\"WebSite\",\"@id\":\"https:\/\/loewentestneu.metafex.io\/it#website\",\"url\":\"https:\/\/loewentestneu.metafex.io\/it\",\"name\":\"Lions Pharmacy\",\"description\":\"Farmacia specializzata in naturopatia di Baden-Baden, Germania\",\"publisher\":{\"@id\":\"https:\/\/loewentestneu.metafex.io\/it#organization\"},\"alternateName\":\"Lion Pharmacy\",\"potentialAction\":[{\"@type\":\"SearchAction\",\"target\":{\"@type\":\"EntryPoint\",\"urlTemplate\":\"https:\/\/loewentestneu.metafex.io\/it?s={search_term_string}\"},\"query-input\":{\"@type\":\"PropertyValueSpecification\",\"valueRequired\":true,\"valueName\":\"search_term_string\"}}],\"inLanguage\":\"it-IT\"},{\"@type\":\"Organization\",\"@id\":\"https:\/\/loewentestneu.metafex.io\/it#organization\",\"name\":\"Lions Pharmacy\",\"alternateName\":\"Lions Pharmacy24\",\"url\":\"https:\/\/loewentestneu.metafex.io\/it\",\"logo\":{\"@type\":\"ImageObject\",\"inLanguage\":\"it-IT\",\"@id\":\"https:\/\/loewentestneu.metafex.io\/it#\/schema\/logo\/image\/\",\"url\":\"https:\/\/loewentestneu.metafex.io\/wp-content\/uploads\/2022\/12\/Logo-Lion-Pharmacy-c-o-Loewen-Apotheke-smal.jpg\",\"contentUrl\":\"https:\/\/loewentestneu.metafex.io\/wp-content\/uploads\/2022\/12\/Logo-Lion-Pharmacy-c-o-Loewen-Apotheke-smal.jpg\",\"width\":298,\"height\":99,\"caption\":\"Lions Pharmacy\"},\"image\":{\"@id\":\"https:\/\/loewentestneu.metafex.io\/it#\/schema\/logo\/image\/\"}}]}<\/script>\n<!-- \/ Yoast SEO plugin. -->","yoast_head_json":{"title":"PASCORBIN Set per infusione: Soluzione iniettabile (10 unit\u00e0)","description":"Farmacia tedesca registrata. Spedizione internazionale veloce. Scopri di pi\u00f9 su Pascoe. Infusione di vitamina C, set per infusione PASCORBIN: Soluzione iniettabile","robots":{"index":"noindex","follow":"follow","max-snippet":"max-snippet:-1","max-image-preview":"max-image-preview:large","max-video-preview":"max-video-preview:-1"},"og_locale":"it_IT","og_type":"article","og_title":"PASCORBIN Set per infusione: Soluzione iniettabile (10 unit\u00e0)","og_description":"Farmacia tedesca registrata. Spedizione internazionale veloce. Scopri di pi\u00f9 su Pascoe. Infusione di vitamina C, set per infusione PASCORBIN: Soluzione iniettabile","og_url":"https:\/\/loewentestneu.metafex.io\/it\/prodotto\/pascorbin-infusion-set-solution-for-injection-saline-accessories-10-units","og_site_name":"Lion Pharmacy","article_modified_time":"2025-02-15T08:34:13+00:00","og_image":[{"width":600,"height":600,"url":"https:\/\/loewentestneu.metafex.io\/wp-content\/uploads\/2025\/02\/Pascorbin-Infusion-Set-Vitamine-C-infusion-Pasoe.webp","type":"image\/webp"}],"twitter_card":"summary_large_image","twitter_misc":{"Tempo di lettura stimato":"2 minuti"},"schema":{"@context":"https:\/\/schema.org","@graph":[{"@type":"WebPage","@id":"https:\/\/loewentestneu.metafex.io\/it\/prodotto\/pascorbin-infusion-set-solution-for-injection-saline-accessories-10-units","url":"https:\/\/loewentestneu.metafex.io\/it\/prodotto\/pascorbin-infusion-set-solution-for-injection-saline-accessories-10-units","name":"PASCORBIN Set per infusione: Soluzione iniettabile (10 unit\u00e0)","isPartOf":{"@id":"https:\/\/loewentestneu.metafex.io\/it#website"},"primaryImageOfPage":{"@id":"https:\/\/loewentestneu.metafex.io\/it\/prodotto\/pascorbin-infusion-set-solution-for-injection-saline-accessories-10-units#primaryimage"},"image":{"@id":"https:\/\/loewentestneu.metafex.io\/it\/prodotto\/pascorbin-infusion-set-solution-for-injection-saline-accessories-10-units#primaryimage"},"thumbnailUrl":"https:\/\/loewentestneu.metafex.io\/wp-content\/uploads\/2025\/02\/Pascorbin-Infusion-Set-Vitamine-C-infusion-Pasoe.webp","datePublished":"2025-02-15T06:27:44+00:00","dateModified":"2025-02-15T08:34:13+00:00","description":"Farmacia tedesca registrata. Spedizione internazionale veloce. Scopri di pi\u00f9 su Pascoe. Infusione di vitamina C, set per infusione PASCORBIN: Soluzione iniettabile","breadcrumb":{"@id":"https:\/\/loewentestneu.metafex.io\/it\/prodotto\/pascorbin-infusion-set-solution-for-injection-saline-accessories-10-units#breadcrumb"},"inLanguage":"it-IT","potentialAction":[{"@type":"ReadAction","target":["https:\/\/loewentestneu.metafex.io\/it\/prodotto\/pascorbin-infusion-set-solution-for-injection-saline-accessories-10-units"]}]},{"@type":"ImageObject","inLanguage":"it-IT","@id":"https:\/\/loewentestneu.metafex.io\/it\/prodotto\/pascorbin-infusion-set-solution-for-injection-saline-accessories-10-units#primaryimage","url":"https:\/\/loewentestneu.metafex.io\/wp-content\/uploads\/2025\/02\/Pascorbin-Infusion-Set-Vitamine-C-infusion-Pasoe.webp","contentUrl":"https:\/\/loewentestneu.metafex.io\/wp-content\/uploads\/2025\/02\/Pascorbin-Infusion-Set-Vitamine-C-infusion-Pasoe.webp","width":600,"height":600,"caption":"Un set per infuso di Pascorbin, infuso di vitamina C di Pascoe e B.Braun"},{"@type":"BreadcrumbList","@id":"https:\/\/loewentestneu.metafex.io\/it\/prodotto\/pascorbin-infusion-set-solution-for-injection-saline-accessories-10-units#breadcrumb","itemListElement":[{"@type":"ListItem","position":1,"name":"Home","item":"https:\/\/loewentestneu.metafex.io\/it\/homepage-lion-pharmacy"},{"@type":"ListItem","position":2,"name":"Shop","item":"https:\/\/loewentestneu.metafex.io\/it\/negozio"},{"@type":"ListItem","position":3,"name":"Set per infusione PASCORBIN: Soluzione iniettabile, soluzione salina, accessori (10 unit\u00e0)"}]},{"@type":"WebSite","@id":"https:\/\/loewentestneu.metafex.io\/it#website","url":"https:\/\/loewentestneu.metafex.io\/it","name":"Lions Pharmacy","description":"Farmacia specializzata in naturopatia di Baden-Baden, Germania","publisher":{"@id":"https:\/\/loewentestneu.metafex.io\/it#organization"},"alternateName":"Lion Pharmacy","potentialAction":[{"@type":"SearchAction","target":{"@type":"EntryPoint","urlTemplate":"https:\/\/loewentestneu.metafex.io\/it?s={search_term_string}"},"query-input":{"@type":"PropertyValueSpecification","valueRequired":true,"valueName":"search_term_string"}}],"inLanguage":"it-IT"},{"@type":"Organization","@id":"https:\/\/loewentestneu.metafex.io\/it#organization","name":"Lions Pharmacy","alternateName":"Lions Pharmacy24","url":"https:\/\/loewentestneu.metafex.io\/it","logo":{"@type":"ImageObject","inLanguage":"it-IT","@id":"https:\/\/loewentestneu.metafex.io\/it#\/schema\/logo\/image\/","url":"https:\/\/loewentestneu.metafex.io\/wp-content\/uploads\/2022\/12\/Logo-Lion-Pharmacy-c-o-Loewen-Apotheke-smal.jpg","contentUrl":"https:\/\/loewentestneu.metafex.io\/wp-content\/uploads\/2022\/12\/Logo-Lion-Pharmacy-c-o-Loewen-Apotheke-smal.jpg","width":298,"height":99,"caption":"Lions Pharmacy"},"image":{"@id":"https:\/\/loewentestneu.metafex.io\/it#\/schema\/logo\/image\/"}}]}},"_links":{"self":[{"href":"https:\/\/loewentestneu.metafex.io\/it\/wp-json\/wp\/v2\/product\/9171","targetHints":{"allow":["GET"]}}],"collection":[{"href":"https:\/\/loewentestneu.metafex.io\/it\/wp-json\/wp\/v2\/product"}],"about":[{"href":"https:\/\/loewentestneu.metafex.io\/it\/wp-json\/wp\/v2\/types\/product"}],"replies":[{"embeddable":true,"href":"https:\/\/loewentestneu.metafex.io\/it\/wp-json\/wp\/v2\/comments?post=9171"}],"wp:featuredmedia":[{"embeddable":true,"href":"https:\/\/loewentestneu.metafex.io\/it\/wp-json\/wp\/v2\/media\/9177"}],"wp:attachment":[{"href":"https:\/\/loewentestneu.metafex.io\/it\/wp-json\/wp\/v2\/media?parent=9171"}],"wp:term":[{"taxonomy":"product_brand","embeddable":true,"href":"https:\/\/loewentestneu.metafex.io\/it\/wp-json\/wp\/v2\/product_brand?post=9171"},{"taxonomy":"product_cat","embeddable":true,"href":"https:\/\/loewentestneu.metafex.io\/it\/wp-json\/wp\/v2\/product_cat?post=9171"},{"taxonomy":"product_tag","embeddable":true,"href":"https:\/\/loewentestneu.metafex.io\/it\/wp-json\/wp\/v2\/product_tag?post=9171"}],"curies":[{"name":"wp","href":"https:\/\/api.w.org\/{rel}","templated":true}]}}