{"id":9547,"date":"2025-02-26T14:04:15","date_gmt":"2025-02-26T13:04:15","guid":{"rendered":"https:\/\/lions-pharmacy.com\/?post_type=product&#038;p=9547"},"modified":"2025-03-12T07:15:09","modified_gmt":"2025-03-12T06:15:09","slug":"wobecare-cbd-active-cream-16818814","status":"publish","type":"product","link":"https:\/\/loewentestneu.metafex.io\/it\/prodotto\/wobecare-cbd-active-cream-16818814","title":{"rendered":"Wobecare CBD Active Cream (100 ml)"},"content":{"rendered":"<h3 class=\"mb-2.5 flex-1 break-words text-xl font-medium mobile:text-2xl tablet:mb-0\" data-qa-id=\"product-title\">Wobecare CBD Crema Attiva<\/h3>\n<p>Wobecare CBD Active Cream \u00e8 una miscela unica di CBD ad alto dosaggio (500 mg per tubo) e di ingredienti vegetali selezionati come arnica, comfrey, mentolo, canfora, wintergreen, aloe vera e olio di broccoli. Grazie alla sua formulazione innovativa, fornisce un effetto calmante immediato e una sensazione di raffreddamento che dona comfort e sollievo alla pelle.<\/p>\n<p>Il CBD &#8211; il suo potere positivo ha una lunga tradizione<br \/>\nI prodotti contenenti CBD (cannabidiolo) sono attualmente molto popolari. Non c&#8217;\u00e8 da stupirsi, visto che il noto ingrediente della pianta di canapa \u00e8 apprezzato per le sue numerose propriet\u00e0 positive e le sue diverse applicazioni. Non \u00e8 intossicante n\u00e9 crea dipendenza (0,0% THC).<\/p>\n<p>Foglio illustrativo\/istruzioni per l&#8217;uso\/scheda tecnica dell&#8217;articolo: \u2013 (lettore PDF)<\/p>\n<p>Altri prodotti di: <a href=\"https:\/\/loewentestneu.metafex.io\/product-tag\/vitamins-supplements\">Vitamine e integratori Prodotti<\/a><\/p>\n<p>Ulteriori dettagli sul prodotto sono disponibili presso il produttore: <a href=\"https:\/\/www.wobenzym.de\/wobecare\" target=\"_blank\" rel=\"noopener\">Mucos &#8211; Wobenzym<\/a><\/p>\n<p>Le informazioni contenute in questo sito web sono fornite solo a scopo informativo. Non sostituiscono in alcun modo la visita e il trattamento da parte di un medico. Ci\u00f2 significa che non \u00e8 possibile n\u00e9 fare diagnosi n\u00e9 iniziare terapie.<\/p>\n<p>Per i rischi e gli effetti collaterali, leggere il foglio illustrativo e rivolgersi al medico o al farmacista.<\/p>\n<p>&nbsp;<\/p>\n<h3>Prescrizione | \u00c8 disponibile una prescrizione elettronica?<\/h3>\n<p>Invia subito la tua prescrizione elettronica. Usa la nostra app <a href=\"https:\/\/e-rezept-app.de\/shop-rezept\" target=\"_blank\" rel=\"noopener\">per la prescrizione elettronica<\/a> . E noi ti diamo le spese di spedizione gratis in Germania!<\/p>\n","protected":false},"excerpt":{"rendered":"<h2 class=\"mb-2.5 flex-1 break-words text-xl font-medium mobile:text-2xl tablet:mb-0\" data-qa-id=\"product-title\">Wobecare CBD Crema Attiva<\/h2>\n<p>Active Cream &#8211; Trattamento lenitivo con CBD per la pelle stressata<\/p>\n<p>&nbsp;<\/p>\n<p><strong>PZN<\/strong>: 16818814<\/p>\n<p><strong>Forma di dosaggio<\/strong>: crema<\/p>\n<p><strong>Confezione<\/strong>: 100 ml<\/p>\n<p><strong>Tipo di prescrizione:<\/strong> senza ricetta<\/p>\n<p><strong>Marca<\/strong>: &#8211;<\/p>\n<p><strong>Produttore<\/strong>: MUCOS, Germania<\/p>\n","protected":false},"featured_media":9552,"comment_status":"closed","ping_status":"closed","template":"","meta":[],"product_brand":[],"product_cat":[565,124,115],"product_tag":[270,269,307,271,480,268],"class_list":{"0":"post-9547","1":"product","2":"type-product","3":"status-publish","4":"has-post-thumbnail","6":"product_cat-offerte-esclusive","7":"product_cat-sale-it","8":"product_cat-non-categorizzato","9":"product_tag-benessere","10":"product_tag-gestione-del-peso","11":"product_tag-omeopatia","12":"product_tag-peso-e-forma-fisica","13":"product_tag-rimedi-naturali","14":"product_tag-vitamine-e-integratori","15":"ts_product_brand-all-it","17":"first","18":"instock","19":"sale","20":"taxable","21":"shipping-taxable","22":"purchasable","23":"product-type-simple"},"yoast_head":"<!-- This site is optimized with the Yoast SEO plugin v26.5 - https:\/\/yoast.com\/wordpress\/plugins\/seo\/ -->\n<title>Wobecare CBD Active Cream (100 ml) &#187; su Lion Pharmacy<\/title>\n<meta name=\"description\" content=\"Una farmacia online tedesca registrata. Offriamo: prodotti per la cura degli animali, spedizioni rapide in tutto il mondo e un servizio eccellente. MUCOS: Wobecare CBD Active Cream (100 ml)\" \/>\n<meta name=\"robots\" content=\"noindex, follow, max-snippet:-1, max-image-preview:large, max-video-preview:-1\" \/>\n<meta property=\"og:locale\" content=\"it_IT\" \/>\n<meta property=\"og:type\" content=\"article\" \/>\n<meta property=\"og:title\" content=\"Wobecare CBD Active Cream (100 ml) &#187; su Lion Pharmacy\" \/>\n<meta property=\"og:description\" content=\"Una farmacia online tedesca registrata. Offriamo: prodotti per la cura degli animali, spedizioni rapide in tutto il mondo e un servizio eccellente. MUCOS: Wobecare CBD Active Cream (100 ml)\" \/>\n<meta property=\"og:url\" content=\"https:\/\/loewentestneu.metafex.io\/it\/prodotto\/wobecare-cbd-active-cream-16818814\" \/>\n<meta property=\"og:site_name\" content=\"Lion Pharmacy\" \/>\n<meta property=\"article:modified_time\" content=\"2025-03-12T06:15:09+00:00\" \/>\n<meta property=\"og:image\" content=\"https:\/\/loewentestneu.metafex.io\/wp-content\/uploads\/2025\/02\/Wobecare-CBD-Active-Cream-100ml-Lions-Pharmacy.webp\" \/>\n\t<meta property=\"og:image:width\" content=\"600\" \/>\n\t<meta property=\"og:image:height\" content=\"600\" \/>\n\t<meta property=\"og:image:type\" content=\"image\/webp\" \/>\n<meta name=\"twitter:card\" content=\"summary_large_image\" \/>\n<meta name=\"twitter:label1\" content=\"Tempo di lettura stimato\" \/>\n\t<meta name=\"twitter:data1\" content=\"1 minuto\" \/>\n<script type=\"application\/ld+json\" class=\"yoast-schema-graph\">{\"@context\":\"https:\/\/schema.org\",\"@graph\":[{\"@type\":\"WebPage\",\"@id\":\"https:\/\/loewentestneu.metafex.io\/it\/prodotto\/wobecare-cbd-active-cream-16818814\",\"url\":\"https:\/\/loewentestneu.metafex.io\/it\/prodotto\/wobecare-cbd-active-cream-16818814\",\"name\":\"Wobecare CBD Active Cream (100 ml) &#187; su Lion Pharmacy\",\"isPartOf\":{\"@id\":\"https:\/\/loewentestneu.metafex.io\/it#website\"},\"primaryImageOfPage\":{\"@id\":\"https:\/\/loewentestneu.metafex.io\/it\/prodotto\/wobecare-cbd-active-cream-16818814#primaryimage\"},\"image\":{\"@id\":\"https:\/\/loewentestneu.metafex.io\/it\/prodotto\/wobecare-cbd-active-cream-16818814#primaryimage\"},\"thumbnailUrl\":\"https:\/\/loewentestneu.metafex.io\/wp-content\/uploads\/2025\/02\/Wobecare-CBD-Active-Cream-100ml-Lions-Pharmacy.webp\",\"datePublished\":\"2025-02-26T13:04:15+00:00\",\"dateModified\":\"2025-03-12T06:15:09+00:00\",\"description\":\"Una farmacia online tedesca registrata. Offriamo: prodotti per la cura degli animali, spedizioni rapide in tutto il mondo e un servizio eccellente. MUCOS: Wobecare CBD Active Cream (100 ml)\",\"breadcrumb\":{\"@id\":\"https:\/\/loewentestneu.metafex.io\/it\/prodotto\/wobecare-cbd-active-cream-16818814#breadcrumb\"},\"inLanguage\":\"it-IT\",\"potentialAction\":[{\"@type\":\"ReadAction\",\"target\":[\"https:\/\/loewentestneu.metafex.io\/it\/prodotto\/wobecare-cbd-active-cream-16818814\"]}]},{\"@type\":\"ImageObject\",\"inLanguage\":\"it-IT\",\"@id\":\"https:\/\/loewentestneu.metafex.io\/it\/prodotto\/wobecare-cbd-active-cream-16818814#primaryimage\",\"url\":\"https:\/\/loewentestneu.metafex.io\/wp-content\/uploads\/2025\/02\/Wobecare-CBD-Active-Cream-100ml-Lions-Pharmacy.webp\",\"contentUrl\":\"https:\/\/loewentestneu.metafex.io\/wp-content\/uploads\/2025\/02\/Wobecare-CBD-Active-Cream-100ml-Lions-Pharmacy.webp\",\"width\":600,\"height\":600,\"caption\":\"Wobecare CBD Active Cream in tubo da 100 ml, presentato da Lions Pharmacy\"},{\"@type\":\"BreadcrumbList\",\"@id\":\"https:\/\/loewentestneu.metafex.io\/it\/prodotto\/wobecare-cbd-active-cream-16818814#breadcrumb\",\"itemListElement\":[{\"@type\":\"ListItem\",\"position\":1,\"name\":\"Home\",\"item\":\"https:\/\/loewentestneu.metafex.io\/it\/homepage-lion-pharmacy\"},{\"@type\":\"ListItem\",\"position\":2,\"name\":\"Shop\",\"item\":\"https:\/\/loewentestneu.metafex.io\/it\/negozio\"},{\"@type\":\"ListItem\",\"position\":3,\"name\":\"Wobecare CBD Active Cream (100 ml)\"}]},{\"@type\":\"WebSite\",\"@id\":\"https:\/\/loewentestneu.metafex.io\/it#website\",\"url\":\"https:\/\/loewentestneu.metafex.io\/it\",\"name\":\"Lions Pharmacy\",\"description\":\"Farmacia specializzata in naturopatia di Baden-Baden, Germania\",\"publisher\":{\"@id\":\"https:\/\/loewentestneu.metafex.io\/it#organization\"},\"alternateName\":\"Lion Pharmacy\",\"potentialAction\":[{\"@type\":\"SearchAction\",\"target\":{\"@type\":\"EntryPoint\",\"urlTemplate\":\"https:\/\/loewentestneu.metafex.io\/it?s={search_term_string}\"},\"query-input\":{\"@type\":\"PropertyValueSpecification\",\"valueRequired\":true,\"valueName\":\"search_term_string\"}}],\"inLanguage\":\"it-IT\"},{\"@type\":\"Organization\",\"@id\":\"https:\/\/loewentestneu.metafex.io\/it#organization\",\"name\":\"Lions Pharmacy\",\"alternateName\":\"Lions Pharmacy24\",\"url\":\"https:\/\/loewentestneu.metafex.io\/it\",\"logo\":{\"@type\":\"ImageObject\",\"inLanguage\":\"it-IT\",\"@id\":\"https:\/\/loewentestneu.metafex.io\/it#\/schema\/logo\/image\/\",\"url\":\"https:\/\/loewentestneu.metafex.io\/wp-content\/uploads\/2022\/12\/Logo-Lion-Pharmacy-c-o-Loewen-Apotheke-smal.jpg\",\"contentUrl\":\"https:\/\/loewentestneu.metafex.io\/wp-content\/uploads\/2022\/12\/Logo-Lion-Pharmacy-c-o-Loewen-Apotheke-smal.jpg\",\"width\":298,\"height\":99,\"caption\":\"Lions Pharmacy\"},\"image\":{\"@id\":\"https:\/\/loewentestneu.metafex.io\/it#\/schema\/logo\/image\/\"}}]}<\/script>\n<!-- \/ Yoast SEO plugin. -->","yoast_head_json":{"title":"Wobecare CBD Active Cream (100 ml) &#187; su Lion Pharmacy","description":"Una farmacia online tedesca registrata. Offriamo: prodotti per la cura degli animali, spedizioni rapide in tutto il mondo e un servizio eccellente. MUCOS: Wobecare CBD Active Cream (100 ml)","robots":{"index":"noindex","follow":"follow","max-snippet":"max-snippet:-1","max-image-preview":"max-image-preview:large","max-video-preview":"max-video-preview:-1"},"og_locale":"it_IT","og_type":"article","og_title":"Wobecare CBD Active Cream (100 ml) &#187; su Lion Pharmacy","og_description":"Una farmacia online tedesca registrata. Offriamo: prodotti per la cura degli animali, spedizioni rapide in tutto il mondo e un servizio eccellente. MUCOS: Wobecare CBD Active Cream (100 ml)","og_url":"https:\/\/loewentestneu.metafex.io\/it\/prodotto\/wobecare-cbd-active-cream-16818814","og_site_name":"Lion Pharmacy","article_modified_time":"2025-03-12T06:15:09+00:00","og_image":[{"width":600,"height":600,"url":"https:\/\/loewentestneu.metafex.io\/wp-content\/uploads\/2025\/02\/Wobecare-CBD-Active-Cream-100ml-Lions-Pharmacy.webp","type":"image\/webp"}],"twitter_card":"summary_large_image","twitter_misc":{"Tempo di lettura stimato":"1 minuto"},"schema":{"@context":"https:\/\/schema.org","@graph":[{"@type":"WebPage","@id":"https:\/\/loewentestneu.metafex.io\/it\/prodotto\/wobecare-cbd-active-cream-16818814","url":"https:\/\/loewentestneu.metafex.io\/it\/prodotto\/wobecare-cbd-active-cream-16818814","name":"Wobecare CBD Active Cream (100 ml) &#187; su Lion Pharmacy","isPartOf":{"@id":"https:\/\/loewentestneu.metafex.io\/it#website"},"primaryImageOfPage":{"@id":"https:\/\/loewentestneu.metafex.io\/it\/prodotto\/wobecare-cbd-active-cream-16818814#primaryimage"},"image":{"@id":"https:\/\/loewentestneu.metafex.io\/it\/prodotto\/wobecare-cbd-active-cream-16818814#primaryimage"},"thumbnailUrl":"https:\/\/loewentestneu.metafex.io\/wp-content\/uploads\/2025\/02\/Wobecare-CBD-Active-Cream-100ml-Lions-Pharmacy.webp","datePublished":"2025-02-26T13:04:15+00:00","dateModified":"2025-03-12T06:15:09+00:00","description":"Una farmacia online tedesca registrata. Offriamo: prodotti per la cura degli animali, spedizioni rapide in tutto il mondo e un servizio eccellente. MUCOS: Wobecare CBD Active Cream (100 ml)","breadcrumb":{"@id":"https:\/\/loewentestneu.metafex.io\/it\/prodotto\/wobecare-cbd-active-cream-16818814#breadcrumb"},"inLanguage":"it-IT","potentialAction":[{"@type":"ReadAction","target":["https:\/\/loewentestneu.metafex.io\/it\/prodotto\/wobecare-cbd-active-cream-16818814"]}]},{"@type":"ImageObject","inLanguage":"it-IT","@id":"https:\/\/loewentestneu.metafex.io\/it\/prodotto\/wobecare-cbd-active-cream-16818814#primaryimage","url":"https:\/\/loewentestneu.metafex.io\/wp-content\/uploads\/2025\/02\/Wobecare-CBD-Active-Cream-100ml-Lions-Pharmacy.webp","contentUrl":"https:\/\/loewentestneu.metafex.io\/wp-content\/uploads\/2025\/02\/Wobecare-CBD-Active-Cream-100ml-Lions-Pharmacy.webp","width":600,"height":600,"caption":"Wobecare CBD Active Cream in tubo da 100 ml, presentato da Lions Pharmacy"},{"@type":"BreadcrumbList","@id":"https:\/\/loewentestneu.metafex.io\/it\/prodotto\/wobecare-cbd-active-cream-16818814#breadcrumb","itemListElement":[{"@type":"ListItem","position":1,"name":"Home","item":"https:\/\/loewentestneu.metafex.io\/it\/homepage-lion-pharmacy"},{"@type":"ListItem","position":2,"name":"Shop","item":"https:\/\/loewentestneu.metafex.io\/it\/negozio"},{"@type":"ListItem","position":3,"name":"Wobecare CBD Active Cream (100 ml)"}]},{"@type":"WebSite","@id":"https:\/\/loewentestneu.metafex.io\/it#website","url":"https:\/\/loewentestneu.metafex.io\/it","name":"Lions Pharmacy","description":"Farmacia specializzata in naturopatia di Baden-Baden, Germania","publisher":{"@id":"https:\/\/loewentestneu.metafex.io\/it#organization"},"alternateName":"Lion Pharmacy","potentialAction":[{"@type":"SearchAction","target":{"@type":"EntryPoint","urlTemplate":"https:\/\/loewentestneu.metafex.io\/it?s={search_term_string}"},"query-input":{"@type":"PropertyValueSpecification","valueRequired":true,"valueName":"search_term_string"}}],"inLanguage":"it-IT"},{"@type":"Organization","@id":"https:\/\/loewentestneu.metafex.io\/it#organization","name":"Lions Pharmacy","alternateName":"Lions Pharmacy24","url":"https:\/\/loewentestneu.metafex.io\/it","logo":{"@type":"ImageObject","inLanguage":"it-IT","@id":"https:\/\/loewentestneu.metafex.io\/it#\/schema\/logo\/image\/","url":"https:\/\/loewentestneu.metafex.io\/wp-content\/uploads\/2022\/12\/Logo-Lion-Pharmacy-c-o-Loewen-Apotheke-smal.jpg","contentUrl":"https:\/\/loewentestneu.metafex.io\/wp-content\/uploads\/2022\/12\/Logo-Lion-Pharmacy-c-o-Loewen-Apotheke-smal.jpg","width":298,"height":99,"caption":"Lions Pharmacy"},"image":{"@id":"https:\/\/loewentestneu.metafex.io\/it#\/schema\/logo\/image\/"}}]}},"_links":{"self":[{"href":"https:\/\/loewentestneu.metafex.io\/it\/wp-json\/wp\/v2\/product\/9547","targetHints":{"allow":["GET"]}}],"collection":[{"href":"https:\/\/loewentestneu.metafex.io\/it\/wp-json\/wp\/v2\/product"}],"about":[{"href":"https:\/\/loewentestneu.metafex.io\/it\/wp-json\/wp\/v2\/types\/product"}],"replies":[{"embeddable":true,"href":"https:\/\/loewentestneu.metafex.io\/it\/wp-json\/wp\/v2\/comments?post=9547"}],"wp:featuredmedia":[{"embeddable":true,"href":"https:\/\/loewentestneu.metafex.io\/it\/wp-json\/wp\/v2\/media\/9552"}],"wp:attachment":[{"href":"https:\/\/loewentestneu.metafex.io\/it\/wp-json\/wp\/v2\/media?parent=9547"}],"wp:term":[{"taxonomy":"product_brand","embeddable":true,"href":"https:\/\/loewentestneu.metafex.io\/it\/wp-json\/wp\/v2\/product_brand?post=9547"},{"taxonomy":"product_cat","embeddable":true,"href":"https:\/\/loewentestneu.metafex.io\/it\/wp-json\/wp\/v2\/product_cat?post=9547"},{"taxonomy":"product_tag","embeddable":true,"href":"https:\/\/loewentestneu.metafex.io\/it\/wp-json\/wp\/v2\/product_tag?post=9547"}],"curies":[{"name":"wp","href":"https:\/\/api.w.org\/{rel}","templated":true}]}}