{"id":9895,"date":"2025-02-17T15:10:33","date_gmt":"2025-02-17T14:10:33","guid":{"rendered":"https:\/\/lions-pharmacy.com\/?post_type=product&#038;p=9895"},"modified":"2025-03-10T06:11:44","modified_gmt":"2025-03-10T05:11:44","slug":"orthomol-flavon-m-00890293","status":"publish","type":"product","link":"https:\/\/loewentestneu.metafex.io\/it\/prodotto\/orthomol-flavon-m-00890293","title":{"rendered":"ORTHOMOL flavon M (30 pz)"},"content":{"rendered":"<h3>ORTHOMOL flavon M<\/h3>\n<p>Orthomol Flavon m \u00e8 un integratore alimentare &#8211; specialmente per gli uomini. Micronutrienti importanti per la protezione delle cellule. Con vitamina C, vitamina E, selenio e zinco, che aiutano a proteggere le cellule dallo stress ossidativo.<\/p>\n<p>Prodotti di Orthomol: pionieri della medicina nutrizionale ortomolecolare in Germania. Da oltre 30 anni l&#8217;azienda sviluppa e vende dosi ben bilanciate di combinazioni di micronutrienti per varie aree di applicazione. Si tratta di combinazioni di micronutrienti basate sulla medicina ortomolecolare.<\/p>\n<p>Foglietto illustrativo\/istruzioni per l&#8217;uso\/scheda tecnica: &#8211; (lettore PDF) e informazioni sugli alimenti: &#8211; (lettore PDF).<\/p>\n<p>Altri prodotti per l&#8217;applicazione: <a href=\"https:\/\/loewentestneu.metafex.io\/product-tag\/vitamins-supplements\">Vitamine e integratori<\/a> | <a href=\"https:\/\/loewentestneu.metafex.io\/product-tag\/natural-remedies\" rel=\"tag\">Rimedi naturali<\/a> | <a href=\"https:\/\/loewentestneu.metafex.io\/product-tag\/wellness\" rel=\"tag\">Benessere<\/a><\/p>\n<p>Ulteriori informazioni sul manufactorer e su questo prodotto: <a href=\"https:\/\/www.orthomol.com\/de-de\/produkte\/\" target=\"_blank\" rel=\"noopener\">orthomol<\/a> (link al sito esterno)<\/p>\n<p>Le informazioni contenute in questo sito web sono fornite solo a scopo informativo. Non sostituiscono in alcun modo la visita e il trattamento da parte di un medico. Ci\u00f2 significa che non \u00e8 possibile n\u00e9 fare diagnosi n\u00e9 iniziare terapie.<\/p>\n<p>Per i rischi e gli effetti collaterali, leggere il foglio illustrativo e rivolgersi al medico o al farmacista.<\/p>\n","protected":false},"excerpt":{"rendered":"<h3>ORTOMOL Flavon M<\/h3>\n<p>Orthomol Flavon m \u00e8 un integratore alimentare &#8211; specialmente per gli uomini.<\/p>\n<p>&nbsp;<\/p>\n<p><strong>PZN<\/strong>: 00890293<\/p>\n<p><strong>Forma di dosaggio<\/strong>: Capsule<\/p>\n<p><strong>Tipo di prescrizione: senza prescrizione<\/strong><\/p>\n<p><strong>Marchio<\/strong>: orthomol<\/p>\n<p><strong>Costruttore<\/strong>: orthomol Arzneimittel GmbH, Germania<\/p>\n","protected":false},"featured_media":9891,"comment_status":"closed","ping_status":"closed","template":"","meta":[],"product_brand":[],"product_cat":[758,115],"product_tag":[270,271,482,268],"class_list":{"0":"post-9895","1":"product","2":"type-product","3":"status-publish","4":"has-post-thumbnail","6":"product_cat-orthomol-it","7":"product_cat-non-categorizzato","8":"product_tag-benessere","9":"product_tag-peso-e-forma-fisica","10":"product_tag-principio-attivo-a-base-di-erbe","11":"product_tag-vitamine-e-integratori","12":"ts_product_brand-all-it","13":"ts_product_brand-orthomol-it","15":"first","16":"instock","17":"sale","18":"taxable","19":"shipping-taxable","20":"purchasable","21":"product-type-simple"},"yoast_head":"<!-- This site is optimized with the Yoast SEO plugin v26.5 - https:\/\/yoast.com\/wordpress\/plugins\/seo\/ -->\n<title>ORTHOMOL flavon M (30 pz) &#187; scopri di pi\u00f9 - acquista ora<\/title>\n<meta name=\"description\" content=\"Produttore: Orthomol. Scopri di pi\u00f9 su ORTHOMOL flavon M (30 pz). Farmacia tedesca registrata - Offriamo: Spedizione veloce e acquisti sicuri online.\" \/>\n<meta name=\"robots\" content=\"noindex, follow, max-snippet:-1, max-image-preview:large, max-video-preview:-1\" \/>\n<meta property=\"og:locale\" content=\"it_IT\" \/>\n<meta property=\"og:type\" content=\"article\" \/>\n<meta property=\"og:title\" content=\"ORTHOMOL flavon M (30 pz) &#187; scopri di pi\u00f9 - acquista ora\" \/>\n<meta property=\"og:description\" content=\"Produttore: Orthomol. Scopri di pi\u00f9 su ORTHOMOL flavon M (30 pz). Farmacia tedesca registrata - Offriamo: Spedizione veloce e acquisti sicuri online.\" \/>\n<meta property=\"og:url\" content=\"https:\/\/loewentestneu.metafex.io\/it\/prodotto\/orthomol-flavon-m-00890293\" \/>\n<meta property=\"og:site_name\" content=\"Lion Pharmacy\" \/>\n<meta property=\"article:modified_time\" content=\"2025-03-10T05:11:44+00:00\" \/>\n<meta property=\"og:image\" content=\"https:\/\/loewentestneu.metafex.io\/wp-content\/uploads\/2025\/02\/orthomol-flavon-m-product-packshot-lions-pharmacy.webp\" \/>\n\t<meta property=\"og:image:width\" content=\"600\" \/>\n\t<meta property=\"og:image:height\" content=\"600\" \/>\n\t<meta property=\"og:image:type\" content=\"image\/webp\" \/>\n<meta name=\"twitter:card\" content=\"summary_large_image\" \/>\n<meta name=\"twitter:label1\" content=\"Tempo di lettura stimato\" \/>\n\t<meta name=\"twitter:data1\" content=\"1 minuto\" \/>\n<script type=\"application\/ld+json\" class=\"yoast-schema-graph\">{\"@context\":\"https:\/\/schema.org\",\"@graph\":[{\"@type\":\"WebPage\",\"@id\":\"https:\/\/loewentestneu.metafex.io\/it\/prodotto\/orthomol-flavon-m-00890293\",\"url\":\"https:\/\/loewentestneu.metafex.io\/it\/prodotto\/orthomol-flavon-m-00890293\",\"name\":\"ORTHOMOL flavon M (30 pz) &#187; scopri di pi\u00f9 - acquista ora\",\"isPartOf\":{\"@id\":\"https:\/\/loewentestneu.metafex.io\/it#website\"},\"primaryImageOfPage\":{\"@id\":\"https:\/\/loewentestneu.metafex.io\/it\/prodotto\/orthomol-flavon-m-00890293#primaryimage\"},\"image\":{\"@id\":\"https:\/\/loewentestneu.metafex.io\/it\/prodotto\/orthomol-flavon-m-00890293#primaryimage\"},\"thumbnailUrl\":\"https:\/\/loewentestneu.metafex.io\/wp-content\/uploads\/2025\/02\/orthomol-flavon-m-product-packshot-lions-pharmacy.webp\",\"datePublished\":\"2025-02-17T14:10:33+00:00\",\"dateModified\":\"2025-03-10T05:11:44+00:00\",\"description\":\"Produttore: Orthomol. Scopri di pi\u00f9 su ORTHOMOL flavon M (30 pz). Farmacia tedesca registrata - Offriamo: Spedizione veloce e acquisti sicuri online.\",\"breadcrumb\":{\"@id\":\"https:\/\/loewentestneu.metafex.io\/it\/prodotto\/orthomol-flavon-m-00890293#breadcrumb\"},\"inLanguage\":\"it-IT\",\"potentialAction\":[{\"@type\":\"ReadAction\",\"target\":[\"https:\/\/loewentestneu.metafex.io\/it\/prodotto\/orthomol-flavon-m-00890293\"]}]},{\"@type\":\"ImageObject\",\"inLanguage\":\"it-IT\",\"@id\":\"https:\/\/loewentestneu.metafex.io\/it\/prodotto\/orthomol-flavon-m-00890293#primaryimage\",\"url\":\"https:\/\/loewentestneu.metafex.io\/wp-content\/uploads\/2025\/02\/orthomol-flavon-m-product-packshot-lions-pharmacy.webp\",\"contentUrl\":\"https:\/\/loewentestneu.metafex.io\/wp-content\/uploads\/2025\/02\/orthomol-flavon-m-product-packshot-lions-pharmacy.webp\",\"width\":600,\"height\":600,\"caption\":\"orthomol flavon m prodotto packshot lions pharmacy\"},{\"@type\":\"BreadcrumbList\",\"@id\":\"https:\/\/loewentestneu.metafex.io\/it\/prodotto\/orthomol-flavon-m-00890293#breadcrumb\",\"itemListElement\":[{\"@type\":\"ListItem\",\"position\":1,\"name\":\"Home\",\"item\":\"https:\/\/loewentestneu.metafex.io\/it\/homepage-lion-pharmacy\"},{\"@type\":\"ListItem\",\"position\":2,\"name\":\"Shop\",\"item\":\"https:\/\/loewentestneu.metafex.io\/it\/negozio\"},{\"@type\":\"ListItem\",\"position\":3,\"name\":\"ORTHOMOL flavon M (30 pz)\"}]},{\"@type\":\"WebSite\",\"@id\":\"https:\/\/loewentestneu.metafex.io\/it#website\",\"url\":\"https:\/\/loewentestneu.metafex.io\/it\",\"name\":\"Lions Pharmacy\",\"description\":\"Farmacia specializzata in naturopatia di Baden-Baden, Germania\",\"publisher\":{\"@id\":\"https:\/\/loewentestneu.metafex.io\/it#organization\"},\"alternateName\":\"Lion Pharmacy\",\"potentialAction\":[{\"@type\":\"SearchAction\",\"target\":{\"@type\":\"EntryPoint\",\"urlTemplate\":\"https:\/\/loewentestneu.metafex.io\/it?s={search_term_string}\"},\"query-input\":{\"@type\":\"PropertyValueSpecification\",\"valueRequired\":true,\"valueName\":\"search_term_string\"}}],\"inLanguage\":\"it-IT\"},{\"@type\":\"Organization\",\"@id\":\"https:\/\/loewentestneu.metafex.io\/it#organization\",\"name\":\"Lions Pharmacy\",\"alternateName\":\"Lions Pharmacy24\",\"url\":\"https:\/\/loewentestneu.metafex.io\/it\",\"logo\":{\"@type\":\"ImageObject\",\"inLanguage\":\"it-IT\",\"@id\":\"https:\/\/loewentestneu.metafex.io\/it#\/schema\/logo\/image\/\",\"url\":\"https:\/\/loewentestneu.metafex.io\/wp-content\/uploads\/2022\/12\/Logo-Lion-Pharmacy-c-o-Loewen-Apotheke-smal.jpg\",\"contentUrl\":\"https:\/\/loewentestneu.metafex.io\/wp-content\/uploads\/2022\/12\/Logo-Lion-Pharmacy-c-o-Loewen-Apotheke-smal.jpg\",\"width\":298,\"height\":99,\"caption\":\"Lions Pharmacy\"},\"image\":{\"@id\":\"https:\/\/loewentestneu.metafex.io\/it#\/schema\/logo\/image\/\"}}]}<\/script>\n<!-- \/ Yoast SEO plugin. -->","yoast_head_json":{"title":"ORTHOMOL flavon M (30 pz) &#187; scopri di pi\u00f9 - acquista ora","description":"Produttore: Orthomol. Scopri di pi\u00f9 su ORTHOMOL flavon M (30 pz). Farmacia tedesca registrata - Offriamo: Spedizione veloce e acquisti sicuri online.","robots":{"index":"noindex","follow":"follow","max-snippet":"max-snippet:-1","max-image-preview":"max-image-preview:large","max-video-preview":"max-video-preview:-1"},"og_locale":"it_IT","og_type":"article","og_title":"ORTHOMOL flavon M (30 pz) &#187; scopri di pi\u00f9 - acquista ora","og_description":"Produttore: Orthomol. Scopri di pi\u00f9 su ORTHOMOL flavon M (30 pz). Farmacia tedesca registrata - Offriamo: Spedizione veloce e acquisti sicuri online.","og_url":"https:\/\/loewentestneu.metafex.io\/it\/prodotto\/orthomol-flavon-m-00890293","og_site_name":"Lion Pharmacy","article_modified_time":"2025-03-10T05:11:44+00:00","og_image":[{"width":600,"height":600,"url":"https:\/\/loewentestneu.metafex.io\/wp-content\/uploads\/2025\/02\/orthomol-flavon-m-product-packshot-lions-pharmacy.webp","type":"image\/webp"}],"twitter_card":"summary_large_image","twitter_misc":{"Tempo di lettura stimato":"1 minuto"},"schema":{"@context":"https:\/\/schema.org","@graph":[{"@type":"WebPage","@id":"https:\/\/loewentestneu.metafex.io\/it\/prodotto\/orthomol-flavon-m-00890293","url":"https:\/\/loewentestneu.metafex.io\/it\/prodotto\/orthomol-flavon-m-00890293","name":"ORTHOMOL flavon M (30 pz) &#187; scopri di pi\u00f9 - acquista ora","isPartOf":{"@id":"https:\/\/loewentestneu.metafex.io\/it#website"},"primaryImageOfPage":{"@id":"https:\/\/loewentestneu.metafex.io\/it\/prodotto\/orthomol-flavon-m-00890293#primaryimage"},"image":{"@id":"https:\/\/loewentestneu.metafex.io\/it\/prodotto\/orthomol-flavon-m-00890293#primaryimage"},"thumbnailUrl":"https:\/\/loewentestneu.metafex.io\/wp-content\/uploads\/2025\/02\/orthomol-flavon-m-product-packshot-lions-pharmacy.webp","datePublished":"2025-02-17T14:10:33+00:00","dateModified":"2025-03-10T05:11:44+00:00","description":"Produttore: Orthomol. Scopri di pi\u00f9 su ORTHOMOL flavon M (30 pz). Farmacia tedesca registrata - Offriamo: Spedizione veloce e acquisti sicuri online.","breadcrumb":{"@id":"https:\/\/loewentestneu.metafex.io\/it\/prodotto\/orthomol-flavon-m-00890293#breadcrumb"},"inLanguage":"it-IT","potentialAction":[{"@type":"ReadAction","target":["https:\/\/loewentestneu.metafex.io\/it\/prodotto\/orthomol-flavon-m-00890293"]}]},{"@type":"ImageObject","inLanguage":"it-IT","@id":"https:\/\/loewentestneu.metafex.io\/it\/prodotto\/orthomol-flavon-m-00890293#primaryimage","url":"https:\/\/loewentestneu.metafex.io\/wp-content\/uploads\/2025\/02\/orthomol-flavon-m-product-packshot-lions-pharmacy.webp","contentUrl":"https:\/\/loewentestneu.metafex.io\/wp-content\/uploads\/2025\/02\/orthomol-flavon-m-product-packshot-lions-pharmacy.webp","width":600,"height":600,"caption":"orthomol flavon m prodotto packshot lions pharmacy"},{"@type":"BreadcrumbList","@id":"https:\/\/loewentestneu.metafex.io\/it\/prodotto\/orthomol-flavon-m-00890293#breadcrumb","itemListElement":[{"@type":"ListItem","position":1,"name":"Home","item":"https:\/\/loewentestneu.metafex.io\/it\/homepage-lion-pharmacy"},{"@type":"ListItem","position":2,"name":"Shop","item":"https:\/\/loewentestneu.metafex.io\/it\/negozio"},{"@type":"ListItem","position":3,"name":"ORTHOMOL flavon M (30 pz)"}]},{"@type":"WebSite","@id":"https:\/\/loewentestneu.metafex.io\/it#website","url":"https:\/\/loewentestneu.metafex.io\/it","name":"Lions Pharmacy","description":"Farmacia specializzata in naturopatia di Baden-Baden, Germania","publisher":{"@id":"https:\/\/loewentestneu.metafex.io\/it#organization"},"alternateName":"Lion Pharmacy","potentialAction":[{"@type":"SearchAction","target":{"@type":"EntryPoint","urlTemplate":"https:\/\/loewentestneu.metafex.io\/it?s={search_term_string}"},"query-input":{"@type":"PropertyValueSpecification","valueRequired":true,"valueName":"search_term_string"}}],"inLanguage":"it-IT"},{"@type":"Organization","@id":"https:\/\/loewentestneu.metafex.io\/it#organization","name":"Lions Pharmacy","alternateName":"Lions Pharmacy24","url":"https:\/\/loewentestneu.metafex.io\/it","logo":{"@type":"ImageObject","inLanguage":"it-IT","@id":"https:\/\/loewentestneu.metafex.io\/it#\/schema\/logo\/image\/","url":"https:\/\/loewentestneu.metafex.io\/wp-content\/uploads\/2022\/12\/Logo-Lion-Pharmacy-c-o-Loewen-Apotheke-smal.jpg","contentUrl":"https:\/\/loewentestneu.metafex.io\/wp-content\/uploads\/2022\/12\/Logo-Lion-Pharmacy-c-o-Loewen-Apotheke-smal.jpg","width":298,"height":99,"caption":"Lions Pharmacy"},"image":{"@id":"https:\/\/loewentestneu.metafex.io\/it#\/schema\/logo\/image\/"}}]}},"_links":{"self":[{"href":"https:\/\/loewentestneu.metafex.io\/it\/wp-json\/wp\/v2\/product\/9895","targetHints":{"allow":["GET"]}}],"collection":[{"href":"https:\/\/loewentestneu.metafex.io\/it\/wp-json\/wp\/v2\/product"}],"about":[{"href":"https:\/\/loewentestneu.metafex.io\/it\/wp-json\/wp\/v2\/types\/product"}],"replies":[{"embeddable":true,"href":"https:\/\/loewentestneu.metafex.io\/it\/wp-json\/wp\/v2\/comments?post=9895"}],"wp:featuredmedia":[{"embeddable":true,"href":"https:\/\/loewentestneu.metafex.io\/it\/wp-json\/wp\/v2\/media\/9891"}],"wp:attachment":[{"href":"https:\/\/loewentestneu.metafex.io\/it\/wp-json\/wp\/v2\/media?parent=9895"}],"wp:term":[{"taxonomy":"product_brand","embeddable":true,"href":"https:\/\/loewentestneu.metafex.io\/it\/wp-json\/wp\/v2\/product_brand?post=9895"},{"taxonomy":"product_cat","embeddable":true,"href":"https:\/\/loewentestneu.metafex.io\/it\/wp-json\/wp\/v2\/product_cat?post=9895"},{"taxonomy":"product_tag","embeddable":true,"href":"https:\/\/loewentestneu.metafex.io\/it\/wp-json\/wp\/v2\/product_tag?post=9895"}],"curies":[{"name":"wp","href":"https:\/\/api.w.org\/{rel}","templated":true}]}}